{"id":26518,"date":"2026-04-23T16:40:45","date_gmt":"2026-04-23T14:40:45","guid":{"rendered":"https:\/\/aegyptentouren.de\/?post_type=product&#038;p=26518"},"modified":"2026-04-23T16:56:21","modified_gmt":"2026-04-23T14:56:21","slug":"privater-ausflug-von-makadi-bay-nach-kairo-grand-museum-pyramiden-von-gizeh","status":"publish","type":"product","link":"https:\/\/aegyptentouren.de\/en\/makadi-bay-ausfluege\/privater-ausflug-von-makadi-bay-nach-kairo-grand-museum-pyramiden-von-gizeh\/","title":{"rendered":"Grand Egyptian Museum &#038; Pyramiden von Gizeh: Privater Tagesausflug von Makadi Bay nach Kairo"},"content":{"rendered":"<p data-start=\"376\" data-end=\"736\">Erleben Sie einen unvergesslichen <strong>privaten Tagesausflug von Makadi Bay nach Kairo<\/strong> und besuchen Sie das neue <strong data-start=\"482\" data-end=\"507\">Grand Egyptian Museum<\/strong> \u2013 das modernste und gr\u00f6\u00dfte arch\u00e4ologische Museum der Welt. Entdecken Sie die weltber\u00fchmten <strong data-start=\"599\" data-end=\"622\">Pyramiden von Gizeh<\/strong>, die Sphinx und die Highlights der alten \u00e4gyptischen Geschichte in einem exklusiven Programm ohne Verkaufsstopps.<\/p>\n<p data-start=\"738\" data-end=\"987\">Mit einem privaten Fahrzeug, flexiblen Zeiten und einem deutschsprachigen \u00c4gyptologen genie\u00dfen Sie maximale Freiheit, Komfort und Privatsph\u00e4re. Dieser Ausflug ist ideal f\u00fcr G\u00e4ste, die Kairo entspannt und auf h\u00f6chstem Qualit\u00e4tsniveau erleben m\u00f6chten.<\/p>\n<ul>\n<li>Online buchen \u2013 vor Ort bezahlen<\/li>\n<li>Die Bezahlung erfolgt bei der Abholung vom Hotel.<\/li>\n<li>Abholung in der Lobby Ihres Hotels.<\/li>\n<li>Kundendienst 24\/7 erreichbar.<\/li>\n<\/ul>\n<h2 data-start=\"186\" data-end=\"208\"><strong data-start=\"189\" data-end=\"208\">Ablauf der Tour<\/strong><\/h2>\n<h3 data-start=\"210\" data-end=\"402\"><strong data-start=\"210\" data-end=\"244\">Abholung vom Hotel in Makadi Bay<\/strong><\/h3>\n<p data-start=\"210\" data-end=\"402\">Ihr privater Fahrer holt Sie morgens direkt am Hotel ab. Sie reisen bequem in einem klimatisierten Fahrzeug nach Kairo \u2013 die Fahrt dauert etwa 5\u20136 Stunden.<\/p>\n<h3 data-start=\"404\" data-end=\"706\"><strong data-start=\"404\" data-end=\"459\">Ankunft in Kairo &amp; Besuch des Grand Egyptian Museum<\/strong><\/h3>\n<p data-start=\"404\" data-end=\"706\">Besuchen Sie das brandneue <strong data-start=\"489\" data-end=\"514\">Grand Egyptian Museum<\/strong>, das gr\u00f6\u00dfte arch\u00e4ologische Museum der Welt. Bewundern Sie die beeindruckenden Exponate, darunter die Sch\u00e4tze von Tutanchamun, antike Artefakte und viele Highlights der \u00e4gyptischen Geschichte.<\/p>\n<h3 data-start=\"708\" data-end=\"959\"><strong data-start=\"708\" data-end=\"763\">Besichtigung der Pyramiden von Gizeh und der Sphinx<\/strong><\/h3>\n<p data-start=\"708\" data-end=\"959\">Erleben Sie <span style=\"color: #0000ff;\"><a style=\"color: #0000ff;\" href=\"https:\/\/aegyptentouren.de\/tour\/pyramiden-von-gizeh\/\">die ber\u00fchmten <strong data-start=\"796\" data-end=\"819\">Pyramiden von Gizeh<\/strong><\/a><\/span> und <span style=\"color: #0000ff;\"><a style=\"color: #0000ff;\" href=\"https:\/\/aegyptentouren.de\/aegypten-sphinx-von-gizeh-bedeutung-grosse-geheimnisse-nase\/\">die mystische <strong data-start=\"838\" data-end=\"848\">Sphinx<\/strong><\/a><\/span> hautnah. Ihr privater \u00c4gyptologe erkl\u00e4rt Ihnen die Geschichte und Hintergr\u00fcnde dieser faszinierenden Bauwerke.<\/p>\n<h3 data-start=\"961\" data-end=\"1105\"><strong data-start=\"961\" data-end=\"985\">Mittagessen in Kairo<\/strong><\/h3>\n<p data-start=\"961\" data-end=\"1105\">Genie\u00dfen Sie ein leckeres Mittagessen in einem lokalen Restaurant in Kairo.<\/p>\n<h3 data-start=\"1320\" data-end=\"1477\"><strong data-start=\"1320\" data-end=\"1347\">R\u00fcckfahrt nach Makadi Bay<\/strong><\/h3>\n<p data-start=\"1320\" data-end=\"1477\">Am sp\u00e4ten Nachmittag treten Sie die R\u00fcckfahrt nach Makadi Bay an. Komfortabler Transfer direkt zu Ihrem Hotel rundet die Tour ab.<\/p>\n<h2>Privater Ausflug von Makadi Bay nach Kairo inklusive Grand Museum &amp; Pyramiden \u2013 Preise<\/h2>\n<table style=\"border-collapse: collapse;\">\n<tbody>\n<tr>\n<td style=\"text-align: center;\"><strong><span style=\"color: #3366ff;\">Die Teilnehmer<\/span><\/strong><\/td>\n<td style=\"text-align: center;\"><strong><span style=\"color: #3366ff;\">Fahrzeug<\/span><\/strong><\/td>\n<td style=\"text-align: center;\"><strong><span style=\"color: #3366ff;\">Preis pro Person<\/span><\/strong><\/td>\n<\/tr>\n<tr>\n<td style=\"text-align: center;\"><strong><span style=\"color: #3366ff;\">2<\/span><\/strong><\/td>\n<td style=\"text-align: center;\">\n<p data-start=\"123\" data-end=\"306\">Privater Ausflug Makadi Bay\u2013Kairo mit Grand Museum | PKW<\/p>\n<\/td>\n<td style=\"text-align: center;\"><span style=\"color: #ff0000;\"><del>180<\/del><\/span>\u00a0<span style=\"color: #3366ff;\"><strong>165 <\/strong><\/span>\u20ac<\/td>\n<\/tr>\n<tr>\n<td style=\"text-align: center;\"><strong><span style=\"color: #3366ff;\">3<\/span><\/strong><\/td>\n<td style=\"text-align: center;\">Privater Ausflug Makadi Bay\u2013Kairo mit Grand Museum | Minibus<\/td>\n<td style=\"text-align: center;\"><span style=\"color: #ff0000;\"><del>165<\/del><\/span>\u00a0<span style=\"color: #3366ff;\"><strong>150 <\/strong><\/span>\u20ac<\/td>\n<\/tr>\n<tr>\n<td style=\"text-align: center;\"><strong><span style=\"color: #3366ff;\">4<\/span><\/strong><\/td>\n<td style=\"text-align: center;\">Privater Ausflug Makadi Bay\u2013Kairo mit Grand Museum | Minibus<\/td>\n<td style=\"text-align: center;\"><span style=\"color: #ff0000;\"><del>145<\/del><\/span>\u00a0<span style=\"color: #3366ff;\"><strong>135 <\/strong><\/span>\u20ac<\/td>\n<\/tr>\n<tr>\n<td style=\"text-align: center;\"><strong><span style=\"color: #3366ff;\">5<\/span><\/strong><\/td>\n<td style=\"text-align: center;\">Privater Ausflug Makadi Bay\u2013Kairo mit Grand Museum | Minibus<\/td>\n<td style=\"text-align: center;\"><span style=\"color: #ff0000;\"><del>135<\/del><\/span>\u00a0<span style=\"color: #3366ff;\"><strong>127 <\/strong><\/span>\u20ac<\/td>\n<\/tr>\n<tr>\n<td style=\"text-align: center;\"><strong><span style=\"color: #3366ff;\">6<\/span><\/strong><\/td>\n<td style=\"text-align: center;\">Privater Ausflug Makadi Bay\u2013Kairo mit Grand Museum | Minibus<\/td>\n<td style=\"text-align: center;\"><span style=\"color: #ff0000;\"><del>127<\/del><\/span>\u00a0\u00a0<span style=\"color: #3366ff;\"><strong>120 <\/strong><\/span>\u20ac<\/td>\n<\/tr>\n<tr>\n<td style=\"text-align: center;\"><strong><span style=\"color: #3366ff;\">7<\/span><\/strong><\/td>\n<td style=\"text-align: center;\">Privater Ausflug Makadi Bay\u2013Kairo mit Grand Museum | Minibus<\/td>\n<td style=\"text-align: center;\"><span style=\"color: #ff0000;\"><del>121<\/del><\/span>\u00a0<span style=\"color: #3366ff;\"><strong>115<\/strong>\u00a0<\/span>\u20ac<\/td>\n<\/tr>\n<tr>\n<td style=\"text-align: center;\"><strong><span style=\"color: #3366ff;\">8<\/span><\/strong><\/td>\n<td style=\"text-align: center;\">Privater Ausflug Makadi Bay\u2013Kairo mit Grand Museum | Minibus<\/td>\n<td style=\"text-align: center;\"><span style=\"color: #ff0000;\"><del>115<\/del><\/span> \u00a0<span style=\"color: #3366ff;\"><strong>110<\/strong>\u00a0<\/span>\u20ac<\/td>\n<\/tr>\n<\/tbody>\n<\/table>\n<h3>Kinder Preise:<\/h3>\n<table style=\"border-collapse: collapse;\">\n<tbody>\n<tr>\n<td>Kind:\u00a0 \u00a0 \u00a0 \u00a0 \u00a0 \u00a0 <span style=\"color: #3366ff;\"><strong>\u00a05 &#8211; 11<\/strong><\/span><\/td>\n<td><span style=\"color: #3366ff;\"><strong>70<\/strong><\/span> \u20ac<\/td>\n<\/tr>\n<tr>\n<td>Kleinkind:\u00a0 \u00a0 <span style=\"color: #3366ff;\"><strong>0 &#8211; 5<\/strong><\/span><\/td>\n<td><strong><span style=\"color: #3366ff;\">Frei<\/span><\/strong><\/td>\n<\/tr>\n<\/tbody>\n<\/table>\n<h3>Transferkosten<\/h3>\n<p><span style=\"font-weight: 400;\">Die Transferkosten f\u00fcr Hin- und R\u00fcckfahrten von Hotels in Hurghada\u00a0und El Gouna sind im Preis enthalten. F\u00fcr Transfers von Hotels in Sahl Hasheesh, Makadi Bay, Soma Bay und Safaga sowie vom Hafen in Safaga f\u00e4llt je nach Gruppengr\u00f6\u00dfe ein kleiner Aufpreis zwischen 5,- und 10,- \u20ac pro Person an.<\/span><\/p>\n<h3>Wichtige Hinweise f\u00fcr den privaten Tagesausflug Makadi Bay\u2013Kairo mit Grand Museum &amp; Pyramiden<\/h3>\n<ul>\n<li>Zus\u00e4tzliche Kosten wie Trinkgelder sind nicht im Preis inbegriffen.<\/li>\n<li>Der Reiseleiter kann m\u00f6glicherweise die Reihenfolge \u00e4ndern. \u00c4nderungen im Programm sind aus technischen oder organisatorischen Gr\u00fcnden m\u00f6glich.<\/li>\n<\/ul>\n<h3>Mitnehmen<\/h3>\n<p>Um Ihren <strong>Ausflug Makadi Bay\u2013Kairo <\/strong>inklusive Grand Museum vollst\u00e4ndig genie\u00dfen zu k\u00f6nnen, sollten Sie einige wichtige Dinge mitbringen<\/p>\n<ul>\n<li>G\u00fcltiger Reisepass mit Visum oder Personalausweis mit dem Visum Beleg<\/li>\n<li>Bestellen Sie Ihre Fr\u00fchst\u00fccksbox an der Rezeption Ihres Hotels mindestens einen Tag vor der Tour.<\/li>\n<li aria-level=\"1\">Sonnenbrille &amp;\u00a0Sonnenschutz:\u00a0Da Sie den Gro\u00dfteil des Ausflugs im Freien verbringen, ist es wichtig, Sonnenschutzmittel, eine Sonnenbrille und einen Hut mitzubringen, um sich vor der intensiven Sonneneinstrahlung zu sch\u00fctzen.<\/li>\n<li>Fotoapparat \/ Handy und Ladekabel<\/li>\n<li>Warme Kleidung im Winter<\/li>\n<li>Leichte Kleidung im Sommer<\/li>\n<li>Geld<\/li>\n<\/ul>\n<h3><b>Zahlungsmodalit\u00e4ten:<\/b><\/h3>\n<p><span style=\"font-weight: 400;\">Die Zahlung in Bargeld (Euro, US-Dollar, Schweizer Franken oder \u00e4gyptisches Pfund). Kartenzahlung ist derzeit nicht m\u00f6glich.<\/span><\/p>\n<p><span style=\"font-size: 14pt;\"><strong>Gerne bieten wir Ihnen weitere Angebote an:<\/strong><\/span><\/p>\n<ul>\n<li><span style=\"color: #0000ff;\"><strong><a style=\"color: #0000ff;\" href=\"https:\/\/aegyptentouren.de\/makadi-bay-ausfluege\/privater-ausflug-von-makadi-bay-nach-kairo-und-die-pyramiden-von-gizeh-privat\/\">Privater Tagesausflug von Makadi Bay nach Kairo und zu den Pyramiden (Das alte \u00c4gyptische Museum)<\/a><\/strong><\/span><\/li>\n<li><span style=\"color: #0000ff;\"><strong><a style=\"color: #0000ff;\" href=\"https:\/\/aegyptentouren.de\/makadi-bay-ausfluege\/privater-ausflug-von-makadi-bay-nach-luxor-ins-tal-der-koenige\/\">Privater Tagesausflug von Makadi Bay nach Luxor ins Tal der K\u00f6nige<\/a><\/strong><\/span><\/li>\n<li><span style=\"color: #0000ff;\"><strong><a style=\"color: #0000ff;\" href=\"https:\/\/aegyptentouren.de\/makadi-bay-ausfluege\/hurghada-stadtrundfahrt-privat-stadtrundgang-ab-makadi-bay\/\">Hurghada Stadtrundfahrt Privat | Stadtrundgang ab Makadi Bay<\/a><\/strong><\/span><\/li>\n<\/ul>\n<p><span style=\"font-size: 14pt;\"><strong>Folgen Sie uns auf Facebook:<\/strong><\/span><\/p>\n<p><a href=\"https:\/\/www.facebook.com\/aegypten.touren.ausfluege.mit.peter\/\" target=\"_blank\" rel=\"noopener nofollow\"><img decoding=\"async\" data-src=\"https:\/\/aegyptentouren.de\/wp-content\/uploads\/2024\/01\/Peter-Tours-400x300.png\" alt=\"\u00c4gypten Touren &amp; Ausfl\u00fcge mit Peter Tours\" width=\"55\" height=\"41\" src=\"data:image\/svg+xml;base64,PHN2ZyB3aWR0aD0iMSIgaGVpZ2h0PSIxIiB4bWxucz0iaHR0cDovL3d3dy53My5vcmcvMjAwMC9zdmciPjwvc3ZnPg==\" class=\"lazyload\" style=\"--smush-placeholder-width: 55px; --smush-placeholder-aspect-ratio: 55\/41;\" \/><\/a><\/p>\n<p><a href=\"https:\/\/www.pinterest.de\/aegyptentouren\/\" target=\"_blank\" rel=\"noopener nofollow\"><img decoding=\"async\" data-src=\"https:\/\/aegyptentouren.de\/wp-content\/uploads\/2024\/01\/Peter-Tours-1-400x300.png\" alt=\"\u00c4gypten Touren &amp; Ausfl\u00fcge mit ( Peter Tours )\" width=\"56\" height=\"42\" src=\"data:image\/svg+xml;base64,PHN2ZyB3aWR0aD0iMSIgaGVpZ2h0PSIxIiB4bWxucz0iaHR0cDovL3d3dy53My5vcmcvMjAwMC9zdmciPjwvc3ZnPg==\" class=\"lazyload\" style=\"--smush-placeholder-width: 56px; --smush-placeholder-aspect-ratio: 56\/42;\" \/><\/a><\/p>\n","protected":false},"excerpt":{"rendered":"<p>Erleben Sie einen unvergesslichen privaten Tagesausflug von Makadi Bay nach Kairo und besuchen Sie das neue Grand Egyptian Museum \u2013 das modernste und gr\u00f6\u00dfte arch\u00e4ologische Museum der Welt. Entdecken Sie die weltber\u00fchmten Pyramiden von Gizeh, die Sphinx und die Highlights der alten \u00e4gyptischen Geschichte in einem exklusiven Programm ohne Verkaufsstopps. Mit einem privaten Fahrzeug, flexiblen [&hellip;]<\/p>\n","protected":false},"featured_media":26522,"comment_status":"open","ping_status":"closed","template":"","meta":{"_monsterinsights_skip_tracking":false,"_monsterinsights_sitenote_active":false,"_monsterinsights_sitenote_note":"","_monsterinsights_sitenote_category":0},"product_brand":[],"product_cat":[202],"product_tag":[],"class_list":{"0":"post-26518","1":"product","2":"type-product","3":"status-publish","4":"has-post-thumbnail","6":"product_cat-makadi-bay-ausfluege","8":"first","9":"instock","10":"sale","11":"shipping-taxable","12":"purchasable","13":"product-type-ovabrw_car_rental","14":"add-to-wishlist-after_add_to_cart"},"_links":{"self":[{"href":"https:\/\/aegyptentouren.de\/en\/wp-json\/wp\/v2\/product\/26518","targetHints":{"allow":["GET"]}}],"collection":[{"href":"https:\/\/aegyptentouren.de\/en\/wp-json\/wp\/v2\/product"}],"about":[{"href":"https:\/\/aegyptentouren.de\/en\/wp-json\/wp\/v2\/types\/product"}],"replies":[{"embeddable":true,"href":"https:\/\/aegyptentouren.de\/en\/wp-json\/wp\/v2\/comments?post=26518"}],"version-history":[{"count":3,"href":"https:\/\/aegyptentouren.de\/en\/wp-json\/wp\/v2\/product\/26518\/revisions"}],"predecessor-version":[{"id":26520,"href":"https:\/\/aegyptentouren.de\/en\/wp-json\/wp\/v2\/product\/26518\/revisions\/26520"}],"wp:featuredmedia":[{"embeddable":true,"href":"https:\/\/aegyptentouren.de\/en\/wp-json\/wp\/v2\/media\/26522"}],"wp:attachment":[{"href":"https:\/\/aegyptentouren.de\/en\/wp-json\/wp\/v2\/media?parent=26518"}],"wp:term":[{"taxonomy":"product_brand","embeddable":true,"href":"https:\/\/aegyptentouren.de\/en\/wp-json\/wp\/v2\/product_brand?post=26518"},{"taxonomy":"product_cat","embeddable":true,"href":"https:\/\/aegyptentouren.de\/en\/wp-json\/wp\/v2\/product_cat?post=26518"},{"taxonomy":"product_tag","embeddable":true,"href":"https:\/\/aegyptentouren.de\/en\/wp-json\/wp\/v2\/product_tag?post=26518"}],"curies":[{"name":"wp","href":"https:\/\/api.w.org\/{rel}","templated":true}]}}