{"id":25922,"date":"2026-02-12T15:36:17","date_gmt":"2026-02-12T14:36:17","guid":{"rendered":"https:\/\/aegyptentouren.de\/?post_type=product&#038;p=25922"},"modified":"2026-01-14T14:45:23","modified_gmt":"2026-01-14T13:45:23","slug":"privater-ausflug-von-port-ghalib-nach-luxor-ins-tal-der-koenige","status":"publish","type":"product","link":"https:\/\/aegyptentouren.de\/en\/port-ghalib-ausfluege\/privater-ausflug-von-port-ghalib-nach-luxor-ins-tal-der-koenige\/","title":{"rendered":"Privater Tagesausflug von Port Ghalib nach Luxor ins Tal der K\u00f6nige"},"content":{"rendered":"<div class=\"flex-shrink-0 flex flex-col relative items-end\">\n<div class=\"pt-0\">\n<div class=\"gizmo-bot-avatar flex h-8 w-8 items-center justify-center overflow-hidden rounded-full\">\n<div class=\"relative p-1 rounded-sm flex items-center justify-center bg-token-main-surface-primary text-token-text-primary h-8 w-8\">\n<p data-start=\"162\" data-end=\"242\"><strong data-start=\"162\" data-end=\"240\">Privater Ausflug von Port Ghalib nach Luxor \u2013 \u00c4gyptens Kultur hautnah erleben<\/strong><\/p>\n<p data-start=\"244\" data-end=\"615\">Ein <strong data-start=\"248\" data-end=\"297\">privater Tagesausflug von Port Ghalib nach Luxor<\/strong> bietet Ihnen eine <strong data-start=\"316\" data-end=\"334\">exklusive Tour<\/strong> zu den beeindruckendsten <span style=\"color: #0000ff;\"><a style=\"color: #0000ff;\" href=\"https:\/\/aegyptentouren.de\/aegypten-beste-sehenswuerdigkeiten-in-luxor\/\"><strong>Sehensw\u00fcrdigkeiten in Luxor<\/strong><\/a><\/span> \u2013 <strong data-start=\"388\" data-end=\"446\">ganz ohne Massentourismus oder Verkaufsveranstaltungen<\/strong>. Entdecken Sie das weltber\u00fchmte <strong data-start=\"479\" data-end=\"497\">Tal der K\u00f6nige<\/strong>, den pr\u00e4chtigen <strong data-start=\"514\" data-end=\"531\">Karnak-Tempel<\/strong>, den beeindruckenden <strong data-start=\"553\" data-end=\"575\">Hatschepsut-Tempel<\/strong> und die imposanten <strong data-start=\"595\" data-end=\"612\">Memnonkolosse<\/strong>.<\/p>\n<p data-start=\"617\" data-end=\"760\">Genie\u00dfen Sie au\u00dferdem eine <strong data-start=\"644\" data-end=\"681\">entspannte Tour mit dem Boot auf dem Nil<\/strong> und bewundern Sie die atemberaubende Landschaft aus einer neuen Perspektive.<\/p>\n<p data-start=\"762\" data-end=\"903\">Buchen Sie jetzt Ihre<strong> private Luxor-Tour ab Port Ghalib mit Peter Tours<\/strong> und erleben Sie die Geschichte \u00c4gyptens hautnah!<\/p>\n<\/div>\n<\/div>\n<\/div>\n<\/div>\n<p data-start=\"261\" data-end=\"630\">Alle Teilnehmer des privaten <strong data-start=\"281\" data-end=\"365\">Ausflugs von Port Ghalib<\/strong><b>\u00a0<\/b>nach Luxor ins Tal der K\u00f6nige werden von <strong data-start=\"407\" data-end=\"459\">erfahrenen, lokalen und deutschsprachigen Guides<\/strong> begleitet.<br data-start=\"470\" data-end=\"473\" \/><strong data-start=\"473\" data-end=\"488\">Peter Tours<\/strong> \u2013 Ihr deutscher, vertrauensw\u00fcrdiger Anbieter in \u00c4gypten \u2013 sorgt f\u00fcr eine <strong data-start=\"562\" data-end=\"627\">komfortable, sichere und unvergessliche exklusive Tour<\/strong>.<\/p>\n<p data-start=\"632\" data-end=\"652\"><strong data-start=\"632\" data-end=\"650\">Ihre Vorteile:<\/strong><\/p>\n<ul>\n<li data-start=\"655\" data-end=\"689\"><strong>Online buchen \u2013 vor Ort bezahlen<\/strong><\/li>\n<li data-start=\"692\" data-end=\"727\"><strong>Abholung direkt in der Hotellobby<\/strong><\/li>\n<li data-start=\"730\" data-end=\"786\"><strong>Deutschsprachiger Guide f\u00fcr detaillierte Erl\u00e4uterungen<\/strong><\/li>\n<li data-start=\"789\" data-end=\"819\"><strong>Kundendienst 24\/7 erreichbar<\/strong><\/li>\n<li data-start=\"822\" data-end=\"865\"><strong data-start=\"822\" data-end=\"863\">Private Tour \u2013 ohne andere Teilnehmer<\/strong><\/li>\n<li data-start=\"868\" data-end=\"925\"><strong>Alle Transfers inklusive<\/strong><\/li>\n<\/ul>\n<h2 data-start=\"0\" data-end=\"48\"><span style=\"font-size: 14pt;\"><strong data-start=\"0\" data-end=\"46\">Port Ghalib nach Luxor: Entfernung &amp; Fahrzeit<\/strong><\/span><\/h2>\n<p data-start=\"50\" data-end=\"305\">Die Distanz zwischen Port Ghalib und Luxor betr\u00e4gt rund 175 Kilometer in der Luftlinie. Mit ( PKW oder Minibus) betr\u00e4gt die Fahrstrecke etwa 390 Kilometer (ca. 240 Meilen). Die Fahrzeit von Port Ghalib\u00a0nach Luxor liegt je nach Verkehrslage bei etwa 4,5 bis 5 Stunden.<\/p>\n<h2>Privater Ausflug von <strong data-start=\"162\" data-end=\"240\">Port Ghalib<\/strong> nach Luxor ins Tal der K\u00f6nige &#8211; Programmablauf<\/h2>\n<h3 data-start=\"84\" data-end=\"121\"><span style=\"color: #ff9900;\"><strong data-start=\"88\" data-end=\"119\">Abholung vom Hotel &amp; Fahrt nach Luxor<\/strong><\/span><\/h3>\n<ul>\n<li data-start=\"123\" data-end=\"328\"><strong data-start=\"125\" data-end=\"159\">Komfortable Abholung vom Hotel<\/strong><br data-start=\"159\" data-end=\"162\" \/>Ihr exklusiver Ausflug beginnt mit der fr\u00fchen Abholung direkt von Ihrem Hotel in Port Ghalib. Unser deutschsprachiger Reiseleiter begleitet Sie auf der Fahrt nach Luxor.<\/li>\n<li data-start=\"330\" data-end=\"566\"><strong data-start=\"332\" data-end=\"372\">Professionelle Reiseleitung in Luxor<\/strong><br data-start=\"372\" data-end=\"375\" \/>In Luxor empf\u00e4ngt Sie unser erfahrener, deutschsprachiger Guide und \u00c4gyptologe, der Sie den ganzen Tag \u00fcber begleitet und Ihnen die faszinierende Geschichte der Pharaonen n\u00e4herbringt.<\/li>\n<li data-start=\"568\" data-end=\"767\"><strong data-start=\"570\" data-end=\"599\">Angenehme &amp; sichere Fahrt<\/strong><br data-start=\"599\" data-end=\"602\" \/>F\u00fcr den Transfer nutzen wir moderne, klimatisierte Fahrzeuge (Minibus oder PKW ) mit bequemen Sitzen, um Ihnen eine entspannte und komfortable Reise zu erm\u00f6glichen.<\/li>\n<\/ul>\n<h2><span style=\"font-size: 14pt; color: #ff9900;\"><span style=\"font-size: 18pt;\">Erkundung der Karnak-Tempel<\/span> <\/span><\/h2>\n<p>Der beeindruckende Karnak-Tempel in Luxor ist ein herausragendes Relikt der antiken \u00e4gyptischen Zivilisation. Der Bau dieser beeindruckenden Tempelanlage begann bereits im 16. Jahrhundert v. Chr. und erstreckte sich \u00fcber viele Jahrhunderte.<\/p>\n<p>Karnak Tempel war mehr als ein einzelner Tempel \u2013 es war eine gewaltige Tempelstadt, die eng mit den Tempeln in West-Theben verbunden war und eine zentrale Rolle im spirituellen und kulturellen Leben des alten \u00c4gyptens spielte.<\/p>\n<h3><span style=\"color: #ff9900;\">Architektur und Struktur des Karnak-Tempels<\/span><\/h3>\n<ul>\n<li>Der Hauptbereich des Tempels erstreckt sich \u00fcber beeindruckende 123 Hektar und ist gepr\u00e4gt von monumentalen Pylonen, hoch aufragenden Obelisken und majest\u00e4tischen S\u00e4ulenhallen.<\/li>\n<li>Die massiven Torbauten, bekannt als Pylonen, markieren die Eing\u00e4nge zu den verschiedenen heiligen Bereichen des Tempels.<\/li>\n<li>Diese Bauweise spiegelt die immense religi\u00f6se Bedeutung wider, die dem Komplex zugeschrieben wurde.<\/li>\n<li>Neben seiner spirituellen Funktion war Karnak auch ein bedeutendes Zentrum f\u00fcr politische und gesellschaftliche Aktivit\u00e4ten.<\/li>\n<\/ul>\n<h3><span style=\"color: #ff9900;\">Besuch der Hatschepsut-Tempel<\/span><\/h3>\n<ul>\n<li>Der Tempel der Hatschepsut, auch bekannt als Deir El-Bahari, ist eine architektonische Meisterleistung und eine der bekanntesten Sehensw\u00fcrdigkeiten in Luxor.<\/li>\n<li>Er wurde w\u00e4hrend der 18. Dynastie f\u00fcr die m\u00e4chtige K\u00f6nigin Hatschepsut errichtet und ist ein Symbol f\u00fcr ihre au\u00dfergew\u00f6hnliche Herrschaft und den Wohlstand ihrer Zeit.<\/li>\n<li>Der Tempel beeindruckt durch seine elegante Gestaltung und die kunstvolle Einbettung in die umliegenden Klippen.<\/li>\n<\/ul>\n<h3><span style=\"color: #ff9900;\">Mittagessen in Luxor<\/span><\/h3>\n<p>Genie\u00dfen Sie das leckere Mittagessen in einem Restaurant in Luxor.<\/p>\n<h3><span style=\"color: #ff9900;\">Bootsfahrt auf dem Nil<\/span><\/h3>\n<ul>\n<li>Am Nachmittag erwartet Sie eine entspannende Bootsfahrt auf dem Nil, die eine wundersch\u00f6ne Perspektive auf die Stadt Luxor bietet.<\/li>\n<li>W\u00e4hrend Sie sanft \u00fcber das Wasser gleiten, genie\u00dfen Sie den atemberaubenden Blick auf antike Tempel und die malerische Landschaft.<\/li>\n<li>Diese friedliche Fahrt ist eine wunderbare Gelegenheit, frische Luft zu tanken und die unvergleichliche Sch\u00f6nheit des Nils zu erleben.<\/li>\n<\/ul>\n<h3><span style=\"color: #ff9900;\">Besuch der\u00a0Memnonkolosse<\/span><\/h3>\n<ul>\n<li>Die Memnonkolosse sind zwei imposante Statuen aus Stein, die am Westufer des Nils in der N\u00e4he von Luxor stehen. Sie stellen den Pharaonen Amenophis III. dar und sind Teil eines ehemaligen Tempels, der einst dem Sonnengott Amun-Re gewidmet war.<\/li>\n<li>Die Kolosse wurden vor mehr als 3.000 Jahren erbaut und sind ein erstaunliches Zeugnis der beeindruckenden Baukunst des alten \u00c4gypten.<\/li>\n<\/ul>\n<h2><span style=\"color: #ff9900;\">Tal der K\u00f6nige besichtigen \u2013 \u00c4gyptens Pharaonengr\u00e4ber entdecken<\/span><\/h2>\n<ul>\n<li><span style=\"color: #0000ff;\"><a style=\"color: #0000ff;\" href=\"https:\/\/aegyptentouren.de\/aegypten\/das-tal-der-koenige\/\">Das ber\u00fchmte Tal der K\u00f6nige<\/a><\/span>, am Westufer von Luxor gelegen, ist eine der bedeutendsten arch\u00e4ologischen St\u00e4tten \u00c4gyptens.<\/li>\n<li>Diese alte Nekropole war die letzte Ruhest\u00e4tte vieler Pharaonen, darunter auch das ber\u00fchmte Grab von K\u00f6nig Tutanchamun.<\/li>\n<li>Die pr\u00e4chtigen Wandmalereien und kunstvoll gestalteten Gr\u00e4ber spiegeln die tief verwurzelte religi\u00f6se Symbolik und die prachtvolle Kultur des alten \u00c4gyptens wider.<\/li>\n<\/ul>\n<h3><span style=\"color: #ff9900;\">R\u00fcckfahrt nach <strong data-start=\"162\" data-end=\"240\">Port Ghalib<\/strong><\/span><\/h3>\n<p>Nachdem die Besichtigungen der Pharaonischen Gr\u00e4ber im Tal der K\u00f6nige, Hatshepsut Tempel, Karnak Tempel und Memnon Kolosse abgeschlossen sind, erfolgt die R\u00fcckfahrt in Richtung Port Ghalib.<\/p>\n<h2>Privater Tagesausflug von <strong data-start=\"162\" data-end=\"240\">Port Ghalib<\/strong> nach Luxor ins Tal der K\u00f6nige &#8211; Preise:<\/h2>\n<table style=\"border-collapse: collapse;\">\n<tbody>\n<tr>\n<td style=\"text-align: center;\"><span style=\"color: #3366ff;\">Die Teilnehmer<\/span><\/td>\n<td style=\"text-align: center;\"><span style=\"color: #3366ff;\">Fahrzeug<\/span><\/td>\n<td style=\"text-align: center;\"><span style=\"color: #3366ff;\">Preis pro Person<\/span><\/td>\n<\/tr>\n<tr>\n<td style=\"text-align: center;\"><span style=\"color: #3366ff;\">2<\/span><\/td>\n<td style=\"text-align: center;\">Privater Ausflug Port Ghalib Luxor | PKW<\/td>\n<td style=\"text-align: center;\"><span style=\"color: #ff0000;\"><del>170<\/del><\/span> <span style=\"color: #3366ff;\">155<\/span>\u20ac<\/td>\n<\/tr>\n<tr>\n<td style=\"text-align: center;\"><span style=\"color: #3366ff;\">3<\/span><\/td>\n<td style=\"text-align: center;\">Privater Ausflug Port Ghalib\u00a0Luxor | Minibus<\/td>\n<td style=\"text-align: center;\"><span style=\"color: #ff0000;\"><del>155<\/del><\/span> <span style=\"color: #3366ff;\">140<\/span>\u20ac<\/td>\n<\/tr>\n<tr>\n<td style=\"text-align: center;\"><span style=\"color: #3366ff;\">4<\/span><\/td>\n<td style=\"text-align: center;\">Privater Ausflug Port Ghalib\u00a0Luxor | Minibus<\/td>\n<td style=\"text-align: center;\"><span style=\"color: #ff0000;\"><del>130<\/del><\/span> <span style=\"color: #3366ff;\">120<\/span>\u20ac<\/td>\n<\/tr>\n<tr>\n<td style=\"text-align: center;\"><span style=\"color: #3366ff;\">5<\/span><\/td>\n<td style=\"text-align: center;\">Privater Ausflug Port Ghalib\u00a0Luxor | Minibus<\/td>\n<td style=\"text-align: center;\"><span style=\"color: #ff0000;\"><del>120<\/del><\/span> <span style=\"color: #3366ff;\">112<\/span>\u20ac<\/td>\n<\/tr>\n<tr>\n<td style=\"text-align: center;\"><span style=\"color: #3366ff;\">6<\/span><\/td>\n<td style=\"text-align: center;\">Privater Ausflug Port Ghalib\u00a0Luxor | Minibus<\/td>\n<td style=\"text-align: center;\"><span style=\"color: #ff0000;\"><del>1115<\/del><\/span> <span style=\"color: #3366ff;\">103<\/span>\u20ac<\/td>\n<\/tr>\n<tr>\n<td style=\"text-align: center;\"><span style=\"color: #3366ff;\">7<\/span><\/td>\n<td style=\"text-align: center;\">Privater Ausflug Port Ghalib\u00a0Luxor | Minibus<\/td>\n<td style=\"text-align: center;\"><span style=\"color: #ff0000;\"><del>110<\/del><\/span> \u00a0<span style=\"color: #3366ff;\">96<\/span>\u20ac<\/td>\n<\/tr>\n<tr>\n<td style=\"text-align: center;\"><span style=\"color: #3366ff;\">8<\/span><\/td>\n<td style=\"text-align: center;\">Privater Ausflug Port Ghalib Luxor | Minibus<\/td>\n<td style=\"text-align: center;\"><span style=\"color: #ff0000;\"><del>100<\/del><\/span>\u00a0\u00a0<span style=\"color: #3366ff;\">90<\/span>\u20ac<\/td>\n<\/tr>\n<\/tbody>\n<\/table>\n<h3>Kinder Preise<\/h3>\n<table style=\"border-collapse: collapse;\">\n<tbody>\n<tr>\n<td>Kind:\u00a0 \u00a0 \u00a0 \u00a0 \u00a0 <span style=\"color: #3366ff;\"><strong>\u00a05-11<\/strong><\/span><\/td>\n<td><span style=\"color: #3366ff;\"><b>65 <\/b><\/span>\u20ac<\/td>\n<\/tr>\n<tr>\n<td>Kleinkind:\u00a0 <span style=\"color: #3366ff;\"><strong>0-5<\/strong><\/span><\/td>\n<td><strong><span style=\"color: #3366ff;\">Frei<\/span><\/strong><\/td>\n<\/tr>\n<\/tbody>\n<\/table>\n","protected":false},"excerpt":{"rendered":"<p>Privater Ausflug von Port Ghalib nach Luxor \u2013 \u00c4gyptens Kultur hautnah erleben Ein privater Tagesausflug von Port Ghalib nach Luxor bietet Ihnen eine exklusive Tour zu den beeindruckendsten Sehensw\u00fcrdigkeiten in Luxor \u2013 ganz ohne Massentourismus oder Verkaufsveranstaltungen. Entdecken Sie das weltber\u00fchmte Tal der K\u00f6nige, den pr\u00e4chtigen Karnak-Tempel, den beeindruckenden Hatschepsut-Tempel und die imposanten Memnonkolosse. Genie\u00dfen [&hellip;]<\/p>\n","protected":false},"featured_media":0,"comment_status":"open","ping_status":"closed","template":"","meta":{"_monsterinsights_skip_tracking":false,"_monsterinsights_sitenote_active":false,"_monsterinsights_sitenote_note":"","_monsterinsights_sitenote_category":0},"product_brand":[],"product_cat":[206],"product_tag":[],"class_list":{"0":"post-25922","1":"product","2":"type-product","3":"status-publish","5":"product_cat-port-ghalib-ausfluege","7":"first","8":"instock","9":"shipping-taxable","10":"product-type-ovabrw_car_rental","11":"add-to-wishlist-after_add_to_cart"},"_links":{"self":[{"href":"https:\/\/aegyptentouren.de\/en\/wp-json\/wp\/v2\/product\/25922","targetHints":{"allow":["GET"]}}],"collection":[{"href":"https:\/\/aegyptentouren.de\/en\/wp-json\/wp\/v2\/product"}],"about":[{"href":"https:\/\/aegyptentouren.de\/en\/wp-json\/wp\/v2\/types\/product"}],"replies":[{"embeddable":true,"href":"https:\/\/aegyptentouren.de\/en\/wp-json\/wp\/v2\/comments?post=25922"}],"version-history":[{"count":5,"href":"https:\/\/aegyptentouren.de\/en\/wp-json\/wp\/v2\/product\/25922\/revisions"}],"predecessor-version":[{"id":25927,"href":"https:\/\/aegyptentouren.de\/en\/wp-json\/wp\/v2\/product\/25922\/revisions\/25927"}],"wp:attachment":[{"href":"https:\/\/aegyptentouren.de\/en\/wp-json\/wp\/v2\/media?parent=25922"}],"wp:term":[{"taxonomy":"product_brand","embeddable":true,"href":"https:\/\/aegyptentouren.de\/en\/wp-json\/wp\/v2\/product_brand?post=25922"},{"taxonomy":"product_cat","embeddable":true,"href":"https:\/\/aegyptentouren.de\/en\/wp-json\/wp\/v2\/product_cat?post=25922"},{"taxonomy":"product_tag","embeddable":true,"href":"https:\/\/aegyptentouren.de\/en\/wp-json\/wp\/v2\/product_tag?post=25922"}],"curies":[{"name":"wp","href":"https:\/\/api.w.org\/{rel}","templated":true}]}}