{"id":25102,"date":"2026-04-22T10:28:55","date_gmt":"2026-04-22T08:28:55","guid":{"rendered":"https:\/\/aegyptentouren.de\/?post_type=product&#038;p=25102"},"modified":"2026-04-22T14:20:48","modified_gmt":"2026-04-22T12:20:48","slug":"dendera-tempel-abydos-privater-ausflug-ab-hurghada","status":"publish","type":"product","link":"https:\/\/aegyptentouren.de\/en\/hurghada-ausfluege\/dendera-tempel-abydos-privater-ausflug-ab-hurghada\/","title":{"rendered":"Dendera &#038; Abydos \u2013 Tempel: Privater Tagesausflug ab Hurghada"},"content":{"rendered":"<p data-start=\"199\" data-end=\"265\"><strong data-start=\"199\" data-end=\"263\">Dendera &amp; Abydos \u2013 Tempel: Privater Tagesausflug ab Hurghada<\/strong><\/p>\n<p data-start=\"267\" data-end=\"681\">Erleben Sie einen unvergesslichen <strong data-start=\"301\" data-end=\"338\">privaten Tagesausflug ab Hurghada<\/strong> zu den faszinierenden Tempeln von <strong data-start=\"373\" data-end=\"395\">Dendera und Abydos<\/strong>, zwei der bedeutendsten historischen St\u00e4tten \u00c4gyptens. Besuchen Sie den <strong data-start=\"468\" data-end=\"497\">Hathor-Tempel von Dendera<\/strong> mit seinen farbenpr\u00e4chtigen Reliefs und der beeindruckenden Kuppel, und den <strong data-start=\"574\" data-end=\"602\">Osiris-Tempel von Abydos<\/strong>, ber\u00fchmt f\u00fcr seine historischen K\u00f6nigslisten und die spirituelle Atmosph\u00e4re.<\/p>\n<p data-start=\"683\" data-end=\"1024\">Begleitet von einem <strong data-start=\"703\" data-end=\"723\">erfahrenen Gui##de<\/strong>, entdecken Sie die Architektur, Hieroglyphen und die spannenden Geschichten hinter diesen Tempeln. Diese <strong data-start=\"829\" data-end=\"855\">Privattour ab Hurghada<\/strong> ist ideal f\u00fcr <strong data-start=\"870\" data-end=\"935\">Kulturfans, Geschichtsinteressierte und Arch\u00e4ologie-Liebhaber<\/strong>, die \u00c4gyptens verborgene Sch\u00e4tze abseits der typischen Touristenpfade erleben m\u00f6chten.<\/p>\n<p data-start=\"1026\" data-end=\"1289\"><strong data-start=\"1026\" data-end=\"1073\">Buchen Sie Ihre Tour bequem mit Peter Tours<\/strong>, um sich Ihren Platz zu sichern und eine exklusive, individuell gef\u00fchrte Kulturreise durch \u00c4gypten zu genie\u00dfen. Unsere privaten Ausfl\u00fcge garantieren Komfort, pers\u00f6nliche Betreuung und ein unvergessliches Erlebnis.<\/p>\n<h2 data-start=\"1026\" data-end=\"1289\">Ablaufplan der Privattour: Dendera &amp; Abydos Tempel ab Hurghada<\/h2>\n<p data-start=\"128\" data-end=\"398\">Erleben Sie einen faszinierenden <strong data-start=\"161\" data-end=\"190\">Privatausflug ab Hurghada<\/strong> zu den wichtigsten Tempeln Ober\u00e4gyptens: dem <strong data-start=\"236\" data-end=\"265\">Hathor-Tempel von Dendera<\/strong> und dem <strong data-start=\"274\" data-end=\"302\">Osiris-Tempel von Abydos<\/strong>, und entdecken Sie in Ruhe ihre beeindruckende Architektur, Reliefs und historischen Sch\u00e4tze.<\/p>\n<h3 data-start=\"862\" data-end=\"917\"><strong data-start=\"866\" data-end=\"915\">Abholung in Hurghada &amp; Fahrt nach Dendera<\/strong><\/h3>\n<ul data-start=\"918\" data-end=\"1199\">\n<li data-start=\"918\" data-end=\"998\">\n<p data-start=\"920\" data-end=\"998\">Abholung direkt von Ihrem Hotel in Hurghada mit <strong data-start=\"968\" data-end=\"995\">klimatisiertem Fahrzeug<\/strong>.<\/p>\n<\/li>\n<li data-start=\"999\" data-end=\"1082\">\n<p data-start=\"1001\" data-end=\"1082\">Beginn der Fahrt am fr\u00fchen Morgen, um <strong data-start=\"1039\" data-end=\"1070\">genug Zeit f\u00fcr beide Tempel<\/strong> zu haben.<\/p>\n<\/li>\n<li data-start=\"1083\" data-end=\"1199\">\n<p data-start=\"1085\" data-end=\"1199\">Ihr <strong data-start=\"1089\" data-end=\"1107\">privater Guide<\/strong> informiert Sie bereits w\u00e4hrend der Fahrt \u00fcber die Geschichte Ober\u00e4gyptens und die Tempel.<\/p>\n<\/li>\n<\/ul>\n<h3 data-start=\"1206\" data-end=\"1257\"><strong data-start=\"1210\" data-end=\"1255\">Besuch des Hathor-Tempels von Dendera<\/strong><\/h3>\n<ul data-start=\"1258\" data-end=\"1690\">\n<li data-start=\"1258\" data-end=\"1335\">\n<p data-start=\"1260\" data-end=\"1335\">Ankunft am Dendera-Tempel, einem der <strong data-start=\"1297\" data-end=\"1332\">best erhaltenen Tempel \u00c4gyptens<\/strong>.<\/p>\n<\/li>\n<li data-start=\"1336\" data-end=\"1451\">\n<p data-start=\"1338\" data-end=\"1451\">Besichtigung der <strong data-start=\"1355\" data-end=\"1372\">Hathor-Kuppel<\/strong>, der farbenpr\u00e4chtigen <strong data-start=\"1395\" data-end=\"1412\">Wandmalereien<\/strong> und <strong data-start=\"1417\" data-end=\"1448\">r\u00f6misch-\u00e4gyptischen Reliefs<\/strong>.<\/p>\n<\/li>\n<li data-start=\"1452\" data-end=\"1582\">\n<p data-start=\"1454\" data-end=\"1582\">Ihr Guide erkl\u00e4rt die <strong data-start=\"1476\" data-end=\"1501\">Mythologie von Hathor<\/strong>, die religi\u00f6se Bedeutung des Tempels und <strong data-start=\"1543\" data-end=\"1579\">interessante historische Details<\/strong>.<\/p>\n<\/li>\n<li data-start=\"1583\" data-end=\"1690\">\n<p data-start=\"1585\" data-end=\"1690\">M\u00f6glichkeit, <strong data-start=\"1598\" data-end=\"1617\">Fotos zu machen<\/strong> und die ruhige Atmosph\u00e4re abseits gro\u00dfer Touristengruppen zu genie\u00dfen.<\/p>\n<\/li>\n<\/ul>\n<h3 data-start=\"1697\" data-end=\"1740\"><strong data-start=\"1701\" data-end=\"1738\">Fahrt von Dendera nach Abydos<\/strong><\/h3>\n<ul data-start=\"1741\" data-end=\"1969\">\n<li data-start=\"1741\" data-end=\"1823\">\n<p data-start=\"1743\" data-end=\"1823\">Kurze Fahrt nach Abydos, bekannt als einer der <strong data-start=\"1790\" data-end=\"1820\">heiligsten Tempel \u00c4gyptens<\/strong>.<\/p>\n<\/li>\n<li data-start=\"1824\" data-end=\"1969\">\n<p data-start=\"1826\" data-end=\"1969\">W\u00e4hrend der Fahrt erhalten Sie <strong data-start=\"1857\" data-end=\"1901\">weitere Informationen \u00fcber die Dynastien<\/strong>, die Tempelgeschichte und die kulturelle Bedeutung dieser Region.<\/p>\n<\/li>\n<\/ul>\n<h3 data-start=\"1976\" data-end=\"2026\"><strong data-start=\"1980\" data-end=\"2024\">Besuch des Osiris-Tempels von Abydos<\/strong><\/h3>\n<ul data-start=\"2027\" data-end=\"2367\">\n<li data-start=\"2027\" data-end=\"2117\">\n<p data-start=\"2029\" data-end=\"2117\">Ankunft am Abydos-Tempel, ber\u00fchmt f\u00fcr die <strong data-start=\"2071\" data-end=\"2087\">K\u00f6nigslisten<\/strong> und die pr\u00e4chtigen Reliefs.<\/p>\n<\/li>\n<li data-start=\"2118\" data-end=\"2252\">\n<p data-start=\"2120\" data-end=\"2252\">Ihr Guide zeigt Ihnen die <strong data-start=\"2146\" data-end=\"2164\">Osiris-Reliefs<\/strong>, die spirituelle Bedeutung des Tempels und erkl\u00e4rt die <strong data-start=\"2220\" data-end=\"2249\">Rituale der alten \u00c4gypter<\/strong>.<\/p>\n<\/li>\n<li data-start=\"2253\" data-end=\"2367\">\n<p data-start=\"2255\" data-end=\"2367\">Ausreichend Zeit, um <strong data-start=\"2276\" data-end=\"2319\">den Tempel zu erkunden, Fotos zu machen<\/strong> und die Atmosph\u00e4re auf sich wirken zu lassen.<\/p>\n<\/li>\n<\/ul>\n<h3 data-start=\"63\" data-end=\"96\"><strong data-start=\"67\" data-end=\"94\">Mittagessen in Qena<\/strong><\/h3>\n<p data-start=\"98\" data-end=\"361\">Nach dem Besuch der Tempel von <strong data-start=\"129\" data-end=\"151\">Dendera und Abydos<\/strong> genie\u00dfen Sie ein <strong data-start=\"169\" data-end=\"211\">leckeres Mittagessen in der Stadt Qena<\/strong>. Hier haben Sie Zeit, sich zu st\u00e4rken, die Erlebnisse des Morgens Revue passieren zu lassen und sich auf die R\u00fcckfahrt nach Hurghada vorzubereiten.<\/p>\n<h3 data-start=\"2374\" data-end=\"2411\"><strong data-start=\"2378\" data-end=\"2409\">R\u00fcckfahrt nach Hurghada<\/strong><\/h3>\n<ul data-start=\"2412\" data-end=\"2678\">\n<li data-start=\"2412\" data-end=\"2487\">\n<p data-start=\"2414\" data-end=\"2487\">Nach dem Besuch von Abydos fahren Sie komfortabel zur\u00fcck nach Hurghada.<\/p>\n<\/li>\n<li data-start=\"2488\" data-end=\"2620\">\n<p data-start=\"2490\" data-end=\"2620\">W\u00e4hrend der R\u00fcckfahrt k\u00f6nnen Sie die <strong data-start=\"2527\" data-end=\"2576\">Erinnerungen des Tages Revue passieren lassen<\/strong> und letzte Fragen an Ihren Guide stellen.<\/p>\n<\/li>\n<li data-start=\"2621\" data-end=\"2678\">\n<p data-start=\"2623\" data-end=\"2678\">Ankunft am Hotel am sp\u00e4ten Nachmittag \/ fr\u00fchen Abend.<\/p>\n<\/li>\n<\/ul>\n<h2 data-start=\"174\" data-end=\"255\">Privater Ausflug von Hurghada zu den Tempeln von Dendera &amp; Abydos &#8211; Preise:<\/h2>\n<table style=\"border-collapse: collapse;\">\n<tbody>\n<tr>\n<td style=\"text-align: center;\"><span style=\"color: #3366ff;\">Die Teilnehmer<\/span><\/td>\n<td style=\"text-align: center;\"><span style=\"color: #3366ff;\">Fahrzeug<\/span><\/td>\n<td style=\"text-align: center;\"><span style=\"color: #3366ff;\">Preis pro Person<\/span><\/td>\n<\/tr>\n<tr>\n<td style=\"text-align: center;\"><span style=\"color: #3366ff;\">2<\/span><\/td>\n<td style=\"text-align: center;\">Privater Ausflug Hurghada Dendera &amp; Abydos| PKW<\/td>\n<td style=\"text-align: center;\"><span style=\"color: #ff0000;\"><del>180<\/del><\/span> <span style=\"color: #3366ff;\">155<\/span>\u20ac<\/td>\n<\/tr>\n<tr>\n<td style=\"text-align: center;\"><span style=\"color: #3366ff;\">3<\/span><\/td>\n<td style=\"text-align: center;\">Privater Ausflug Hurghada Dendera &amp; Abydos| Minibus<\/td>\n<td style=\"text-align: center;\"><span style=\"color: #ff0000;\"><del>155<\/del><\/span>\u00a0<span style=\"color: #3366ff;\">130<\/span>\u20ac<\/td>\n<\/tr>\n<tr>\n<td style=\"text-align: center;\"><span style=\"color: #3366ff;\">4<\/span><\/td>\n<td style=\"text-align: center;\">Privater Ausflug Hurghada Dendera &amp; Abydos| Minibus<\/td>\n<td style=\"text-align: center;\"><span style=\"color: #ff0000;\"><del>115<\/del><\/span> <span style=\"color: #3366ff;\">107<\/span>\u20ac<\/td>\n<\/tr>\n<tr>\n<td style=\"text-align: center;\"><span style=\"color: #3366ff;\">5<\/span><\/td>\n<td style=\"text-align: center;\">Privater Tour Hurghada Dendera &amp; Abydos| Minibus<\/td>\n<td style=\"text-align: center;\"><span style=\"color: #ff0000;\"><del>108<\/del><\/span> <span style=\"color: #3366ff;\">102<\/span>\u20ac<\/td>\n<\/tr>\n<tr>\n<td style=\"text-align: center;\"><span style=\"color: #3366ff;\">6<\/span><\/td>\n<td style=\"text-align: center;\">Privater Tour Hurghada Dendera &amp; Abydos| Minibus<\/td>\n<td style=\"text-align: center;\"><span style=\"color: #ff0000;\"><del>103<\/del><\/span> <span style=\"color: #3366ff;\">96<\/span>\u20ac<\/td>\n<\/tr>\n<tr>\n<td style=\"text-align: center;\"><span style=\"color: #3366ff;\">7<\/span><\/td>\n<td style=\"text-align: center;\">Privater Tour Hurghada Dendera &amp; Abydos| Minibus<\/td>\n<td style=\"text-align: center;\"><span style=\"color: #ff0000;\"><del>97<\/del><\/span> \u00a0<span style=\"color: #3366ff;\">90<\/span>\u20ac<\/td>\n<\/tr>\n<tr>\n<td style=\"text-align: center;\"><span style=\"color: #3366ff;\">8<\/span><\/td>\n<td style=\"text-align: center;\">Privater Tour Hurghada Dendera &amp; Abydos| Minibus<\/td>\n<td style=\"text-align: center;\"><span style=\"color: #ff0000;\"><del>91<\/del><\/span>\u00a0 \u00a0<span style=\"color: #3366ff;\">84<\/span>\u20ac<\/td>\n<\/tr>\n<\/tbody>\n<\/table>\n<h3>Kinder Preise<\/h3>\n<table style=\"border-collapse: collapse;\">\n<tbody>\n<tr>\n<td>Kind:\u00a0 \u00a0 \u00a0 \u00a0 \u00a0 <span style=\"color: #3366ff;\"><strong>\u00a05-11<\/strong><\/span><\/td>\n<td><span style=\"color: #3366ff;\"><strong>55<\/strong><\/span>\u00a0\u20ac<\/td>\n<\/tr>\n<tr>\n<td>Kleinkind:\u00a0 <span style=\"color: #3366ff;\"><strong>0-5<\/strong><\/span><\/td>\n<td><strong><span style=\"color: #3366ff;\">Frei<\/span><\/strong><\/td>\n<\/tr>\n<\/tbody>\n<\/table>\n<h3 data-start=\"131\" data-end=\"211\"><strong data-start=\"135\" data-end=\"211\">Privater Ganztagesausflug nach Dendera &amp; Abydos mit pers\u00f6nlicher F\u00fchrung<\/strong><\/h3>\n<p data-start=\"213\" data-end=\"505\">Die private Tour von Hurghada zu den Tempeln von Dendera und Abydos bietet Reisenden ein besonderes kulturelles Erlebnis, das vollst\u00e4ndig von Peter Tours organisiert wird. Ohne l\u00e4stige Verkaufsstopps reisen Sie entspannt und individuell zu zwei der bedeutendsten Tempelanlagen Ober\u00e4gyptens.<\/p>\n<p data-start=\"507\" data-end=\"703\">W\u00e4hrend des Tagesausflugs besuchen Sie den beeindruckenden Hathor-Tempel von Dendera mit seinen farbenreichen Reliefs und das heilige Abydos mit dem Osiris-Tempel und seinen ber\u00fchmten Inschriften.<\/p>\n","protected":false},"excerpt":{"rendered":"<p>Dendera &amp; Abydos \u2013 Tempel: Privater Tagesausflug ab Hurghada Erleben Sie einen unvergesslichen privaten Tagesausflug ab Hurghada zu den faszinierenden Tempeln von Dendera und Abydos, zwei der bedeutendsten historischen St\u00e4tten \u00c4gyptens. Besuchen Sie den Hathor-Tempel von Dendera mit seinen farbenpr\u00e4chtigen Reliefs und der beeindruckenden Kuppel, und den Osiris-Tempel von Abydos, ber\u00fchmt f\u00fcr seine historischen K\u00f6nigslisten [&hellip;]<\/p>\n","protected":false},"featured_media":25674,"comment_status":"open","ping_status":"closed","template":"","meta":{"_monsterinsights_skip_tracking":false,"_monsterinsights_sitenote_active":false,"_monsterinsights_sitenote_note":"","_monsterinsights_sitenote_category":0},"product_brand":[],"product_cat":[199],"product_tag":[],"class_list":{"0":"post-25102","1":"product","2":"type-product","3":"status-publish","4":"has-post-thumbnail","6":"product_cat-hurghada-ausfluege","8":"first","9":"instock","10":"sale","11":"shipping-taxable","12":"purchasable","13":"product-type-ovabrw_car_rental","14":"add-to-wishlist-after_add_to_cart"},"_links":{"self":[{"href":"https:\/\/aegyptentouren.de\/en\/wp-json\/wp\/v2\/product\/25102","targetHints":{"allow":["GET"]}}],"collection":[{"href":"https:\/\/aegyptentouren.de\/en\/wp-json\/wp\/v2\/product"}],"about":[{"href":"https:\/\/aegyptentouren.de\/en\/wp-json\/wp\/v2\/types\/product"}],"replies":[{"embeddable":true,"href":"https:\/\/aegyptentouren.de\/en\/wp-json\/wp\/v2\/comments?post=25102"}],"version-history":[{"count":6,"href":"https:\/\/aegyptentouren.de\/en\/wp-json\/wp\/v2\/product\/25102\/revisions"}],"predecessor-version":[{"id":26493,"href":"https:\/\/aegyptentouren.de\/en\/wp-json\/wp\/v2\/product\/25102\/revisions\/26493"}],"wp:featuredmedia":[{"embeddable":true,"href":"https:\/\/aegyptentouren.de\/en\/wp-json\/wp\/v2\/media\/25674"}],"wp:attachment":[{"href":"https:\/\/aegyptentouren.de\/en\/wp-json\/wp\/v2\/media?parent=25102"}],"wp:term":[{"taxonomy":"product_brand","embeddable":true,"href":"https:\/\/aegyptentouren.de\/en\/wp-json\/wp\/v2\/product_brand?post=25102"},{"taxonomy":"product_cat","embeddable":true,"href":"https:\/\/aegyptentouren.de\/en\/wp-json\/wp\/v2\/product_cat?post=25102"},{"taxonomy":"product_tag","embeddable":true,"href":"https:\/\/aegyptentouren.de\/en\/wp-json\/wp\/v2\/product_tag?post=25102"}],"curies":[{"name":"wp","href":"https:\/\/api.w.org\/{rel}","templated":true}]}}