{"id":24498,"date":"2025-11-27T14:28:36","date_gmt":"2025-11-27T13:28:36","guid":{"rendered":"https:\/\/aegyptentouren.de\/?post_type=product&#038;p=24498"},"modified":"2025-11-27T17:48:12","modified_gmt":"2025-11-27T16:48:12","slug":"private-buggy-tour-hurghada-wuestensafari","status":"publish","type":"product","link":"https:\/\/aegyptentouren.de\/en\/hurghada-ausfluege\/private-buggy-tour-hurghada-wuestensafari\/","title":{"rendered":"Private Dune Buggy Tour in Hurghada | 3-st\u00fcndige W\u00fcstensafari mit privatem Guide"},"content":{"rendered":"<p data-start=\"172\" data-end=\"543\"><strong data-start=\"172\" data-end=\"262\">Erleben Sie das Abenteuer Ihrer Tr\u00e4ume mit einer privaten Dune Buggy Tour in Hurghada!<\/strong><br data-start=\"262\" data-end=\"265\" \/>Entfliehen Sie dem Alltag und entdecken Sie die beeindruckende W\u00fcste rund um Hurghada auf einer <strong data-start=\"361\" data-end=\"387\">spannenden Buggy-Fahrt<\/strong>. Unsere <strong data-start=\"396\" data-end=\"420\">private W\u00fcstensafari<\/strong> ist ideal f\u00fcr Paare, Freunde oder Familien, die ein unvergessliches Erlebnis abseits der \u00fcblichen Touristenpfade suchen. W\u00e4hrend der <strong data-start=\"557\" data-end=\"585\">1,5\u20132 Stunden Buggy Tour<\/strong> begleitet Sie ein <strong data-start=\"604\" data-end=\"633\">erfahrener privater Guide<\/strong>, der Ihnen die sch\u00f6nsten D\u00fcnen, Sandlandschaften und versteckten Pl\u00e4tze der W\u00fcste zeigt.<\/p>\n<p data-start=\"851\" data-end=\"1269\">Diese Tour ist perfekt f\u00fcr alle, die <strong data-start=\"888\" data-end=\"916\">Buggy fahren in Hurghada<\/strong> lieben oder einfach die W\u00fcste hautnah erleben m\u00f6chten. Mit <strong data-start=\"976\" data-end=\"1024\">Softdrinks, Wasser und Sicherheitsausr\u00fcstung<\/strong> inklusive, k\u00f6nnen Sie die Fahrt voll und ganz genie\u00dfen. Ob Sie eine <strong data-start=\"1093\" data-end=\"1115\">private Buggy Tour<\/strong>, eine <strong data-start=\"1122\" data-end=\"1150\">Buggy-Fahrt in der W\u00fcste<\/strong> oder einfach ein einmaliges <strong data-start=\"1179\" data-end=\"1213\">Hurghada W\u00fcstensafari Erlebnis<\/strong> suchen \u2013 bei Peter Tours bekommen Sie alles in einem.<\/p>\n<p data-start=\"851\" data-end=\"1269\">Genie\u00dfen Sie den Komfort eines <strong data-start=\"754\" data-end=\"776\">privaten Transfers<\/strong> von Ihrem Hotel in Hurghada, sodass Sie sich um nichts k\u00fcmmern m\u00fcssen. <strong>Buchen<\/strong> Sie jetzt Ihre <strong data-start=\"1293\" data-end=\"1327\">private Buggy Tour in Hurghada<\/strong> und erleben Sie ein Abenteuer, das Sie so schnell nicht vergessen werden!<\/p>\n<h2 data-start=\"146\" data-end=\"206\"><strong data-start=\"149\" data-end=\"204\">Ablaufplan der privaten Dune Buggy Tour in Hurghada<\/strong><\/h2>\n<h3 data-start=\"208\" data-end=\"239\"><strong data-start=\"212\" data-end=\"237\">Abholung vom Hotel<\/strong><\/h3>\n<p data-start=\"240\" data-end=\"433\">Ihr Abenteuer beginnt mit einem <strong data-start=\"272\" data-end=\"293\">privaten Transfer<\/strong> von Ihrem Hotel in Hurghada. Lehnen Sie sich zur\u00fcck und genie\u00dfen Sie die Fahrt zur W\u00fcste, w\u00e4hrend unser Fahrer f\u00fcr Ihre Sicherheit sorgt.<\/p>\n<h3 data-start=\"435\" data-end=\"472\"><strong data-start=\"439\" data-end=\"470\">Begr\u00fc\u00dfung und Einf\u00fchrung<\/strong><\/h3>\n<p data-start=\"473\" data-end=\"708\">Nach Ihrer Ankunft in der W\u00fcste werden Sie von Ihrem <strong data-start=\"526\" data-end=\"555\">erfahrenen privaten Guide<\/strong> begr\u00fc\u00dft. Sie erhalten die <strong data-start=\"582\" data-end=\"607\">Sicherheitsausr\u00fcstung<\/strong>, inklusive Schal und Maske, sowie eine kurze Einf\u00fchrung in den Buggy und die Regeln f\u00fcr die Fahrt.<\/p>\n<h3 data-start=\"710\" data-end=\"744\"><strong data-start=\"714\" data-end=\"742\">Start der Buggy-Fahrt<\/strong><\/h3>\n<p data-start=\"745\" data-end=\"1049\">Die <strong data-start=\"749\" data-end=\"786\">1,5\u20132-st\u00fcndige private Buggy Tour<\/strong> beginnt! Fahren Sie durch die beeindruckenden D\u00fcnen, entdecken Sie versteckte Sandlandschaften und genie\u00dfen Sie den Nervenkitzel der W\u00fcste. Unser Guide sorgt daf\u00fcr, dass Sie sicher unterwegs sind und zeigt Ihnen die sch\u00f6nsten Pl\u00e4tze f\u00fcr Fotos und Erinnerungen.<\/p>\n<h3 data-start=\"140\" data-end=\"183\"><strong data-start=\"144\" data-end=\"181\">Erfrischungspause im Beduinendorf<\/strong><\/h3>\n<p data-start=\"184\" data-end=\"522\">W\u00e4hrend der Tour machen Sie eine kurze Pause in einem traditionellen <strong data-start=\"253\" data-end=\"269\">Beduinendorf<\/strong>. Genie\u00dfen Sie die <strong data-start=\"288\" data-end=\"313\">Softdrinks und Wasser<\/strong>, bewundern Sie die Aussicht und erleben Sie die einzigartige Atmosph\u00e4re der W\u00fcste hautnah. Hier k\u00f6nnen Sie Fotos machen und die Kultur der Beduinen kennenlernen, bevor die aufregende Buggy-Fahrt weitergeht.<\/p>\n<h3 data-start=\"1245\" data-end=\"1277\"><strong data-start=\"1249\" data-end=\"1275\">R\u00fcckfahrt zum Hotel<\/strong><\/h3>\n<p data-start=\"1278\" data-end=\"1484\">Nach dem aufregenden Abenteuer bringt Sie der <strong data-start=\"1324\" data-end=\"1344\">private Transfer<\/strong> sicher zur\u00fcck zu Ihrem Hotel in Hurghada. Sie k\u00f6nnen die unvergesslichen Eindr\u00fccke Ihrer W\u00fcstensafari noch einmal Revue passieren lassen.<\/p>\n<h2 data-start=\"1278\" data-end=\"1484\">Private Buggy-Fahrt Hurghada &#8211; Preise<\/h2>\n<table style=\"border-collapse: collapse;\">\n<tbody>\n<tr>\n<td style=\"text-align: center;\"><strong><span style=\"color: #3366ff;\">Die Teilnehmer<\/span><\/strong><\/td>\n<td style=\"text-align: center;\"><strong><span style=\"color: #3366ff;\">Fahrzeug<\/span><\/strong><\/td>\n<td style=\"text-align: center;\"><strong><span style=\"color: #3366ff;\">Preis pro Person<\/span><\/strong><\/td>\n<\/tr>\n<tr>\n<td style=\"text-align: center;\"><strong><span style=\"color: #3366ff;\">2<\/span><\/strong><\/td>\n<td style=\"text-align: center;\">\n<p data-start=\"146\" data-end=\"206\">Private Buggy Tour Hurghada | Doppel-Buggy<\/p>\n<\/td>\n<td style=\"text-align: center;\"><span style=\"color: #ff0000;\"><del>90<\/del><\/span>\u00a0<span style=\"color: #3366ff;\"><strong>75<\/strong><\/span>\u20ac<\/td>\n<\/tr>\n<tr>\n<td style=\"text-align: center;\"><strong><span style=\"color: #3366ff;\">3<\/span><\/strong><\/td>\n<td style=\"text-align: center;\">Private Buggy Tour Hurghada | 4-Personen-Buggy<\/td>\n<td style=\"text-align: center;\"><span style=\"color: #ff0000;\"><del>82<\/del><\/span> <span style=\"color: #3366ff;\"><strong>68<\/strong><\/span>\u20ac<\/td>\n<\/tr>\n<tr>\n<td style=\"text-align: center;\"><strong><span style=\"color: #3366ff;\">4<\/span><\/strong><\/td>\n<td style=\"text-align: center;\">Private Buggy Tour Hurghada | 4-Personen-Buggy<\/td>\n<td style=\"text-align: center;\"><span style=\"color: #ff0000;\"><del>65<\/del><\/span> <span style=\"color: #3366ff;\"><strong>55<\/strong><\/span>\u20ac<\/td>\n<\/tr>\n<tr>\n<td style=\"text-align: center;\"><strong><span style=\"color: #3366ff;\">5<\/span><\/strong><\/td>\n<td style=\"text-align: center;\">Private Buggy-Fahrt Hurghada | 4-Personen-Buggy + Doppel-Buggy<\/td>\n<td style=\"text-align: center;\"><span style=\"color: #ff0000;\"><del>75<\/del><\/span> <span style=\"color: #3366ff;\"><strong>63<\/strong><\/span>\u20ac<\/td>\n<\/tr>\n<tr>\n<td style=\"text-align: center;\"><strong><span style=\"color: #3366ff;\">6<\/span><\/strong><\/td>\n<td style=\"text-align: center;\">Private Buggy-Fahrt Hurghada | | 4-Personen-Buggy + Doppel-Buggy<\/td>\n<td style=\"text-align: center;\"><span style=\"color: #ff0000;\"><del>65<\/del><\/span> \u00a0<span style=\"color: #3366ff;\"><strong>55<\/strong><\/span>\u20ac<\/td>\n<\/tr>\n<tr>\n<td style=\"text-align: center;\"><strong><span style=\"color: #3366ff;\">7<\/span><\/strong><\/td>\n<td style=\"text-align: center;\">Private Buggy-Fahrt Hurghada | 2 * 4-Personen-Buggy<\/td>\n<td style=\"text-align: center;\"><span style=\"color: #ff0000;\"><span style=\"text-decoration: line-through;\">65<\/span><\/span>\u00a0<span style=\"color: #3366ff;\"><strong>54<\/strong> <\/span>\u20ac<\/td>\n<\/tr>\n<tr>\n<td style=\"text-align: center;\"><strong><span style=\"color: #3366ff;\">8<\/span><\/strong><\/td>\n<td style=\"text-align: center;\">Private Buggy-Fahrt Hurghada | 2 * 4-Personen-Buggy<\/td>\n<td style=\"text-align: center;\"><span style=\"color: #ff0000;\"><del>59<\/del><\/span> \u00a0<span style=\"color: #3366ff;\"><strong>49<\/strong> <\/span>\u20ac<\/td>\n<\/tr>\n<\/tbody>\n<\/table>\n<p>&nbsp;<\/p>\n","protected":false},"excerpt":{"rendered":"<p>Erleben Sie das Abenteuer Ihrer Tr\u00e4ume mit einer privaten Dune Buggy Tour in Hurghada!Entfliehen Sie dem Alltag und entdecken Sie die beeindruckende W\u00fcste rund um Hurghada auf einer spannenden Buggy-Fahrt. Unsere private W\u00fcstensafari ist ideal f\u00fcr Paare, Freunde oder Familien, die ein unvergessliches Erlebnis abseits der \u00fcblichen Touristenpfade suchen. W\u00e4hrend der 1,5\u20132 Stunden Buggy Tour [&hellip;]<\/p>\n","protected":false},"featured_media":24503,"comment_status":"open","ping_status":"closed","template":"","meta":{"_monsterinsights_skip_tracking":false,"_monsterinsights_sitenote_active":false,"_monsterinsights_sitenote_note":"","_monsterinsights_sitenote_category":0},"product_brand":[],"product_cat":[199],"product_tag":[],"class_list":{"0":"post-24498","1":"product","2":"type-product","3":"status-publish","4":"has-post-thumbnail","6":"product_cat-hurghada-ausfluege","8":"first","9":"instock","10":"sale","11":"shipping-taxable","12":"purchasable","13":"product-type-ovabrw_car_rental","14":"add-to-wishlist-after_add_to_cart"},"_links":{"self":[{"href":"https:\/\/aegyptentouren.de\/en\/wp-json\/wp\/v2\/product\/24498","targetHints":{"allow":["GET"]}}],"collection":[{"href":"https:\/\/aegyptentouren.de\/en\/wp-json\/wp\/v2\/product"}],"about":[{"href":"https:\/\/aegyptentouren.de\/en\/wp-json\/wp\/v2\/types\/product"}],"replies":[{"embeddable":true,"href":"https:\/\/aegyptentouren.de\/en\/wp-json\/wp\/v2\/comments?post=24498"}],"version-history":[{"count":9,"href":"https:\/\/aegyptentouren.de\/en\/wp-json\/wp\/v2\/product\/24498\/revisions"}],"predecessor-version":[{"id":24511,"href":"https:\/\/aegyptentouren.de\/en\/wp-json\/wp\/v2\/product\/24498\/revisions\/24511"}],"wp:featuredmedia":[{"embeddable":true,"href":"https:\/\/aegyptentouren.de\/en\/wp-json\/wp\/v2\/media\/24503"}],"wp:attachment":[{"href":"https:\/\/aegyptentouren.de\/en\/wp-json\/wp\/v2\/media?parent=24498"}],"wp:term":[{"taxonomy":"product_brand","embeddable":true,"href":"https:\/\/aegyptentouren.de\/en\/wp-json\/wp\/v2\/product_brand?post=24498"},{"taxonomy":"product_cat","embeddable":true,"href":"https:\/\/aegyptentouren.de\/en\/wp-json\/wp\/v2\/product_cat?post=24498"},{"taxonomy":"product_tag","embeddable":true,"href":"https:\/\/aegyptentouren.de\/en\/wp-json\/wp\/v2\/product_tag?post=24498"}],"curies":[{"name":"wp","href":"https:\/\/api.w.org\/{rel}","templated":true}]}}