{"id":22093,"date":"2025-04-17T16:26:54","date_gmt":"2025-04-17T14:26:54","guid":{"rendered":"https:\/\/aegyptentouren.de\/?post_type=product&#038;p=22093"},"modified":"2026-03-28T16:36:11","modified_gmt":"2026-03-28T15:36:11","slug":"speedboot-safaga-hula-hula-insel-ausflug-schnorchel-tour-privat","status":"publish","type":"product","link":"https:\/\/aegyptentouren.de\/en\/safaga-ausfluege\/speedboot-safaga-hula-hula-insel-ausflug-schnorchel-tour-privat\/","title":{"rendered":"Privater Hula Hula Ausflug mit Speedboot ab Safaga"},"content":{"rendered":"<h2 style=\"text-align: left;\">Speedboot Safaga: Privater Hula Hula Insel Ausflug<\/h2>\n<p style=\"text-align: left;\">Ein <strong>privater Hula Hula-Ausflug mit dem Speedboot ab Safaga<\/strong> ist eine aufregende M\u00f6glichkeit, die atemberaubende Sch\u00f6nheit der <strong>Hula Hula Insel<\/strong> zu erleben. Mit einem privaten Speedboot k\u00f6nnen Sie eine Stunde lang durch das kristallklare, t\u00fcrkisfarbene Wasser fahren und dabei die beeindruckende Aussicht auf das Rote Meer genie\u00dfen. Die Insel selbst bietet zahlreiche Freizeitaktivit\u00e4ten, darunter Schwimmen und Entspannen am Strand. Genie\u00dfen Sie<strong> Ihre Schnorchel Tour ganz privat<\/strong> \u2013 fernab vom Massentourismus.&#8221;<\/p>\n<p style=\"text-align: left;\">Dieser <strong>private Speedboot Ausflug ab Safaga<\/strong> erm\u00f6glicht es Ihnen, die Hula Hula Insel in Ihrem eigenen Tempo und nach Ihren eigenen Vorlieben zu erkunden.<\/p>\n<h4 style=\"text-align: left;\">Buchen Sie Privaten Hula Hula Ausflug mit Speedboot ab Safaga nach ihrem Wunsch :<\/h4>\n<ul style=\"text-align: left;\">\n<li>Hula Hula Schnorchel-Tour mit dem Speedboot.<\/li>\n<li>Inselaufenthalt auf Hula Hula ohne Schnorcheln mit Speedboot.<\/li>\n<\/ul>\n<p style=\"text-align: left;\">Erfahren Sie Ihre Private Hula Hula Ausflug &amp; Schnorcheln Tour ab Safaga ohne Massentourismus &#8211; Erstklassiger Service<\/p>\n<ul style=\"text-align: left;\">\n<li aria-level=\"1\">Online buchen Vor Ort bezahlen<\/li>\n<li aria-level=\"1\">Bezahlung Erfolgt bei der Abholung vom Hotel<\/li>\n<li aria-level=\"1\">Abholung von der Lobby ihres Hotel<\/li>\n<li aria-level=\"1\">Kundendienst 24\/7 in der Woche erreichbar.<\/li>\n<\/ul>\n<h2 style=\"text-align: left;\">Hula Hula Ausflug mit Speedboot ab\u00a0 Safaga Privat &#8211;\u00a0 Preise<\/h2>\n<table style=\"border-collapse: collapse;\">\n<tbody>\n<tr>\n<td style=\"text-align: center;\"><strong><span style=\"color: #3366ff;\">Die<\/span><span style=\"color: #3366ff;\"> Teilnehmer<\/span><\/strong><\/td>\n<td style=\"text-align: center;\"><strong><span style=\"color: #3366ff;\">Fahrzeug<\/span><\/strong><\/td>\n<td style=\"text-align: center;\"><strong><span style=\"color: #3366ff;\">Preis pro Person<\/span><\/strong><\/td>\n<\/tr>\n<tr>\n<td style=\"text-align: center;\"><strong><span style=\"color: #3366ff;\">2<\/span>\u00a0 \u00a0\u00a0<\/strong><\/td>\n<td style=\"text-align: center;\">Speedboot Safaga Privat<\/td>\n<td style=\"text-align: center;\"><span style=\"color: #ff0000;\"><del>100<\/del><\/span> <span style=\"color: #3366ff;\"><strong>85 <\/strong><\/span>\u20ac<\/td>\n<\/tr>\n<tr>\n<td style=\"text-align: center;\"><strong><span style=\"color: #3366ff;\">3\u00a0 \u00a0\u00a0<\/span><\/strong><\/td>\n<td style=\"text-align: center;\">Speedboot Safaga Privat<\/td>\n<td style=\"text-align: center;\"><span style=\"color: #ff0000;\"><del>87<\/del><\/span> <span style=\"color: #3366ff;\"><strong>75 <\/strong><\/span>\u20ac<\/td>\n<\/tr>\n<tr>\n<td style=\"text-align: center;\"><strong><span style=\"color: #3366ff;\">4\u00a0 \u00a0<\/span>\u00a0<\/strong><\/td>\n<td style=\"text-align: center;\">Speedboot Safaga Privat<\/td>\n<td style=\"text-align: center;\"><span style=\"color: #ff0000;\"><del>70<\/del><\/span> <span style=\"color: #3366ff;\"><strong>60 <\/strong><\/span>\u20ac<\/td>\n<\/tr>\n<tr>\n<td style=\"text-align: center;\"><strong><span style=\"color: #3366ff;\">5\u00a0 \u00a0<\/span>\u00a0<\/strong><\/td>\n<td style=\"text-align: center;\">Speedboot Safaga Privat<\/td>\n<td style=\"text-align: center;\"><span style=\"color: #ff0000;\"><del>55<\/del><\/span> <span style=\"color: #3366ff;\"><strong>48 <\/strong><\/span>\u20ac<\/td>\n<\/tr>\n<tr>\n<td style=\"text-align: center;\"><strong><span style=\"color: #3366ff;\">6\u00a0 \u00a0<\/span>\u00a0<\/strong><\/td>\n<td style=\"text-align: center;\">Speedboot Safaga Privat<\/td>\n<td style=\"text-align: center;\"><span style=\"color: #ff0000;\"><del>50<\/del><\/span> <span style=\"color: #3366ff;\"><strong>43 <\/strong><\/span>\u20ac<\/td>\n<\/tr>\n<tr>\n<td style=\"text-align: center;\"><strong><span style=\"color: #3366ff;\">7\u00a0 \u00a0<\/span>\u00a0<\/strong><\/td>\n<td style=\"text-align: center;\">Speedboot Safaga Privat<\/td>\n<td style=\"text-align: center;\"><span style=\"color: #ff0000;\"><del>44<\/del><\/span>\u00a0<span style=\"color: #3366ff;\"><strong>38 <\/strong><\/span>\u20ac<\/td>\n<\/tr>\n<tr>\n<td style=\"text-align: center;\"><strong><span style=\"color: #3366ff;\">8\u00a0 \u00a0<\/span>\u00a0<\/strong><\/td>\n<td style=\"text-align: center;\">Speedboot Safaga Privat<\/td>\n<td style=\"text-align: center;\"><span style=\"color: #ff0000;\"><del>40<\/del><\/span>\u00a0<span style=\"color: #3366ff;\"><strong>33 <\/strong><\/span>\u20ac<\/td>\n<\/tr>\n<\/tbody>\n<\/table>\n<h3>Kinder Preise<\/h3>\n<table style=\"border-collapse: collapse;\">\n<tbody>\n<tr>\n<td><strong><span style=\"color: #3366ff;\">Alter des Teilnehmers<\/span><\/strong><\/td>\n<td style=\"text-align: center;\"><strong><span style=\"color: #3366ff;\">Preis Pro Person<\/span><\/strong><\/td>\n<\/tr>\n<tr>\n<td><span style=\"color: #00ccff;\"><span style=\"color: #000000;\">Kind<\/span>:\u00a0 \u00a0 \u00a0 \u00a0 <span style=\"color: #3366ff;\">\u00a0<strong>5-11<\/strong><\/span><\/span><\/td>\n<td style=\"text-align: center;\">\u00a0<span style=\"color: #ff0000;\"><span style=\"text-decoration: line-through;\">30<\/span><\/span>\u00a0<span style=\"color: #3366ff;\"><strong>25<\/strong> <\/span><span style=\"color: #000000;\">\u20ac<\/span><\/td>\n<\/tr>\n<tr>\n<td><span style=\"color: #00ccff;\"><span style=\"color: #000000;\">Kleinkind<\/span><span style=\"color: #3366ff;\">\u00a0<strong>0-5<\/strong><\/span><\/span><\/td>\n<td style=\"text-align: center;\"><strong><span style=\"color: #3366ff;\">Frei<\/span><\/strong><\/td>\n<\/tr>\n<\/tbody>\n<\/table>\n<h2 style=\"text-align: left;\">Hula Hula Schnorchel-Tour oder Hula Hula Inselaufenthalt ohne Schnorcheln:<\/h2>\n<p style=\"text-align: left;\">Planen Sie Ihre Tour nach ihren W\u00fcnschen. Sie haben zwei Moglichkeiten mit unserem privaten Speedboot 1 oder 2 :<\/p>\n<h3 style=\"text-align: left;\">\u00a01. Hula Hula Schnorchel-Ausflug :<\/h3>\n<ul style=\"text-align: left;\">\n<li><span style=\"color: #000000;\">30 Minuten Bootfahrt zur Insel.<\/span><\/li>\n<li><span style=\"color: #000000;\">Zwei Stunden Inselaufenthalt.<\/span><\/li>\n<li>Ca. 45 Minuten Schnorchel-Stopp.<\/li>\n<li>30 Minuten R\u00fcckfahrt mit dem Speedboot zum Hafen.<\/li>\n<\/ul>\n<h3 style=\"text-align: left;\">\u00a02. Hula Hula Inselaufenthalt Ohne Schnorcheln:<\/h3>\n<ul style=\"text-align: left;\">\n<li>30 Minuten Bootfahrt zur Insel.<\/li>\n<li>Drei Stunden Inselaufenthalt.<\/li>\n<li>30 Minuten R\u00fcckfahrt mit dem Speedboot zum Hafen.<\/li>\n<\/ul>\n<p style=\"text-align: left;\">F\u00fcr mehr M\u00f6glichkeiten kontaktieren Sie uns per E-Mail oder What&#8217;s App.<\/p>\n<h2 style=\"text-align: left;\">Zeitplan von Hula Hula Ausflug mit dem Speedboot ab Safaga :<\/h2>\n<h3 style=\"text-align: left;\">Die Abholung von Ihrem Hotel und Transfer zum Hafen<\/h3>\n<ul style=\"text-align: left;\">\n<li aria-level=\"1\">Peter Tours bietet Ihnen einen Abholservice von Ihrem Hotel mit modernen und klimatisierten Fahrzeugen an.<\/li>\n<li aria-level=\"1\">Ein freundlicher Reiseleiter holt Sie zur vereinbarten Zeit an Ihrem Hotel ab und bringt Sie zum Hafen in Hurghada.<\/li>\n<li aria-level=\"1\">Mit diesem Transferservice k\u00f6nnen Sie Ihren Ausflug zur Hula Hula Insel\u00a0stressfrei genie\u00dfen.<\/li>\n<\/ul>\n<h3 style=\"text-align: left;\">\u00a0Die Fahrt zur Hula Hula Insel mit dem Speedboot :<\/h3>\n<ul style=\"text-align: left;\">\n<li>Die Fahrt zur Hula Hula Insel erfolgt mit einem privaten Speedboot, das exklusiv f\u00fcr Sie\u00a0 reserviert ist. Die Fahrt dauert etwa 30 Minuten und bietet Ihnen eine atemberaubende Aussicht auf das klare Wasser und die K\u00fcste von Hurghada.<\/li>\n<li>Erleben Sie die Fahrt mit dem Speedboot und erh\u00f6hen Ihr Adrenalin. Das Speedboot bietet Ihnen Komfort und Sicherheit, w\u00e4hrend Sie schnell und bequem zur Insel gelangen.<\/li>\n<li>Unser Kapit\u00e4n des Speedboots wird die beste Route w\u00e4hlen, um sicherzustellen, dass Sie die Sehensw\u00fcrdigkeiten entlang des Weges bewundern k\u00f6nnen. Halten Sie Ihre Kamera bereit, um die malerische Sch\u00f6nheit des Roten Meeres festzuhalten.<\/li>\n<li>Genie\u00dfen Sie Die Softgetr\u00e4nke und Obst auf dem Speedboot.<\/li>\n<\/ul>\n<h3 style=\"text-align: left;\">Anreise zum Hula Hula und Die Hula Hula Inselaufenthalt<\/h3>\n<ul style=\"text-align: left;\">\n<li>Genie\u00dfen Sie ihre Hula Hula Inselaufenthalt von 2 bis 3 Stunden oder l\u00e4ngere Zeit nach ihren Wunsch .<\/li>\n<li>f\u00fcr l\u00e4nger Zeit auf Hula Hula Insel kontaktieren Sie uns per What&#8217;s App.<\/li>\n<li>Nach Ihrer Ankunft auf der Hula Hula Insel haben Sie Zeit, das kristallklare Wasser und den wei\u00dfen Sandstrand zu genie\u00dfen.<\/li>\n<li>Entspannen Sie sich unter der warmen Sonne \u00c4gyptens, machen Sie einen Spaziergang entlang des Strandes.<\/li>\n<\/ul>\n<h3 style=\"text-align: left;\">\u00a0Schnorchel-Stopp<\/h3>\n<p style=\"text-align: left;\">Genie\u00dfen Sie bei dem Hula Hula Ausflug mit dem Speedboot einen Schnorchelgang und beeindruckende Korallen.<\/p>\n<p style=\"text-align: left;\">Beim Hula Hula Insel Ausflug mit Speedboot erwartet Sie ein unvergessliches Schnorchel Erlebnis. Tauchen Sie ein in die faszinierende Unterwasserwelt des Roten Meeres und entdecken Sie atemberaubende Korallenriffe und eine Vielzahl von bunten Meereslebewesen.<\/p>\n<ul style=\"text-align: left;\">\n<li aria-level=\"1\">F\u00fcr den Hula Hula Ausflug\u00a0 bekommen Sie von unserem Team die richtige Ausr\u00fcstung (Die Flossen und Schnorchel-Maske und die Schwimmweste im Preis Inbegriffen an.<\/li>\n<li aria-level=\"1\">Aber es ist ratsam, Ihre eigenen Badebekleidung, Handt\u00fccher und Sonnenschutzmittel mitzubringen.<\/li>\n<\/ul>\n<h3 style=\"text-align: left;\">R\u00fcckfahrt zum Hafen und Transfer zum Hotel<\/h3>\n<ul style=\"text-align: left;\">\n<li>Machen Sie unvergessliche Erinnerungen mit Ihren Familie oder Freunden. Nach Ihrer Zeit auf der Insel bringt Sie das Speedboot sicher zur\u00fcck zum Pier in Hurghada, wo der Transfer zur\u00fcck zu Ihrem Hotel auf Sie wartet.<\/li>\n<\/ul>\n<p style=\"text-align: left;\">Ein privater Hula Hula Ausflug mit dem Speedboot ab Safaga bietet Ihnen ein aufregendes und luxuri\u00f6ses Erlebnis, um die Sch\u00f6nheit der \u00e4gyptischen Karibikinsel zu entdecken. Genie\u00dfen Sie die Freiheit und Flexibilit\u00e4t dieses privaten Ausflugs und nehmen Sie unvergessliche Erinnerungen mit nach Hause.<\/p>\n<h2 style=\"text-align: left;\">Mitnehmen:<\/h2>\n<p style=\"text-align: left;\">Um Ihren privaten Hula Hula Ausflug mit dem Speedboot ab Safaga vollst\u00e4ndig genie\u00dfen zu k\u00f6nnen, sollten Sie einige wichtige Dinge mitbringen:<\/p>\n<ul style=\"text-align: left;\">\n<li aria-level=\"1\">Sonnenbrille &amp; Sonnenschutz: Da Sie den Gro\u00dfteil des Ausflugs im Freien verbringen, ist es wichtig, Sonnenschutzmittel, eine Sonnenbrille und einen Hut mitzubringen, um sich vor der intensiven Sonneneinstrahlung zu sch\u00fctzen.<\/li>\n<li aria-level=\"1\">Badebekleidung &amp; Handt\u00fccher: Vergewissern Sie sich, dass Sie Ihre Badebekleidung und Handt\u00fccher mitbringen, da Sie die M\u00f6glichkeit haben werden, am Strand der Hula Hula zu entspannen und im klaren Wasser zu schwimmen.<\/li>\n<li>Fotoapparat<\/li>\n<li aria-level=\"1\">Geld<\/li>\n<\/ul>\n<h2 style=\"text-align: left;\">Anmerkungen:<\/h2>\n<ul style=\"text-align: left;\">\n<li aria-level=\"1\">Alle Extrakosten wie Trinkgelder sind nicht enthalten<\/li>\n<li aria-level=\"1\">Die Reihenfolge kann ggf. durch den Reiseleiter ge\u00e4ndert werden. Programm\u00e4nderungen sind aus technischen oder organisatorischen Gr\u00fcnden vorbehalten.<\/li>\n<\/ul>\n<h2 style=\"text-align: left;\">Zahlungsmodalit\u00e4ten:<\/h2>\n<ul style=\"text-align: left;\">\n<li aria-level=\"1\">Vor Ort in Bargeld in Euro, US-Dollars, Schweizer Franken. Eine Zahlung per Kreditkarte ist derzeit leider noch nicht m\u00f6glich.<\/li>\n<li aria-level=\"1\">Die Bezahlung erfolgt bei der Abholung vor Ort.<\/li>\n<\/ul>\n<h2 style=\"text-align: left;\">Stornierungsbedingungen:<\/h2>\n<ul style=\"text-align: left;\">\n<li aria-level=\"1\">Eine kostenlose Stornierung ist bis 24 Stunden vor Reisebeginn m\u00f6glich. Danach erheben wir dann eine Stornierungsgeb\u00fchr in H\u00f6he von 30 % des Reisepreises.<\/li>\n<\/ul>\n<p style=\"text-align: left;\">Mit diesen notwendigen Informationen und Empfehlungen sind Sie optimal vorbereitet, um Ihren privaten Hula Hula Ausflug mit dem Speedboot ab Safaga in vollen Z\u00fcgen zu genie\u00dfen. Machen Sie sich bereit f\u00fcr ein unvergessliches Erlebnis inmitten der atemberaubenden Sch\u00f6nheit des Roten Meeres.<\/p>\n<h2 style=\"text-align: left;\">Folgen Sie uns :<\/h2>\n<p style=\"text-align: left;\"><a href=\"https:\/\/www.facebook.com\/aegypten.touren.ausfluege.mit.peter\/\" rel=\"nofollow noopener\" target=\"_blank\"><img decoding=\"async\" data-src=\"https:\/\/aegyptentouren.de\/wp-content\/uploads\/2023\/11\/79ff98c829c7f91b891cfc9555ebade2-400x300.png\" alt=\"\u00c4gypten Touren und Ausfl\u00fcge mit Peter Tours\" width=\"126\" height=\"94\" src=\"data:image\/svg+xml;base64,PHN2ZyB3aWR0aD0iMSIgaGVpZ2h0PSIxIiB4bWxucz0iaHR0cDovL3d3dy53My5vcmcvMjAwMC9zdmciPjwvc3ZnPg==\" class=\"lazyload\" style=\"--smush-placeholder-width: 126px; --smush-placeholder-aspect-ratio: 126\/94;\" \/><\/a><\/p>\n","protected":false},"excerpt":{"rendered":"<p>Speedboot Safaga: Privater Hula Hula Insel Ausflug Ein privater Hula Hula-Ausflug mit dem Speedboot ab Safaga ist eine aufregende M\u00f6glichkeit, die atemberaubende Sch\u00f6nheit der Hula Hula Insel zu erleben. Mit einem privaten Speedboot k\u00f6nnen Sie eine Stunde lang durch das kristallklare, t\u00fcrkisfarbene Wasser fahren und dabei die beeindruckende Aussicht auf das Rote Meer genie\u00dfen. Die [&hellip;]<\/p>\n","protected":false},"featured_media":21327,"comment_status":"open","ping_status":"closed","template":"","meta":{"_monsterinsights_skip_tracking":false,"_monsterinsights_sitenote_active":false,"_monsterinsights_sitenote_note":"","_monsterinsights_sitenote_category":0},"product_brand":[],"product_cat":[204],"product_tag":[229,234,239,240,166],"class_list":{"0":"post-22093","1":"product","2":"type-product","3":"status-publish","4":"has-post-thumbnail","6":"product_cat-safaga-ausfluege","7":"product_tag-aegypten-ausfluege-fuer-die-familien-mit-kindern","8":"product_tag-giftun-insel","9":"product_tag-hurghada-boote-und-yachten","10":"product_tag-hurghada-bootsfahrten","11":"product_tag-rotes-meer","13":"first","14":"instock","15":"sale","16":"shipping-taxable","17":"purchasable","18":"product-type-ovabrw_car_rental","19":"add-to-wishlist-after_add_to_cart"},"_links":{"self":[{"href":"https:\/\/aegyptentouren.de\/en\/wp-json\/wp\/v2\/product\/22093","targetHints":{"allow":["GET"]}}],"collection":[{"href":"https:\/\/aegyptentouren.de\/en\/wp-json\/wp\/v2\/product"}],"about":[{"href":"https:\/\/aegyptentouren.de\/en\/wp-json\/wp\/v2\/types\/product"}],"replies":[{"embeddable":true,"href":"https:\/\/aegyptentouren.de\/en\/wp-json\/wp\/v2\/comments?post=22093"}],"version-history":[{"count":4,"href":"https:\/\/aegyptentouren.de\/en\/wp-json\/wp\/v2\/product\/22093\/revisions"}],"predecessor-version":[{"id":26349,"href":"https:\/\/aegyptentouren.de\/en\/wp-json\/wp\/v2\/product\/22093\/revisions\/26349"}],"wp:featuredmedia":[{"embeddable":true,"href":"https:\/\/aegyptentouren.de\/en\/wp-json\/wp\/v2\/media\/21327"}],"wp:attachment":[{"href":"https:\/\/aegyptentouren.de\/en\/wp-json\/wp\/v2\/media?parent=22093"}],"wp:term":[{"taxonomy":"product_brand","embeddable":true,"href":"https:\/\/aegyptentouren.de\/en\/wp-json\/wp\/v2\/product_brand?post=22093"},{"taxonomy":"product_cat","embeddable":true,"href":"https:\/\/aegyptentouren.de\/en\/wp-json\/wp\/v2\/product_cat?post=22093"},{"taxonomy":"product_tag","embeddable":true,"href":"https:\/\/aegyptentouren.de\/en\/wp-json\/wp\/v2\/product_tag?post=22093"}],"curies":[{"name":"wp","href":"https:\/\/api.w.org\/{rel}","templated":true}]}}