{"id":21993,"date":"2025-04-15T15:03:26","date_gmt":"2025-04-15T13:03:26","guid":{"rendered":"https:\/\/aegyptentouren.de\/?post_type=product&#038;p=21993"},"modified":"2026-03-24T15:59:10","modified_gmt":"2026-03-24T14:59:10","slug":"transfer-vom-flughafen-hurghada-nach-port-ghalib-privat-hotel-taxi-services","status":"publish","type":"product","link":"https:\/\/aegyptentouren.de\/en\/aegypten-flughafen-transfer\/transfer-vom-flughafen-hurghada-nach-port-ghalib-privat-hotel-taxi-services\/","title":{"rendered":"Privater Transfer vom Flughafen Hurghada nach Port Ghalib und Transportservices in Port Ghalib"},"content":{"rendered":"<p>Der pers\u00f6nliche Transportservice bei Peter Tours bietet einen bequemen Transfer vom Flughafen Hurghada nach Port Ghalib zu fairen Preisen, um den stressfreien Start in den Urlaub zu gew\u00e4hrleisten.<\/p>\n<p>Mit dem individuellen Port Ghalib Transfer genie\u00dfen Sie eine komfortable und bequeme Fahrt zum Wunschziel, um Ihren Urlaub in Port Ghalib entspannt zu beginnen.<\/p>\n<h2>Privater Transfer vom Flughafen Hurghada nach Port Ghalib &#8211; Preise:<\/h2>\n<table style=\"border-collapse: collapse;\">\n<tbody>\n<tr>\n<td style=\"text-align: center;\"><span style=\"color: #3366ff;\">Teilnehmer-Anzahl<\/span><\/td>\n<td style=\"text-align: center;\"><span style=\"color: #3366ff;\">Fahrzeug<\/span><\/td>\n<td style=\"text-align: center;\"><span style=\"color: #3366ff;\">Preise<\/span><\/td>\n<\/tr>\n<tr>\n<td style=\"text-align: center;\"><span style=\"color: #3366ff;\"><strong>1 &#8211; 2<\/strong><\/span><\/td>\n<td style=\"text-align: center;\">Privater PKW<\/td>\n<td style=\"text-align: center;\"><strong><span style=\"color: #3366ff;\">80 <\/span><\/strong>\u20ac pro Transfer<\/td>\n<\/tr>\n<tr>\n<td style=\"text-align: center;\"><strong><span style=\"color: #3366ff;\">3 &#8211; 8<\/span><\/strong><\/td>\n<td style=\"text-align: center;\">Privater Mini-Bus<\/td>\n<td style=\"text-align: center;\"><strong><span style=\"color: #3366ff;\">95 <\/span><\/strong>\u20ac pro Transfer<\/td>\n<\/tr>\n<\/tbody>\n<\/table>\n<h2>Dauer der Fahrt zwischen Flughafen Hurghada und Port Ghalib<\/h2>\n<p>Die Entfernung vom Flughafen Hurghada nach Port Ghalib betr\u00e4gt ungef\u00e4hr 220 Kilometer. Die Fahrzeit vom Flughafen Hurghada nach Soma Bay dauert etwa 2,5 Stunden.<\/p>\n<h2>Peter Tours bietet Ihnen alle Transportservices in Port Ghalib an:<\/h2>\n<h3><span style=\"font-size: 12pt;\">Private Transfers zwischen Flughafen Hurghada und Port Ghalib<\/span><\/h3>\n<h3><span style=\"font-size: 12pt;\">Private Transfers zwischen Flughafen <strong>Marsa Alaam und <\/strong>Port Ghalib Hotels.<\/span><\/h3>\n<h3><span style=\"font-size: 12pt;\">Private Taxiservices von Ihrem Hotel in Port Ghalib<strong> nach Hurghada oder Marsa Alam.<\/strong><\/span><\/h3>\n<h2>Private Transfer zwischen Port Ghalib und allen Reisezielen in \u00c4gypten:<\/h2>\n<ul>\n<li>Kairo<\/li>\n<li>Luxor<\/li>\n<li>Hurghada<\/li>\n<li>El Gouna<\/li>\n<li>Sahl Hasheesh<\/li>\n<li>Makadi Bay<\/li>\n<li>Soma Bay<\/li>\n<li>Safaga<\/li>\n<li>El Quseir<\/li>\n<li>Marsa Alam<\/li>\n<\/ul>\n<h2>Port Ghalib Transfer privat: Die Vorteile<\/h2>\n<h3>Zeitersparnis<\/h3>\n<ul>\n<li>Der private Transfer vom Flughafen Hurghada nach Port Ghalib dauert ca. 2.5 Stunden.<\/li>\n<li>Mit einem Shuttlebus kann die Fahrzeit jedoch stark variieren, da Wartezeiten am Flughafen Hurghada entstehen k\u00f6nnen. In manchen F\u00e4llen kann die Fahrt mit dem Shuttlebus bis zu f\u00fcnf Stunden dauern.<\/li>\n<\/ul>\n<h3>Zuverl\u00e4ssigkeit und Komfort<\/h3>\n<p>Ein privater Transfer bietet Abholung durch einen Reiseleiter, individuellen Transferluxus und T\u00fcr-zu-T\u00fcr-Service ohne versteckte Kosten. W\u00e4hlen Sie zwischen verschiedenen Fahrzeugen und genie\u00dfen Sie eine stressfreie Fahrt zu Ihrem Hotel in Port Ghalib.<\/p>\n<p>Sie k\u00f6nnen Ihren privaten Transfer vom Flughafen Hurghada nach Port Ghalib mit Peter Tours bequem online buchen. In weniger als einer Minute k\u00f6nnen Sie Ihren Transfer buchen und eine sofortige Best\u00e4tigung erhalten.<\/p>\n<h2>Folgen Sie uns auf Facebook:<\/h2>\n<p><a href=\"https:\/\/www.facebook.com\/aegypten.touren.ausfluege.mit.peter\/\" target=\"_blank\" rel=\"noopener nofollow\"><img decoding=\"async\" data-src=\"https:\/\/aegyptentouren.de\/wp-content\/uploads\/2024\/01\/Peter-Tours-400x300.png\" alt=\"\u00c4gypten Touren &amp; Ausfl\u00fcge mit Peter Tours\" width=\"55\" height=\"41\" src=\"data:image\/svg+xml;base64,PHN2ZyB3aWR0aD0iMSIgaGVpZ2h0PSIxIiB4bWxucz0iaHR0cDovL3d3dy53My5vcmcvMjAwMC9zdmciPjwvc3ZnPg==\" class=\"lazyload\" style=\"--smush-placeholder-width: 55px; --smush-placeholder-aspect-ratio: 55\/41;\" \/><\/a><\/p>\n<p><a href=\"https:\/\/www.pinterest.de\/aegyptentouren\/\" target=\"_blank\" rel=\"noopener nofollow\"><img decoding=\"async\" data-src=\"https:\/\/aegyptentouren.de\/wp-content\/uploads\/2024\/01\/Peter-Tours-1-400x300.png\" alt=\"\u00c4gypten Touren &amp; Ausfl\u00fcge mit ( Peter Tours )\" width=\"56\" height=\"42\" src=\"data:image\/svg+xml;base64,PHN2ZyB3aWR0aD0iMSIgaGVpZ2h0PSIxIiB4bWxucz0iaHR0cDovL3d3dy53My5vcmcvMjAwMC9zdmciPjwvc3ZnPg==\" class=\"lazyload\" style=\"--smush-placeholder-width: 56px; --smush-placeholder-aspect-ratio: 56\/42;\" \/><\/a><\/p>\n<p>&nbsp;<\/p>\n","protected":false},"excerpt":{"rendered":"<p>Der pers\u00f6nliche Transportservice bei Peter Tours bietet einen bequemen Transfer vom Flughafen Hurghada nach Port Ghalib zu fairen Preisen, um den stressfreien Start in den Urlaub zu gew\u00e4hrleisten. Mit dem individuellen Port Ghalib Transfer genie\u00dfen Sie eine komfortable und bequeme Fahrt zum Wunschziel, um Ihren Urlaub in Port Ghalib entspannt zu beginnen. Privater Transfer vom [&hellip;]<\/p>\n","protected":false},"featured_media":21348,"comment_status":"open","ping_status":"closed","template":"","meta":{"_monsterinsights_skip_tracking":false,"_monsterinsights_sitenote_active":false,"_monsterinsights_sitenote_note":"","_monsterinsights_sitenote_category":0},"product_brand":[],"product_cat":[218,206],"product_tag":[244],"class_list":{"0":"post-21993","1":"product","2":"type-product","3":"status-publish","4":"has-post-thumbnail","6":"product_cat-aegypten-flughafen-transfer","7":"product_cat-port-ghalib-ausfluege","8":"product_tag-hurghada-flughafentransfers","10":"first","11":"instock","12":"shipping-taxable","13":"purchasable","14":"product-type-ovabrw_car_rental","15":"add-to-wishlist-after_add_to_cart"},"_links":{"self":[{"href":"https:\/\/aegyptentouren.de\/en\/wp-json\/wp\/v2\/product\/21993","targetHints":{"allow":["GET"]}}],"collection":[{"href":"https:\/\/aegyptentouren.de\/en\/wp-json\/wp\/v2\/product"}],"about":[{"href":"https:\/\/aegyptentouren.de\/en\/wp-json\/wp\/v2\/types\/product"}],"replies":[{"embeddable":true,"href":"https:\/\/aegyptentouren.de\/en\/wp-json\/wp\/v2\/comments?post=21993"}],"version-history":[{"count":6,"href":"https:\/\/aegyptentouren.de\/en\/wp-json\/wp\/v2\/product\/21993\/revisions"}],"predecessor-version":[{"id":26226,"href":"https:\/\/aegyptentouren.de\/en\/wp-json\/wp\/v2\/product\/21993\/revisions\/26226"}],"wp:featuredmedia":[{"embeddable":true,"href":"https:\/\/aegyptentouren.de\/en\/wp-json\/wp\/v2\/media\/21348"}],"wp:attachment":[{"href":"https:\/\/aegyptentouren.de\/en\/wp-json\/wp\/v2\/media?parent=21993"}],"wp:term":[{"taxonomy":"product_brand","embeddable":true,"href":"https:\/\/aegyptentouren.de\/en\/wp-json\/wp\/v2\/product_brand?post=21993"},{"taxonomy":"product_cat","embeddable":true,"href":"https:\/\/aegyptentouren.de\/en\/wp-json\/wp\/v2\/product_cat?post=21993"},{"taxonomy":"product_tag","embeddable":true,"href":"https:\/\/aegyptentouren.de\/en\/wp-json\/wp\/v2\/product_tag?post=21993"}],"curies":[{"name":"wp","href":"https:\/\/api.w.org\/{rel}","templated":true}]}}