{"id":21721,"date":"2026-03-24T15:04:25","date_gmt":"2026-03-24T14:04:25","guid":{"rendered":"https:\/\/aegyptentouren.de\/?post_type=product&#038;p=21721"},"modified":"2026-03-24T16:01:35","modified_gmt":"2026-03-24T15:01:35","slug":"transfer-vom-flughafen-hurghada-nach-marsa-alam-privat-hotel-taxi-services","status":"publish","type":"product","link":"https:\/\/aegyptentouren.de\/en\/aegypten-flughafen-transfer\/transfer-vom-flughafen-hurghada-nach-marsa-alam-privat-hotel-taxi-services\/","title":{"rendered":"Privater Transfer vom Flughafen Hurghada nach Marsa Alam und Transportservices in Marsa Alam"},"content":{"rendered":"<p>Der pers\u00f6nliche Transportservice bei Peter Tours bietet einen bequemen Transfer vom Flughafen Hurghada nach Marsa Alam zu fairen Preisen, um den stressfreien Start in den Urlaub zu gew\u00e4hrleisten.<\/p>\n<p>Mit dem individuellen Marsa Alam Transfer genie\u00dfen Sie eine komfortable und bequeme Fahrt zum Wunschziel, um Ihren Urlaub in Marsa Alam entspannt zu beginnen.<\/p>\n<h2 data-section-id=\"1q968ov\" data-start=\"149\" data-end=\"217\">Privater Transfer vom Flughafen Hurghada nach Marsa Alam \u2013 Preise<\/h2>\n<h3 data-section-id=\"1dr9v5o\" data-start=\"219\" data-end=\"256\">Transfer zu Hotels in Port Ghalib<\/h3>\n<table style=\"border-collapse: collapse;\">\n<tbody>\n<tr>\n<td style=\"text-align: center;\"><span style=\"color: #3366ff;\">Teilnehmer-Anzahl<\/span><\/td>\n<td style=\"text-align: center;\"><span style=\"color: #3366ff;\">Fahrzeug<\/span><\/td>\n<td style=\"text-align: center;\"><span style=\"color: #3366ff;\">Preise<\/span><\/td>\n<\/tr>\n<tr>\n<td style=\"text-align: center;\"><span style=\"color: #3366ff;\"><strong>1 &#8211; 2<\/strong><\/span><\/td>\n<td style=\"text-align: center;\">Privater PKW<\/td>\n<td style=\"text-align: center;\"><strong><span style=\"color: #3366ff;\">80 <\/span><\/strong>\u20ac pro Transfer<\/td>\n<\/tr>\n<tr>\n<td style=\"text-align: center;\"><strong><span style=\"color: #3366ff;\">3 &#8211; 8<\/span><\/strong><\/td>\n<td style=\"text-align: center;\">Privater Mini-Bus<\/td>\n<td style=\"text-align: center;\"><strong><span style=\"color: #3366ff;\">95 <\/span><\/strong>\u20ac pro Transfer<\/td>\n<\/tr>\n<\/tbody>\n<\/table>\n<h3 data-section-id=\"w2dt2k\" data-start=\"405\" data-end=\"457\">Hotels zwischen Port Ghalib und Marsa Alam Stadt<\/h3>\n<table style=\"border-collapse: collapse;\">\n<tbody>\n<tr>\n<td style=\"text-align: center;\"><strong><span style=\"color: #3366ff;\">Teilnehmer-Anzahl<\/span><\/strong><\/td>\n<td style=\"text-align: center;\"><strong><span style=\"color: #3366ff;\">Fahrzeug<\/span><\/strong><\/td>\n<td style=\"text-align: center;\"><strong><span style=\"color: #3366ff;\">Preise<\/span><\/strong><\/td>\n<\/tr>\n<tr>\n<td style=\"text-align: center;\"><span style=\"color: #3366ff;\"><strong>1 &#8211; 2<\/strong><\/span><\/td>\n<td style=\"text-align: center;\">Privater PKW<\/td>\n<td style=\"text-align: center;\"><strong><span style=\"color: #3366ff;\">95 <\/span><\/strong>\u20ac pro Transfer<\/td>\n<\/tr>\n<tr>\n<td style=\"text-align: center;\"><strong><span style=\"color: #3366ff;\">3 &#8211; 8<\/span><\/strong><\/td>\n<td style=\"text-align: center;\">Privater Mini-Bus<\/td>\n<td style=\"text-align: center;\"><strong><span style=\"color: #3366ff;\">120 <\/span><\/strong>\u20ac pro Transfer<\/td>\n<\/tr>\n<\/tbody>\n<\/table>\n<p data-start=\"607\" data-end=\"743\"><strong data-start=\"607\" data-end=\"621\">Anmerkung:<\/strong> F\u00fcr Transferpreise vom Flughafen Hurghada zu Hotels s\u00fcdlich von Marsa Alam Stadt kontaktieren Sie uns bitte per WhatsApp.<\/p>\n<h2>Dauer der Fahrt zwischen Flughafen Hurghada und Marsa Alam<\/h2>\n<p>Die Entfernung vom Flughafen Hurghada nach Marsa Alam betr\u00e4gt ungef\u00e4hr 260 Kilometer. Die Fahrzeit vom Flughafen Hurghada nach Soma Bay dauert etwa 2,5 &#8211; 3.5 Stunden.<\/p>\n<h2>Peter Tours bietet Ihnen alle Transportservices in Marsa Alam an:<\/h2>\n<h3>Private Transfers zwischen Flughafen Hurghada und Marsa Alam<\/h3>\n<h3>Private Transfers zwischen Flughafen <strong>Marsa Alaam und <\/strong>Marsa Alam Hotels.<\/h3>\n<h3>Private Taxiservices von Ihrem Hotel in Marsa Alam<strong> nach Hurghada.<\/strong><\/h3>\n<h3>Private Transfers zwischen <strong>Marsa Alam und allen Reisezielen in \u00c4gypten<\/strong>:<\/h3>\n<ul>\n<li>Kairo<\/li>\n<li>Luxor<\/li>\n<li>Hurghada<\/li>\n<li>El Gouna<\/li>\n<li>Sahl Hasheesh<\/li>\n<li>Makadi Bay<\/li>\n<li>Soma Bay<\/li>\n<li>Safaga<\/li>\n<li>El Quseir<\/li>\n<li>Port Ghalib<\/li>\n<\/ul>\n<h2>Marsa Alam Transfer privat: Die Vorteile<\/h2>\n<h3>Zeitersparnis<\/h3>\n<ul>\n<li>Der private Transfer vom Flughafen Hurghada nach Marsa Alam dauert ca. zweieinhalb Stunden.<\/li>\n<li>Mit einem Shuttlebus kann die Fahrzeit jedoch stark variieren, da Wartezeiten am Flughafen entstehen k\u00f6nnen. In manchen F\u00e4llen kann die Fahrt mit dem Shuttlebus bis zu f\u00fcnf Stunden dauern.<\/li>\n<\/ul>\n<h3>Zuverl\u00e4ssigkeit und Komfort<\/h3>\n<p>Ein privater Transfer bietet Abholung durch einen Reiseleiter, individuellen Transferluxus und T\u00fcr-zu-T\u00fcr-Service ohne versteckte Kosten. W\u00e4hlen Sie zwischen verschiedenen Fahrzeugen und genie\u00dfen Sie eine stressfreie Fahrt zu Ihrem Hotel in Marsa Alam.<\/p>\n<p>Sie k\u00f6nnen Ihren privaten Transfer vom Flughafen Hurghada nach Marsa Alam mit Peter Tours bequem online buchen. In weniger als einer Minute k\u00f6nnen Sie Ihren Transfer buchen und eine sofortige Best\u00e4tigung erhalten.<\/p>\n<h2>Marsa Alam Hotels Liste 2025:<\/h2>\n<ul>\n<li><span class=\"relative -mx-px my-[-0.2rem] rounded px-px py-[0.2rem]\">Steigenberger Resort Alaya Marsa Alam<\/span>\u200b<\/li>\n<li>Iberotel Costa Mares\u200b<\/li>\n<li>The Three Corners Fayrouz Plaza Beach Resort\u200b<\/li>\n<li>Jaz Amara\u200b<\/li>\n<li data-start=\"433\" data-end=\"518\">Hilton Marsa Alam Nubian Resort\u200b<\/li>\n<li data-start=\"522\" data-end=\"607\">Sataya Resort Marsa Alam\u200b<\/li>\n<li data-start=\"611\" data-end=\"696\">Jaz Riviera\u200b<\/li>\n<li data-start=\"700\" data-end=\"785\">Blend Elphistone Resort\u200b<\/li>\n<li data-start=\"789\" data-end=\"874\">Concorde Moreen Beach Resort &amp; Spa\u200b<\/li>\n<li data-start=\"879\" data-end=\"964\">Amarina Queen Resort &amp; Aqua Park Marsa Alam\u200b<\/li>\n<li data-start=\"969\" data-end=\"1054\">Malikia Resort Abu Dabbab\u200b<\/li>\n<li data-start=\"1059\" data-end=\"1144\">Jaz Maraya Resort\u200b<\/li>\n<li data-start=\"1149\" data-end=\"1234\">Casa Mare Resort\u200b<\/li>\n<li data-start=\"1239\" data-end=\"1324\">Jaz Lamaya Resort\u200b<\/li>\n<li data-start=\"1329\" data-end=\"1414\">Jaz Grand Marsa\u200b<\/li>\n<li data-start=\"1419\" data-end=\"1504\">Jaz Solaya\u200b<\/li>\n<li data-start=\"1509\" data-end=\"1594\">Jaz Dar El Madina\u200b<\/li>\n<li data-start=\"1599\" data-end=\"1684\">The Three Corners Sea Beach Resort\u200b<\/li>\n<li data-start=\"1689\" data-end=\"1774\">Royal Tulip Beach Resort\u200b<\/li>\n<li data-start=\"1779\" data-end=\"1864\">Deep South Eco-Lodge\u200b<\/li>\n<li data-start=\"1869\" data-end=\"1954\">Wadi Sabarah Lodge\u200b<\/li>\n<li data-start=\"1959\" data-end=\"2044\">Dream Lagoon Resort &amp; Aqua Park\u200b<\/li>\n<li data-start=\"2049\" data-end=\"2134\">True Beach Resort\u200b<\/li>\n<li data-start=\"2139\" data-end=\"2224\">Reef House\u200b<\/li>\n<li data-start=\"2229\" data-end=\"2314\">Protels Crystal Beach Resort\u200b<\/li>\n<li data-start=\"2319\" data-end=\"2404\">MG Alexander The Great Hotel\u200b<\/li>\n<li data-start=\"2409\" data-end=\"2494\">Utopia Beach Club\u200b<\/li>\n<li data-start=\"2499\" data-end=\"2584\">Blue Vision Diving Hotel\u200b<\/li>\n<li data-start=\"2589\" data-end=\"2674\">Fantazia Resort Marsa Alam\u200b<\/li>\n<li data-start=\"2679\" data-end=\"2764\">Aurora Bay Resort Marsa Alam\u200b<\/li>\n<li data-start=\"2769\" data-end=\"2854\">Bliss Nada Beach Resort\u200b<\/li>\n<li data-start=\"2859\" data-end=\"2944\">Deep Blue Inn\u200b<\/li>\n<li data-start=\"2949\" data-end=\"3034\">Gemma Resort\u200b<\/li>\n<li data-start=\"3039\" data-end=\"3124\">Gorgonia Beach Resort\u200b<\/li>\n<li data-start=\"3129\" data-end=\"3214\">Magic Tulip Beach Resort &amp; Spa\u200b<\/li>\n<li data-start=\"3219\" data-end=\"3304\">Royal Brayka Beach Resort\u200b<\/li>\n<li data-start=\"3309\" data-end=\"3394\">Shams Alam Beach Resort\u200b<\/li>\n<li data-start=\"3399\" data-end=\"3484\">The Oasis\u200b<\/li>\n<li data-start=\"3489\" data-end=\"3574\">The Three Corners Happy Life Beach Resort\u200b<\/li>\n<li data-start=\"3579\" data-end=\"3664\">Steigenberger Coraya Beach<\/li>\n<li data-start=\"3669\" data-end=\"3754\">Resta Grand Resort Marsa Alam\u200b<\/li>\n<li data-start=\"3759\" data-end=\"3844\">Resta Reef Resort Marsa Alam\u200b<\/li>\n<li data-start=\"3849\" data-end=\"3934\">El Malikia Resort Abu Dabbab\u200b<\/li>\n<li data-start=\"3939\" data-end=\"4024\">Royal Marsa &amp; Aqua Park\u200b<\/li>\n<li data-start=\"4029\" data-end=\"4114\">Calimera Habiba Beach Resort\u200b<\/li>\n<li data-start=\"4119\" data-end=\"4204\">Elphistone Resort Marsa Alam\u200b<\/li>\n<li data-start=\"4209\" data-end=\"4294\">Brayka Bay Reef Resort\u200b<\/li>\n<li data-start=\"4299\" data-end=\"4384\">Abu Dabbab Lodge\u200b<\/li>\n<li data-start=\"4389\" data-end=\"4474\">Tropitel Waves Marsa Alam\u200b<\/li>\n<li data-start=\"4479\" data-end=\"4568\">La Casa Guest House\u200b<\/li>\n<li data-start=\"4573\" data-end=\"4662\">Sea View House\u200b<\/li>\n<li data-start=\"4667\" data-end=\"4756\">Rayhana Guest House\u200b<\/li>\n<li data-start=\"4761\" data-end=\"4850\">SOULOTEL DREAM Resort &amp; Spa\u200b<\/li>\n<li data-start=\"4855\" data-end=\"4944\">Bliss Abo Nawas Resort\u200b<\/li>\n<li data-start=\"4949\" data-end=\"5038\">Beach Safari Nubian Resort\u200b<\/li>\n<li data-start=\"5043\" data-end=\"5132\">Red Sea Hotel\u200b<\/li>\n<li data-start=\"5137\" data-end=\"5226\">Abu Dabbab Diving Lodge\u200b<\/li>\n<li data-start=\"5231\" data-end=\"5320\">Shams Alam Resort\u200b<\/li>\n<li data-start=\"5325\" data-end=\"5414\">Nada Marsa Alam Resort\u200b<\/li>\n<li data-start=\"5419\" data-end=\"5508\">Royal Tulip Marsa Alam<\/li>\n<li data-start=\"5513\" data-end=\"5602\">The Three Corners Equinox Beach Resort<\/li>\n<\/ul>\n<h2>Folgen Sie uns auf Facebook:<\/h2>\n<p><a href=\"https:\/\/www.facebook.com\/aegypten.touren.ausfluege.mit.peter\/\" target=\"_blank\" rel=\"noopener nofollow\"><img decoding=\"async\" data-src=\"https:\/\/aegyptentouren.de\/wp-content\/uploads\/2024\/01\/Peter-Tours-400x300.png\" alt=\"\u00c4gypten Touren &amp; Ausfl\u00fcge mit Peter Tours\" width=\"55\" height=\"41\" src=\"data:image\/svg+xml;base64,PHN2ZyB3aWR0aD0iMSIgaGVpZ2h0PSIxIiB4bWxucz0iaHR0cDovL3d3dy53My5vcmcvMjAwMC9zdmciPjwvc3ZnPg==\" class=\"lazyload\" style=\"--smush-placeholder-width: 55px; --smush-placeholder-aspect-ratio: 55\/41;\" \/><\/a><\/p>\n<p><a href=\"https:\/\/www.pinterest.de\/aegyptentouren\/\" target=\"_blank\" rel=\"noopener nofollow\"><img decoding=\"async\" data-src=\"https:\/\/aegyptentouren.de\/wp-content\/uploads\/2024\/01\/Peter-Tours-1-400x300.png\" alt=\"\u00c4gypten Touren &amp; Ausfl\u00fcge mit ( Peter Tours )\" width=\"56\" height=\"42\" src=\"data:image\/svg+xml;base64,PHN2ZyB3aWR0aD0iMSIgaGVpZ2h0PSIxIiB4bWxucz0iaHR0cDovL3d3dy53My5vcmcvMjAwMC9zdmciPjwvc3ZnPg==\" class=\"lazyload\" style=\"--smush-placeholder-width: 56px; --smush-placeholder-aspect-ratio: 56\/42;\" \/><\/a><\/p>\n<p>&nbsp;<\/p>\n","protected":false},"excerpt":{"rendered":"<p>Der pers\u00f6nliche Transportservice bei Peter Tours bietet einen bequemen Transfer vom Flughafen Hurghada nach Marsa Alam zu fairen Preisen, um den stressfreien Start in den Urlaub zu gew\u00e4hrleisten. Mit dem individuellen Marsa Alam Transfer genie\u00dfen Sie eine komfortable und bequeme Fahrt zum Wunschziel, um Ihren Urlaub in Marsa Alam entspannt zu beginnen. Privater Transfer vom [&hellip;]<\/p>\n","protected":false},"featured_media":21348,"comment_status":"open","ping_status":"closed","template":"","meta":{"_monsterinsights_skip_tracking":false,"_monsterinsights_sitenote_active":false,"_monsterinsights_sitenote_note":"","_monsterinsights_sitenote_category":0},"product_brand":[],"product_cat":[218,208],"product_tag":[244],"class_list":{"0":"post-21721","1":"product","2":"type-product","3":"status-publish","4":"has-post-thumbnail","6":"product_cat-aegypten-flughafen-transfer","7":"product_cat-marsa-alaam-ausfluege","8":"product_tag-hurghada-flughafentransfers","10":"first","11":"instock","12":"shipping-taxable","13":"purchasable","14":"product-type-ovabrw_car_rental","15":"add-to-wishlist-after_add_to_cart"},"_links":{"self":[{"href":"https:\/\/aegyptentouren.de\/en\/wp-json\/wp\/v2\/product\/21721","targetHints":{"allow":["GET"]}}],"collection":[{"href":"https:\/\/aegyptentouren.de\/en\/wp-json\/wp\/v2\/product"}],"about":[{"href":"https:\/\/aegyptentouren.de\/en\/wp-json\/wp\/v2\/types\/product"}],"replies":[{"embeddable":true,"href":"https:\/\/aegyptentouren.de\/en\/wp-json\/wp\/v2\/comments?post=21721"}],"version-history":[{"count":5,"href":"https:\/\/aegyptentouren.de\/en\/wp-json\/wp\/v2\/product\/21721\/revisions"}],"predecessor-version":[{"id":26229,"href":"https:\/\/aegyptentouren.de\/en\/wp-json\/wp\/v2\/product\/21721\/revisions\/26229"}],"wp:featuredmedia":[{"embeddable":true,"href":"https:\/\/aegyptentouren.de\/en\/wp-json\/wp\/v2\/media\/21348"}],"wp:attachment":[{"href":"https:\/\/aegyptentouren.de\/en\/wp-json\/wp\/v2\/media?parent=21721"}],"wp:term":[{"taxonomy":"product_brand","embeddable":true,"href":"https:\/\/aegyptentouren.de\/en\/wp-json\/wp\/v2\/product_brand?post=21721"},{"taxonomy":"product_cat","embeddable":true,"href":"https:\/\/aegyptentouren.de\/en\/wp-json\/wp\/v2\/product_cat?post=21721"},{"taxonomy":"product_tag","embeddable":true,"href":"https:\/\/aegyptentouren.de\/en\/wp-json\/wp\/v2\/product_tag?post=21721"}],"curies":[{"name":"wp","href":"https:\/\/api.w.org\/{rel}","templated":true}]}}