{"id":21437,"date":"2025-03-02T12:00:53","date_gmt":"2025-03-02T11:00:53","guid":{"rendered":"https:\/\/aegyptentouren.de\/?post_type=product&#038;p=21437"},"modified":"2025-12-31T16:26:29","modified_gmt":"2025-12-31T15:26:29","slug":"aegypten-heissluftballon-ballonfahrt-luxor-ausflug-tal-der-koenige-ab-hurghada","status":"publish","type":"product","link":"https:\/\/aegyptentouren.de\/en\/hurghada-ausfluege\/aegypten-heissluftballon-ballonfahrt-luxor-ausflug-tal-der-koenige-ab-hurghada\/","title":{"rendered":"Luxor-Tagesausflug mit Ballonfahrt &#038; \u00dcbernachtung \u2013 ab Hurghada"},"content":{"rendered":"<p data-start=\"439\" data-end=\"1004\">Erleben Sie die Sch\u00f6nheit und Geschichte \u00c4gyptens auf dieser einzigartigen <strong>Luxor-Tour mit Hei\u00dfluftballonfahrt<\/strong> ab Hurghada!<\/p>\n<p data-start=\"439\" data-end=\"1004\">Nach einer entspannten Anreise \u00fcbernachten Sie in einem komfortablen Hotel in Luxor, um am n\u00e4chsten Morgen ein ganz besonderes Highlight zu genie\u00dfen: <strong data-start=\"687\" data-end=\"769\">eine spektakul\u00e4re Hei\u00dfluftballonfahrt \u00fcber Luxor<\/strong>. W\u00e4hrend die Sonne langsam \u00fcber dem Nil aufgeht, schweben Sie sanft \u00fcber die atemberaubende Landschaft und genie\u00dfen einen unvergleichlichen Panoramablick auf das <strong data-start=\"930\" data-end=\"1001\">Tal der K\u00f6nige, den Karnak-Tempel und die imposanten Memnon-Kolosse<\/strong>.<\/p>\n<p data-start=\"1006\" data-end=\"1427\">Anschlie\u00dfend erkunden Sie das sagenumwobene <strong data-start=\"1050\" data-end=\"1068\">Tal der K\u00f6nige<\/strong>, wo einst die m\u00e4chtigsten Pharaonen begraben wurden. Bestaune den majest\u00e4tischen <strong data-start=\"1150\" data-end=\"1188\">Totentempel der K\u00f6nigin Hatshepsut<\/strong>, die gewaltigen <strong data-start=\"1205\" data-end=\"1223\">Memnon-Kolosse<\/strong> und den beeindruckenden <strong data-start=\"1248\" data-end=\"1265\">Karnak-Tempel<\/strong>, eines der gr\u00f6\u00dften religi\u00f6sen Bauwerke der Antike.\u00a0 Genie\u00dfen Sie auch eine malerische <strong data-start=\"1358\" data-end=\"1388\">Nil Fahrt mit dem Motorboot<\/strong>, bevor es zur\u00fcck nach Hurghada geht.<\/p>\n<p data-start=\"1006\" data-end=\"1427\"><strong data-start=\"2608\" data-end=\"2716\">Buchen Sie jetzt Ihren Ausflug nach Luxor und erleben Sie die faszinierende Geschichte \u00c4gyptens hautnah!<\/strong><\/p>\n<ul>\n<li><strong>Online buchen und vor Ort bezahlen<\/strong><\/li>\n<li><strong>Bezahlung erfolgt bei der Abholung vom Hotel.<\/strong><\/li>\n<li><strong>Abholung in der Lobby Ihres Hotels.<\/strong><\/li>\n<li><strong>Kundendienst 24\/7 in der Woche erreichbar.<\/strong><\/li>\n<\/ul>\n<h2>Luxor-Tagestour: Hei\u00dfluftballon &amp; Tal der K\u00f6nige ab Hurghada &#8211; Programmablauf:<\/h2>\n<h3><span style=\"color: #ff9900;\"><strong data-start=\"0\" data-end=\"31\">Abholung &amp; Fahrt nach Luxor<\/strong><\/span><\/h3>\n<p>Sie werden fr\u00fch morgens von Ihrem Hotel in Hurghada mit einem klimatisierten PKW oder Minibus abgeholt. Anschlie\u00dfend beginnt die entspannte Fahrt nach Luxor, w\u00e4hrend Sie unterwegs die abwechslungsreiche Landschaft genie\u00dfen.<\/p>\n<h3><span style=\"color: #ff9900;\"><strong data-start=\"0\" data-end=\"40\">Ankunft in Luxor &amp; Hotel\u00fcbernachtung<\/strong><\/span><\/h3>\n<p>Nach Ihrer Ankunft in Luxor checken Sie in einem komfortablen Hotel ein. Am Abend genie\u00dfen Sie ein entspanntes Abendessen und haben Zeit zur Erholung. Danach verbringen Sie die Nacht im Hotel, um ausgeruht in den n\u00e4chsten erlebnisreichen Tag zu starten.<\/p>\n<h2><span style=\"font-size: 14pt; color: #ff9900;\"><strong data-start=\"0\" data-end=\"34\">Hei\u00dfluftballonfahrt \u00fcber Luxor<\/strong><\/span><\/h2>\n<ul>\n<li>Schweben Sie hoch \u00fcber die majest\u00e4tischen Tempel und das Tal der K\u00f6nige bei einer atemberaubenden Hei\u00dfluftballonfahrt \u00fcber Luxor.<\/li>\n<li>Erleben Sie den Sonnenaufgang in einer einzigartigen Perspektive und genie\u00dfen Sie einen unvergesslichen Panoramablick auf die antiken Monumente und den Nil.<\/li>\n<li>Diese einmalige Erfahrung bietet Ihnen die M\u00f6glichkeit, die historische Landschaft von Luxor aus der Vogelperspektive zu entdecken und dabei die beeindruckende Sch\u00f6nheit der Region zu genie\u00dfen. Ein absolutes Highlight jeder \u00c4gyptenreise!<\/li>\n<\/ul>\n<h3 data-start=\"330\" data-end=\"389\"><span style=\"color: #ff9900;\"><strong data-start=\"335\" data-end=\"387\">Karnak-Tempel<\/strong><\/span><\/h3>\n<p data-start=\"390\" data-end=\"740\">Der Karnak-Tempel ist eines der beeindruckendsten Bauwerke des alten \u00c4gyptens. Errichtet \u00fcber einen Zeitraum von mehr als 1.500 Jahren, diente dieser gewaltige Tempelkomplex als religi\u00f6ses und politisches Zentrum. Riesige Pylonen, majest\u00e4tische S\u00e4ulenhallen und imposante Obelisken machen den Karnak-Tempel zu einem Meisterwerk antiker Architektur.<\/p>\n<h3 data-start=\"742\" data-end=\"801\"><span style=\"color: #ff9900;\"><strong data-start=\"747\" data-end=\"799\">Hatschepsut-Tempel<\/strong><\/span><\/h3>\n<p data-start=\"802\" data-end=\"1112\">Der spektakul\u00e4re Totentempel der K\u00f6nigin Hatschepsut in Deir El-Bahari beeindruckt mit seiner einzigartigen Architektur, eingebettet in die steilen Felsw\u00e4nde von Theben-West. Er wurde zu Ehren der einzigen weiblichen Pharaonin \u00c4gyptens errichtet und erz\u00e4hlt die Geschichte ihrer au\u00dfergew\u00f6hnlichen Herrschaft.<\/p>\n<h4 data-start=\"2130\" data-end=\"2185\"><span style=\"font-size: 14pt; color: #ff9900;\"><strong data-start=\"2135\" data-end=\"2183\">Mittagessen in Luxor<\/strong><\/span><\/h4>\n<p data-start=\"2186\" data-end=\"2364\">Nach spannenden Entdeckungen erwartet Sie ein k\u00f6stliches Mittagessen in einem lokalen Restaurant. Genie\u00dfen Sie die traditionelle \u00e4gyptische K\u00fcche, meist serviert in Buffetform.<\/p>\n<h3 data-start=\"1114\" data-end=\"1170\"><span style=\"color: #ff9900;\"><strong data-start=\"1119\" data-end=\"1168\">Nil Fahrt mit Motorb<\/strong><\/span><span style=\"color: #ff9900;\"><strong data-start=\"1119\" data-end=\"1168\">oot<\/strong><\/span><\/h3>\n<p data-start=\"1171\" data-end=\"1449\">Genie\u00dfen Sie eine entspannte Bootsfahrt auf dem Nil und lassen Sie die traumhafte Kulisse der historischen Stadt auf sich wirken. W\u00e4hrend Sie sanft \u00fcber das Wasser gleiten, er\u00f6ffnet sich Ihnen ein einzigartiger Blick auf Luxors antike Tempel und die malerische Uferlandschaft.<\/p>\n<h3 data-start=\"1451\" data-end=\"1510\"><span style=\"color: #ff9900;\"><strong data-start=\"1456\" data-end=\"1508\">Die Memnonkolosse<\/strong><\/span><\/h3>\n<p data-start=\"1511\" data-end=\"1757\">Diese monumentalen Statuen, die einst den Eingang zum Tempel von Amenophis III. bewachten, z\u00e4hlen zu den beeindruckendsten Relikten des alten \u00c4gyptens. \u00dcber 3.000 Jahre alt, stehen die Memnonkolosse noch heute majest\u00e4tisch am Westufer des Nils.<\/p>\n<h2 data-start=\"1759\" data-end=\"1826\"><span style=\"font-size: 14pt; color: #ff9900;\"><strong data-start=\"1764\" data-end=\"1824\">Das Tal der K\u00f6nige<\/strong><\/span><\/h2>\n<p data-start=\"1827\" data-end=\"2128\">Besuchen Sie die legend\u00e4re Nekropole der Pharaonen, in der zahlreiche Herrscher des Neuen Reiches ihre pr\u00e4chtigen Grabst\u00e4tten errichten lie\u00dfen. Entdecken Sie kunstvoll verzierte Gr\u00e4ber, darunter das weltber\u00fchmte Grab von Tutanchamun, und tauchen Sie ein in die faszinierende Welt des alten \u00c4gyptens.<\/p>\n<h4 data-start=\"2366\" data-end=\"2400\"><span style=\"font-size: 14pt; color: #ff9900;\"><strong data-start=\"2371\" data-end=\"2398\">R\u00fcckfahrt nach Hurghada<\/strong><\/span><\/h4>\n<p data-start=\"2401\" data-end=\"2603\">Nach einem unvergesslichen Tag voller historischer H\u00f6hepunkte geht es entspannt zur\u00fcck nach Hurghada. Lehnen Sie sich zur\u00fcck und lassen Sie die Erlebnisse der antiken Welt noch einmal Revue passieren.<\/p>\n<h2>Privater Ausflug von Hughada nach Luxor inklusive Hei\u00dfluftballonfahrt &#8211; Preise:<\/h2>\n<table style=\"border-collapse: collapse;\">\n<tbody>\n<tr>\n<td style=\"text-align: center;\"><span style=\"color: #3366ff;\">Die Teilnehmer<\/span><\/td>\n<td style=\"text-align: center;\"><span style=\"color: #3366ff;\">Fahrzeug<\/span><\/td>\n<td style=\"text-align: center;\"><span style=\"color: #3366ff;\">Preis pro Person<\/span><\/td>\n<\/tr>\n<tr>\n<td style=\"text-align: center;\"><span style=\"color: #3366ff;\">2<\/span><\/td>\n<td style=\"text-align: center;\">Luxor Ausflug mit Ballonfahrt<span style=\"font-family: inherit; font-size: inherit;\">| PKW<\/span><\/td>\n<td style=\"text-align: center;\"><span style=\"color: #ff0000;\"><del>299<\/del><\/span> <span style=\"color: #3366ff;\">320<\/span>\u20ac<\/td>\n<\/tr>\n<tr>\n<td style=\"text-align: center;\"><span style=\"color: #3366ff;\">3-4<\/span><\/td>\n<td style=\"text-align: center;\">Luxor Ausflug mit Ballonfahrt| Minibus<\/td>\n<td style=\"text-align: center;\"><span style=\"color: #ff0000;\"><del>290<\/del><\/span> <span style=\"color: #3366ff;\">270<\/span>\u20ac<\/td>\n<\/tr>\n<tr>\n<td style=\"text-align: center;\"><span style=\"color: #3366ff;\">5-6<\/span><\/td>\n<td style=\"text-align: center;\">Luxor Ausflug mit Ballonfahrt| Minibus<\/td>\n<td style=\"text-align: center;\"><span style=\"color: #ff0000;\"><del>250<\/del><\/span> <span style=\"color: #3366ff;\">260<\/span>\u20ac<\/td>\n<\/tr>\n<\/tbody>\n<\/table>\n<h3>Kinder Preise<\/h3>\n<table style=\"border-collapse: collapse;\">\n<tbody>\n<tr>\n<td>Kind:\u00a0 \u00a0 \u00a0 \u00a0 \u00a0 <span style=\"color: #3366ff;\"><strong>\u00a03-11<\/strong><\/span><\/td>\n<td><span style=\"color: #3366ff;\"><strong>150<\/strong><\/span>\u00a0\u20ac<\/td>\n<\/tr>\n<tr>\n<td>Kleinkind:\u00a0 <span style=\"color: #3366ff;\"><strong>0-2<\/strong><\/span><\/td>\n<td><strong><span style=\"color: #3366ff;\">Frei<\/span><\/strong><\/td>\n<\/tr>\n<\/tbody>\n<\/table>\n<h4 style=\"text-align: left;\">Anmerkungen<\/h4>\n<ul>\n<li>Zus\u00e4tzliche Kosten wie Trinkgelder sind nicht im Preis inbegriffen.<\/li>\n<li>Der Reiseleiter kann m\u00f6glicherweise die Reihenfolge \u00e4ndern. \u00c4nderungen im Programm sind aus technischen oder organisatorischen Gr\u00fcnden m\u00f6glich.<\/li>\n<\/ul>\n<h4>Mitnehmen<\/h4>\n<p>Um Ihren 2-t\u00e4gigen Ausflug nach Luxor \u2013 inklusive Hei\u00dfluftballonfahrt vollst\u00e4ndig genie\u00dfen zu k\u00f6nnen, sollten Sie einige wichtige Dinge mitbringen:<\/p>\n<ul>\n<li>G\u00fcltiger Reisepass mit Visum oder Personalausweis mit Visum-Beleg.<\/li>\n<li aria-level=\"1\">Sonnenbrille &amp;\u00a0Sonnenschutz:\u00a0Da Sie den Gro\u00dfteil des Ausflugs im Freien verbringen, ist es wichtig, Sonnenschutzmittel, eine Sonnenbrille und einen Hut mitzubringen, um sich vor der intensiven Sonneneinstrahlung zu sch\u00fctzen.<\/li>\n<li>Fotoapparat, Handy und Ladekabel<\/li>\n<li>Warme Kleidung im Winter<\/li>\n<li>Leichte Kleidung im Sommer<\/li>\n<li>Geld<\/li>\n<\/ul>\n<h4><b>Zahlungsmodalit\u00e4ten:<\/b><\/h4>\n<p><span style=\"font-weight: 400;\">Die Zahlung in Bargeld (Euro, US-Dollar, Schweizer Franken oder \u00e4gyptisches Pfund). Kartenzahlung ist derzeit nicht m\u00f6glich.<\/span><\/p>\n<h4><b>Transferkosten:<\/b><\/h4>\n<p><span style=\"font-weight: 400;\">Die Transferkosten f\u00fcr Hin- und R\u00fcckfahrten nach Luxor von Hotels in Hurghada, Sahl Hasheesh, Makadi Bay, Soma Bay und Safaga sind im Preis enthalten. F\u00fcr Transfers von Hotels in El Gouna oder vom Hafen in Safaga f\u00e4llt je nach Gruppengr\u00f6\u00dfe ein kleiner Aufpreis zwischen 2,- und 10,- \u20ac pro Person an.<\/span><\/p>\n<p><strong><span style=\"font-size: 14pt;\">Gerne bieten wir Ihnen weitere Angebote an:<\/span><\/strong><\/p>\n<ul>\n<li><strong><span style=\"color: #0000ff;\"><a style=\"color: #0000ff;\" href=\"https:\/\/aegyptentouren.de\/hurghada-ausfluege\/privater-ausflug-von-hurghada-nach-luxor-ins-tal-der-koenige\/\">privater Ausflug nach Luxor ins Tal der K\u00f6nige ab Hurghada\u00a0<\/a><\/span><\/strong><\/li>\n<li data-start=\"135\" data-end=\"215\"><span style=\"color: #0000ff;\"><strong><a style=\"color: #0000ff;\" href=\"https:\/\/aegyptentouren.de\/hurghada-ausfluege\/privater-ausflug-von-hurghada-nach-kairo-und-die-pyramiden-von-gizeh-privat\/\">Privater Ausflug von Hurghada zu den Pyramiden \u2013 Tagesausflug nach Kairo<\/a><\/strong><\/span><\/li>\n<li data-start=\"135\" data-end=\"215\"><span style=\"color: #0000ff;\"><strong><a style=\"color: #0000ff;\" href=\"https:\/\/aegyptentouren.de\/hurghada-ausfluege\/ausflug-tagesausflug-von-hurghada-nach-luxor-ins-tal-der-koenige-mit-mini-bus\/\">Ganztagesausflug von Hurghada nach Luxor ins Tal der K\u00f6nige mit Mini-Bus<\/a><\/strong><\/span><\/li>\n<li data-start=\"135\" data-end=\"215\"><span style=\"color: #0000ff;\"><strong><a style=\"color: #0000ff;\" href=\"https:\/\/aegyptentouren.de\/hurghada-ausfluege\/ausflug-tagesausflug-von-hurghada-nach-kairo-zu-den-pyramiden-mit-mini-bus\/\">Tagestour von Hurghada nach Kairo und zu den Pyramiden von Gizeh mit Mini-Bus<\/a><\/strong><\/span><\/li>\n<\/ul>\n<p>&nbsp;<\/p>\n<p><span style=\"font-size: 14pt;\"><strong>Folgen Sie uns:<\/strong><\/span><\/p>\n<p><a href=\"https:\/\/www.facebook.com\/aegypten.touren.ausfluege.mit.peter\/\" target=\"_blank\" rel=\"noopener nofollow\"><img decoding=\"async\" data-src=\"https:\/\/aegyptentouren.de\/wp-content\/uploads\/2024\/01\/Peter-Tours-400x300.png\" alt=\"\u00c4gypten Touren &amp; Ausfl\u00fcge mit Peter Tours\" width=\"55\" height=\"41\" src=\"data:image\/svg+xml;base64,PHN2ZyB3aWR0aD0iMSIgaGVpZ2h0PSIxIiB4bWxucz0iaHR0cDovL3d3dy53My5vcmcvMjAwMC9zdmciPjwvc3ZnPg==\" class=\"lazyload\" style=\"--smush-placeholder-width: 55px; --smush-placeholder-aspect-ratio: 55\/41;\" \/><\/a><\/p>\n<p><a href=\"https:\/\/www.pinterest.de\/aegyptentouren\/\" target=\"_blank\" rel=\"noopener nofollow\"><img decoding=\"async\" data-src=\"https:\/\/aegyptentouren.de\/wp-content\/uploads\/2024\/01\/Peter-Tours-1-400x300.png\" alt=\"\u00c4gypten Touren &amp; Ausfl\u00fcge mit ( Peter Tours )\" width=\"56\" height=\"42\" src=\"data:image\/svg+xml;base64,PHN2ZyB3aWR0aD0iMSIgaGVpZ2h0PSIxIiB4bWxucz0iaHR0cDovL3d3dy53My5vcmcvMjAwMC9zdmciPjwvc3ZnPg==\" class=\"lazyload\" style=\"--smush-placeholder-width: 56px; --smush-placeholder-aspect-ratio: 56\/42;\" \/><\/a><\/p>\n<p>&nbsp;<\/p>\n","protected":false},"excerpt":{"rendered":"<p>Erleben Sie die Sch\u00f6nheit und Geschichte \u00c4gyptens auf dieser einzigartigen Luxor-Tour mit Hei\u00dfluftballonfahrt ab Hurghada! Nach einer entspannten Anreise \u00fcbernachten Sie in einem komfortablen Hotel in Luxor, um am n\u00e4chsten Morgen ein ganz besonderes Highlight zu genie\u00dfen: eine spektakul\u00e4re Hei\u00dfluftballonfahrt \u00fcber Luxor. W\u00e4hrend die Sonne langsam \u00fcber dem Nil aufgeht, schweben Sie sanft \u00fcber die [&hellip;]<\/p>\n","protected":false},"featured_media":21450,"comment_status":"open","ping_status":"closed","template":"","meta":{"_monsterinsights_skip_tracking":false,"_monsterinsights_sitenote_active":false,"_monsterinsights_sitenote_note":"","_monsterinsights_sitenote_category":0},"product_brand":[],"product_cat":[199],"product_tag":[250],"class_list":{"0":"post-21437","1":"product","2":"type-product","3":"status-publish","4":"has-post-thumbnail","6":"product_cat-hurghada-ausfluege","7":"product_tag-luxor-sehenswuerdigkeiten","9":"first","10":"instock","11":"sale","12":"shipping-taxable","13":"purchasable","14":"product-type-ovabrw_car_rental","15":"add-to-wishlist-after_add_to_cart"},"_links":{"self":[{"href":"https:\/\/aegyptentouren.de\/en\/wp-json\/wp\/v2\/product\/21437","targetHints":{"allow":["GET"]}}],"collection":[{"href":"https:\/\/aegyptentouren.de\/en\/wp-json\/wp\/v2\/product"}],"about":[{"href":"https:\/\/aegyptentouren.de\/en\/wp-json\/wp\/v2\/types\/product"}],"replies":[{"embeddable":true,"href":"https:\/\/aegyptentouren.de\/en\/wp-json\/wp\/v2\/comments?post=21437"}],"version-history":[{"count":17,"href":"https:\/\/aegyptentouren.de\/en\/wp-json\/wp\/v2\/product\/21437\/revisions"}],"predecessor-version":[{"id":21773,"href":"https:\/\/aegyptentouren.de\/en\/wp-json\/wp\/v2\/product\/21437\/revisions\/21773"}],"wp:featuredmedia":[{"embeddable":true,"href":"https:\/\/aegyptentouren.de\/en\/wp-json\/wp\/v2\/media\/21450"}],"wp:attachment":[{"href":"https:\/\/aegyptentouren.de\/en\/wp-json\/wp\/v2\/media?parent=21437"}],"wp:term":[{"taxonomy":"product_brand","embeddable":true,"href":"https:\/\/aegyptentouren.de\/en\/wp-json\/wp\/v2\/product_brand?post=21437"},{"taxonomy":"product_cat","embeddable":true,"href":"https:\/\/aegyptentouren.de\/en\/wp-json\/wp\/v2\/product_cat?post=21437"},{"taxonomy":"product_tag","embeddable":true,"href":"https:\/\/aegyptentouren.de\/en\/wp-json\/wp\/v2\/product_tag?post=21437"}],"curies":[{"name":"wp","href":"https:\/\/api.w.org\/{rel}","templated":true}]}}