{"id":21317,"date":"2025-02-02T15:04:19","date_gmt":"2025-02-02T14:04:19","guid":{"rendered":"https:\/\/aegyptentouren.de\/?post_type=product&#038;p=21317"},"modified":"2026-03-29T20:36:24","modified_gmt":"2026-03-29T18:36:24","slug":"private-delfin-tour-mit-speedboot-und-schnorcheln-ab-safaga","status":"publish","type":"product","link":"https:\/\/aegyptentouren.de\/en\/safaga-ausfluege\/private-delfin-tour-mit-speedboot-und-schnorcheln-ab-safaga\/","title":{"rendered":"Private Delfin Tour mit Speedboot &#038; Schnorchel-Ausflug ab Safaga"},"content":{"rendered":"<p>private Delfin-Tour mit Speedboot und Schnorcheln ab Safaga | Speedboot Safaga | Delfin Ausflug mit dem Speedboot privat von Safaga | Delfin Boot Safaga. Erleben Sie mit uns einzigartige\u00a0 Erfahrung\u00a0 beim Schwimmen mit den Delfinen\u00a0 mit privatem Speedboot ab Safaga. Genie\u00dfen Sie Ihre Private Delfin Tour &amp; Schnorcheln Ausflug ohne Massentourismus ab Safaga \u2013 Erstklassiger Service<\/p>\n<p>Buchen Sie noch heute Ihren Delfin Ausflug mit dem Speedboot\u00a0mit Peter Tours\u00a0und erleben Sie dieses einzigartige Abenteuer selbst!<\/p>\n<ul>\n<li aria-level=\"1\">Online Buchen Vor Ort Bezahlen<\/li>\n<li aria-level=\"1\">Bezahlung Erfolgt bei der Abholung vom Hotel<\/li>\n<li aria-level=\"1\">Abholung von der Lobby ihres Hotel<\/li>\n<li aria-level=\"1\">Kundendienst 24\/7 in der Woche erreichbar.<\/li>\n<\/ul>\n<h2>Privater Delfin Ausflug Safaga mit Speedboot &amp; Schnorcheln Tour:<\/h2>\n<p>Der private Delfin Tour von Safaga mit Speedboot und Schnorcheln Ausflug ist ein aufregendes Erlebnis, das Ihnen die M\u00f6glichkeit bietet, die faszinierende Unterwasserwelt \u00c4gyptens zu entdecken und mit den atemberaubenden Delfinen in Kontakt zu treten.<\/p>\n<p>Bei diesem privaten Delfin Tour ab Safaga mit Speedboot haben Sie die einmalige Gelegenheit, Delfine in ihrer nat\u00fcrlichen Umgebung zu sehen und mit den Delfinen im Roten Meer zu schwimmen.<\/p>\n<p>Der Ausflug beginnt mit einer aufregenden Fahrt mit dem Speedboot entlang der K\u00fcste, bei der Sie die atemberaubenden Landschaften Hurghada\u00a0genie\u00dfen k\u00f6nnen.<\/p>\n<p>Sobald wir die richtige Stelle erreichen, k\u00f6nnen Sie sicher und bequem die Unterwasserwelt erkunden .<\/p>\n<p>Unsere erfahrenen Guides begleiten Sie w\u00e4hrend des gesamten Ausflugs und stehen Ihnen jederzeit zur Verf\u00fcgung.<\/p>\n<h2>Zeitplan vom Delfin Ausflug mit dem Speedboot ab Safaga:<\/h2>\n<p>Unsere private Delfin Tour Safaga mit Speedboot bietet Ihnen ein umfassendes Paket, um Ihr Erlebnis unvergesslich zu machen. Der Delfinausflug folgt einem festgelegten Zeitplan und einer Reiseroute. Die genaue Route kann je nach Wetterbedingungen und anderen Faktoren variieren. Hier ist ein allgemeiner Zeitplan f\u00fcr den Ausflug:<\/p>\n<h3>Transfer von Ihrem Hotel in Safaga :<\/h3>\n<ul>\n<li>Sie werden morgens von Ihrem Hotel in Safaga abgeholt und zum Startpunkt der Tour gebracht.<\/li>\n<li>\u00a0Der Delfinausflug mit Peter Tours beinhaltet den Hin- und R\u00fccktransfer von Ihrem Hotel in Safaga zum Startpunkt der Tour und zur\u00fcck. Sie m\u00fcssen sich also keine Sorgen um die Anreise machen.<\/li>\n<li>Alle Transfers\u00a0 sind mit klimatisierten Fahrzeuge ( BKW oder Mini-Bus ) und privat.<\/li>\n<\/ul>\n<h3>Delfin Boot Fahrt zum Dolphin House entlang die K\u00fcste von Hurghada und El gouna<\/h3>\n<p>Sie werden mit einem Speedboot entlang der K\u00fcste von Hurghada und El Gouna fahren und die atemberaubende Aussicht auf Hurghada genie\u00dfen. Die Fahrt ist eine aufregende M\u00f6glichkeit, die Sch\u00f6nheit der K\u00fcstenlandschaft zu entdecken.W\u00e4hrend der Fahrt k\u00f6nnen Sie die beeindruckenden Landschaften und das klare blaue Wasser genie\u00dfen.<\/p>\n<h3>Schwimmen mit den Delfinen<\/h3>\n<p>Erleben Sie eine magische Begegnung mit den Delfinen<\/p>\n<ul>\n<li>Bei dem privaten Delfin Tour Safaga mit Speedboot &amp; Schnorcheln Ausflug haben Sie die einzigartige M\u00f6glichkeit, eine magische Begegnung mit den Delfinen zu erleben.<\/li>\n<li>Die Delfine sind neugierige und verspielte Wesen und es ist eine wahre Freude, ihre Anmut und Eleganz zu beobachten. Tauchen Sie ein in ihre Welt und lassen Sie sich von ihrer nat\u00fcrlichen Sch\u00f6nheit verzaubern. Das Schwimmen mit den Delfinen ist ein unvergessliches Erlebnis, das Ihnen noch lange in Erinnerung bleiben wird.<\/li>\n<li>Begleitet von unseren erfahrenen Guides fahren Sie mit dem Speedboot entlang der K\u00fcste von Hurghada zu einem speziellen Delfinhaus. Dort k\u00f6nnen Sie hautnah und im offenen Meer mit den faszinierenden Tieren schwimmen.<\/li>\n<li>W\u00e4hrend des Ausflugs wird Ihnen die erforderliche Schnorchelausr\u00fcstung zur Verf\u00fcgung gestellt. Sie bekommen von unserem erfahrenen Guide eine Maske, einen Schnorchel und Flossen, um die Unterwasserwelt sicher erkunden zu k\u00f6nnen.<\/li>\n<\/ul>\n<h3>Schnorcheln Stopp : Ca. eine Stunde<\/h3>\n<ul>\n<li>Schnorcheln Sie mit Safaga Speedboot ganz privat ohne Stress oder Massen tourismus<\/li>\n<li>W\u00e4hrend des Ausflugs wird Ihnen die erforderliche Schnorchelausr\u00fcstung zur Verf\u00fcgung gestellt. Sie bekommen von unserem Guide eine Maske, einen Schnorchel, Flossen und Schwimmwest, um die Unterwasserwelt sicher erkunden zu k\u00f6nnen.<\/li>\n<li>Der\u00a0 Schnorcheln Ausflug mit Speedboot bietet Ihnen die M\u00f6glichkeit, an einigen der sch\u00f6nsten Riffen in der Umgebung zu schnorcheln. Mit dem Speedboot werden Sie entlang der K\u00fcste von Hurghada fahren und zu den besten Schnorchelpl\u00e4tzen des Roten Meeres gebracht.<\/li>\n<li>Dort k\u00f6nnen Sie die faszinierende Unterwasserwelt \u00c4gyptens erkunden und die bunten Korallenriffe sowie die vielf\u00e4ltige Meeresfauna bestaunen.<\/li>\n<li>Unsere Guides werden Ihnen helfen, sich in der Unterwasserwelt zurechtzufinden und geben Ihnen Tipps, wie Sie das Schnorcheln am besten genie\u00dfen k\u00f6nnen.<\/li>\n<\/ul>\n<h3>R\u00fcckkehr zum Hotel in Safaga :<\/h3>\n<p>Nach dem Ausflug werden Sie zur\u00fcck zu Ihrem Hotel in Safaga gebracht, wo Sie Ihre Erinnerungen an dieses unvergessliche Erlebnis festhalten k\u00f6nnen.<\/p>\n<h2>private Delfin-Tour mit Speedboot und Schnorcheln ab Safaga, Preise:<\/h2>\n<table style=\"border-collapse: collapse;\">\n<tbody>\n<tr>\n<td style=\"text-align: center;\"><strong><span style=\"color: #3366ff;\">Die Teilnehmer<\/span><\/strong><\/td>\n<td style=\"text-align: center;\"><strong><span style=\"color: #3366ff;\">Tour<\/span><\/strong><\/td>\n<td style=\"text-align: center;\"><strong><span style=\"color: #3366ff;\">Preis pro Person<\/span><\/strong><\/td>\n<\/tr>\n<tr>\n<td style=\"text-align: center;\"><strong><span style=\"color: #3366ff;\">2<\/span><\/strong><\/td>\n<td style=\"text-align: center;\">Speedboot Safaga: Delfin Tour<\/td>\n<td style=\"text-align: center;\"><span style=\"color: #ff0000;\"><del>100<\/del><\/span> <span style=\"color: #3366ff;\"><strong>85 <\/strong><\/span>\u20ac<\/td>\n<\/tr>\n<tr>\n<td style=\"text-align: center;\"><strong><span style=\"color: #3366ff;\">3<\/span><\/strong><\/td>\n<td style=\"text-align: center;\">Speedboot Safaga: Delfin Tour<\/td>\n<td style=\"text-align: center;\"><span style=\"color: #ff0000;\"><del>87<\/del><\/span> <span style=\"color: #3366ff;\"><strong>75 <\/strong><\/span>\u20ac<\/td>\n<\/tr>\n<tr>\n<td style=\"text-align: center;\"><strong><span style=\"color: #3366ff;\">4<\/span><\/strong><\/td>\n<td style=\"text-align: center;\">Speedboot Safaga: Delfin Tour<\/td>\n<td style=\"text-align: center;\"><span style=\"color: #ff0000;\"><del>70<\/del><\/span> <span style=\"color: #3366ff;\"><strong>60 <\/strong><\/span>\u20ac<\/td>\n<\/tr>\n<tr>\n<td style=\"text-align: center;\"><strong><span style=\"color: #3366ff;\">5<\/span><\/strong><\/td>\n<td style=\"text-align: center;\">Speedboot Safaga: Delfin Tour<\/td>\n<td style=\"text-align: center;\"><span style=\"color: #ff0000;\"><del>55<\/del><\/span> <span style=\"color: #3366ff;\"><strong>48 <\/strong><\/span>\u20ac<\/td>\n<\/tr>\n<tr>\n<td style=\"text-align: center;\"><strong><span style=\"color: #3366ff;\">6<\/span><\/strong><\/td>\n<td style=\"text-align: center;\">Speedboot Safaga: Delfin Ausflug<\/td>\n<td style=\"text-align: center;\"><span style=\"color: #ff0000;\"><del>50<\/del><\/span> <span style=\"color: #3366ff;\"><strong>43 <\/strong><\/span>\u20ac<\/td>\n<\/tr>\n<tr>\n<td style=\"text-align: center;\"><strong><span style=\"color: #3366ff;\">7<\/span><\/strong><\/td>\n<td style=\"text-align: center;\">Speedboot Safaga: Delfin Ausflug<\/td>\n<td style=\"text-align: center;\"><span style=\"color: #ff0000;\"><del>44<\/del><\/span>\u00a0<span style=\"color: #3366ff;\"><strong>38 <\/strong><\/span>\u20ac<\/td>\n<\/tr>\n<tr>\n<td style=\"text-align: center;\"><strong><span style=\"color: #3366ff;\">8<\/span><\/strong><\/td>\n<td style=\"text-align: center;\">Speedboot Safaga: Delfin Ausflug<\/td>\n<td style=\"text-align: center;\"><span style=\"color: #ff0000;\"><del>40<\/del><\/span>\u00a0<span style=\"color: #3366ff;\"><strong>33 <\/strong><\/span>\u20ac<\/td>\n<\/tr>\n<\/tbody>\n<\/table>\n<h3>Kinder Preise:<\/h3>\n<table style=\"border-collapse: collapse;\">\n<tbody>\n<tr>\n<td style=\"text-align: center;\"><span style=\"color: #3366ff;\"><strong>Alter des Teilnehmers<\/strong><\/span><\/td>\n<td style=\"text-align: center;\"><span style=\"color: #3366ff;\"><strong>Preis Pro Person<\/strong><\/span><\/td>\n<\/tr>\n<tr>\n<td>Kind:\u00a0 \u00a0 \u00a0 \u00a0 \u00a0\u00a0 <span style=\"color: #3366ff;\"><strong>5-11<\/strong><\/span><\/td>\n<td style=\"text-align: center;\">\u00a0<span style=\"color: #ff0000;\"><span style=\"text-decoration: line-through;\">30<\/span><\/span>\u00a0<span style=\"color: #3366ff;\"><strong>25<\/strong> <\/span>\u20ac<\/td>\n<\/tr>\n<tr>\n<td>Kleinkind:\u00a0 <strong><span style=\"color: #3366ff;\">0-5<\/span><\/strong><\/td>\n<td style=\"text-align: center;\"><strong><span style=\"color: #3366ff;\">Frei<\/span><\/strong><\/td>\n<\/tr>\n<\/tbody>\n<\/table>\n<h3>Professionelle Fotografie-Dienstleistungen : ( Optional )<\/h3>\n<ul>\n<li>Um sicherzustellen, dass Sie die besten Erinnerungen an Ihren Ausflug mit nach Hause nehmen, bieten wir Ihnen professionelle Fotografie-Dienstleistungen an Bord des Speedboots. Unsere erfahrenen Fotografen kennen die besten Perspektiven und stellen sicher, dass Sie perfekt in Szene gesetzt werden. Sie k\u00f6nnen sich ganz auf das Erlebnis konzentrieren, w\u00e4hrend wir die magischen Momente f\u00fcr Sie einfangen.<\/li>\n<li>Nach Ihrem Ausflug haben Sie die M\u00f6glichkeit, Ihre Fotos in digitaler Form zu erwerben. So k\u00f6nnen Sie diese ganz einfach mit Ihren Freunden und Ihrer Familie teilen und sich immer wieder an die wundervollen Erlebnisse erinnern.<\/li>\n<li>Nehmen Sie an unserer privaten Delfin-Tour in Safaga mit Speedboot und Schnorchelausflug teil und lassen Sie sich von unseren professionellen Fotografen dabei helfen, unvergessliche Erinnerungen festzuhalten.<\/li>\n<\/ul>\n<h2>Mitnehmen: Private Speedboot Safaga<\/h2>\n<p>Um Ihren privaten Delfin Ausflug mit dem Speedboot von Safaga vollst\u00e4ndig genie\u00dfen zu k\u00f6nnen, sollten Sie einige wichtige Dinge mitbringen:<\/p>\n<ul>\n<li aria-level=\"1\">Sonnenbrille &amp;\u00a0Sonnenschutz:\u00a0Da Sie den Gro\u00dfteil des Ausflugs im Freien verbringen, ist es wichtig, Sonnenschutzmittel, eine Sonnenbrille und einen Hut mitzubringen, um sich vor der intensiven Sonneneinstrahlung zu sch\u00fctzen.<\/li>\n<li aria-level=\"1\">Badebekleidung &amp; Handt\u00fccher:\u00a0Vergewissern Sie sich, dass Sie Ihre Badebekleidung und Handt\u00fccher mitbringen, da Sie die M\u00f6glichkeit haben werden, am Strand der Orange Bay zu entspannen und im klaren Wasser zu schwimmen.<\/li>\n<li>Fotoapparat<\/li>\n<li aria-level=\"1\">Geld<\/li>\n<\/ul>\n<h2>Anmerkungen:<\/h2>\n<ul>\n<li aria-level=\"1\">Alle Extrakosten wie Trinkgelder sind nicht enthalten<\/li>\n<li aria-level=\"1\">Die Reihenfolge kann ggf. durch den Reiseleiter ge\u00e4ndert werden. Programm\u00e4nderungen sind aus technischen oder organisatorischen Gr\u00fcnden vorbehalten.<\/li>\n<\/ul>\n<h2>Zahlungsmodalit\u00e4ten:<\/h2>\n<ul>\n<li aria-level=\"1\">Vor Ort in Bargeld in Euro, US-Dollars, Schweizer Franken. Eine Zahlung per Kreditkarte ist derzeit leider noch nicht m\u00f6glich.<\/li>\n<li aria-level=\"1\">Die Bezahlung erfolgt bei der Abholung vor Ort.<\/li>\n<\/ul>\n<h2>Stornierungsbedingungen:<\/h2>\n<ul>\n<li aria-level=\"1\">Eine kostenlose Stornierung ist bis 24 Stunden vor Reisebeginn m\u00f6glich. Danach erheben wir dann eine Stornierungsgeb\u00fchr in H\u00f6he von 30 % des Reisepreises.<\/li>\n<\/ul>\n<h2>Transferkosten:<\/h2>\n<ul>\n<li aria-level=\"1\">Die Transferkosten sind (Abholung vom Hotel und R\u00fcckfahrt zum Hotel)\u00a0 im Preis enthalten.<\/li>\n<li aria-level=\"1\">F\u00fcr entferntere Hotels und Regionen f\u00e4llt ein kleiner Aufpreis in H\u00f6he von\u00a05,- bis 10,- \u20ac pro Person an.<\/li>\n<li aria-level=\"1\">Transfer Zulage ab die Hotels von El Gouna, Makadi Bay, Sahl Hasheesh, Soma Bay, Safaga und Safaga Hafen.<\/li>\n<\/ul>\n<p>Mit diesen notwendigen Informationen und Empfehlungen sind Sie optimal vorbereitet, um Ihren privaten Orange Bay Ausflug mit dem Speedboot von Safaga in vollen Z\u00fcgen zu genie\u00dfen. Machen Sie sich bereit f\u00fcr ein unvergessliches Erlebnis inmitten der atemberaubenden Sch\u00f6nheit des Roten Meeres.<\/p>\n<p>Buchen Sie noch heute Ihre private Delfin-Tour Safaga mit Speedboot &amp; Schnorcheln Ausflug und erleben Sie die faszinierende Sch\u00f6nheit des Meeres und die verspielten Delfine. Ein unvergessliches Erlebnis wartet auf Sie!<\/p>\n<p><strong style=\"font-size: 14pt;\">Folgen Sie uns:<\/strong><\/p>\n<figure id=\"attachment_17448\" aria-describedby=\"caption-attachment-17448\"><a href=\"https:\/\/www.facebook.com\/aegypten.touren.ausfluege.mit.peter\/\" target=\"_blank\" rel=\"noopener nofollow\"><img decoding=\"async\" data-src=\"https:\/\/aegyptentouren.de\/wp-content\/uploads\/2024\/01\/Peter-Tours-400x300.png\" alt=\"\u00c4gypten Touren &amp; Ausfl\u00fcge mit Peter Tours\" width=\"55\" height=\"41\" src=\"data:image\/svg+xml;base64,PHN2ZyB3aWR0aD0iMSIgaGVpZ2h0PSIxIiB4bWxucz0iaHR0cDovL3d3dy53My5vcmcvMjAwMC9zdmciPjwvc3ZnPg==\" class=\"lazyload\" style=\"--smush-placeholder-width: 55px; --smush-placeholder-aspect-ratio: 55\/41;\" \/><\/a><a href=\"https:\/\/www.pinterest.de\/aegyptentouren\/\" target=\"_blank\" rel=\"noopener nofollow\"><img decoding=\"async\" data-src=\"https:\/\/aegyptentouren.de\/wp-content\/uploads\/2024\/01\/Peter-Tours-1-400x300.png\" alt=\"\u00c4gypten Touren &amp; Ausfl\u00fcge mit ( Peter Tours )\" width=\"56\" height=\"42\" src=\"data:image\/svg+xml;base64,PHN2ZyB3aWR0aD0iMSIgaGVpZ2h0PSIxIiB4bWxucz0iaHR0cDovL3d3dy53My5vcmcvMjAwMC9zdmciPjwvc3ZnPg==\" class=\"lazyload\" style=\"--smush-placeholder-width: 56px; --smush-placeholder-aspect-ratio: 56\/42;\" \/><\/a><\/figure>\n<h2>Gerne bieten wir Ihnen weitere Angebote an:<\/h2>\n<ul>\n<li><\/li>\n<\/ul>\n<h2>Extra Informationen:<\/h2>\n<h3>Verhaltensregeln beim Interagieren mit den Delfinen<\/h3>\n<ul>\n<li>Damit sowohl Sie als auch die Delfine das bestm\u00f6gliche Erlebnis haben, ist es wichtig, dass Sie sich an unsere Verhaltensregeln halten. Diese dienen dazu, die Delfine nicht zu st\u00f6ren oder ihre Umgebung zu besch\u00e4digen.<\/li>\n<li>Respektieren Sie den Lebensraum der Delfine: Vermeiden Sie laute Ger\u00e4usche und verhalten Sie sich ruhig und respektvoll, um die nat\u00fcrliche Umgebung der Delfine zu wahren.<\/li>\n<li>Halten Sie Abstand: Behalten Sie immer gen\u00fcgend Abstand zu den Delfinen, um sowohl ihre Sicherheit als auch Ihre eigene zu gew\u00e4hrleisten.<\/li>\n<li>Nicht ber\u00fchren: Es ist wichtig, dass Sie die Delfine nicht ber\u00fchren oder versuchen, sie festzuhalten. Lassen Sie ihnen ihren Freiraum und beobachten Sie sie aus sicherer Entfernung.<\/li>\n<li>Keine Souvenirs mitnehmen: Nehmen Sie keine Souvenirs aus der Meeresumgebung mit, um die \u00d6kosysteme nicht zu beeintr\u00e4chtigen.<\/li>\n<li>Folgen Sie den Anweisungen der Guides: Unsere erfahrenen Guides stehen Ihnen zur Seite und geben Ihnen wichtige Informationen und Anweisungen. Befolgen Sie diese, um ein sicheres und respektvolles Erlebnis zu gew\u00e4hrleisten.<\/li>\n<\/ul>\n<p>Genie\u00dfen Sie diese einzigartige Gelegenheit, mit den Delfinen zu schwimmen, und erschaffen Sie unvergessliche Erinnerungen an Ihren Safaga Ausflug.<\/p>\n<h3>Tipps und Tricks f\u00fcr das Schnorcheln<\/h3>\n<p>Damit Ihr Schnorchelerlebnis optimal wird, m\u00f6chten wir Ihnen einige Tipps und Tricks mit auf den Weg geben. Hier sind einige Dinge, die Sie beachten sollten:<\/p>\n<ul>\n<li>W\u00e4hlen Sie die richtige Ausr\u00fcstung: W\u00e4hrend des Ausflugs wird Ihnen die notwendige Schnorchelausr\u00fcstung zur Verf\u00fcgung gestellt. Vergewissern Sie sich, dass die Maske gut sitzt und kein Wasser eindringt. Die Flossen sollten bequem sein und Ihnen ausreichend Unterst\u00fctzung bieten.<\/li>\n<li>Atmen Sie ruhig und gleichm\u00e4\u00dfig: Beim Schnorcheln ist es wichtig, ruhig und gleichm\u00e4\u00dfig zu atmen. Das sorgt nicht nur f\u00fcr Entspannung, sondern erm\u00f6glicht Ihnen auch, das Unterwassererlebnis voll und ganz zu genie\u00dfen.<\/li>\n<li>Halten Sie Abstand zu den Korallen: Achten Sie darauf, dass Sie den Korallen und anderen Meereslebewesen gen\u00fcgend Platz lassen. Ber\u00fchren Sie die Korallen nicht und nehmen Sie keine Souvenirs mit.<\/li>\n<li>Schnorcheln Sie immer in der N\u00e4he der Gruppe und verlieren Sie die Guides nicht aus den Augen. Sie sind erfahrene Schnorchler und k\u00f6nnen Ihnen helfen, falls Sie Unterst\u00fctzung ben\u00f6tigen.<\/li>\n<li>Genie\u00dfen Sie Ihren Schnorchelausflug und entdecken Sie die atemberaubende Unterwasserwelt des Roten Meeres!<\/li>\n<\/ul>\n<p>&nbsp;<\/p>\n","protected":false},"excerpt":{"rendered":"<p>private Delfin-Tour mit Speedboot und Schnorcheln ab Safaga | Speedboot Safaga | Delfin Ausflug mit dem Speedboot privat von Safaga | Delfin Boot Safaga. Erleben Sie mit uns einzigartige\u00a0 Erfahrung\u00a0 beim Schwimmen mit den Delfinen\u00a0 mit privatem Speedboot ab Safaga. Genie\u00dfen Sie Ihre Private Delfin Tour &amp; Schnorcheln Ausflug ohne Massentourismus ab Safaga \u2013 Erstklassiger [&hellip;]<\/p>\n","protected":false},"featured_media":21319,"comment_status":"open","ping_status":"closed","template":"","meta":{"_monsterinsights_skip_tracking":false,"_monsterinsights_sitenote_active":false,"_monsterinsights_sitenote_note":"","_monsterinsights_sitenote_category":0},"product_brand":[],"product_cat":[204],"product_tag":[],"class_list":{"0":"post-21317","1":"product","2":"type-product","3":"status-publish","4":"has-post-thumbnail","6":"product_cat-safaga-ausfluege","8":"first","9":"instock","10":"sale","11":"shipping-taxable","12":"purchasable","13":"product-type-ovabrw_car_rental","14":"add-to-wishlist-after_add_to_cart"},"_links":{"self":[{"href":"https:\/\/aegyptentouren.de\/en\/wp-json\/wp\/v2\/product\/21317","targetHints":{"allow":["GET"]}}],"collection":[{"href":"https:\/\/aegyptentouren.de\/en\/wp-json\/wp\/v2\/product"}],"about":[{"href":"https:\/\/aegyptentouren.de\/en\/wp-json\/wp\/v2\/types\/product"}],"replies":[{"embeddable":true,"href":"https:\/\/aegyptentouren.de\/en\/wp-json\/wp\/v2\/comments?post=21317"}],"version-history":[{"count":4,"href":"https:\/\/aegyptentouren.de\/en\/wp-json\/wp\/v2\/product\/21317\/revisions"}],"predecessor-version":[{"id":26370,"href":"https:\/\/aegyptentouren.de\/en\/wp-json\/wp\/v2\/product\/21317\/revisions\/26370"}],"wp:featuredmedia":[{"embeddable":true,"href":"https:\/\/aegyptentouren.de\/en\/wp-json\/wp\/v2\/media\/21319"}],"wp:attachment":[{"href":"https:\/\/aegyptentouren.de\/en\/wp-json\/wp\/v2\/media?parent=21317"}],"wp:term":[{"taxonomy":"product_brand","embeddable":true,"href":"https:\/\/aegyptentouren.de\/en\/wp-json\/wp\/v2\/product_brand?post=21317"},{"taxonomy":"product_cat","embeddable":true,"href":"https:\/\/aegyptentouren.de\/en\/wp-json\/wp\/v2\/product_cat?post=21317"},{"taxonomy":"product_tag","embeddable":true,"href":"https:\/\/aegyptentouren.de\/en\/wp-json\/wp\/v2\/product_tag?post=21317"}],"curies":[{"name":"wp","href":"https:\/\/api.w.org\/{rel}","templated":true}]}}