{"id":21310,"date":"2025-02-02T14:05:15","date_gmt":"2025-02-02T13:05:15","guid":{"rendered":"https:\/\/aegyptentouren.de\/?post_type=product&#038;p=21310"},"modified":"2025-11-01T13:35:05","modified_gmt":"2025-11-01T12:35:05","slug":"privater-transfer-vom-flughafen-hurghada-nach-safaga","status":"publish","type":"product","link":"https:\/\/aegyptentouren.de\/en\/aegypten-flughafen-transfer\/privater-transfer-vom-flughafen-hurghada-nach-safaga\/","title":{"rendered":"Privater Transfer vom Flughafen Hurghada nach Safaga und Transportservices in Safaga"},"content":{"rendered":"<p>Der pers\u00f6nliche Transportservice bei Peter Tours bietet einen bequemen Transfer vom Flughafen Hurghada nach Safaga zu fairen Preisen, um den stressfreien Start in den Urlaub zu gew\u00e4hrleisten.<\/p>\n<p>Mit dem individuellen Safaga Transfer genie\u00dfen Sie eine komfortable und bequeme Fahrt zum Wunschziel, um Ihren Urlaub in Safaga entspannt zu beginnen.<\/p>\n<h2>Privater Transfer vom Flughafen Hurghada nach Safaga &#8211; Preise:<\/h2>\n<table style=\"border-collapse: collapse; width: 65.8326%; height: 72px;\">\n<tbody>\n<tr style=\"height: 24px;\">\n<td style=\"width: 9.97779%; height: 24px;\"><strong><span style=\"color: #3366ff;\">Teilnehmer-Anzahl<\/span><\/strong><\/td>\n<td style=\"width: 28.4723%; height: 24px;\"><strong><span style=\"color: #3366ff;\">Fahrzeug<\/span><\/strong><\/td>\n<td style=\"width: 23.2851%; height: 24px;\"><strong><span style=\"color: #3366ff;\">Preis Pro Person<\/span><\/strong><\/td>\n<\/tr>\n<tr style=\"height: 24px;\">\n<td style=\"width: 9.97779%; height: 24px;\"><span style=\"color: #3366ff;\"><strong>1 &#8211; 2\u00a0<\/strong><\/span><\/td>\n<td style=\"width: 28.4723%; height: 24px;\">Privater PKW<\/td>\n<td style=\"width: 23.2851%; height: 24px;\"><strong><span style=\"color: #3366ff;\">25 <\/span><\/strong>\u20ac pro Transfer<\/td>\n<\/tr>\n<tr style=\"height: 24px;\">\n<td style=\"width: 9.97779%; height: 24px;\"><strong><span style=\"color: #3366ff;\">3 &#8211; 8\u00a0 \u00a0<\/span><\/strong><\/td>\n<td style=\"width: 28.4723%; height: 24px;\">Privater Mini-Bus<\/td>\n<td style=\"width: 23.2851%; height: 24px;\"><strong><span style=\"color: #3366ff;\">30 <\/span><\/strong>\u20ac pro Transfer<\/td>\n<\/tr>\n<\/tbody>\n<\/table>\n<h2>Dauer der Fahrt zwischen Flughafen Hurghada und Safaga<\/h2>\n<p>Die Entfernung vom Flughafen Hurghada nach Safaga betr\u00e4gt ungef\u00e4hr 60 Kilometer. Die Fahrzeit vom Flughafen Hurghada nach Safaga dauert ca. 50 Minuten.<\/p>\n<h2>Peter Tours bietet Ihnen alle Transportservices in Safaga an:<\/h2>\n<h5><span style=\"font-size: 12pt;\">Private Transfers zwischen Flughafen <strong>Hurghada und Safaga<\/strong><\/span><\/h5>\n<h5><span style=\"font-size: 12pt;\">Private Transfers zwischen Flughafen <strong>Marsa Alaam und Safaga<\/strong><\/span><\/h5>\n<h5><span style=\"font-size: 12pt;\">Private Taxiservices von Ihrem Hotel in <strong>Safaga nach Hurghada<\/strong>:<\/span><\/h5>\n<ul>\n<li><span lang=\"de\">Beliebiges Hotel<\/span><\/li>\n<li>Altstadt (Al Dahar)<\/li>\n<li>Neue Marina<\/li>\n<li>Sheraton Stra\u00dfe<\/li>\n<li>Senzo Mall<\/li>\n<li>Und mehr Reiseziele<\/li>\n<\/ul>\n<h5>Private Transfers zwischen <strong>Safaga und allen Reisezielen in \u00c4gypten<\/strong>:<\/h5>\n<ul>\n<li>Kairo<\/li>\n<li>Luxor<\/li>\n<li>Hurghada<\/li>\n<li>El Gouna<\/li>\n<li>Sahl Hasheesh<\/li>\n<li>Makadi Bay<\/li>\n<li>Soma Bay<\/li>\n<li>El Quseir<\/li>\n<li>Port Ghalib<\/li>\n<li>Marsa Alaam<\/li>\n<\/ul>\n<h2>Safaga Transfer privat: Die Vorteile<\/h2>\n<h3>Zeitersparnis<\/h3>\n<p>Der Transport vom Flughafen Hurghada nach Safaga dauert ca. 50 Minuten. Wenn Sie mit einem Shuttlebus bei einer Reiseagentur fahren, wissen Sie nicht, wie lange die Fahrt dauert. Diese Fahrt nach Soma Bay mit Shuttlebus dauert manchmal mehr als 2 Stunden plus die Warte im Flughafen.<\/p>\n<h3>Zuverl\u00e4ssigkeit und Komfort<\/h3>\n<p>Ein privater Transfer bietet Abholung durch einen Reiseleiter, individuellen Transferluxus und T\u00fcr-zu-T\u00fcr-Service ohne versteckte Kosten. W\u00e4hlen Sie zwischen verschiedenen Fahrzeugen und genie\u00dfen Sie eine stressfreie Fahrt zu Ihrem Hotel in Safaga.<\/p>\n<p>Sie k\u00f6nnen Ihren privaten Transfer vom Flughafen Hurghada nach Safaga mit Peter Tours bequem online buchen. In weniger als einer Minute k\u00f6nnen Sie Ihren Transfer buchen und eine sofortige Best\u00e4tigung erhalten.<\/p>\n<h2>Soma Bay Hotels Liste 2025:<\/h2>\n<ol>\n<li><strong>Imperial Shams Abu Soma Resort<\/strong><\/li>\n<li><strong>Shams Prestige Abu Soma Resort<\/strong><\/li>\n<li><strong>Shams Safaga Resort<\/strong><\/li>\n<li><strong>Amarina Abu Soma Resort &amp; Aquapark<\/strong><\/li>\n<li><strong>Lotus Bay Resort<\/strong><\/li>\n<li><strong>Coral Sun Beach Resort<\/strong><\/li>\n<li><strong>Menaville Resort<\/strong><\/li>\n<li><strong>Solymar Paradise Beach Resort<\/strong><\/li>\n<li><strong>Toubia Hotel<\/strong><\/li>\n<li><strong>Nemo Dive Club &amp; Hotel<\/strong><\/li>\n<\/ol>\n<h2>Peter Tours bietet Ihnen exklusive Ausfl\u00fcge ab Safaga<\/h2>\n<ul>\n<li><\/li>\n<\/ul>\n<h2>Folgen Sie uns auf Facebook:<\/h2>\n<p><span style=\"font-family: 'trebuchet ms', geneva, sans-serif;\"><a href=\"https:\/\/www.facebook.com\/aegypten.touren.ausfluege.mit.peter\/\" target=\"_blank\" rel=\"noopener nofollow\"><img decoding=\"async\" data-src=\"https:\/\/aegyptentours.de\/wp-content\/uploads\/2024\/01\/Peter-Tours-400x300.png\" alt=\"\u00c4gypten Touren &amp; Ausfl\u00fcge mit Peter Tours\" width=\"55\" height=\"41\" src=\"data:image\/svg+xml;base64,PHN2ZyB3aWR0aD0iMSIgaGVpZ2h0PSIxIiB4bWxucz0iaHR0cDovL3d3dy53My5vcmcvMjAwMC9zdmciPjwvc3ZnPg==\" class=\"lazyload\" style=\"--smush-placeholder-width: 55px; --smush-placeholder-aspect-ratio: 55\/41;\" \/><\/a><\/span><\/p>\n<p><span style=\"font-family: 'trebuchet ms', geneva, sans-serif;\"><a href=\"https:\/\/www.pinterest.de\/aegyptentouren\/\" target=\"_blank\" rel=\"noopener nofollow\"><img decoding=\"async\" data-src=\"https:\/\/aegyptentours.de\/wp-content\/uploads\/2024\/01\/Peter-Tours-1-400x300.png\" alt=\"\u00c4gypten Touren &amp; Ausfl\u00fcge mit ( Peter Tours )\" width=\"56\" height=\"42\" src=\"data:image\/svg+xml;base64,PHN2ZyB3aWR0aD0iMSIgaGVpZ2h0PSIxIiB4bWxucz0iaHR0cDovL3d3dy53My5vcmcvMjAwMC9zdmciPjwvc3ZnPg==\" class=\"lazyload\" style=\"--smush-placeholder-width: 56px; --smush-placeholder-aspect-ratio: 56\/42;\" \/><\/a><\/span><\/p>\n","protected":false},"excerpt":{"rendered":"<p>Der pers\u00f6nliche Transportservice bei Peter Tours bietet einen bequemen Transfer vom Flughafen Hurghada nach Safaga zu fairen Preisen, um den stressfreien Start in den Urlaub zu gew\u00e4hrleisten. Mit dem individuellen Safaga Transfer genie\u00dfen Sie eine komfortable und bequeme Fahrt zum Wunschziel, um Ihren Urlaub in Safaga entspannt zu beginnen. Privater Transfer vom Flughafen Hurghada nach [&hellip;]<\/p>\n","protected":false},"featured_media":21312,"comment_status":"open","ping_status":"closed","template":"","meta":{"_monsterinsights_skip_tracking":false,"_monsterinsights_sitenote_active":false,"_monsterinsights_sitenote_note":"","_monsterinsights_sitenote_category":0},"product_brand":[],"product_cat":[218,204],"product_tag":[244],"class_list":{"0":"post-21310","1":"product","2":"type-product","3":"status-publish","4":"has-post-thumbnail","6":"product_cat-aegypten-flughafen-transfer","7":"product_cat-safaga-ausfluege","8":"product_tag-hurghada-flughafentransfers","10":"first","11":"instock","12":"shipping-taxable","13":"purchasable","14":"product-type-ovabrw_car_rental","15":"add-to-wishlist-after_add_to_cart"},"_links":{"self":[{"href":"https:\/\/aegyptentouren.de\/en\/wp-json\/wp\/v2\/product\/21310","targetHints":{"allow":["GET"]}}],"collection":[{"href":"https:\/\/aegyptentouren.de\/en\/wp-json\/wp\/v2\/product"}],"about":[{"href":"https:\/\/aegyptentouren.de\/en\/wp-json\/wp\/v2\/types\/product"}],"replies":[{"embeddable":true,"href":"https:\/\/aegyptentouren.de\/en\/wp-json\/wp\/v2\/comments?post=21310"}],"version-history":[{"count":5,"href":"https:\/\/aegyptentouren.de\/en\/wp-json\/wp\/v2\/product\/21310\/revisions"}],"predecessor-version":[{"id":24336,"href":"https:\/\/aegyptentouren.de\/en\/wp-json\/wp\/v2\/product\/21310\/revisions\/24336"}],"wp:featuredmedia":[{"embeddable":true,"href":"https:\/\/aegyptentouren.de\/en\/wp-json\/wp\/v2\/media\/21312"}],"wp:attachment":[{"href":"https:\/\/aegyptentouren.de\/en\/wp-json\/wp\/v2\/media?parent=21310"}],"wp:term":[{"taxonomy":"product_brand","embeddable":true,"href":"https:\/\/aegyptentouren.de\/en\/wp-json\/wp\/v2\/product_brand?post=21310"},{"taxonomy":"product_cat","embeddable":true,"href":"https:\/\/aegyptentouren.de\/en\/wp-json\/wp\/v2\/product_cat?post=21310"},{"taxonomy":"product_tag","embeddable":true,"href":"https:\/\/aegyptentouren.de\/en\/wp-json\/wp\/v2\/product_tag?post=21310"}],"curies":[{"name":"wp","href":"https:\/\/api.w.org\/{rel}","templated":true}]}}