{"id":21246,"date":"2025-02-02T11:55:07","date_gmt":"2025-02-02T10:55:07","guid":{"rendered":"https:\/\/aegyptentouren.de\/?post_type=product&#038;p=21246"},"modified":"2026-03-27T19:36:33","modified_gmt":"2026-03-27T18:36:33","slug":"private-el-gouna-stadtrundfahrt-lagunenfahrt-ab-safaga","status":"publish","type":"product","link":"https:\/\/aegyptentouren.de\/en\/safaga-ausfluege\/private-el-gouna-stadtrundfahrt-lagunenfahrt-ab-safaga\/","title":{"rendered":"Private El Gouna Stadtrundfahrt &#038; Lagunenfahrt ab Safaga"},"content":{"rendered":"<p>El Gouna ist eine atemberaubende Stadt mit einer entspannten Atmosph\u00e4re, umgeben von Lagunen und traumhaften Str\u00e4nden. Private El Gouna Stadtrundfahrt und Lagunenfahrt ab Safaga bietet Ihnen die M\u00f6glichkeit, die Sch\u00f6nheit und den Charme dieses einzigartigen Ortes zu erleben. W\u00e4hrend der Lagunenfahrt in El Gouna mit einem Motorboot erhalten Sie einen einzigartigen Blick auf die Stadt. Sie k\u00f6nnen auch die ber\u00fchmten Sehensw\u00fcrdigkeiten und die Geschichte von El Gouna n\u00e4her kennenlernen.<\/p>\n<p>Erkunden Sie die Luxusstadt (Hotels, Str\u00e4nde, Villen, Lagunen und Yachten) w\u00e4hrend der Stadtrundfahrt in El Gouna mit Peter Tours. Diese Tour ist eine unvergessliche Erfahrung, die Sie w\u00e4hrend Ihres Aufenthalts in \u00c4gypten nicht verpassen sollten.<\/p>\n<ul>\n<li>Buchen Sie Online und bezahlen Sie nach der Tour.<\/li>\n<li aria-level=\"1\">Abholung von der Lobby ihres Hotel<\/li>\n<li aria-level=\"1\">Kundendienst 24\/7 in der Woche erreichbar.<\/li>\n<\/ul>\n<h2>Private El Gouna Stadtrundfahrt und Lagunenfahrt ab Safaga: Ausflugsprogramm<\/h2>\n<p>Private Stadtrundfahrt und Lagunenfahrt durch El Gouna dauert in der Regel ca. 4 Stunden. W\u00e4hrend dieser Tour haben Sie die M\u00f6glichkeit, El Gouna aus einer ganz neuen Perspektive zu entdecken.<\/p>\n<h3>Abholung von Ihrem Hotel:<\/h3>\n<p>Die Tour durch El Gouna startet von Safaga um ca. 08:00 oder 13:00 Uhr. Unser erfahrener Reiseleiter begleitet Sie von Ihrem Hotel und erkl\u00e4rt Ihnen w\u00e4hrend der Tour alle interessanten und wichtigen Informationen \u00fcber El Gouna.<\/p>\n<h3>Sehen Sie El Gouna von oben vom El Gouna-Turm<\/h3>\n<ul>\n<li>Ein Blick von oben auf die Stadt vom El Gouna-Turm bietet ein beeindruckendes Panorama dieser malerischen Stadt am Roten Meer.<\/li>\n<li>Der Aussichtsturm erm\u00f6glicht es Besuchern, die atemberaubende Sch\u00f6nheit der Lagunen, Kan\u00e4le und modernen Architektur aus einer einzigartigen Perspektive zu erleben.<\/li>\n<li>Die Aussicht reicht bis zu den Bergen des Roten Meeres im Hintergrund und gibt einen umfassenden Eindruck von der Vielfalt und Sch\u00f6nheit dieser einzigartigen Destination.<\/li>\n<\/ul>\n<h3>El Gouna Lagunenfahrt mit privatem Motorboot f\u00fcr etwa eine Stunde<\/h3>\n<ul>\n<li>Eine der Hauptattraktionen einer privaten Stadtrundfahrt durch El Gouna ist die Erkundung der malerischen Lagunen durch die Stadt.<\/li>\n<li>W\u00e4hrend der privaten Lagunenfahrt werden Sie mit einem privaten Motorboot durch die Lagunen fahren und die Stadt aus einer neuen Perspektive erleben.<\/li>\n<li>Diese Lagunenfahrt erm\u00f6glicht es Ihnen, die Sch\u00f6nheit von El Gouna zu erleben und die ruhige Atmosph\u00e4re der Umgebung zu genie\u00dfen. Die Lagunen bieten eine idyllische Kulisse und schaffen eine einzigartige Umgebung, die Besucher verzaubert.<\/li>\n<li>Genie\u00dfen Sie durch die Lagunenfahrt in El Gouna die ruhigen Gew\u00e4sser und die gr\u00fcne Umgebung, die eine Oase der Ruhe und Sch\u00f6nheit bilden.<\/li>\n<\/ul>\n<h3>El Gouna Downtown (Tamr Henna Platz)<\/h3>\n<ul>\n<li>El Gouna Downtown ist das pulsierende Herz der Stadt, wo sich Einheimische und Touristen gleicherma\u00dfen treffen, um das vielf\u00e4ltige Angebot an Gesch\u00e4ften, Boutiquen und Restaurants zu genie\u00dfen.<\/li>\n<li>Die Stra\u00dfen sind ges\u00e4umt von bunten Geb\u00e4uden im nubischen Stil, die der Gegend ihren einzigartigen Charakter verleihen.<\/li>\n<li>W\u00e4hrend man durch die gepflasterten Gassen schlendert, entdeckt man Kunstgalerien, Souvenirl\u00e4den und lokale Handwerksm\u00e4rkte, die eine Vielzahl von Waren anbieten \u2013 von handgefertigtem Schmuck bis hin zu exquisiten \u00e4gyptischen Textilien.<\/li>\n<\/ul>\n<h3>Eine entspannte Pause in einem Caf\u00e9<\/h3>\n<p>Nach einem Bummel durch die belebten Stra\u00dfen von Downtown El Gouna ist eine Pause in einem der charmanten Caf\u00e9s der perfekte Weg, um sich zu entspannen und die Atmosph\u00e4re auf sich wirken zu lassen.<\/p>\n<div id=\"tw-target-text-container\" class=\"tw-ta-container F0azHf tw-nfl\" tabindex=\"0\" role=\"text\"><span class=\"Y2IQFc\" lang=\"de\">Hier k\u00f6nnen Sie eine Tasse \u00e4gyptischen Kaffee oder erfrischenden Hibiskus-Tee genie\u00dfen.<\/span><\/div>\n<h3>Besuch des ber\u00fchmten Yachthafens von El Gouna<\/h3>\n<p>Bei der privaten Stadtrundfahrt durch El Gouna haben Sie die Gelegenheit, den ber\u00fchmten Yachthafen von El Gouna zu erkunden.<\/p>\n<p>Dieser Hafen ist ein Anziehungspunkt f\u00fcr Luxusyachten und Fischerboote gleicherma\u00dfen. Die malerische Umgebung l\u00e4dt dazu ein, die entspannte Atmosph\u00e4re von El Gouna zu genie\u00dfen und die Sch\u00f6nheit dieses Ortes in vollen Z\u00fcgen zu erleben.<\/p>\n<h2><strong>R\u00fcckkehr zum Hotel in Safaga:<\/strong><\/h2>\n<p>Nach einer erlebnisreichen Tour bringen wir Sie entspannt zur\u00fcck zu Ihrem Hotel in Safaga. Nutzen Sie die Zeit, um die wundervollen Eindr\u00fccke des Tages nachklingen zu lassen und die besonderen Erinnerungen in Ihrem Herzen zu bewahren.<\/p>\n<h2>El Gouna Stadtrundfahrt und Lagunenfahrt privat ab Safaga &#8211; Preise:<\/h2>\n<table style=\"border-collapse: collapse;\">\n<tbody>\n<tr>\n<td style=\"text-align: center;\"><strong><span style=\"color: #3366ff;\">Die Teilnehmer<\/span><\/strong><\/td>\n<td style=\"text-align: center;\"><strong><span style=\"color: #3366ff;\">Preis pro Person<\/span><\/strong><\/td>\n<\/tr>\n<tr>\n<td style=\"text-align: center;\"><strong><span style=\"color: #3366ff;\">2<\/span><\/strong><\/td>\n<td style=\"text-align: center;\"><span style=\"color: #ff0000;\"><del>60<\/del><\/span>\u00a0 <strong><span style=\"color: #3366ff;\">45<\/span><\/strong> \u20ac<\/td>\n<\/tr>\n<tr>\n<td style=\"text-align: center;\"><strong><span style=\"color: #3366ff;\">3<\/span><\/strong><\/td>\n<td style=\"text-align: center;\"><span style=\"color: #ff0000;\"><del>45<\/del><\/span>\u00a0\u00a0<span style=\"color: #3366ff;\"><strong>35<\/strong> <\/span>\u20ac<\/td>\n<\/tr>\n<tr>\n<td style=\"text-align: center;\"><strong><span style=\"color: #3366ff;\">4<\/span><\/strong><\/td>\n<td style=\"text-align: center;\"><span style=\"color: #ff0000;\"><del>35<\/del><\/span> \u00a0<span style=\"color: #3366ff;\"><strong>28<\/strong>\u00a0<\/span>\u20ac<\/td>\n<\/tr>\n<tr>\n<td style=\"text-align: center;\"><strong><span style=\"color: #3366ff;\">5<\/span><\/strong><\/td>\n<td style=\"text-align: center;\"><span style=\"color: #ff0000;\"><del>29<\/del><\/span> \u00a0<strong><span style=\"color: #3366ff;\">24<\/span><\/strong> \u20ac<\/td>\n<\/tr>\n<tr>\n<td style=\"text-align: center;\"><strong><span style=\"color: #3366ff;\">6<\/span><\/strong><\/td>\n<td style=\"text-align: center;\"><span style=\"color: #ff0000;\"><del>25<\/del><\/span>\u00a0\u00a0<span style=\"color: #3366ff;\"><strong>22<\/strong>\u00a0<\/span>\u20ac<\/td>\n<\/tr>\n<tr>\n<td style=\"text-align: center;\"><strong><span style=\"color: #3366ff;\">7<\/span><\/strong><\/td>\n<td style=\"text-align: center;\"><span style=\"color: #ff0000;\"><del>23<\/del><\/span> \u00a0<span style=\"color: #3366ff;\"><strong>20<\/strong><\/span> \u20ac<\/td>\n<\/tr>\n<tr>\n<td style=\"text-align: center;\"><strong><span style=\"color: #3366ff;\">8<\/span><\/strong><\/td>\n<td style=\"text-align: center;\"><span style=\"color: #ff0000;\"><span style=\"text-decoration: line-through;\">22<\/span><\/span> \u00a0<strong><span style=\"color: #3366ff;\">18 <\/span><\/strong>\u20ac<\/td>\n<\/tr>\n<\/tbody>\n<\/table>\n<h2>Kinder Preise:<\/h2>\n<table style=\"border-collapse: collapse;\">\n<tbody>\n<tr>\n<td style=\"text-align: left;\"><strong><span style=\"color: #3366ff;\">Alter des Teilnehmers<\/span><\/strong><\/td>\n<td style=\"text-align: left;\"><strong><span style=\"color: #3366ff;\">Preis Pro Kind<\/span><\/strong><\/td>\n<\/tr>\n<tr>\n<td style=\"text-align: left;\">Kind:\u00a0 \u00a0 \u00a0 \u00a0 \u00a0<span style=\"color: #3366ff;\">\u00a0<strong>5-11<\/strong><\/span><\/td>\n<td style=\"text-align: left;\"><strong><span style=\"color: #3366ff;\">15<\/span><\/strong>\u00a0 \u00a0\u20ac<\/td>\n<\/tr>\n<tr>\n<td style=\"text-align: left;\">Kleinkind:<span style=\"color: #3366ff;\"><strong> 0-5<\/strong><\/span><\/td>\n<td style=\"text-align: left;\"><strong><span style=\"color: #3366ff;\">Frei<\/span><\/strong><\/td>\n<\/tr>\n<\/tbody>\n<\/table>\n<h2>Anmerkungen:<\/h2>\n<ul>\n<li aria-level=\"1\">Alle Extrakosten wie Trinkgelder sind nicht enthalten<\/li>\n<li aria-level=\"1\">Die Reihenfolge kann ggf. durch den Reiseleiter ge\u00e4ndert werden. Programm\u00e4nderungen sind aus technischen oder organisatorischen Gr\u00fcnden vorbehalten.<\/li>\n<\/ul>\n<h2>Mitnehmen<\/h2>\n<p>Um Ihre El Gouna Stadtrundfahrt Privat vollst\u00e4ndig genie\u00dfen zu k\u00f6nnen, sollten Sie einige wichtige Dinge mitbringen:<\/p>\n<ul>\n<li aria-level=\"1\">Sonnenbrille &amp;\u00a0Sonnenschutz:\u00a0Da Sie den Gro\u00dfteil des Ausflugs im Freien verbringen, ist es wichtig, Sonnenschutzmittel, eine Sonnenbrille und einen Hut mitzubringen, um sich vor der intensiven Sonneneinstrahlung zu sch\u00fctzen.<\/li>\n<li>Fotoapparat<\/li>\n<li aria-level=\"1\">Geld<\/li>\n<\/ul>\n<h2>Zahlungsmodalit\u00e4ten:<\/h2>\n<p>Die Zahlung in Bargeld (Euro, US-Dollar, Schweizer Franken oder \u00e4gyptisches Pfund). Kartenzahlung ist derzeit nicht m\u00f6glich.<\/p>\n<h2>Transferkosten:<\/h2>\n<p>Die Transferkosten f\u00fcr Hin- und R\u00fcckfahrten von Hotels in Hurghada und El Gouna sind im Preis inbegriffen. F\u00fcr Transfers von Hotels in Sahl Hasheesh, Makadi Bay, Soma Bay, Safaga sowie vom Hafen in Safaga f\u00e4llt je nach Gruppengr\u00f6\u00dfe ein kleiner Aufpreis zwischen 5,- und 20,- \u20ac pro Person an.<\/p>\n<h2>Gerne bieten wir Ihnen weitere Angebote an:<\/h2>\n<ul>\n<li class=\"ova-product-title\"><\/li>\n<\/ul>\n<h4><span style=\"font-size: 14pt;\"><strong>Folgen Sie uns<\/strong><\/span><\/h4>\n<p><a href=\"https:\/\/www.facebook.com\/aegypten.touren.ausfluege.mit.peter\/\" target=\"_blank\" rel=\"noopener nofollow\"><img decoding=\"async\" data-src=\"https:\/\/aegyptentouren.de\/wp-content\/uploads\/2024\/01\/Peter-Tours-400x300.png\" alt=\"\u00c4gypten Touren &amp; Ausfl\u00fcge mit Peter Tours\" width=\"55\" height=\"41\" src=\"data:image\/svg+xml;base64,PHN2ZyB3aWR0aD0iMSIgaGVpZ2h0PSIxIiB4bWxucz0iaHR0cDovL3d3dy53My5vcmcvMjAwMC9zdmciPjwvc3ZnPg==\" class=\"lazyload\" style=\"--smush-placeholder-width: 55px; --smush-placeholder-aspect-ratio: 55\/41;\" \/><\/a><\/p>\n<p><a href=\"https:\/\/www.pinterest.de\/aegyptentouren\/\" target=\"_blank\" rel=\"noopener nofollow\"><img decoding=\"async\" data-src=\"https:\/\/aegyptentouren.de\/wp-content\/uploads\/2024\/01\/Peter-Tours-1-400x300.png\" alt=\"\u00c4gypten Touren &amp; Ausfl\u00fcge mit ( Peter Tours )\" width=\"56\" height=\"42\" src=\"data:image\/svg+xml;base64,PHN2ZyB3aWR0aD0iMSIgaGVpZ2h0PSIxIiB4bWxucz0iaHR0cDovL3d3dy53My5vcmcvMjAwMC9zdmciPjwvc3ZnPg==\" class=\"lazyload\" style=\"--smush-placeholder-width: 56px; --smush-placeholder-aspect-ratio: 56\/42;\" \/><\/a><\/p>\n","protected":false},"excerpt":{"rendered":"<p>El Gouna ist eine atemberaubende Stadt mit einer entspannten Atmosph\u00e4re, umgeben von Lagunen und traumhaften Str\u00e4nden. Private El Gouna Stadtrundfahrt und Lagunenfahrt ab Safaga bietet Ihnen die M\u00f6glichkeit, die Sch\u00f6nheit und den Charme dieses einzigartigen Ortes zu erleben. W\u00e4hrend der Lagunenfahrt in El Gouna mit einem Motorboot erhalten Sie einen einzigartigen Blick auf die Stadt. [&hellip;]<\/p>\n","protected":false},"featured_media":21251,"comment_status":"open","ping_status":"closed","template":"","meta":{"_monsterinsights_skip_tracking":false,"_monsterinsights_sitenote_active":false,"_monsterinsights_sitenote_note":"","_monsterinsights_sitenote_category":0},"product_brand":[],"product_cat":[204],"product_tag":[],"class_list":{"0":"post-21246","1":"product","2":"type-product","3":"status-publish","4":"has-post-thumbnail","6":"product_cat-safaga-ausfluege","8":"first","9":"instock","10":"sale","11":"shipping-taxable","12":"purchasable","13":"product-type-ovabrw_car_rental","14":"add-to-wishlist-after_add_to_cart"},"_links":{"self":[{"href":"https:\/\/aegyptentouren.de\/en\/wp-json\/wp\/v2\/product\/21246","targetHints":{"allow":["GET"]}}],"collection":[{"href":"https:\/\/aegyptentouren.de\/en\/wp-json\/wp\/v2\/product"}],"about":[{"href":"https:\/\/aegyptentouren.de\/en\/wp-json\/wp\/v2\/types\/product"}],"replies":[{"embeddable":true,"href":"https:\/\/aegyptentouren.de\/en\/wp-json\/wp\/v2\/comments?post=21246"}],"version-history":[{"count":6,"href":"https:\/\/aegyptentouren.de\/en\/wp-json\/wp\/v2\/product\/21246\/revisions"}],"predecessor-version":[{"id":26331,"href":"https:\/\/aegyptentouren.de\/en\/wp-json\/wp\/v2\/product\/21246\/revisions\/26331"}],"wp:featuredmedia":[{"embeddable":true,"href":"https:\/\/aegyptentouren.de\/en\/wp-json\/wp\/v2\/media\/21251"}],"wp:attachment":[{"href":"https:\/\/aegyptentouren.de\/en\/wp-json\/wp\/v2\/media?parent=21246"}],"wp:term":[{"taxonomy":"product_brand","embeddable":true,"href":"https:\/\/aegyptentouren.de\/en\/wp-json\/wp\/v2\/product_brand?post=21246"},{"taxonomy":"product_cat","embeddable":true,"href":"https:\/\/aegyptentouren.de\/en\/wp-json\/wp\/v2\/product_cat?post=21246"},{"taxonomy":"product_tag","embeddable":true,"href":"https:\/\/aegyptentouren.de\/en\/wp-json\/wp\/v2\/product_tag?post=21246"}],"curies":[{"name":"wp","href":"https:\/\/api.w.org\/{rel}","templated":true}]}}