{"id":21231,"date":"2025-02-21T15:14:48","date_gmt":"2025-02-21T14:14:48","guid":{"rendered":"https:\/\/aegyptentouren.de\/?post_type=product&#038;p=21231"},"modified":"2025-03-24T17:33:54","modified_gmt":"2025-03-24T16:33:54","slug":"privater-tagesausflug-von-marsa-alam-nach-kairo-per-flug-ausflug-pyramiden-gizeh-mit-dem-flugzeug","status":"publish","type":"product","link":"https:\/\/aegyptentouren.de\/en\/marsa-alaam-ausfluege\/privater-tagesausflug-von-marsa-alam-nach-kairo-per-flug-ausflug-pyramiden-gizeh-mit-dem-flugzeug\/","title":{"rendered":"Privater Ausflug nach Kairo mit dem Flugzeug ab Marsa Alam"},"content":{"rendered":"<p><span style=\"font-family: georgia, palatino, serif;\"><strong>Privater Tagesausflug von Marsa Alam nach Kairo per Flug<\/strong>\u00a0bietet eine reiche kulturelle Erfahrung f\u00fcr Reisende, die die faszinierende Geschichte \u00c4gyptens entdecken m\u00f6chten. <span class=\"Y2IQFc\" lang=\"de\">Peter Tour bietet Ihnen eine exklusive und pers\u00f6nliche Tour zu Kairos Sehensw\u00fcrdigkeiten, <\/span>Von den atemberaubenden <strong>Pyramiden von Gizeh<\/strong> \u00fcber den majest\u00e4tischen <strong>Sphinx<\/strong> von Gizeh bis zum beeindruckenden <strong>Taltempel von Chephren<\/strong> erm\u00f6glicht diese Tour Ihnen, die Sch\u00e4tze der antiken \u00e4gyptischen Kultur hautnah zu erleben. Die Tour beinhaltet auch einen Besuch des <strong>\u00c4gyptischen Museums in Kairo<\/strong> und einen Rundgang durch die <strong>Altstadt von Kairo<\/strong> (Khan El Khalili und El Moez Stra\u00dfe).<\/span><\/p>\n<p>Buchen Sie heute Ihren <strong>Ausflug Marsa Alam-Kairo mit dem Flugzeug<\/strong> bei Peter Tours und erleben Sie dieses einzigartige Abenteuer selbst!<\/p>\n<ul>\n<li aria-level=\"1\">Online Buchen Vor Ort bezahlen<\/li>\n<li aria-level=\"1\">Bezahlung Erfolgt bei der Abholung vom Hotel<\/li>\n<li aria-level=\"1\">Abholung von der Lobby ihres Hotel<\/li>\n<li aria-level=\"1\">Kundendienst 24\/7 in der Woche erreichbar.<\/li>\n<\/ul>\n<h2>Exklusiver Tagesausflug von Marsa Alam nach Kairo mit dem Flugzeug :<\/h2>\n<p>Der<strong> Tagesausflug Marsa Alam-Kairo zu den Pyramiden mit dem Flugzeug<\/strong> bei Peter Tours erfreut sich gro\u00dfer Beliebtheit aufgrund mehrerer Aspekte:<\/p>\n<ul>\n<li>Zun\u00e4chst bietet diese Tour Ihnen die M\u00f6glichkeit, die wichtigsten <strong>Sehensw\u00fcrdigkeiten Kairos zu besuchen und die Altstadt von Kairo ( Khan El Khalili &amp; El Moaz Stra\u00dfe)<\/strong> zu erkunden, auch wenn die Zeit in Kairo knapp ist.<\/li>\n<li>Besichtigen Sie die <strong>Sehensw\u00fcrdigkeiten Kairos<\/strong> ohne den Massenandrang.<\/li>\n<li>Genie\u00dfen Sie einen <strong>Kairo-Tagestour<\/strong> ohne l\u00e4stige Verkaufsveranstaltungen.<\/li>\n<li><strong>Der Flug<\/strong> sorgt f\u00fcr eine schnelle und komfortable Reise zwischen den St\u00e4dten. <strong>Der Flug vom Flughafen Hurghada\u00a0nach Kairo dauert etwa 40 Minuten.<\/strong><\/li>\n<li>Unser <strong>erfahrene Reisef\u00fchrer<\/strong> begleitet Sie zu den bedeutendsten Orten und erz\u00e4hlt Ihnen spannende Geschichten und Fakten \u00fcber deren Geschichte.<\/li>\n<\/ul>\n<h2>Ausflug von Marsa Alam nach Kairo per Flug &#8211; Ausflugsprogramm<\/h2>\n<h3>Der Abholung vom Hotel zum Flughafen und der Flug nach Kairo<\/h3>\n<ul>\n<li>Die Reise beginnt um ca. 3 Uhr mit einem Transfer im klimatisierten Fahrzeug zum Flughafen Hurghada und einem bequemen Flug von Hurghada\u00a0nach Kairo, der Ihnen ein schnelles und komfortables Reiseerlebnis bietet.<\/li>\n<li>Bei der Ankunft in Kairo erwartet Sie Ihr Reisef\u00fchrer mit einem privaten Fahrzeug ( PKW oder Minibus), um Sie zu den verschiedenen Sehensw\u00fcrdigkeiten der Stadt zu bringen, ohne sich um den Transport k\u00fcmmern zu m\u00fcssen.<\/li>\n<\/ul>\n<h2>Besuch der ber\u00fchmten Sehensw\u00fcrdigkeiten in Kairo<\/h2>\n<p>Nach der Ankunft in Kairo werden Sie mit einem komfortablen, klimatisierten Fahrzeug empfangen, um die atemberaubenden Pyramiden von Gizeh zu besuchen. Eine aufregende Kutschfahrt um die Pyramiden herum erm\u00f6glicht es den Reisenden, die Gr\u00f6\u00dfe und Sch\u00f6nheit dieser antiken Monumente aus n\u00e4chster N\u00e4he zu bestaunen und Fotos zu machen.<\/p>\n<h3>Die Pyramiden von Gizeh und die Sphinx<\/h3>\n<ul>\n<li>Die Pyramiden von Gizeh sind eine der faszinierendsten Sch\u00f6pfungen der antiken Welt. Diese monumentalen Bauwerke dienten vor Tausenden von Jahren als letzte Ruhest\u00e4tten f\u00fcr \u00e4gyptische Pharaonen und bleiben bis heute ein zentrales Symbol ihrer Zivilisation.<\/li>\n<li>Die Pyramiden wurden vor mehr als 4500 Jahren erbaut, w\u00e4hrend des Alten Reiches der \u00e4gyptischen Geschichte. Sie dienten als k\u00f6nigliche Grabst\u00e4tten f\u00fcr die Pharaonen und sollten diesen eine sichere Reise ins Jenseits erm\u00f6glichen. Die bekannteste und gr\u00f6\u00dfte Pyramide ist die Gro\u00dfe Pyramide, auch als Cheops-Pyramide bekannt, benannt nach Pharao Cheops, f\u00fcr den sie als Grabmal errichtet wurde.<\/li>\n<li>Die Pyramiden von Gizeh stehen nicht nur f\u00fcr die architektonische Meisterschaft des alten \u00c4gyptens, sondern auch f\u00fcr die tiefe kulturelle Bedeutung, die sie f\u00fcr das \u00e4gyptische Volk und die Welt insgesamt haben.<\/li>\n<li>Die Sphinx von Gizeh, ein mythologisches Wesen mit dem K\u00f6rper eines L\u00f6wen und dem Kopf eines Menschen, bewacht die Pyramiden. Sie ist eng mit der \u00e4gyptischen Kultur und Religion verbunden und symbolisiert St\u00e4rke und Schutz.<\/li>\n<li>W\u00e4hrend eines Tagesausflugs von Marsa Alam nach Kairo haben Sie die einzigartige Gelegenheit, diese antiken Wunder hautnah zu erleben. Mit dem Begleitet von einem erfahrenen \u00c4gyptologe erkunden Sie die Geschichte und Architektur dieser beeindruckenden Monumente, tauchen ein in die Welt des Alten \u00c4gyptens und lassen sich von den erz\u00e4hlten Geschichten in den Bann ziehen.<\/li>\n<\/ul>\n<h3>Der Taltempel<\/h3>\n<p>Erleben Sie den majest\u00e4tischen Taltempel nahe der Sphinx, ein integraler Teil des Komplexes der Pyramiden von Gizeh. Dieser Ort spielte eine zentrale Rolle in den religi\u00f6sen Zeremonien des alten \u00c4gyptens und besticht durch seine gut erhaltene Architektur. Tauchen Sie ein in die Vorstellung, wie das Leben zur Zeit der Pharaonen hier aussah.<\/p>\n<h3>Mittagessen im Restaurant in Kairo<\/h3>\n<p>Nach diesem faszinierenden Besuch erwartet Sie ein Mittagessen in einem erstklassigen Restaurant in Kairo, in unmittelbarer N\u00e4he der Pyramiden. Genie\u00dfen Sie ein k\u00f6stliches Mittagsbuffet und lassen Sie die Eindr\u00fccke des Tages auf sich wirken.<\/p>\n<h3>Das \u00e4gyptische Museum:<\/h3>\n<p>Im \u00c4gyptischen Nationalmuseum in Kairo finden Sie eine beeindruckende Sammlung von Artefakten aus der Zeit der Pharaonen. Zu den H\u00f6hepunkten z\u00e4hlen die weltber\u00fchmte Goldmaske des Tutanchamun, k\u00f6nigliche Mumien sowie zahlreiche Relikte aus dem Alten \u00c4gypten wie Statuen, Schmuckst\u00fccke und Papyrusrollen. Diese Ausstellungsst\u00fccke bieten einen einzigartigen Einblick in die Geschichte und Kultur dieses faszinierenden antiken Reiches.<\/p>\n<div>\n<dl id=\"attachment_17989\">\n<dt><a href=\"https:\/\/aegyptentouren.de\/wp-content\/uploads\/2024\/06\/Das-aegyptische-Museum-Tutankhamun.jpg\"><img fetchpriority=\"high\" decoding=\"async\" class=\"alignnone\" src=\"https:\/\/aegyptentouren.de\/wp-content\/uploads\/2024\/06\/Das-aegyptische-Museum-Tutankhamun-1300x800.jpg\" alt=\"Das \u00e4gyptische Museum Tutankhamun\" width=\"418\" height=\"257\" \/><\/a><\/dt>\n<dd><\/dd>\n<\/dl>\n<\/div>\n<h3>F\u00fchrung durch das \u00c4gyptische Nationalmuseum:<\/h3>\n<p>W\u00e4hrend Ihres Tagesausflugs zum \u00c4gyptischen Nationalmuseum haben Sie die M\u00f6glichkeit, an einer spannenden F\u00fchrung teilzunehmen. Ein erfahrener \u00c4gyptologe f\u00fchrt Sie durch die verschiedenen Galerien und erkl\u00e4rt die Bedeutung der einzelnen Exponate. Sie erfahren interessante Fakten \u00fcber die Pharaonen, ihre Lebensweise sowie tiefe Einblicke in die religi\u00f6sen Rituale und k\u00fcnstlerischen Errungenschaften des alten \u00c4gyptens.<\/p>\n<h3>R\u00fcckflug nach Hurghada und R\u00fcckfahrt zum Hotel in Marsa Alam:<\/h3>\n<p>Nachdem Sie die Pyramiden von Gizeh, die Sphinx und das \u00c4gyptische Museum besichtigt haben, fliegen Sie nach Hurghada mit dem Flugzeug. Unsere Reiseleiter und Fahrer erwarten Sie am Flughafen Hurghada und begleiten Sie zu Ihrem Hotel in Marsa Alam.<\/p>\n<h2>Privater Ausflug Marsa Alam-Kairo per Flug &#8211; Preise:<\/h2>\n<table style=\"border-collapse: collapse;\">\n<tbody>\n<tr>\n<td style=\"text-align: center;\"><strong><span style=\"color: #3366ff;\">Die Teilnehmer<\/span><\/strong><\/td>\n<td style=\"text-align: center;\"><span style=\"color: #3366ff;\"><b>Tour Typ<\/b><\/span><\/td>\n<td style=\"text-align: center;\"><strong><span style=\"color: #3366ff;\">Preis pro Person<\/span><\/strong><\/td>\n<\/tr>\n<tr>\n<td style=\"text-align: center;\"><strong><span style=\"color: #3366ff;\">2<\/span><\/strong><\/td>\n<td style=\"text-align: center;\">Privater Ausflug Marsa Alam Pyramiden<\/td>\n<td style=\"text-align: center;\"><span style=\"color: #ff0000;\"><del>300<\/del><\/span> <span style=\"color: #3366ff;\"><strong>290<\/strong><\/span>\u20ac<\/td>\n<\/tr>\n<tr>\n<td style=\"text-align: center;\"><strong><span style=\"color: #3366ff;\">3<\/span><\/strong><\/td>\n<td style=\"text-align: center;\">Privater Ausflug Marsa Alam Pyramiden<\/td>\n<td style=\"text-align: center;\"><span style=\"color: #ff0000;\"><del>280<\/del><\/span> <span style=\"color: #3366ff;\"><strong>270<\/strong><\/span>\u20ac<\/td>\n<\/tr>\n<tr>\n<td style=\"text-align: center;\"><strong><span style=\"color: #3366ff;\">4<\/span><\/strong><\/td>\n<td style=\"text-align: center;\">Privater Ausflug Marsa Alam Pyramiden<\/td>\n<td style=\"text-align: center;\"><span style=\"color: #ff0000;\"><del>260<\/del><\/span><span style=\"color: #3366ff;\"><strong>\u00a0250<\/strong><\/span>\u20ac<\/td>\n<\/tr>\n<tr>\n<td style=\"text-align: center;\"><strong><span style=\"color: #3366ff;\">5<\/span><\/strong><\/td>\n<td style=\"text-align: center;\">Privater Ausflug Marsa Alam Pyramiden<\/td>\n<td style=\"text-align: center;\"><span style=\"color: #ff0000;\"><del>255<\/del><\/span>\u00a0<span style=\"color: #3366ff;\"><strong>245<\/strong><\/span>\u20ac<\/td>\n<\/tr>\n<tr>\n<td style=\"text-align: center;\"><strong><span style=\"color: #3366ff;\">6<\/span><\/strong><\/td>\n<td style=\"text-align: center;\">Privater Ausflug Marsa Alam Pyramiden<\/td>\n<td style=\"text-align: center;\"><span style=\"color: #ff0000;\"><del>250<\/del><\/span> <span style=\"color: #3366ff;\"><strong>240<\/strong><\/span>\u20ac<\/td>\n<\/tr>\n<tr>\n<td style=\"text-align: center;\"><strong><span style=\"color: #3366ff;\">7<\/span><\/strong><\/td>\n<td style=\"text-align: center;\">Privater Ausflug Marsa Alam Pyramiden<\/td>\n<td style=\"text-align: center;\"><span style=\"color: #ff0000;\"><del>245<\/del><\/span>\u00a0<span style=\"color: #3366ff;\"><strong>235<\/strong><\/span>\u20ac<\/td>\n<\/tr>\n<tr>\n<td style=\"text-align: center;\"><strong><span style=\"color: #3366ff;\">8<\/span><\/strong><\/td>\n<td style=\"text-align: center;\">Privater Ausflug Marsa Alam Pyramiden<\/td>\n<td style=\"text-align: center;\"><span style=\"color: #ff0000;\"><del>240<\/del><\/span>\u00a0<span style=\"color: #3366ff;\"><strong>230<\/strong><\/span>\u20ac<\/td>\n<\/tr>\n<\/tbody>\n<\/table>\n<h3>Kinder Preise:<\/h3>\n<table style=\"border-collapse: collapse;\">\n<tbody>\n<tr>\n<td>Kind:\u00a0 \u00a0 \u00a0 \u00a0 \u00a0 \u00a0 <span style=\"color: #3366ff;\"><strong>\u00a03- 11<\/strong><\/span><\/td>\n<td><span style=\"color: #3366ff;\"><strong>200<\/strong><\/span> \u20ac<\/td>\n<\/tr>\n<tr>\n<td>Kleinkind:\u00a0 \u00a0 <span style=\"color: #3366ff;\"><strong>1- 3<\/strong><\/span><\/td>\n<td><span style=\"color: #3366ff;\"><b>45 <\/b><\/span>\u20ac<\/td>\n<\/tr>\n<\/tbody>\n<\/table>\n<h2>Erlebnis Marsa Alam nach Kairo mit Peter Tours:<\/h2>\n<p>Genie\u00dfen Sie einen Tagesausflug von Marsa Alam nach Kairo mit Besichtigungen der Pyramiden von Gizeh, der Sphinx und des \u00c4gyptischen Museums, ohne dabei auf Kaffeefahrten oder Verkaufsveranstaltungen sto\u00dfen zu m\u00fcssen. Der Fokus liegt klar auf den historischen Sehensw\u00fcrdigkeiten und dem kulturellen Erbe \u00c4gyptens.<\/p>\n<h3>Ausflug von Marsa Alam zu den Pyramiden\u00a0per Flug Erfahrungen:<\/h3>\n<p>Verglichen mit Busreisen wurde besonders die Bequemlichkeit des Flug und des Mini-Busses gesch\u00e4tzt. Die komfortablen Sitze und die festgelegte Planung mit einem Guide erm\u00f6glichten es den Besuchern, sich vollst\u00e4ndig auf die Sehensw\u00fcrdigkeiten und das kulturelle Erbe zu konzentrieren. Die Ausfl\u00fcge von Marsa Alam nach Kairo ohne Verkaufsveranstaltungen wurden sehr positiv bewertet.<\/p>\n<h3>Anmerkungen<\/h3>\n<ul>\n<li>Zus\u00e4tzliche Kosten wie Trinkgelder sind nicht im Preis inbegriffen.<\/li>\n<li>Der Reiseleiter kann m\u00f6glicherweise die Reihenfolge \u00e4ndern. \u00c4nderungen im Programm sind aus technischen oder organisatorischen Gr\u00fcnden m\u00f6glich.<\/li>\n<\/ul>\n<h3>Mitnehmen<\/h3>\n<p>Um Ihren Ausflug Marsa Alam Kairo mit dem Flugzeug vollst\u00e4ndig genie\u00dfen zu k\u00f6nnen, sollten Sie einige wichtige Dinge mitbringen:<\/p>\n<ul>\n<li>G\u00fcltiger Reisepass mit Visum oder Personalausweis mit dem Visum Beleg<\/li>\n<li aria-level=\"1\">Sonnenbrille &amp;\u00a0Sonnenschutz:\u00a0Da Sie den Gro\u00dfteil des Ausflugs im Freien verbringen, ist es wichtig, Sonnenschutzmittel, eine Sonnenbrille und einen Hut mitzubringen, um sich vor der intensiven Sonneneinstrahlung zu sch\u00fctzen.<\/li>\n<li>Fotoapparat \/ Handy und Ladekabel<\/li>\n<li>Warme Kleidung im Winter<\/li>\n<li>Leichte Kleidung im Sommer<\/li>\n<li>Fr\u00fchst\u00fccks-box vom Hotel<\/li>\n<li>Geld<\/li>\n<\/ul>\n<h3><b>Zahlungsmodalit\u00e4ten:<\/b><\/h3>\n<p><span style=\"font-weight: 400;\">Die Zahlung in Bargeld (Euro, US-Dollar, Schweizer Franken oder \u00e4gyptisches Pfund). Kartenzahlung ist derzeit nicht m\u00f6glich.<\/span><\/p>\n<p><strong>Gerne bieten wir Ihnen weitere Angebote an:<\/strong><\/p>\n<ul>\n<li><\/li>\n<\/ul>\n<p><strong>Folgen Sie uns:<\/strong><\/p>\n<p><a href=\"https:\/\/www.facebook.com\/aegypten.touren.ausfluege.mit.peter\/\" target=\"_blank\" rel=\"noopener nofollow\"><img decoding=\"async\" data-src=\"https:\/\/aegyptentouren.de\/wp-content\/uploads\/2024\/01\/Peter-Tours-400x300.png\" alt=\"\u00c4gypten Touren &amp; Ausfl\u00fcge mit Peter Tours\" width=\"55\" height=\"41\" src=\"data:image\/svg+xml;base64,PHN2ZyB3aWR0aD0iMSIgaGVpZ2h0PSIxIiB4bWxucz0iaHR0cDovL3d3dy53My5vcmcvMjAwMC9zdmciPjwvc3ZnPg==\" class=\"lazyload\" style=\"--smush-placeholder-width: 55px; --smush-placeholder-aspect-ratio: 55\/41;\" \/><\/a><\/p>\n<p><a href=\"https:\/\/www.pinterest.de\/aegyptentouren\/\" target=\"_blank\" rel=\"noopener nofollow\"><img decoding=\"async\" data-src=\"https:\/\/aegyptentouren.de\/wp-content\/uploads\/2024\/01\/Peter-Tours-1-400x300.png\" alt=\"\u00c4gypten Touren &amp; Ausfl\u00fcge mit ( Peter Tours )\" width=\"56\" height=\"42\" src=\"data:image\/svg+xml;base64,PHN2ZyB3aWR0aD0iMSIgaGVpZ2h0PSIxIiB4bWxucz0iaHR0cDovL3d3dy53My5vcmcvMjAwMC9zdmciPjwvc3ZnPg==\" class=\"lazyload\" style=\"--smush-placeholder-width: 56px; --smush-placeholder-aspect-ratio: 56\/42;\" \/><\/a><\/p>\n","protected":false},"excerpt":{"rendered":"<p>Privater Tagesausflug von Marsa Alam nach Kairo per Flug\u00a0bietet eine reiche kulturelle Erfahrung f\u00fcr Reisende, die die faszinierende Geschichte \u00c4gyptens entdecken m\u00f6chten. Peter Tour bietet Ihnen eine exklusive und pers\u00f6nliche Tour zu Kairos Sehensw\u00fcrdigkeiten, Von den atemberaubenden Pyramiden von Gizeh \u00fcber den majest\u00e4tischen Sphinx von Gizeh bis zum beeindruckenden Taltempel von Chephren erm\u00f6glicht diese Tour [&hellip;]<\/p>\n","protected":false},"featured_media":19754,"comment_status":"open","ping_status":"closed","template":"","meta":{"_monsterinsights_skip_tracking":false,"_monsterinsights_sitenote_active":false,"_monsterinsights_sitenote_note":"","_monsterinsights_sitenote_category":0},"product_brand":[],"product_cat":[208],"product_tag":[269,268],"class_list":{"0":"post-21231","1":"product","2":"type-product","3":"status-publish","4":"has-post-thumbnail","6":"product_cat-marsa-alaam-ausfluege","7":"product_tag-ausfluege-nach-kairo-von-hurghada-en","8":"product_tag-aegypten-ausfluege-fuer-die-familien-mit-kindern-en","10":"first","11":"instock","12":"sale","13":"shipping-taxable","14":"purchasable","15":"product-type-ovabrw_car_rental","16":"add-to-wishlist-after_add_to_cart"},"_links":{"self":[{"href":"https:\/\/aegyptentouren.de\/en\/wp-json\/wp\/v2\/product\/21231","targetHints":{"allow":["GET"]}}],"collection":[{"href":"https:\/\/aegyptentouren.de\/en\/wp-json\/wp\/v2\/product"}],"about":[{"href":"https:\/\/aegyptentouren.de\/en\/wp-json\/wp\/v2\/types\/product"}],"replies":[{"embeddable":true,"href":"https:\/\/aegyptentouren.de\/en\/wp-json\/wp\/v2\/comments?post=21231"}],"version-history":[{"count":7,"href":"https:\/\/aegyptentouren.de\/en\/wp-json\/wp\/v2\/product\/21231\/revisions"}],"predecessor-version":[{"id":21486,"href":"https:\/\/aegyptentouren.de\/en\/wp-json\/wp\/v2\/product\/21231\/revisions\/21486"}],"wp:featuredmedia":[{"embeddable":true,"href":"https:\/\/aegyptentouren.de\/en\/wp-json\/wp\/v2\/media\/19754"}],"wp:attachment":[{"href":"https:\/\/aegyptentouren.de\/en\/wp-json\/wp\/v2\/media?parent=21231"}],"wp:term":[{"taxonomy":"product_brand","embeddable":true,"href":"https:\/\/aegyptentouren.de\/en\/wp-json\/wp\/v2\/product_brand?post=21231"},{"taxonomy":"product_cat","embeddable":true,"href":"https:\/\/aegyptentouren.de\/en\/wp-json\/wp\/v2\/product_cat?post=21231"},{"taxonomy":"product_tag","embeddable":true,"href":"https:\/\/aegyptentouren.de\/en\/wp-json\/wp\/v2\/product_tag?post=21231"}],"curies":[{"name":"wp","href":"https:\/\/api.w.org\/{rel}","templated":true}]}}