{"id":21208,"date":"2025-01-31T18:06:56","date_gmt":"2025-01-31T17:06:56","guid":{"rendered":"https:\/\/aegyptentouren.de\/?post_type=product&#038;p=21208"},"modified":"2025-04-26T17:37:21","modified_gmt":"2025-04-26T15:37:21","slug":"paradise-insel-ausflug-ab-el-gouna-schnorcheltour","status":"publish","type":"product","link":"https:\/\/aegyptentouren.de\/en\/el-gouna-ausfluege\/paradise-insel-ausflug-ab-el-gouna-schnorcheltour\/","title":{"rendered":"Exklusiver Paradise Insel Ausflug von El Gouna &#038; Schnorchel Tour in kleiner Gruppe"},"content":{"rendered":"<div class=\"draggable no-draggable-children sticky top-0 p-3 mb-1.5 flex items-center justify-between z-10 h-header-height font-semibold bg-token-main-surface-primary max-md:hidden\">\n<div class=\"gap-2 flex items-center pr-1 leading-[0]\">\n<div class=\"flex items-center justify-center overflow-hidden rounded-full\">Erleben Sie mit Peter Tours einen Paradise Insel Ausflug ab El Gouna. Genie\u00dfen Sie Ihren Schnorchelausflug in einer kleinen Gruppe von 10 bis 15 Personen an Bord. Schnorcheln Sie entspannt, ohne den Trubel gro\u00dfer Gruppen. Die Insel ist bekannt f\u00fcr ihre paradiesische Atmosph\u00e4re und ihren wei\u00dfen Sandstrand.<\/div>\n<\/div>\n<\/div>\n<article class=\"w-full scroll-mb-[var(--thread-trailing-height,150px)] text-token-text-primary focus-visible:outline-2 focus-visible:outline-offset-[-4px]\" dir=\"auto\" data-testid=\"conversation-turn-25\" data-scroll-anchor=\"true\">\n<div class=\"m-auto text-base py-[18px] px-3 md:px-4 w-full md:px-5 lg:px-4 xl:px-5\">\n<div class=\"mx-auto flex flex-1 gap-4 text-base md:gap-5 lg:gap-6 md:max-w-3xl lg:max-w-[40rem] xl:max-w-[48rem]\">\n<div class=\"group\/conversation-turn relative flex w-full min-w-0 flex-col agent-turn\">\n<div class=\"flex-col gap-1 md:gap-3\">\n<div class=\"flex max-w-full flex-col flex-grow\">\n<div class=\"min-h-8 text-message flex w-full flex-col items-end gap-2 whitespace-normal break-words [.text-message+&amp;]:mt-5\" dir=\"auto\" data-message-author-role=\"assistant\" data-message-id=\"cce199f8-80ba-4771-8032-9e97c355ca0c\" data-message-model-slug=\"gpt-4o\">\n<div class=\"flex w-full flex-col gap-1 empty:hidden first:pt-[3px]\">\n<div class=\"markdown prose w-full break-words dark:prose-invert light\">\n<p>Die Schnorcheltouren von El Gouna zur Paradise-Insel garantieren Ihnen ein einzigartiges Erlebnis an den besten Riffen des Roten Meeres. Mit zwei geplanten Schnorchelstopps k\u00f6nnen Sie die faszinierende Unterwasserwelt und unber\u00fchrte Korallenriffe hautnah erkunden.<\/p>\n<\/div>\n<\/div>\n<\/div>\n<\/div>\n<\/div>\n<\/div>\n<\/div>\n<\/div>\n<\/article>\n<ul>\n<li aria-level=\"1\">Online Buchen Vor Ort Bezahlen.<\/li>\n<li aria-level=\"1\">Bezahlung Erfolgt bei der Abholung vom Hotel.<\/li>\n<li aria-level=\"1\">Abholung von der Lobby ihres Hotel.<\/li>\n<li aria-level=\"1\">Kundendienst 24\/7 in der Woche erreichbar.<\/li>\n<\/ul>\n<h2>Paradies Inselausflug ab El Gouna: Ausflugsprogramm<\/h2>\n<h3>Abholung vom Hotel<\/h3>\n<ul>\n<li>Starten Sie Ihren Tag mit einem komfortablen Transfer von Ihrem Hotel in El Gouna. Unsere klimatisierten Fahrzeuge sorgen daf\u00fcr, dass Sie die Fahrt genie\u00dfen k\u00f6nnen<\/li>\n<li>Am Hafen erwartet Sie bereits das Boot. Unsere herzliche Schiffscrew wird Sie am Hafen willkommen hei\u00dfen und daf\u00fcr sorgen, dass Ihr Ausflug ein unvergessliches Erlebnis wird.<\/li>\n<\/ul>\n<h3>Fr\u00fchst\u00fcck an Bord<\/h3>\n<p>Beginnen Sie Ihren Paradies-Inselausflug entspannt mit einem leckeren Fr\u00fchst\u00fcck an Bord des Bootes. Genie\u00dfen Sie die ruhige Morgenstimmung, w\u00e4hrend Sie sich auf das bevorstehende Abenteuer vorbereiten.<\/p>\n<h3>Bootsfahrt zur Paradise Island<\/h3>\n<p>Genie\u00dfen Sie w\u00e4hrend der Bootsfahrt zur Paradise Island die atemberaubende Landschaft des Roten Meeres. Die Fahrt dauert ca. eine Stunde und bietet Ihnen die perfekte Gelegenheit, die malerische K\u00fcste zu bewundern und sich auf einen entspannten Tag auf der Insel zu freuen.<\/p>\n<h3>Zwei Schnorchel-Stopps<\/h3>\n<ul>\n<li>W\u00e4hrend der Schnorcheltour haben Sie die M\u00f6glichkeit, bei zwei Schnorchel-Stopps die beeindruckenden Korallenriffe und die bunte Fischvielfalt des Roten Meeres zu entdecken.<\/li>\n<li>Unsere Erfahrenen Guides begleiten Sie w\u00e4hrend der Schnorchel-Stopps und sorgen f\u00fcr Ihre Sicherheit.<\/li>\n<li>Tauchen Sie ein in die faszinierende Unterwasserwelt und lassen Sie sich von der Vielfalt und Sch\u00f6nheit der Meeresbewohner verzaubern.<\/li>\n<li>Unsere Schnorcheltour beinhaltet die komplette Ausr\u00fcstung wie Flossen, Schnorchel-Maske und Schwimmweste.<\/li>\n<li>Wir empfehlen, Ihre eigene Badebekleidung, Handt\u00fccher und Sonnenschutzmittel mitzubringen.<\/li>\n<\/ul>\n<h4>Aufenthalt auf der Paradise Insel: 2 bis 3 Stunden<\/h4>\n<p>Nach den erfrischenden Schnorchel Stopps erwartet Sie ein entspannender Inselaufenthalt am wei\u00dfen Sandstrand. Ob beim Sonnenbaden, Schwimmen oder einfach nur bei einem entspannten Strandspaziergang &#8211; die Besucher haben die M\u00f6glichkeit, sich zu erholen und die Atmosph\u00e4re der Insel zu erleben.<\/p>\n<h3>Mittagessen an Bord<\/h3>\n<p>Um 13:00 Uhr erwartet Sie ein k\u00f6stliches Mittagessen mit regionalen Spezialit\u00e4ten. Genie\u00dfen Sie Ihr Essen in der entspannten Atmosph\u00e4re an Bord und tanken Sie neue Energie f\u00fcr die weiteren Abenteuer des Tages.<\/p>\n<h3>R\u00fcckfahrt zum Hafen und Transfer zum Hotel<\/h3>\n<p>Nach einem erlebnisreichen Tag auf Paradies Insel und dem Schnorcheln treten Sie die R\u00fcckfahrt zum Hafen an. Von dort aus bringt Sie unser klimatisiertes Fahrzeug sicher zur\u00fcck zu Ihrem Hotel.<\/p>\n<h2>Paradise Insel Ausflug ab El Gouna (kleine Gruppe), Preise:<\/h2>\n<table style=\"border-collapse: collapse;\">\n<tbody>\n<tr>\n<td style=\"text-align: left;\"><span style=\"color: #3366ff;\">Alter des Teilnehmers<\/span><\/td>\n<td style=\"text-align: center;\"><span style=\"color: #3366ff;\">Preis Pro Person<\/span><\/td>\n<\/tr>\n<tr>\n<td style=\"text-align: left;\">Erwachsene:<strong><span style=\"color: #3366ff;\">+11<\/span><\/strong><\/td>\n<td style=\"text-align: center;\"><span style=\"color: #ff0000;\"><del>60<\/del><\/span> <strong><span style=\"color: #3366ff;\">45<\/span><\/strong>\u20ac<\/td>\n<\/tr>\n<tr>\n<td style=\"text-align: left;\">Kind:\u00a0 \u00a0 \u00a0 \u00a0 \u00a0 \u00a0 \u00a0 <span style=\"color: #3366ff;\"><strong>5-11<\/strong><\/span><\/td>\n<td style=\"text-align: center;\"><span style=\"color: #ff0000;\"><del>30<\/del> <strong><span style=\"color: #3366ff;\">25<\/span><\/strong><\/span>\u20ac<\/td>\n<\/tr>\n<tr>\n<td style=\"text-align: left;\">Kleinkind:\u00a0 \u00a0 \u00a0<strong><span style=\"color: #3366ff;\">0-5<\/span><\/strong><\/td>\n<td style=\"text-align: center;\"><strong><span style=\"color: #3366ff;\">Frei<\/span><\/strong><\/td>\n<\/tr>\n<\/tbody>\n<\/table>\n<p><strong>Naturschutzgeb\u00fchr<\/strong>: 5 Euro pro Person an Bord, Alter +5.<\/p>\n<h2>Anmerkungen<\/h2>\n<ul>\n<li>Extrakte: Trinkgelder sind nicht enthalten ( Optional )<\/li>\n<li>Programm\u00e4nderungen: Die Reihenfolge kann durch den Reiseleiter ge\u00e4ndert werden. Programm\u00e4nderungen aus technischen oder organisatorischen Gr\u00fcnden vorbehalten.<\/li>\n<\/ul>\n<h2>Mitnehmen:<\/h2>\n<ul>\n<li aria-level=\"1\">Fotoapparat \/ Handy und Ladekabel<\/li>\n<li aria-level=\"1\">Sonnenbrille<\/li>\n<li aria-level=\"1\">Warme Kleidung im Winter<\/li>\n<li aria-level=\"1\">Leichte Kleidung im Sommer<\/li>\n<li aria-level=\"1\">Geld<\/li>\n<\/ul>\n<h2>Zahlungsmodalit\u00e4ten:<\/h2>\n<ul>\n<li>Vor Ort in bar in Euro, US-Dollars, Schweizer Franken. Kreditkartenzahlung ist derzeit nicht m\u00f6glich. Die Bezahlung erfolgt bei der Abholung.<\/li>\n<\/ul>\n<h2>Stornierungsbedingungen:<\/h2>\n<ul>\n<li>Kostenlose Stornierung bis 24 Stunden vor Reisebeginn m\u00f6glich. Danach wird eine Stornierungsgeb\u00fchr von 30 % des Reisepreises erhoben.<\/li>\n<\/ul>\n<p><strong>Gerne bieten wir Ihnen weitere Angebote an:<\/strong><\/p>\n<ul>\n<li class=\"ova-product-title\"><\/li>\n<\/ul>\n<p><strong>Folgen Sie uns :<\/strong><\/p>\n<p><a href=\"https:\/\/www.facebook.com\/aegypten.touren.ausfluege.mit.peter\/\" target=\"_blank\" rel=\"noopener nofollow\"><img decoding=\"async\" data-src=\"https:\/\/aegyptentouren.de\/wp-content\/uploads\/2024\/01\/Peter-Tours-400x300.png\" alt=\"\u00c4gypten Touren &amp; Ausfl\u00fcge mit Peter Tours\" width=\"55\" height=\"41\" src=\"data:image\/svg+xml;base64,PHN2ZyB3aWR0aD0iMSIgaGVpZ2h0PSIxIiB4bWxucz0iaHR0cDovL3d3dy53My5vcmcvMjAwMC9zdmciPjwvc3ZnPg==\" class=\"lazyload\" style=\"--smush-placeholder-width: 55px; --smush-placeholder-aspect-ratio: 55\/41;\" \/><\/a><\/p>\n<p><a href=\"https:\/\/www.pinterest.de\/aegyptentouren\/\" target=\"_blank\" rel=\"noopener nofollow\"><img decoding=\"async\" data-src=\"https:\/\/aegyptentouren.de\/wp-content\/uploads\/2024\/01\/Peter-Tours-1-400x300.png\" alt=\"\u00c4gypten Touren &amp; Ausfl\u00fcge mit ( Peter Tours )\" width=\"56\" height=\"42\" src=\"data:image\/svg+xml;base64,PHN2ZyB3aWR0aD0iMSIgaGVpZ2h0PSIxIiB4bWxucz0iaHR0cDovL3d3dy53My5vcmcvMjAwMC9zdmciPjwvc3ZnPg==\" class=\"lazyload\" style=\"--smush-placeholder-width: 56px; --smush-placeholder-aspect-ratio: 56\/42;\" \/><\/a><\/p>\n","protected":false},"excerpt":{"rendered":"<p>Erleben Sie mit Peter Tours einen Paradise Insel Ausflug ab El Gouna. Genie\u00dfen Sie Ihren Schnorchelausflug in einer kleinen Gruppe von 10 bis 15 Personen an Bord. Schnorcheln Sie entspannt, ohne den Trubel gro\u00dfer Gruppen. Die Insel ist bekannt f\u00fcr ihre paradiesische Atmosph\u00e4re und ihren wei\u00dfen Sandstrand. Die Schnorcheltouren von El Gouna zur Paradise-Insel garantieren [&hellip;]<\/p>\n","protected":false},"featured_media":21213,"comment_status":"open","ping_status":"closed","template":"","meta":{"_monsterinsights_skip_tracking":false,"_monsterinsights_sitenote_active":false,"_monsterinsights_sitenote_note":"","_monsterinsights_sitenote_category":0},"product_brand":[],"product_cat":[200],"product_tag":[],"class_list":{"0":"post-21208","1":"product","2":"type-product","3":"status-publish","4":"has-post-thumbnail","6":"product_cat-el-gouna-ausfluege","8":"first","9":"instock","10":"sale","11":"shipping-taxable","12":"purchasable","13":"product-type-ovabrw_car_rental","14":"add-to-wishlist-after_add_to_cart"},"_links":{"self":[{"href":"https:\/\/aegyptentouren.de\/en\/wp-json\/wp\/v2\/product\/21208","targetHints":{"allow":["GET"]}}],"collection":[{"href":"https:\/\/aegyptentouren.de\/en\/wp-json\/wp\/v2\/product"}],"about":[{"href":"https:\/\/aegyptentouren.de\/en\/wp-json\/wp\/v2\/types\/product"}],"replies":[{"embeddable":true,"href":"https:\/\/aegyptentouren.de\/en\/wp-json\/wp\/v2\/comments?post=21208"}],"version-history":[{"count":6,"href":"https:\/\/aegyptentouren.de\/en\/wp-json\/wp\/v2\/product\/21208\/revisions"}],"predecessor-version":[{"id":22242,"href":"https:\/\/aegyptentouren.de\/en\/wp-json\/wp\/v2\/product\/21208\/revisions\/22242"}],"wp:featuredmedia":[{"embeddable":true,"href":"https:\/\/aegyptentouren.de\/en\/wp-json\/wp\/v2\/media\/21213"}],"wp:attachment":[{"href":"https:\/\/aegyptentouren.de\/en\/wp-json\/wp\/v2\/media?parent=21208"}],"wp:term":[{"taxonomy":"product_brand","embeddable":true,"href":"https:\/\/aegyptentouren.de\/en\/wp-json\/wp\/v2\/product_brand?post=21208"},{"taxonomy":"product_cat","embeddable":true,"href":"https:\/\/aegyptentouren.de\/en\/wp-json\/wp\/v2\/product_cat?post=21208"},{"taxonomy":"product_tag","embeddable":true,"href":"https:\/\/aegyptentouren.de\/en\/wp-json\/wp\/v2\/product_tag?post=21208"}],"curies":[{"name":"wp","href":"https:\/\/api.w.org\/{rel}","templated":true}]}}