{"id":21101,"date":"2025-01-28T19:59:13","date_gmt":"2025-01-28T18:59:13","guid":{"rendered":"https:\/\/aegyptentouren.de\/?post_type=product&#038;p=21101"},"modified":"2025-11-01T13:26:46","modified_gmt":"2025-11-01T12:26:46","slug":"privater-transfer-vom-flughafen-hurghada-nach-sahl-hasheesh-transportservices","status":"publish","type":"product","link":"https:\/\/aegyptentouren.de\/en\/aegypten-flughafen-transfer\/privater-transfer-vom-flughafen-hurghada-nach-sahl-hasheesh-transportservices\/","title":{"rendered":"Privater Transfer vom Flughafen Hurghada nach Sahl Hasheesh und Transportservices in Sahl Hasheesh"},"content":{"rendered":"<p>Der pers\u00f6nliche Transportservice bei Peter Tours bietet einen bequemen Transfer vom Flughafen Hurghada nach Sahl Hasheesh zu fairen Preisen, um den stressfreien Start in den Urlaub zu gew\u00e4hrleisten.<\/p>\n<p>Mit dem individuellen Sahl Hasheesh Transfer genie\u00dfen Sie eine komfortable und bequeme Fahrt zum Wunschziel, um Ihren Urlaub in Sahl Hasheesh entspannt zu beginnen.<\/p>\n<h2>Privater Transfer vom Flughafen Hurghada nach Sahl Hasheesh &#8211; Preise:<\/h2>\n<table style=\"border-collapse: collapse;\">\n<tbody>\n<tr>\n<td><strong><span style=\"color: #3366ff;\">Teilnehmer-Anzahl<\/span><\/strong><\/td>\n<td><strong><span style=\"color: #3366ff;\">Fahrzeug<\/span><\/strong><\/td>\n<td><strong><span style=\"color: #3366ff;\">Preise<\/span><\/strong><\/td>\n<\/tr>\n<tr>\n<td><span style=\"color: #3366ff;\"><strong>1 &#8211; 2\u00a0<\/strong><\/span><\/td>\n<td>Privater PKW<\/td>\n<td><strong><span style=\"color: #3366ff;\">21<\/span><\/strong>\u20ac pro Transfer<\/td>\n<\/tr>\n<tr>\n<td><strong><span style=\"color: #3366ff;\">3 &#8211; 8\u00a0 \u00a0<\/span><\/strong><\/td>\n<td>Privater Mini-Bus<\/td>\n<td><strong><span style=\"color: #3366ff;\">25 <\/span><\/strong>\u20ac pro Transfer<\/td>\n<\/tr>\n<\/tbody>\n<\/table>\n<h2>Dauer der Fahrt zwischen Flughafen Hurghada und Sahl Hasheesh<\/h2>\n<p>Die Entfernung vom Flughafen Hurghada nach Sahl Hasheesh betr\u00e4gt ungef\u00e4hr 25 Kilometer. Die Fahrzeit vom Flughafen Hurghada nach Sahl Hasheesh dauert etwa 20 &#8211; 25 Minuten.<\/p>\n<h2>Peter Tours bietet Ihnen alle Transportservices in Sahl Hasheesh an:<\/h2>\n<h3>Private Transfers zwischen Flughafen Hurghada und Sahl Hasheesh<\/h3>\n<h3>Private Transfers zwischen Flughafen <strong>Marsa Alaam und Sahl Hasheesh<\/strong><\/h3>\n<h3>Private Taxiservices von Ihrem Hotel in <strong>Sahl Hasheesh nach Hurghada<\/strong>:<\/h3>\n<ul>\n<li><span lang=\"de\">Beliebiges Hotel<\/span><\/li>\n<li>Altstadt (Al Dahar)<\/li>\n<li>Neue Marina<\/li>\n<li>Sheraton Stra\u00dfe<\/li>\n<li>Senzo Mall<\/li>\n<li>Und mehr Reiseziele<\/li>\n<\/ul>\n<h3>Private Transfers zwischen <strong>Sahl Hasheesh und allen Reisezielen in \u00c4gypten<\/strong>:<\/h3>\n<ul>\n<li>Kairo<\/li>\n<li>Luxor<\/li>\n<li>Hurghada<\/li>\n<li>El Gouna<\/li>\n<li>Makadi Bay<\/li>\n<li>Soma Bay<\/li>\n<li>Safaga<\/li>\n<li>El Quseir<\/li>\n<li>Port Ghalib<\/li>\n<li>Marsa Alaam<\/li>\n<\/ul>\n<h2>Sahl Hasheesh Transfer privat: Die Vorteile<\/h2>\n<h3>Zeitersparnis<\/h3>\n<p>Der Transport vom Flughafen Hurghada nach Sahl Hasheesh dauert ca. 25 Minuten. Wenn Sie mit einem Shuttlebus fahren, wissen Sie nicht, wie lange die Fahrt dauert. Diese Fahrt nach Sahl Hasheesh mit Shuttlebus dauert manchmal 2 Stunden mit der Warte im Flughafen.<\/p>\n<h3>Zuverl\u00e4ssigkeit und Komfort<\/h3>\n<p>Ein privater Transfer bietet Abholung durch einen Reiseleiter, individuellen Transferluxus und T\u00fcr-zu-T\u00fcr-Service ohne versteckte Kosten. W\u00e4hlen Sie zwischen verschiedenen Fahrzeugen und genie\u00dfen Sie eine stressfreie Fahrt zu Ihrem Hotel in Sahl Hasheesh.<\/p>\n<p>Sie k\u00f6nnen Ihren privaten Transfer vom Flughafen Hurghada nach Sahl Hasheesh mit Peter Tours bequem online buchen. In weniger als einer Minute k\u00f6nnen Sie Ihren Transfer buchen und eine sofortige Best\u00e4tigung erhalten.<\/p>\n<h2>Sahl Hasheesh Hotels Liste 2025:<\/h2>\n<ul>\n<li>The Oberoi Beach Resort, Sahl Hasheesh<\/li>\n<li>Pyramisa Sahl Hasheesh<\/li>\n<li>The V Luxury Resort Sahl Hasheesh<\/li>\n<li>Baron Palace Sahl Hasheesh<\/li>\n<li>Tropitel Sahl Hasheesh<\/li>\n<li>Sunrise Romance Resort Sahl Hasheesh (Adults Only)<\/li>\n<li>Gravity Sahl Hasheesh<\/li>\n<li>Albatros Citadel Resort Sahl Hasheesh<\/li>\n<\/ul>\n<h2>Peter Tours bietet Ihnen Exklusive Ausfl\u00fcge ab Sahl Hasheesh<\/h2>\n<ul>\n<li class=\"term-title\"><span style=\"color: #0000ff;\"><strong><a style=\"color: #0000ff;\" href=\"https:\/\/aegyptentouren.de\/ausfluege\/sahl-hasheesh-ausfluege\/\">Sahl Hasheesh Ausfl\u00fcge<\/a><\/strong><\/span><\/li>\n<li class=\"title\"><span style=\"color: #0000ff;\"><strong><a style=\"color: #0000ff;\" href=\"https:\/\/aegyptentouren.de\/ausfluege\/aegypten-kulturelle-ausfluege\/\">\u00c4gypten Kulturelle Ausfl\u00fcge<\/a><\/strong><\/span><\/li>\n<li class=\"title\"><strong><span style=\"color: #0000ff;\"><a style=\"color: #0000ff;\" href=\"https:\/\/aegyptentouren.de\/ausfluege\/aegypten-schnorcheln-ausfluege-und-touren\/\">\u00c4gypten Schnorchel-Ausfl\u00fcge und Bootstouren<\/a><\/span><\/strong><\/li>\n<li class=\"title\"><span style=\"color: #0000ff;\"><strong><a style=\"color: #0000ff;\" href=\"https:\/\/aegyptentouren.de\/ausfluege\/aegypten-wuestensafari-ausfluege\/\">\u00c4gypten W\u00fcstensafari Ausfl\u00fcge<\/a><\/strong><\/span><\/li>\n<\/ul>\n<h2>Folgen Sie uns auf Facebook:<\/h2>\n<p><a href=\"https:\/\/www.facebook.com\/aegypten.touren.ausfluege.mit.peter\/\" target=\"_blank\" rel=\"noopener nofollow\"><img decoding=\"async\" data-src=\"https:\/\/aegyptentours.de\/wp-content\/uploads\/2024\/01\/Peter-Tours-400x300.png\" alt=\"\u00c4gypten Touren &amp; Ausfl\u00fcge mit Peter Tours\" width=\"55\" height=\"41\" src=\"data:image\/svg+xml;base64,PHN2ZyB3aWR0aD0iMSIgaGVpZ2h0PSIxIiB4bWxucz0iaHR0cDovL3d3dy53My5vcmcvMjAwMC9zdmciPjwvc3ZnPg==\" class=\"lazyload\" style=\"--smush-placeholder-width: 55px; --smush-placeholder-aspect-ratio: 55\/41;\" \/><\/a><\/p>\n<p><a href=\"https:\/\/www.pinterest.de\/aegyptentouren\/\" target=\"_blank\" rel=\"noopener nofollow\"><img decoding=\"async\" data-src=\"https:\/\/aegyptentours.de\/wp-content\/uploads\/2024\/01\/Peter-Tours-1-400x300.png\" alt=\"\u00c4gypten Touren &amp; Ausfl\u00fcge mit ( Peter Tours )\" width=\"56\" height=\"42\" src=\"data:image\/svg+xml;base64,PHN2ZyB3aWR0aD0iMSIgaGVpZ2h0PSIxIiB4bWxucz0iaHR0cDovL3d3dy53My5vcmcvMjAwMC9zdmciPjwvc3ZnPg==\" class=\"lazyload\" style=\"--smush-placeholder-width: 56px; --smush-placeholder-aspect-ratio: 56\/42;\" \/><\/a><\/p>\n","protected":false},"excerpt":{"rendered":"<p>Der pers\u00f6nliche Transportservice bei Peter Tours bietet einen bequemen Transfer vom Flughafen Hurghada nach Sahl Hasheesh zu fairen Preisen, um den stressfreien Start in den Urlaub zu gew\u00e4hrleisten. Mit dem individuellen Sahl Hasheesh Transfer genie\u00dfen Sie eine komfortable und bequeme Fahrt zum Wunschziel, um Ihren Urlaub in Sahl Hasheesh entspannt zu beginnen. Privater Transfer vom [&hellip;]<\/p>\n","protected":false},"featured_media":21106,"comment_status":"open","ping_status":"closed","template":"","meta":{"_monsterinsights_skip_tracking":false,"_monsterinsights_sitenote_active":false,"_monsterinsights_sitenote_note":"","_monsterinsights_sitenote_category":0},"product_brand":[],"product_cat":[218,201],"product_tag":[244],"class_list":{"0":"post-21101","1":"product","2":"type-product","3":"status-publish","4":"has-post-thumbnail","6":"product_cat-aegypten-flughafen-transfer","7":"product_cat-sahl-hasheesh-ausfluege","8":"product_tag-hurghada-flughafentransfers","10":"first","11":"instock","12":"shipping-taxable","13":"purchasable","14":"product-type-ovabrw_car_rental","15":"add-to-wishlist-after_add_to_cart"},"_links":{"self":[{"href":"https:\/\/aegyptentouren.de\/en\/wp-json\/wp\/v2\/product\/21101","targetHints":{"allow":["GET"]}}],"collection":[{"href":"https:\/\/aegyptentouren.de\/en\/wp-json\/wp\/v2\/product"}],"about":[{"href":"https:\/\/aegyptentouren.de\/en\/wp-json\/wp\/v2\/types\/product"}],"replies":[{"embeddable":true,"href":"https:\/\/aegyptentouren.de\/en\/wp-json\/wp\/v2\/comments?post=21101"}],"version-history":[{"count":5,"href":"https:\/\/aegyptentouren.de\/en\/wp-json\/wp\/v2\/product\/21101\/revisions"}],"predecessor-version":[{"id":24333,"href":"https:\/\/aegyptentouren.de\/en\/wp-json\/wp\/v2\/product\/21101\/revisions\/24333"}],"wp:featuredmedia":[{"embeddable":true,"href":"https:\/\/aegyptentouren.de\/en\/wp-json\/wp\/v2\/media\/21106"}],"wp:attachment":[{"href":"https:\/\/aegyptentouren.de\/en\/wp-json\/wp\/v2\/media?parent=21101"}],"wp:term":[{"taxonomy":"product_brand","embeddable":true,"href":"https:\/\/aegyptentouren.de\/en\/wp-json\/wp\/v2\/product_brand?post=21101"},{"taxonomy":"product_cat","embeddable":true,"href":"https:\/\/aegyptentouren.de\/en\/wp-json\/wp\/v2\/product_cat?post=21101"},{"taxonomy":"product_tag","embeddable":true,"href":"https:\/\/aegyptentouren.de\/en\/wp-json\/wp\/v2\/product_tag?post=21101"}],"curies":[{"name":"wp","href":"https:\/\/api.w.org\/{rel}","templated":true}]}}