{"id":20968,"date":"2025-01-25T14:46:31","date_gmt":"2025-01-25T13:46:31","guid":{"rendered":"https:\/\/aegyptentouren.de\/?post_type=product&#038;p=20968"},"modified":"2026-03-27T14:36:24","modified_gmt":"2026-03-27T13:36:24","slug":"glasbodenboot-soma-bay-royal-seascope-halb-u-boot-ausflug","status":"publish","type":"product","link":"https:\/\/aegyptentouren.de\/en\/soma-bay-ausfluege\/glasbodenboot-soma-bay-royal-seascope-halb-u-boot-ausflug\/","title":{"rendered":"Glasbodenboot Soma Bay | Royal Seascope Halb-U-Boot Ausflug"},"content":{"rendered":"<p>Der Ausflug mit dem Glasbodenboot Soma Bay , insbesondere an Bord des Halb-U-Boots Royal Seascope, ist eine ideale Aktivit\u00e4t f\u00fcr Familien und Freunde. Das Royal Seascope Halb-U-Boot Soma Bay bietet ein einzigartiges Erlebnis, um die faszinierende Unterwasserwelt des Roten Meeres zu erkunden. Durch die transparenten Glasb\u00f6den des Bootes haben Sie die M\u00f6glichkeit, trocken zu bleiben und einen atemberaubenden Blick auf die bunten Korallenriffe und die vielf\u00e4ltige Meeresfauna zu genie\u00dfen. Diese besondere Erfahrung erm\u00f6glicht es jedem, die Sch\u00f6nheit und Vielfalt der maritimen Umgebung hautnah zu erleben, ohne nass zu werden.<\/p>\n<ul>\n<li aria-level=\"1\">Online Buchen Vor Ort Bezahlen<\/li>\n<li aria-level=\"1\">Bezahlung Erfolgt bei der Abholung vom Hotel<\/li>\n<li aria-level=\"1\">Abholung von der Lobby ihres Hotel<\/li>\n<li aria-level=\"1\">Kundendienst 24\/7 in der Woche erreichbar.<\/li>\n<\/ul>\n<h2>Tolle Ausfl\u00fcge in Soma Bay F\u00fcr die Familien und Kinder<\/h2>\n<p>Der Ausflug mit dem Glasbodenboot Soma Bay, insbesondere an Bord des Halb U-Boots Royal Seascope, ist ein \u00e4u\u00dferst beliebter Familienausflug. Dank der sicheren und komfortablen Umgebung des Bootes k\u00f6nnen Eltern und Kinder gleicherma\u00dfen die bunte Welt unter der Meeresoberfl\u00e4che entdecken. Dieser Ausflug bietet eine unterhaltsame M\u00f6glichkeit f\u00fcr Familien, gemeinsam unvergessliche Momente zu erleben und die Wunder des Meeres zu bestaunen.<\/p>\n<h2><span style=\"font-size: 16px;\">Highlights und Programmablauf des Royal Seascope Halb-U-Boot Ausflugs<\/span><\/h2>\n<h3>Transfer zur Soma Bay Marina<\/h3>\n<p>Der Glasbodenboot-Ausflug mit dem Royal Seascope Halb-U-Boot beginnt mit einem bequemen Transfer zur Soma Bay Marina. Dort angekommen werden Sie von einem erfahrenen Team herzlich empfangen und erhalten alle notwendigen Informationen f\u00fcr Ihr Unterwasserabenteuer. Der gute organisierte Transfer schafft die perfekten Voraussetzungen f\u00fcr einen reibungslosen Start in diesen aufregenden Tag.<\/p>\n<h3>Royal Seascope Halb-U-Boot Erlebnisse<\/h3>\n<p>Sobald Sie an Bord des Halb-U-Boots Royal Seascope gehen, beginnt Ihre Reise mit einer Bootfahrt f\u00fcr ca. 30 Minuten zu den bunten Korallenriffen.<\/p>\n<p>Entdecken Sie mit ca. 45 Minuten in der Grundetage in dem Glasbodenboot die vielf\u00e4ltige Meeresfaunafaszinierende Unterwasserwelt des Roten Meeres.<\/p>\n<p>Egal ob Sie mit Ihrer Familie unterwegs sind oder mit Freunden das Abenteuer teilen \u2013 der Glasbodenboot-Ausflug mit dem Royal Seascope verspricht eine bereichernde Erfahrung f\u00fcr Jung und Alt.<\/p>\n<h3>R\u00fcckfahrt zum Hafen und Transfer zum Hotel<\/h3>\n<p>Genie\u00dfen Sie nach einer erholsamen Zeit eine wunderbare Bootsfahrt zum Yachthafen von Soma Bay, wo Sie zu Ihrem Hotel begleitet werden.<\/p>\n<h2>\u00a0Glasbodenboot Soma Bay &#8211; Preise:<\/h2>\n<table style=\"border-collapse: collapse;\">\n<tbody>\n<tr>\n<td style=\"text-align: center;\"><strong><span style=\"color: #0000ff;\">Alter des Teilnehmers<\/span><\/strong><\/td>\n<td style=\"text-align: center;\"><strong><span style=\"color: #0000ff;\">Reisetyp<\/span><\/strong><\/td>\n<td style=\"text-align: center;\"><strong><span style=\"color: #0000ff;\">Preis Pro Person<\/span><\/strong><\/td>\n<\/tr>\n<tr>\n<td>Erwachsene:\u00a0 \u00a0 \u00a0<strong><span style=\"color: #0000ff;\">\u00a0 Ab 12<\/span><\/strong><\/td>\n<td>Glasbodenboot Soma Bay<\/td>\n<td><span style=\"color: #0000ff;\"><span style=\"color: #ff0000;\"><del>25<\/del><\/span><\/span><strong><span style=\"color: #0000ff;\"> 20\u00a0<\/span><\/strong> \u20ac p.P.<\/td>\n<\/tr>\n<tr>\n<td>Kind:\u00a0 \u00a0 \u00a0 \u00a0 \u00a0 \u00a0 \u00a0 \u00a0 \u00a0 \u00a0 \u00a0<strong><span style=\"color: #0000ff;\">5 &#8211; 11<\/span><\/strong><\/td>\n<td>Glasbodenboot Soma Bay<\/td>\n<td><strong><span style=\"color: #0000ff;\">10<\/span><\/strong> \u20ac p.P.<\/td>\n<\/tr>\n<tr>\n<td>Kleinkind:\u00a0 \u00a0 \u00a0 \u00a0 \u00a0 \u00a0<strong> <span style=\"color: #0000ff;\">0 &#8211; 5<\/span><\/strong><\/td>\n<td>Glasbodenboot Soma Bay<\/td>\n<td><strong><span style=\"color: #0000ff;\">Frei<\/span><\/strong><\/td>\n<\/tr>\n<\/tbody>\n<\/table>\n<p>Tauchen Sie ab und lassen Sie sich von der Sch\u00f6nheit des Roten Meeres verzaubern. Genie\u00dfen Sie den Komfort und die Sicherheit des Halb U-Boots, w\u00e4hrend Sie einzigartige Momente inmitten der atemberaubenden Meereslandschaft erleben. Egal ob Sie alleine reisen, mit Ihrer Familie oder Freunden unterwegs sind \u2013 der Halb U Boot Trip mit dem Royal Seascope verspricht ein unvergessliches Abenteuer f\u00fcr Jung und Alt.<\/p>\n<h2>Anmerkungen:<\/h2>\n<ul>\n<li aria-level=\"1\">Alle Extrakosten wie Trinkgelder sind nicht enthalten<\/li>\n<li aria-level=\"1\">Die Reihenfolge kann ggf. durch den Reiseleiter ge\u00e4ndert werden. Programm\u00e4nderungen sind aus technischen oder organisatorischen Gr\u00fcnden vorbehalten.<\/li>\n<\/ul>\n<h2>Mitnehmen:<\/h2>\n<p>Um Ihren Royal Seascope Halb-U-Boot Ausflug vollst\u00e4ndig genie\u00dfen zu k\u00f6nnen, sollten Sie einige wichtige Dinge mitbringen:<\/p>\n<ul>\n<li>Sonnenbrille &amp;\u00a0Sonnenschutz:\u00a0Da Sie den Gro\u00dfteil des Ausflugs im Freien verbringen, ist es wichtig, Sonnenschutzmittel, eine Sonnenbrille und einen Hut mitzubringen, um sich vor der intensiven Sonneneinstrahlung zu sch\u00fctzen.<\/li>\n<li>Badebekleidung &amp; Handt\u00fccher: Vergewissern Sie sich, dass Sie Ihre Badebekleidung und Handt\u00fccher mitbringen, da Sie die M\u00f6glichkeit haben werden, am Bord zu entspannen und im klaren Wasser zu schwimmen.<\/li>\n<li>Fotoapparat<\/li>\n<li>Geld<\/li>\n<\/ul>\n<h3><b>Zahlungsmodalit\u00e4ten:<\/b><\/h3>\n<p><span style=\"font-weight: 400;\">Die Zahlung in Bargeld (Euro, US-Dollar, Schweizer Franken oder \u00e4gyptisches Pfund). Kartenzahlung ist derzeit nicht m\u00f6glich.<\/span><\/p>\n<h3><b>Transferkosten:<\/b><\/h3>\n<p><span style=\"font-weight: 400;\">Die Transferkosten f\u00fcr Hin- und R\u00fcckfahrten von Hotels in Hurghada sind im Preis enthalten. F\u00fcr Transfers von Hotels in El Gouna, Sahl Hasheesh, Makadi Bay, Soma Bay und Safaga sowie vom Hafen in Safaga f\u00e4llt je nach Gruppengr\u00f6\u00dfe ein kleiner Aufpreis zwischen 2,- und 10,- \u20ac pro Person an.<\/span><\/p>\n<h2>Gerne bieten wir Ihnen weitere Angebote an:<\/h2>\n<ul>\n<li><\/li>\n<\/ul>\n<h4>Folgen Sie uns<\/h4>\n<p><a href=\"https:\/\/www.facebook.com\/aegypten.touren.ausfluege.mit.peter\/\" rel=\"nofollow noopener\" target=\"_blank\"><img decoding=\"async\" data-src=\"https:\/\/aegyptentouren.de\/wp-content\/uploads\/2024\/01\/Peter-Tours-400x300.png\" alt=\"\u00c4gypten Touren &amp; Ausfl\u00fcge mit Peter Tours\" width=\"55\" height=\"41\" src=\"data:image\/svg+xml;base64,PHN2ZyB3aWR0aD0iMSIgaGVpZ2h0PSIxIiB4bWxucz0iaHR0cDovL3d3dy53My5vcmcvMjAwMC9zdmciPjwvc3ZnPg==\" class=\"lazyload\" style=\"--smush-placeholder-width: 55px; --smush-placeholder-aspect-ratio: 55\/41;\" \/><\/a><\/p>\n<p><a href=\"https:\/\/www.pinterest.de\/aegyptentouren\/\" rel=\"nofollow noopener\" target=\"_blank\"><img decoding=\"async\" data-src=\"https:\/\/aegyptentouren.de\/wp-content\/uploads\/2024\/01\/Peter-Tours-1-400x300.png\" alt=\"\u00c4gypten Touren &amp; Ausfl\u00fcge mit ( Peter Tours )\" width=\"56\" height=\"42\" src=\"data:image\/svg+xml;base64,PHN2ZyB3aWR0aD0iMSIgaGVpZ2h0PSIxIiB4bWxucz0iaHR0cDovL3d3dy53My5vcmcvMjAwMC9zdmciPjwvc3ZnPg==\" class=\"lazyload\" style=\"--smush-placeholder-width: 56px; --smush-placeholder-aspect-ratio: 56\/42;\" \/><\/a><\/p>\n<h2><\/h2>\n","protected":false},"excerpt":{"rendered":"<p>Der Ausflug mit dem Glasbodenboot Soma Bay , insbesondere an Bord des Halb-U-Boots Royal Seascope, ist eine ideale Aktivit\u00e4t f\u00fcr Familien und Freunde. Das Royal Seascope Halb-U-Boot Soma Bay bietet ein einzigartiges Erlebnis, um die faszinierende Unterwasserwelt des Roten Meeres zu erkunden. Durch die transparenten Glasb\u00f6den des Bootes haben Sie die M\u00f6glichkeit, trocken zu bleiben [&hellip;]<\/p>\n","protected":false},"featured_media":20974,"comment_status":"open","ping_status":"closed","template":"","meta":{"_monsterinsights_skip_tracking":false,"_monsterinsights_sitenote_active":false,"_monsterinsights_sitenote_note":"","_monsterinsights_sitenote_category":0},"product_brand":[],"product_cat":[203],"product_tag":[],"class_list":{"0":"post-20968","1":"product","2":"type-product","3":"status-publish","4":"has-post-thumbnail","6":"product_cat-soma-bay-ausfluege","8":"first","9":"instock","10":"sale","11":"shipping-taxable","12":"purchasable","13":"product-type-ovabrw_car_rental","14":"add-to-wishlist-after_add_to_cart"},"_links":{"self":[{"href":"https:\/\/aegyptentouren.de\/en\/wp-json\/wp\/v2\/product\/20968","targetHints":{"allow":["GET"]}}],"collection":[{"href":"https:\/\/aegyptentouren.de\/en\/wp-json\/wp\/v2\/product"}],"about":[{"href":"https:\/\/aegyptentouren.de\/en\/wp-json\/wp\/v2\/types\/product"}],"replies":[{"embeddable":true,"href":"https:\/\/aegyptentouren.de\/en\/wp-json\/wp\/v2\/comments?post=20968"}],"version-history":[{"count":4,"href":"https:\/\/aegyptentouren.de\/en\/wp-json\/wp\/v2\/product\/20968\/revisions"}],"predecessor-version":[{"id":26298,"href":"https:\/\/aegyptentouren.de\/en\/wp-json\/wp\/v2\/product\/20968\/revisions\/26298"}],"wp:featuredmedia":[{"embeddable":true,"href":"https:\/\/aegyptentouren.de\/en\/wp-json\/wp\/v2\/media\/20974"}],"wp:attachment":[{"href":"https:\/\/aegyptentouren.de\/en\/wp-json\/wp\/v2\/media?parent=20968"}],"wp:term":[{"taxonomy":"product_brand","embeddable":true,"href":"https:\/\/aegyptentouren.de\/en\/wp-json\/wp\/v2\/product_brand?post=20968"},{"taxonomy":"product_cat","embeddable":true,"href":"https:\/\/aegyptentouren.de\/en\/wp-json\/wp\/v2\/product_cat?post=20968"},{"taxonomy":"product_tag","embeddable":true,"href":"https:\/\/aegyptentouren.de\/en\/wp-json\/wp\/v2\/product_tag?post=20968"}],"curies":[{"name":"wp","href":"https:\/\/api.w.org\/{rel}","templated":true}]}}