{"id":20943,"date":"2025-01-25T13:38:21","date_gmt":"2025-01-25T12:38:21","guid":{"rendered":"https:\/\/aegyptentouren.de\/?post_type=product&#038;p=20943"},"modified":"2026-02-27T13:20:38","modified_gmt":"2026-02-27T12:20:38","slug":"private-bootstour-soma-bay-delfin-tour-schnorcheln","status":"publish","type":"product","link":"https:\/\/aegyptentouren.de\/en\/soma-bay-ausfluege\/private-bootstour-soma-bay-delfin-tour-schnorcheln\/","title":{"rendered":"Private Bootstour ab Soma Bay (Delfin Tour \u2013 Inselausflug \u2013 Schnorcheln)"},"content":{"rendered":"<p>Bei unserer privaten Bootstour am Roten Meer haben Sie die M\u00f6glichkeit, einen unvergesslichen Tag mit Ihren Liebsten zu verbringen. Dieser besondere Ausflug mit privater Yacht ab Soma Bay ist auf Anfrage erh\u00e4ltlich und bietet Erwachsenen sowie Kindern die Chance, das atemberaubende Unterwasserparadies ganz privat zu genie\u00dfen. PLANEN Sie Ihr Abenteuer nach Ihrem Wunsch. Sie k\u00f6nnen bis zu 3 Korallenriffe beim Schnorcheln erkunden und entspannen auf Hurghada Sand Bank. Oder beobachten Sie die Delfine mit einer privaten Delfin-Tour und bewundern Sie die faszinierende Unterwasserwelt. Oder erleben Sie Inselaufenthalt auf Giftun-Insel (Private Orange Bay, Paradies oder Hula Hula-Insel-Schnorchelausfl\u00fcge).<\/p>\n<p>Buchen Sie Ihre private Bootstour ab Soma Bay mit Peter Tours und genie\u00dfen Sie einzigartige Erlebnisse und Erfahrungen in \u00c4gypten.<\/p>\n<h2>Private Bootstour ab Soma Bay: Highlights und Ideen<\/h2>\n<h4>Planen Sie Ihre Soma Bay Bootsausfl\u00fcge nach Ihrem Wunsch!<\/h4>\n<p>Bestellen Sie einfach und wir werden es ausf\u00fchren. Bei uns werden Ihre Tr\u00e4ume wahr!<\/p>\n<p>Sie haben schon ein paar Ideen f\u00fcr Ihr tolles Erlebnis an diesem Tag. Diskutieren Sie Ihre Vorschl\u00e4ge mit uns und entscheiden wir zusammen die besten M\u00f6glichkeiten.<\/p>\n<h3>Haupthighlights des Ausflugs:<\/h3>\n<p>Unser Team steht Ihnen w\u00e4hrend des gesamten Ausflugs zur Verf\u00fcgung und sorgt daf\u00fcr, dass Sie die VIP-Behandlung erhalten, die Sie sich im Urlaub w\u00fcnschen. Mit einem privaten Boot und einer erfahrenen Crew ganz f\u00fcr sich allein k\u00f6nnen Sie diesen Tag zu einem unvergesslichen Erlebnis machen.<\/p>\n<ul>\n<li>Alle Transfers sind privat und mit klimatisierten Fahrzeugen vom Hotel und zur\u00fcck.<\/li>\n<li>Unsere erfahrenen Guides begleiten Sie und sorgen f\u00fcr Ihre Sicherheit w\u00e4hrend der Tour.<\/li>\n<li>Die Schnorchel-Ausr\u00fcstungen an Bord sind im Preis inbegriffen.<\/li>\n<li>\u00a0Das Fr\u00fchst\u00fcck und das Mittagessen am Bord.<\/li>\n<li>Soft Getr\u00e4nke im Preis inbegriffen (Cola, Fanta, Sprite, Mineralwasser und Saft). Bestellen Sie Ihre Lieblingsgetr\u00e4nke per WhatsApp.<\/li>\n<li>4 verschiedene Arten von Obst.<\/li>\n<\/ul>\n<h3>Programm 1: Private Delfin Tour Soma Bay.<\/h3>\n<p>Wenn Sie von einem einmaligen und exklusiven Erlebnis mit den Delfinen tr\u00e4umen, dann ist eine private Delfin Tour ab Soma Bay mit einem eigenen Boot genau das Richtige f\u00fcr Sie. Diese Tour bietet nicht nur die M\u00f6glichkeit, die faszinierenden Delfine in ihrer nat\u00fcrlichen Umgebung zu beobachten, sondern auch den Luxus und die Privatsph\u00e4re, die nur eine private Bootstour bieten kann.<\/p>\n<h4>Highlights des Ausflugs:<\/h4>\n<ul>\n<li><strong>Dolphin House Hurghada<\/strong>: Besuchen Sie das Dolphin House entlang der K\u00fcste von El Gouna und Hurghada.<\/li>\n<li><strong>Delfinschwimme<\/strong>n: Schwimmen Sie mit den Delfinen in Ihrer nat\u00fcrlichen Umgebung, ohne den Stress der gro\u00dfen Gruppen.<\/li>\n<li><strong>Schnorcheln<\/strong>: Erkunden Sie die Unterwasserwelt des Roten Meeres mit zwei Schnorchel-Stopps von jeweils ca. 45 Minuten.<\/li>\n<li>Manchmal, wenn wir die Delfine in der N\u00e4he von Giftun-Insel treffen, k\u00f6nnen Sie auch die Hurghada\u00a0Sandbank besuchen.<\/li>\n<\/ul>\n<p>Erkunden Sie die faszinierende Unterwasserwelt des Roten Meeres durch unsere private Delfin-Tour ab Soma Bay. Von bunten Korallenriffen bis hin zu verschiedenen Meeresbewohnern gibt es viel zu entdecken und zu bestaunen. Mit professionellen Guides an Ihrer Seite k\u00f6nnen Sie sich auf unvergessliche Momente im klaren Wasser freuen.<\/p>\n<h3>Programm 2: Private Bootstouren ab Soma Bay zur Paradies Insel<\/h3>\n<p>Eine private Bootstour zur Paradise Island in Hurghada ist ein Erlebnis, das Sie so schnell nicht vergessen werden. Ob Sie ein Abenteuer im Wasser suchen, die Ruhe am Strand genie\u00dfen oder einfach nur die Sch\u00f6nheit des Roten Meeres bewundern m\u00f6chten .Ein Besuch der Paradise Island ist ein Highlight, das jeden Urlaub in Soma Bay bereichert.<\/p>\n<h4>Highlights des Ausflugs:<\/h4>\n<ul>\n<li>Paradies Insel: Genie\u00dfen Sie Paradies Inselaufenthalt von 2 bis 3 Stunden.<\/li>\n<li>Schnorcheln: Erkunden Sie die Unterwasserwelt des Roten Meeres mit zwei Schnorchel-Stopps von jeweils ca. 45 Minuten.<\/li>\n<li>Entspannen Sie am Bord l\u00e4nger Zeit\u00a0 und genie\u00dfen Sie die tollen Farben des Roten Meeres.<\/li>\n<\/ul>\n<h3>Programm 3: Private Bootstour zum Schnorcheln und Entspannung vor Hurghada Sand Bank<\/h3>\n<p>Tauchen Sie ein in die farbenfrohe Welt des Roten Meeres und entdecken Sie seine einzigartige Sch\u00f6nheit. W\u00e4hrend der privaten Bootstour haben Sie die M\u00f6glichkeit, die Korallenriffe hautnah zu erleben und die vielf\u00e4ltige Unterwasserwelt zu erkunden. Entspannen Sie an Bord und genie\u00dfen Sie die Sonne. Erleben Sie die friedliche Atmosph\u00e4re fernab des Trubels direkt vor Hurghada Sand Bank.<\/p>\n<h4>Highlights des Ausflugs:<\/h4>\n<ul>\n<li>Schnorchel-Stopps: Erkunden Sie Unterwasserwelt des Roten Meeres\u00a0 ( 2 oder 3 Schnorchel-Stopps in den besten Schnorchel-Orten\u00a0nach Ihrem Wunsch ).<\/li>\n<li>Sandbank Hurghada:\u00a0 Entspannen Sie am Bord l\u00e4nger Zeit direkt vor Hurghada Sand Bank und genie\u00dfen Sie die tollen Farben des Roten Meeres.<\/li>\n<li>Nehmen Sie sich Zeit, um die Sch\u00f6nheit und Ruhe des Meeres zu genie\u00dfen und lassen Sie sich von der Magie dieses einzigartigen Ortes begeistern.<\/li>\n<li>Bestellen Sie per WhatsApp ein kleines Motorboot zum Sandbank Beach\u00a0an oder schwimmen Sie einfach ein paar Minuten.<\/li>\n<\/ul>\n<div><\/div>\n<h3>Programm 4: Private Bootstouren ab Soma Bay zur Orange Bay<\/h3>\n<p>Ein privater Schnorchelausflug zur Orange Bay ist die perfekte Kombination aus Abenteuer, Entspannung und Luxus. Ob Sie ein erfahrener Schnorchler sind oder zum ersten Mal die Unterwasserwelt erkunden \u2013 diese Tour bietet f\u00fcr jeden etwas. Genie\u00dfen Sie die Sch\u00f6nheit des Roten Meeres und lassen Sie sich von der atemberaubenden Natur auf Orange Bay Insel verzaubern. Ein Tag in der Orange Bay wird Ihnen noch lange in Erinnerung bleiben.<\/p>\n<h4>Highlights des Ausflugs:<\/h4>\n<ul>\n<li>Orange Bay: Genie\u00dfen Sie Orange Bay Inselaufenthalt von 2 bis 3 Stunden.<\/li>\n<li>Schnorchel-Stopps: Erkunden Sie die Unterwasserwelt des Roten Meeres mit zwei Schnorchel-Stopps von jeweils ca. 45 Minuten.<\/li>\n<li>Entspannen Sie am Bord l\u00e4nger Zeit\u00a0 und genie\u00dfen Sie die tollen Farben des Roten Meeres.<\/li>\n<\/ul>\n<p>Mit Peter Tours steht Ihnen ein kompetentes und erfahrenes Team zur Seite, das sicherstellt, dass Ihr Bootsausflug zum Schnorcheln ein unvergessliches Erlebnis wird. Genie\u00dfen Sie die private Atmosph\u00e4re am Bord, schwimmen und entspannen Sie an den sch\u00f6nsten Orten im Roten Meer. Entdecken Sie die Sch\u00f6nheit unter Wasser und nehmen Sie unvergessliche Erinnerungen an diesen spektakul\u00e4ren Tag mit nach Hause. Erleben Sie mit uns eine private Bootstour, die ganz auf Ihre individuellen W\u00fcnsche und Bed\u00fcrfnisse zugeschnitten ist.<\/p>\n<h2>Private Bootstour ab Soma Bay privat-Preise:<\/h2>\n<table style=\"border-collapse: collapse; width: 69.029%; height: 240px;\">\n<tbody>\n<tr style=\"height: 24px;\">\n<td style=\"height: 24px;\"><span style=\"color: #3366ff;\"><strong>Die Teilnehmer<\/strong><\/span><\/td>\n<td style=\"text-align: center; height: 24px;\"><strong><span style=\"color: #3366ff;\">Bootstour<\/span><\/strong><\/td>\n<td style=\"text-align: center; height: 24px;\"><strong><span style=\"color: #3366ff;\">Preis pro Person<\/span><\/strong><\/td>\n<\/tr>\n<tr style=\"height: 24px;\">\n<td style=\"text-align: center; height: 24px;\"><strong><span style=\"color: #3366ff;\">2<\/span><\/strong><\/td>\n<td style=\"text-align: center; height: 24px;\">Private Bootstour ab Hurghada<\/td>\n<td style=\"text-align: center; height: 24px;\"><span style=\"color: #3366ff;\"><strong>199<\/strong>\u00a0<\/span>\u20ac<\/td>\n<\/tr>\n<tr style=\"height: 24px;\">\n<td style=\"text-align: center; height: 24px;\"><strong><span style=\"color: #3366ff;\">3<\/span><\/strong><\/td>\n<td style=\"text-align: center; height: 24px;\">Private Bootstour ab Hurghada<\/td>\n<td style=\"text-align: center; height: 24px;\"><span style=\"color: #3366ff;\">1<strong>54<\/strong><\/span>\u00a0\u20ac<\/td>\n<\/tr>\n<tr style=\"height: 24px;\">\n<td style=\"text-align: center; height: 24px;\"><strong><span style=\"color: #3366ff;\">4<\/span><\/strong><\/td>\n<td style=\"text-align: center; height: 24px;\">Private Bootstour ab Hurghada<\/td>\n<td style=\"text-align: center; height: 24px;\"><span style=\"color: #3366ff;\"><strong>119<\/strong>\u00a0<\/span>\u20ac<\/td>\n<\/tr>\n<tr style=\"height: 24px;\">\n<td style=\"text-align: center; height: 24px;\"><strong><span style=\"color: #3366ff;\">5<\/span><\/strong><\/td>\n<td style=\"text-align: center; height: 24px;\">Private Bootstour Hurghada<\/td>\n<td style=\"text-align: center; height: 24px;\"><span style=\"color: #3366ff;\"><strong>99<\/strong> <\/span>\u00a0\u20ac<\/td>\n<\/tr>\n<tr style=\"height: 24px;\">\n<td style=\"text-align: center; height: 24px;\"><strong><span style=\"color: #3366ff;\">6<\/span><\/strong><\/td>\n<td style=\"text-align: center; height: 24px;\">Private Bootstour Hurghada<\/td>\n<td style=\"text-align: center; height: 24px;\"><span style=\"color: #3366ff;\"><strong>87<\/strong>\u00a0 <\/span>\u20ac<\/td>\n<\/tr>\n<tr style=\"height: 24px;\">\n<td style=\"text-align: center; height: 24px;\"><strong><span style=\"color: #3366ff;\">7\u00a0<\/span><\/strong><\/td>\n<td style=\"text-align: center; height: 24px;\">Private Bootstour Hurghada<\/td>\n<td style=\"text-align: center; height: 24px;\"><span style=\"color: #3366ff;\"><strong>79<\/strong>\u00a0 <\/span>\u20ac<\/td>\n<\/tr>\n<tr style=\"height: 24px;\">\n<td style=\"text-align: center; height: 24px;\"><strong><span style=\"color: #3366ff;\">8<\/span><\/strong><\/td>\n<td style=\"text-align: center; height: 24px;\">Private Bootstour Hurghada<\/td>\n<td style=\"text-align: center; height: 24px;\"><span style=\"color: #3366ff;\"><strong>74<\/strong>\u00a0\u00a0<\/span>\u20ac<\/td>\n<\/tr>\n<tr style=\"height: 24px;\">\n<td style=\"text-align: center; height: 24px;\"><strong><span style=\"color: #3366ff;\">9<\/span><\/strong><\/td>\n<td style=\"text-align: center; height: 24px;\">Private Bootstour Hurghada<\/td>\n<td style=\"text-align: center; height: 24px;\"><span style=\"color: #3366ff;\"><strong>65<\/strong> \u00a0<\/span>\u20ac<\/td>\n<\/tr>\n<tr style=\"height: 24px;\">\n<td style=\"text-align: center; height: 24px;\"><strong><span style=\"color: #3366ff;\">10<\/span><\/strong><\/td>\n<td style=\"text-align: center; height: 24px;\">Private Bootstour Hurghada<\/td>\n<td style=\"text-align: center; height: 24px;\"><span style=\"color: #3366ff;\"><strong>59 <\/strong>\u00a0<\/span>\u20ac<\/td>\n<\/tr>\n<\/tbody>\n<\/table>\n<p><strong>Anmerkung: <\/strong>Naturschutzgeb\u00fchr vom Staat kostet\u00a05 Euro pro Person an Bord, Alter +5.<\/p>\n<h2>Kinder Preise<\/h2>\n<table style=\"border-collapse: collapse;\">\n<tbody>\n<tr>\n<td>Kleinkind\u00a0 bis\u00a0 5\u00a0 Jahre alt<\/td>\n<td><span style=\"color: #3366ff;\">Frei<\/span><\/td>\n<\/tr>\n<tr>\n<td>Kinder von\u00a0 5 bis 11\u00a0 Jahre alt<\/td>\n<td><span style=\"color: #3366ff;\">30 \u20ac\u00a0<\/span><\/td>\n<\/tr>\n<\/tbody>\n<\/table>\n<h2>Anmerkungen:<\/h2>\n<ul>\n<li aria-level=\"1\">Alle Extrakosten wie Trinkgelder sind nicht enthalten<\/li>\n<li aria-level=\"1\">Die Reihenfolge kann ggf. durch den Reiseleiter ge\u00e4ndert werden. Programm\u00e4nderungen sind aus technischen oder organisatorischen Gr\u00fcnden vorbehalten.<\/li>\n<\/ul>\n<h2>Mitnehmen:<\/h2>\n<p>Um Ihre private Bootstour Soma Bay vollst\u00e4ndig genie\u00dfen zu k\u00f6nnen, sollten Sie einige wichtige Dinge mitbringen:<\/p>\n<ul>\n<li>Sonnenbrille &amp;\u00a0Sonnenschutz:\u00a0Da Sie den Gro\u00dfteil des Ausflugs im Freien verbringen, ist es wichtig, Sonnenschutzmittel, eine Sonnenbrille und einen Hut mitzubringen, um sich vor der intensiven Sonneneinstrahlung zu sch\u00fctzen.<\/li>\n<li>Badebekleidung &amp; Handt\u00fccher:\u00a0Vergewissern Sie sich, dass Sie Ihre Badebekleidung und Handt\u00fccher mitbringen, da Sie die M\u00f6glichkeit haben werden, am Bord zu entspannen und im klaren Wasser zu schwimmen.<\/li>\n<li>Fotoapparat<\/li>\n<li>Geld<\/li>\n<\/ul>\n<h3><b>Zahlungsmodalit\u00e4ten:<\/b><\/h3>\n<p><span style=\"font-weight: 400;\">Die Zahlung in Bargeld (Euro, US-Dollar, Schweizer Franken oder \u00e4gyptisches Pfund). Kartenzahlung ist derzeit nicht m\u00f6glich.<\/span><\/p>\n<h3><b>Transferkosten:<\/b><\/h3>\n<p><span style=\"font-weight: 400;\">Die Transferkosten f\u00fcr Hin- und R\u00fcckfahrten von Hotels in Hurghada sind im Preis enthalten. F\u00fcr Transfers von Hotels in El Gouna, Sahl Hasheesh, Makadi Bay, Soma Bay und Safaga sowie vom Hafen in Safaga f\u00e4llt je nach Gruppengr\u00f6\u00dfe ein kleiner Aufpreis zwischen 2,- und 10,- \u20ac pro Person an.<\/span><\/p>\n<h2>Gerne bieten wir Ihnen weitere Angebote an:<\/h2>\n","protected":false},"excerpt":{"rendered":"<p>Bei unserer privaten Bootstour am Roten Meer haben Sie die M\u00f6glichkeit, einen unvergesslichen Tag mit Ihren Liebsten zu verbringen. Dieser besondere Ausflug mit privater Yacht ab Soma Bay ist auf Anfrage erh\u00e4ltlich und bietet Erwachsenen sowie Kindern die Chance, das atemberaubende Unterwasserparadies ganz privat zu genie\u00dfen. PLANEN Sie Ihr Abenteuer nach Ihrem Wunsch. Sie k\u00f6nnen [&hellip;]<\/p>\n","protected":false},"featured_media":20949,"comment_status":"open","ping_status":"closed","template":"","meta":{"_monsterinsights_skip_tracking":false,"_monsterinsights_sitenote_active":false,"_monsterinsights_sitenote_note":"","_monsterinsights_sitenote_category":0},"product_brand":[],"product_cat":[203],"product_tag":[],"class_list":{"0":"post-20943","1":"product","2":"type-product","3":"status-publish","4":"has-post-thumbnail","6":"product_cat-soma-bay-ausfluege","8":"first","9":"instock","10":"sale","11":"shipping-taxable","12":"purchasable","13":"product-type-ovabrw_car_rental","14":"add-to-wishlist-after_add_to_cart"},"_links":{"self":[{"href":"https:\/\/aegyptentouren.de\/en\/wp-json\/wp\/v2\/product\/20943","targetHints":{"allow":["GET"]}}],"collection":[{"href":"https:\/\/aegyptentouren.de\/en\/wp-json\/wp\/v2\/product"}],"about":[{"href":"https:\/\/aegyptentouren.de\/en\/wp-json\/wp\/v2\/types\/product"}],"replies":[{"embeddable":true,"href":"https:\/\/aegyptentouren.de\/en\/wp-json\/wp\/v2\/comments?post=20943"}],"version-history":[{"count":5,"href":"https:\/\/aegyptentouren.de\/en\/wp-json\/wp\/v2\/product\/20943\/revisions"}],"predecessor-version":[{"id":21812,"href":"https:\/\/aegyptentouren.de\/en\/wp-json\/wp\/v2\/product\/20943\/revisions\/21812"}],"wp:featuredmedia":[{"embeddable":true,"href":"https:\/\/aegyptentouren.de\/en\/wp-json\/wp\/v2\/media\/20949"}],"wp:attachment":[{"href":"https:\/\/aegyptentouren.de\/en\/wp-json\/wp\/v2\/media?parent=20943"}],"wp:term":[{"taxonomy":"product_brand","embeddable":true,"href":"https:\/\/aegyptentouren.de\/en\/wp-json\/wp\/v2\/product_brand?post=20943"},{"taxonomy":"product_cat","embeddable":true,"href":"https:\/\/aegyptentouren.de\/en\/wp-json\/wp\/v2\/product_cat?post=20943"},{"taxonomy":"product_tag","embeddable":true,"href":"https:\/\/aegyptentouren.de\/en\/wp-json\/wp\/v2\/product_tag?post=20943"}],"curies":[{"name":"wp","href":"https:\/\/api.w.org\/{rel}","templated":true}]}}