{"id":20667,"date":"2025-01-20T19:26:14","date_gmt":"2025-01-20T18:26:14","guid":{"rendered":"https:\/\/aegyptentouren.de\/?post_type=product&#038;p=20667"},"modified":"2025-12-12T15:04:14","modified_gmt":"2025-12-12T14:04:14","slug":"privater-transfer-vom-flughafen-hurghada-nach-soma-bay","status":"publish","type":"product","link":"https:\/\/aegyptentouren.de\/en\/aegypten-flughafen-transfer\/privater-transfer-vom-flughafen-hurghada-nach-soma-bay\/","title":{"rendered":"Privater Transfer vom Flughafen Hurghada nach Soma Bay und Transportservices in Soma Bay"},"content":{"rendered":"<p>Der pers\u00f6nliche Transportservice bei Peter Tours bietet einen bequemen Transfer vom Flughafen Hurghada nach Soma Bay zu fairen Preisen, um den stressfreien Start in den Urlaub zu gew\u00e4hrleisten.<\/p>\n<p>Mit dem individuellen Soma Bay Transfer genie\u00dfen Sie eine komfortable und bequeme Fahrt zum Wunschziel, um Ihren Urlaub in Soma Bay entspannt zu beginnen.<\/p>\n<h2>Privater Transfer vom Flughafen Hurghada nach Soma Bay &#8211; Preise:<\/h2>\n<table style=\"border-collapse: collapse;\">\n<tbody>\n<tr>\n<td><strong><span style=\"color: #3366ff;\">Teilnehmer-Anzahl<\/span><\/strong><\/td>\n<td><strong><span style=\"color: #3366ff;\">Fahrzeug<\/span><\/strong><\/td>\n<td><strong><span style=\"color: #3366ff;\">Preise<\/span><\/strong><\/td>\n<\/tr>\n<tr>\n<td><span style=\"color: #3366ff;\"><strong>1 &#8211; 2\u00a0<\/strong><\/span><\/td>\n<td>Privater PKW<\/td>\n<td><strong><span style=\"color: #3366ff;\">25 <\/span><\/strong>\u20ac pro Transfer<\/td>\n<\/tr>\n<tr>\n<td><strong><span style=\"color: #3366ff;\">3 &#8211; 8\u00a0 \u00a0<\/span><\/strong><\/td>\n<td>Privater Mini-Bus<\/td>\n<td><strong><span style=\"color: #3366ff;\">30 <\/span><\/strong>\u20ac pro Transfer<\/td>\n<\/tr>\n<\/tbody>\n<\/table>\n<h2>Dauer der Fahrt zwischen Flughafen Hurghada und Soma Bay<\/h2>\n<p>Die Entfernung vom Flughafen Hurghada nach Soma Bay betr\u00e4gt ungef\u00e4hr 50 Kilometer. Die Fahrzeit vom Flughafen Hurghada nach Soma Bay dauert etwa 40 &#8211; 45 Minuten.<\/p>\n<h2>Peter Tours bietet Ihnen alle Transportservices in Soma Bay an:<\/h2>\n<h3>Private Transfers zwischen Flughafen Hurghada und Soma Bay<\/h3>\n<h3>Private Transfers zwischen Flughafen <strong>Marsa Alaam und Soma Bay<\/strong><\/h3>\n<h3>Private Taxiservices von Ihrem Hotel in <strong>Soma Bay nach Hurghada<\/strong>:<\/h3>\n<ul>\n<li><span lang=\"de\">Beliebiges Hotel<\/span><\/li>\n<li>Altstadt (Al Dahar)<\/li>\n<li>Neue Marina<\/li>\n<li>Sheraton Stra\u00dfe<\/li>\n<li>Senzo Mall<\/li>\n<li>Und mehr Reiseziele<\/li>\n<\/ul>\n<h3>Private Transfers zwischen <strong>Soma Bay und allen Reisezielen in \u00c4gypten<\/strong>:<\/h3>\n<ul>\n<li>Kairo<\/li>\n<li>Luxor<\/li>\n<li>Hurghada<\/li>\n<li>El Gouna<\/li>\n<li>Sahl Hasheesh<\/li>\n<li>Makadi Bay<\/li>\n<li>Safaga<\/li>\n<li>El Quseir<\/li>\n<li>Port Ghalib<\/li>\n<li>Marsa Alaam<\/li>\n<\/ul>\n<h2>Soma Bay Transfer privat: Die Vorteile<\/h2>\n<h3>Zeitersparnis<\/h3>\n<p>Der Transport vom Flughafen Hurghada nach Soma Bay dauert ca. 45 Minuten. Wenn Sie mit einem Shuttlebus fahren, wissen Sie nicht, wie lange die Fahrt dauert. Diese Fahrt nach Soma Bay mit Shuttlebus dauert manchmal 2 Stunden plus die Warte im Flughafen.<\/p>\n<h3>Zuverl\u00e4ssigkeit und Komfort<\/h3>\n<p>Ein privater Transfer bietet Abholung durch einen Reiseleiter, individuellen Transferluxus und T\u00fcr-zu-T\u00fcr-Service ohne versteckte Kosten. W\u00e4hlen Sie zwischen verschiedenen Fahrzeugen und genie\u00dfen Sie eine stressfreie Fahrt zu Ihrem Hotel in Soma Bay.<\/p>\n<p>Sie k\u00f6nnen Ihren privaten Transfer vom Flughafen Hurghada nach Soma Bay mit Peter Tours bequem online buchen. In weniger als einer Minute k\u00f6nnen Sie Ihren Transfer buchen und eine sofortige Best\u00e4tigung erhalten.<\/p>\n<h2>Soma Bay Hotels Liste 2025:<\/h2>\n<ul>\n<li><strong>The Cascades Golf Resort, Spa &amp; Thalasso<\/strong><\/li>\n<li><strong>Kempinski Hotel Soma Bay<\/strong><\/li>\n<li><strong>Sheraton Soma Bay Resort<\/strong><\/li>\n<li><strong>The Breakers Diving &amp; Surfing Lodge<\/strong><\/li>\n<li><strong>Robinson Club Soma Bay<\/strong><\/li>\n<li><strong>Sentido Palm Royale Soma Bay<\/strong><\/li>\n<li><strong>Vivia Blue Resort &amp; Spa Soma Bay (Adults Only)<\/strong><\/li>\n<\/ul>\n<h2>Peter Tours bietet Ihnen Exklusive Ausfl\u00fcge ab Soma Bay<\/h2>\n<ul>\n<li class=\"title\"><span style=\"color: #0000ff;\"><a style=\"color: #0000ff;\" href=\"https:\/\/aegyptentouren.de\/ausfluege\/soma-bay-ausfluege\/\">Soma Bay Ausfl\u00fcge<\/a><\/span><\/li>\n<li><span style=\"color: #0000ff;\"><a style=\"color: #0000ff;\" href=\"https:\/\/aegyptentouren.de\/ausfluege\/aegypten-schnorcheln-ausfluege-und-touren\/\">\u00c4gypten Schnorchel Ausfl\u00fcge und Touren<\/a><\/span><\/li>\n<li><span style=\"color: #0000ff;\"><a style=\"color: #0000ff;\" href=\"https:\/\/aegyptentouren.de\/ausfluege\/aegypten-kulturelle-ausfluege\/\">\u00c4gypten Kulturelle Ausfl\u00fcge<\/a><\/span><\/li>\n<li><span style=\"color: #0000ff;\"><a style=\"color: #0000ff;\" href=\"https:\/\/aegyptentouren.de\/ausfluege\/aegypten-wuestensafari-ausfluege\/\">\u00c4gypten W\u00fcstensafari Ausfl\u00fcge<\/a><\/span><\/li>\n<\/ul>\n<h2>Folgen Sie uns auf Facebook:<\/h2>\n<p><a href=\"https:\/\/www.facebook.com\/aegypten.touren.ausfluege.mit.peter\/\" target=\"_blank\" rel=\"noopener nofollow\"><img decoding=\"async\" data-src=\"https:\/\/aegyptentours.de\/wp-content\/uploads\/2024\/01\/Peter-Tours-400x300.png\" alt=\"\u00c4gypten Touren &amp; Ausfl\u00fcge mit Peter Tours\" width=\"55\" height=\"41\" src=\"data:image\/svg+xml;base64,PHN2ZyB3aWR0aD0iMSIgaGVpZ2h0PSIxIiB4bWxucz0iaHR0cDovL3d3dy53My5vcmcvMjAwMC9zdmciPjwvc3ZnPg==\" class=\"lazyload\" style=\"--smush-placeholder-width: 55px; --smush-placeholder-aspect-ratio: 55\/41;\" \/><\/a><\/p>\n<p><a href=\"https:\/\/www.pinterest.de\/aegyptentouren\/\" target=\"_blank\" rel=\"noopener nofollow\"><img decoding=\"async\" data-src=\"https:\/\/aegyptentours.de\/wp-content\/uploads\/2024\/01\/Peter-Tours-1-400x300.png\" alt=\"\u00c4gypten Touren &amp; Ausfl\u00fcge mit ( Peter Tours )\" width=\"56\" height=\"42\" src=\"data:image\/svg+xml;base64,PHN2ZyB3aWR0aD0iMSIgaGVpZ2h0PSIxIiB4bWxucz0iaHR0cDovL3d3dy53My5vcmcvMjAwMC9zdmciPjwvc3ZnPg==\" class=\"lazyload\" style=\"--smush-placeholder-width: 56px; --smush-placeholder-aspect-ratio: 56\/42;\" \/><\/a><\/p>\n","protected":false},"excerpt":{"rendered":"<p>Der pers\u00f6nliche Transportservice bei Peter Tours bietet einen bequemen Transfer vom Flughafen Hurghada nach Soma Bay zu fairen Preisen, um den stressfreien Start in den Urlaub zu gew\u00e4hrleisten. Mit dem individuellen Soma Bay Transfer genie\u00dfen Sie eine komfortable und bequeme Fahrt zum Wunschziel, um Ihren Urlaub in Soma Bay entspannt zu beginnen. Privater Transfer vom [&hellip;]<\/p>\n","protected":false},"featured_media":20671,"comment_status":"open","ping_status":"closed","template":"","meta":{"_monsterinsights_skip_tracking":false,"_monsterinsights_sitenote_active":false,"_monsterinsights_sitenote_note":"","_monsterinsights_sitenote_category":0},"product_brand":[],"product_cat":[218,203],"product_tag":[244],"class_list":{"0":"post-20667","1":"product","2":"type-product","3":"status-publish","4":"has-post-thumbnail","6":"product_cat-aegypten-flughafen-transfer","7":"product_cat-soma-bay-ausfluege","8":"product_tag-hurghada-flughafentransfers","10":"first","11":"instock","12":"shipping-taxable","13":"purchasable","14":"product-type-ovabrw_car_rental","15":"add-to-wishlist-after_add_to_cart"},"_links":{"self":[{"href":"https:\/\/aegyptentouren.de\/en\/wp-json\/wp\/v2\/product\/20667","targetHints":{"allow":["GET"]}}],"collection":[{"href":"https:\/\/aegyptentouren.de\/en\/wp-json\/wp\/v2\/product"}],"about":[{"href":"https:\/\/aegyptentouren.de\/en\/wp-json\/wp\/v2\/types\/product"}],"replies":[{"embeddable":true,"href":"https:\/\/aegyptentouren.de\/en\/wp-json\/wp\/v2\/comments?post=20667"}],"version-history":[{"count":9,"href":"https:\/\/aegyptentouren.de\/en\/wp-json\/wp\/v2\/product\/20667\/revisions"}],"predecessor-version":[{"id":20669,"href":"https:\/\/aegyptentouren.de\/en\/wp-json\/wp\/v2\/product\/20667\/revisions\/20669"}],"wp:featuredmedia":[{"embeddable":true,"href":"https:\/\/aegyptentouren.de\/en\/wp-json\/wp\/v2\/media\/20671"}],"wp:attachment":[{"href":"https:\/\/aegyptentouren.de\/en\/wp-json\/wp\/v2\/media?parent=20667"}],"wp:term":[{"taxonomy":"product_brand","embeddable":true,"href":"https:\/\/aegyptentouren.de\/en\/wp-json\/wp\/v2\/product_brand?post=20667"},{"taxonomy":"product_cat","embeddable":true,"href":"https:\/\/aegyptentouren.de\/en\/wp-json\/wp\/v2\/product_cat?post=20667"},{"taxonomy":"product_tag","embeddable":true,"href":"https:\/\/aegyptentouren.de\/en\/wp-json\/wp\/v2\/product_tag?post=20667"}],"curies":[{"name":"wp","href":"https:\/\/api.w.org\/{rel}","templated":true}]}}