{"id":20537,"date":"2025-01-19T18:34:05","date_gmt":"2025-01-19T17:34:05","guid":{"rendered":"https:\/\/aegyptentouren.de\/?post_type=product&#038;p=20537"},"modified":"2025-01-24T19:28:03","modified_gmt":"2025-01-24T18:28:03","slug":"hurghada-grand-aquarium-tour","status":"publish","type":"product","link":"https:\/\/aegyptentouren.de\/en\/hurghada-ausfluege\/hurghada-grand-aquarium-tour\/","title":{"rendered":"Hurghada Grand Aquarium Tour (privater Transfer und Tickets)"},"content":{"rendered":"<p>Das Hurghada Grand Aquarium ist mehr als nur ein Aquarium \u2013 es ist ein Fenster zur Unterwasserwelt des Roten Meeres. Mit seinen beeindruckenden Ausstellungen, darunter ein 24 Meter langer Glastunnel, f\u00fchlt man sich mitten im Ozean. Verschiedene Themenbereiche wie der Regenwald, Hurghada Mini-Zoo und interaktive Ausstellungen machen dieses Erlebnis f\u00fcr Besucher jeden Alters unvergesslich.<\/p>\n<p>Unsere Hurghada Grand Aquarium Tour mit privatem Transfer bietet Ihnen die Freiheit, das Aquarium Hurghada in Ihrem eigenen Tempo zu erkunden. Dank des pers\u00f6nlichen Transfers k\u00f6nnen Sie sich voll und ganz auf die faszinierenden Eindr\u00fccke konzentrieren.<\/p>\n<h2>Hurghada Grand Aquarium Tour &#8211; Ausflugsprogramm:<\/h2>\n<p>Hurghada Grand Aquarium Tour dauert in der Regel ca. 3 Stunden. W\u00e4hrend dieser Tour haben Sie die M\u00f6glichkeit, die Unterwasserwelt des roten Meeres zu Erkunden , ohne nass zu werden und Hurghada Mini- Zoo zu besuchen.<\/p>\n<h3>Abholung vom Hotel:<\/h3>\n<ul>\n<li>Unser deutschsprechender Reiseleiter begleitet Sie von Ihrem Hotel in Hurghada mit klimatisierten Fahrzeug zum Hurghada Grand Aquarium.<\/li>\n<li>W\u00e4hrend dem Transfer erkl\u00e4rt unseren Reiseleiter die Wichtigen Informationen \u00fcber das Aquarium und den Mini-Zoo. Er gibt Ihnen spannende Informationen zu den verschiedenen Meeresbewohnern und Ausstellungen.<\/li>\n<\/ul>\n<h3>Ankunft und Eintritt:<\/h3>\n<ul>\n<li>Bei der Ankunft zum Aquarium organisiert unser Reiseleiter den Eintritt zum Aquarium und organisiert mit Ihnen Zeit Planung und die passende Abholzeit f\u00fcr Sie von dem Aquarium.<\/li>\n<li>Das Team von Hurghada Aquarium begr\u00fc\u00dft Sie in der Lobby und begleitet Sie durch die Tour in dem Aquarium und Mini-Zoo.<\/li>\n<li>Danach haben Sie Zeit, das Aquarium auf eigene Faust weiter zu erkunden oder Fotos zu machen.<\/li>\n<\/ul>\n<h3>R\u00fcckfahrt zum Hotel:<\/h3>\n<p>Nach Abschluss Ihres Besuchs begleitet Sie der Reiseleiter zur\u00fcck zu Ihrem Hotel in Hurghada.<\/p>\n<h2>Hurghada Grand Aquarium (privater Transfer und Tickets) &#8211; Preise:<\/h2>\n<table style=\"border-collapse: collapse;\">\n<tbody>\n<tr>\n<td style=\"text-align: center;\"><strong><span style=\"color: #3366ff;\">Teilnehmer<\/span><\/strong><\/td>\n<td style=\"text-align: center;\"><strong><span style=\"color: #3366ff;\">Preis pro Person<\/span><\/strong><\/td>\n<\/tr>\n<tr>\n<td style=\"text-align: center;\"><span style=\"color: #3366ff;\"><strong>2<\/strong><\/span><\/td>\n<td style=\"text-align: center;\"><span style=\"color: #3366ff;\"><strong>40 <\/strong><\/span>\u20ac<\/td>\n<\/tr>\n<tr>\n<td style=\"text-align: center;\"><span style=\"color: #3366ff;\"><strong>3-4<\/strong><\/span><\/td>\n<td style=\"text-align: center;\"><strong><span style=\"color: #3366ff;\">38 <\/span><\/strong>\u20ac<\/td>\n<\/tr>\n<tr>\n<td style=\"text-align: center;\"><span style=\"color: #3366ff;\"><strong>5-6<\/strong><\/span><\/td>\n<td style=\"text-align: center;\"><strong><span style=\"color: #3366ff;\">36 <\/span><\/strong>\u20ac<\/td>\n<\/tr>\n<tr>\n<td style=\"text-align: center;\"><span style=\"color: #3366ff;\"><strong>7-8<\/strong><\/span><\/td>\n<td style=\"text-align: center;\"><strong><span style=\"color: #3366ff;\">35<\/span><\/strong> \u20ac<\/td>\n<\/tr>\n<\/tbody>\n<\/table>\n<h3>Kinder Preise:<\/h3>\n<table style=\"border-collapse: collapse;\">\n<tbody>\n<tr>\n<td style=\"text-align: left;\">Kleinkind bis <span style=\"color: #3366ff;\"><strong>5<\/strong><\/span> Jahre alt<\/td>\n<td style=\"text-align: center;\"><span style=\"color: #3366ff;\"><strong>Frei<\/strong><\/span><\/td>\n<\/tr>\n<tr>\n<td style=\"text-align: left;\">Kinder von <span style=\"color: #3366ff;\"><strong>5 <\/strong><\/span>bis <span style=\"color: #3366ff;\"><strong>11<\/strong><\/span> Jahre alt<\/td>\n<td style=\"text-align: center;\"><span style=\"color: #3366ff;\"><strong>17<\/strong><\/span> \u20ac<\/td>\n<\/tr>\n<\/tbody>\n<\/table>\n<h2>Was kann man im Hurghada Grand Aquarium sehen?<\/h2>\n<p>Das Hurghada Grand Aquarium bietet eine beeindruckende Vielfalt an Meeresbewohnern und Themenbereichen, die Besucher jeden Alters begeistern. Hier sind einige Highlights:<\/p>\n<h2>Das Tunnel-Aquarium \u2013 Mitten im Ozean<\/h2>\n<p>Ein absolutes Highlight ist der 24 Meter lange Glastunnel, der Sie mitten ins Herz des Ozeans bringt. Umgeben von Haien, Rochen und bunten Fischschw\u00e4rmen f\u00fchlen Sie sich, als w\u00fcrden Sie durch die Tiefen des Meeres schweben.<\/p>\n<h2>S\u00fc\u00df- und Salzwasserbecken<\/h2>\n<p>Das Aquarium beherbergt eine beeindruckende Sammlung von S\u00fc\u00df- und Salzwasserfischen. Von leuchtenden Clownfischen bis hin zu majest\u00e4tischen Meeresschildkr\u00f6ten \u2013 hier gibt es viel zu entdecken.<\/p>\n<h2>Hurghada Mini-Zoo<\/h2>\n<p>Der Mini-Zoo im Hurghada Grand Aquarium ist ein besonderes Highlight f\u00fcr Familien mit Kindern. Hier k\u00f6nnen Sie verschiedene Tiere aus der N\u00e4he betrachten und mehr \u00fcber sie erfahren.<\/p>\n<h2>Regenwald-Erlebnis<\/h2>\n<p>Neben der Unterwasserwelt k\u00f6nnen Sie auch einen Regenwald erkunden. Tropische Pflanzen, exotische V\u00f6gel und kleine Landtiere wie Reptilien machen diesen Bereich zu einem echten Abenteuer.<\/p>\n<h2>Interaktive Ausstellungen<\/h2>\n<p>F\u00fcr alle, die mehr \u00fcber die Meeres\u00f6kosysteme lernen m\u00f6chten, gibt es interaktive Ausstellungen. Sie bieten spannende Informationen \u00fcber den Schutz der Ozeane und die Bedeutung der Meeresbewohner f\u00fcr unser \u00d6kosystem.<\/p>\n<h3><span style=\"font-weight: 400;\">Warum diese private Tour zum Hurghada Aquarium mit Peter Tours buchen?<\/span><\/h3>\n<ul>\n<li><span style=\"font-weight: 400;\">Privates Erlebnis: Genie\u00dfen Sie eine individuelle Tour ohne Zeitdruck.<\/span><\/li>\n<li><span style=\"font-weight: 400;\">Perfekt f\u00fcr Familien: Eine unterhaltsame und lehrreiche Erfahrung f\u00fcr Gro\u00df und Klein.<\/span><\/li>\n<li><span style=\"font-weight: 400;\">Komfort und Sicherheit: Unser professioneller Service garantiert Ihnen eine stressfreie und angenehme Zeit.<\/span><\/li>\n<\/ul>\n<h2>Anmerkungen:<\/h2>\n<ul>\n<li aria-level=\"1\">Alle Extrakosten wie Trinkgelder sind nicht enthalten<\/li>\n<\/ul>\n<h2>Mitnehmen<\/h2>\n<p>Um Ihre Hurghada Grand Aquarium Tour vollst\u00e4ndig genie\u00dfen zu k\u00f6nnen, sollten Sie einige wichtige Dinge mitbringen:<\/p>\n<ul>\n<li aria-level=\"1\">Sonnenbrille &amp;\u00a0Sonnenschutz:\u00a0Da Sie den Gro\u00dfteil des Ausflugs im Freien verbringen, ist es wichtig, Sonnenschutzmittel, eine Sonnenbrille und einen Hut mitzubringen, um sich vor der intensiven Sonneneinstrahlung zu sch\u00fctzen.<\/li>\n<li>Fotoapparat<\/li>\n<li aria-level=\"1\">Geld<\/li>\n<\/ul>\n<h2>Zahlungsmodalit\u00e4ten:<\/h2>\n<p>Die Zahlung in Bargeld (Euro, US-Dollar, Schweizer Franken oder \u00e4gyptisches Pfund). Kartenzahlung ist derzeit nicht m\u00f6glich.<\/p>\n<h2>Transferkosten:<\/h2>\n<p>Die Transferkosten f\u00fcr Hin- und R\u00fcckfahrten von Hotels in Hurghada sind im Preis inbegriffen. F\u00fcr Transfers von Hotels in El Gouna, Sahl Hasheesh, Makadi Bay, Soma Bay, Safaga sowie vom Hafen in Safaga f\u00e4llt je nach Gruppengr\u00f6\u00dfe ein kleiner Aufpreis zwischen 2,- und 10,- \u20ac pro Person an.<\/p>\n<h2>Gerne bieten wir Ihnen weitere Angebote an:<\/h2>\n<ul>\n<li><\/li>\n<\/ul>\n<h2>Folgen Sie uns auf Facebook:<\/h2>\n<p><a href=\"https:\/\/www.facebook.com\/aegypten.touren.ausfluege.mit.peter\/\" target=\"_blank\" rel=\"noopener nofollow\"><img decoding=\"async\" class=\" lazyloaded\" src=\"https:\/\/aegyptentours.de\/wp-content\/uploads\/2024\/01\/Peter-Tours-400x300.png\" alt=\"\u00c4gypten Touren &amp; Ausfl\u00fcge mit Peter Tours\" width=\"55\" height=\"41\" data-src=\"https:\/\/aegyptentours.de\/wp-content\/uploads\/2024\/01\/Peter-Tours-400x300.png\" \/><\/a><\/p>\n<p><a href=\"https:\/\/www.pinterest.de\/aegyptentouren\/\" target=\"_blank\" rel=\"noopener nofollow\"><img decoding=\"async\" class=\" ls-is-cached lazyloaded\" src=\"https:\/\/aegyptentours.de\/wp-content\/uploads\/2024\/01\/Peter-Tours-1-400x300.png\" alt=\"\u00c4gypten Touren &amp; Ausfl\u00fcge mit ( Peter Tours )\" width=\"56\" height=\"42\" data-src=\"https:\/\/aegyptentours.de\/wp-content\/uploads\/2024\/01\/Peter-Tours-1-400x300.png\" \/><\/a><\/p>\n","protected":false},"excerpt":{"rendered":"<p>Das Hurghada Grand Aquarium ist mehr als nur ein Aquarium \u2013 es ist ein Fenster zur Unterwasserwelt des Roten Meeres. Mit seinen beeindruckenden Ausstellungen, darunter ein 24 Meter langer Glastunnel, f\u00fchlt man sich mitten im Ozean. Verschiedene Themenbereiche wie der Regenwald, Hurghada Mini-Zoo und interaktive Ausstellungen machen dieses Erlebnis f\u00fcr Besucher jeden Alters unvergesslich. Unsere [&hellip;]<\/p>\n","protected":false},"featured_media":20543,"comment_status":"open","ping_status":"closed","template":"","meta":{"_monsterinsights_skip_tracking":false,"_monsterinsights_sitenote_active":false,"_monsterinsights_sitenote_note":"","_monsterinsights_sitenote_category":0},"product_brand":[],"product_cat":[199,200,202,204,205,201,203],"product_tag":[268],"class_list":{"0":"post-20537","1":"product","2":"type-product","3":"status-publish","4":"has-post-thumbnail","6":"product_cat-hurghada-ausfluege","7":"product_cat-el-gouna-ausfluege","8":"product_cat-makadi-bay-ausfluege","9":"product_cat-safaga-ausfluege","10":"product_cat-safaga-hafen-ausfluege","11":"product_cat-sahl-hasheesh-ausfluege","12":"product_cat-soma-bay-ausfluege","13":"product_tag-aegypten-ausfluege-fuer-die-familien-mit-kindern-en","15":"first","16":"instock","17":"shipping-taxable","18":"purchasable","19":"product-type-ovabrw_car_rental","20":"add-to-wishlist-after_add_to_cart"},"_links":{"self":[{"href":"https:\/\/aegyptentouren.de\/en\/wp-json\/wp\/v2\/product\/20537","targetHints":{"allow":["GET"]}}],"collection":[{"href":"https:\/\/aegyptentouren.de\/en\/wp-json\/wp\/v2\/product"}],"about":[{"href":"https:\/\/aegyptentouren.de\/en\/wp-json\/wp\/v2\/types\/product"}],"replies":[{"embeddable":true,"href":"https:\/\/aegyptentouren.de\/en\/wp-json\/wp\/v2\/comments?post=20537"}],"version-history":[{"count":6,"href":"https:\/\/aegyptentouren.de\/en\/wp-json\/wp\/v2\/product\/20537\/revisions"}],"predecessor-version":[{"id":20912,"href":"https:\/\/aegyptentouren.de\/en\/wp-json\/wp\/v2\/product\/20537\/revisions\/20912"}],"wp:featuredmedia":[{"embeddable":true,"href":"https:\/\/aegyptentouren.de\/en\/wp-json\/wp\/v2\/media\/20543"}],"wp:attachment":[{"href":"https:\/\/aegyptentouren.de\/en\/wp-json\/wp\/v2\/media?parent=20537"}],"wp:term":[{"taxonomy":"product_brand","embeddable":true,"href":"https:\/\/aegyptentouren.de\/en\/wp-json\/wp\/v2\/product_brand?post=20537"},{"taxonomy":"product_cat","embeddable":true,"href":"https:\/\/aegyptentouren.de\/en\/wp-json\/wp\/v2\/product_cat?post=20537"},{"taxonomy":"product_tag","embeddable":true,"href":"https:\/\/aegyptentouren.de\/en\/wp-json\/wp\/v2\/product_tag?post=20537"}],"curies":[{"name":"wp","href":"https:\/\/api.w.org\/{rel}","templated":true}]}}