{"id":20525,"date":"2025-01-19T17:46:12","date_gmt":"2025-01-19T16:46:12","guid":{"rendered":"https:\/\/aegyptentouren.de\/?post_type=product&#038;p=20525"},"modified":"2025-02-24T17:38:58","modified_gmt":"2025-02-24T16:38:58","slug":"sharm-el-naga-schnorcheln-riff-ausflug-ab-makadi-bay-privat","status":"publish","type":"product","link":"https:\/\/aegyptentouren.de\/en\/makadi-bay-ausfluege\/sharm-el-naga-schnorcheln-riff-ausflug-ab-makadi-bay-privat\/","title":{"rendered":"Sharm El Naga Schnorchelausflug ab Makadi Bay privat \/ kleine Gruppe"},"content":{"rendered":"<p>Der <strong>Sharm El Naga Schnorcheln-Ausflug ab Makadi Bay bietet<\/strong> Ihnen die M\u00f6glichkeit, die Sch\u00f6nheit dieses einzigartigen Naturschutzgebiets zu entdecken. Genie\u00dfen Sie einen entspannten Tag am nat\u00fcrlichen Sandstrand, wo Sie die Sonne genie\u00dfen, entspannen, schnorcheln und baden k\u00f6nnen. Ein besonderes <strong>Highlight<\/strong> ist das Erkunden des Unterwasserschutzgebiets von Sharm El Naga mit seinem lebendigen Korallenriff und einer Vielzahl bunter Fische und Meeresbewohner. Mit etwas Gl\u00fcck k\u00f6nnen Sie in der Bucht von Sharm El Naga sogar Meeresschildkr\u00f6ten beim Schnorcheln begegnen.<\/p>\n<p>Buchen Sie Ihren ganzt\u00e4gigen Schnorchelausflug am Sharm El Naga Strand mit Peter Tours und genie\u00dfen Sie einen erlebnisreichen Tag in der faszinierenden Unterwasserwelt des Roten Meeres, ohne weit ins offene Meer zu fahren.<\/p>\n<ul>\n<li aria-level=\"1\">Online buchen und vor Ort bezahlen<\/li>\n<li aria-level=\"1\">Bezahlung erfolgt bei der Abholung vom Hotel.<\/li>\n<li aria-level=\"1\">Abholung von der Lobby Ihres Hotels.<\/li>\n<li aria-level=\"1\">Kundendienst 24\/7 in der Woche erreichbar.<\/li>\n<\/ul>\n<h2>Sharm El Naga Schnorcheln-Ausflug ab Makadi Bay, Ausflugsprogramm:<\/h2>\n<h2><span style=\"font-size: 14pt; color: #ff9900;\">Abholung vom Hotel in Makadi Bay:<\/span><\/h2>\n<ul>\n<li>Der Ausflug zum Naturschutzgebiet von Sharm El Naga beginnt fr\u00fch am Morgen, etwa um 7 Uhr. Unser Reiseleiter holt Sie mit modernen, klimatisierten Fahrzeugen von Ihrem Hotel in Makadi Bay ab und begleitet Sie zum Sharm El Naga.<\/li>\n<li>W\u00e4hrend der Fahrt gibt Ihnen der Schnorchelguide alle wichtigen Informationen \u00fcber das Rote Meer, die Unterwasserwelt, den Ablauf des Ausflugs und das Schnorcheln in der Sharm El Naga-Bucht und steht Ihnen f\u00fcr alle Fragen zur Verf\u00fcgung.<\/li>\n<\/ul>\n<h2><span style=\"font-size: 14pt; color: #ff9900;\">Sharm El Naga Strand Eintritt<\/span><\/h2>\n<p>Nach einer etwa 45-min\u00fctigen Autofahrt erreichen Sie das Naturschutzgebiet von Sharm El Naga. Dort erhalten Sie Ihre Schnorchelausr\u00fcstung (Masken, Flossen und Schwimmwesten) von Ihrem Schnorchelguide und starten Sie ein aufregendes Schnorchelabenteuer.<\/p>\n<h2><span style=\"font-size: 14pt; color: #ff9900;\">Ganzt\u00e4giger Schnorchelausflug<\/span><\/h2>\n<ul>\n<li>Genie\u00dfen Sie einen ganzt\u00e4gigen Schnorchelausflug vom Sharm El Naga-Strand und erkunden Sie eine faszinierende Welt voller Leben und Farben. Die Korallenriffe beherbergen eine Vielzahl von Meeresbewohnern, darunter bunte Fische, Muscheln und andere Meeresbewohner.<\/li>\n<li>Die erfahrenen Guides von Peter Tours begleiten Sie und sorgen f\u00fcr Ihre Sicherheit w\u00e4hrend des Schnorchelns.<\/li>\n<\/ul>\n<h2><span style=\"font-size: 14pt; color: #ff9900;\">Entspannung am Strand:<\/span><\/h2>\n<ul>\n<li>Neben dem Schnorcheln bietet Sharm El Naga auch die M\u00f6glichkeit, sich am Strand zu entspannen und die idyllische Umgebung zu genie\u00dfen. Nehmen Sie sich Zeit, um zu entspannen und die Sch\u00f6nheit der Natur zu genie\u00dfen.<\/li>\n<\/ul>\n<h3><span style=\"color: #ff9900;\">Mittagessen im Restaurant am Strand von Sharam El Naga<\/span><\/h3>\n<ul>\n<li>Genie\u00dfen Sie um ca. 13:00 Uhr ein herzhaftes \u00e4gyptisches Mittagessen im Restaurant am Strand von Sharm El Naga genie\u00dfen.<\/li>\n<li>Nach dem Mittagessen haben Sie genug zeit zum Schnorcheln. Im klaren, blauen Wasser des Roten Meeres haben Sie die M\u00f6glichkeit, wieder ins Wasser zu gehen, faszinierende Meeresbewohner und farbenfrohe Korallenriffe zu erkunden und die Sch\u00f6nheit der Natur zu genie\u00dfen.<\/li>\n<\/ul>\n<h3><span style=\"color: #ff9900;\">R\u00fcckfahrt nach Makadi Bay:<\/span><\/h3>\n<ul>\n<li>Nach einem aufregenden Tag voller Schnorchelabenteuer kehren Sie zu Ihrem Hotel in Makadi Bay zur\u00fcck. Die Ankunft in Makadi Bay ist gegen 17:00 Uhr geplant.<\/li>\n<\/ul>\n<h2>Sharm El Naga Schnorchelausflug ab Makadi Bay, Preise:<\/h2>\n<table style=\"border-collapse: collapse;\">\n<tbody>\n<tr>\n<td style=\"text-align: center;\"><span style=\"color: #3366ff;\">Die Teilnehmer<\/span><\/td>\n<td style=\"text-align: center;\"><span style=\"color: #3366ff;\">Preis pro Person<\/span><\/td>\n<\/tr>\n<tr>\n<td style=\"text-align: center;\"><span style=\"color: #3366ff;\">2<\/span><\/td>\n<td style=\"text-align: center;\"><span style=\"color: #ff0000;\"><del>55<\/del><\/span>\u00a0<span style=\"color: #3366ff;\">50<\/span>\u20ac<\/td>\n<\/tr>\n<tr>\n<td style=\"text-align: center;\"><span style=\"color: #3366ff;\">3<\/span><\/td>\n<td style=\"text-align: center;\"><span style=\"color: #ff0000;\"><del>55<\/del><\/span> <span style=\"color: #3366ff;\">50<\/span>\u20ac<\/td>\n<\/tr>\n<tr>\n<td style=\"text-align: center;\"><span style=\"color: #3366ff;\">4<\/span><\/td>\n<td style=\"text-align: center;\"><span style=\"color: #ff0000;\"><del>52<\/del><\/span> <span style=\"color: #3366ff;\">47<\/span>\u20ac<\/td>\n<\/tr>\n<tr>\n<td style=\"text-align: center;\"><span style=\"color: #3366ff;\">5<\/span><\/td>\n<td style=\"text-align: center;\"><span style=\"color: #ff0000;\"><del>49<\/del><\/span> <span style=\"color: #3366ff;\">44<\/span>\u20ac<\/td>\n<\/tr>\n<tr>\n<td style=\"text-align: center;\"><span style=\"color: #3366ff;\">6<\/span><\/td>\n<td style=\"text-align: center;\"><span style=\"color: #ff0000;\"><del>46<\/del><\/span> <span style=\"color: #3366ff;\">41<\/span>\u20ac<\/td>\n<\/tr>\n<tr>\n<td style=\"text-align: center;\"><span style=\"color: #3366ff;\">7<\/span><\/td>\n<td style=\"text-align: center;\"><span style=\"color: #ff0000;\"><del>43<\/del><\/span> <span style=\"color: #3366ff;\">38<\/span>\u20ac<\/td>\n<\/tr>\n<tr>\n<td style=\"text-align: center;\"><span style=\"color: #3366ff;\">8<\/span><\/td>\n<td style=\"text-align: center;\"><span style=\"color: #ff0000;\"><del>40<\/del><\/span> <span style=\"color: #3366ff;\">35<\/span>\u20ac<\/td>\n<\/tr>\n<\/tbody>\n<\/table>\n<h2>Sharm El Naga Ausflug ab Makadi Bay in Kleiner Gruppe:<\/h2>\n<table style=\"border-collapse: collapse;\">\n<tbody>\n<tr>\n<td style=\"text-align: center;\"><span style=\"color: #3366ff;\">Die Teilnehmer<\/span><\/td>\n<td style=\"text-align: center;\"><span style=\"color: #3366ff;\">Fahrzeug<\/span><\/td>\n<td style=\"text-align: center;\"><span style=\"color: #3366ff;\">Preis pro Person<\/span><\/td>\n<\/tr>\n<tr>\n<td style=\"text-align: center;\">\u00a0 \u00a0<span style=\"color: #3366ff;\">6-8<\/span>\u00a0 Personen<\/td>\n<td style=\"text-align: center;\">Mini-Bus<\/td>\n<td style=\"text-align: center;\"><span style=\"color: #3366ff;\">43<\/span> \u20ac<\/td>\n<\/tr>\n<\/tbody>\n<\/table>\n<p><strong>Kontaktieren Sie uns per WhatsApp<\/strong><\/p>\n<h2>Kinder Preise<\/h2>\n<table style=\"border-collapse: collapse;\">\n<tbody>\n<tr>\n<td style=\"text-align: left;\"><span style=\"color: #3366ff;\">Alter des Teilnehmers<\/span><\/td>\n<td style=\"text-align: center;\"><span style=\"color: #3366ff;\">Preis Pro Person<\/span><\/td>\n<\/tr>\n<tr>\n<td style=\"text-align: left;\">Kind:\u00a0 \u00a0 \u00a0 \u00a0 <span style=\"color: #3366ff;\">\u00a0 \u00a05-11<\/span><\/td>\n<td style=\"text-align: center;\"><span style=\"color: #3366ff;\">25 <\/span>\u20ac<\/td>\n<\/tr>\n<tr>\n<td style=\"text-align: left;\">Kleinkind:\u00a0 <span style=\"color: #3366ff;\">0-5<\/span><\/td>\n<td style=\"text-align: center;\"><span style=\"color: #3366ff;\">Frei<\/span><\/td>\n<\/tr>\n<\/tbody>\n<\/table>\n<h2>Die Entfernung zwischen Makadi Bay und Sharm El Naga :<\/h2>\n<p>Die Entfernung zwischen Makadi Bay und Sharm El Naga-Bucht betr\u00e4gt etwa 20 km, und die Fahrt dauert ungef\u00e4hr 25 Minuten mit PKW oder Mini-Bus<\/p>\n<h2>Sharm El Naga Naturschutzgebiet<\/h2>\n<p>Das Sharm El Naga Naturschutzgebiet und Riff liegt an der \u00e4gyptischen K\u00fcste am Roten Meer, etwa 40 Kilometer s\u00fcdlich von Makadi Bay. Es ist bekannt f\u00fcr seine reiche Unterwasserwelt und ist ein beliebtes Ziel f\u00fcr Schnorchler und Taucher. Das Naturschutzgebiet umfasst einen gesch\u00fctzten Strandbereich und eine Vielzahl von Meereslebewesen wie bunte Korallen, Fische und manchmal Meeresschildkr\u00f6ten.<\/p>\n<div class=\"group\/conversation-turn relative flex w-full min-w-0 flex-col agent-turn\">\n<div class=\"flex-col gap-1 md:gap-3\">\n<div class=\"flex max-w-full flex-col flex-grow\">\n<div class=\"min-h-8 text-message flex w-full flex-col items-end gap-2 whitespace-normal break-words [.text-message+&amp;]:mt-5\" dir=\"auto\" data-message-author-role=\"assistant\" data-message-id=\"7091b521-4ec0-49a1-a239-6ce678f14757\" data-client-thread-id=\"6740fb10-dab0-8011-834c-ec1bdd69a437\" data-message-model-slug=\"gpt-4o\">\n<div class=\"flex w-full flex-col gap-1 empty:hidden first:pt-[3px]\">\n<div class=\"markdown prose w-full break-words dark:prose-invert light\">\n<h2>Schildkr\u00f6ten in Sharm El Naga: Eine Seltene Begegnung<\/h2>\n<p>Sharm El Naga bietet eine beeindruckende Unterwasserwelt, doch die Chance, Schildkr\u00f6ten zu sehen, bleibt gering \u2013 die Wahrscheinlichkeit liegt bei <strong>maximal 10 %<\/strong>. Meeresschildkr\u00f6ten bevorzugen Regionen mit ausgedehnten Seegraswiesen wie <strong>Abu Dabbab Bucht<\/strong>.<\/p>\n<p>Obwohl Schildkr\u00f6ten hier nur selten anzutreffen sind, begeistert Sharm El Naga mit seinen unber\u00fchrten Korallenriffen und einer Vielzahl bunter Meeresbewohner. Besucher sollten sich darauf einstellen, dass Schildkr\u00f6ten-Begegnungen in diesem Gebiet eher die Ausnahme sind, was solche Momente besonders macht.<\/p>\n<\/div>\n<\/div>\n<\/div>\n<\/div>\n<\/div>\n<\/div>\n<h2>Anmerkungen:<\/h2>\n<ul>\n<li aria-level=\"1\">Alle Extrakosten wie Trinkgelder sind nicht enthalten<\/li>\n<li aria-level=\"1\">Die Reihenfolge kann ggf. durch den Reiseleiter ge\u00e4ndert werden. Programm\u00e4nderungen sind aus technischen oder organisatorischen Gr\u00fcnden vorbehalten.<\/li>\n<\/ul>\n<h2>Mitnehmen:<\/h2>\n<p>Um Ihren Sharm El Naga Ausflug ab Makadi Bay vollst\u00e4ndig genie\u00dfen zu k\u00f6nnen, sollten Sie einige wichtige Dinge mitbringen:<\/p>\n<ul>\n<li>Sonnenbrille &amp;\u00a0Sonnenschutz:\u00a0Da Sie den Gro\u00dfteil des Ausflugs im Freien verbringen, ist es wichtig, Sonnenschutzmittel, eine Sonnenbrille und einen Hut mitzubringen, um sich vor der intensiven Sonneneinstrahlung zu sch\u00fctzen.<\/li>\n<li>Badebekleidung &amp; Handt\u00fccher: Vergewissern Sie sich, dass Sie Ihre Badebekleidung und Handt\u00fccher mitbringen, da Sie die M\u00f6glichkeit haben werden, am Strand von Sharm El Naga zu entspannen und im klaren Wasser zu schwimmen.<\/li>\n<li>Fotoapparat<\/li>\n<li>Geld<\/li>\n<\/ul>\n<h3><b>Zahlungsmodalit\u00e4ten:<\/b><\/h3>\n<p>Die Zahlung in Bargeld (Euro, US-Dollar, Schweizer Franken oder \u00e4gyptisches Pfund). Kartenzahlung ist derzeit nicht m\u00f6glich.<\/p>\n<h3><b>Transferkosten:<\/b><\/h3>\n<p>Die Transferkosten f\u00fcr Hin- und R\u00fcckfahrten von Hotels in Hurghada, Sahl Hasheesh, Makadi Bay, Soma Bay und Safaga sind im Preis enthalten. F\u00fcr Transfers von Hotels in El Gouna oder vom Hafen in Safaga f\u00e4llt je nach Gruppengr\u00f6\u00dfe ein kleiner Aufpreis zwischen 2,- und 10,- \u20ac pro Person an.<\/p>\n<h2>Gerne bieten wir Ihnen weitere Angebote an:<\/h2>\n<ul>\n<li class=\"ova-product-title\"><span style=\"color: #0000ff;\"><a style=\"color: #0000ff;\" href=\"https:\/\/aegyptentouren.de\/makadi-bay-ausfluege\/orange-bay-insel-ausflug-makadi-bay-schnorcheln-tour\/\">Exklusiver Orange Bay Insel-Ausflug | Makadi Bay Schnorchel-Tour in kleiner Gruppe<\/a><\/span><\/li>\n<li class=\"ova-product-title\"><span style=\"color: #0000ff;\"><a style=\"color: #0000ff;\" href=\"https:\/\/aegyptentouren.de\/makadi-bay-ausfluege\/mahmya-insel-schnorcheln-ausflug-ab-makadi-bay\/\">Mahmya Insel Schnorcheln Ausflug ab Makadi Bay<\/a><\/span><\/li>\n<li class=\"ova-product-title\"><span style=\"color: #0000ff;\"><a style=\"color: #0000ff;\" href=\"https:\/\/aegyptentouren.de\/makadi-bay-ausfluege\/privater-orange-bay-ausflug-mit-speedboot-ab-makadi-bay\/\">Privater Orange Bay Ausflug mit Speedboot ab Makadi Bay<\/a><\/span><\/li>\n<\/ul>\n<h2>Folgen Sie uns auf Facebook:<\/h2>\n<p>&nbsp;<\/p>\n","protected":false},"excerpt":{"rendered":"<p>Der Sharm El Naga Schnorcheln-Ausflug ab Makadi Bay bietet Ihnen die M\u00f6glichkeit, die Sch\u00f6nheit dieses einzigartigen Naturschutzgebiets zu entdecken. Genie\u00dfen Sie einen entspannten Tag am nat\u00fcrlichen Sandstrand, wo Sie die Sonne genie\u00dfen, entspannen, schnorcheln und baden k\u00f6nnen. Ein besonderes Highlight ist das Erkunden des Unterwasserschutzgebiets von Sharm El Naga mit seinem lebendigen Korallenriff und einer [&hellip;]<\/p>\n","protected":false},"featured_media":20529,"comment_status":"open","ping_status":"closed","template":"","meta":{"_monsterinsights_skip_tracking":false,"_monsterinsights_sitenote_active":false,"_monsterinsights_sitenote_note":"","_monsterinsights_sitenote_category":0},"product_brand":[],"product_cat":[202],"product_tag":[],"class_list":{"0":"post-20525","1":"product","2":"type-product","3":"status-publish","4":"has-post-thumbnail","6":"product_cat-makadi-bay-ausfluege","8":"first","9":"instock","10":"sale","11":"shipping-taxable","12":"purchasable","13":"product-type-ovabrw_car_rental","14":"add-to-wishlist-after_add_to_cart"},"_links":{"self":[{"href":"https:\/\/aegyptentouren.de\/en\/wp-json\/wp\/v2\/product\/20525","targetHints":{"allow":["GET"]}}],"collection":[{"href":"https:\/\/aegyptentouren.de\/en\/wp-json\/wp\/v2\/product"}],"about":[{"href":"https:\/\/aegyptentouren.de\/en\/wp-json\/wp\/v2\/types\/product"}],"replies":[{"embeddable":true,"href":"https:\/\/aegyptentouren.de\/en\/wp-json\/wp\/v2\/comments?post=20525"}],"version-history":[{"count":9,"href":"https:\/\/aegyptentouren.de\/en\/wp-json\/wp\/v2\/product\/20525\/revisions"}],"predecessor-version":[{"id":21516,"href":"https:\/\/aegyptentouren.de\/en\/wp-json\/wp\/v2\/product\/20525\/revisions\/21516"}],"wp:featuredmedia":[{"embeddable":true,"href":"https:\/\/aegyptentouren.de\/en\/wp-json\/wp\/v2\/media\/20529"}],"wp:attachment":[{"href":"https:\/\/aegyptentouren.de\/en\/wp-json\/wp\/v2\/media?parent=20525"}],"wp:term":[{"taxonomy":"product_brand","embeddable":true,"href":"https:\/\/aegyptentouren.de\/en\/wp-json\/wp\/v2\/product_brand?post=20525"},{"taxonomy":"product_cat","embeddable":true,"href":"https:\/\/aegyptentouren.de\/en\/wp-json\/wp\/v2\/product_cat?post=20525"},{"taxonomy":"product_tag","embeddable":true,"href":"https:\/\/aegyptentouren.de\/en\/wp-json\/wp\/v2\/product_tag?post=20525"}],"curies":[{"name":"wp","href":"https:\/\/api.w.org\/{rel}","templated":true}]}}