{"id":20493,"date":"2025-03-02T12:55:20","date_gmt":"2025-03-02T11:55:20","guid":{"rendered":"https:\/\/aegyptentouren.de\/?post_type=product&#038;p=20493"},"modified":"2026-03-19T10:48:31","modified_gmt":"2026-03-19T09:48:31","slug":"privater-ausflug-von-makadi-bay-nach-luxor-ins-tal-der-koenige","status":"publish","type":"product","link":"https:\/\/aegyptentouren.de\/en\/makadi-bay-ausfluege\/privater-ausflug-von-makadi-bay-nach-luxor-ins-tal-der-koenige\/","title":{"rendered":"Privater Tagesausflug von Makadi Bay nach Luxor ins Tal der K\u00f6nige"},"content":{"rendered":"<div class=\"flex-shrink-0 flex flex-col relative items-end\">\n<div class=\"pt-0\">\n<div class=\"gizmo-bot-avatar flex h-8 w-8 items-center justify-center overflow-hidden rounded-full\">\n<div class=\"relative p-1 rounded-sm flex items-center justify-center bg-token-main-surface-primary text-token-text-primary h-8 w-8\">\n<p data-start=\"162\" data-end=\"242\"><strong data-start=\"162\" data-end=\"240\">Privater Ausflug von Makadi Bay nach Luxor \u2013 \u00c4gyptens Kultur hautnah erleben<\/strong><\/p>\n<p data-start=\"244\" data-end=\"615\">Ein <strong data-start=\"248\" data-end=\"297\">privater Tagesausflug von Makadi Bay nach Luxor<\/strong> bietet Ihnen eine <strong data-start=\"316\" data-end=\"334\">exklusive Tour<\/strong> zu den beeindruckendsten <strong>Sehensw\u00fcrdigkeiten Luxors<\/strong> \u2013 <strong data-start=\"388\" data-end=\"446\">ganz ohne Massentourismus oder Verkaufsveranstaltungen<\/strong>. Entdecken Sie das weltber\u00fchmte <strong data-start=\"479\" data-end=\"497\">Tal der K\u00f6nige<\/strong>, den pr\u00e4chtigen <strong data-start=\"514\" data-end=\"531\">Karnak-Tempel<\/strong>, den beeindruckenden <strong data-start=\"553\" data-end=\"575\">Hatschepsut-Tempel<\/strong> und die imposanten <strong data-start=\"595\" data-end=\"612\">Memnonkolosse<\/strong>.<\/p>\n<p data-start=\"617\" data-end=\"760\">Genie\u00dfen Sie au\u00dferdem eine <strong data-start=\"644\" data-end=\"681\">entspannte Bootsfahrt auf dem Nil<\/strong> und bewundern Sie die atemberaubende Landschaft aus einer neuen Perspektive.<\/p>\n<p data-start=\"762\" data-end=\"903\"><strong data-start=\"762\" data-end=\"839\">Buchen Sie jetzt Ihre private Luxor-Tagestour ab Makadi Bay mit Peter Tours<\/strong> und tauchen Sie ein in die faszinierende Geschichte \u00c4gyptens!<\/p>\n<\/div>\n<\/div>\n<\/div>\n<\/div>\n<ul>\n<li aria-level=\"1\"><strong>Online Buchen Vor Ort bezahlen<\/strong><\/li>\n<li aria-level=\"1\">Bezahlung Erfolgt bei der Abholung vom Hotel<\/li>\n<li aria-level=\"1\">Abholung von der Lobby ihres Hotel<\/li>\n<li aria-level=\"1\">Kundendienst 24\/7 in der Woche erreichbar.<\/li>\n<\/ul>\n<h2 data-start=\"0\" data-end=\"48\"><span style=\"font-size: 14pt;\"><strong data-start=\"0\" data-end=\"46\">Makadi Bay nach Luxor: Entfernung &amp; Fahrzeit<\/strong><\/span><\/h2>\n<p data-start=\"50\" data-end=\"305\">Die Distanz zwischen Makadi Bay und Luxor betr\u00e4gt rund 240 Kilometer in der Luftlinie. Mit ( PKW oder Minibus) betr\u00e4gt die Fahrstrecke etwa 300 Kilometer (ca. 186 Meilen). Die Fahrzeit von Makadi Bay nach Luxor liegt je nach Verkehrslage bei etwa 3,5 bis 4 Stunden.<\/p>\n<h2>Privater Ausflug von Makadi Bay nach Luxor ins Tal der K\u00f6nige &#8211; Ausflugsprogramm<\/h2>\n<h3 data-start=\"84\" data-end=\"121\"><span style=\"color: #ff9900;\"><strong data-start=\"88\" data-end=\"119\">Abholung &amp; Fahrt nach Luxor<\/strong><\/span><\/h3>\n<ul>\n<li data-start=\"123\" data-end=\"328\"><strong data-start=\"125\" data-end=\"159\">Komfortable Abholung vom Hotel<\/strong><br data-start=\"159\" data-end=\"162\" \/>Ihr privater Ausflug beginnt mit der fr\u00fchen Abholung direkt von Ihrem Hotel in Makadi Bay. Unser deutschsprachiger Reiseleiter begleitet Sie auf der Fahrt nach Luxor.<\/li>\n<li data-start=\"330\" data-end=\"566\"><strong data-start=\"332\" data-end=\"372\">Professionelle Reiseleitung in Luxor<\/strong><br data-start=\"372\" data-end=\"375\" \/>In Luxor empf\u00e4ngt Sie unser erfahrener, deutschsprachiger Reisef\u00fchrer und \u00c4gyptologe, der Sie den ganzen Tag \u00fcber begleitet und Ihnen die faszinierende Geschichte der Pharaonen n\u00e4herbringt.<\/li>\n<li data-start=\"568\" data-end=\"767\"><strong data-start=\"570\" data-end=\"599\">Angenehme &amp; sichere Fahrt<\/strong><br data-start=\"599\" data-end=\"602\" \/>F\u00fcr den Transfer nutzen wir moderne, klimatisierte Fahrzeuge (PKW oder Minibus) mit bequemen Sitzen, um Ihnen eine entspannte und komfortable Reise zu erm\u00f6glichen.<\/li>\n<\/ul>\n<h2><span style=\"font-size: 14pt; color: #ff9900;\"><span style=\"font-size: 18pt;\">Besuch der Karnak-Tempel<\/span> <\/span><\/h2>\n<p>Der beeindruckende Karnak-Tempel in Luxor ist ein herausragendes Relikt der antiken \u00e4gyptischen Zivilisation. Der Bau dieser beeindruckenden Tempelanlage begann bereits im 16. Jahrhundert v. Chr. und erstreckte sich \u00fcber viele Jahrhunderte.<\/p>\n<p>Karnak war mehr als ein einzelner Tempel \u2013 es war eine gewaltige Tempelstadt, die eng mit den Tempeln in West-Theben verbunden war und eine zentrale Rolle im spirituellen und kulturellen Leben des alten \u00c4gyptens spielte.<\/p>\n<h3><span style=\"color: #ff9900;\">Architektur und Struktur des Karnak-Tempels<\/span><\/h3>\n<ul>\n<li>Der Hauptbereich des Tempels erstreckt sich \u00fcber beeindruckende 123 Hektar und ist gepr\u00e4gt von monumentalen Pylonen, hoch aufragenden Obelisken und majest\u00e4tischen S\u00e4ulenhallen.<\/li>\n<li>Die massiven Torbauten, bekannt als Pylonen, markieren die Eing\u00e4nge zu den verschiedenen heiligen Bereichen des Tempels.<\/li>\n<li>Diese Bauweise spiegelt die immense religi\u00f6se Bedeutung wider, die dem Komplex zugeschrieben wurde.<\/li>\n<li>Neben seiner spirituellen Funktion war Karnak auch ein bedeutendes Zentrum f\u00fcr politische und gesellschaftliche Aktivit\u00e4ten.<\/li>\n<\/ul>\n<h3><span style=\"color: #ff9900;\">Besuch der Hatschepsut-Tempel<\/span><\/h3>\n<ul>\n<li>Der Tempel der Hatschepsut, auch bekannt als Deir El-Bahari, ist eine architektonische Meisterleistung und eine der bekanntesten Sehensw\u00fcrdigkeiten in Luxor.<\/li>\n<li>Er wurde w\u00e4hrend der 18. Dynastie f\u00fcr die m\u00e4chtige K\u00f6nigin Hatschepsut errichtet und ist ein Symbol f\u00fcr ihre au\u00dfergew\u00f6hnliche Herrschaft und den Wohlstand ihrer Zeit.<\/li>\n<li>Der Tempel beeindruckt durch seine elegante Gestaltung und die kunstvolle Einbettung in die umliegenden Klippen.<\/li>\n<\/ul>\n<h3><span style=\"color: #ff9900;\">Mittagessen in Luxor<\/span><\/h3>\n<p>Genie\u00dfen Sie das leckere Mittagessen in einem sch\u00f6nen Restaurant in Luxor. (meistens in Form eines Buffets).<\/p>\n<h3><span style=\"color: #ff9900;\">Bootsfahrt auf dem Nil<\/span><\/h3>\n<ul>\n<li>Am Nachmittag erwartet Sie eine entspannende Bootsfahrt auf dem Nil, die eine wundersch\u00f6ne Perspektive auf die Stadt Luxor bietet.<\/li>\n<li>W\u00e4hrend Sie sanft \u00fcber das Wasser gleiten, genie\u00dfen Sie den atemberaubenden Blick auf antike Tempel und die malerische Landschaft.<\/li>\n<li>Diese friedliche Fahrt ist eine wunderbare Gelegenheit, frische Luft zu tanken und die unvergleichliche Sch\u00f6nheit des Nils zu erleben.<\/li>\n<\/ul>\n<h3><span style=\"color: #ff9900;\">Besuch der\u00a0Memnonkolosse<\/span><\/h3>\n<ul>\n<li>Die Memnonkolosse sind zwei imposante Statuen aus Stein, die am Westufer des Nils in der N\u00e4he von Luxor stehen. Sie stellen den Pharaonen Amenophis III. dar und sind Teil eines ehemaligen Tempels, der einst dem Sonnengott Amun-Re gewidmet war.<\/li>\n<li>Die Kolosse wurden vor mehr als 3.000 Jahren erbaut und sind ein erstaunliches Zeugnis der beeindruckenden Baukunst des alten \u00c4gypten.<\/li>\n<\/ul>\n<h2><span style=\"color: #ff9900;\">Tal der K\u00f6nige besichtigen \u2013 \u00c4gyptens Pharaonengr\u00e4ber entdecken<\/span><\/h2>\n<ul>\n<li>Das legend\u00e4re Tal der K\u00f6nige, am Westufer von Luxor gelegen, ist eine der bedeutendsten arch\u00e4ologischen St\u00e4tten \u00c4gyptens.<\/li>\n<li>Diese alte Nekropole war die letzte Ruhest\u00e4tte vieler Pharaonen, darunter auch das ber\u00fchmte Grab von K\u00f6nig Tutanchamun.<\/li>\n<li>Die pr\u00e4chtigen Wandmalereien und kunstvoll gestalteten Gr\u00e4ber spiegeln die tief verwurzelte religi\u00f6se Symbolik und die prachtvolle Kultur des alten \u00c4gyptens wider.<\/li>\n<\/ul>\n<h3><span style=\"color: #ff9900;\">R\u00fcckfahrt nach Makadi Bay<\/span><\/h3>\n<p>Nachdem die Besichtigungen der Pharaonischen Gr\u00e4ber im Tal der K\u00f6nige, Hatshepsut Tempel, Karnak Tempel und Memnon Kolosse abgeschlossen sind, erfolgt die R\u00fcckfahrt in Richtung Makadi Bay.<\/p>\n<h2>Privater Ausflug von Makadi Bay nach Luxor ins Tal der K\u00f6nige-Preise:<\/h2>\n<table style=\"border-collapse: collapse;\">\n<tbody>\n<tr>\n<td style=\"text-align: center;\"><span style=\"color: #3366ff;\">Die Teilnehmer<\/span><\/td>\n<td style=\"text-align: center;\"><span style=\"color: #3366ff;\">Fahrzeug<\/span><\/td>\n<td style=\"text-align: center;\"><span style=\"color: #3366ff;\">Preis pro Person<\/span><\/td>\n<\/tr>\n<tr>\n<td style=\"text-align: center;\"><span style=\"color: #3366ff;\">2<\/span><\/td>\n<td style=\"text-align: center;\">Privater Ausflug Makadi Bay Luxor | PKW<\/td>\n<td style=\"text-align: center;\"><span style=\"color: #ff0000;\"><del>160<\/del><\/span> <span style=\"color: #3366ff;\">145 <\/span>\u20ac<\/td>\n<\/tr>\n<tr>\n<td style=\"text-align: center;\"><span style=\"color: #3366ff;\">3<\/span><\/td>\n<td style=\"text-align: center;\">Privater Ausflug Makadi Bay Luxor | Minivan<\/td>\n<td style=\"text-align: center;\"><span style=\"color: #ff0000;\"><del>145<\/del><\/span> <span style=\"color: #3366ff;\">130 <\/span>\u20ac<\/td>\n<\/tr>\n<tr>\n<td style=\"text-align: center;\"><span style=\"color: #3366ff;\">4<\/span><\/td>\n<td style=\"text-align: center;\">Privater Ausflug Makadi Bay\u00a0 Luxor | Minibus<\/td>\n<td style=\"text-align: center;\"><span style=\"color: #ff0000;\"><del>127<\/del><\/span> <span style=\"color: #3366ff;\">117 <\/span>\u20ac<\/td>\n<\/tr>\n<tr>\n<td style=\"text-align: center;\"><span style=\"color: #3366ff;\">5<\/span><\/td>\n<td style=\"text-align: center;\">Privater Ausflug Makadi Bay Luxor | Minibus<\/td>\n<td style=\"text-align: center;\"><span style=\"color: #ff0000;\"><del>119<\/del><\/span> <span style=\"color: #3366ff;\">110 <\/span>\u20ac<\/td>\n<\/tr>\n<tr>\n<td style=\"text-align: center;\"><span style=\"color: #3366ff;\">6<\/span><\/td>\n<td style=\"text-align: center;\">Privater Ausflug Makadi Bay Luxor | Minibus<\/td>\n<td style=\"text-align: center;\"><span style=\"color: #ff0000;\"><del>113<\/del><\/span>\u00a0<span style=\"color: #3366ff;\">105 <\/span>\u20ac<\/td>\n<\/tr>\n<tr>\n<td style=\"text-align: center;\"><span style=\"color: #3366ff;\">7<\/span><\/td>\n<td style=\"text-align: center;\">Privater Ausflug Makadi Bay Luxor | Minibus<\/td>\n<td style=\"text-align: center;\"><span style=\"color: #ff0000;\"><span style=\"text-decoration: line-through;\">106<\/span><\/span> \u00a0<span style=\"color: #3366ff;\">99 <\/span>\u20ac<\/td>\n<\/tr>\n<tr>\n<td style=\"text-align: center;\"><span style=\"color: #3366ff;\">8<\/span><\/td>\n<td style=\"text-align: center;\">Privater Ausflug Makadi Bay Luxor | Minibus<\/td>\n<td style=\"text-align: center;\"><span style=\"color: #ff0000;\"><del>99<\/del><\/span>\u00a0 \u00a0<span style=\"color: #3366ff;\">92 <\/span>\u20ac<\/td>\n<\/tr>\n<\/tbody>\n<\/table>\n<h3>Kinder Preise<\/h3>\n<table style=\"border-collapse: collapse;\">\n<tbody>\n<tr>\n<td>Kind:\u00a0 \u00a0 \u00a0 \u00a0 \u00a0 <span style=\"color: #3366ff;\"><strong>\u00a05-11<\/strong><\/span><\/td>\n<td><span style=\"color: #3366ff;\"><b>60 <\/b><\/span>\u20ac<\/td>\n<\/tr>\n<tr>\n<td>Kleinkind:\u00a0 <span style=\"color: #3366ff;\"><strong>0-5<\/strong><\/span><\/td>\n<td><strong><span style=\"color: #3366ff;\">Frei<\/span><\/strong><\/td>\n<\/tr>\n<\/tbody>\n<\/table>\n<h2>Private Tagestour Makadi Bay-Luxor mit pers\u00f6nlicher F\u00fchrung<\/h2>\n<p>Die private Tour von Makadi Bay nach Luxor bietet Reisenden ein einzigartiges kulturelles Erlebnis, das von Peter Tours organisiert wird. Ohne l\u00e4stige Verkaufsveranstaltungen k\u00f6nnen Sie individuell nach Luxor und in die Umgebung reisen. W\u00e4hrend des Tagesausflugs haben Sie die Gelegenheit, das Tal der K\u00f6nige zu erkunden, den imposanten Karnak-Tempel zu besichtigen und den Tempel der Hatschepsut zu besuchen.<\/p>\n<h4>Anmerkungen<\/h4>\n<ul>\n<li>Zus\u00e4tzliche Kosten wie Trinkgelder sind nicht im Preis inbegriffen.<\/li>\n<li>Der Reiseleiter kann m\u00f6glicherweise die Reihenfolge \u00e4ndern. \u00c4nderungen im Programm sind aus technischen oder organisatorischen Gr\u00fcnden m\u00f6glich.<\/li>\n<\/ul>\n<h4>Mitnehmen<\/h4>\n<p>Um Ihren privaten Ausflug von Makadi Bay nach Luxor in vollen Z\u00fcgen genie\u00dfen zu k\u00f6nnen, sollten Sie einige wichtige Dinge mitbringen:<\/p>\n<ul>\n<li>G\u00fcltiger Reisepass oder Personalausweis Oder einer Kopie.<\/li>\n<li>Bestellen Sie Ihre Fr\u00fchst\u00fccksbox an der Rezeption Ihres Hotels mindestens einen Tag vor der Tour.<\/li>\n<li aria-level=\"1\">Sonnenbrille &amp;\u00a0Sonnenschutz:\u00a0Da Sie den Gro\u00dfteil des Ausflugs im Freien verbringen, ist es wichtig, Sonnenschutzmittel, eine Sonnenbrille und einen Hut mitzubringen, um sich vor der intensiven Sonneneinstrahlung zu sch\u00fctzen.<\/li>\n<li>Fotoapparat \/ Handy und Ladekabel<\/li>\n<li>Warme Kleidung im Winter<\/li>\n<li>Leichte Kleidung im Sommer<\/li>\n<li>Geld<\/li>\n<\/ul>\n<h4><b>Zahlungsmodalit\u00e4ten:<\/b><\/h4>\n<p><span style=\"font-weight: 400;\">Die Zahlung in Bargeld (Euro, US-Dollar, Schweizer Franken oder \u00e4gyptisches Pfund). Kartenzahlung ist derzeit nicht m\u00f6glich.<\/span><\/p>\n<h4><b>Transferkosten:<\/b><\/h4>\n<p><span style=\"font-weight: 400;\">Die Transferkosten f\u00fcr Hin- und R\u00fcckfahrten von Hotels in Hurghada, Sahl Hasheesh, Makadi Bay, Soma Bay und Safaga sind im Preis enthalten. F\u00fcr Transfers von Hotels in El Gouna oder vom Hafen in Safaga f\u00e4llt je nach Gruppengr\u00f6\u00dfe ein kleiner Aufpreis zwischen 2,- und 10,- \u20ac pro Person an.<\/span><\/p>\n<h4>Gerne bieten wir Ihnen weitere Angebote an:<\/h4>\n<ul>\n<li class=\"ova-product-title\"><span style=\"color: #0000ff;\"><a style=\"color: #0000ff;\" href=\"https:\/\/aegyptentouren.de\/makadi-bay-ausfluege\/privater-ausflug-von-makadi-bay-nach-kairo-und-die-pyramiden-von-gizeh-privat\/\">Privater Ausflug von Makadi Bay nach Kairo und die Pyramiden von Gizeh<\/a><\/span><\/li>\n<li class=\"ova-product-title\"><span style=\"color: #0000ff;\"><a style=\"color: #0000ff;\" href=\"https:\/\/aegyptentouren.de\/makadi-bay-ausfluege\/tagesausflug-ausflug-von-makadi-bay-nach-luxor-ins-tal-der-koenige-mit-mini-bus\/\">Tagesausflug Makadi Bay Luxor ins Tal der K\u00f6nige mit Mini-Bus<\/a><\/span><\/li>\n<li class=\"ova-product-title\"><span style=\"color: #0000ff;\"><a style=\"color: #0000ff;\" href=\"https:\/\/aegyptentouren.de\/makadi-bay-ausfluege\/ausflug-makadi-bay-nach-kairo-und-die-pyramiden-von-gizeh-mit-mini-bus\/\">Tagesausflug Makadi Bay nach Kairo und die Pyramiden von Gizeh mit Mini-Bus<\/a><\/span><\/li>\n<\/ul>\n<h4>Folgen Sie uns auf Facebook:<\/h4>\n<p><a href=\"https:\/\/www.facebook.com\/aegypten.touren.ausfluege.mit.peter\/\" target=\"_blank\" rel=\"noopener nofollow\"><img decoding=\"async\" data-src=\"https:\/\/aegyptentouren.de\/wp-content\/uploads\/2024\/01\/Peter-Tours-400x300.png\" alt=\"\u00c4gypten Touren &amp; Ausfl\u00fcge mit Peter Tours\" width=\"55\" height=\"41\" src=\"data:image\/svg+xml;base64,PHN2ZyB3aWR0aD0iMSIgaGVpZ2h0PSIxIiB4bWxucz0iaHR0cDovL3d3dy53My5vcmcvMjAwMC9zdmciPjwvc3ZnPg==\" class=\"lazyload\" style=\"--smush-placeholder-width: 55px; --smush-placeholder-aspect-ratio: 55\/41;\" \/><\/a><\/p>\n<p><a href=\"https:\/\/www.pinterest.de\/aegyptentouren\/\" target=\"_blank\" rel=\"noopener nofollow\"><img decoding=\"async\" data-src=\"https:\/\/aegyptentouren.de\/wp-content\/uploads\/2024\/01\/Peter-Tours-1-400x300.png\" alt=\"\u00c4gypten Touren &amp; Ausfl\u00fcge mit ( Peter Tours )\" width=\"56\" height=\"42\" src=\"data:image\/svg+xml;base64,PHN2ZyB3aWR0aD0iMSIgaGVpZ2h0PSIxIiB4bWxucz0iaHR0cDovL3d3dy53My5vcmcvMjAwMC9zdmciPjwvc3ZnPg==\" class=\"lazyload\" style=\"--smush-placeholder-width: 56px; --smush-placeholder-aspect-ratio: 56\/42;\" \/><\/a><\/p>\n","protected":false},"excerpt":{"rendered":"<p>Privater Ausflug von Makadi Bay nach Luxor \u2013 \u00c4gyptens Kultur hautnah erleben Ein privater Tagesausflug von Makadi Bay nach Luxor bietet Ihnen eine exklusive Tour zu den beeindruckendsten Sehensw\u00fcrdigkeiten Luxors \u2013 ganz ohne Massentourismus oder Verkaufsveranstaltungen. Entdecken Sie das weltber\u00fchmte Tal der K\u00f6nige, den pr\u00e4chtigen Karnak-Tempel, den beeindruckenden Hatschepsut-Tempel und die imposanten Memnonkolosse. Genie\u00dfen Sie [&hellip;]<\/p>\n","protected":false},"featured_media":20498,"comment_status":"open","ping_status":"closed","template":"","meta":{"_monsterinsights_skip_tracking":false,"_monsterinsights_sitenote_active":false,"_monsterinsights_sitenote_note":"","_monsterinsights_sitenote_category":0},"product_brand":[],"product_cat":[202],"product_tag":[],"class_list":{"0":"post-20493","1":"product","2":"type-product","3":"status-publish","4":"has-post-thumbnail","6":"product_cat-makadi-bay-ausfluege","8":"first","9":"instock","10":"sale","11":"shipping-taxable","12":"purchasable","13":"product-type-ovabrw_car_rental","14":"add-to-wishlist-after_add_to_cart"},"_links":{"self":[{"href":"https:\/\/aegyptentouren.de\/en\/wp-json\/wp\/v2\/product\/20493","targetHints":{"allow":["GET"]}}],"collection":[{"href":"https:\/\/aegyptentouren.de\/en\/wp-json\/wp\/v2\/product"}],"about":[{"href":"https:\/\/aegyptentouren.de\/en\/wp-json\/wp\/v2\/types\/product"}],"replies":[{"embeddable":true,"href":"https:\/\/aegyptentouren.de\/en\/wp-json\/wp\/v2\/comments?post=20493"}],"version-history":[{"count":11,"href":"https:\/\/aegyptentouren.de\/en\/wp-json\/wp\/v2\/product\/20493\/revisions"}],"predecessor-version":[{"id":26143,"href":"https:\/\/aegyptentouren.de\/en\/wp-json\/wp\/v2\/product\/20493\/revisions\/26143"}],"wp:featuredmedia":[{"embeddable":true,"href":"https:\/\/aegyptentouren.de\/en\/wp-json\/wp\/v2\/media\/20498"}],"wp:attachment":[{"href":"https:\/\/aegyptentouren.de\/en\/wp-json\/wp\/v2\/media?parent=20493"}],"wp:term":[{"taxonomy":"product_brand","embeddable":true,"href":"https:\/\/aegyptentouren.de\/en\/wp-json\/wp\/v2\/product_brand?post=20493"},{"taxonomy":"product_cat","embeddable":true,"href":"https:\/\/aegyptentouren.de\/en\/wp-json\/wp\/v2\/product_cat?post=20493"},{"taxonomy":"product_tag","embeddable":true,"href":"https:\/\/aegyptentouren.de\/en\/wp-json\/wp\/v2\/product_tag?post=20493"}],"curies":[{"name":"wp","href":"https:\/\/api.w.org\/{rel}","templated":true}]}}