{"id":20318,"date":"2024-10-30T17:43:11","date_gmt":"2024-10-30T16:43:11","guid":{"rendered":"https:\/\/aegyptentouren.de\/?post_type=product&#038;p=20318"},"modified":"2025-04-26T17:18:57","modified_gmt":"2025-04-26T15:18:57","slug":"orange-bay-insel-ausflug-safaga-schnorcheln-tour","status":"publish","type":"product","link":"https:\/\/aegyptentouren.de\/en\/safaga-ausfluege\/orange-bay-insel-ausflug-safaga-schnorcheln-tour\/","title":{"rendered":"Exklusiver Orange Bay Insel-Ausflug von Safaga &#038; Schnorchel-Tour in kleiner Gruppe"},"content":{"rendered":"<p>Erfahren Sie einen exklusiven <strong>Orange Bay Insel-Ausflug von Safaga &amp; Schnorcheln-Tour<\/strong> in kleiner Gruppe, maximal 15 Personen auf dem Boat.<\/p>\n<p>Der <strong>Orange Bay Ausflug<\/strong> ist ein top-bewerteter <strong>Ausflug ab Safaga<\/strong> und bietet ein unvergessliches Erlebnis f\u00fcr Schnorchel- und Strandliebhaber. Die <strong>Orange Bay Insel<\/strong> ist ein kleines Juwel, das mit einem wei\u00dfen Sandstrand und klarem, azurblauem Wasser lockt.<\/p>\n<p>Buchen Sie noch heute Ihren <strong>Orange Bay Ausflug mit Peter Tours<\/strong>\u00a0und erleben Sie dieses einzigartige Abenteuer selbst!<\/p>\n<ul>\n<li aria-level=\"1\">Online buchen und vor Ort bezahlen<\/li>\n<li aria-level=\"1\">Bezahlung erfolgt bei der Abholung vom Hotel.<\/li>\n<li aria-level=\"1\">Abholung von der Lobby Ihres Hotels.<\/li>\n<li aria-level=\"1\">Kundendienst 24\/7 in der Woche erreichbar.<\/li>\n<\/ul>\n<h2>Warum der Orange Bay Insel-Ausflug von Safaga &amp; Schnorcheln-Tour bei Peter-Tours?<\/h2>\n<ul>\n<li>Bei diesem <strong>Schnorchelausflug<\/strong> haben Sie die M\u00f6glichkeit, atemberaubende Korallenriffe und eine Vielzahl von bunten Meereslebewesen in <strong>kleinen Gruppen beim Schnorcheln<\/strong> zu entdecken.<\/li>\n<li aria-level=\"1\">Unser Team ist immer freundlich und hilfsbereit und unsere <strong>erfahrenen Guides<\/strong> begleiten Sie und <strong>sorgen f\u00fcr Ihre Sicherheit<\/strong> w\u00e4hrend des Schnorchelns. Egal, ob Sie ein erfahrener Schnorchler oder Anf\u00e4ngersind, wird die Tour toll f\u00fcr Sie sein.<\/li>\n<li>Hier finden Sie<strong> Ruhe und Erholung<\/strong> mit wenigen G\u00e4sten an Bord inmitten einer traumhaften Insellandschaft.<\/li>\n<li><strong>Orange Bay Insel<\/strong> bietet auch M\u00f6glichkeiten zum Sonnenbaden und Entspannen, sodass Sie die Sch\u00f6nheit der Natur voll auskosten k\u00f6nnen.<\/li>\n<\/ul>\n<h2>Orange Bay Insel-Ausflug Safaga &amp; Schnorcheln Tour :Zeitplan und Ablauf<\/h2>\n<h3>Transfer Vom Hotel<\/h3>\n<ul>\n<li>Der <strong>Tagesausflug zur Orange Bay Insel<\/strong> beginnt mit einer Abholung mit klimatisierten Fahrzeugen von Ihrem Hotel in Safaga.<\/li>\n<li>Der Orange Bay Insel Ausflug mit unserem Team von Peter Tours bietet Ihnen auch einen stressfreien Hoteltransfer.<\/li>\n<\/ul>\n<h3>Fr\u00fchst\u00fcck beim Orange Bay Ausflug<\/h3>\n<p>Genie\u00dfen Sie das Fr\u00fchst\u00fcck in Ruhe an Bord, bevor Sie die Bootsfahrt zur Orange Bay Insel beginnen.<\/p>\n<h3>Die Bootsfahrt zur Orange Bay Insel<\/h3>\n<p>W\u00e4hrend der Fahrt k\u00f6nnen Sie bereits die wundersch\u00f6ne Landschaft des Roten Meeres genie\u00dfen und sich auf Ihren entspannten Tag auf der Insel freuen.<\/p>\n<h3>Orange Bay Inselaufenthalt: von 2 bis 3 Stunden<\/h3>\n<ul>\n<li>Nach der Ankunft auf der Insel haben Sie Zeit zum Schwimmen oder einfach nur zum Entspannen am Strand. Diejenigen, die Lust auf eine Erkundungstour haben, k\u00f6nnen auch einen Spaziergang um die Insel machen und die bezaubernde Landschaft genie\u00dfen.<\/li>\n<li>Sie k\u00f6nnen sich einfach am unber\u00fchrten Sandstrand sonnen und die traumhafte Insellandschaft genie\u00dfen. Egal f\u00fcr welche Aktivit\u00e4t Sie sich entscheiden, der <strong>Orange Bay Insel Ausflug<\/strong> bietet Ihnen die ideale Gelegenheit, Ihren Tag in vollen Z\u00fcgen zu genie\u00dfen.<\/li>\n<\/ul>\n<h3>Orange Bay Schnorcheln : 2 Schnorchel-Stopps<\/h3>\n<p>Genie\u00dfen Sie bei dem Orange Bay Schnorcheln von Safaga zwei Schnorchel G\u00e4nge und beeindruckende Korallen.<\/p>\n<p>Beim Orange Bay Insel Ausflug Safaga erwartet Sie ein unvergessliches Schnorchel-Erlebnis. Erkunden Sie die faszinierende Unterwasserwelt des Roten Meeres und entdecken Sie atemberaubende Korallenriffe und eine Vielzahl von bunten Meereslebewesen.<\/p>\n<ul>\n<li aria-level=\"1\">F\u00fcr die Orange Bay Schnorchel-Tour bekommen Sie von unserem Team die richtigen Ausr\u00fcstungen (die Flossen, Schnorchelmask und die Schwimmweste.<\/li>\n<li aria-level=\"1\">Aber vergissen Sie nicht, Ihre eigenen Badebekleidung, Handt\u00fccher und Sonnenschutzmittel mitbringen.<\/li>\n<li aria-level=\"1\">Erfahrene Guides begleiten Sie und sorgen f\u00fcr Ihre Sicherheit w\u00e4hrend des Schnorchelns. Sie werden erstaunt sein von der Vielfalt der farbenfrohen Korallenriffe und der bunten Fischpopulation, die das Rote Meer beherbergt.<\/li>\n<li aria-level=\"1\">Egal, ob Sie ein erfahrener Schnorchler oder Anf\u00e4nger sind, die Orange Bay Schnorchel-Tour ist f\u00fcr alle geeignet, die das Meeresleben hautnah erleben m\u00f6chten.<\/li>\n<\/ul>\n<h3>Mittagessen beim Orange Bay Ausflug<\/h3>\n<p>W\u00e4hrend des Ausflugs und nach dem ersten Schnorchel Gang Ca. 13:00 Uhr wird ein leckeres Mittagessen serviert, das aus regionalen K\u00f6stlichkeiten besteht.<\/p>\n<p>Genie\u00dfen Sie Ihr Essen in der entspannten Atmosph\u00e4re des Bootes und lassen Sie sich von den kulinarischen K\u00f6stlichkeiten verw\u00f6hnen.Tanken Sie neue Energie f\u00fcr weitere Schnorchel Abenteuer.<\/p>\n<h3>R\u00fcckfahrt zum Hafen und Transfer zum Hotel<\/h3>\n<p>Nach einer entspannten Zeit auf der Insel und dem Schnorcheln genie\u00dfen Sie eine tolle Bootsfahrt zur Anlegestelle, von wo aus Sie zur\u00fcck zu Ihrem Hotel gebracht werden.<\/p>\n<p>Nach einem aufregenden Tag auf der Insel bringen wir Sie sicher zur\u00fcck zu Ihrem Hotel, wo Sie die Erinnerungen an diesen unvergesslichen Ausflug Revue passieren lassen k\u00f6nnen.<\/p>\n<h2>Exklusive Orange Bay-Ausflug von Safaga in kleiner Gruppe, Preise:<\/h2>\n<table style=\"border-collapse: collapse;\">\n<tbody>\n<tr>\n<td style=\"text-align: left;\"><span style=\"color: #3366ff;\">Alter des Teilnehmers<\/span><\/td>\n<td style=\"text-align: center;\"><span style=\"color: #3366ff;\">Preis Pro Person<\/span><\/td>\n<\/tr>\n<tr>\n<td style=\"text-align: left;\">Erwachsene:<strong><span style=\"color: #3366ff;\">+11<\/span><\/strong><\/td>\n<td style=\"text-align: center;\"><span style=\"color: #ff0000;\"><del>60<\/del><\/span> <strong><span style=\"color: #3366ff;\">45<\/span><\/strong>\u20ac<\/td>\n<\/tr>\n<tr>\n<td style=\"text-align: left;\">Kind:\u00a0 \u00a0 \u00a0 \u00a0 \u00a0 \u00a0 \u00a0 <span style=\"color: #3366ff;\"><strong>5-11<\/strong><\/span><\/td>\n<td style=\"text-align: center;\"><span style=\"color: #ff0000;\"><del>30<\/del> <strong><span style=\"color: #3366ff;\">25<\/span><\/strong><\/span>\u20ac<\/td>\n<\/tr>\n<tr>\n<td style=\"text-align: left;\">Kleinkind:\u00a0 \u00a0 \u00a0<strong><span style=\"color: #3366ff;\">0-5<\/span><\/strong><\/td>\n<td style=\"text-align: center;\"><strong><span style=\"color: #3366ff;\">Frei<\/span><\/strong><\/td>\n<\/tr>\n<\/tbody>\n<\/table>\n<p><strong>Naturschutzgeb\u00fchr<\/strong>: 5 Euro pro Person an Bord, Alter +5.<\/p>\n<h2>Anmerkungen:<\/h2>\n<ul>\n<li aria-level=\"1\">Alle Extrakosten wie Trinkgelder sind nicht enthalten<\/li>\n<li aria-level=\"1\">Die Reihenfolge kann ggf. durch den Reiseleiter ge\u00e4ndert werden. Programm\u00e4nderungen sind aus technischen oder organisatorischen Gr\u00fcnden vorbehalten.<\/li>\n<\/ul>\n<h2>Mitnehmen:<\/h2>\n<ul>\n<li aria-level=\"1\">Fotoapparat \/ Handy und Ladekabel<\/li>\n<li aria-level=\"1\">Sonnenbrille<\/li>\n<li aria-level=\"1\">Warme Kleidung im Winter<\/li>\n<li aria-level=\"1\">Leichte Kleidung im Sommer<\/li>\n<li aria-level=\"1\">Geld<\/li>\n<\/ul>\n<h2>Zahlungsmodalit\u00e4ten:<\/h2>\n<ul>\n<li aria-level=\"1\">Vor Ort in Bargeld in Euro, US-Dollars, Schweizer Franken. Eine Zahlung per Kreditkarte ist derzeit leider noch nicht m\u00f6glich.<\/li>\n<li aria-level=\"1\">Die Bezahlung erfolgt bei der Abholung vor Ort.<\/li>\n<\/ul>\n<h2>Stornierungsbedingungen:<\/h2>\n<ul>\n<li aria-level=\"1\">Eine kostenlose Stornierung ist bis 24 Stunden vor Reisebeginn m\u00f6glich. Danach erheben wir dann eine Stornierungsgeb\u00fchr in H\u00f6he von 30 % des Reisepreises.<\/li>\n<\/ul>\n<h2>Transferkosten:<\/h2>\n<ul>\n<li aria-level=\"1\">Die Transferkosten sind (Abholung vom Hotel und R\u00fcckfahrt zum Hotel)\u00a0 im Preis enthalten.<\/li>\n<li aria-level=\"1\">F\u00fcr entferntere Hotels und Regionen f\u00e4llt ein kleiner Aufpreis in H\u00f6he von<\/li>\n<li aria-level=\"1\">5,- bis 10,- \u20ac pro Person an.<\/li>\n<li aria-level=\"1\">Transfer Zulage ab die Hotels von El Gouna, Sahl Hasheesh, Makadi Bay, Soma Bay, Safaga und Safaga Hafen<\/li>\n<\/ul>\n<h2>Gerne bieten wir Ihnen weitere Angebote an:<\/h2>\n<ul>\n<li>\n<p class=\"ova-product-title\"><span style=\"color: #0000ff;\"><a style=\"color: #0000ff;\" href=\"https:\/\/aegyptentouren.de\/safaga-ausfluege\/delfinschwimmen-safaga-schnorcheln-ausflug-delfin-tour\/\">Exklusives Delfinschwimmen Safaga | Schnorchel-Ausflug &amp; Delfin Tour in kleiner Gruppe<\/a><\/span><\/p>\n<\/li>\n<li>\n<p class=\"ova-product-title\"><span style=\"color: #0000ff;\"><a style=\"color: #0000ff;\" href=\"https:\/\/aegyptentouren.de\/safaga-ausfluege\/privater-orange-bay-ausflug-mit-speedboot-ab-safaga\/\">Privater Orange Bay Ausflug mit Speedboot ab Safaga<\/a><\/span><\/p>\n<\/li>\n<\/ul>\n<h2>Folgen Sie uns :<\/h2>\n<p><a href=\"https:\/\/www.facebook.com\/aegypten.touren.ausfluege.mit.peter\/\" target=\"_blank\" rel=\"noopener nofollow\"><img decoding=\"async\" data-src=\"https:\/\/aegyptentouren.de\/wp-content\/uploads\/2024\/01\/Peter-Tours-400x300.png\" alt=\"\u00c4gypten Touren &amp; Ausfl\u00fcge mit Peter Tours\" width=\"55\" height=\"41\" src=\"data:image\/svg+xml;base64,PHN2ZyB3aWR0aD0iMSIgaGVpZ2h0PSIxIiB4bWxucz0iaHR0cDovL3d3dy53My5vcmcvMjAwMC9zdmciPjwvc3ZnPg==\" class=\"lazyload\" style=\"--smush-placeholder-width: 55px; --smush-placeholder-aspect-ratio: 55\/41;\" \/><\/a><\/p>\n<p><a href=\"https:\/\/www.pinterest.de\/aegyptentouren\/\" target=\"_blank\" rel=\"noopener nofollow\"><img decoding=\"async\" data-src=\"https:\/\/aegyptentouren.de\/wp-content\/uploads\/2024\/01\/Peter-Tours-1-400x300.png\" alt=\"\u00c4gypten Touren &amp; Ausfl\u00fcge mit ( Peter Tours )\" width=\"56\" height=\"42\" src=\"data:image\/svg+xml;base64,PHN2ZyB3aWR0aD0iMSIgaGVpZ2h0PSIxIiB4bWxucz0iaHR0cDovL3d3dy53My5vcmcvMjAwMC9zdmciPjwvc3ZnPg==\" class=\"lazyload\" style=\"--smush-placeholder-width: 56px; --smush-placeholder-aspect-ratio: 56\/42;\" \/><\/a><\/p>\n<h2>Regeln beim Safaga Schnorchel-Tour<\/h2>\n<h3>Respektieren der Schnorchelbereiche<\/h3>\n<ul>\n<li>Schnorchler sollten die ausgewiesenen Schnorchelbereiche respektieren und keine Riffe oder Korallen ber\u00fchren.- Es ist wichtig, sich bewusst zu sein, dass Schnorcheln in gesch\u00fctzten Meeresgebieten bestimmte Regeln und Vorschriften hat, die eingehalten werden sollten.- Das F\u00fcttern von Fischen oder das Entfernen von Meeresorganismen ist strengstens untersagt.<br \/>\nVerhaltensregeln gegen\u00fcber Tierarten<\/li>\n<li>\u00a0Schnorchler sollten einen sicheren Abstand zu Meerestieren halten und diese nicht st\u00f6ren oder erschrecken.- Es ist wichtig, die Unterwasserumgebung zu sch\u00fctzen und keinen M\u00fcll oder Abfall ins Wasser zu werfen.- Schnorchler sollten keine souvenirs nehmen und die nat\u00fcrliche Sch\u00f6nheit der Meeresumgebung bewahren.<\/li>\n<li>Durch die Einhaltung dieser Regeln und Verhaltensrichtlinien tragen Schnorchler zum Schutz der Meeresumwelt bei und helfen dabei, diese f\u00fcr zuk\u00fcnftige Generationen zu bewahren.<\/li>\n<\/ul>\n<h3>Naturschutz beim Schnorcheln : Schutz der Korallenriffe und Meereslebensr\u00e4ume:<\/h3>\n<ul>\n<li>Schnorchler sollten die ausgewiesenen Schnorchelbereiche respektieren und keine Riffe oder Korallen ber\u00fchren.- Es ist wichtig, sich bewusst zu sein, dass Schnorcheln in gesch\u00fctzten Meeresgebieten bestimmte Regeln und Vorschriften hat, die eingehalten werden sollten.- Das F\u00fcttern von Fischen oder das Entfernen von Meeresorganismen ist strengstens untersagt.<br \/>\nVermeidung von Umweltverschmutzung beim Schnorcheln<\/li>\n<li>Schnorchler sollten einen sicheren Abstand zu Meerestieren halten und diese nicht st\u00f6ren oder erschrecken.- Es ist wichtig, die Unterwasserumgebung zu sch\u00fctzen und keinen M\u00fcll oder Abfall ins Wasser zu werfen.- Schnorchler sollten keine Souvenirs nehmen und die nat\u00fcrliche Sch\u00f6nheit der Meeresumgebung bewahren.<\/li>\n<li>Durch die Einhaltung dieser Regeln und Verhaltensrichtlinien tragen Schnorchler zum Schutz der Meeresumwelt bei und helfen dabei, diese f\u00fcr zuk\u00fcnftige Generationen zu bewahren.<\/li>\n<\/ul>\n","protected":false},"excerpt":{"rendered":"<p>Erfahren Sie einen exklusiven Orange Bay Insel-Ausflug von Safaga &amp; Schnorcheln-Tour in kleiner Gruppe, maximal 15 Personen auf dem Boat. Der Orange Bay Ausflug ist ein top-bewerteter Ausflug ab Safaga und bietet ein unvergessliches Erlebnis f\u00fcr Schnorchel- und Strandliebhaber. Die Orange Bay Insel ist ein kleines Juwel, das mit einem wei\u00dfen Sandstrand und klarem, azurblauem [&hellip;]<\/p>\n","protected":false},"featured_media":20322,"comment_status":"open","ping_status":"closed","template":"","meta":{"_monsterinsights_skip_tracking":false,"_monsterinsights_sitenote_active":false,"_monsterinsights_sitenote_note":"","_monsterinsights_sitenote_category":0},"product_brand":[],"product_cat":[204],"product_tag":[268,234,166],"class_list":{"0":"post-20318","1":"product","2":"type-product","3":"status-publish","4":"has-post-thumbnail","6":"product_cat-safaga-ausfluege","7":"product_tag-aegypten-ausfluege-fuer-die-familien-mit-kindern-en","8":"product_tag-giftun-insel","9":"product_tag-rotes-meer","11":"first","12":"instock","13":"sale","14":"shipping-taxable","15":"purchasable","16":"product-type-ovabrw_car_rental","17":"add-to-wishlist-after_add_to_cart"},"_links":{"self":[{"href":"https:\/\/aegyptentouren.de\/en\/wp-json\/wp\/v2\/product\/20318","targetHints":{"allow":["GET"]}}],"collection":[{"href":"https:\/\/aegyptentouren.de\/en\/wp-json\/wp\/v2\/product"}],"about":[{"href":"https:\/\/aegyptentouren.de\/en\/wp-json\/wp\/v2\/types\/product"}],"replies":[{"embeddable":true,"href":"https:\/\/aegyptentouren.de\/en\/wp-json\/wp\/v2\/comments?post=20318"}],"version-history":[{"count":6,"href":"https:\/\/aegyptentouren.de\/en\/wp-json\/wp\/v2\/product\/20318\/revisions"}],"predecessor-version":[{"id":22232,"href":"https:\/\/aegyptentouren.de\/en\/wp-json\/wp\/v2\/product\/20318\/revisions\/22232"}],"wp:featuredmedia":[{"embeddable":true,"href":"https:\/\/aegyptentouren.de\/en\/wp-json\/wp\/v2\/media\/20322"}],"wp:attachment":[{"href":"https:\/\/aegyptentouren.de\/en\/wp-json\/wp\/v2\/media?parent=20318"}],"wp:term":[{"taxonomy":"product_brand","embeddable":true,"href":"https:\/\/aegyptentouren.de\/en\/wp-json\/wp\/v2\/product_brand?post=20318"},{"taxonomy":"product_cat","embeddable":true,"href":"https:\/\/aegyptentouren.de\/en\/wp-json\/wp\/v2\/product_cat?post=20318"},{"taxonomy":"product_tag","embeddable":true,"href":"https:\/\/aegyptentouren.de\/en\/wp-json\/wp\/v2\/product_tag?post=20318"}],"curies":[{"name":"wp","href":"https:\/\/api.w.org\/{rel}","templated":true}]}}