{"id":20222,"date":"2024-10-27T16:37:06","date_gmt":"2024-10-27T15:37:06","guid":{"rendered":"https:\/\/aegyptentouren.de\/?post_type=product&#038;p=20222"},"modified":"2024-10-27T17:08:27","modified_gmt":"2024-10-27T16:08:27","slug":"quad-tour-soma-bay-privat-quad-fahren","status":"publish","type":"product","link":"https:\/\/aegyptentouren.de\/en\/soma-bay-ausfluege\/quad-tour-soma-bay-privat-quad-fahren\/","title":{"rendered":"Quad Tour Soma Bay Privat"},"content":{"rendered":"<p>Quad Tour Soma Bay Privat | Quad Fahren Soma Bay Privat | Soma Bay W\u00fcstensafari | \u00c4gypten W\u00fcsten Touren<\/p>\n<h2>Warum eine Quad-Tour privat in Soma Bay?<\/h2>\n<p>Eine Quad-Tour privat ab Soma Bay ist ein aufregendes Abenteuer, bei dem Sie mit ihrem eigenen Quad durch die faszinierende Sandw\u00fcste um Soma Bay fahren. Erfahren Sie mit Peter Tours ein Erlebnis nach Ihrem Wunsch, ohne Massentourismus oder Stress von den gro\u00dfen Gruppen und viel Warte durch die Quad-Fahrt. Diese Touren bieten eine besondere M\u00f6glichkeit, die Sch\u00f6nheit der W\u00fcste zu erkunden und einzigartige Erlebnisse zu genie\u00dfen. Mit einem speziellen Reisef\u00fchrer werden Sie sicher durch die W\u00fcste gef\u00fchrt und haben die M\u00f6glichkeit, verschiedene Aktivit\u00e4ten (Kamelreiten und Besuch des Beduinendorfes) zu erleben, die den Ausflug unvergesslich machen.<\/p>\n<h2>Quad-Tour Soma Bay privat ist die beste f\u00fcr Familien mit Kindern.<\/h2>\n<p>Die Quad-Tour in Soma Bay ist ideal f\u00fcr Familien mit Kindern, die nach einem individuellen und aufregenden Erlebnis suchen. Diese private Tour erm\u00f6glicht es Ihnen, die W\u00fcste in Ihrem eigenen Tempo zu erkunden und ein ma\u00dfgeschneidertes Abenteuer zu erleben. Von aufregenden Quadfahrten bis hin zu einem Kamelreiten und einem Besuch zum Beduinendorf \u2013 dieser Ausflug bietet Spa\u00df und unvergessliche Erinnerungen f\u00fcr die ganze Familie.<\/p>\n<ul>\n<li aria-level=\"1\">Online Buchen Vor Ort Bezahlen<\/li>\n<li aria-level=\"1\">Bezahlung Erfolgt bei der Abholung vom Hotel<\/li>\n<li aria-level=\"1\">Abholung von der Lobby ihres Hotel<\/li>\n<li aria-level=\"1\">Kundendienst 24\/7 in der Woche erreichbar.<\/li>\n<\/ul>\n<h2>Programmablauf der Quad Tour Soma Bay privat:<\/h2>\n<h3>Abholung vom Hotel\u00a0 und Fahrt zur Quad Safari Station in der W\u00fcste<\/h3>\n<ul>\n<li>Die Tour beginnt mit der Abholung von Ihrem Hotel. Unser Reiseleiter begleitet Sie in klimatisiertem Fahrzeug, um Sie bequem zur Quad-Safari Station in der W\u00fcste zu bringen.<\/li>\n<\/ul>\n<h3>Ankunft an der Quad-Station und wichtige Erkl\u00e4rung und Informationen<\/h3>\n<ul>\n<li>Bei der Ankunft an der Station erhalten Sie eine kurze Erkl\u00e4rung und Einweisung von Ihrem privaten Reiseleiter, bevor Sie sich auf Ihre Quad-Safari durch die W\u00fcste begeben.<\/li>\n<li>Bevor Sie sich auf Ihre private Quad-Tour begeben, stellen Sie sicher, dass Sie alle Sicherheitshinweise des Reisef\u00fchrers befolgen.<\/li>\n<li>Tragen Sie stets einen Helm und halten Sie sich an die Regeln des Verkehrs.<\/li>\n<li>Sie bekommen immer genug Wasser von unserem erfahrenen Reiseleiter. Es ist ratsam, ausreichend Wasser mitzunehmen, um w\u00e4hrend der Tour hydratisiert zu bleiben.<\/li>\n<li>Durch diese private und sorgf\u00e4ltig geplante Tour erhalten Sie die M\u00f6glichkeit, die Sch\u00f6nheit der W\u00fcste Soma Bays hautnah zu erleben und unvergessliche Abenteuer zu erleben.<\/li>\n<\/ul>\n<h3>Quad fahren durch die W\u00fcste \u2013 Privat:<\/h3>\n<p>W\u00e4hrend der privaten Quad-Tour in Soma Bay haben Sie die M\u00f6glichkeit, eine spannende Quad-Safari in insgesamt 3 Stunden Quadfahren durch die faszinierende W\u00fcste zu erleben. Das Adrenalin wird hoch sein, wenn sie sich auf das Quad schwingen und durch die atemberaubende Landschaft fahren. Von aufregenden Fahrten durch die D\u00fcnen bis hin zu einem unvergesslichen Sonnenuntergang \u2013 diese Tour bietet einzigartige Erlebnisse.<\/p>\n<h3>Besuch des Beduinendorfes und Kamelritt<\/h3>\n<p>Ein weiteres Highlight der privaten Quad-Tour ist der Besuch eines Beduinendorfes. Hier haben Sie die M\u00f6glichkeit, die Lebensart der Beduinen kennenzulernen und in die faszinierende Kultur einzutauchen. Von einem Kamelritt bis hin zu einem Fotostopp auf einer W\u00fcstend\u00fcne \u2013 die Vielfalt der Aktivit\u00e4ten im Beduinendorf macht diesen Stopp zu einem unvergesslichen Ereignis.<\/p>\n<h3>R\u00fcckfahrt zu ihrem Hotel<\/h3>\n<ul>\n<li aria-level=\"1\">An der Quad-Station erwartet Sie ein klimatisiertes Fahrzeug, das Sie zur\u00fcck zu Ihrem Hotel bringt.<\/li>\n<\/ul>\n<h2>Quad Tour Soma Bay privat Preise<\/h2>\n<table>\n<tbody>\n<tr>\n<td><span style=\"color: #3366ff;\"><strong>Alter des Teilnehmers<\/strong><\/span><\/td>\n<td><span style=\"color: #3366ff;\"><strong>Reisetyp<\/strong><\/span><\/td>\n<td><strong><span style=\"color: #3366ff;\">Preis Pro Person<\/span><\/strong><\/td>\n<\/tr>\n<tr>\n<td>Erwachsene:\u00a0 \u00a0 \u00a0 <strong><span style=\"color: #3366ff;\">+ 11<\/span><\/strong><\/td>\n<td>Quad Tour Soma Bay Privat<\/td>\n<td><span style=\"color: #3366ff;\"><strong>49<\/strong><\/span>\u00a0 \u00a0 \u00a0\u00a0 \u20ac p.P.<\/td>\n<\/tr>\n<tr>\n<td>Kind:\u00a0 \u00a0 \u00a0 \u00a0 \u00a0 \u00a0 \u00a0 \u00a0 \u00a0 \u00a0<span style=\"color: #3366ff;\"><strong>3 &#8211; 11<\/strong><\/span><\/td>\n<td>Quad Tour Soma Bay Privat<\/td>\n<td><span style=\"color: #3366ff;\"><strong>25\u00a0<\/strong><\/span>\u00a0 \u00a0 \u00a0 \u20ac p.P.<\/td>\n<\/tr>\n<tr>\n<td>Kleinkind:\u00a0 \u00a0 \u00a0 \u00a0 \u00a0 <span style=\"color: #3366ff;\"><strong>0 &#8211; 2<\/strong><\/span><\/td>\n<td>Quad Tour Soma Bay Privat<\/td>\n<td><span style=\"color: #3366ff;\"><strong>Frei<\/strong><\/span><\/td>\n<\/tr>\n<\/tbody>\n<\/table>\n<h2>Quad-Tour Soma Bay: Kleidung und Tipps<\/h2>\n<ul>\n<li>F\u00fcr eine Quad-Tour in Soma Bay ist es wichtig, die richtige Kleidung zu tragen.<\/li>\n<li>Leichte und bequeme Kleidung (lange Hose), die vor der Sonne und Sand sch\u00fctzt, ist ratsam.<\/li>\n<li>Vergessen Sie nicht, eine Kopfbedeckung, eine Sonnenbrille und Sonnenschutzmittel mitzubringen, um sich vor Sonnenbrand zu sch\u00fctzen.<\/li>\n<li>Festes und bequemes Schuhwerk wird empfohlen, um Ihre F\u00fc\u00dfe vor dem hei\u00dfen W\u00fcstensand zu sch\u00fctzen.<\/li>\n<li>Informieren Sie sich \u00fcber das Wetter in der W\u00fcste und passen Sie Ihre Kleidung entsprechend an.<\/li>\n<\/ul>\n<h2>Anmerkungen:<\/h2>\n<ul>\n<li aria-level=\"1\">Alle Extrakosten wie Trinkgelder sind nicht enthalten<\/li>\n<li aria-level=\"1\">Die Reihenfolge kann ggf. durch den Reiseleiter ge\u00e4ndert werden. Programm\u00e4nderungen sind aus technischen oder organisatorischen Gr\u00fcnden vorbehalten.<\/li>\n<\/ul>\n<h2>Mitnehmen:<\/h2>\n<p>Um Ihre privaten Quad Tour vollst\u00e4ndig genie\u00dfen zu k\u00f6nnen, sollten Sie einige wichtige Dinge mitbringen:<\/p>\n<ul>\n<li>Sonnenbrille &amp;\u00a0Sonnenschutz:\u00a0Da Sie den Gro\u00dfteil des Ausflugs im Freien verbringen, ist es wichtig, Sonnenschutzmittel, eine Sonnenbrille und einen Hut mitzubringen, um sich vor der intensiven Sonneneinstrahlung zu sch\u00fctzen.<\/li>\n<li>Fotoapparat<\/li>\n<li>Geld<\/li>\n<\/ul>\n<h2>Zahlungsmodalit\u00e4ten:<\/h2>\n<ul>\n<li aria-level=\"1\">Vor Ort in Bargeld in Euro, US-Dollars, Schweizer Franken. Eine Zahlung per Kreditkarte ist derzeit leider noch nicht m\u00f6glich.<\/li>\n<li aria-level=\"1\">Die Bezahlung erfolgt bei der Abholung vor Ort.<\/li>\n<\/ul>\n<h2>Stornierungsbedingungen:<\/h2>\n<ul>\n<li aria-level=\"1\">Eine kostenlose Stornierung ist bis 24 Stunden vor Reisebeginn m\u00f6glich. Danach erheben wir dann eine Stornierungsgeb\u00fchr in H\u00f6he von 30 % des Reisepreises.<\/li>\n<\/ul>\n<h2>Transferkosten:<\/h2>\n<ul>\n<li aria-level=\"1\">Die Transferkosten sind (Abholung vom Hotel und R\u00fcckfahrt zum Hotel)\u00a0 im Preis enthalten.<\/li>\n<li aria-level=\"1\">F\u00fcr entferntere Hotels und Regionen f\u00e4llt ein kleiner Aufpreis in H\u00f6he von 5,- bis 10,- \u20ac pro Person an. Transfer Zulage ab die Hotels von El Gouna, Sahl Hasheesh, Makadi Bay, Soma Bay, Safaga und Safaga Hafen<\/li>\n<\/ul>\n<h2>Gerne bieten wir Ihnen weitere Angebote an:<\/h2>\n<ul>\n<li class=\"ova-product-title\"><span style=\"color: #0000ff;\"><a style=\"color: #0000ff;\" href=\"https:\/\/aegyptentouren.de\/soma-bay-ausfluege\/ausflug-tagesausflug-von-soma-bay-nach-luxor-ins-tal-der-konige-mit-mini-bus\/\">Tagesausflug Soma Bay Luxor ins Tal der K\u00f6nige mit Mini-Bus<\/a><\/span><\/li>\n<li class=\"ova-product-title\"><span style=\"color: #0000ff;\"><a style=\"color: #0000ff;\" href=\"https:\/\/aegyptentouren.de\/soma-bay-ausfluege\/delfin-tour-soma-bay-mit-speedboot-privat-schnorcheln-ausflug\/\">Private Delfin Tour Soma Bay mit Speedboot &amp; Schnorcheln Ausflug<\/a><\/span><\/li>\n<li class=\"ova-product-title\"><span style=\"color: #0000ff;\"><a style=\"color: #0000ff;\" href=\"https:\/\/aegyptentouren.de\/soma-bay-ausfluege\/delfinschwimmen-soma-bay-schnorcheln-ausflug-delfin-tour\/\">Exklusives Delfinschwimmen Soma Bay | Schnorchel-Ausflug &amp; Delfin Tour in kleiner Gruppe<\/a><\/span><\/li>\n<\/ul>\n<h2>Folgen Sie uns auf facebook:<\/h2>\n<p><a href=\"https:\/\/www.facebook.com\/aegypten.touren.ausfluege.mit.peter\/\" rel=\"nofollow noopener\" target=\"_blank\"><img decoding=\"async\" data-src=\"https:\/\/aegyptentouren.de\/wp-content\/uploads\/2024\/01\/Peter-Tours-400x300.png\" alt=\"\u00c4gypten Touren &amp; Ausfl\u00fcge mit Peter Tours\" width=\"55\" height=\"41\" src=\"data:image\/svg+xml;base64,PHN2ZyB3aWR0aD0iMSIgaGVpZ2h0PSIxIiB4bWxucz0iaHR0cDovL3d3dy53My5vcmcvMjAwMC9zdmciPjwvc3ZnPg==\" class=\"lazyload\" style=\"--smush-placeholder-width: 55px; --smush-placeholder-aspect-ratio: 55\/41;\" \/><\/a><\/p>\n<p><a href=\"https:\/\/www.pinterest.de\/aegyptentouren\/\" rel=\"nofollow noopener\" target=\"_blank\"><img decoding=\"async\" data-src=\"https:\/\/aegyptentouren.de\/wp-content\/uploads\/2024\/01\/Peter-Tours-1-400x300.png\" alt=\"\u00c4gypten Touren &amp; Ausfl\u00fcge mit ( Peter Tours )\" width=\"56\" height=\"42\" src=\"data:image\/svg+xml;base64,PHN2ZyB3aWR0aD0iMSIgaGVpZ2h0PSIxIiB4bWxucz0iaHR0cDovL3d3dy53My5vcmcvMjAwMC9zdmciPjwvc3ZnPg==\" class=\"lazyload\" style=\"--smush-placeholder-width: 56px; --smush-placeholder-aspect-ratio: 56\/42;\" \/><\/a><\/p>\n","protected":false},"excerpt":{"rendered":"<p>Quad Tour Soma Bay Privat | Quad Fahren Soma Bay Privat | Soma Bay W\u00fcstensafari | \u00c4gypten W\u00fcsten Touren Warum eine Quad-Tour privat in Soma Bay? Eine Quad-Tour privat ab Soma Bay ist ein aufregendes Abenteuer, bei dem Sie mit ihrem eigenen Quad durch die faszinierende Sandw\u00fcste um Soma Bay fahren. Erfahren Sie mit Peter [&hellip;]<\/p>\n","protected":false},"featured_media":20226,"comment_status":"open","ping_status":"closed","template":"","meta":{"_monsterinsights_skip_tracking":false,"_monsterinsights_sitenote_active":false,"_monsterinsights_sitenote_note":"","_monsterinsights_sitenote_category":0},"product_brand":[],"product_cat":[203],"product_tag":[268],"class_list":{"0":"post-20222","1":"product","2":"type-product","3":"status-publish","4":"has-post-thumbnail","6":"product_cat-soma-bay-ausfluege","7":"product_tag-aegypten-ausfluege-fuer-die-familien-mit-kindern-en","9":"first","10":"instock","11":"shipping-taxable","12":"purchasable","13":"product-type-ovabrw_car_rental","14":"add-to-wishlist-after_add_to_cart"},"_links":{"self":[{"href":"https:\/\/aegyptentouren.de\/en\/wp-json\/wp\/v2\/product\/20222","targetHints":{"allow":["GET"]}}],"collection":[{"href":"https:\/\/aegyptentouren.de\/en\/wp-json\/wp\/v2\/product"}],"about":[{"href":"https:\/\/aegyptentouren.de\/en\/wp-json\/wp\/v2\/types\/product"}],"replies":[{"embeddable":true,"href":"https:\/\/aegyptentouren.de\/en\/wp-json\/wp\/v2\/comments?post=20222"}],"version-history":[{"count":4,"href":"https:\/\/aegyptentouren.de\/en\/wp-json\/wp\/v2\/product\/20222\/revisions"}],"predecessor-version":[{"id":20228,"href":"https:\/\/aegyptentouren.de\/en\/wp-json\/wp\/v2\/product\/20222\/revisions\/20228"}],"wp:featuredmedia":[{"embeddable":true,"href":"https:\/\/aegyptentouren.de\/en\/wp-json\/wp\/v2\/media\/20226"}],"wp:attachment":[{"href":"https:\/\/aegyptentouren.de\/en\/wp-json\/wp\/v2\/media?parent=20222"}],"wp:term":[{"taxonomy":"product_brand","embeddable":true,"href":"https:\/\/aegyptentouren.de\/en\/wp-json\/wp\/v2\/product_brand?post=20222"},{"taxonomy":"product_cat","embeddable":true,"href":"https:\/\/aegyptentouren.de\/en\/wp-json\/wp\/v2\/product_cat?post=20222"},{"taxonomy":"product_tag","embeddable":true,"href":"https:\/\/aegyptentouren.de\/en\/wp-json\/wp\/v2\/product_tag?post=20222"}],"curies":[{"name":"wp","href":"https:\/\/api.w.org\/{rel}","templated":true}]}}