{"id":18003,"date":"2025-01-11T10:14:21","date_gmt":"2025-01-11T09:14:21","guid":{"rendered":"https:\/\/aegyptentouren.de\/?post_type=product&#038;p=18003"},"modified":"2025-04-12T06:28:10","modified_gmt":"2025-04-12T04:28:10","slug":"pferde-ausritt-in-hurghada-reiten-am-strand-und-in-der-wueste-privat","status":"publish","type":"product","link":"https:\/\/aegyptentouren.de\/en\/hurghada-ausfluege\/pferde-ausritt-in-hurghada-reiten-am-strand-und-in-der-wueste-privat\/","title":{"rendered":"Pferdeausritt Hurghada : Reiten in Hurghada oder Makadi Bay am Strand und in der W\u00fcste privat"},"content":{"rendered":"<p>Pferdeausritt Hurghada: Reiten am Strand und in der W\u00fcste<\/p>\n<p>Ein absolut unvergessliches Erlebnis ist das Reiten in Hurghada am Strand und in der W\u00fcste mit Pferden. Genie\u00dfen Sie die erfrischenden Fluten des Roten Meeres und erleben Sie die Freiheit, gemeinsam mit diesen majest\u00e4tischen Tieren durch das klare Wasser zu gleiten. Umgeben von der nat\u00fcrlichen Sch\u00f6nheit der K\u00fcste wird dieser Ausritt mit Pferden zu einem unvergesslichen Abenteuer, wo Sie die Sch\u00f6nheit \u00c4gyptens auf eine ganz besondere Weise genie\u00dfen k\u00f6nnen.<\/p>\n<p>Unsere Touren zum Reiten in Hurghada sind ideal f\u00fcr die Abenteurer und Naturliebhaber gleicherma\u00dfen. Erleben Sie die harmonische Verbindung von Strand und W\u00fcste, w\u00e4hrend Sie auf gut trainierten Pferden reiten, die Ihnen ein komfortables und sicheres Reiseerlebnis bieten.<\/p>\n<h2>Pferdeausritt Hurghada: Reiten am Strand und in der W\u00fcste\u00a0 privat, Preise:<\/h2>\n<table style=\"border-collapse: collapse;\">\n<tbody>\n<tr>\n<td style=\"text-align: center;\"><strong><span style=\"color: #3366ff;\">Teilnehmeranzahl<\/span><\/strong><\/td>\n<td style=\"text-align: center;\"><strong><span style=\"color: #3366ff;\">Preis pro Person<\/span><\/strong><\/td>\n<\/tr>\n<tr>\n<td style=\"text-align: center;\"><strong>\u00a0 \u00a0<span style=\"color: #3366ff;\">2<\/span><\/strong><\/td>\n<td style=\"text-align: center;\"><span style=\"color: #ff0000;\"><del>43<\/del><\/span> <span style=\"color: #3366ff;\"><strong>37<\/strong> <\/span>\u20ac<\/td>\n<\/tr>\n<tr>\n<td style=\"text-align: center;\"><strong>\u00a0 \u00a0<span style=\"color: #3366ff;\">3<\/span><\/strong><\/td>\n<td style=\"text-align: center;\"><span style=\"color: #ff0000;\"><del>41<\/del><\/span> <span style=\"color: #3366ff;\"><strong>34<\/strong> <\/span>\u20ac<\/td>\n<\/tr>\n<tr>\n<td style=\"text-align: center;\"><strong>\u00a0 \u00a0<span style=\"color: #3366ff;\">4<\/span><\/strong><\/td>\n<td style=\"text-align: center;\"><span style=\"color: #ff0000;\"><del>37<\/del><\/span> <span style=\"color: #3366ff;\"><strong>30<\/strong> <\/span>\u20ac<\/td>\n<\/tr>\n<tr>\n<td style=\"text-align: center;\"><strong>\u00a0 \u00a0<span style=\"color: #3366ff;\">5<\/span><\/strong><\/td>\n<td style=\"text-align: center;\"><span style=\"color: #ff0000;\"><del>35<\/del><\/span>\u00a0<strong><span style=\"color: #3366ff;\">28 <\/span><\/strong>\u20ac<\/td>\n<\/tr>\n<tr>\n<td style=\"text-align: center;\"><strong>\u00a0 \u00a0<span style=\"color: #3366ff;\">6<\/span><\/strong><\/td>\n<td style=\"text-align: center;\"><span style=\"color: #ff0000;\"><del>33<\/del><\/span>\u00a0<span style=\"color: #3366ff;\"><strong>26<\/strong> <\/span>\u20ac<\/td>\n<\/tr>\n<tr>\n<td style=\"text-align: center;\"><strong>\u00a0 \u00a0<span style=\"color: #3366ff;\">7<\/span><\/strong><\/td>\n<td style=\"text-align: center;\"><span style=\"color: #ff0000;\"><del>32<\/del><\/span> <span style=\"color: #3366ff;\"><strong>25<\/strong> <\/span>\u20ac<\/td>\n<\/tr>\n<tr>\n<td style=\"text-align: center;\"><strong>\u00a0 \u00a0<span style=\"color: #3366ff;\">8<\/span><\/strong><\/td>\n<td style=\"text-align: center;\"><span style=\"color: #ff0000;\"><del>31<\/del><\/span>\u00a0<span style=\"color: #3366ff;\"><strong>24<\/strong> <\/span>\u20ac<\/td>\n<\/tr>\n<\/tbody>\n<\/table>\n<h3>Kinder Preise:<\/h3>\n<table style=\"border-collapse: collapse;\">\n<tbody>\n<tr>\n<td><span style=\"color: #3366ff;\"><strong>Mit\/Ohne Pferd<\/strong><\/span><\/td>\n<td><strong><span style=\"color: #3366ff;\">Preis pro Kind<\/span><\/strong><\/td>\n<\/tr>\n<tr>\n<td>Privates Pferd<\/td>\n<td>Gleiche Preise wie Erwachsene<\/td>\n<\/tr>\n<tr>\n<td>Ohne Pferd<\/td>\n<td>Frei<\/td>\n<\/tr>\n<\/tbody>\n<\/table>\n<p><strong>Anmerkung:<\/strong><\/p>\n<p>Pferde-Reiten in Makadi Bay ab Hurghada kostet von 10-15 \u20ac Extra pro Person<\/p>\n<ul>\n<li aria-level=\"1\">Online buchen und vor Ort bezahlen<\/li>\n<li aria-level=\"1\">Bezahlung erfolgt bei der Abholung vom Hotel.<\/li>\n<li aria-level=\"1\">Abholung von der Lobby Ihres Hotels<\/li>\n<li aria-level=\"1\">Kundendienst 24\/7 in der Woche erreichbar.<\/li>\n<\/ul>\n<h2>Reiten in Hurghada , Programmablauf:<\/h2>\n<h3>Abholung und Transfer zum Pferdestall<\/h3>\n<ul>\n<li>Peter Tours bietet einen komfortablen Abholservice direkt von Ihrem Hotel an, mit modernen und klimatisierten Fahrzeugen. Unser Reiseleiter begleitet Sie auf der Fahrt zum Pferdestall, sodass Sie entspannt und stressfrei Ihre Tour beginnen k\u00f6nnen.<\/li>\n<li>Bitte geben Sie bei der Buchung Ihre Hotelinformationen an, um genaue Informationen \u00fcber Ihre Abholzeit zu erhalten.<\/li>\n<\/ul>\n<div>\n<div>\n<div>\n<div>\n<h3>Ankunft am Pferdestall und wichtige Erkl\u00e4rungen und Informationen<\/h3>\n<\/div>\n<\/div>\n<\/div>\n<\/div>\n<div>\n<div>\n<div>\n<div dir=\"auto\" data-message-author-role=\"assistant\" data-message-id=\"3672929e-44cd-4aed-be74-8659a143211f\">\n<div>\n<div>\n<ul>\n<li>Bei der Ankunft am Pferdestall erhalten Sie eine kurze Einf\u00fchrung und Einweisung von Ihrem privaten Reiseleiter, bevor Sie sich auf Ihre Reittour entlang des Strandes und durch die W\u00fcste begeben.<\/li>\n<li>Bevor Sie mit Ihrem privaten Reiten in Hurghada beginnen, stellen Sie sicher, dass Sie alle Sicherheitshinweise des Guides befolgen. Tragen Sie stets einen Helm und halten Sie sich an die Anweisungen Ihres Guides.<\/li>\n<li>Unser erfahrener Reiseleiter sorgt daf\u00fcr, dass Sie immer genug Wasser zur Verf\u00fcgung haben. Es ist ratsam, ausreichend Wasser mitzunehmen, um w\u00e4hrend der Tour hydratisiert zu bleiben.<\/li>\n<li>Durch diese private und sorgf\u00e4ltig geplante Tour haben Sie die M\u00f6glichkeit, die Sch\u00f6nheit der Str\u00e4nde und der W\u00fcste Hurghadas hautnah zu erleben und unvergessliche Abenteuer zu genie\u00dfen.<\/li>\n<\/ul>\n<\/div>\n<\/div>\n<\/div>\n<\/div>\n<\/div>\n<\/div>\n<h3>Reiten am Strand in Hurghada , eine Stunde:<\/h3>\n<p>Nach der Vorbereitung starten wir mit dem Strandreiten entlang der K\u00fcste von Hurghada. Genie\u00dfen Sie die frische Meeresbrise und die malerischen Ausblicke auf das Rote Meer, w\u00e4hrend Sie mit unseren freundlichen Pferden entlang des Strandes galoppieren oder gem\u00fctlich traben.<\/p>\n<p><a href=\"https:\/\/aegyptentouren.de\/wp-content\/uploads\/2024\/07\/Pferdeausritt-Hurghada-Reiten-am-Strand-und-in-der-Wueste-2.jpg\"><img fetchpriority=\"high\" decoding=\"async\" src=\"https:\/\/aegyptentouren.de\/wp-content\/uploads\/2024\/07\/Pferdeausritt-Hurghada-Reiten-am-Strand-und-in-der-Wueste-2-1300x800.jpg\" alt=\"Hurghada Reiten am Strand\" width=\"437\" height=\"269\" \/><\/a><\/p>\n<h3>Reiten in der W\u00fcste in Hurghada eine Stunde:<\/h3>\n<p>Entdecken Sie die atemberaubende W\u00fcstenlandschaft von Hurghada oder bei dem Ausritt auf dem Pferd. Genie\u00dfen Sie die Reise durch die majest\u00e4tischen Sandd\u00fcnen, die Ihnen ein unvergessliches Erlebnis bieten. Sp\u00fcren Sie die Freiheit und die Ruhe der W\u00fcste, w\u00e4hrend Sie auf einem gut ausgebildeten arabischen Pferd reiten und die beeindruckende Landschaft bewundern.<\/p>\n<h3>R\u00fcckfahrt zu Ihrem Hotel<\/h3>\n<ul>\n<li>Am Pferdestall nach der Pause erwartet Sie ein klimatisiertes Fahrzeug, das Sie zur\u00fcck zu Ihrem Hotel bringt.<\/li>\n<\/ul>\n<p>Pferdeausritt Hurghada sind f\u00fcr alle Erfahrungslevel geeignet, von Anf\u00e4ngern bis zu erfahrenen Reitern, und bieten eine einzigartige Gelegenheit, die nat\u00fcrliche Sch\u00f6nheit \u00c4gyptens zu erkunden. Mit Begleitung von unseren erfahrenen Guides, die Ihnen ein sicheres Erlebnis garantieren.<\/p>\n<h2>Anmerkungen:<\/h2>\n<ul>\n<li>Alle Extrakosten wie Trinkgelder sind nicht enthalten.<\/li>\n<li>Die Reihenfolge kann ggf. durch den Reiseleiter ge\u00e4ndert werden. Programm\u00e4nderungen sind aus technischen oder organisatorischen Gr\u00fcnden vorbehalten.<\/li>\n<\/ul>\n<h2>Mitnehmen:<\/h2>\n<p>Um Ihren Reiten in Hurghada oder Makai Bay vollst\u00e4ndig genie\u00dfen zu k\u00f6nnen, sollten Sie einige wichtige Dinge mitbringen:<\/p>\n<ul>\n<li>Sonnenbrille &amp;\u00a0Sonnenschutz:\u00a0Da Sie den Gro\u00dfteil des Ausflugs im Freien verbringen, ist es wichtig, Sonnenschutzmittel, eine Sonnenbrille und einen Hut mitzubringen, um sich vor der intensiven Sonneneinstrahlung zu sch\u00fctzen.<\/li>\n<li>Fotoapparat<\/li>\n<li>Geld<\/li>\n<\/ul>\n<h2>Zahlungsmodalit\u00e4ten:<\/h2>\n<ul>\n<li>Vor Ort in Bargeld in Euro, US-Dollars, Schweizer Franken. Eine Zahlung per Kreditkarte ist derzeit leider noch nicht m\u00f6glich.<\/li>\n<li>Die Bezahlung erfolgt bei der Abholung vor Ort.<\/li>\n<\/ul>\n<h2>Stornierungsbedingungen:<\/h2>\n<p>Eine kostenlose Stornierung ist bis 24 Stunden vor Reisebeginn m\u00f6glich. Danach erheben wir dann eine Stornierungsgeb\u00fchr in H\u00f6he von 30 % des Reisepreises.<\/p>\n<p>Transferkosten:<\/p>\n<ul>\n<li>Die Transferkosten sind (Abholung vom Hotel und R\u00fcckfahrt zum Hotel) im Preis enthalten.<\/li>\n<li>F\u00fcr entferntere Hotels und Regionen f\u00e4llt ein kleiner Aufpreis in H\u00f6he von 5,- bis 10,- \u20ac pro Person an.<\/li>\n<\/ul>\n<h2>Gerne bieten wir Ihnen weitere Angebote an:<\/h2>\n<ul>\n<li><\/li>\n<\/ul>\n<h2>Folgen Sie uns auf Facebook:<\/h2>\n<p><a href=\"https:\/\/www.facebook.com\/aegypten.touren.ausfluege.mit.peter\/\" rel=\"nofollow noopener\" target=\"_blank\"><img decoding=\"async\" data-src=\"https:\/\/aegyptentouren.de\/wp-content\/uploads\/2024\/01\/Peter-Tours-400x300.png\" alt=\"\u00c4gypten Touren &amp; Ausfl\u00fcge mit Peter Tours\" width=\"55\" height=\"41\" src=\"data:image\/svg+xml;base64,PHN2ZyB3aWR0aD0iMSIgaGVpZ2h0PSIxIiB4bWxucz0iaHR0cDovL3d3dy53My5vcmcvMjAwMC9zdmciPjwvc3ZnPg==\" class=\"lazyload\" style=\"--smush-placeholder-width: 55px; --smush-placeholder-aspect-ratio: 55\/41;\" \/><\/a><\/p>\n<p><a href=\"https:\/\/www.pinterest.de\/aegyptentouren\/\" rel=\"nofollow noopener\" target=\"_blank\"><img decoding=\"async\" data-src=\"https:\/\/aegyptentouren.de\/wp-content\/uploads\/2024\/01\/Peter-Tours-1-400x300.png\" alt=\"\u00c4gypten Touren &amp; Ausfl\u00fcge mit ( Peter Tours )\" width=\"56\" height=\"42\" src=\"data:image\/svg+xml;base64,PHN2ZyB3aWR0aD0iMSIgaGVpZ2h0PSIxIiB4bWxucz0iaHR0cDovL3d3dy53My5vcmcvMjAwMC9zdmciPjwvc3ZnPg==\" class=\"lazyload\" style=\"--smush-placeholder-width: 56px; --smush-placeholder-aspect-ratio: 56\/42;\" \/><\/a><\/p>\n<p>&nbsp;<\/p>\n","protected":false},"excerpt":{"rendered":"<p>Pferdeausritt Hurghada: Reiten am Strand und in der W\u00fcste Ein absolut unvergessliches Erlebnis ist das Reiten in Hurghada am Strand und in der W\u00fcste mit Pferden. Genie\u00dfen Sie die erfrischenden Fluten des Roten Meeres und erleben Sie die Freiheit, gemeinsam mit diesen majest\u00e4tischen Tieren durch das klare Wasser zu gleiten. Umgeben von der nat\u00fcrlichen Sch\u00f6nheit [&hellip;]<\/p>\n","protected":false},"featured_media":19860,"comment_status":"open","ping_status":"closed","template":"","meta":{"_monsterinsights_skip_tracking":false,"_monsterinsights_sitenote_active":false,"_monsterinsights_sitenote_note":"","_monsterinsights_sitenote_category":0},"product_brand":[],"product_cat":[199,210],"product_tag":[229,166],"class_list":{"0":"post-18003","1":"product","2":"type-product","3":"status-publish","4":"has-post-thumbnail","6":"product_cat-hurghada-ausfluege","7":"product_cat-aegypten-wuestensafari-ausfluege","8":"product_tag-aegypten-ausfluege-fuer-die-familien-mit-kindern","9":"product_tag-rotes-meer","11":"first","12":"instock","13":"sale","14":"shipping-taxable","15":"purchasable","16":"product-type-ovabrw_car_rental","17":"add-to-wishlist-after_add_to_cart"},"_links":{"self":[{"href":"https:\/\/aegyptentouren.de\/en\/wp-json\/wp\/v2\/product\/18003","targetHints":{"allow":["GET"]}}],"collection":[{"href":"https:\/\/aegyptentouren.de\/en\/wp-json\/wp\/v2\/product"}],"about":[{"href":"https:\/\/aegyptentouren.de\/en\/wp-json\/wp\/v2\/types\/product"}],"replies":[{"embeddable":true,"href":"https:\/\/aegyptentouren.de\/en\/wp-json\/wp\/v2\/comments?post=18003"}],"version-history":[{"count":14,"href":"https:\/\/aegyptentouren.de\/en\/wp-json\/wp\/v2\/product\/18003\/revisions"}],"predecessor-version":[{"id":21680,"href":"https:\/\/aegyptentouren.de\/en\/wp-json\/wp\/v2\/product\/18003\/revisions\/21680"}],"wp:featuredmedia":[{"embeddable":true,"href":"https:\/\/aegyptentouren.de\/en\/wp-json\/wp\/v2\/media\/19860"}],"wp:attachment":[{"href":"https:\/\/aegyptentouren.de\/en\/wp-json\/wp\/v2\/media?parent=18003"}],"wp:term":[{"taxonomy":"product_brand","embeddable":true,"href":"https:\/\/aegyptentouren.de\/en\/wp-json\/wp\/v2\/product_brand?post=18003"},{"taxonomy":"product_cat","embeddable":true,"href":"https:\/\/aegyptentouren.de\/en\/wp-json\/wp\/v2\/product_cat?post=18003"},{"taxonomy":"product_tag","embeddable":true,"href":"https:\/\/aegyptentouren.de\/en\/wp-json\/wp\/v2\/product_tag?post=18003"}],"curies":[{"name":"wp","href":"https:\/\/api.w.org\/{rel}","templated":true}]}}