{"id":17998,"date":"2025-01-09T10:27:54","date_gmt":"2025-01-09T09:27:54","guid":{"rendered":"https:\/\/aegyptentouren.de\/?post_type=product&#038;p=17998"},"modified":"2026-04-09T08:36:32","modified_gmt":"2026-04-09T06:36:32","slug":"sharm-el-naga-schnorcheln-riff-ausflug-ab-hurghada-privat","status":"publish","type":"product","link":"https:\/\/aegyptentouren.de\/en\/hurghada-ausfluege\/sharm-el-naga-schnorcheln-riff-ausflug-ab-hurghada-privat\/","title":{"rendered":"Sharm El Naga schnorcheln | Riff-Ausflug ab Hurghada privat und in kleiner Gruppe"},"content":{"rendered":"<p>Sharm El Naga schnorcheln | Riff-Ausflug ab Hurghada privat<\/p>\n<p>Sharm El Naga Schnorcheln bietet ein unvergessliches Erlebnis, um die Sch\u00f6nheit des Sharm El Naga Naturschutzgebiets zu entdecken. Mit dem Minibus gelangen Sie zu einer einzigartigen Bucht mit einem nat\u00fcrlichen Sandstrand, wo Sie die Sonne genie\u00dfen, schnorcheln und baden k\u00f6nnen. Erfahren Sie dieses Abenteuer mit Peter Tours und genie\u00dfen Sie ein unvergessliches Erlebnis. Ein H\u00f6hepunkt dieses Ausflugs ist das Erkunden des Unterwasserschutzgebiets von Sharm El Naga mit seinen herrlichen Korallenriff, bunten Fischen und exotischen Meerestieren. Diese farbenfrohe Welt l\u00e4dt zum Staunen und Entspannen ein.<\/p>\n<p>Der Bereich ist ideal f\u00fcr Naturliebhaber und diejenigen, die die Sch\u00f6nheit der Unterwasserwelt erkunden m\u00f6chten, ohne weit in offene Gew\u00e4sser fahren zu m\u00fcssen. Viele Besucher sch\u00e4tzen die relative Ruhe und die M\u00f6glichkeit, in einer gesch\u00fctzten Umgebung zu schnorcheln.<\/p>\n<ul>\n<li aria-level=\"1\">Online buchen und vor Ort bezahlen<\/li>\n<li aria-level=\"1\">Bezahlung erfolgt bei der Abholung vom Hotel.<\/li>\n<li aria-level=\"1\">Abholung von der Lobby Ihres Hotels.<\/li>\n<li aria-level=\"1\">Kundendienst 24\/7 in der Woche erreichbar.<\/li>\n<\/ul>\n<h2>Sharm El Naga Naturschutzgebiet<\/h2>\n<p>Das Sharm El Naga Naturschutzgebiet und Riff liegt an der \u00e4gyptischen K\u00fcste am Roten Meer, etwa 40 Kilometer s\u00fcdlich von Hurghada. Es ist bekannt f\u00fcr seine reiche Unterwasserwelt und ist ein beliebtes Ziel f\u00fcr Schnorchler und Taucher. Das Naturschutzgebiet umfasst einen gesch\u00fctzten Strandbereich und eine Vielzahl von Meereslebewesen wie bunte Korallen, Fische und manchmal Meeresschildkr\u00f6ten.<\/p>\n<h2>Sharm El Naga Schnorchel-Ausflug &#8211; Preise :<\/h2>\n<table style=\"border-collapse: collapse;\">\n<tbody>\n<tr>\n<td style=\"text-align: center;\"><strong><span style=\"color: #3366ff;\">Teilnehmeranzahl<\/span><\/strong><\/td>\n<td style=\"text-align: center;\"><strong><span style=\"color: #3366ff;\">Preis pro Person<\/span><\/strong><\/td>\n<\/tr>\n<tr>\n<td style=\"text-align: center;\">\u00a0 \u00a0<span style=\"color: #3366ff;\">2<\/span><\/td>\n<td style=\"text-align: center;\"><span style=\"color: #ff0000;\"><del>55<\/del><\/span>\u00a0<span style=\"color: #3366ff;\">50 <\/span>\u20ac<\/td>\n<\/tr>\n<tr>\n<td style=\"text-align: center;\">\u00a0 \u00a0<span style=\"color: #3366ff;\">3<\/span><\/td>\n<td style=\"text-align: center;\"><span style=\"color: #ff0000;\"><del>55<\/del><\/span> <span style=\"color: #3366ff;\">50 <\/span>\u20ac<\/td>\n<\/tr>\n<tr>\n<td style=\"text-align: center;\">\u00a0 \u00a0<span style=\"color: #3366ff;\">4<\/span><\/td>\n<td style=\"text-align: center;\"><span style=\"color: #ff0000;\"><del>52<\/del><\/span> <span style=\"color: #3366ff;\">47 <\/span>\u20ac<\/td>\n<\/tr>\n<tr>\n<td style=\"text-align: center;\">\u00a0 \u00a0<span style=\"color: #3366ff;\">5<\/span><\/td>\n<td style=\"text-align: center;\"><span style=\"color: #ff0000;\"><del>49<\/del><\/span> <span style=\"color: #3366ff;\">44 <\/span>\u20ac<\/td>\n<\/tr>\n<tr>\n<td style=\"text-align: center;\">\u00a0 \u00a0<span style=\"color: #3366ff;\">6<\/span><\/td>\n<td style=\"text-align: center;\"><span style=\"color: #ff0000;\"><del>46<\/del><\/span> <span style=\"color: #3366ff;\">41 <\/span>\u20ac<\/td>\n<\/tr>\n<tr>\n<td style=\"text-align: center;\">\u00a0 \u00a0<span style=\"color: #3366ff;\">7<\/span><\/td>\n<td style=\"text-align: center;\"><span style=\"color: #ff0000;\"><del>43<\/del><\/span> <span style=\"color: #3366ff;\">38 <\/span>\u20ac<\/td>\n<\/tr>\n<tr>\n<td style=\"text-align: center;\">\u00a0 \u00a0<span style=\"color: #3366ff;\">8<\/span><\/td>\n<td style=\"text-align: center;\"><span style=\"color: #ff0000;\"><del>40<\/del><\/span> <span style=\"color: #3366ff;\">35 <\/span>\u20ac<\/td>\n<\/tr>\n<\/tbody>\n<\/table>\n<h3>Sharm El Naga Ausflug in Kleiner Gruppe: Kontaktieren Sie uns per WhatsApp<\/h3>\n<table style=\"border-collapse: collapse;\">\n<tbody>\n<tr>\n<td><strong><span style=\"color: #3366ff;\">Die Teilnehmer<\/span><\/strong><\/td>\n<td><strong><span style=\"color: #3366ff;\">Fahrzeug<\/span><\/strong><\/td>\n<td><strong><span style=\"color: #3366ff;\">Preis pro Person<\/span><\/strong><\/td>\n<\/tr>\n<tr>\n<td>\u00a0 \u00a0<span style=\"color: #3366ff;\">6-8<\/span> Personen<\/td>\n<td>Mini-Bus<\/td>\n<td><span style=\"color: #3366ff;\">43 <\/span>\u20ac<\/td>\n<\/tr>\n<\/tbody>\n<\/table>\n<h3>Kinder Preise<\/h3>\n<table style=\"border-collapse: collapse;\">\n<tbody>\n<tr>\n<td><strong><span style=\"color: #3366ff;\">Alter des Teilnehmers<\/span><\/strong><\/td>\n<td style=\"text-align: center;\"><strong><span style=\"color: #3366ff;\">Preis Pro Person<\/span><\/strong><\/td>\n<\/tr>\n<tr>\n<td>Kind:\u00a0 \u00a0 \u00a0 \u00a0 \u00a0 <span style=\"color: #3366ff;\">5-11\u00a0<\/span><\/td>\n<td style=\"text-align: center;\"><span style=\"color: #3366ff;\">25<\/span>\u00a0\u20ac<\/td>\n<\/tr>\n<tr>\n<td>Kleinkind:<span style=\"color: #3366ff;\"> 0-5<\/span><\/td>\n<td style=\"text-align: center;\"><span style=\"color: #3366ff;\">Frei<\/span><\/td>\n<\/tr>\n<\/tbody>\n<\/table>\n<h2>Sharm El Naga schnorcheln | Riff-Ausflug ab Hurghada,\u00a0 Programmablauf:<\/h2>\n<h3>Abholung vom Hotel in Hurghada:<\/h3>\n<p>Der Ausflug zu dem Naturschutzgebiet von Sharm El Naga beginnt fr\u00fch am Morgen bei Sonnenaufgang, etwa um 7 Uhr.<\/p>\n<p>Unser erfahrener Reiseleiter holt Sie mit modernen, klimatisierten Fahrzeugen von Ihrem Hotel ab. W\u00e4hrend der Fahrt gibt der Guide Ihnen alle wichtigen Informationen \u00fcber das Rote Meer, die Unterwasserwelt, den Ablauf des Ausflugs und das Schnorcheln in der Sharm El Naga-Bucht und steht Ihnen f\u00fcr alle Fragen zur Verf\u00fcgung.<\/p>\n<h3>Die Entfernung zwischen Hurghada und Sharm El Naga :<\/h3>\n<p>Die Entfernung zwischen Hurghada und Sharm El Naga-Bucht betr\u00e4gt etwa 40 km, und die Fahrt dauert ungef\u00e4hr 45 Minuten mit PKW oder Mini-Bus<\/p>\n<h2>Ganzt\u00e4giger Ausflug: Schnorcheln und Entspannung<\/h2>\n<h3>Sharm El Naga Schnorcheln :<\/h3>\n<ul>\n<li>Beim Schnorcheln an den Korallenriffen vom Sharm El Naga-Strand er\u00f6ffnet sich Ihnen eine faszinierende Welt voller Leben und Farben. Die Korallenriffe beherbergen eine Vielzahl von Meeresbewohnern, darunter bunte Fische, Muscheln und andere interessante Kreaturen. Die kristallklaren Gew\u00e4sser und intakten Korallenriffe der Sharm El Naga-Bucht bieten eine beeindruckende Vielfalt an Meeresbewohnern. Genie\u00dfen Sie die Sch\u00f6nheit der Unterwasserwelt und erleben Sie dieses Naturparadies hautnah.<\/li>\n<li>Die erfahrenen Guides von Peter Tours begleiten Sie und sorgen f\u00fcr Ihre Sicherheit w\u00e4hrend des Schnorchelns. Sie werden erstaunt sein von der Vielfalt der farbenfrohen Korallenriffe und der bunten Fische, die das Rote Meer beherbergt. Sie erhalten die Schnorchel-Ausr\u00fcstungen (Maske, Flossen und Schwimmweste) direkt am Strand von Sharm El Naga.<\/li>\n<\/ul>\n<h3>Entspannung am Strand:<\/h3>\n<ul>\n<li>Neben dem Schnorcheln bietet die Abu Dabbab-Bucht auch die M\u00f6glichkeit, sich am Strand zu entspannen und die idyllische Umgebung zu genie\u00dfen. Nehmen Sie sich Zeit, um zu entspannen und die Sch\u00f6nheit der Natur zu genie\u00dfen.<\/li>\n<\/ul>\n<h3>Mittagessen im Restaurant am Strand von Sharam El Naga<\/h3>\n<ul>\n<li>Genie\u00dfen Sie um ca. 13:00 Uhr ein herzhaftes \u00e4gyptisches Mittagessen im Restaurant am Strand der Sharm El Naga-Bucht genie\u00dfen.<\/li>\n<li>Nach dem Mittagessen haben Sie genug zeit zum Schnorcheln. Im klaren, blauen Wasser des Roten Meeres haben Sie die M\u00f6glichkeit, wieder ins Wasser zu gehen, faszinierende Meeresbewohner und farbenfrohe Korallenriffe zu erkunden und die Sch\u00f6nheit der Natur zu genie\u00dfen.<\/li>\n<\/ul>\n<h3>R\u00fcckfahrt nach Hurghada:<\/h3>\n<ul>\n<li>Nach einem aufregenden Tag voller Schnorchel-Abenteuer kehren wir zu Ihrem Hotel in Hurghada zur\u00fcck. Die Ankunft in Hurghada ist gegen 17:00 Uhr geplant.<\/li>\n<\/ul>\n<h2>Anmerkungen:<\/h2>\n<ul>\n<li aria-level=\"1\">Alle Extrakosten wie Trinkgelder sind nicht enthalten<\/li>\n<li aria-level=\"1\">Die Reihenfolge kann ggf. durch den Reiseleiter ge\u00e4ndert werden. Programm\u00e4nderungen sind aus technischen oder organisatorischen Gr\u00fcnden vorbehalten.<\/li>\n<\/ul>\n<h2>Mitnehmen f\u00fcr Sharm El Naga Riff-Ausflug ab Hurghada:<\/h2>\n<p>Um Ihren Sharm El Naga Ausflug ab Hurghada vollst\u00e4ndig genie\u00dfen zu k\u00f6nnen, sollten Sie einige wichtige Dinge mitbringen:<\/p>\n<ul>\n<li>Sonnenbrille &amp;\u00a0Sonnenschutz:\u00a0Da Sie den Gro\u00dfteil des Ausflugs im Freien verbringen, ist es wichtig, Sonnenschutzmittel, eine Sonnenbrille und einen Hut mitzubringen, um sich vor der intensiven Sonneneinstrahlung zu sch\u00fctzen.<\/li>\n<li>Badebekleidung &amp; Handt\u00fccher: Vergewissern Sie sich, dass Sie Ihre Badebekleidung und Handt\u00fccher mitbringen, da Sie die M\u00f6glichkeit haben werden, am Strand von Sharm El Naga zu entspannen und im klaren Wasser zu schwimmen.<\/li>\n<li>Fotoapparat<\/li>\n<li>Geld<\/li>\n<\/ul>\n<h2>Zahlungsmodalit\u00e4ten:<\/h2>\n<ul>\n<li aria-level=\"1\">Vor Ort in Bargeld in Euro, US-Dollars, Schweizer Franken. Eine Zahlung per Kreditkarte ist derzeit leider noch nicht m\u00f6glich.<\/li>\n<li aria-level=\"1\">Die Bezahlung erfolgt bei der Abholung vor Ort.<\/li>\n<\/ul>\n<h2>Stornierungsbedingungen:<\/h2>\n<ul>\n<li aria-level=\"1\">Eine kostenlose Stornierung ist bis 24 Stunden vor Reisebeginn m\u00f6glich. Danach erheben wir dann eine Stornierungsgeb\u00fchr in H\u00f6he von 30 % des Reisepreises.<\/li>\n<\/ul>\n<h2>Transferkosten:<\/h2>\n<ul>\n<li aria-level=\"1\">Die Transferkosten sind (Abholung vom Hotel und R\u00fcckfahrt zum Hotel)\u00a0 im Preis enthalten.<\/li>\n<li aria-level=\"1\">F\u00fcr entferntere Hotels und Regionen f\u00e4llt ein kleiner Aufpreis in H\u00f6he von 5,- bis 10,- \u20ac pro Person an.<\/li>\n<li aria-level=\"1\">Transfer Zulage ab die Hotels von El Gouna<\/li>\n<\/ul>\n<h2>Gerne bieten wir Ihnen weitere Angebote an:<\/h2>\n<ul>\n<li><\/li>\n<\/ul>\n<h2>Folgen Sie uns auf Facebook:<\/h2>\n<p><a href=\"https:\/\/www.facebook.com\/aegypten.touren.ausfluege.mit.peter\/\" rel=\"nofollow noopener\" target=\"_blank\"><img decoding=\"async\" data-src=\"https:\/\/aegyptentouren.de\/wp-content\/uploads\/2024\/01\/Peter-Tours-400x300.png\" alt=\"\u00c4gypten Touren &amp; Ausfl\u00fcge mit Peter Tours\" width=\"55\" height=\"41\" src=\"data:image\/svg+xml;base64,PHN2ZyB3aWR0aD0iMSIgaGVpZ2h0PSIxIiB4bWxucz0iaHR0cDovL3d3dy53My5vcmcvMjAwMC9zdmciPjwvc3ZnPg==\" class=\"lazyload\" style=\"--smush-placeholder-width: 55px; --smush-placeholder-aspect-ratio: 55\/41;\" \/><\/a><\/p>\n<p><a href=\"https:\/\/www.pinterest.de\/aegyptentouren\/\" rel=\"nofollow noopener\" target=\"_blank\"><img decoding=\"async\" data-src=\"https:\/\/aegyptentouren.de\/wp-content\/uploads\/2024\/01\/Peter-Tours-1-400x300.png\" alt=\"\u00c4gypten Touren &amp; Ausfl\u00fcge mit ( Peter Tours )\" width=\"56\" height=\"42\" src=\"data:image\/svg+xml;base64,PHN2ZyB3aWR0aD0iMSIgaGVpZ2h0PSIxIiB4bWxucz0iaHR0cDovL3d3dy53My5vcmcvMjAwMC9zdmciPjwvc3ZnPg==\" class=\"lazyload\" style=\"--smush-placeholder-width: 56px; --smush-placeholder-aspect-ratio: 56\/42;\" \/><\/a><\/p>\n<p>&nbsp;<\/p>\n<p>&nbsp;<\/p>\n","protected":false},"excerpt":{"rendered":"<p>Sharm El Naga schnorcheln | Riff-Ausflug ab Hurghada privat Sharm El Naga Schnorcheln bietet ein unvergessliches Erlebnis, um die Sch\u00f6nheit des Sharm El Naga Naturschutzgebiets zu entdecken. Mit dem Minibus gelangen Sie zu einer einzigartigen Bucht mit einem nat\u00fcrlichen Sandstrand, wo Sie die Sonne genie\u00dfen, schnorcheln und baden k\u00f6nnen. Erfahren Sie dieses Abenteuer mit Peter [&hellip;]<\/p>\n","protected":false},"featured_media":19856,"comment_status":"open","ping_status":"closed","template":"","meta":{"_monsterinsights_skip_tracking":false,"_monsterinsights_sitenote_active":false,"_monsterinsights_sitenote_note":"","_monsterinsights_sitenote_category":0},"product_brand":[],"product_cat":[199,15],"product_tag":[229,166],"class_list":{"0":"post-17998","1":"product","2":"type-product","3":"status-publish","4":"has-post-thumbnail","6":"product_cat-hurghada-ausfluege","7":"product_cat-aegypten-schnorcheln-ausfluege-und-touren","8":"product_tag-aegypten-ausfluege-fuer-die-familien-mit-kindern","9":"product_tag-rotes-meer","11":"first","12":"instock","13":"sale","14":"shipping-taxable","15":"purchasable","16":"product-type-ovabrw_car_rental","17":"add-to-wishlist-after_add_to_cart"},"_links":{"self":[{"href":"https:\/\/aegyptentouren.de\/en\/wp-json\/wp\/v2\/product\/17998","targetHints":{"allow":["GET"]}}],"collection":[{"href":"https:\/\/aegyptentouren.de\/en\/wp-json\/wp\/v2\/product"}],"about":[{"href":"https:\/\/aegyptentouren.de\/en\/wp-json\/wp\/v2\/types\/product"}],"replies":[{"embeddable":true,"href":"https:\/\/aegyptentouren.de\/en\/wp-json\/wp\/v2\/comments?post=17998"}],"version-history":[{"count":10,"href":"https:\/\/aegyptentouren.de\/en\/wp-json\/wp\/v2\/product\/17998\/revisions"}],"predecessor-version":[{"id":21620,"href":"https:\/\/aegyptentouren.de\/en\/wp-json\/wp\/v2\/product\/17998\/revisions\/21620"}],"wp:featuredmedia":[{"embeddable":true,"href":"https:\/\/aegyptentouren.de\/en\/wp-json\/wp\/v2\/media\/19856"}],"wp:attachment":[{"href":"https:\/\/aegyptentouren.de\/en\/wp-json\/wp\/v2\/media?parent=17998"}],"wp:term":[{"taxonomy":"product_brand","embeddable":true,"href":"https:\/\/aegyptentouren.de\/en\/wp-json\/wp\/v2\/product_brand?post=17998"},{"taxonomy":"product_cat","embeddable":true,"href":"https:\/\/aegyptentouren.de\/en\/wp-json\/wp\/v2\/product_cat?post=17998"},{"taxonomy":"product_tag","embeddable":true,"href":"https:\/\/aegyptentouren.de\/en\/wp-json\/wp\/v2\/product_tag?post=17998"}],"curies":[{"name":"wp","href":"https:\/\/api.w.org\/{rel}","templated":true}]}}