{"id":17957,"date":"2026-03-23T16:55:55","date_gmt":"2026-03-23T15:55:55","guid":{"rendered":"https:\/\/aegyptentouren.de\/?post_type=product&#038;p=17957"},"modified":"2026-04-09T07:30:50","modified_gmt":"2026-04-09T05:30:50","slug":"privater-hurghada-flughafen-transfer-hotel-taxi-service-flughafentransfer-privat","status":"publish","type":"product","link":"https:\/\/aegyptentouren.de\/en\/aegypten-flughafen-transfer\/privater-hurghada-flughafen-transfer-hotel-taxi-service-flughafentransfer-privat\/","title":{"rendered":"Privater Flughafen-Transfer Hurghada &#038; Hotels Taxi-Service"},"content":{"rendered":"<p>Der pers\u00f6nliche Transportservice bietet einen bequemen Transfer vom Flughafen Hurghada zu ihrem Hotel zu fairen Preisen, um den stressfreien Start in den Urlaub zu gew\u00e4hrleisten.<\/p>\n<p>Mit dem individuellen Hurghada Transfer genie\u00dfen Sie eine komfortable und bequeme Fahrt zum Wunschziel, um ihren Urlaub in Hurghada entspannt zu beginnen.<\/p>\n<h2>Privater Flughafen-Transfer Hurghada &amp; Hotels Taxi-Service &#8211; Preise:<\/h2>\n<table style=\"border-collapse: collapse;\">\n<tbody>\n<tr>\n<td style=\"text-align: center;\"><span style=\"color: #3366ff;\"><strong>Anzahl der Reisenden<\/strong><\/span><\/td>\n<td style=\"text-align: center;\"><strong><span style=\"color: #0000ff;\">Fahrzeug<\/span><\/strong><\/td>\n<td style=\"text-align: center;\"><strong><span style=\"color: #0000ff;\">Preise<\/span><\/strong><\/td>\n<\/tr>\n<tr>\n<td style=\"text-align: center;\"><strong><span style=\"color: #0000ff;\">1 &#8211; 2<\/span><\/strong><\/td>\n<td style=\"text-align: center;\">Privater <span style=\"color: #0000ff;\">PKW<\/span><\/td>\n<td style=\"text-align: center;\"><strong><span style=\"color: #0000ff;\">15<\/span>\u00a0<\/strong>\u20ac pro Transfer<\/td>\n<\/tr>\n<tr>\n<td style=\"text-align: center;\"><span style=\"color: #0000ff;\"><strong>3 &#8211; 8<\/strong><\/span><\/td>\n<td style=\"text-align: center;\">Privater <span style=\"color: #0000ff;\">Mini-Bus<\/span><\/td>\n<td style=\"text-align: center;\"><strong><span style=\"color: #0000ff;\">20<\/span><\/strong> \u20ac pro Transfer<\/td>\n<\/tr>\n<\/tbody>\n<\/table>\n<h2>VIP Transfer Hurghada Privat: Die Vorteile<\/h2>\n<h3>Zeitersparnis<\/h3>\n<p>Der Transport vom Flughafen Hurghada direkt zum Hotel mit privatem Transfer dauert ca. ein Viertel der Zeit im Vergleich zum Transfer mit Shuttelbus. Wenn Sie mit einem Shuttlebus fahren, wissen Sie nicht, wie lange die Fahrt dauert. Diese Fahrt zum Hotel mit Shuttlebus dauert manchmal 1.5 oder 2 Stunden f\u00fcr die letzten Hotels im Transfer mit der Warte im Flughafen.<\/p>\n<h3>Zuverl\u00e4ssigkeit und Komfort<\/h3>\n<p>Ein privater Transfer bietet Abholung durch einen Reiseleiter, individuellen Transferluxus und T\u00fcr-zu-T\u00fcr-Service ohne versteckte Kosten. W\u00e4hlen Sie zwischen verschiedenen Fahrzeugen und genie\u00dfen Sie eine stressfreie Fahrt zu Ihrem Hotel in Soma Bay.<\/p>\n<p>Sie k\u00f6nnen Ihren privaten Transfer vom Flughafen Hurghada zum Hotel mit Peter Tours bequem online buchen. In weniger als einer Minute k\u00f6nnen Sie Ihren Transfer buchen und eine sofortige Best\u00e4tigung erhalten.<\/p>\n<h2>Hurghada Hotels Taxi-Services &amp; Flughafen Transfer:<\/h2>\n<p>Peter Tours bietet Ihnen die besten privaten Transfers und Taxi-Services f\u00fcr faire Preise in Hurghada . Transfers vom Flughafen Hurghada zu den Hotels oder von Ihrem Hotel in Hurghada zu einem anderen Hotel oder zur Altstadt (Al Dahar), Neue Marina Hurghada und Sheraton Stra\u00dfe.<\/p>\n<h2>Wir bieten gerne exklusive Ausfl\u00fcge in Hurghada<\/h2>\n<div data-id=\"2594b423\" data-element_type=\"column\">\n<div>\n<div data-id=\"66576b5f\" data-element_type=\"widget\" data-widget_type=\"image-box.default\">\n<div>\n<div>\n<div>\n<ul>\n<li><span style=\"color: #0000ff;\"><a style=\"color: #0000ff;\" href=\"https:\/\/aegyptentouren.de\/ausfluege\/hurghada-ausfluege\/\">Hurghada Ausfl\u00fcge, Touren und Aktivit\u00e4ten<\/a><\/span><\/li>\n<li><span style=\"color: #0000ff;\"><a style=\"color: #0000ff;\" href=\"https:\/\/aegyptentouren.de\/ausfluege\/aegypten-schnorcheln-ausfluege-und-touren\/\">\u00c4gypten Schnorchel Ausfl\u00fcge und Bootstouren<\/a><\/span><\/li>\n<li><span style=\"color: #0000ff;\"><a style=\"color: #0000ff;\" href=\"https:\/\/aegyptentouren.de\/ausfluege\/aegypten-kulturelle-ausfluege\/\">\u00c4gypten Kulturelle Ausfl\u00fcge<\/a><\/span><\/li>\n<li><span style=\"color: #0000ff;\"><a style=\"color: #0000ff;\" href=\"https:\/\/aegyptentouren.de\/ausfluege\/aegypten-wuestensafari-ausfluege\/\">\u00c4gypten W\u00fcstensafari Ausfl\u00fcge<\/a><\/span><\/li>\n<\/ul>\n<\/div>\n<\/div>\n<\/div>\n<\/div>\n<\/div>\n<\/div>\n<p><strong>Folgen Sie uns:<\/strong><\/p>\n<p><a href=\"https:\/\/www.facebook.com\/aegypten.touren.ausfluege.mit.peter\/\" target=\"_blank\" rel=\"noopener nofollow\"><img decoding=\"async\" data-src=\"https:\/\/aegyptentouren.de\/wp-content\/uploads\/2024\/01\/Peter-Tours-400x300.png\" alt=\"\u00c4gypten Touren &amp; Ausfl\u00fcge mit Peter Tours\" width=\"55\" height=\"41\" src=\"data:image\/svg+xml;base64,PHN2ZyB3aWR0aD0iMSIgaGVpZ2h0PSIxIiB4bWxucz0iaHR0cDovL3d3dy53My5vcmcvMjAwMC9zdmciPjwvc3ZnPg==\" class=\"lazyload\" style=\"--smush-placeholder-width: 55px; --smush-placeholder-aspect-ratio: 55\/41;\" \/><\/a><\/p>\n<p><a href=\"https:\/\/www.pinterest.de\/aegyptentouren\/\" target=\"_blank\" rel=\"noopener nofollow\"><img decoding=\"async\" data-src=\"https:\/\/aegyptentouren.de\/wp-content\/uploads\/2024\/01\/Peter-Tours-1-400x300.png\" alt=\"\u00c4gypten Touren &amp; Ausfl\u00fcge mit ( Peter Tours )\" width=\"56\" height=\"42\" src=\"data:image\/svg+xml;base64,PHN2ZyB3aWR0aD0iMSIgaGVpZ2h0PSIxIiB4bWxucz0iaHR0cDovL3d3dy53My5vcmcvMjAwMC9zdmciPjwvc3ZnPg==\" class=\"lazyload\" style=\"--smush-placeholder-width: 56px; --smush-placeholder-aspect-ratio: 56\/42;\" \/><\/a><\/p>\n<h2>Hurghada Hotels Liste 2026<\/h2>\n<ul>\n<li data-section-id=\"co7lwf\" data-start=\"2202\" data-end=\"2224\">Desert Rose Resort<\/li>\n<li data-section-id=\"1qbwhns\" data-start=\"2225\" data-end=\"2250\">Jasmine Palace Resort<\/li>\n<li data-section-id=\"oy0zt3\" data-start=\"2251\" data-end=\"2285\">Pickalbatros Dana Beach Resort<\/li>\n<li data-section-id=\"1jhgrf7\" data-start=\"2286\" data-end=\"2318\">Pickalbatros Palace Hurghada<\/li>\n<li data-section-id=\"1bj8aak\" data-start=\"2319\" data-end=\"2344\">Beach Albatros Resort<\/li>\n<li data-section-id=\"r6d5o6\" data-start=\"2345\" data-end=\"2376\">Sunrise Garden Beach Resort<\/li>\n<li data-section-id=\"lsv28m\" data-start=\"2377\" data-end=\"2396\">Ali Baba Palace<\/li>\n<li data-section-id=\"hujssh\" data-start=\"2397\" data-end=\"2430\">Titanic Beach Spa &amp; Aqua Park<\/li>\n<li data-section-id=\"11h8kt\" data-start=\"2431\" data-end=\"2448\">Titanic Royal<\/li>\n<li data-section-id=\"1s9tymk\" data-start=\"2449\" data-end=\"2474\">Jaz Aquamarine Resort<\/li>\n<li data-section-id=\"lez8rq\" data-start=\"2475\" data-end=\"2505\">Hurghada Long Beach Resort<\/li>\n<li data-section-id=\"y4jkoo\" data-start=\"2506\" data-end=\"2532\">Blend Club Aqua Resort<\/li>\n<li data-section-id=\"119sudm\" data-start=\"2533\" data-end=\"2554\">Mirage Bay Resort<\/li>\n<li data-section-id=\"1ma6wi7\" data-start=\"2555\" data-end=\"2580\">Bellagio Beach Resort<\/li>\n<li data-section-id=\"3mjkyu\" data-start=\"1834\" data-end=\"1868\">Hurghada Marriott Beach Resort<\/li>\n<li data-section-id=\"163n1th\" data-start=\"345\" data-end=\"361\">Jaz Aquaviva<\/li>\n<li data-section-id=\"1an0i3d\" data-start=\"362\" data-end=\"393\">Pickalbatros Blu Spa Resort<\/li>\n<li data-section-id=\"194fulg\" data-start=\"394\" data-end=\"451\">Pickalbatros Water Valley Resort \u2013 Neverland Hurghada<\/li>\n<li data-section-id=\"123boor\" data-start=\"452\" data-end=\"495\">Hawaii Caesar Dreams Resort &amp; Aqua Park<\/li>\n<li data-section-id=\"9zuj6k\" data-start=\"496\" data-end=\"536\">Hawaii Riviera Club Aqua Park Resort<\/li>\n<li data-section-id=\"o0itw0\" data-start=\"537\" data-end=\"587\">Hawaii Riviera Aqua Park Resort<\/li>\n<li data-section-id=\"zx48co\" data-start=\"722\" data-end=\"754\">Iberotel Casa Del Mar Resort<\/li>\n<li data-section-id=\"1pit77x\" data-start=\"1869\" data-end=\"1896\">Sunrise Holidays Resort<\/li>\n<li data-section-id=\"o2bj18\" data-start=\"1897\" data-end=\"1914\">Meraki Resort<\/li>\n<li data-section-id=\"1uybgcj\" data-start=\"1915\" data-end=\"1941\">Rixos Premium Magawish<\/li>\n<li data-section-id=\"1jy9gy8\" data-start=\"1942\" data-end=\"1968\">Gravity Hotel Hurghada<\/li>\n<li data-section-id=\"128jpon\" data-start=\"1969\" data-end=\"1991\">Serry Beach Resort<\/li>\n<li data-section-id=\"wkxghg\" data-start=\"1992\" data-end=\"2015\">Pharaoh Azur Resort<\/li>\n<li data-section-id=\"pblun3\" data-start=\"2016\" data-end=\"2041\">Samaka Comfort Resort<\/li>\n<li data-section-id=\"1i3qdob\" data-start=\"2042\" data-end=\"2062\">Magawish Village<\/li>\n<li data-section-id=\"11myr1m\" data-start=\"2063\" data-end=\"2084\">Grand Plaza Hotel<\/li>\n<li data-section-id=\"txxs4o\" data-start=\"2085\" data-end=\"2115\">Hurghada Coral Beach Hotel<\/li>\n<li data-section-id=\"1pr2zwg\" data-start=\"1332\" data-end=\"1367\">Steigenberger ALDAU Beach Hotel<\/li>\n<li data-section-id=\"djjd0p\" data-start=\"1368\" data-end=\"1400\">Steigenberger Pure Lifestyle<\/li>\n<li data-section-id=\"iw1y0f\" data-start=\"1401\" data-end=\"1429\">Steigenberger Aqua Magic<\/li>\n<li data-section-id=\"y7yqiv\" data-start=\"1430\" data-end=\"1446\">Sindbad Club<\/li>\n<li data-section-id=\"1ebqigv\" data-start=\"1447\" data-end=\"1472\">Grand Resort Hurghada<\/li>\n<li data-section-id=\"1lmjbew\" data-start=\"1473\" data-end=\"1497\">Grand Hotel Hurghada<\/li>\n<li data-section-id=\"z6zb7a\" data-start=\"1498\" data-end=\"1518\">Siva Grand Beach<\/li>\n<li data-section-id=\"7h065x\" data-start=\"1519\" data-end=\"1549\">Continental Hotel Hurghada<\/li>\n<li data-section-id=\"dknjph\" data-start=\"1550\" data-end=\"1576\">Marlin Inn Azur Resort<\/li>\n<li data-section-id=\"1cu1fk5\" data-start=\"1577\" data-end=\"1606\">Swiss Inn Resort Hurghada<\/li>\n<li data-section-id=\"1k1zh3r\" data-start=\"1607\" data-end=\"1627\">Mercure Hurghada<\/li>\n<li data-section-id=\"9ai7br\" data-start=\"1628\" data-end=\"1654\">Jaz Casa Del Mar Beach<\/li>\n<li data-section-id=\"zx48co\" data-start=\"1655\" data-end=\"1687\">Iberotel Casa Del Mar Resort<\/li>\n<li data-section-id=\"5nh7fu\" data-start=\"1688\" data-end=\"1723\">Pickalbatros White Beach Resort<\/li>\n<li data-section-id=\"1we35i0\" data-start=\"1724\" data-end=\"1751\">Sunrise Aqua Joy Resort<\/li>\n<li data-section-id=\"1ff6vp7\" data-start=\"1752\" data-end=\"1776\">Royal Lagoons Resort<\/li>\n<li data-section-id=\"10ecz59\" data-start=\"962\" data-end=\"986\">Seagull Beach Resort<\/li>\n<li data-section-id=\"ajofjr\" data-start=\"987\" data-end=\"1006\">Le Pacha Resort<\/li>\n<li data-section-id=\"1638ngb\" data-start=\"1007\" data-end=\"1026\">Minamark Resort<\/li>\n<li data-section-id=\"dgrl26\" data-start=\"1027\" data-end=\"1058\">Bella Vista Resort Hurghada<\/li>\n<li data-section-id=\"1b5msvn\" data-start=\"1059\" data-end=\"1097\">The Boutique Hotel Hurghada Marina<\/li>\n<li data-section-id=\"1r45lwt\" data-start=\"1098\" data-end=\"1131\">The Bay Hotel Hurghada Marina<\/li>\n<li data-section-id=\"1v14wp2\" data-start=\"1132\" data-end=\"1162\">Regina Resort (ZYA Regina)<\/li>\n<li data-section-id=\"lfwwqa\" data-start=\"1163\" data-end=\"1184\">Golden Rose Hotel<\/li>\n<li data-section-id=\"1ns2c1d\" data-start=\"1185\" data-end=\"1196\">Zak Inn<\/li>\n<li data-section-id=\"1h9xuet\" data-start=\"1197\" data-end=\"1213\">Sherry Hotel<\/li>\n<li data-section-id=\"niy6ks\" data-start=\"1214\" data-end=\"1237\">Roma Host Way Hotel<\/li>\n<li data-section-id=\"18og436\" data-start=\"1238\" data-end=\"1291\">Marriott Hurghada Suites (Marina area apartments)<\/li>\n<li data-section-id=\"f8kcyc\" data-start=\"475\" data-end=\"491\">Empire Hotel<\/li>\n<li data-section-id=\"53cuxa\" data-start=\"492\" data-end=\"515\">Empire Beach Resort<\/li>\n<li data-section-id=\"1yttov1\" data-start=\"516\" data-end=\"537\">Triton Empire Inn<\/li>\n<li data-section-id=\"1re97e\" data-start=\"538\" data-end=\"573\">King Tut Aqua Park Beach Resort<\/li>\n<li data-section-id=\"hd6z2o\" data-start=\"574\" data-end=\"607\">Sphinx Aqua Park Beach Resort<\/li>\n<li data-section-id=\"g6g4t1\" data-start=\"608\" data-end=\"635\">Royal Star Beach Resort<\/li>\n<li data-section-id=\"o3wewq\" data-start=\"636\" data-end=\"666\">Magic Beach Hotel Hurghada<\/li>\n<li data-section-id=\"23suvq\" data-start=\"667\" data-end=\"691\">Sea Star Beau Rivage<\/li>\n<li data-section-id=\"1pr4a2p\" data-start=\"692\" data-end=\"718\">Zahabia Resort &amp; Hotel<\/li>\n<li data-section-id=\"1hted8w\" data-start=\"719\" data-end=\"740\">Sand Beach Resort<\/li>\n<li data-section-id=\"hxth68\" data-start=\"741\" data-end=\"770\">Elysees Dream Beach Hotel<\/li>\n<li data-section-id=\"t3rbgr\" data-start=\"771\" data-end=\"796\">Beirut Hotel Hurghada<\/li>\n<li data-section-id=\"102s39n\" data-start=\"797\" data-end=\"815\">Palm Inn Hotel<\/li>\n<li data-section-id=\"wgz2qc\" data-start=\"816\" data-end=\"832\">Canary Hotel<\/li>\n<li data-section-id=\"1fi7oga\" data-start=\"833\" data-end=\"857\">Luxor Hotel Hurghada<\/li>\n<li data-section-id=\"1mfx41j\" data-start=\"858\" data-end=\"874\">Eiffel Hotel<\/li>\n<li data-section-id=\"1xbwtpa\" data-start=\"875\" data-end=\"895\">Sea Garden Hotel<\/li>\n<li data-section-id=\"12rda5q\" data-start=\"472\" data-end=\"509\">Fanadir Bay Suites &amp; Beach Resort<\/li>\n<li data-section-id=\"1kfh77\" data-start=\"510\" data-end=\"534\">Andalusia Blue Beach<\/li>\n<li data-section-id=\"yvmxrj\" data-start=\"535\" data-end=\"565\">Moon Beach Resort Hurghada<\/li>\n<li data-section-id=\"m8nfe4\" data-start=\"566\" data-end=\"599\">Sun &amp; Sea Hotel and Aqua Park<\/li>\n<li data-section-id=\"2jcxwb\" data-start=\"600\" data-end=\"619\">Tiba Rose Plaza<\/li>\n<li data-section-id=\"1i8gauo\" data-start=\"620\" data-end=\"647\">Lilly Rooms and Studios<\/li>\n<li data-section-id=\"a7qnuh\" data-start=\"648\" data-end=\"664\">Dexon Hotels<\/li>\n<li data-section-id=\"1bp6qtt\" data-start=\"665\" data-end=\"688\">La Rosa Waves Beach<\/li>\n<li data-section-id=\"50y16b\" data-start=\"689\" data-end=\"707\">Cordoba Suites<\/li>\n<li data-section-id=\"ymtkl\" data-start=\"708\" data-end=\"726\">La Perla Hotel<\/li>\n<li data-section-id=\"rdohsu\" data-start=\"727\" data-end=\"754\">British Resort Hurghada<\/li>\n<li data-section-id=\"1kpqms\" data-start=\"755\" data-end=\"787\">Palma Vision Resort Hurghada<\/li>\n<li data-section-id=\"u2uc9i\" data-start=\"788\" data-end=\"817\">Regency Towers Apartments<\/li>\n<li data-section-id=\"qobwzo\" data-start=\"818\" data-end=\"834\">Lamera Hotel<\/li>\n<li data-section-id=\"hxth68\" data-start=\"835\" data-end=\"864\">Elysees Dream Beach Hotel<\/li>\n<li data-section-id=\"h61q09\" data-start=\"865\" data-end=\"906\">Grand Blue St Maria Hotel &amp; Aqua Park<\/li>\n<li data-section-id=\"1s7czao\" data-start=\"907\" data-end=\"927\">Fox House Resort<\/li>\n<li data-section-id=\"e6hwgn\" data-start=\"928\" data-end=\"965\">New DaVinci Beach &amp; Diving Resort<\/li>\n<li data-section-id=\"1w4qpye\" data-start=\"966\" data-end=\"995\">Boulevard Apartment Hotel<\/li>\n<li data-section-id=\"10ufv69\" data-start=\"996\" data-end=\"1024\">Lilly City Center Hostel<\/li>\n<li data-section-id=\"1ukl36n\" data-start=\"1025\" data-end=\"1049\">Bella Rose Nefertiti<\/li>\n<li data-section-id=\"cox9ab\" data-start=\"1050\" data-end=\"1067\">Masaya Suites<\/li>\n<li data-section-id=\"1103m9w\" data-start=\"1068\" data-end=\"1085\">Seasons Hotel<\/li>\n<li data-section-id=\"uggmlv\" data-start=\"1086\" data-end=\"1109\">Club Hotel Aqua Fun<\/li>\n<li data-section-id=\"1qowr1t\" data-start=\"1110\" data-end=\"1130\">Golden Sun Hotel<\/li>\n<li data-section-id=\"1hs5dix\" data-start=\"1131\" data-end=\"1148\">Marina Hostel<\/li>\n<li data-section-id=\"1whppvn\" data-start=\"1149\" data-end=\"1181\">Hurghada Mirage Beach Chalet<\/li>\n<li data-section-id=\"1tl3t6o\" data-start=\"1182\" data-end=\"1201\">Hurghada Dreams<\/li>\n<li data-section-id=\"ack2ei\" data-start=\"1202\" data-end=\"1226\">Hotelux Marina Beach<\/li>\n<li data-section-id=\"18a0xoi\" data-start=\"1227\" data-end=\"1244\">Rivoli Suites<\/li>\n<li data-section-id=\"10m6jpi\" data-start=\"1245\" data-end=\"1264\">Sea Horse Hotel<\/li>\n<li data-section-id=\"tbuq1c\" data-start=\"1265\" data-end=\"1287\">New Da Vinci Hotel<\/li>\n<li data-section-id=\"syfyp5\" data-start=\"1288\" data-end=\"1328\">Hurghada Suites Serviced by Marriott<\/li>\n<li data-section-id=\"1tzbxx1\" data-start=\"1329\" data-end=\"1353\">Turtles Beach Resort<\/li>\n<li data-section-id=\"12nwdor\" data-start=\"1354\" data-end=\"1387\">Jewels Sahara Boutique Resort<\/li>\n<li data-section-id=\"12zlw6k\" data-start=\"1388\" data-end=\"1419\">Montana Connection Hurghada<\/li>\n<li data-section-id=\"3x24xo\" data-start=\"1420\" data-end=\"1439\">Kamareia Resort<\/li>\n<li data-section-id=\"10pfmwh\" data-start=\"1440\" data-end=\"1455\">Diana Hotel<\/li>\n<li data-section-id=\"1qba709\" data-start=\"1456\" data-end=\"1480\">Safir Hotel Hurghada<\/li>\n<li data-section-id=\"1i150oa\" data-start=\"1481\" data-end=\"1501\">Desert Inn Hotel<\/li>\n<li data-section-id=\"z3n5l9\" data-start=\"1502\" data-end=\"1519\">Dreams Hostel<\/li>\n<li data-section-id=\"107g1qb\" data-start=\"1520\" data-end=\"1552\">Kite &amp; Divers Lodge Hurghada<\/li>\n<li data-section-id=\"1sx53mo\" data-start=\"1553\" data-end=\"1571\">Seashore Homes<\/li>\n<li data-section-id=\"1t5e1qm\" data-start=\"1572\" data-end=\"1598\">Jasmine Village Resort<\/li>\n<li data-section-id=\"c9s90r\" data-start=\"1599\" data-end=\"1615\">Queen Hostel<\/li>\n<li data-section-id=\"10nt9xw\" data-start=\"1616\" data-end=\"1645\">Sunshine Hostel Apartment<\/li>\n<li data-section-id=\"xtp4o8\" data-start=\"1646\" data-end=\"1664\">Sea View Hotel<\/li>\n<li data-section-id=\"1mcqe6f\" data-start=\"1665\" data-end=\"1679\">Hor Palace<\/li>\n<li data-section-id=\"utax2o\" data-start=\"1680\" data-end=\"1709\">The Bosque Hotel Hurghada<\/li>\n<li data-section-id=\"x9c1ik\" data-start=\"1710\" data-end=\"1745\">Grand Blue Cecelia Beach Resort<\/li>\n<li data-section-id=\"1z0ka3x\" data-start=\"1746\" data-end=\"1773\">Golden 5 Emerald Resort<\/li>\n<\/ul>\n<div>\n<div data-hveid=\"CIsDEAA\">\n<div>\n<div>\n<div>\n<div><\/div>\n<\/div>\n<\/div>\n<\/div>\n<\/div>\n<\/div>\n","protected":false},"excerpt":{"rendered":"<p>Der pers\u00f6nliche Transportservice bietet einen bequemen Transfer vom Flughafen Hurghada zu ihrem Hotel zu fairen Preisen, um den stressfreien Start in den Urlaub zu gew\u00e4hrleisten. Mit dem individuellen Hurghada Transfer genie\u00dfen Sie eine komfortable und bequeme Fahrt zum Wunschziel, um ihren Urlaub in Hurghada entspannt zu beginnen. Privater Flughafen-Transfer Hurghada &amp; Hotels Taxi-Service &#8211; Preise: [&hellip;]<\/p>\n","protected":false},"featured_media":19870,"comment_status":"open","ping_status":"closed","template":"","meta":{"_monsterinsights_skip_tracking":false,"_monsterinsights_sitenote_active":false,"_monsterinsights_sitenote_note":"","_monsterinsights_sitenote_category":0},"product_brand":[],"product_cat":[218,199],"product_tag":[244],"class_list":{"0":"post-17957","1":"product","2":"type-product","3":"status-publish","4":"has-post-thumbnail","6":"product_cat-aegypten-flughafen-transfer","7":"product_cat-hurghada-ausfluege","8":"product_tag-hurghada-flughafentransfers","10":"first","11":"instock","12":"featured","13":"shipping-taxable","14":"purchasable","15":"product-type-ovabrw_car_rental","16":"add-to-wishlist-after_add_to_cart"},"_links":{"self":[{"href":"https:\/\/aegyptentouren.de\/en\/wp-json\/wp\/v2\/product\/17957","targetHints":{"allow":["GET"]}}],"collection":[{"href":"https:\/\/aegyptentouren.de\/en\/wp-json\/wp\/v2\/product"}],"about":[{"href":"https:\/\/aegyptentouren.de\/en\/wp-json\/wp\/v2\/types\/product"}],"replies":[{"embeddable":true,"href":"https:\/\/aegyptentouren.de\/en\/wp-json\/wp\/v2\/comments?post=17957"}],"version-history":[{"count":28,"href":"https:\/\/aegyptentouren.de\/en\/wp-json\/wp\/v2\/product\/17957\/revisions"}],"predecessor-version":[{"id":26202,"href":"https:\/\/aegyptentouren.de\/en\/wp-json\/wp\/v2\/product\/17957\/revisions\/26202"}],"wp:featuredmedia":[{"embeddable":true,"href":"https:\/\/aegyptentouren.de\/en\/wp-json\/wp\/v2\/media\/19870"}],"wp:attachment":[{"href":"https:\/\/aegyptentouren.de\/en\/wp-json\/wp\/v2\/media?parent=17957"}],"wp:term":[{"taxonomy":"product_brand","embeddable":true,"href":"https:\/\/aegyptentouren.de\/en\/wp-json\/wp\/v2\/product_brand?post=17957"},{"taxonomy":"product_cat","embeddable":true,"href":"https:\/\/aegyptentouren.de\/en\/wp-json\/wp\/v2\/product_cat?post=17957"},{"taxonomy":"product_tag","embeddable":true,"href":"https:\/\/aegyptentouren.de\/en\/wp-json\/wp\/v2\/product_tag?post=17957"}],"curies":[{"name":"wp","href":"https:\/\/api.w.org\/{rel}","templated":true}]}}