{"id":17927,"date":"2024-06-10T12:58:44","date_gmt":"2024-06-10T12:58:44","guid":{"rendered":"https:\/\/aegyptentouren.de\/?post_type=product&#038;p=17927"},"modified":"2026-02-27T13:02:52","modified_gmt":"2026-02-27T12:02:52","slug":"orange-bay-schnorchel-ausflug","status":"publish","type":"product","link":"https:\/\/aegyptentouren.de\/en\/hurghada-ausfluege\/orange-bay-schnorchel-ausflug\/","title":{"rendered":"Orange Bay Schnorchel-Ausflug"},"content":{"rendered":"<p>Der Orange Bay Schnorchel-Ausflug ist eine der bestbewerteten Aktivit\u00e4ten in Hurghada und bietet ein unvergessliches Erlebnis f\u00fcr Schnorchel- und Strandliebhaber. Die Insel beeindruckt mit ihrem wei\u00dfen Sandstrand und dem klaren azurblauen Wasser. Wir bieten Ihnen auch<span style=\"color: #0000ff;\"> <a style=\"color: #0000ff;\" href=\"https:\/\/aegyptentouren.de\/hurghada-ausfluege\/orange-bay-insel-ausflug-hurghada-schnorcheln-tour\/\">Exklusiver Orange Bay Insel Ausflug in kleiner Gruppe<\/a><\/span>\u00a0 und <span style=\"color: #0000ff;\"><a style=\"color: #0000ff;\" href=\"https:\/\/aegyptentouren.de\/hurghada-ausfluege\/private-bootstour-hurghada-schnorcheln-delfin-tour\/\">Private Bootstour zur Orange Bay<\/a><\/span><\/p>\n<p>Buchen Sie noch heute Ihren Orange Bay Ausflug mit Peter Tours und erleben Sie dieses einzigartige Abenteuer selbst!<\/p>\n<ul>\n<li>Online buchen, vor Ort bezahlen<\/li>\n<li>Bezahlung erfolgt bei der Abholung vom Hotel<\/li>\n<li>Abholung von der Lobby Ihres Hotels<\/li>\n<li>Kundendienst rund um die Uhr erreichbar<\/li>\n<\/ul>\n<h2>Orange Bay Schnorchel-Ausflug Preise:<\/h2>\n<table style=\"border-collapse: collapse;\">\n<tbody>\n<tr>\n<td><strong><span style=\"color: #3366ff;\">Alter des Teilnehmers<\/span><\/strong><\/td>\n<td style=\"text-align: center;\"><strong><span style=\"color: #3366ff;\">Reisetyp<\/span><\/strong><\/td>\n<td style=\"text-align: center;\"><strong><span style=\"color: #3366ff;\">Preis Pro Person<\/span><\/strong><\/td>\n<\/tr>\n<tr>\n<td>Erwachsene:<span style=\"color: #3366ff;\">+11\u00a0 \u00a0<\/span><\/td>\n<td style=\"text-align: center;\">Orange Bay Ausflug<\/td>\n<td style=\"text-align: center;\"><span style=\"color: #3366ff;\">25 <\/span>\u20ac<\/td>\n<\/tr>\n<tr>\n<td>Kind:\u00a0 \u00a0 \u00a0 \u00a0 \u00a0 \u00a0 \u00a0 <span style=\"color: #3366ff;\">5 &#8211; 11<\/span><\/td>\n<td style=\"text-align: center;\">Orange Bay Ausflug<\/td>\n<td style=\"text-align: center;\"><span style=\"color: #3366ff;\">12 <\/span>\u20ac<\/td>\n<\/tr>\n<tr>\n<td>Kleinkind:\u00a0 \u00a0 \u00a0<span style=\"color: #3366ff;\">0 &#8211; 5\u00a0\u00a0<\/span><\/td>\n<td style=\"text-align: center;\">Orange Bay Ausflug<\/td>\n<td style=\"text-align: center;\"><span style=\"color: #3366ff;\">Frei<\/span><\/td>\n<\/tr>\n<\/tbody>\n<\/table>\n<p>Hinweis: Eine Umweltsteuer von 5 Euro pro Person wird an Bord erhoben.<\/p>\n<h2>Orange Bay Hurghada Ausflug &amp; Schnorcheln Ablauf:<\/h2>\n<h3>Transfer vom Hotel:<\/h3>\n<p>Der Tagesausflug zur Orange Bay Insel beginnt mit der Abholung durch klimatisierte Fahrzeuge von Ihrem Hotel in Hurghada.<\/p>\n<h3>Aufenthalt auf der Orange Bay Insel:<\/h3>\n<p>Nach der Ankunft haben Sie Zeit zum Schwimmen oder Entspannen am Strand. Erkunden Sie die Insel bei einem Spaziergang und genie\u00dfen Sie die bezaubernde Landschaft.<\/p>\n<h3>Schnorcheln:<\/h3>\n<p>Erleben Sie die faszinierende Unterwasserwelt bei zwei Schnorchelstopps. Tauchen Sie ein in die farbenfrohe Welt der Korallenriffe und entdecken Sie eine Vielzahl bunter Meeresbewohner.<\/p>\n<h3>Mittagessen:<\/h3>\n<p>Nach dem Schnorcheln wird gegen 13:00 Uhr ein leckeres Mittagessen mit regionalen K\u00f6stlichkeiten serviert.<\/p>\n<h3>R\u00fcckfahrt zum Hafen und Transfer zum Hotel:<\/h3>\n<p>Nach einer entspannten Zeit auf der Insel und dem Schnorcheln genie\u00dfen Sie eine Bootsfahrt zur Anlegestelle, von wo aus Sie zur\u00fcck zu Ihrem Hotel gebracht werden. Lassen Sie den aufregenden Tag Revue passieren und freuen Sie sich \u00fcber die unvergesslichen Erinnerungen an diesen Ausflug.<\/p>\n<h2>Anmerkungen:<\/h2>\n<ul>\n<li aria-level=\"1\">Alle Extrakosten wie Trinkgelder sind nicht enthalten<\/li>\n<li aria-level=\"1\">Die Reihenfolge kann ggf. durch den Reiseleiter ge\u00e4ndert werden. Programm\u00e4nderungen sind aus technischen oder organisatorischen Gr\u00fcnden vorbehalten.<\/li>\n<\/ul>\n<h2>Mitnehmen:<\/h2>\n<ul>\n<li aria-level=\"1\">Fotoapparat \/ Handy und Ladekabel<\/li>\n<li aria-level=\"1\">Sonnenbrille<\/li>\n<li aria-level=\"1\">Warme Kleidung im Winter<\/li>\n<li aria-level=\"1\">Leichte Kleidung im Sommer<\/li>\n<li aria-level=\"1\">Geld<\/li>\n<\/ul>\n<h2>Zahlungsmodalit\u00e4ten:<\/h2>\n<ul>\n<li aria-level=\"1\">Vor Ort in Bargeld in Euro, US-Dollars, Schweizer Franken. Eine Zahlung per Kreditkarte ist derzeit leider noch nicht m\u00f6glich.<\/li>\n<li aria-level=\"1\">Die Bezahlung erfolgt bei der Abholung vor Ort.<\/li>\n<\/ul>\n<h2>Stornierungsbedingungen:<\/h2>\n<ul>\n<li aria-level=\"1\">Eine kostenlose Stornierung ist bis 24 Stunden vor Reisebeginn m\u00f6glich. Danach erheben wir dann eine Stornierungsgeb\u00fchr in H\u00f6he von 30 % des Reisepreises.<\/li>\n<\/ul>\n<h2>Transferkosten:<\/h2>\n<ul>\n<li aria-level=\"1\">Die Transferkosten sind (Abholung vom Hotel und R\u00fcckfahrt zum Hotel)\u00a0 im Preis enthalten.<\/li>\n<li aria-level=\"1\">F\u00fcr entferntere Hotels und Regionen f\u00e4llt ein kleiner Aufpreis in H\u00f6he von<\/li>\n<li aria-level=\"1\">5,- bis 10,- \u20ac pro Person an.<\/li>\n<li aria-level=\"1\">Transfer Zulage ab die Hotels von Hurghada, Sahl Hasheesh, Makadi Bay, Soma Bay, Safaga<\/li>\n<\/ul>\n<h2>Gerne bieten wir Ihnen weitere Angebote an:<\/h2>\n<ul>\n<li><\/li>\n<\/ul>\n<h2>Folgen Sie uns :<\/h2>\n<p><a href=\"https:\/\/www.facebook.com\/aegypten.touren.ausfluege.mit.peter\/\" target=\"_blank\" rel=\"noopener nofollow\"><img decoding=\"async\" data-src=\"https:\/\/aegyptentouren.de\/wp-content\/uploads\/2024\/01\/Peter-Tours-400x300.png\" alt=\"\u00c4gypten Touren &amp; Ausfl\u00fcge mit Peter Tours\" width=\"55\" height=\"41\" src=\"data:image\/svg+xml;base64,PHN2ZyB3aWR0aD0iMSIgaGVpZ2h0PSIxIiB4bWxucz0iaHR0cDovL3d3dy53My5vcmcvMjAwMC9zdmciPjwvc3ZnPg==\" class=\"lazyload\" style=\"--smush-placeholder-width: 55px; --smush-placeholder-aspect-ratio: 55\/41;\" \/><\/a><\/p>\n<p><a href=\"https:\/\/www.pinterest.de\/aegyptentouren\/\" target=\"_blank\" rel=\"noopener nofollow\"><img decoding=\"async\" data-src=\"https:\/\/aegyptentouren.de\/wp-content\/uploads\/2024\/01\/Peter-Tours-1-400x300.png\" alt=\"\u00c4gypten Touren &amp; Ausfl\u00fcge mit ( Peter Tours )\" width=\"56\" height=\"42\" src=\"data:image\/svg+xml;base64,PHN2ZyB3aWR0aD0iMSIgaGVpZ2h0PSIxIiB4bWxucz0iaHR0cDovL3d3dy53My5vcmcvMjAwMC9zdmciPjwvc3ZnPg==\" class=\"lazyload\" style=\"--smush-placeholder-width: 56px; --smush-placeholder-aspect-ratio: 56\/42;\" \/><\/a><\/p>\n","protected":false},"excerpt":{"rendered":"<p>Der Orange Bay Schnorchel-Ausflug ist eine der bestbewerteten Aktivit\u00e4ten in Hurghada und bietet ein unvergessliches Erlebnis f\u00fcr Schnorchel- und Strandliebhaber. Die Insel beeindruckt mit ihrem wei\u00dfen Sandstrand und dem klaren azurblauen Wasser. Wir bieten Ihnen auch Exklusiver Orange Bay Insel Ausflug in kleiner Gruppe\u00a0 und Private Bootstour zur Orange Bay Buchen Sie noch heute Ihren [&hellip;]<\/p>\n","protected":false},"featured_media":19742,"comment_status":"open","ping_status":"closed","template":"","meta":{"_monsterinsights_skip_tracking":false,"_monsterinsights_sitenote_active":false,"_monsterinsights_sitenote_note":"","_monsterinsights_sitenote_category":0},"product_brand":[],"product_cat":[199,200,202,204,205,201,266,203],"product_tag":[268,234,239,240,166],"class_list":{"0":"post-17927","1":"product","2":"type-product","3":"status-publish","4":"has-post-thumbnail","6":"product_cat-hurghada-ausfluege","7":"product_cat-el-gouna-ausfluege","8":"product_cat-makadi-bay-ausfluege","9":"product_cat-safaga-ausfluege","10":"product_cat-safaga-hafen-ausfluege","11":"product_cat-sahl-hasheesh-ausfluege","12":"product_cat-uncategorized","13":"product_cat-soma-bay-ausfluege","14":"product_tag-aegypten-ausfluege-fuer-die-familien-mit-kindern-en","15":"product_tag-giftun-insel","16":"product_tag-hurghada-boote-und-yachten","17":"product_tag-hurghada-bootsfahrten","18":"product_tag-rotes-meer","20":"first","21":"instock","22":"shipping-taxable","23":"purchasable","24":"product-type-ovabrw_car_rental","25":"add-to-wishlist-after_add_to_cart"},"_links":{"self":[{"href":"https:\/\/aegyptentouren.de\/en\/wp-json\/wp\/v2\/product\/17927","targetHints":{"allow":["GET"]}}],"collection":[{"href":"https:\/\/aegyptentouren.de\/en\/wp-json\/wp\/v2\/product"}],"about":[{"href":"https:\/\/aegyptentouren.de\/en\/wp-json\/wp\/v2\/types\/product"}],"replies":[{"embeddable":true,"href":"https:\/\/aegyptentouren.de\/en\/wp-json\/wp\/v2\/comments?post=17927"}],"version-history":[{"count":6,"href":"https:\/\/aegyptentouren.de\/en\/wp-json\/wp\/v2\/product\/17927\/revisions"}],"predecessor-version":[{"id":21629,"href":"https:\/\/aegyptentouren.de\/en\/wp-json\/wp\/v2\/product\/17927\/revisions\/21629"}],"wp:featuredmedia":[{"embeddable":true,"href":"https:\/\/aegyptentouren.de\/en\/wp-json\/wp\/v2\/media\/19742"}],"wp:attachment":[{"href":"https:\/\/aegyptentouren.de\/en\/wp-json\/wp\/v2\/media?parent=17927"}],"wp:term":[{"taxonomy":"product_brand","embeddable":true,"href":"https:\/\/aegyptentouren.de\/en\/wp-json\/wp\/v2\/product_brand?post=17927"},{"taxonomy":"product_cat","embeddable":true,"href":"https:\/\/aegyptentouren.de\/en\/wp-json\/wp\/v2\/product_cat?post=17927"},{"taxonomy":"product_tag","embeddable":true,"href":"https:\/\/aegyptentouren.de\/en\/wp-json\/wp\/v2\/product_tag?post=17927"}],"curies":[{"name":"wp","href":"https:\/\/api.w.org\/{rel}","templated":true}]}}