{"id":17922,"date":"2024-06-09T12:38:46","date_gmt":"2024-06-09T12:38:46","guid":{"rendered":"https:\/\/aegyptentouren.de\/?post_type=product&#038;p=17922"},"modified":"2026-02-27T12:56:38","modified_gmt":"2026-02-27T11:56:38","slug":"glasbodenboot-hurghada-privat-magawish-insel-schnorcheln-tour","status":"publish","type":"product","link":"https:\/\/aegyptentouren.de\/en\/hurghada-ausfluege\/glasbodenboot-hurghada-privat-magawish-insel-schnorcheln-tour\/","title":{"rendered":"3*1: Glasbodenboot Hurghada Privat, Magawish Inselaufenthalt &#038; Schnorcheln Tour"},"content":{"rendered":"<p><strong>Glasbodenboot Hurghada Privat<\/strong> ist eine aufregende M\u00f6glichkeit, die faszinierende Unterwasserwelt des R<strong>oten Meeres<\/strong> zu entdecken und einen <strong>Magawish-Inselaufenthalt<\/strong> zu genie\u00dfen. Magawish Insel ist ein kleines Juwel, das mit einem wei\u00dfen Sandstrand und klarem, azurblauem Wasser lockt.<\/p>\n<p>W\u00e4hrend des Ausflugs mit dem privaten Glasbodenboot zur Insel Magawish haben Sie die einzigartige Gelegenheit, die faszinierende Unterwasserwelt des Roten Meeres, bunte Korallenriffe und Meeresbewohner vom Glasbodenboot oder beim Schnorcheln zu bewundern. Erleben Sie unvergessliche Momente beim Schnorcheln um die Magawish-Insel.<\/p>\n<ul>\n<li aria-level=\"1\"><strong>Online Buchen Vor Ort Bezahlen<\/strong><\/li>\n<li aria-level=\"1\">Bezahlung Erfolgt bei der Abholung vom Hotel<\/li>\n<li aria-level=\"1\">Abholung von der Lobby ihres Hotel<\/li>\n<li aria-level=\"1\">Kundendienst 24\/7 in der Woche erreichbar.<\/li>\n<\/ul>\n<h2>Glasbodenboot Hurghada Privat zur Magawish Insel Preise:<\/h2>\n<table style=\"border-collapse: collapse; width: 84%; height: 143px;\">\n<tbody>\n<tr style=\"height: 23px;\">\n<td style=\"width: 25.0476%; height: 23px;\"><strong><span style=\"color: #3366ff;\">Teilnehmeranzahl<\/span><\/strong><\/td>\n<td style=\"width: 36.7618%; height: 23px;\"><strong><span style=\"color: #3366ff;\">Fahrzeug<\/span><\/strong><\/td>\n<td style=\"width: 22.1905%; height: 23px;\"><strong><span style=\"color: #3366ff;\">Preis pro Person<\/span><\/strong><\/td>\n<\/tr>\n<tr style=\"height: 24px;\">\n<td style=\"width: 25.0476%; height: 24px;\"><span style=\"color: #3366ff;\">2<\/span>\u00a0 \u00a0 Personen<\/td>\n<td style=\"width: 36.7618%; height: 24px;\">\u00a0Gasbodenboot Hurghada Privat<\/td>\n<td style=\"width: 22.1905%; height: 24px;\">\u00a0 \u00a0 <span style=\"color: #3366ff;\">60<\/span>\u00a0 \u00a0 \u20ac p.P.<\/td>\n<\/tr>\n<tr style=\"height: 24px;\">\n<td style=\"width: 25.0476%; height: 24px;\"><span style=\"color: #3366ff;\">3<\/span>\u00a0 \u00a0\u00a0Personen<\/td>\n<td style=\"width: 36.7618%; height: 24px;\">\u00a0Gasbodenboot Hurghada Privat<\/td>\n<td style=\"width: 22.1905%; height: 24px;\">\u00a0 \u00a0 <span style=\"color: #3366ff;\">50\u00a0 \u00a0<\/span> \u20ac p.P.<\/td>\n<\/tr>\n<tr style=\"height: 24px;\">\n<td style=\"width: 25.0476%; height: 24px;\"><span style=\"color: #3366ff;\">4\u00a0 \u00a0\u00a0<\/span> Personen<\/td>\n<td style=\"width: 36.7618%; height: 24px;\">\u00a0Gasbodenboot Hurghada Privat<\/td>\n<td style=\"width: 22.1905%; height: 24px;\">\u00a0 \u00a0 <span style=\"color: #3366ff;\">40\u00a0 \u00a0\u00a0<\/span>\u20ac p.P.<\/td>\n<\/tr>\n<tr style=\"height: 24px;\">\n<td style=\"width: 25.0476%; height: 24px;\"><span style=\"color: #3366ff;\">5\u00a0 \u00a0\u00a0<\/span> Personen<\/td>\n<td style=\"width: 36.7618%; height: 24px;\">\u00a0Gasbodenboot Hurghada Privat<\/td>\n<td style=\"width: 22.1905%; height: 24px;\">\u00a0 \u00a0 <span style=\"color: #3366ff;\">35\u00a0 \u00a0<\/span> \u20ac p.P.<\/td>\n<\/tr>\n<tr style=\"height: 24px;\">\n<td style=\"width: 25.0476%; height: 24px;\"><span style=\"color: #3366ff;\">6<\/span>\u00a0 \u00a0\u00a0 Personen<\/td>\n<td style=\"width: 36.7618%; height: 24px;\">\u00a0Gasbodenboot Hurghada Privat<\/td>\n<td style=\"width: 22.1905%; height: 24px;\">\u00a0 \u00a0 <span style=\"color: #3366ff;\">30\u00a0 \u00a0<\/span> \u20ac p.P.<\/td>\n<\/tr>\n<\/tbody>\n<\/table>\n<h3>Kinder Preise<\/h3>\n<table style=\"width: 84.3418%;\">\n<tbody>\n<tr>\n<td style=\"width: 32.6279%;\"><strong><span style=\"color: #0000ff;\">Alter des Teilnehmers<\/span><\/strong><\/td>\n<td style=\"width: 40.7407%;\"><strong><span style=\"color: #0000ff;\">Fahrzeug<\/span><\/strong><\/td>\n<td style=\"width: 29.2769%;\"><strong><span style=\"color: #0000ff;\">Preis Pro Person<\/span><\/strong><\/td>\n<\/tr>\n<tr>\n<td style=\"width: 32.6279%;\">Kind:\u00a0 \u00a0 \u00a0 \u00a0 \u00a0\u00a0 \u00a0 \u00a0 \u00a0 <span style=\"color: #0000ff;\">\u00a0 \u00a05 &#8211; 11<\/span><\/td>\n<td style=\"width: 40.7407%;\">\u00a0Gasbodenboot Hurghada Privat<\/td>\n<td style=\"width: 29.2769%;\"><span style=\"color: #0000ff;\">15<\/span>\u00a0 \u00a0\u20ac p.P.<\/td>\n<\/tr>\n<tr>\n<td style=\"width: 32.6279%;\">Kleinkind:\u00a0 \u00a0 \u00a0 \u00a0 \u00a0 \u00a0<span style=\"color: #0000ff;\">0 &#8211; 5<\/span><\/td>\n<td style=\"width: 40.7407%;\">\u00a0Gasbodenboot Hurghada Privat<\/td>\n<td style=\"width: 29.2769%;\"><span style=\"color: #0000ff;\">Frei<\/span><\/td>\n<\/tr>\n<\/tbody>\n<\/table>\n<h2>Programmablauf des Ausflugs<\/h2>\n<h3>Die Abholung von Ihrem Hotel<\/h3>\n<p>Der Ausflug zur Magawish Insel mit dem Glasbodenboot beginnt mit einer Abholung mit klimatisierten Fahrzeuge von Ihrem Hotel in Hurghada.<\/p>\n<h3>Die Bootsfahrt zur Magawish Insel<\/h3>\n<p>W\u00e4hrend der Bootfahrt k\u00f6nnen Sie die frische Meeresluft atmen und sich auf ein Abenteuer voller aufregender Entdeckungen vorbereiten. Genie\u00dfen Sie die wundersch\u00f6ne Landschaft des Roten Meeres.<\/p>\n<h3>Glasbodenboot Hurghada privat<\/h3>\n<p>W\u00e4hrend der Fahrt neben den Koralenriffen haben Sie die Gelegenheit, die farbenfrohen Korallenriffe und exotischen Fischarten des Roten Meeres zu erkunden. Durch die transparenten Glasb\u00f6den des Bootes haben Sie die M\u00f6glichkeit, trocken zu bleiben und einen atemberaubenden Blick auf die bunten Korallenriffe und die vielf\u00e4ltige Meeresfauna durch die Fahrt von ca. 45 Minuten zu genie\u00dfen.<\/p>\n<h3>Schnorcheln-Tour: Schnorchelstopp ca. eine Stunde<\/h3>\n<ul>\n<li>Genie\u00dfen Sie einen privaten Schnorchel-Gang von dem glasbodenboot \u2013 ganz privat ohne Stress. W\u00e4hrend des Ausflugs wird Ihnen die notwendige Schnorchelausr\u00fcstung zur Verf\u00fcgung gestellt.<\/li>\n<li>Unser Guide versorgt Sie mit Maske, Schnorchel, Flossen und Schwimmweste, damit Sie die Unterwasserwelt sicher erkunden k\u00f6nnen.<\/li>\n<li>Der Schnorchelausflug mit dem privaten Glasbodenboot bietet Ihnen die Gelegenheit, an einigen der sch\u00f6nsten Magawish-Inseln Riffe zu schnorcheln.<\/li>\n<li>Entdecken Sie die faszinierende Unterwasserwelt \u00c4gyptens, die farbenfrohen Korallenriffe und die vielf\u00e4ltige Meeresfauna.<\/li>\n<li>Unsere erfahrenen Guides begleiten Sie beim Schnorcheln und geben Ihnen wertvolle Tipps, wie Sie das Schnorcheln in vollen Z\u00fcgen genie\u00dfen k\u00f6nnen.<\/li>\n<\/ul>\n<h3>Magawish Inselaufenthalt<\/h3>\n<p>Die Tour f\u00fchrt die Teilnehmer auch zur Nationalparkinsel Magawish, wo sie die Sch\u00f6nheit des Meeres weiter genie\u00dfen k\u00f6nnen.<\/p>\n<h2>Mitnehmen:<\/h2>\n<p>Um Ihren Galsbodenboot &amp; Magawish Insel Schnorchelausflug vollst\u00e4ndig genie\u00dfen zu k\u00f6nnen, sollten Sie einige wichtige Dinge mitbringen:<\/p>\n<ul>\n<li>Sonnenbrille &amp;\u00a0Sonnenschutz:\u00a0Da Sie den Gro\u00dfteil des Ausflugs im Freien verbringen, ist es wichtig, Sonnenschutzmittel, eine Sonnenbrille und einen Hut mitzubringen, um sich vor der intensiven Sonneneinstrahlung zu sch\u00fctzen.<\/li>\n<li>Badebekleidung &amp; Handt\u00fccher: Vergewissern Sie sich, dass Sie Ihre Badebekleidung und Handt\u00fccher mitbringen, da Sie die M\u00f6glichkeit haben werden, am Bord zu entspannen und im klaren Wasser zu schwimmen.<\/li>\n<li>Fotoapparat<\/li>\n<li>Geld<\/li>\n<\/ul>\n<h2>Zahlungsmodalit\u00e4ten:<\/h2>\n<ul>\n<li aria-level=\"1\">Vor Ort in Bargeld in Euro, US-Dollars, Schweizer Franken. Eine Zahlung per Kreditkarte ist derzeit leider noch nicht m\u00f6glich.<\/li>\n<li aria-level=\"1\">Die Bezahlung erfolgt bei der Abholung vor Ort.<\/li>\n<\/ul>\n<h2>Stornierungsbedingungen:<\/h2>\n<ul>\n<li aria-level=\"1\">Eine kostenlose Stornierung ist bis 24 Stunden vor Reisebeginn m\u00f6glich. Danach erheben wir dann eine Stornierungsgeb\u00fchr in H\u00f6he von 30 % des Reisepreises.<\/li>\n<\/ul>\n<h2>Transferkosten:<\/h2>\n<ul>\n<li aria-level=\"1\">Die Transferkosten sind (Abholung vom Hotel und R\u00fcckfahrt zum Hotel)\u00a0 im Preis enthalten.<\/li>\n<li aria-level=\"1\">F\u00fcr entferntere Hotels und Regionen f\u00e4llt ein kleiner Aufpreis in H\u00f6he von 5,- bis 10,- \u20ac pro Person an.<\/li>\n<li aria-level=\"1\">Transfer Zulage ab die Hotels von El Gouna, Sahl Hasheesh, Makadi Bay, Soma Bay, Safaga und Safaga Hafen<\/li>\n<\/ul>\n<h2>Gerne bieten wir Ihnen weitere Angebote an:<\/h2>\n<ul>\n<li><\/li>\n<\/ul>\n<h2>Folgen Sie uns auf facebook:<\/h2>\n<p><a href=\"https:\/\/www.facebook.com\/aegypten.touren.ausfluege.mit.peter\/\" rel=\"nofollow noopener\" target=\"_blank\"><img decoding=\"async\" data-src=\"https:\/\/aegyptentouren.de\/wp-content\/uploads\/2024\/01\/Peter-Tours-400x300.png\" alt=\"\u00c4gypten Touren &amp; Ausfl\u00fcge mit Peter Tours\" width=\"55\" height=\"41\" src=\"data:image\/svg+xml;base64,PHN2ZyB3aWR0aD0iMSIgaGVpZ2h0PSIxIiB4bWxucz0iaHR0cDovL3d3dy53My5vcmcvMjAwMC9zdmciPjwvc3ZnPg==\" class=\"lazyload\" style=\"--smush-placeholder-width: 55px; --smush-placeholder-aspect-ratio: 55\/41;\" \/><\/a><\/p>\n<p><a href=\"https:\/\/www.pinterest.de\/aegyptentouren\/\" rel=\"nofollow noopener\" target=\"_blank\"><img decoding=\"async\" data-src=\"https:\/\/aegyptentouren.de\/wp-content\/uploads\/2024\/01\/Peter-Tours-1-400x300.png\" alt=\"\u00c4gypten Touren &amp; Ausfl\u00fcge mit ( Peter Tours )\" width=\"56\" height=\"42\" src=\"data:image\/svg+xml;base64,PHN2ZyB3aWR0aD0iMSIgaGVpZ2h0PSIxIiB4bWxucz0iaHR0cDovL3d3dy53My5vcmcvMjAwMC9zdmciPjwvc3ZnPg==\" class=\"lazyload\" style=\"--smush-placeholder-width: 56px; --smush-placeholder-aspect-ratio: 56\/42;\" \/><\/a><\/p>\n","protected":false},"excerpt":{"rendered":"<p>Glasbodenboot Hurghada Privat ist eine aufregende M\u00f6glichkeit, die faszinierende Unterwasserwelt des Roten Meeres zu entdecken und einen Magawish-Inselaufenthalt zu genie\u00dfen. Magawish Insel ist ein kleines Juwel, das mit einem wei\u00dfen Sandstrand und klarem, azurblauem Wasser lockt. W\u00e4hrend des Ausflugs mit dem privaten Glasbodenboot zur Insel Magawish haben Sie die einzigartige Gelegenheit, die faszinierende Unterwasserwelt des [&hellip;]<\/p>\n","protected":false},"featured_media":19897,"comment_status":"open","ping_status":"closed","template":"","meta":{"_monsterinsights_skip_tracking":false,"_monsterinsights_sitenote_active":false,"_monsterinsights_sitenote_note":"","_monsterinsights_sitenote_category":0},"product_brand":[],"product_cat":[199,266],"product_tag":[268,239,240,166],"class_list":{"0":"post-17922","1":"product","2":"type-product","3":"status-publish","4":"has-post-thumbnail","6":"product_cat-hurghada-ausfluege","7":"product_cat-uncategorized","8":"product_tag-aegypten-ausfluege-fuer-die-familien-mit-kindern-en","9":"product_tag-hurghada-boote-und-yachten","10":"product_tag-hurghada-bootsfahrten","11":"product_tag-rotes-meer","13":"first","14":"instock","15":"shipping-taxable","16":"purchasable","17":"product-type-ovabrw_car_rental","18":"add-to-wishlist-after_add_to_cart"},"_links":{"self":[{"href":"https:\/\/aegyptentouren.de\/en\/wp-json\/wp\/v2\/product\/17922","targetHints":{"allow":["GET"]}}],"collection":[{"href":"https:\/\/aegyptentouren.de\/en\/wp-json\/wp\/v2\/product"}],"about":[{"href":"https:\/\/aegyptentouren.de\/en\/wp-json\/wp\/v2\/types\/product"}],"replies":[{"embeddable":true,"href":"https:\/\/aegyptentouren.de\/en\/wp-json\/wp\/v2\/comments?post=17922"}],"version-history":[{"count":8,"href":"https:\/\/aegyptentouren.de\/en\/wp-json\/wp\/v2\/product\/17922\/revisions"}],"predecessor-version":[{"id":20917,"href":"https:\/\/aegyptentouren.de\/en\/wp-json\/wp\/v2\/product\/17922\/revisions\/20917"}],"wp:featuredmedia":[{"embeddable":true,"href":"https:\/\/aegyptentouren.de\/en\/wp-json\/wp\/v2\/media\/19897"}],"wp:attachment":[{"href":"https:\/\/aegyptentouren.de\/en\/wp-json\/wp\/v2\/media?parent=17922"}],"wp:term":[{"taxonomy":"product_brand","embeddable":true,"href":"https:\/\/aegyptentouren.de\/en\/wp-json\/wp\/v2\/product_brand?post=17922"},{"taxonomy":"product_cat","embeddable":true,"href":"https:\/\/aegyptentouren.de\/en\/wp-json\/wp\/v2\/product_cat?post=17922"},{"taxonomy":"product_tag","embeddable":true,"href":"https:\/\/aegyptentouren.de\/en\/wp-json\/wp\/v2\/product_tag?post=17922"}],"curies":[{"name":"wp","href":"https:\/\/api.w.org\/{rel}","templated":true}]}}