{"id":17912,"date":"2025-01-01T16:59:49","date_gmt":"2025-01-01T15:59:49","guid":{"rendered":"https:\/\/aegyptentouren.de\/?post_type=product&#038;p=17912"},"modified":"2026-02-27T12:56:22","modified_gmt":"2026-02-27T11:56:22","slug":"paradise-insel-hurghada-tour-schnorchelausflug","status":"publish","type":"product","link":"https:\/\/aegyptentouren.de\/en\/hurghada-ausfluege\/paradise-insel-hurghada-tour-schnorchelausflug\/","title":{"rendered":"Exklusive Paradise Insel Hurghada Tour &#038; Schnorchelausflug in kleiner Gruppe"},"content":{"rendered":"<p>Erfahren Sie die Paradise Insel Hurghada Ausflug &amp; Schnorcheln Tour in kleiner Gruppe mit maximal 15 Personen auf dem Boat. Die Paradise Insel Hurghada ist ein beliebter Ausflug, der als einer der sch\u00f6nsten Schnorchelausfl\u00fcge in Hurghada gilt. Die Insel ist bekannt f\u00fcr ihre paradiesische Atmosph\u00e4re, die den wei\u00dfen Sandstrand bietet.<\/p>\n<p>Hurghada Schnorchlausflug zur Paradise Insel garantiert Sie ein einzigartiges Schnorchelerlebnis an den besten Riffen des Roten Meeres. Mit zwei geplanten Schnorchelstopps haben die Besucher die M\u00f6glichkeit, die faszinierende Unterwasserwelt und die unber\u00fchrten Korallenriffe hautnah zu erkunden. Das klare t\u00fcrkisfarbene Wasser bildet die perfekte Kulisse f\u00fcr diese magische Schnorchelreise, bei der die Sch\u00f6nheit der Natur bewundert werden kann.<\/p>\n<ul>\n<li aria-level=\"1\">Online Buchen Vor Ort Bezahlen.<\/li>\n<li aria-level=\"1\">Bezahlung Erfolgt bei der Abholung vom Hotel.<\/li>\n<li aria-level=\"1\">Abholung von der Lobby ihres Hotel.<\/li>\n<li aria-level=\"1\">Kundendienst 24\/7 in der Woche erreichbar.<\/li>\n<\/ul>\n<h2>Elite Paradise Insel Hurghada Ausflug in kleiner Gruppe Preise:<\/h2>\n<table style=\"width: 79.1085%;\">\n<tbody>\n<tr>\n<td style=\"width: 31.0811%;\"><span style=\"color: #3366ff;\"><strong>Alter des Teilnehmers<\/strong><\/span><\/td>\n<td style=\"width: 43.6293%;\"><span style=\"color: #3366ff;\"><strong>Reisetyp<\/strong><\/span><\/td>\n<td style=\"width: 29.6179%;\"><span style=\"color: #3366ff;\"><strong>Preis Pro Person<\/strong><\/span><\/td>\n<\/tr>\n<tr>\n<td style=\"width: 31.0811%;\">Erwachsene:\u00a0 \u00a0 <span style=\"color: #3366ff;\">+ 11\u00a0 \u00a0<\/span><\/td>\n<td style=\"width: 43.6293%;\">Elite Paradies Insel Hurghada<\/td>\n<td style=\"width: 29.6179%;\"><span style=\"color: #3366ff;\">30\u00a0 <\/span><span style=\"color: #ff0000;\"><del>40<\/del><\/span>\u00a0 \u00a0\u20ac p.P.<\/td>\n<\/tr>\n<tr>\n<td style=\"width: 31.0811%;\">Kind:\u00a0 \u00a0 \u00a0 \u00a0 \u00a0 \u00a0 \u00a0 \u00a0 \u00a0 <span style=\"color: #3366ff;\">3 &#8211; 11<\/span><\/td>\n<td style=\"width: 43.6293%;\">Elite Paradise Insel Hurghada<\/td>\n<td style=\"width: 29.6179%;\"><span style=\"color: #3366ff;\">15\u00a0 <span style=\"color: #ff0000;\"><del>\u00a0<\/del><\/span><\/span><span style=\"color: #ff0000;\"><del>20<\/del><\/span> \u00a0 \u20ac p.P.<\/td>\n<\/tr>\n<tr>\n<td style=\"width: 31.0811%;\">Kleinkind:\u00a0 \u00a0 \u00a0 \u00a0 <span style=\"color: #3366ff;\">\u00a00 &#8211; 2<\/span><\/td>\n<td style=\"width: 43.6293%;\">Elite Paradise Island Hurghada<\/td>\n<td style=\"width: 29.6179%;\"><span style=\"color: #3366ff;\">Frei<\/span><\/td>\n<\/tr>\n<\/tbody>\n<\/table>\n<p>Anmerkungen: Umweltsteuer kostet 5 Euro pro Person an Bord, Alter +5.<\/p>\n<h2>Paradise Insel Hurghada Schnorelausflug: Programmablauf<\/h2>\n<h3>Abholung vom Hotel<\/h3>\n<ul>\n<li>Starten Sie Ihren Tag mit einem entspannten und komfortablen Transfer von Ihrem Hotel in Hurghada.<\/li>\n<li>Unsere klimatisierten Fahrzeuge sorgen daf\u00fcr, dass Sie die Fahrt genie\u00dfen k\u00f6nnen, w\u00e4hrend unser freundliches Team von Peter Tours sich um Ihren stressfreien Hoteltransfer k\u00fcmmert.<\/li>\n<li>Am Hafen erwartet Sie bereits das Boot, das Sie zur traumhaften Paradise Insel bringt. Unsere herzliche Schiffscrew wird Sie am Hafen willkommen hei\u00dfen und daf\u00fcr sorgen, dass Ihr Ausflug ein unvergessliches Erlebnis wird.<\/li>\n<\/ul>\n<h3>Fr\u00fchst\u00fcck an Bord<\/h3>\n<p>Beginnen Sie Ihren Paradies-Inselausflug entspannt mit einem leckeren Fr\u00fchst\u00fcck an Bord des Bootes. Genie\u00dfen Sie die ruhige Morgenstimmung, w\u00e4hrend Sie sich auf das bevorstehende Abenteuer vorbereiten.<\/p>\n<h3>Bootsfahrt zur Paradies Insel und zum Schnorcheln<\/h3>\n<p>Genie\u00dfen Sie w\u00e4hrend der Bootsfahrt zur Orange Bay Insel die atemberaubende Landschaft des Roten Meeres. Die Fahrt bietet Ihnen die perfekte Gelegenheit, die malerische K\u00fcste zu bewundern und sich auf einen entspannten Tag auf der Insel zu freuen.<\/p>\n<h3>Schnorcheln Tour: mit 2 Schnorchel-Stopps erleben Sie die faszinierende Unterwasserwelt<\/h3>\n<ul>\n<li>W\u00e4hrend des Orange Bay Insel Ausflugs haben Sie die M\u00f6glichkeit, bei zwei Schnorchel-Stopps die beeindruckenden Korallenriffe und die bunte Fischvielfalt des Roten Meeres zu entdecken.<\/li>\n<li>Unsere Erfahrene Guides begleiten Sie w\u00e4hrend der Schnorchel-Stopps und sorgen f\u00fcr Ihre Sicherheit.<\/li>\n<li>Tauchen Sie ein in die faszinierende Unterwasserwelt und lassen Sie sich von der Vielfalt und Sch\u00f6nheit der Meeresbewohner verzaubern.<\/li>\n<li>Unsere Schnorcheltour beinhaltet die komplette Ausr\u00fcstung wie Flossen, Schnorchel-Maske und Schwimmweste.<\/li>\n<li>Wir empfehlen, Ihre eigene Badebekleidung, Handt\u00fccher und Sonnenschutzmittel mitzubringen.<\/li>\n<\/ul>\n<h4>Aufenthalt auf der Paradise Insel: 2 bis 3 Stunden<\/h4>\n<p>Nach den erfrischenden Schnorchel Stopps erwartet Sie auf der Paradise Insel ein entspannender Inselaufenthalt am wei\u00dfen Sandstrand. Ob beim Sonnenbaden, Schwimmen oder einfach nur bei einem entspannten Strandspaziergang &#8211; die Besucher haben die M\u00f6glichkeit, sich zu erholen und die Atmosph\u00e4re der Insel zu erleben.<\/p>\n<h3>Mittagessen an Bord<\/h3>\n<p>Um 13:00 Uhr, nach dem ersten Schnorchelgang, erwartet Sie ein k\u00f6stliches Mittagessen mit regionalen Spezialit\u00e4ten. Genie\u00dfen Sie Ihr Essen in der entspannten Atmosph\u00e4re an Bord und tanken Sie neue Energie f\u00fcr die weiteren Abenteuer des Tages.<\/p>\n<h3>R\u00fcckfahrt zum Hafen und Transfer zum Hotel<\/h3>\n<p>Nach einem erlebnisreichen Tag auf Paradies Insel und dem Schnorcheln treten Sie die R\u00fcckfahrt zum Hafen an. Von dort aus bringt Sie unser klimatisiertes Fahrzeug sicher zur\u00fcck zu Ihrem Hotel. Lassen Sie den Tag Revue passieren und genie\u00dfen Sie die Erinnerungen an diesen unvergesslichen Ausflug.<\/p>\n<h2>Anmerkungen<\/h2>\n<ul>\n<li>Extrakte: Trinkgelder sind nicht enthalten ( Optional )<\/li>\n<li>Programm\u00e4nderungen: Die Reihenfolge kann durch den Reiseleiter ge\u00e4ndert werden. Programm\u00e4nderungen aus technischen oder organisatorischen Gr\u00fcnden vorbehalten.<\/li>\n<\/ul>\n<h2>Mitnehmen:<\/h2>\n<ul>\n<li aria-level=\"1\">Fotoapparat \/ Handy und Ladekabel<\/li>\n<li aria-level=\"1\">Sonnenbrille<\/li>\n<li aria-level=\"1\">Warme Kleidung im Winter<\/li>\n<li aria-level=\"1\">Leichte Kleidung im Sommer<\/li>\n<li aria-level=\"1\">Geld<\/li>\n<\/ul>\n<h2>Zahlungsmodalit\u00e4ten:<\/h2>\n<ul>\n<li>Vor Ort in bar in Euro, US-Dollars, Schweizer Franken. Kreditkartenzahlung ist derzeit nicht m\u00f6glich. Die Bezahlung erfolgt bei der Abholung.<\/li>\n<\/ul>\n<h2>Stornierungsbedingungen:<\/h2>\n<ul>\n<li>Kostenlose Stornierung bis 24 Stunden vor Reisebeginn m\u00f6glich. Danach wird eine Stornierungsgeb\u00fchr von 30 % des Reisepreises erhoben.<\/li>\n<\/ul>\n<h2>Transferkosten:<\/h2>\n<ul>\n<li>Transferkosten sind im Preis enthalten. F\u00fcr entferntere Hotels und Regionen f\u00e4llt ein kleiner Aufpreis von 5 bis 10 \u20ac pro Person an (z. B. f\u00fcr Hotels in Hurghada, Sahl Hasheesh, Makadi Bay, Soma Bay, Safaga).<\/li>\n<\/ul>\n<p>Packen Sie Ihre Badesachen ein und machen Sie sich bereit f\u00fcr einen aufregenden Tag voller Abenteuer und Entdeckungen auf der Orange Bay Insel!<\/p>\n<h2>Gerne bieten wir Ihnen weitere Angebote an:<\/h2>\n<ul>\n<li><\/li>\n<\/ul>\n<h2>Folgen Sie uns :<\/h2>\n<p><a href=\"https:\/\/www.facebook.com\/aegypten.touren.ausfluege.mit.peter\/\" target=\"_blank\" rel=\"noopener nofollow\"><img decoding=\"async\" data-src=\"https:\/\/aegyptentouren.de\/wp-content\/uploads\/2024\/01\/Peter-Tours-400x300.png\" alt=\"\u00c4gypten Touren &amp; Ausfl\u00fcge mit Peter Tours\" width=\"55\" height=\"41\" src=\"data:image\/svg+xml;base64,PHN2ZyB3aWR0aD0iMSIgaGVpZ2h0PSIxIiB4bWxucz0iaHR0cDovL3d3dy53My5vcmcvMjAwMC9zdmciPjwvc3ZnPg==\" class=\"lazyload\" style=\"--smush-placeholder-width: 55px; --smush-placeholder-aspect-ratio: 55\/41;\" \/><\/a><\/p>\n<p><a href=\"https:\/\/www.pinterest.de\/aegyptentouren\/\" target=\"_blank\" rel=\"noopener nofollow\"><img decoding=\"async\" data-src=\"https:\/\/aegyptentouren.de\/wp-content\/uploads\/2024\/01\/Peter-Tours-1-400x300.png\" alt=\"\u00c4gypten Touren &amp; Ausfl\u00fcge mit ( Peter Tours )\" width=\"56\" height=\"42\" src=\"data:image\/svg+xml;base64,PHN2ZyB3aWR0aD0iMSIgaGVpZ2h0PSIxIiB4bWxucz0iaHR0cDovL3d3dy53My5vcmcvMjAwMC9zdmciPjwvc3ZnPg==\" class=\"lazyload\" style=\"--smush-placeholder-width: 56px; --smush-placeholder-aspect-ratio: 56\/42;\" \/><\/a><\/p>\n","protected":false},"excerpt":{"rendered":"<p>Erfahren Sie die Paradise Insel Hurghada Ausflug &amp; Schnorcheln Tour in kleiner Gruppe mit maximal 15 Personen auf dem Boat. Die Paradise Insel Hurghada ist ein beliebter Ausflug, der als einer der sch\u00f6nsten Schnorchelausfl\u00fcge in Hurghada gilt. Die Insel ist bekannt f\u00fcr ihre paradiesische Atmosph\u00e4re, die den wei\u00dfen Sandstrand bietet. Hurghada Schnorchlausflug zur Paradise Insel [&hellip;]<\/p>\n","protected":false},"featured_media":19914,"comment_status":"open","ping_status":"closed","template":"","meta":{"_monsterinsights_skip_tracking":false,"_monsterinsights_sitenote_active":false,"_monsterinsights_sitenote_note":"","_monsterinsights_sitenote_category":0},"product_brand":[],"product_cat":[199,266],"product_tag":[268,234,239,240,166],"class_list":{"0":"post-17912","1":"product","2":"type-product","3":"status-publish","4":"has-post-thumbnail","6":"product_cat-hurghada-ausfluege","7":"product_cat-uncategorized","8":"product_tag-aegypten-ausfluege-fuer-die-familien-mit-kindern-en","9":"product_tag-giftun-insel","10":"product_tag-hurghada-boote-und-yachten","11":"product_tag-hurghada-bootsfahrten","12":"product_tag-rotes-meer","14":"first","15":"instock","16":"sale","17":"shipping-taxable","18":"purchasable","19":"product-type-ovabrw_car_rental","20":"add-to-wishlist-after_add_to_cart"},"_links":{"self":[{"href":"https:\/\/aegyptentouren.de\/en\/wp-json\/wp\/v2\/product\/17912","targetHints":{"allow":["GET"]}}],"collection":[{"href":"https:\/\/aegyptentouren.de\/en\/wp-json\/wp\/v2\/product"}],"about":[{"href":"https:\/\/aegyptentouren.de\/en\/wp-json\/wp\/v2\/types\/product"}],"replies":[{"embeddable":true,"href":"https:\/\/aegyptentouren.de\/en\/wp-json\/wp\/v2\/comments?post=17912"}],"version-history":[{"count":6,"href":"https:\/\/aegyptentouren.de\/en\/wp-json\/wp\/v2\/product\/17912\/revisions"}],"predecessor-version":[{"id":21782,"href":"https:\/\/aegyptentouren.de\/en\/wp-json\/wp\/v2\/product\/17912\/revisions\/21782"}],"wp:featuredmedia":[{"embeddable":true,"href":"https:\/\/aegyptentouren.de\/en\/wp-json\/wp\/v2\/media\/19914"}],"wp:attachment":[{"href":"https:\/\/aegyptentouren.de\/en\/wp-json\/wp\/v2\/media?parent=17912"}],"wp:term":[{"taxonomy":"product_brand","embeddable":true,"href":"https:\/\/aegyptentouren.de\/en\/wp-json\/wp\/v2\/product_brand?post=17912"},{"taxonomy":"product_cat","embeddable":true,"href":"https:\/\/aegyptentouren.de\/en\/wp-json\/wp\/v2\/product_cat?post=17912"},{"taxonomy":"product_tag","embeddable":true,"href":"https:\/\/aegyptentouren.de\/en\/wp-json\/wp\/v2\/product_tag?post=17912"}],"curies":[{"name":"wp","href":"https:\/\/api.w.org\/{rel}","templated":true}]}}