{"id":17906,"date":"2024-06-28T14:36:25","date_gmt":"2024-06-28T14:36:25","guid":{"rendered":"https:\/\/aegyptentouren.de\/?post_type=product&#038;p=17906"},"modified":"2026-02-27T13:08:04","modified_gmt":"2026-02-27T12:08:04","slug":"delfin-ausflug-hurghada","status":"publish","type":"product","link":"https:\/\/aegyptentouren.de\/en\/hurghada-ausfluege\/delfin-ausflug-hurghada\/","title":{"rendered":"\u00c4gypten Delfin Tour &#038; Schnorcheln"},"content":{"rendered":"<p>Entdecken Sie die faszinierende Welt des Delfinschwimmens in Hurghada und genie\u00dfen Sie das Schnorcheln mit diesen beeindruckenden Meeress\u00e4ugern. Wenn Sie nach einem unvergesslichen Erlebnis ab Hurghada suchen, dann sollten Sie den Delfin Ausflug Hurghada mit Peter Tours in Betracht ziehen. Diese Ausfl\u00fcge bieten Ihnen die M\u00f6glichkeit, die faszinierende Unterwasserwelt des Roten Meeres zu erkunden und Delfine in ihrem nat\u00fcrlichen Lebensraum zu beobachten. Gerne bieten wir ihnen <a href=\"https:\/\/aegyptentouren.de\/hurghada-ausfluege\/delfinschwimmen-hurghada-schnorcheln-ausflug-delfin-tour-deutsch\/\">Exklusives Delfinschwimmen Hurghada | Schnorcheln Ausflug &amp; Delfin Tour in kleiner Gruppe<\/a> an.<\/p>\n<ul>\n<li aria-level=\"1\">Online Buchen Vor Ort Bezahlen<\/li>\n<li aria-level=\"1\">Bezahlung Erfolgt bei der Abholung vom Hotel<\/li>\n<li aria-level=\"1\">Abholung von der Lobby ihres Hotel<\/li>\n<li aria-level=\"1\">Kundendienst 24\/7 in der Woche erreichbar.<\/li>\n<\/ul>\n<h2>Delfin Ausflug Hurghada, Preise:<\/h2>\n<table style=\"border-collapse: collapse;\">\n<tbody>\n<tr>\n<td><strong><span style=\"color: #3366ff;\">Alter des Teilnehmers<\/span><\/strong><\/td>\n<td style=\"text-align: center;\"><strong><span style=\"color: #3366ff;\">Reisetyp<\/span><\/strong><\/td>\n<td style=\"text-align: center;\"><strong><span style=\"color: #3366ff;\">Preis Pro Person<\/span><\/strong><\/td>\n<\/tr>\n<tr>\n<td>Erwachsene:<span style=\"color: #3366ff;\">+11\u00a0 \u00a0<\/span><\/td>\n<td style=\"text-align: center;\">\u00a0Delfinausflug Hurghada<\/td>\n<td style=\"text-align: center;\"><span style=\"color: #3366ff;\">25 <\/span>\u20ac<\/td>\n<\/tr>\n<tr>\n<td>Kind:\u00a0 \u00a0 \u00a0 \u00a0 \u00a0 \u00a0 \u00a0 <span style=\"color: #3366ff;\">5 &#8211; 11<\/span><\/td>\n<td style=\"text-align: center;\">\u00a0Delfinausflug Hurghada<\/td>\n<td style=\"text-align: center;\"><span style=\"color: #3366ff;\">12 <\/span>\u20ac<\/td>\n<\/tr>\n<tr>\n<td>Kleinkind:\u00a0 \u00a0 \u00a0<span style=\"color: #3366ff;\">0 &#8211; 5\u00a0\u00a0<\/span><\/td>\n<td style=\"text-align: center;\">\u00a0Delfinausflug Hurghada<\/td>\n<td style=\"text-align: center;\"><span style=\"color: #3366ff;\">Frei<\/span><\/td>\n<\/tr>\n<\/tbody>\n<\/table>\n<p><strong>Anmerkungen<\/strong>: Umweltsteuer kostet 5 Euro pro Person an Bord, Alter +5.<\/p>\n<h2>Programmablauf der Delfin Tour:<\/h2>\n<ul>\n<li>Abholung vom Hotel und Transfer zum Hafen:\u00a0 Wir bieten Ihnen einen Abholservice von Ihrem Hotel mit modernen und klimatisierten Fahrzeugen an. Unser freundlicher Fahrer holt Sie zur vereinbarten Zeit an Ihrem Hotel ab und bringt Sie sicher zum Hafen.<\/li>\n<li>Bootsfahrt zu den Delfinen und Schnorchel-Stopps: Die Delfin Tour ab Hurghada startet vom Hafen und f\u00fchrt entlang der atemberaubenden K\u00fcste. Unterwegs k\u00f6nnen Sie die malerische Landschaft genie\u00dfen und sich in der warmen Sonne entspannen. An der Delfin-Spotting-Stelle haben Sie die M\u00f6glichkeit, die Delfine in ihrer nat\u00fcrlichen Umgebung zu beobachten und mit ihnen zu schwimmen.<\/li>\n<li>Ausr\u00fcstung f\u00fcr das Delfinschwimmen: F\u00fcr das Delfinschwimmen und die Schnorchel-Tour stellen wir Ihnen die ben\u00f6tigte Ausr\u00fcstung zur Verf\u00fcgung, einschlie\u00dflich Flossen, Schnorchelmaske und Schwimmweste. Es ist ratsam, Ihre eigene Badebekleidung, Handt\u00fccher und Sonnenschutzmittel mitzubringen.<\/li>\n<li>Schwimmen mit den Delfinen: Unser erfahrenes Team von Guides hilft Ihnen, diese magischen Tiere hautnah zu erleben, w\u00e4hrend wir gro\u00dfen Wert auf den Schutz der Delfine und ihrer nat\u00fcrlichen Umgebung legen.<\/li>\n<li>Schnorchel: W\u00e4hrend der Delfin Tour sind mehrere Schnorchelstopps geplant, an denen Sie die Vielfalt der farbenfrohen Korallenriffe und bunten Fischpopulationen des Roten Meeres erleben k\u00f6nnen.<\/li>\n<li>Mittagessen: Nach dem ersten Schnorchel-Gang erwartet Sie ein Mittagsbuffet an Bord, das Ihnen neue Energie f\u00fcr den restlichen Ausflug gibt.<\/li>\n<li>R\u00fcckfahrt zu Ihrem Hotel: Am Ende des Ausflugs bringt Sie ein klimatisiertes Fahrzeug zur\u00fcck zu Ihrem Hotel.<\/li>\n<\/ul>\n<h2>N\u00fctzliche Informationen f\u00fcr Ihren Ausflug<\/h2>\n<p>Mitbringen: Sonnenbrille, Sonnenschutzmittel, Badebekleidung, Handt\u00fccher, Fotoapparat und etwas Geld.<br \/>\nZahlung: Vor Ort in bar in Euro, US-Dollar oder Schweizer Franken. Kreditkartenzahlung ist derzeit nicht m\u00f6glich. Die Bezahlung erfolgt bei der Abholung.<br \/>\nStornierungsbedingungen: Kostenlose Stornierung bis 24 Stunden vor Reisebeginn m\u00f6glich. Danach erheben wir eine Stornierungsgeb\u00fchr von 30 % des Reisepreises.<br \/>\nTransferkosten: Die Transferkosten sind im Preis enthalten. F\u00fcr entferntere Hotels und Regionen f\u00e4llt ein kleiner Aufpreis von 5 bis 10 \u20ac pro Person an.<\/p>\n<h2>Gerne bieten wir Ihnen weitere Angebote an:<\/h2>\n<ul>\n<li><\/li>\n<\/ul>\n<h2>Folgen Sie uns auf facebook:<\/h2>\n<p><a href=\"https:\/\/www.facebook.com\/aegypten.touren.ausfluege.mit.peter\/\" rel=\"nofollow noopener\" target=\"_blank\"><img decoding=\"async\" data-src=\"https:\/\/aegyptentouren.de\/wp-content\/uploads\/2024\/01\/Peter-Tours-400x300.png\" alt=\"\u00c4gypten Touren &amp; Ausfl\u00fcge mit Peter Tours\" width=\"55\" height=\"41\" src=\"data:image\/svg+xml;base64,PHN2ZyB3aWR0aD0iMSIgaGVpZ2h0PSIxIiB4bWxucz0iaHR0cDovL3d3dy53My5vcmcvMjAwMC9zdmciPjwvc3ZnPg==\" class=\"lazyload\" style=\"--smush-placeholder-width: 55px; --smush-placeholder-aspect-ratio: 55\/41;\" \/><\/a><\/p>\n<p><a href=\"https:\/\/www.pinterest.de\/aegyptentouren\/\" rel=\"nofollow noopener\" target=\"_blank\"><img decoding=\"async\" data-src=\"https:\/\/aegyptentouren.de\/wp-content\/uploads\/2024\/01\/Peter-Tours-1-400x300.png\" alt=\"\u00c4gypten Touren &amp; Ausfl\u00fcge mit ( Peter Tours )\" width=\"56\" height=\"42\" src=\"data:image\/svg+xml;base64,PHN2ZyB3aWR0aD0iMSIgaGVpZ2h0PSIxIiB4bWxucz0iaHR0cDovL3d3dy53My5vcmcvMjAwMC9zdmciPjwvc3ZnPg==\" class=\"lazyload\" style=\"--smush-placeholder-width: 56px; --smush-placeholder-aspect-ratio: 56\/42;\" \/><\/a><\/p>\n","protected":false},"excerpt":{"rendered":"<p>Entdecken Sie die faszinierende Welt des Delfinschwimmens in Hurghada und genie\u00dfen Sie das Schnorcheln mit diesen beeindruckenden Meeress\u00e4ugern. Wenn Sie nach einem unvergesslichen Erlebnis ab Hurghada suchen, dann sollten Sie den Delfin Ausflug Hurghada mit Peter Tours in Betracht ziehen. Diese Ausfl\u00fcge bieten Ihnen die M\u00f6glichkeit, die faszinierende Unterwasserwelt des Roten Meeres zu erkunden und [&hellip;]<\/p>\n","protected":false},"featured_media":19600,"comment_status":"open","ping_status":"closed","template":"","meta":{"_monsterinsights_skip_tracking":false,"_monsterinsights_sitenote_active":false,"_monsterinsights_sitenote_note":"","_monsterinsights_sitenote_category":0},"product_brand":[],"product_cat":[199,200,202,204,205,201,266,203],"product_tag":[268,234,239,240,166],"class_list":{"0":"post-17906","1":"product","2":"type-product","3":"status-publish","4":"has-post-thumbnail","6":"product_cat-hurghada-ausfluege","7":"product_cat-el-gouna-ausfluege","8":"product_cat-makadi-bay-ausfluege","9":"product_cat-safaga-ausfluege","10":"product_cat-safaga-hafen-ausfluege","11":"product_cat-sahl-hasheesh-ausfluege","12":"product_cat-uncategorized","13":"product_cat-soma-bay-ausfluege","14":"product_tag-aegypten-ausfluege-fuer-die-familien-mit-kindern-en","15":"product_tag-giftun-insel","16":"product_tag-hurghada-boote-und-yachten","17":"product_tag-hurghada-bootsfahrten","18":"product_tag-rotes-meer","20":"first","21":"instock","22":"shipping-taxable","23":"purchasable","24":"product-type-ovabrw_car_rental","25":"add-to-wishlist-after_add_to_cart"},"_links":{"self":[{"href":"https:\/\/aegyptentouren.de\/en\/wp-json\/wp\/v2\/product\/17906","targetHints":{"allow":["GET"]}}],"collection":[{"href":"https:\/\/aegyptentouren.de\/en\/wp-json\/wp\/v2\/product"}],"about":[{"href":"https:\/\/aegyptentouren.de\/en\/wp-json\/wp\/v2\/types\/product"}],"replies":[{"embeddable":true,"href":"https:\/\/aegyptentouren.de\/en\/wp-json\/wp\/v2\/comments?post=17906"}],"version-history":[{"count":8,"href":"https:\/\/aegyptentouren.de\/en\/wp-json\/wp\/v2\/product\/17906\/revisions"}],"predecessor-version":[{"id":21628,"href":"https:\/\/aegyptentouren.de\/en\/wp-json\/wp\/v2\/product\/17906\/revisions\/21628"}],"wp:featuredmedia":[{"embeddable":true,"href":"https:\/\/aegyptentouren.de\/en\/wp-json\/wp\/v2\/media\/19600"}],"wp:attachment":[{"href":"https:\/\/aegyptentouren.de\/en\/wp-json\/wp\/v2\/media?parent=17906"}],"wp:term":[{"taxonomy":"product_brand","embeddable":true,"href":"https:\/\/aegyptentouren.de\/en\/wp-json\/wp\/v2\/product_brand?post=17906"},{"taxonomy":"product_cat","embeddable":true,"href":"https:\/\/aegyptentouren.de\/en\/wp-json\/wp\/v2\/product_cat?post=17906"},{"taxonomy":"product_tag","embeddable":true,"href":"https:\/\/aegyptentouren.de\/en\/wp-json\/wp\/v2\/product_tag?post=17906"}],"curies":[{"name":"wp","href":"https:\/\/api.w.org\/{rel}","templated":true}]}}