{"id":17899,"date":"2024-10-21T18:21:44","date_gmt":"2024-10-21T16:21:44","guid":{"rendered":"https:\/\/aegyptentouren.de\/?post_type=product&#038;p=17899"},"modified":"2026-02-27T13:15:56","modified_gmt":"2026-02-27T12:15:56","slug":"private-bootstour-makadi-bay-schnorcheln-delfin-tour-orange-bay","status":"publish","type":"product","link":"https:\/\/aegyptentouren.de\/en\/makadi-bay-ausfluege\/private-bootstour-makadi-bay-schnorcheln-delfin-tour-orange-bay\/","title":{"rendered":"Private Bootstour ab Makadi Bay (Delfin Tour &#8211; Inselausflug &#038; Schnorcheln)"},"content":{"rendered":"<p>Erleben Sie eine exklusive private Bootstour im Roten Meer ab Makadi Bay und genie\u00dfen Sie einen unvergesslichen Tag mit Ihren Liebsten. Diese besonderen Ausfl\u00fcge mit privater Yacht, die auf Anfrage erh\u00e4ltlich sind, bieten sowohl Erwachsenen als auch Kindern die M\u00f6glichkeit, das faszinierende Unterwasserparadies in v\u00f6lliger Privatsph\u00e4re zu erleben. Planen Sie Ihr Abenteuer individuell: Erkunden Sie bis zu drei Korallenriffe beim Schnorcheln, entspannen Sie an der Hurghada Sandbank oder beobachten Sie Delfine auf einer privaten Delfin-Tour. Weitere Optionen beinhalten Inselaufenthalte auf der Giftun-Insel, wie z.B. private Orange Bay oder Paradies-Insel-Schnorchel-Ausfl\u00fcge.<\/p>\n<p>Genie\u00dfen Sie einzigartige Erlebnisse und Aktivit\u00e4ten in \u00c4gypten mit Peter Tours. Buchen Sie die besten Ausfl\u00fcge, Aktivit\u00e4ten und Touren in \u00c4gypten, entweder in kleinen Gruppen oder privat, ohne Massentourismus oder Verkaufsveranstaltungen.<\/p>\n<h2>Private Bootstour ab Makadi Bay Preise:<\/h2>\n<table style=\"border-collapse: collapse; width: 69.029%; height: 240px;\">\n<tbody>\n<tr style=\"height: 24px;\">\n<td style=\"height: 24px;\"><span style=\"color: #3366ff;\"><strong>Die Teilnehmer<\/strong><\/span><\/td>\n<td style=\"text-align: center; height: 24px;\"><strong><span style=\"color: #3366ff;\">Bootstour<\/span><\/strong><\/td>\n<td style=\"text-align: center; height: 24px;\"><strong><span style=\"color: #3366ff;\">Preis pro Person<\/span><\/strong><\/td>\n<\/tr>\n<tr style=\"height: 24px;\">\n<td style=\"text-align: center; height: 24px;\"><strong><span style=\"color: #3366ff;\">2<\/span><\/strong><\/td>\n<td style=\"text-align: center; height: 24px;\">Private Bootstour ab Hurghada<\/td>\n<td style=\"text-align: center; height: 24px;\"><span style=\"color: #3366ff;\"><strong>199<\/strong>\u00a0<\/span>\u20ac<\/td>\n<\/tr>\n<tr style=\"height: 24px;\">\n<td style=\"text-align: center; height: 24px;\"><strong><span style=\"color: #3366ff;\">3<\/span><\/strong><\/td>\n<td style=\"text-align: center; height: 24px;\">Private Bootstour ab Hurghada<\/td>\n<td style=\"text-align: center; height: 24px;\"><span style=\"color: #3366ff;\">1<strong>54<\/strong><\/span>\u00a0\u20ac<\/td>\n<\/tr>\n<tr style=\"height: 24px;\">\n<td style=\"text-align: center; height: 24px;\"><strong><span style=\"color: #3366ff;\">4<\/span><\/strong><\/td>\n<td style=\"text-align: center; height: 24px;\">Private Bootstour ab Hurghada<\/td>\n<td style=\"text-align: center; height: 24px;\"><span style=\"color: #3366ff;\"><strong>119<\/strong>\u00a0<\/span>\u20ac<\/td>\n<\/tr>\n<tr style=\"height: 24px;\">\n<td style=\"text-align: center; height: 24px;\"><strong><span style=\"color: #3366ff;\">5<\/span><\/strong><\/td>\n<td style=\"text-align: center; height: 24px;\">Private Bootstour Hurghada<\/td>\n<td style=\"text-align: center; height: 24px;\"><span style=\"color: #3366ff;\"><strong>99<\/strong> <\/span>\u00a0\u20ac<\/td>\n<\/tr>\n<tr style=\"height: 24px;\">\n<td style=\"text-align: center; height: 24px;\"><strong><span style=\"color: #3366ff;\">6<\/span><\/strong><\/td>\n<td style=\"text-align: center; height: 24px;\">Private Bootstour Hurghada<\/td>\n<td style=\"text-align: center; height: 24px;\"><span style=\"color: #3366ff;\"><strong>87<\/strong>\u00a0 <\/span>\u20ac<\/td>\n<\/tr>\n<tr style=\"height: 24px;\">\n<td style=\"text-align: center; height: 24px;\"><strong><span style=\"color: #3366ff;\">7\u00a0<\/span><\/strong><\/td>\n<td style=\"text-align: center; height: 24px;\">Private Bootstour Hurghada<\/td>\n<td style=\"text-align: center; height: 24px;\"><span style=\"color: #3366ff;\"><strong>79<\/strong>\u00a0 <\/span>\u20ac<\/td>\n<\/tr>\n<tr style=\"height: 24px;\">\n<td style=\"text-align: center; height: 24px;\"><strong><span style=\"color: #3366ff;\">8<\/span><\/strong><\/td>\n<td style=\"text-align: center; height: 24px;\">Private Bootstour Hurghada<\/td>\n<td style=\"text-align: center; height: 24px;\"><span style=\"color: #3366ff;\"><strong>74<\/strong>\u00a0\u00a0<\/span>\u20ac<\/td>\n<\/tr>\n<tr style=\"height: 24px;\">\n<td style=\"text-align: center; height: 24px;\"><strong><span style=\"color: #3366ff;\">9<\/span><\/strong><\/td>\n<td style=\"text-align: center; height: 24px;\">Private Bootstour Hurghada<\/td>\n<td style=\"text-align: center; height: 24px;\"><span style=\"color: #3366ff;\"><strong>65<\/strong> \u00a0<\/span>\u20ac<\/td>\n<\/tr>\n<tr style=\"height: 24px;\">\n<td style=\"text-align: center; height: 24px;\"><strong><span style=\"color: #3366ff;\">10<\/span><\/strong><\/td>\n<td style=\"text-align: center; height: 24px;\">Private Bootstour Hurghada<\/td>\n<td style=\"text-align: center; height: 24px;\"><span style=\"color: #3366ff;\"><strong>59 <\/strong>\u00a0<\/span>\u20ac<\/td>\n<\/tr>\n<\/tbody>\n<\/table>\n<h2>Kinder Preise<\/h2>\n<table>\n<tbody>\n<tr>\n<td>Kleinkind\u00a0 bis\u00a0 <span style=\"color: #3366ff;\"><strong>5\u00a0<\/strong><\/span> Jahre alt<\/td>\n<td><span style=\"color: #3366ff;\">Frei<\/span><\/td>\n<\/tr>\n<tr>\n<td>Kinder von\u00a0 <strong><span style=\"color: #3366ff;\">5<\/span><\/strong> bis <span style=\"color: #3366ff;\"><strong>11<\/strong><\/span>\u00a0 Jahre alt<\/td>\n<td><strong><span style=\"color: #3366ff;\">30<\/span><\/strong> \u20ac\u00a0 \u00a0pro Kind<\/td>\n<\/tr>\n<\/tbody>\n<\/table>\n<h2>Bootstour Makadi Bay Privat: Planen Sie Ihre Makadi Bay Ausfl\u00fcge nach Ihrem Wunsch<\/h2>\n<p>Bestellen Sie einfach und wir werden es ausf\u00fchren. Bei uns werden Ihre Tr\u00e4ume wahr! Sie haben schon ein paar Ideen f\u00fcr Ihr tolles Erlebnis an diesem Tag? Diskutieren Sie Ihre Vorschl\u00e4ge mit uns und wir entscheiden zusammen die besten M\u00f6glichkeiten.<\/p>\n<h3>Haupte Highlights des Ausflugs:<\/h3>\n<p>Unser Team steht Ihnen w\u00e4hrend des gesamten Ausflugs zur Verf\u00fcgung und sorgt daf\u00fcr, dass Sie die VIP-Behandlung erhalten, die Sie sich im Urlaub w\u00fcnschen.<\/p>\n<ul>\n<li>Mit einem privaten Boot und einer erfahrenen Crew ganz f\u00fcr sich allein k\u00f6nnen Sie diesen Tag zu einem unvergesslichen Erlebnis machen.<\/li>\n<li>Alle Transfers sind privat und mit klimatisierten Fahrzeugen vom Hotel und zur\u00fcck.<\/li>\n<li>Unsere erfahrenen Guides begleiten Sie und sorgen f\u00fcr Ihre Sicherheit w\u00e4hrend der Tour.<\/li>\n<li>Die Schnorchelausr\u00fcstungen an Bord sind im Preis inbegriffen.<\/li>\n<li>Fr\u00fchst\u00fcck und Mittagessen an Bord.<\/li>\n<li>Softgetr\u00e4nke im Preis inbegriffen (Cola, Fanta, Sprite, Mineralwasser und Saft). Bestellen Sie Ihre Lieblingsgetr\u00e4nke per WhatsApp.<\/li>\n<li>4 verschiedene Arten von Obst.<\/li>\n<\/ul>\n<h2>Programm 1: Private Delfin Tour Makadi Bay<\/h2>\n<p>Wenn Sie von einem einmaligen und exklusiven Erlebnis mit den Delfinen tr\u00e4umen, dann ist eine private Delfin Tour in Makadi Bay mit einem eigenen Boot genau das Richtige f\u00fcr Sie. Diese Tour bietet nicht nur die M\u00f6glichkeit, die faszinierenden Delfine in ihrer nat\u00fcrlichen Umgebung zu beobachten, sondern auch den Luxus und die Privatsph\u00e4re, die nur eine private Bootstour bieten kann.<\/p>\n<h3>Highlights des Ausflugs:<\/h3>\n<ul>\n<li>Dolphin House: Besuchen Sie das Dolphin House entlang der K\u00fcste von Makadi Bay und El Gouna.<\/li>\n<li>Delfinschwimmen: Schwimmen Sie mit den Delfinen in ihrer nat\u00fcrlichen Umgebung, ohne den Stress der gro\u00dfen Gruppen.<\/li>\n<li>Schnorcheln: Erkunden Sie die Unterwasserwelt des Roten Meeres mit zwei Schnorchel-Stopps von jeweils ca. 45 Minuten.<\/li>\n<li>Manchmal, wenn wir die Delfine in der N\u00e4he der Giftun-Insel treffen, k\u00f6nnen Sie auch die Makadi Bay Sandbank besuchen.<\/li>\n<li>Erkunden Sie die faszinierende Unterwasserwelt des Roten Meeres durch unsere private Delfin-Tour in Makadi Bay. Von bunten Korallenriffen bis hin zu verschiedenen Meeresbewohnern gibt es viel zu entdecken und zu bestaunen.<\/li>\n<li>Mit professionellen Guides an Ihrer Seite k\u00f6nnen Sie sich auf unvergessliche Momente im klaren Wasser freuen.<\/li>\n<\/ul>\n<h2>Programm 2: Private Bootstouren Makadi Bay zur Paradies Insel<\/h2>\n<p>Eine private Bootstour zur Paradise Island in Makadi Bay ist ein Erlebnis, das Sie so schnell nicht vergessen werden. Ob Sie ein Abenteuer im Wasser suchen, die Ruhe am Strand genie\u00dfen oder einfach nur die Sch\u00f6nheit des Roten Meeres bewundern m\u00f6chten \u2013 ein Besuch der Paradise Island ist ein Highlight, das jeden Urlaub in Makadi Bay bereichert.<\/p>\n<h3>Highlights des Ausflugs:<\/h3>\n<ul>\n<li>Paradies Insel: Genie\u00dfen Sie den Paradies Inselaufenthalt von 2 bis 3 Stunden.<\/li>\n<li>Schnorcheln: Erkunden Sie die Unterwasserwelt des Roten Meeres mit zwei Schnorchel-Stopps von jeweils ca. 45 Minuten.<\/li>\n<li>Entspannen Sie an Bord und genie\u00dfen Sie die tollen Farben des Roten Meeres.<\/li>\n<\/ul>\n<h2>Programm 3: Privater Schnorchelausflug und Entspannung vor Hurghada Sand Bank<\/h2>\n<p>Tauchen Sie ein in die farbenfrohe Welt des Roten Meeres und entdecken Sie seine einzigartige Sch\u00f6nheit. W\u00e4hrend der privaten Bootstour haben Sie die M\u00f6glichkeit, die Korallenriffe hautnah zu erleben und die vielf\u00e4ltige Unterwasserwelt zu erkunden. Entspannen Sie an Bord und genie\u00dfen Sie die Sonne. Erleben Sie die friedliche Atmosph\u00e4re fernab des Trubels direkt vor der Makadi Bay Sand Bank.<\/p>\n<h3>Highlights des Ausflugs:<\/h3>\n<ul>\n<li>Schnorchel-Stopps: Erkunden Sie die Unterwasserwelt des Roten Meeres (2 oder 3 Schnorchel-Stopps an den besten Schnorchel-Orten in Hurghada nach Ihrem Wunsch).<\/li>\n<li>Sandbank Hurghada: Entspannen Sie an Bord l\u00e4nger direkt vor der Hurghada Sand Bank und genie\u00dfen Sie die tollen Farben des Roten Meeres. Nehmen Sie sich Zeit, um die Sch\u00f6nheit und Ruhe des Meeres zu genie\u00dfen und lassen Sie sich von der Magie dieses einzigartigen Ortes begeistern.<\/li>\n<li>Bestellen Sie per WhatsApp ein kleines Motorboot zum Sandbank Beach Hurghada oder schwimmen Sie einfach ein paar Minuten.<\/li>\n<\/ul>\n<p><a style=\"color: #000000;\" href=\"https:\/\/aegyptentouren.de\/wp-content\/uploads\/2024\/05\/Hurghada-Sand-Bank.jpg\"><img fetchpriority=\"high\" decoding=\"async\" class=\" wp-image-17836\" src=\"https:\/\/aegyptentouren.de\/wp-content\/uploads\/2024\/05\/Hurghada-Sand-Bank-1300x800.jpg\" alt=\"Hurghada Sand Bank\" width=\"539\" height=\"332\" \/><\/a><\/p>\n<h2>Programm 4: Private Bootstouren Makadi Bay zur Orange Bay<\/h2>\n<p>Ein privater Schnorchelausflug Makadi Bay zur Orange Bay ist die perfekte Kombination aus Abenteuer, Entspannung und Luxus. Ob Sie ein erfahrener Schnorchler sind oder zum ersten Mal die Unterwasserwelt erkunden \u2013 diese Tour bietet f\u00fcr jeden etwas. Genie\u00dfen Sie die Sch\u00f6nheit des Roten Meeres und lassen Sie sich von der atemberaubenden Natur auf der Orange Bay Insel verzaubern. Ein Tag in der Orange Bay wird Ihnen noch lange in Erinnerung bleiben.<\/p>\n<h3>Highlights des Ausflugs:<\/h3>\n<ul>\n<li>Orange Bay: Genie\u00dfen Sie den Orange Bay Inselaufenthalt von 2 bis 3 Stunden.<\/li>\n<li>Schnorchel-Stopps: Erkunden Sie die Unterwasserwelt des Roten Meeres mit zwei Schnorchel-Stopps von jeweils ca. 45 Minuten.<\/li>\n<li>Entspannen Sie an Bord l\u00e4nger und genie\u00dfen Sie die tollen Farben des Roten Meeres.<\/li>\n<\/ul>\n<p>Mit Peter Tours steht Ihnen ein kompetentes und erfahrenes Team zur Seite, das sicherstellt, dass Ihr Bootsausflug zum Schnorcheln ein unvergessliches Erlebnis wird. Genie\u00dfen Sie die private Atmosph\u00e4re an Bord, schwimmen und entspannen Sie an den sch\u00f6nsten Orten im Roten Meer. Entdecken Sie die Sch\u00f6nheit unter Wasser und nehmen Sie unvergessliche Erinnerungen an diesen spektakul\u00e4ren Tag mit nach Hause. Erleben Sie mit uns eine private Bootstour, die ganz auf Ihre individuellen W\u00fcnsche und Bed\u00fcrfnisse zugeschnitten ist.<\/p>\n<h2>Anmerkungen:<\/h2>\n<ul>\n<li>Alle Extrakosten wie Trinkgelder sind nicht enthalten.<\/li>\n<li>Die Reihenfolge kann ggf. durch den Reiseleiter ge\u00e4ndert werden. Programm\u00e4nderungen sind aus technischen oder organisatorischen Gr\u00fcnden vorbehalten.<\/li>\n<\/ul>\n<h2>Mitnehmen:<\/h2>\n<p>Um Ihren private Bootstour Makadi Bay &amp; Schnorchel-Ausflug vollst\u00e4ndig genie\u00dfen zu k\u00f6nnen, sollten Sie einige wichtige Dinge mitbringen:<\/p>\n<ul>\n<li>Sonnenbrille &amp; Sonnenschutz: Da Sie den Gro\u00dfteil des Ausflugs im Freien verbringen, ist es wichtig, Sonnenschutzmittel, eine Sonnenbrille und einen Hut mitzubringen, um sich vor der intensiven Sonneneinstrahlung zu sch\u00fctzen.<\/li>\n<li>Badebekleidung &amp; Handt\u00fccher: Vergewissern Sie sich, dass Sie Ihre Badebekleidung und Handt\u00fccher mitbringen, da Sie die M\u00f6glichkeit haben werden, an Bord zu entspannen und im klaren Wasser zu schwimmen.<\/li>\n<li>Fotoapparat<\/li>\n<li>Geld<\/li>\n<\/ul>\n<h2>Zahlungsmodalit\u00e4ten:<\/h2>\n<ul>\n<li>Vor Ort in Bargeld in Euro, US-Dollars, Schweizer Franken. Eine Zahlung per Kreditkarte ist derzeit leider noch nicht m\u00f6glich.<\/li>\n<li>Die Bezahlung erfolgt bei der Abholung vor Ort.<\/li>\n<\/ul>\n<h2>Stornierungsbedingungen:<\/h2>\n<ul>\n<li>Eine kostenlose Stornierung ist bis 24 Stunden vor Reisebeginn m\u00f6glich. Danach erheben wir eine Stornierungsgeb\u00fchr in H\u00f6he von 30 % des Reisepreises.<\/li>\n<\/ul>\n<h2>Transferkosten:<\/h2>\n<ul>\n<li>Die Transferkosten (Abholung vom Hotel und R\u00fcckfahrt zum Hotel) sind im Preis enthalten.<\/li>\n<li>F\u00fcr entferntere Hotels und Regionen f\u00e4llt ein kleiner Aufpreis in H\u00f6he von 5,- bis 10,- \u20ac pro Person an.<\/li>\n<li>Transferzuschlag ab den Hotels von El Gouna, Sahl Hasheesh, Makadi Bay, Soma Bay, Safaga und Safaga Hafen.<\/li>\n<\/ul>\n<h2>Gerne bieten wir Ihnen weitere Angebote an:<\/h2>\n<ul>\n<li><span style=\"color: #0000ff;\"><a style=\"color: #0000ff;\" href=\"https:\/\/aegyptentouren.de\/makadi-bay-ausfluege\/delfin-tour-makadi-bay-delfinschwimmen-schnorcheln-ausflug\/\">Exklusive Delfin Tour Makadi Bay | Delfinschwimmen &amp; Schnorcheln Ausflug<\/a><\/span><\/li>\n<li><span style=\"color: #0000ff;\"><a style=\"color: #0000ff;\" href=\"https:\/\/aegyptentouren.de\/makadi-bay-ausfluege\/elite-orange-bay-insel-ausflug-makadi-bay-schnorcheln-tour-deutsch\/\">Exklusiver Orange Bay Insel Ausflug | Makadi Bay Schnorcheln Tour<\/a><\/span><\/li>\n<li><span style=\"color: #0000ff;\"><a style=\"color: #0000ff;\" href=\"https:\/\/aegyptentouren.de\/makadi-bay-ausfluege\/delfin-tour-makadi-bay-mit-speedboot-privat-schnorcheln-ausflug\/\">Private Delfin Tour Makadi Bay mit Speedboot &amp; Schnorcheln Ausflug<\/a><\/span><\/li>\n<li><span style=\"color: #0000ff;\"><a style=\"color: #0000ff;\" href=\"https:\/\/aegyptentouren.de\/makadi-bay-ausfluege\/aegypten-abu-dabbab-schnorcheln-schildkroeten-ausflug-ab-makadi-bay-privat\/\">Abu Dabbab Schnorcheln-Schildkr\u00f6ten Ausflug ab Makadi Bay privat<\/a><\/span><\/li>\n<\/ul>\n<h2>Folgen Sie uns:<\/h2>\n<p><a href=\"https:\/\/www.facebook.com\/aegypten.touren.ausfluege.mit.peter\/\" target=\"_blank\" rel=\"noopener nofollow\"><img decoding=\"async\" data-src=\"https:\/\/aegyptentouren.de\/wp-content\/uploads\/2024\/01\/Peter-Tours-400x300.png\" alt=\"\u00c4gypten Touren &amp; Ausfl\u00fcge mit Peter Tours\" width=\"55\" height=\"41\" src=\"data:image\/svg+xml;base64,PHN2ZyB3aWR0aD0iMSIgaGVpZ2h0PSIxIiB4bWxucz0iaHR0cDovL3d3dy53My5vcmcvMjAwMC9zdmciPjwvc3ZnPg==\" class=\"lazyload\" style=\"--smush-placeholder-width: 55px; --smush-placeholder-aspect-ratio: 55\/41;\" \/><\/a><\/p>\n<p><a href=\"https:\/\/www.pinterest.de\/aegyptentouren\/\" target=\"_blank\" rel=\"noopener nofollow\"><img decoding=\"async\" data-src=\"https:\/\/aegyptentouren.de\/wp-content\/uploads\/2024\/01\/Peter-Tours-1-400x300.png\" alt=\"\u00c4gypten Touren &amp; Ausfl\u00fcge mit ( Peter Tours )\" width=\"56\" height=\"42\" src=\"data:image\/svg+xml;base64,PHN2ZyB3aWR0aD0iMSIgaGVpZ2h0PSIxIiB4bWxucz0iaHR0cDovL3d3dy53My5vcmcvMjAwMC9zdmciPjwvc3ZnPg==\" class=\"lazyload\" style=\"--smush-placeholder-width: 56px; --smush-placeholder-aspect-ratio: 56\/42;\" \/><\/a><\/p>\n","protected":false},"excerpt":{"rendered":"<p>Erleben Sie eine exklusive private Bootstour im Roten Meer ab Makadi Bay und genie\u00dfen Sie einen unvergesslichen Tag mit Ihren Liebsten. Diese besonderen Ausfl\u00fcge mit privater Yacht, die auf Anfrage erh\u00e4ltlich sind, bieten sowohl Erwachsenen als auch Kindern die M\u00f6glichkeit, das faszinierende Unterwasserparadies in v\u00f6lliger Privatsph\u00e4re zu erleben. Planen Sie Ihr Abenteuer individuell: Erkunden Sie [&hellip;]<\/p>\n","protected":false},"featured_media":20121,"comment_status":"open","ping_status":"closed","template":"","meta":{"_monsterinsights_skip_tracking":false,"_monsterinsights_sitenote_active":false,"_monsterinsights_sitenote_note":"","_monsterinsights_sitenote_category":0},"product_brand":[],"product_cat":[202],"product_tag":[268,234,166],"class_list":{"0":"post-17899","1":"product","2":"type-product","3":"status-publish","4":"has-post-thumbnail","6":"product_cat-makadi-bay-ausfluege","7":"product_tag-aegypten-ausfluege-fuer-die-familien-mit-kindern-en","8":"product_tag-giftun-insel","9":"product_tag-rotes-meer","11":"first","12":"instock","13":"sale","14":"shipping-taxable","15":"purchasable","16":"product-type-ovabrw_car_rental","17":"add-to-wishlist-after_add_to_cart"},"_links":{"self":[{"href":"https:\/\/aegyptentouren.de\/en\/wp-json\/wp\/v2\/product\/17899","targetHints":{"allow":["GET"]}}],"collection":[{"href":"https:\/\/aegyptentouren.de\/en\/wp-json\/wp\/v2\/product"}],"about":[{"href":"https:\/\/aegyptentouren.de\/en\/wp-json\/wp\/v2\/types\/product"}],"replies":[{"embeddable":true,"href":"https:\/\/aegyptentouren.de\/en\/wp-json\/wp\/v2\/comments?post=17899"}],"version-history":[{"count":20,"href":"https:\/\/aegyptentouren.de\/en\/wp-json\/wp\/v2\/product\/17899\/revisions"}],"predecessor-version":[{"id":21811,"href":"https:\/\/aegyptentouren.de\/en\/wp-json\/wp\/v2\/product\/17899\/revisions\/21811"}],"wp:featuredmedia":[{"embeddable":true,"href":"https:\/\/aegyptentouren.de\/en\/wp-json\/wp\/v2\/media\/20121"}],"wp:attachment":[{"href":"https:\/\/aegyptentouren.de\/en\/wp-json\/wp\/v2\/media?parent=17899"}],"wp:term":[{"taxonomy":"product_brand","embeddable":true,"href":"https:\/\/aegyptentouren.de\/en\/wp-json\/wp\/v2\/product_brand?post=17899"},{"taxonomy":"product_cat","embeddable":true,"href":"https:\/\/aegyptentouren.de\/en\/wp-json\/wp\/v2\/product_cat?post=17899"},{"taxonomy":"product_tag","embeddable":true,"href":"https:\/\/aegyptentouren.de\/en\/wp-json\/wp\/v2\/product_tag?post=17899"}],"curies":[{"name":"wp","href":"https:\/\/api.w.org\/{rel}","templated":true}]}}