{"id":17828,"date":"2025-01-20T18:58:28","date_gmt":"2025-01-20T17:58:28","guid":{"rendered":"https:\/\/aegyptentouren.de\/?post_type=product&#038;p=17828"},"modified":"2025-12-12T15:31:56","modified_gmt":"2025-12-12T14:31:56","slug":"privater-transfer-vom-flughafen-hurghada-nach-makadi-bay-privat","status":"publish","type":"product","link":"https:\/\/aegyptentouren.de\/en\/aegypten-flughafen-transfer\/privater-transfer-vom-flughafen-hurghada-nach-makadi-bay-privat\/","title":{"rendered":"Privater Transfer vom Flughafen Hurghada nach Makadi Bay"},"content":{"rendered":"<p>Der pers\u00f6nliche Transportservice bietet einen bequemen Transfer vom Flughafen Hurghada nach Makadi Bay zu fairen Preisen, um den stressfreien Start in den Urlaub zu gew\u00e4hrleisten.<\/p>\n<p>Mit dem individuellen Makadi Bay Transfer genie\u00dfen Sie eine komfortable und bequeme Fahrt zum Wunschziel, um ihren Urlaub in Makadi Bay entspannt zu beginnen.<\/p>\n<h2>Privater Transfer vom Flughafen Hurghada nach Makadi Bay Preise<\/h2>\n<table style=\"border-collapse: collapse;\">\n<tbody>\n<tr>\n<td><strong><span style=\"color: #3366ff;\">Teilnehmer-Anzahl<\/span><\/strong><\/td>\n<td style=\"text-align: center;\"><strong><span style=\"color: #3366ff;\">Fahrzeug<\/span><\/strong><\/td>\n<td style=\"text-align: center;\"><strong><span style=\"color: #3366ff;\">Preise pro Transfer<\/span><\/strong><\/td>\n<\/tr>\n<tr>\n<td><span style=\"color: #3366ff;\"><strong>1 &#8211; 2\u00a0<\/strong><\/span><\/td>\n<td style=\"text-align: center;\">Privater PKW<\/td>\n<td style=\"text-align: center;\"><strong><span style=\"color: #3366ff;\">21 <\/span><\/strong>\u20ac pro Transfer<\/td>\n<\/tr>\n<tr>\n<td><strong><span style=\"color: #3366ff;\">3 &#8211; 8\u00a0 \u00a0<\/span><\/strong><\/td>\n<td style=\"text-align: center;\">Privater Mini-Bus<\/td>\n<td style=\"text-align: center;\"><strong><span style=\"color: #3366ff;\">25 <\/span><\/strong>\u20ac pro Transfer<\/td>\n<\/tr>\n<\/tbody>\n<\/table>\n<h2>Dauer der Fahrt zwischen Hurghada Flughafen und Makadi Bay<\/h2>\n<p>Die Entfernung vom Flughafen Hurghada nach Makadi Bay betr\u00e4gt ungef\u00e4hr 30\u00a0 Kilometer Die Fahrzeit vom Flughafen Hurghada nach Makadi Bay daurt ca. 30 Minuten.<\/p>\n<h2>Makadi Bay Transfer Privat: Die Vorteile<\/h2>\n<h3>Zeitersparnis<\/h3>\n<p>Der Transport vom Flughafen Hurghada nach Makadi Bay dauert ca. 30 Minuten. Wenn Sie mit einem Shuttlebus bei einer Reiseagentur fahren, wissen Sie nicht, wie lange die Fahrt dauert. Diese Fahrt nach Makadi Bay mit Shuttlebus dauert manchmal 2 Stunden plus die Warte im Flughafen.<\/p>\n<h3>Zuverl\u00e4ssigkeit und Komfort<\/h3>\n<p>Ein privater Transfer bietet Abholung durch einen Reiseleiter, individuellen Transferluxus und T\u00fcr-zu-T\u00fcr-Service ohne versteckte Kosten. W\u00e4hlen Sie zwischen verschiedenen Fahrzeugen und genie\u00dfen Sie eine stressfreie Fahrt zu Ihrem Hotel in Makadi Bay.<\/p>\n<p>Sie k\u00f6nnen Ihren privaten Transfer vom Flughafen Hurghada nach Makadi Bay mit Peter Tours bequem online buchen. In weniger als einer Minute k\u00f6nnen Sie Ihren Transfer buchen und eine sofortige Best\u00e4tigung erhalten.<\/p>\n<h2>Makadi Bay Hotels Liste 2024:<\/h2>\n<ul>\n<li>Cleopatra Luxury Resort Makadi Bay<\/li>\n<li>Cleopatra Luxury Resort Makadi Bay (Adults Only)<\/li>\n<li>Fort Arabesque Resort, Spa &amp; Villas<\/li>\n<li>Serenity Alpha Beach &#8211; Ex Serenity Makadi Beach<\/li>\n<li>Serenity Alma Heights &#8211; Ex Serenity Fun City<\/li>\n<li>Sunrise Royal Makadi Resort<\/li>\n<li>Sunrise Tucana Resort Grand<\/li>\n<li>Steigenberger Makadi<\/li>\n<li>The Makadi Spa Hotel<\/li>\n<li>Jaz Makadi Saraya Resort<\/li>\n<li>Iberotel Makadi Beach<\/li>\n<li>Jaz Makadi Oasis Resort<\/li>\n<li>Jaz Makadi Saraya Resort<\/li>\n<li>Jaz Makadi Saraya Palms<\/li>\n<li>Jaz Makadi Star &amp; Spa<\/li>\n<li>Jaz Aquaviva<\/li>\n<li>Jaz Makadina<\/li>\n<li>Stella Gardens Resort &amp; Spa<\/li>\n<li>Stella Beach Resort &amp; Spa<\/li>\n<li>Grand Waterworld Makadi Family Star<\/li>\n<li>Serenity Alma Heights &#8211; Ex Serenity Fun City<\/li>\n<li>Xanadu Makadi Bay<\/li>\n<li>Labranda Royal Makadi<\/li>\n<li>Labranda Club Makadi<\/li>\n<li>Stella Makadi Palace<\/li>\n<li>Grand Makadi<\/li>\n<li>Makadi Palace<\/li>\n<li>Lemon &amp; Soul Makadi Garden<\/li>\n<li>Siva Golden Bay Makadi<\/li>\n<li>Pickalbatros Blu Spa Resort<\/li>\n<\/ul>\n<h2>Peter Tours bietet auch gerne Exklusive Ausfl\u00fcge ab Makadi Bay<\/h2>\n<ul>\n<li><span style=\"color: #0000ff;\"><a style=\"color: #0000ff;\" href=\"https:\/\/aegyptentouren.de\/ausfluege\/makadi-bay-ausfluege\/\">Makadi Bay Ausfl\u00fcge<\/a><\/span><\/li>\n<li><span style=\"color: #0000ff;\"><a style=\"color: #0000ff;\" href=\"https:\/\/aegyptentouren.de\/ausfluege\/aegypten-schnorcheln-ausfluege-und-touren\/\">\u00c4gypten Schnorcheln Ausfl\u00fcge und Touren<\/a><\/span><\/li>\n<li><span style=\"color: #0000ff;\"><a style=\"color: #0000ff;\" href=\"https:\/\/aegyptentouren.de\/ausfluege\/aegypten-kulturelle-ausfluege\/\">\u00c4gypten Kulturelle Ausfl\u00fcge<\/a><\/span><\/li>\n<li><span style=\"color: #0000ff;\"><a style=\"color: #0000ff;\" href=\"https:\/\/aegyptentouren.de\/ausfluege\/aegypten-wuestensafari-ausfluege\/\">\u00c4gypten W\u00fcstensafari Ausfl\u00fcge<\/a><\/span><\/li>\n<\/ul>\n<h2>Folgen Sie uns auf Facebook:<\/h2>\n<p><a href=\"https:\/\/www.facebook.com\/aegypten.touren.ausfluege.mit.peter\/\" target=\"_blank\" rel=\"noopener nofollow\"><img decoding=\"async\" data-src=\"https:\/\/aegyptentouren.de\/wp-content\/uploads\/2024\/01\/Peter-Tours-400x300.png\" alt=\"\u00c4gypten Touren &amp; Ausfl\u00fcge mit Peter Tours\" width=\"55\" height=\"41\" src=\"data:image\/svg+xml;base64,PHN2ZyB3aWR0aD0iMSIgaGVpZ2h0PSIxIiB4bWxucz0iaHR0cDovL3d3dy53My5vcmcvMjAwMC9zdmciPjwvc3ZnPg==\" class=\"lazyload\" style=\"--smush-placeholder-width: 55px; --smush-placeholder-aspect-ratio: 55\/41;\" \/><\/a><\/p>\n<p><a href=\"https:\/\/www.pinterest.de\/aegyptentouren\/\" target=\"_blank\" rel=\"noopener nofollow\"><img decoding=\"async\" data-src=\"https:\/\/aegyptentouren.de\/wp-content\/uploads\/2024\/01\/Peter-Tours-1-400x300.png\" alt=\"\u00c4gypten Touren &amp; Ausfl\u00fcge mit ( Peter Tours )\" width=\"56\" height=\"42\" src=\"data:image\/svg+xml;base64,PHN2ZyB3aWR0aD0iMSIgaGVpZ2h0PSIxIiB4bWxucz0iaHR0cDovL3d3dy53My5vcmcvMjAwMC9zdmciPjwvc3ZnPg==\" class=\"lazyload\" style=\"--smush-placeholder-width: 56px; --smush-placeholder-aspect-ratio: 56\/42;\" \/><\/a><\/p>\n","protected":false},"excerpt":{"rendered":"<p>Der pers\u00f6nliche Transportservice bietet einen bequemen Transfer vom Flughafen Hurghada nach Makadi Bay zu fairen Preisen, um den stressfreien Start in den Urlaub zu gew\u00e4hrleisten. Mit dem individuellen Makadi Bay Transfer genie\u00dfen Sie eine komfortable und bequeme Fahrt zum Wunschziel, um ihren Urlaub in Makadi Bay entspannt zu beginnen. Privater Transfer vom Flughafen Hurghada nach [&hellip;]<\/p>\n","protected":false},"featured_media":20139,"comment_status":"open","ping_status":"closed","template":"","meta":{"_monsterinsights_skip_tracking":false,"_monsterinsights_sitenote_active":false,"_monsterinsights_sitenote_note":"","_monsterinsights_sitenote_category":0},"product_brand":[],"product_cat":[218,202],"product_tag":[244],"class_list":{"0":"post-17828","1":"product","2":"type-product","3":"status-publish","4":"has-post-thumbnail","6":"product_cat-aegypten-flughafen-transfer","7":"product_cat-makadi-bay-ausfluege","8":"product_tag-hurghada-flughafentransfers","10":"first","11":"instock","12":"shipping-taxable","13":"purchasable","14":"product-type-ovabrw_car_rental","15":"add-to-wishlist-after_add_to_cart"},"_links":{"self":[{"href":"https:\/\/aegyptentouren.de\/en\/wp-json\/wp\/v2\/product\/17828","targetHints":{"allow":["GET"]}}],"collection":[{"href":"https:\/\/aegyptentouren.de\/en\/wp-json\/wp\/v2\/product"}],"about":[{"href":"https:\/\/aegyptentouren.de\/en\/wp-json\/wp\/v2\/types\/product"}],"replies":[{"embeddable":true,"href":"https:\/\/aegyptentouren.de\/en\/wp-json\/wp\/v2\/comments?post=17828"}],"version-history":[{"count":12,"href":"https:\/\/aegyptentouren.de\/en\/wp-json\/wp\/v2\/product\/17828\/revisions"}],"predecessor-version":[{"id":25464,"href":"https:\/\/aegyptentouren.de\/en\/wp-json\/wp\/v2\/product\/17828\/revisions\/25464"}],"wp:featuredmedia":[{"embeddable":true,"href":"https:\/\/aegyptentouren.de\/en\/wp-json\/wp\/v2\/media\/20139"}],"wp:attachment":[{"href":"https:\/\/aegyptentouren.de\/en\/wp-json\/wp\/v2\/media?parent=17828"}],"wp:term":[{"taxonomy":"product_brand","embeddable":true,"href":"https:\/\/aegyptentouren.de\/en\/wp-json\/wp\/v2\/product_brand?post=17828"},{"taxonomy":"product_cat","embeddable":true,"href":"https:\/\/aegyptentouren.de\/en\/wp-json\/wp\/v2\/product_cat?post=17828"},{"taxonomy":"product_tag","embeddable":true,"href":"https:\/\/aegyptentouren.de\/en\/wp-json\/wp\/v2\/product_tag?post=17828"}],"curies":[{"name":"wp","href":"https:\/\/api.w.org\/{rel}","templated":true}]}}