{"id":17696,"date":"2024-06-23T10:30:32","date_gmt":"2024-06-23T10:30:32","guid":{"rendered":"https:\/\/aegyptentouren.de\/?post_type=product&#038;p=17696"},"modified":"2026-03-01T18:18:21","modified_gmt":"2026-03-01T17:18:21","slug":"agypten-abu-dabbab-schnorcheln-schildkroten-ausflug-ab-safaga-privat","status":"publish","type":"product","link":"https:\/\/aegyptentouren.de\/en\/safaga-ausfluege\/agypten-abu-dabbab-schnorcheln-schildkroten-ausflug-ab-safaga-privat\/","title":{"rendered":"Abu Dabbab Schnorcheln &#038; Schildkr\u00f6ten Ausflug ab Safaga privat oder in kleiner Gruppe"},"content":{"rendered":"<p>Abu Dabbab Schnorcheln &amp; Schildkr\u00f6ten Ausflug ab Safaga ist eine beliebte Tour f\u00fcr Touristen, die die faszinierende Unterwasserwelt des Roten Meeres erkunden m\u00f6chten. Abu Dabbab Schildkr\u00f6ten Ausflug bietet eine einzigartige Gelegenheit, die farbenfrohen Korallenriffe und die vielf\u00e4ltige Meeresfauna zu erleben. Zus\u00e4tzlich zu den Schnorchel Erlebnissen in Abu Dabbab Riff umfasst das Programm Schwimmen mit Schildkr\u00f6ten, manchmal auch Beobachtung von Dugongs und entspannte Momente am Strand.<\/p>\n<p>Das Naturschutzgebiet von Abu Dabbab Bucht am Roten Meer in \u00c4gypten ist bekannt f\u00fcr seine Sch\u00f6nheit und die vielf\u00e4ltigen Unterwasserlebewesen. Nicht nur Schildkr\u00f6ten, sondern auch beim Schnorcheln am Hausriff k\u00f6nnen Sie die farbenfrohe Welt der Korallenriffe erkunden und exotische Fischarten beobachten.<\/p>\n<h2>Safaga Schildkr\u00f6ten Ausflug: Highlights und Programmablauf<\/h2>\n<h3>Abholung vom Hotel in Safaga<\/h3>\n<ul>\n<li>Der Abu Dabbab Ausflug ab Safaga startet fr\u00fch morgens, wenn die Sonne gerade aufgeht, um ca. 5 Uhr.<\/li>\n<li>Unser erfahrener Reiseleiter begleitet Sie von Ihrem Hotel mit klimatisierten und modernen Fahrzeugen. Der Guide wird w\u00e4hrend der Fahrt alle wichtigen Informationen \u00fcber das Rote Meer, die Unterwasserwelt, den Programmablauf des Ausflugs und das Schnorcheln am Abu Dabbab-Bucht teilen und Ihre Anfragen beantworten.<\/li>\n<\/ul>\n<h3>Die Entfernung Safaga Abu Dabbab:<\/h3>\n<p>Die Entfernung zwischen Safaga und Abu Dabbab Bucht betr\u00e4gt ca. 270 km und die gesamte Fahrtzeit betr\u00e4gt etwa drei Stunden.<\/p>\n<h3>Ganzt\u00e4giger Schwimmen mit Schildkr\u00f6ten, Schnorcheln und Entspannung<\/h3>\n<h3>Schwimmen mit Abu Dabbab-Schildkr\u00f6ten<\/h3>\n<ul>\n<li>Unser erfahrener Guide begleitet Sie und sorgt f\u00fcr Ihre Sicherheit w\u00e4hrend des Schnorchels.<\/li>\n<li>Sie Bekommen die Schnorchel-Ausr\u00fcstungen ( Maske &amp; Flossen ) von ihrem Guide am Strand von Abu Dabbab<\/li>\n<li>Hier haben Sie die Gelegenheit, im klaren, blauen Wasser des Roten Meeres mit faszinierenden Meeresbewohnern wie Schildkr\u00f6ten und manchmal Seek\u00fchen zu schwimmen, farbenfrohe Korallenriffe zu erkunden und die Sch\u00f6nheit der Natur zu genie\u00dfen.<\/li>\n<\/ul>\n<h3>Abu Dabbab-Schnorcheln<\/h3>\n<ul>\n<li>Das Schnorcheln an den Korallenriffen der Abu Dabbab Bucht er\u00f6ffnet Ihnen eine faszinierende Welt voller Leben und Farben. Die Korallenriffe beherbergen eine Vielzahl von Meeresbewohnern, darunter bunte Fische, Muscheln und weitere faszinierende Kreaturen.<\/li>\n<li>Die Abu Dabbab-Bucht besticht nicht nur durch ihre kristallklaren Gew\u00e4sser, sondern auch durch ihre intakten Korallenriffe und die Vielfalt der Meeresbewohner. Beobachten Sie die Sch\u00f6nheit der Unterwasserwelt und erleben Sie dieses Naturparadies.<\/li>\n<\/ul>\n<h3>Entspannung am Strand<\/h3>\n<p>Genie\u00dfen Sie neben dem Schnorcheln in der Abu Dabbab-Bucht die M\u00f6glichkeit, sich am Strand zu entspannen und die idyllische Umgebung zu genie\u00dfen. Nehmen Sie sich Zeit, um sich zu erholen und die Sch\u00f6nheit der Natur zu genie\u00dfen.<\/p>\n<h3>Mittagessen<\/h3>\n<p>W\u00e4hrend des Abu Dabbab Schnorchel-Ausflugs genie\u00dfen Sie nicht nur die unvergleichliche Sch\u00f6nheit der Natur, sondern auch ein herzhaftes \u00e4gyptisches Mittagessen im Restaurant\u00a0 am Strand von Abu Dabbab Bucht.<\/p>\n<h3>R\u00fcckfahrt nach Safaga<\/h3>\n<p>Nach einem aufregenden Tag voller Tauchabenteuer begleiten wir Sie zu Ihrem Hotel in Safaga. Sie werden gegen 18:30 Uhr in Safaga ankommen.<\/p>\n<h2>Abu Dabbab Schnorcheln &amp; Schildkr\u00f6ten Ausflug ab Safaga &#8211; Preise:<\/h2>\n<h3><span style=\"color: #ff9900;\">Privater Schildkr\u00f6ten-Ausflug ab Safaga kostet:<\/span><\/h3>\n<table style=\"border-collapse: collapse;\">\n<tbody>\n<tr>\n<td style=\"text-align: center;\"><strong><span style=\"color: #3366ff;\">Teilnehmeranzahl<\/span><\/strong><\/td>\n<td style=\"text-align: center;\"><strong><span style=\"color: #3366ff;\">Preis pro Person<\/span><\/strong><\/td>\n<\/tr>\n<tr>\n<td style=\"text-align: center;\"><strong>\u00a0 \u00a0<span style=\"color: #3366ff;\">2<\/span>\u00a0 \u00a0 \u00a0\u00a0<\/strong><\/td>\n<td style=\"text-align: center;\"><span style=\"color: #ff0000;\"><del>140<\/del><\/span> <span style=\"color: #3366ff;\">125<\/span>\u20ac<\/td>\n<\/tr>\n<tr>\n<td style=\"text-align: center;\"><strong>\u00a0 \u00a0<span style=\"color: #3366ff;\">3\u00a0<\/span>\u00a0 \u00a0 \u00a0<\/strong><\/td>\n<td style=\"text-align: center;\"><span style=\"color: #ff0000;\"><del>130<\/del><\/span> <span style=\"color: #3366ff;\">115<\/span>\u20ac<\/td>\n<\/tr>\n<tr>\n<td style=\"text-align: center;\"><strong>\u00a0 <span style=\"color: #3366ff;\">\u00a04\u00a0<\/span>\u00a0 \u00a0 \u00a0<\/strong><\/td>\n<td style=\"text-align: center;\"><span style=\"color: #ff0000;\"><del>110<\/del><\/span>\u00a0<span style=\"color: #3366ff;\">100<\/span>\u20ac<\/td>\n<\/tr>\n<tr>\n<td style=\"text-align: center;\"><strong>\u00a0 <span style=\"color: #3366ff;\">\u00a05<\/span>\u00a0 \u00a0 \u00a0\u00a0<\/strong><\/td>\n<td style=\"text-align: center;\"><span style=\"color: #ff0000;\"><span style=\"text-decoration: line-through;\">97<\/span><\/span>\u00a0\u00a0<span style=\"color: #3366ff;\">88 <\/span>\u20ac<\/td>\n<\/tr>\n<tr>\n<td style=\"text-align: center;\"><strong>\u00a0 \u00a0<span style=\"color: #3366ff;\">6<\/span>\u00a0 \u00a0 \u00a0\u00a0<\/strong><\/td>\n<td style=\"text-align: center;\"><span style=\"color: #ff0000;\"><del>89<\/del><\/span> \u00a0<span style=\"color: #3366ff;\">81 <\/span>\u20ac<\/td>\n<\/tr>\n<tr>\n<td style=\"text-align: center;\"><strong>\u00a0 \u00a0<span style=\"color: #3366ff;\">7\u00a0\u00a0<\/span>\u00a0 \u00a0\u00a0<\/strong><\/td>\n<td style=\"text-align: center;\"><span style=\"color: #ff0000;\"><del>83<\/del><\/span>\u00a0\u00a0<span style=\"color: #3366ff;\">75 <\/span>\u20ac<\/td>\n<\/tr>\n<tr>\n<td style=\"text-align: center;\"><strong>\u00a0 \u00a0<span style=\"color: #3366ff;\">8<\/span>\u00a0 \u00a0 \u00a0\u00a0<\/strong><\/td>\n<td style=\"text-align: center;\"><span style=\"color: #ff0000;\"><del>75<\/del><\/span>\u00a0\u00a0<span style=\"color: #3366ff;\">70 <\/span>\u20ac<\/td>\n<\/tr>\n<\/tbody>\n<\/table>\n<h3><span style=\"color: #ff9900;\">Safaga Schildkr\u00f6ten Ausflug in Kleiner Gruppe: Kontaktieren Sie uns per WhatsApp<\/span><\/h3>\n<table style=\"border-collapse: collapse;\">\n<tbody>\n<tr>\n<td><strong><span style=\"color: #3366ff;\">Teilnehmeranzahl<\/span><\/strong><\/td>\n<td style=\"text-align: center;\"><strong><span style=\"color: #3366ff;\">Preis pro Person<\/span><\/strong><\/td>\n<\/tr>\n<tr>\n<td style=\"text-align: center;\">\u00a0 <strong>\u00a0<span style=\"color: #3366ff;\">6-8<\/span><\/strong>\u00a0 \u00a0 Personen<\/td>\n<td style=\"text-align: center;\"><span style=\"color: #3366ff;\"><b>100 <\/b><\/span>\u20ac<\/td>\n<\/tr>\n<\/tbody>\n<\/table>\n<h3><span style=\"color: #ff9900;\">Kinder Preise<\/span><\/h3>\n<table style=\"border-collapse: collapse;\">\n<tbody>\n<tr>\n<td style=\"text-align: left;\"><strong><span style=\"color: #3366ff;\">Alter der Kinder<\/span><\/strong><\/td>\n<td style=\"text-align: center;\"><strong><span style=\"color: #3366ff;\">Preis pro Person<\/span><\/strong><\/td>\n<\/tr>\n<tr>\n<td style=\"text-align: left;\">Kind:\u00a0 \u00a0 \u00a0 \u00a0 \u00a0 \u00a0 <span style=\"color: #3366ff;\">\u00a0<strong>5-11<\/strong><\/span><\/td>\n<td style=\"text-align: center;\"><span style=\"color: #3366ff;\"><b>45 <\/b><\/span>\u20ac<\/td>\n<\/tr>\n<tr>\n<td style=\"text-align: left;\">Kleinkind:\u00a0 \u00a0<span style=\"color: #3366ff;\">\u00a0<strong>0-5<\/strong><\/span><\/td>\n<td style=\"text-align: center;\"><strong><span style=\"color: #3366ff;\">Frei<\/span><\/strong><\/td>\n<\/tr>\n<\/tbody>\n<\/table>\n<h2>Mitnehmen f\u00fcr Abu Dabbab Schildkr\u00f6ten Ausflug<\/h2>\n<p>Um Ihren privaten Abu Dabbab Schnorcheln-Schildkr\u00f6ten Ausflug ab Safaga Privat vollst\u00e4ndig genie\u00dfen zu k\u00f6nnen, sollten Sie einige wichtige Dinge mitbringen:<\/p>\n<ul>\n<li>Sonnenbrille &amp;\u00a0Sonnenschutz:\u00a0Da Sie den Gro\u00dfteil des Ausflugs im Freien verbringen, ist es wichtig, Sonnenschutzmittel, eine Sonnenbrille und einen Hut mitzubringen, um sich vor der intensiven Sonneneinstrahlung zu sch\u00fctzen.<\/li>\n<li>Badebekleidung &amp; Handt\u00fccher: Vergewissern Sie sich, dass Sie Ihre Badebekleidung und Handt\u00fccher mitbringen, da Sie die M\u00f6glichkeit haben werden, am Strand von Abu Dabbab zu entspannen und im klaren Wasser zu schwimmen.<\/li>\n<li>Fotoapparat<\/li>\n<li>Geld<\/li>\n<\/ul>\n<h4>Anmerkungen:<\/h4>\n<ul>\n<li aria-level=\"1\">Alle Extrakosten wie Trinkgelder sind nicht enthalten<\/li>\n<li aria-level=\"1\">Die Reihenfolge kann ggf. durch den Reiseleiter ge\u00e4ndert werden. Programm\u00e4nderungen sind aus technischen oder organisatorischen Gr\u00fcnden vorbehalten.<\/li>\n<\/ul>\n<h4>Zahlungsmodalit\u00e4ten:<\/h4>\n<ul>\n<li aria-level=\"1\">Vor Ort in Bargeld in Euro, US-Dollars, Schweizer Franken. Eine Zahlung per Kreditkarte ist derzeit leider noch nicht m\u00f6glich.<\/li>\n<li aria-level=\"1\">Die Bezahlung erfolgt bei der Abholung vor Ort.<\/li>\n<\/ul>\n<h4>Stornierungsbedingungen:<\/h4>\n<ul>\n<li aria-level=\"1\">Eine kostenlose Stornierung ist bis 24 Stunden vor Reisebeginn m\u00f6glich. Danach erheben wir dann eine Stornierungsgeb\u00fchr in H\u00f6he von 30 % des Reisepreises.<\/li>\n<\/ul>\n<h4>Transferkosten:<\/h4>\n<ul>\n<li aria-level=\"1\">Die Transferkosten sind (Abholung vom Hotel und R\u00fcckfahrt zum Hotel)\u00a0 im Preis enthalten.<\/li>\n<li aria-level=\"1\">F\u00fcr entferntere Hotels und Regionen f\u00e4llt ein kleiner Aufpreis in H\u00f6he von 5,- bis 10,- \u20ac pro Person an.<\/li>\n<li aria-level=\"1\">Transfer Zulage ab die Hotels von Safaga<\/li>\n<\/ul>\n<h4>Gerne bieten wir Ihnen weitere Angebote an:<\/h4>\n<ul>\n<li><a href=\"https:\/\/aegyptentouren.de\/safaga-ausfluege\/delfinschwimmen-safaga-schnorcheln-ausflug-delfin-tour\/\">Exklusives Delfinschwimmen Safaga | Schnorchel-Ausflug &amp; Delfin Tour in kleiner Gruppe<\/a><\/li>\n<li><a href=\"https:\/\/aegyptentouren.de\/safaga-ausfluege\/delfin-tour-safaga-mit-speedboot-privat-schnorcheln-ausflug\/\">Private Delfin Tour Safaga mit Speedboot &amp; Schnorcheln Ausflug<\/a><\/li>\n<li><a href=\"https:\/\/aegyptentouren.de\/safaga-ausfluege\/privater-orange-bay-ausflug-mit-speedboot-ab-safaga\/\">Privater Orange Bay Ausflug mit Speedboot ab Safaga<\/a><\/li>\n<\/ul>\n<h4>Folgen Sie uns:<\/h4>\n<p><a href=\"https:\/\/www.facebook.com\/aegypten.touren.ausfluege.mit.peter\/\" target=\"_blank\" rel=\"noopener nofollow\"><img decoding=\"async\" data-src=\"https:\/\/aegyptentouren.de\/wp-content\/uploads\/2024\/01\/Peter-Tours-400x300.png\" alt=\"\u00c4gypten Touren &amp; Ausfl\u00fcge mit Peter Tours\" width=\"55\" height=\"41\" src=\"data:image\/svg+xml;base64,PHN2ZyB3aWR0aD0iMSIgaGVpZ2h0PSIxIiB4bWxucz0iaHR0cDovL3d3dy53My5vcmcvMjAwMC9zdmciPjwvc3ZnPg==\" class=\"lazyload\" style=\"--smush-placeholder-width: 55px; --smush-placeholder-aspect-ratio: 55\/41;\" \/><\/a><\/p>\n<p><a href=\"https:\/\/www.pinterest.de\/aegyptentouren\/\" target=\"_blank\" rel=\"noopener nofollow\"><img decoding=\"async\" data-src=\"https:\/\/aegyptentouren.de\/wp-content\/uploads\/2024\/01\/Peter-Tours-1-400x300.png\" alt=\"\u00c4gypten Touren &amp; Ausfl\u00fcge mit ( Peter Tours )\" width=\"56\" height=\"42\" src=\"data:image\/svg+xml;base64,PHN2ZyB3aWR0aD0iMSIgaGVpZ2h0PSIxIiB4bWxucz0iaHR0cDovL3d3dy53My5vcmcvMjAwMC9zdmciPjwvc3ZnPg==\" class=\"lazyload\" style=\"--smush-placeholder-width: 56px; --smush-placeholder-aspect-ratio: 56\/42;\" \/><\/a><\/p>\n","protected":false},"excerpt":{"rendered":"<p>Abu Dabbab Schnorcheln &amp; Schildkr\u00f6ten Ausflug ab Safaga ist eine beliebte Tour f\u00fcr Touristen, die die faszinierende Unterwasserwelt des Roten Meeres erkunden m\u00f6chten. Abu Dabbab Schildkr\u00f6ten Ausflug bietet eine einzigartige Gelegenheit, die farbenfrohen Korallenriffe und die vielf\u00e4ltige Meeresfauna zu erleben. Zus\u00e4tzlich zu den Schnorchel Erlebnissen in Abu Dabbab Riff umfasst das Programm Schwimmen mit Schildkr\u00f6ten, [&hellip;]<\/p>\n","protected":false},"featured_media":19368,"comment_status":"open","ping_status":"closed","template":"","meta":{"_monsterinsights_skip_tracking":false,"_monsterinsights_sitenote_active":false,"_monsterinsights_sitenote_note":"","_monsterinsights_sitenote_category":0},"product_brand":[],"product_cat":[204],"product_tag":[229],"class_list":{"0":"post-17696","1":"product","2":"type-product","3":"status-publish","4":"has-post-thumbnail","6":"product_cat-safaga-ausfluege","7":"product_tag-aegypten-ausfluege-fuer-die-familien-mit-kindern","9":"first","10":"instock","11":"sale","12":"shipping-taxable","13":"purchasable","14":"product-type-ovabrw_car_rental","15":"add-to-wishlist-after_add_to_cart"},"_links":{"self":[{"href":"https:\/\/aegyptentouren.de\/en\/wp-json\/wp\/v2\/product\/17696","targetHints":{"allow":["GET"]}}],"collection":[{"href":"https:\/\/aegyptentouren.de\/en\/wp-json\/wp\/v2\/product"}],"about":[{"href":"https:\/\/aegyptentouren.de\/en\/wp-json\/wp\/v2\/types\/product"}],"replies":[{"embeddable":true,"href":"https:\/\/aegyptentouren.de\/en\/wp-json\/wp\/v2\/comments?post=17696"}],"version-history":[{"count":9,"href":"https:\/\/aegyptentouren.de\/en\/wp-json\/wp\/v2\/product\/17696\/revisions"}],"predecessor-version":[{"id":26094,"href":"https:\/\/aegyptentouren.de\/en\/wp-json\/wp\/v2\/product\/17696\/revisions\/26094"}],"wp:featuredmedia":[{"embeddable":true,"href":"https:\/\/aegyptentouren.de\/en\/wp-json\/wp\/v2\/media\/19368"}],"wp:attachment":[{"href":"https:\/\/aegyptentouren.de\/en\/wp-json\/wp\/v2\/media?parent=17696"}],"wp:term":[{"taxonomy":"product_brand","embeddable":true,"href":"https:\/\/aegyptentouren.de\/en\/wp-json\/wp\/v2\/product_brand?post=17696"},{"taxonomy":"product_cat","embeddable":true,"href":"https:\/\/aegyptentouren.de\/en\/wp-json\/wp\/v2\/product_cat?post=17696"},{"taxonomy":"product_tag","embeddable":true,"href":"https:\/\/aegyptentouren.de\/en\/wp-json\/wp\/v2\/product_tag?post=17696"}],"curies":[{"name":"wp","href":"https:\/\/api.w.org\/{rel}","templated":true}]}}