{"id":17692,"date":"2024-12-20T17:46:40","date_gmt":"2024-12-20T16:46:40","guid":{"rendered":"https:\/\/aegyptentouren.de\/?post_type=product&#038;p=17692"},"modified":"2026-03-01T17:41:09","modified_gmt":"2026-03-01T16:41:09","slug":"aegypten-abu-dabbab-schnorcheln-schildkroeten-ausflug-ab-soma-bay-privat","status":"publish","type":"product","link":"https:\/\/aegyptentouren.de\/en\/soma-bay-ausfluege\/aegypten-abu-dabbab-schnorcheln-schildkroeten-ausflug-ab-soma-bay-privat\/","title":{"rendered":"Abu Dabbab Schnorcheln &#038; Schildkr\u00f6ten Ausflug ab Soma Bay privat \/ kleiner Gruppe"},"content":{"rendered":"<p><strong>Abu Dabbab Schnorcheln &amp; Schildkr\u00f6ten-Ausflug ab Soma Bay <\/strong> ist eine der beliebtesten Touren f\u00fcr Reisenden, die die faszinierende Unterwasserwelt des Roten Meeres erkunden m\u00f6chten. Der <strong>Abu Dabbab Schildkr\u00f6ten-Ausflug<\/strong> bietet eine einzigartige Gelegenheit, die farbenfrohen Korallenriffe und die vielf\u00e4ltige Meeresfauna zu erleben. Zus\u00e4tzlich zu den Schnorchel Erlebnissen am <strong>Abu Dabbab-Riff<\/strong>. Genie\u00dfen Sie das <strong>Schwimmen mit Schildkr\u00f6ten<\/strong>, und mit etwas Gl\u00fcck k\u00f6nnen Sie auch Dugongs beobachten.<\/p>\n<p>Das Naturschutzgebiet der <strong>Abu Dabbab-Bucht<\/strong> ist bekannt f\u00fcr seine Sch\u00f6nheit und die Vielfalt an Unterwasserlebewesen. Neben Schildkr\u00f6ten k\u00f6nnen Sie beim Schnorcheln am Hausriff die faszinierende Welt der Korallen und exotischen Fischarten entdecken.<\/p>\n<p>Entspannen Sie am Strand der <strong>Abu Dabbab-Bucht<\/strong> und genie\u00dfen Sie ein k\u00f6stliches Mittagessen direkt am Meer.<\/p>\n<ul>\n<li><strong>Online buchen und vor Ort bezahlen<\/strong><\/li>\n<li>Bezahlung erfolgt bei der Abholung vom Hotel.<\/li>\n<li>Abholung von der Lobby Ihres Hotels<\/li>\n<li>Kundendienst 24\/7 in der Woche erreichbar.<\/li>\n<\/ul>\n<h2>Soma Bay Schildkr\u00f6ten Ausflug-Ausflugsablauf:<\/h2>\n<h3><span style=\"color: #ff9900;\">Abholung vom Hotel in Soma Bay <\/span><\/h3>\n<ul>\n<li>Der Abu Dabbab Ausflug ab Soma Bay startet fr\u00fch morgens, wenn die Sonne gerade aufgeht, um ca. 5 Uhr.<\/li>\n<li>Unser erfahrener Reiseleiter begleitet Sie von Ihrem Hotel mit klimatisierten und modernen Fahrzeugen. Der Guide wird w\u00e4hrend der Fahrt alle wichtigen Informationen \u00fcber das Rote Meer, die Unterwasserwelt, den Programmablauf des Ausflugs und das Schnorcheln im Abu Dabbab-Bucht teilen und Ihre Anfragen beantworten.<\/li>\n<\/ul>\n<h3><span style=\"color: #ff9900;\">Die Entfernung Soma Bay Abu Dabbab:<\/span><\/h3>\n<p>Die Entfernung zwischen Soma Bay und Abu Dabbab Bucht betr\u00e4gt ca. 240 km und die gesamte Fahrtzeit betr\u00e4gt etwa drei Stunden.<\/p>\n<h3>Ganzt\u00e4giger Schwimmen mit Schildkr\u00f6ten, Schnorcheln und Entspannung<\/h3>\n<h3><span style=\"color: #ff9900;\">Schwimmen mit Schildkr\u00f6ten in Abu Dabbab<\/span><\/h3>\n<ul>\n<li>Unser erfahrener Guide begleitet Sie und sorgt f\u00fcr Ihre Sicherheit w\u00e4hrend des Schnorchels.<\/li>\n<li>Sie bekommen die Schnorchel-Ausr\u00fcstungen (Maske und Flossen) von ihrem Guide am Strand von Abu Dabbab.<\/li>\n<li>Hier haben Sie die Gelegenheit, im klaren, blauen Wasser des Roten Meeres mit faszinierenden Meeresbewohnern wie Schildkr\u00f6ten und manchmal Seek\u00fchen zu schwimmen, farbenfrohe Korallenriffe zu erkunden und die Sch\u00f6nheit der Natur zu genie\u00dfen.<\/li>\n<\/ul>\n<h3>Abu Dabbab-Schnorcheln<\/h3>\n<ul>\n<li>Das Schnorcheln an den Korallenriffen der Abu Dabbab Bucht er\u00f6ffnet Ihnen eine faszinierende Welt voller Leben und Farben. Die Korallenriffe beherbergen eine Vielzahl von Meeresbewohnern, darunter bunte Fische, Muscheln und weitere faszinierende Kreaturen.<\/li>\n<li>Die Abu Dabbab-Bucht besticht nicht nur durch ihre kristallklaren Gew\u00e4sser, sondern auch durch ihre intakten Korallenriffe und die Vielfalt der Meeresbewohner. Beobachten Sie die Sch\u00f6nheit der Unterwasserwelt und erleben Sie dieses Naturparadies.<\/li>\n<\/ul>\n<h3>Entspannung am Strand<\/h3>\n<p>Genie\u00dfen Sie neben dem Schnorcheln in der Abu Dabbab-Bucht die M\u00f6glichkeit, sich am Strand zu entspannen und die idyllische Umgebung zu genie\u00dfen. Nehmen Sie sich Zeit, um sich zu erholen und die Sch\u00f6nheit der Natur zu genie\u00dfen.<\/p>\n<h3>Mittagessen<\/h3>\n<p>W\u00e4hrend des Abu Dabbab Schnorchel-Ausflugs genie\u00dfen Sie nicht nur die unvergleichliche Sch\u00f6nheit der Natur, sondern auch ein herzhaftes Mittagessen im Restaurant am Meer.<\/p>\n<h3>R\u00fcckfahrt nach Soma Bay<\/h3>\n<p>Nach einem aufregenden Tag begleiten wir Sie zu Ihrem Hotel in Soma Bay . Sie werden gegen 17:00 Uhr in Soma Bay ankommen.<\/p>\n<h2>Abu Dabbab Schnorcheln &amp; Schildkr\u00f6ten Ausflug ab Soma Bay &#8211; Preise:<\/h2>\n<h3><span style=\"color: #ff9900;\">Privater Schildkr\u00f6ten-Ausflug ab Soma Bay kostet:<\/span><\/h3>\n<table style=\"border-collapse: collapse;\">\n<tbody>\n<tr>\n<td style=\"text-align: center;\"><strong><span style=\"color: #3366ff;\">Teilnehmeranzahl<\/span><\/strong><\/td>\n<td style=\"text-align: center;\"><strong><span style=\"color: #3366ff;\">Preis pro Person<\/span><\/strong><\/td>\n<\/tr>\n<tr>\n<td style=\"text-align: center;\"><strong>\u00a0 \u00a0<span style=\"color: #3366ff;\">2<\/span>\u00a0 \u00a0 \u00a0\u00a0<\/strong><\/td>\n<td style=\"text-align: center;\"><span style=\"color: #ff0000;\"><del>140<\/del><\/span> <span style=\"color: #3366ff;\">125<\/span>\u20ac<\/td>\n<\/tr>\n<tr>\n<td style=\"text-align: center;\"><strong>\u00a0 \u00a0<span style=\"color: #3366ff;\">3\u00a0<\/span>\u00a0 \u00a0 \u00a0<\/strong><\/td>\n<td style=\"text-align: center;\"><span style=\"color: #ff0000;\"><del>130<\/del><\/span> <span style=\"color: #3366ff;\">115<\/span>\u20ac<\/td>\n<\/tr>\n<tr>\n<td style=\"text-align: center;\"><strong>\u00a0 <span style=\"color: #3366ff;\">\u00a04\u00a0<\/span>\u00a0 \u00a0 \u00a0<\/strong><\/td>\n<td style=\"text-align: center;\"><span style=\"color: #ff0000;\"><del>110<\/del><\/span>\u00a0<span style=\"color: #3366ff;\">100<\/span>\u20ac<\/td>\n<\/tr>\n<tr>\n<td style=\"text-align: center;\"><strong>\u00a0 <span style=\"color: #3366ff;\">\u00a05<\/span>\u00a0 \u00a0 \u00a0\u00a0<\/strong><\/td>\n<td style=\"text-align: center;\"><span style=\"color: #ff0000;\"><span style=\"text-decoration: line-through;\">97<\/span><\/span>\u00a0\u00a0<span style=\"color: #3366ff;\">88 <\/span>\u20ac<\/td>\n<\/tr>\n<tr>\n<td style=\"text-align: center;\"><strong>\u00a0 \u00a0<span style=\"color: #3366ff;\">6<\/span>\u00a0 \u00a0 \u00a0\u00a0<\/strong><\/td>\n<td style=\"text-align: center;\"><span style=\"color: #ff0000;\"><del>89<\/del><\/span> \u00a0<span style=\"color: #3366ff;\">81 <\/span>\u20ac<\/td>\n<\/tr>\n<tr>\n<td style=\"text-align: center;\"><strong>\u00a0 \u00a0<span style=\"color: #3366ff;\">7\u00a0\u00a0<\/span>\u00a0 \u00a0\u00a0<\/strong><\/td>\n<td style=\"text-align: center;\"><span style=\"color: #ff0000;\"><del>83<\/del><\/span>\u00a0\u00a0<span style=\"color: #3366ff;\">75 <\/span>\u20ac<\/td>\n<\/tr>\n<tr>\n<td style=\"text-align: center;\"><strong>\u00a0 \u00a0<span style=\"color: #3366ff;\">8<\/span>\u00a0 \u00a0 \u00a0\u00a0<\/strong><\/td>\n<td style=\"text-align: center;\"><span style=\"color: #ff0000;\"><del>75<\/del><\/span>\u00a0\u00a0<span style=\"color: #3366ff;\">70 <\/span>\u20ac<\/td>\n<\/tr>\n<\/tbody>\n<\/table>\n<h3><span style=\"color: #ff9900;\">Soma Bay Schildkr\u00f6ten Ausflug in Kleiner Gruppe: Kontaktieren Sie uns per WhatsApp<\/span><\/h3>\n<table style=\"border-collapse: collapse;\">\n<tbody>\n<tr>\n<td><strong><span style=\"color: #3366ff;\">Teilnehmeranzahl<\/span><\/strong><\/td>\n<td style=\"text-align: center;\"><strong><span style=\"color: #3366ff;\">Preis pro Person<\/span><\/strong><\/td>\n<\/tr>\n<tr>\n<td style=\"text-align: center;\">\u00a0 <strong>\u00a0<span style=\"color: #3366ff;\">6-8<\/span><\/strong>\u00a0 \u00a0 Personen<\/td>\n<td style=\"text-align: center;\"><span style=\"color: #3366ff;\"><b>100 <\/b><\/span>\u20ac<\/td>\n<\/tr>\n<\/tbody>\n<\/table>\n<h3><span style=\"color: #ff9900;\">Kinder Preise<\/span><\/h3>\n<table style=\"border-collapse: collapse;\">\n<tbody>\n<tr>\n<td style=\"text-align: left;\"><strong><span style=\"color: #3366ff;\">Alter der Kinder<\/span><\/strong><\/td>\n<td style=\"text-align: center;\"><strong><span style=\"color: #3366ff;\">Preis pro Person<\/span><\/strong><\/td>\n<\/tr>\n<tr>\n<td style=\"text-align: left;\">Kind:\u00a0 \u00a0 \u00a0 \u00a0 \u00a0 \u00a0 <span style=\"color: #3366ff;\">\u00a0<strong>5-11<\/strong><\/span><\/td>\n<td style=\"text-align: center;\"><span style=\"color: #3366ff;\"><b>45 <\/b><\/span>\u20ac<\/td>\n<\/tr>\n<tr>\n<td style=\"text-align: left;\">Kleinkind:\u00a0 \u00a0<span style=\"color: #3366ff;\">\u00a0<strong>0-5<\/strong><\/span><\/td>\n<td style=\"text-align: center;\"><strong><span style=\"color: #3366ff;\">Frei<\/span><\/strong><\/td>\n<\/tr>\n<\/tbody>\n<\/table>\n<h2>Anmerkungen:<\/h2>\n<ul>\n<li aria-level=\"1\">Alle Extrakosten wie Trinkgelder sind nicht enthalten.<\/li>\n<li aria-level=\"1\">Die Reihenfolge kann ggf. durch den Reiseleiter ge\u00e4ndert werden. Programm\u00e4nderungen sind aus technischen oder organisatorischen Gr\u00fcnden vorbehalten.<\/li>\n<\/ul>\n<h2>Mitnehmen f\u00fcr Abu Dabbab Schildkr\u00f6ten Ausflug<\/h2>\n<p>Um Ihren privaten Abu Dabbab Schnorcheln &amp; Schildkr\u00f6ten Ausflug ab Soma Bay privat vollst\u00e4ndig genie\u00dfen zu k\u00f6nnen, sollten Sie einige wichtige Dinge mitbringen:<\/p>\n<ul>\n<li>Sonnenbrille &amp;\u00a0Sonnenschutz:\u00a0Da Sie den Gro\u00dfteil des Ausflugs im Freien verbringen, ist es wichtig, Sonnenschutzmittel, eine Sonnenbrille und einen Hut mitzubringen, um sich vor der intensiven Sonneneinstrahlung zu sch\u00fctzen.<\/li>\n<li>Badebekleidung &amp; Handt\u00fccher: Vergewissern Sie sich, dass Sie Ihre Badebekleidung und Handt\u00fccher mitbringen, da Sie die M\u00f6glichkeit haben werden, am Strand von Abu Dabbab zu entspannen und im klaren Wasser zu schwimmen.<\/li>\n<li>Fotoapparat<\/li>\n<li>Geld<\/li>\n<\/ul>\n<h3><b>Zahlungsmodalit\u00e4ten:<\/b><\/h3>\n<p><span style=\"font-weight: 400;\">Die Zahlung in Bargeld (Euro, US-Dollar, Schweizer Franken oder \u00e4gyptisches Pfund). Kartenzahlung ist derzeit nicht m\u00f6glich.<\/span><\/p>\n<h3><b>Transferkosten:<\/b><\/h3>\n<p><span style=\"font-weight: 400;\">Die Transferkosten f\u00fcr Hin- und R\u00fcckfahrten von Hotels in Hurghada, Sahl Hasheesh, Makadi Bay, Soma Bay und Safaga sind im Preis enthalten. F\u00fcr Transfers von Hotels in El Gouna oder vom Hafen in Safaga f\u00e4llt je nach Gruppengr\u00f6\u00dfe ein kleiner Aufpreis zwischen 2,- und 10,- \u20ac pro Person an.<\/span><\/p>\n<h2>Gerne bieten wir Ihnen weitere Angebote an:<\/h2>\n<ul>\n<li><span style=\"color: #0000ff;\"><a style=\"color: #0000ff;\" href=\"https:\/\/aegyptentours.de\/soma-bay-ausfluege\/delfinschwimmen-soma-bay-schnorcheln-ausflug-delfin-tour\/\" rel=\"nofollow noopener\" target=\"_blank\">Exklusives Delfinschwimmen Soma Bay | Schnorchel-Ausflug &amp; Delfin Tour in kleiner Gruppe<\/a><\/span><\/li>\n<li><span style=\"color: #0000ff;\"><a style=\"color: #0000ff;\" href=\"https:\/\/aegyptentours.de\/soma-bay-ausfluege\/elite-orange-bay-insel-ausflug-soma-bay-schnorcheln-tour-deutsch\/\" rel=\"nofollow noopener\" target=\"_blank\">Exklusiver Orange Bay Insel-Ausflug | Soma Bay Schnorcheln Tour in kleiner Gruppe<\/a><\/span><\/li>\n<li><span style=\"color: #0000ff;\"><a style=\"color: #0000ff;\" href=\"https:\/\/aegyptentours.de\/soma-bay-ausfluege\/delfin-tour-soma-bay-mit-speedboot-privat-schnorcheln-ausflug\/\" rel=\"nofollow noopener\" target=\"_blank\">Private Delfin Tour Soma Bay mit Speedboot &amp; Schnorcheln Ausflug<\/a><\/span><\/li>\n<\/ul>\n<h4>Folgen Sie uns auf Facebook:<\/h4>\n<p><a href=\"https:\/\/www.facebook.com\/aegypten.touren.ausfluege.mit.peter\/\" target=\"_blank\" rel=\"noopener nofollow\"><img decoding=\"async\" data-src=\"https:\/\/aegyptentouren.de\/wp-content\/uploads\/2024\/01\/Peter-Tours-400x300.png\" alt=\"\u00c4gypten Touren &amp; Ausfl\u00fcge mit Peter Tours\" width=\"55\" height=\"41\" src=\"data:image\/svg+xml;base64,PHN2ZyB3aWR0aD0iMSIgaGVpZ2h0PSIxIiB4bWxucz0iaHR0cDovL3d3dy53My5vcmcvMjAwMC9zdmciPjwvc3ZnPg==\" class=\"lazyload\" style=\"--smush-placeholder-width: 55px; --smush-placeholder-aspect-ratio: 55\/41;\" \/><\/a><\/p>\n<p><a href=\"https:\/\/www.pinterest.de\/aegyptentouren\/\" target=\"_blank\" rel=\"noopener nofollow\"><img decoding=\"async\" data-src=\"https:\/\/aegyptentouren.de\/wp-content\/uploads\/2024\/01\/Peter-Tours-1-400x300.png\" alt=\"\u00c4gypten Touren &amp; Ausfl\u00fcge mit ( Peter Tours )\" width=\"56\" height=\"42\" src=\"data:image\/svg+xml;base64,PHN2ZyB3aWR0aD0iMSIgaGVpZ2h0PSIxIiB4bWxucz0iaHR0cDovL3d3dy53My5vcmcvMjAwMC9zdmciPjwvc3ZnPg==\" class=\"lazyload\" style=\"--smush-placeholder-width: 56px; --smush-placeholder-aspect-ratio: 56\/42;\" \/><\/a><\/p>\n<h2><\/h2>\n","protected":false},"excerpt":{"rendered":"<p>Abu Dabbab Schnorcheln &amp; Schildkr\u00f6ten-Ausflug ab Soma Bay ist eine der beliebtesten Touren f\u00fcr Reisenden, die die faszinierende Unterwasserwelt des Roten Meeres erkunden m\u00f6chten. Der Abu Dabbab Schildkr\u00f6ten-Ausflug bietet eine einzigartige Gelegenheit, die farbenfrohen Korallenriffe und die vielf\u00e4ltige Meeresfauna zu erleben. Zus\u00e4tzlich zu den Schnorchel Erlebnissen am Abu Dabbab-Riff. Genie\u00dfen Sie das Schwimmen mit Schildkr\u00f6ten, [&hellip;]<\/p>\n","protected":false},"featured_media":19361,"comment_status":"open","ping_status":"closed","template":"","meta":{"_monsterinsights_skip_tracking":false,"_monsterinsights_sitenote_active":false,"_monsterinsights_sitenote_note":"","_monsterinsights_sitenote_category":0},"product_brand":[],"product_cat":[203],"product_tag":[229],"class_list":{"0":"post-17692","1":"product","2":"type-product","3":"status-publish","4":"has-post-thumbnail","6":"product_cat-soma-bay-ausfluege","7":"product_tag-aegypten-ausfluege-fuer-die-familien-mit-kindern","9":"first","10":"instock","11":"sale","12":"shipping-taxable","13":"purchasable","14":"product-type-ovabrw_car_rental","15":"add-to-wishlist-after_add_to_cart"},"_links":{"self":[{"href":"https:\/\/aegyptentouren.de\/en\/wp-json\/wp\/v2\/product\/17692","targetHints":{"allow":["GET"]}}],"collection":[{"href":"https:\/\/aegyptentouren.de\/en\/wp-json\/wp\/v2\/product"}],"about":[{"href":"https:\/\/aegyptentouren.de\/en\/wp-json\/wp\/v2\/types\/product"}],"replies":[{"embeddable":true,"href":"https:\/\/aegyptentouren.de\/en\/wp-json\/wp\/v2\/comments?post=17692"}],"version-history":[{"count":15,"href":"https:\/\/aegyptentouren.de\/en\/wp-json\/wp\/v2\/product\/17692\/revisions"}],"predecessor-version":[{"id":26090,"href":"https:\/\/aegyptentouren.de\/en\/wp-json\/wp\/v2\/product\/17692\/revisions\/26090"}],"wp:featuredmedia":[{"embeddable":true,"href":"https:\/\/aegyptentouren.de\/en\/wp-json\/wp\/v2\/media\/19361"}],"wp:attachment":[{"href":"https:\/\/aegyptentouren.de\/en\/wp-json\/wp\/v2\/media?parent=17692"}],"wp:term":[{"taxonomy":"product_brand","embeddable":true,"href":"https:\/\/aegyptentouren.de\/en\/wp-json\/wp\/v2\/product_brand?post=17692"},{"taxonomy":"product_cat","embeddable":true,"href":"https:\/\/aegyptentouren.de\/en\/wp-json\/wp\/v2\/product_cat?post=17692"},{"taxonomy":"product_tag","embeddable":true,"href":"https:\/\/aegyptentouren.de\/en\/wp-json\/wp\/v2\/product_tag?post=17692"}],"curies":[{"name":"wp","href":"https:\/\/api.w.org\/{rel}","templated":true}]}}