{"id":17679,"date":"2024-03-25T12:52:18","date_gmt":"2024-03-25T12:52:18","guid":{"rendered":"https:\/\/aegyptentouren.de\/?post_type=product&#038;p=17679"},"modified":"2026-03-28T15:51:14","modified_gmt":"2026-03-28T14:51:14","slug":"privater-ausflug-von-sahl-hasheesh-nach-kairo-und-die-pyramiden-von-gizeh-privat","status":"publish","type":"product","link":"https:\/\/aegyptentouren.de\/en\/sahl-hasheesh-ausfluege\/privater-ausflug-von-sahl-hasheesh-nach-kairo-und-die-pyramiden-von-gizeh-privat\/","title":{"rendered":"Privater Tagestour von Sahl Hasheesh nach Kairo und zu den Pyramiden von Gizeh (Das alte \u00c4gyptische Museum)"},"content":{"rendered":"<p data-start=\"245\" data-end=\"332\"><strong data-start=\"245\" data-end=\"330\">privater Ausflug von Sahl Hasheesh nach Kairo \u2013 Entdecken Sie die Pyramiden von Gizeh<\/strong><\/p>\n<p data-start=\"334\" data-end=\"683\">Erleben Sie eine unvergessliche <strong>private Tagestour von Sahl Hasheesh nach Kairo<\/strong> und entdecken Sie die faszinierende <strong>Hauptstadt \u00c4gyptens<\/strong>. Besuchen Sie die weltber\u00fchmten <strong>Pyramiden von Gizeh, die Sphinx und das \u00c4gyptische Museum<\/strong>. Tauchen Sie ein in die Geschichte des Alten \u00c4gyptens und bestaunen Sie beeindruckende arch\u00e4ologische Sch\u00e4tze.<\/p>\n<p data-start=\"685\" data-end=\"1017\">Unser erfahrener Reisef\u00fchrer f\u00fchrt Sie durch die historischen St\u00e4tten Kairos und gibt spannende Einblicke in die Vergangenheit. Neben den Hauptattraktionen erkunden Sie die lebendige <strong data-start=\"868\" data-end=\"890\">Altstadt von Kairo<\/strong>, schlendern \u00fcber den <strong data-start=\"912\" data-end=\"937\">Khan El Khalili Basar<\/strong> und erleben die ber\u00fchmte <strong data-start=\"963\" data-end=\"981\">El Moez Stra\u00dfe<\/strong> mit ihren historischen Bauwerken.<\/p>\n<p data-start=\"1019\" data-end=\"1211\">Erkunden Sie <strong>Kairos Sehensw\u00fcrdigkeiten abseits des Massentourismus und ohne Verkaufsveranstaltungen<\/strong>. Genie\u00dfen Sie eine private Tour mit maximaler Flexibilit\u00e4t und pers\u00f6nlicher Betreuung.<\/p>\n<p data-start=\"1213\" data-end=\"1376\"><strong data-start=\"1213\" data-end=\"1374\">Erleben Sie Kairo exklusiv und entspannt \u2013 buchen Sie jetzt Ihren privaten Tagesausflug nach Kairo ab Sahl Hasheesh und entdecken Sie die Wunder \u00c4gyptens hautnah!<\/strong><\/p>\n<ul>\n<li>Online buchen \u2013 vor Ort bezahlen<\/li>\n<li>Die Bezahlung erfolgt bei der Abholung vom Hotel.<\/li>\n<li>Abholung in der Lobby Ihres Hotels.<\/li>\n<li>Kundendienst 24\/7 erreichbar.<\/li>\n<\/ul>\n<h2>Entfernung von Sahl Hasheesh nach Kairo \u2013 Pyramiden von Gizeh &amp; Reisedauer<\/h2>\n<ul>\n<li>\n<p data-start=\"52\" data-end=\"219\">Die Distanz zwischen <strong data-start=\"73\" data-end=\"95\">Sahl Hasheesh und Kairo<\/strong> betr\u00e4gt etwa <strong data-start=\"109\" data-end=\"126\">400 Kilometer<\/strong> (Luftlinie). Auf der Stra\u00dfe sind es je nach Route rund <strong data-start=\"182\" data-end=\"216\">450 Kilometer (ca. 280 Meilen)<\/strong>.<\/p>\n<\/li>\n<li>\n<p data-start=\"52\" data-end=\"219\">Die Fahrt<strong data-start=\"239\" data-end=\"288\">\u00a0dauert in der Regel 4,5 bis 5 Stunden<\/strong>. Bitte beachten Sie, dass es insbesondere in <strong data-start=\"334\" data-end=\"343\">Kairo<\/strong> durch den dichten Verkehr zu Verz\u00f6gerungen kommen kann.<\/p>\n<\/li>\n<\/ul>\n<h2>Private Tagestour von Sahl Hasheesh nach Kairo &#8211; Ausflugsprogramm<\/h2>\n<h2><span style=\"font-size: 14pt; color: #ff9900;\">Abholung &amp; komfortable Anreise von Sahl Hasheesh nach Kairo<\/span><\/h2>\n<ul>\n<li>Ihr Ausflug beginnt fr\u00fchmorgens gegen <strong data-start=\"87\" data-end=\"99\">3:00 Uhr<\/strong> mit der <strong data-start=\"108\" data-end=\"137\">Hotelabholung in Sahl Hasheesh<\/strong>. Ein <strong data-start=\"143\" data-end=\"175\">deutschsprachiger \u00c4gyptologe<\/strong> begleitet Sie auf der Fahrt im <strong data-start=\"207\" data-end=\"242\">klimatisierten PKW oder Minibus<\/strong>. Bequeme Sitze und eine entspannte Atmosph\u00e4re sorgen f\u00fcr eine angenehme Reise.<\/li>\n<\/ul>\n<h2 data-start=\"276\" data-end=\"334\"><span style=\"font-size: 14pt; color: #000080;\">Erkundung der Pyramiden von Gizeh und der Sphinx<\/span><\/h2>\n<p data-start=\"336\" data-end=\"549\">Die <strong data-start=\"340\" data-end=\"363\">Pyramiden von Gizeh<\/strong> geh\u00f6ren zu den bedeutendsten Bauwerken der Geschichte. Vor Jahrtausenden als Grabst\u00e4tten f\u00fcr Pharaonen errichtet, symbolisieren sie die beeindruckende Zivilisation des Alten \u00c4gyptens.<\/p>\n<p data-start=\"551\" data-end=\"687\">W\u00e4hrend Ihres Besuchs erleben Sie die <strong data-start=\"589\" data-end=\"635\">Cheops-, Chephren- und Mykerinos-Pyramiden<\/strong> sowie die imposante <strong data-start=\"656\" data-end=\"676\">Sphinx von Gizeh<\/strong> hautnah.<\/p>\n<h3 data-start=\"689\" data-end=\"739\"><span style=\"color: #ff9900; font-size: 12pt;\"><strong data-start=\"693\" data-end=\"737\">Geschichte und Faszination der Pyramiden<\/strong><\/span><\/h3>\n<p data-start=\"741\" data-end=\"961\">Unsere erfahrenen Guides nehmen Sie mit auf eine Reise in die Vergangenheit. Sie erfahren spannende Details \u00fcber die Errichtung und Bedeutung dieser monumentalen Bauwerke und tauchen in die Welt des Alten \u00c4gyptens ein.<\/p>\n<h2 data-start=\"963\" data-end=\"999\"><span style=\"font-size: 14pt; color: #000080;\"><strong data-start=\"967\" data-end=\"997\">Die Gro\u00dfe Sphinx von Gizeh<\/strong><\/span><\/h2>\n<p data-start=\"1001\" data-end=\"1202\">Mit ihrem <strong data-start=\"1011\" data-end=\"1048\">L\u00f6wenk\u00f6rper und menschlichen Kopf<\/strong> z\u00e4hlt die Gro\u00dfe Sphinx zu den bekanntesten Statuen der Welt. Ihr mysteri\u00f6ser Ausdruck und ihre imposante Gr\u00f6\u00dfe faszinieren Besucher seit Jahrhunderten.<\/p>\n<p data-start=\"1204\" data-end=\"1304\">Ihr Reisef\u00fchrer gibt Ihnen interessante Einblicke in die Geschichte und Mythen rund um die Sphinx.<\/p>\n<h3 data-start=\"1306\" data-end=\"1373\"><span style=\"color: #ff9900; font-size: 12pt;\"><strong data-start=\"1310\" data-end=\"1371\">Der Taltempel \u2013 Ein religi\u00f6ses Zentrum des Alten \u00c4gyptens<\/strong><\/span><\/h3>\n<p data-start=\"1375\" data-end=\"1493\">Besichtigen Sie den beeindruckenden <strong data-start=\"1411\" data-end=\"1424\">Taltempel<\/strong> nahe der Sphinx, einst ein zentraler Ort f\u00fcr religi\u00f6se Zeremonien.<\/p>\n<p data-start=\"1495\" data-end=\"1655\">Die gut erhaltene Architektur vermittelt einen Eindruck vom Leben zur Zeit der Pharaonen. Lassen Sie sich in die Bl\u00fctezeit des Alten \u00c4gyptens zur\u00fcckversetzen.<\/p>\n<h3 data-start=\"1657\" data-end=\"1706\"><span style=\"color: #ff9900; font-size: 12pt;\"><strong data-start=\"1661\" data-end=\"1704\">Mittagessen<\/strong><\/span><\/h3>\n<p data-start=\"1708\" data-end=\"1915\">Nach einem erlebnisreichen Vormittag genie\u00dfen Sie ein k\u00f6stliches Mittagessen in einem Restaurant nahe der Pyramiden. Freuen Sie sich auf eine Vielzahl \u00e4gyptischer Spezialit\u00e4ten, oft in Buffetform serviert.<\/p>\n<h2 data-start=\"1922\" data-end=\"1970\"><span style=\"color: #000080; font-size: 14pt;\"><strong data-start=\"1926\" data-end=\"1968\">Das \u00c4gyptische Nationalmuseum in Kairo<\/strong><\/span><\/h2>\n<p data-start=\"1972\" data-end=\"2110\">Das <strong data-start=\"1976\" data-end=\"2014\">\u00c4gyptische Nationalmuseum in Kairo<\/strong> beherbergt eine der gr\u00f6\u00dften Sammlungen antiker Artefakte weltweit. Zu den Highlights geh\u00f6ren:<\/p>\n<ul data-start=\"2112\" data-end=\"2240\">\n<li data-start=\"2112\" data-end=\"2149\">Die <strong data-start=\"2118\" data-end=\"2147\">Goldmaske des Tutanchamun<\/strong><\/li>\n<li data-start=\"2150\" data-end=\"2185\">Pr\u00e4chtige <strong data-start=\"2162\" data-end=\"2183\">k\u00f6nigliche Mumien<\/strong><\/li>\n<li data-start=\"2186\" data-end=\"2240\">Kunstvoller <strong data-start=\"2200\" data-end=\"2238\">Schmuck, Statuen und Papyrusrollen<\/strong><\/li>\n<\/ul>\n<p data-start=\"2242\" data-end=\"2336\">Diese Relikte bieten faszinierende Einblicke in die Kultur und Geschichte der Pharaonenzeit.<\/p>\n<h3 data-start=\"2338\" data-end=\"2378\"><span style=\"font-size: 12pt; color: #ff9900;\"><strong data-start=\"2342\" data-end=\"2376\">Gef\u00fchrte Tour durch das Museum<\/strong><\/span><\/h3>\n<p data-start=\"2380\" data-end=\"2640\">W\u00e4hrend einer <strong data-start=\"2394\" data-end=\"2412\">gef\u00fchrten Tour<\/strong> durch das Museum erl\u00e4utert Ihnen ein erfahrener Guide die historischen Zusammenh\u00e4nge der Ausstellungsst\u00fccke. Erfahren Sie mehr \u00fcber das Leben der Pharaonen, religi\u00f6se Rituale und k\u00fcnstlerische Meisterwerke des Alten \u00c4gyptens.<\/p>\n<h3 data-start=\"2647\" data-end=\"2696\"><span style=\"color: #ff9900; font-size: 12pt;\"><strong data-start=\"2651\" data-end=\"2694\">Khan El Khalili-Basar \u2013 Das Herz Kairos<\/strong><\/span><\/h3>\n<p data-start=\"2698\" data-end=\"2941\">Erleben Sie den legend\u00e4ren <strong data-start=\"2725\" data-end=\"2750\">Khan El Khalili-Basar<\/strong> bei einer Stadtrundfahrt durch Kairo. Schlendern Sie durch die verwinkelten Gassen, entdecken Sie traditionelle Handwerkskunst und entspannen Sie in einem der zahlreichen charmanten Caf\u00e9s.<\/p>\n<h3 data-start=\"2948\" data-end=\"2981\"><span style=\"color: #ff9900; font-size: 12pt;\"><strong data-start=\"2952\" data-end=\"2979\">R\u00fcckfahrt nach Sahl Hasheesh<\/strong><\/span><\/h3>\n<p data-start=\"2983\" data-end=\"3149\">Nach einem unvergesslichen Tag mit Besichtigungen der <strong data-start=\"3037\" data-end=\"3100\">Pyramiden von Gizeh, der Sphinx und des \u00c4gyptischen Museums<\/strong> treten Sie die R\u00fcckreise nach <strong data-start=\"3131\" data-end=\"3143\">Sahl Hasheesh<\/strong> an.<\/p>\n<p data-start=\"3151\" data-end=\"3283\">Sie werden bequem zu Ihrem Hotel gebracht und k\u00f6nnen die Erlebnisse dieses au\u00dfergew\u00f6hnlichen Tages in Ruhe Revue passieren lassen.<\/p>\n<h2>Privater Ausflug von Sahl Hasheesh nach Kairo und die Pyramiden &#8211; Preise:<\/h2>\n<table style=\"border-collapse: collapse;\">\n<tbody>\n<tr>\n<td style=\"text-align: center;\"><strong><span style=\"color: #3366ff;\">Die Teilnehmer<\/span><\/strong><\/td>\n<td style=\"text-align: center;\"><strong><span style=\"color: #3366ff;\">Fahrzeug<\/span><\/strong><\/td>\n<td style=\"text-align: center;\"><strong><span style=\"color: #3366ff;\">Preis pro Person<\/span><\/strong><\/td>\n<\/tr>\n<tr>\n<td style=\"text-align: center;\"><strong><span style=\"color: #3366ff;\">2<\/span><\/strong><\/td>\n<td style=\"text-align: center;\">Privater Ausflug Sahl Hasheesh Kairo | PKW<\/td>\n<td style=\"text-align: center;\"><strong><span style=\"color: #ff0000;\"><del>160<\/del><\/span> <span style=\"color: #3366ff;\">145 <\/span>\u20ac<\/strong><\/td>\n<\/tr>\n<tr>\n<td style=\"text-align: center;\"><strong><span style=\"color: #3366ff;\">3<\/span><\/strong><\/td>\n<td style=\"text-align: center;\">Privater Ausflug Sahl Hasheesh Kairo | Minibus<\/td>\n<td style=\"text-align: center;\"><strong><span style=\"color: #ff0000;\"><del>145<\/del><\/span> <span style=\"color: #3366ff;\">130 <\/span>\u20ac<\/strong><\/td>\n<\/tr>\n<tr>\n<td style=\"text-align: center;\"><strong><span style=\"color: #3366ff;\">4<\/span><\/strong><\/td>\n<td style=\"text-align: center;\">Privater Ausflug Sahl Hasheesh Kairo | Minibus<\/td>\n<td style=\"text-align: center;\"><strong><span style=\"color: #ff0000;\"><del>127<\/del><\/span> <span style=\"color: #3366ff;\">117 <\/span>\u20ac<\/strong><\/td>\n<\/tr>\n<tr>\n<td style=\"text-align: center;\"><strong><span style=\"color: #3366ff;\">5<\/span><\/strong><\/td>\n<td style=\"text-align: center;\">Privater Ausflug Sahl Hasheesh Kairo | Minibus<\/td>\n<td style=\"text-align: center;\"><strong><span style=\"color: #ff0000;\"><del>119<\/del><\/span> <span style=\"color: #3366ff;\">110 <\/span>\u20ac<\/strong><\/td>\n<\/tr>\n<tr>\n<td style=\"text-align: center;\"><strong><span style=\"color: #3366ff;\">6<\/span><\/strong><\/td>\n<td style=\"text-align: center;\">Privater Ausflug Sahl Hasheesh Kairo | Minibus<\/td>\n<td style=\"text-align: center;\"><strong><span style=\"color: #ff0000;\"><del>113<\/del><\/span>\u00a0<span style=\"color: #3366ff;\">105 <\/span>\u20ac<\/strong><\/td>\n<\/tr>\n<tr>\n<td style=\"text-align: center;\"><strong><span style=\"color: #3366ff;\">7<\/span><\/strong><\/td>\n<td style=\"text-align: center;\">Privater Ausflug Sahl Hasheesh Kairo | Minibus<\/td>\n<td style=\"text-align: center;\"><strong><span style=\"color: #ff0000;\"><span style=\"text-decoration: line-through;\">106<\/span><\/span> \u00a0<span style=\"color: #3366ff;\">99 <\/span>\u20ac<\/strong><\/td>\n<\/tr>\n<tr>\n<td style=\"text-align: center;\"><strong><span style=\"color: #3366ff;\">8<\/span><\/strong><\/td>\n<td style=\"text-align: center;\">Privater Ausflug Sahl Hasheesh Kairo | Minibus<\/td>\n<td style=\"text-align: center;\"><strong><span style=\"color: #ff0000;\"><del>99<\/del><\/span>\u00a0 \u00a0<span style=\"color: #3366ff;\">92\u00a0 <\/span>\u20ac<\/strong><\/td>\n<\/tr>\n<\/tbody>\n<\/table>\n<h3>Kinder Preise:<\/h3>\n<table style=\"border-collapse: collapse;\">\n<tbody>\n<tr>\n<td>Kind:\u00a0 \u00a0 \u00a0 \u00a0 \u00a0 \u00a0 <span style=\"color: #3366ff;\"><strong>\u00a05 &#8211; 11<\/strong><\/span><\/td>\n<td><span style=\"color: #3366ff;\"><strong>60<\/strong><\/span> \u20ac<\/td>\n<\/tr>\n<tr>\n<td>Kleinkind:\u00a0 \u00a0 <span style=\"color: #3366ff;\"><strong>0 &#8211; 5<\/strong><\/span><\/td>\n<td><strong><span style=\"color: #3366ff;\">Frei<\/span><\/strong><\/td>\n<\/tr>\n<\/tbody>\n<\/table>\n<h3>Anmerkungen f\u00fcr den Tagesausflug Sahl Hasheesh Kairo Privat<\/h3>\n<ul>\n<li>Zus\u00e4tzliche Kosten wie Trinkgelder sind nicht im Preis inbegriffen.<\/li>\n<li>Der Reiseleiter kann m\u00f6glicherweise die Reihenfolge \u00e4ndern. \u00c4nderungen im Programm sind aus technischen oder organisatorischen Gr\u00fcnden m\u00f6glich.<\/li>\n<\/ul>\n<h3>Mitnehmen<\/h3>\n<p>Um Ihren Ausflug Sahl Hasheesh Kairo vollst\u00e4ndig genie\u00dfen zu k\u00f6nnen, sollten Sie einige wichtige Dinge mitbringen:<\/p>\n<ul>\n<li>G\u00fcltiger Reisepass mit Visum oder Personalausweis mit dem Visum Beleg<\/li>\n<li>Bestellen Sie Ihre Fr\u00fchst\u00fccksbox an der Rezeption Ihres Hotels mindestens einen Tag vor der Tour.<\/li>\n<li aria-level=\"1\">Sonnenbrille &amp;\u00a0Sonnenschutz:\u00a0Da Sie den Gro\u00dfteil des Ausflugs im Freien verbringen, ist es wichtig, Sonnenschutzmittel, eine Sonnenbrille und einen Hut mitzubringen, um sich vor der intensiven Sonneneinstrahlung zu sch\u00fctzen.<\/li>\n<li>Fotoapparat \/ Handy und Ladekabel<\/li>\n<li>Warme Kleidung im Winter<\/li>\n<li>Leichte Kleidung im Sommer<\/li>\n<li>Geld<\/li>\n<\/ul>\n<h3><b>Zahlungsmodalit\u00e4ten:<\/b><\/h3>\n<p><span style=\"font-weight: 400;\">Die Zahlung in Bargeld (Euro, US-Dollar, Schweizer Franken oder \u00e4gyptisches Pfund). Kartenzahlung ist derzeit nicht m\u00f6glich.<\/span><\/p>\n<h3><b>Transferkosten:<\/b><\/h3>\n<p><span style=\"font-weight: 400;\">Die Transferkosten f\u00fcr Hin- und R\u00fcckfahrten von Hotels in Hurghada und El Gouna sind im Preis enthalten. F\u00fcr Transfers von Hotels in Sahl Hasheesh, Makadi Bay, Soma Bay und Safaga sowie vom Hafen in Safaga f\u00e4llt je nach Gruppengr\u00f6\u00dfe ein kleiner Aufpreis zwischen 2,- und 10,- \u20ac pro Person an.<\/span><\/p>\n<h4>Gerne bieten wir Ihnen weitere Angebote an:<\/h4>\n<ul>\n<li>\n<p class=\"ova-product-title\"><span style=\"color: #0000ff;\"><strong><a style=\"color: #0000ff;\" href=\"https:\/\/aegyptentouren.de\/sahl-hasheesh-ausfluege\/privater-ausflug-von-sahl-hasheesh-nach-luxor-ins-tal-der-koenige\/\">Privater Tagesausflug von Sahl Hasheesh nach Luxor ins Tal der K\u00f6nige<\/a><\/strong><\/span><\/p>\n<\/li>\n<\/ul>\n<h4>Folgen Sie uns auf Facebook:<\/h4>\n<p><a href=\"https:\/\/www.facebook.com\/aegypten.touren.ausfluege.mit.peter\/\" target=\"_blank\" rel=\"noopener nofollow\"><img decoding=\"async\" data-src=\"https:\/\/aegyptentouren.de\/wp-content\/uploads\/2024\/01\/Peter-Tours-400x300.png\" alt=\"\u00c4gypten Touren &amp; Ausfl\u00fcge mit Peter Tours\" width=\"55\" height=\"41\" src=\"data:image\/svg+xml;base64,PHN2ZyB3aWR0aD0iMSIgaGVpZ2h0PSIxIiB4bWxucz0iaHR0cDovL3d3dy53My5vcmcvMjAwMC9zdmciPjwvc3ZnPg==\" class=\"lazyload\" style=\"--smush-placeholder-width: 55px; --smush-placeholder-aspect-ratio: 55\/41;\" \/><\/a><\/p>\n<p><a href=\"https:\/\/www.pinterest.de\/aegyptentouren\/\" target=\"_blank\" rel=\"noopener nofollow\"><img decoding=\"async\" data-src=\"https:\/\/aegyptentouren.de\/wp-content\/uploads\/2024\/01\/Peter-Tours-1-400x300.png\" alt=\"\u00c4gypten Touren &amp; Ausfl\u00fcge mit ( Peter Tours )\" width=\"56\" height=\"42\" src=\"data:image\/svg+xml;base64,PHN2ZyB3aWR0aD0iMSIgaGVpZ2h0PSIxIiB4bWxucz0iaHR0cDovL3d3dy53My5vcmcvMjAwMC9zdmciPjwvc3ZnPg==\" class=\"lazyload\" style=\"--smush-placeholder-width: 56px; --smush-placeholder-aspect-ratio: 56\/42;\" \/><\/a><\/p>\n","protected":false},"excerpt":{"rendered":"<p>privater Ausflug von Sahl Hasheesh nach Kairo \u2013 Entdecken Sie die Pyramiden von Gizeh Erleben Sie eine unvergessliche private Tagestour von Sahl Hasheesh nach Kairo und entdecken Sie die faszinierende Hauptstadt \u00c4gyptens. Besuchen Sie die weltber\u00fchmten Pyramiden von Gizeh, die Sphinx und das \u00c4gyptische Museum. Tauchen Sie ein in die Geschichte des Alten \u00c4gyptens und [&hellip;]<\/p>\n","protected":false},"featured_media":21074,"comment_status":"open","ping_status":"closed","template":"","meta":{"_monsterinsights_skip_tracking":false,"_monsterinsights_sitenote_active":false,"_monsterinsights_sitenote_note":"","_monsterinsights_sitenote_category":0},"product_brand":[],"product_cat":[201],"product_tag":[],"class_list":{"0":"post-17679","1":"product","2":"type-product","3":"status-publish","4":"has-post-thumbnail","6":"product_cat-sahl-hasheesh-ausfluege","8":"first","9":"instock","10":"sale","11":"shipping-taxable","12":"purchasable","13":"product-type-ovabrw_car_rental","14":"add-to-wishlist-after_add_to_cart"},"_links":{"self":[{"href":"https:\/\/aegyptentouren.de\/en\/wp-json\/wp\/v2\/product\/17679","targetHints":{"allow":["GET"]}}],"collection":[{"href":"https:\/\/aegyptentouren.de\/en\/wp-json\/wp\/v2\/product"}],"about":[{"href":"https:\/\/aegyptentouren.de\/en\/wp-json\/wp\/v2\/types\/product"}],"replies":[{"embeddable":true,"href":"https:\/\/aegyptentouren.de\/en\/wp-json\/wp\/v2\/comments?post=17679"}],"version-history":[{"count":8,"href":"https:\/\/aegyptentouren.de\/en\/wp-json\/wp\/v2\/product\/17679\/revisions"}],"predecessor-version":[{"id":26342,"href":"https:\/\/aegyptentouren.de\/en\/wp-json\/wp\/v2\/product\/17679\/revisions\/26342"}],"wp:featuredmedia":[{"embeddable":true,"href":"https:\/\/aegyptentouren.de\/en\/wp-json\/wp\/v2\/media\/21074"}],"wp:attachment":[{"href":"https:\/\/aegyptentouren.de\/en\/wp-json\/wp\/v2\/media?parent=17679"}],"wp:term":[{"taxonomy":"product_brand","embeddable":true,"href":"https:\/\/aegyptentouren.de\/en\/wp-json\/wp\/v2\/product_brand?post=17679"},{"taxonomy":"product_cat","embeddable":true,"href":"https:\/\/aegyptentouren.de\/en\/wp-json\/wp\/v2\/product_cat?post=17679"},{"taxonomy":"product_tag","embeddable":true,"href":"https:\/\/aegyptentouren.de\/en\/wp-json\/wp\/v2\/product_tag?post=17679"}],"curies":[{"name":"wp","href":"https:\/\/api.w.org\/{rel}","templated":true}]}}