{"id":17627,"date":"2024-03-17T18:23:54","date_gmt":"2024-03-17T18:23:54","guid":{"rendered":"https:\/\/aegyptentouren.de\/?post_type=product&#038;p=17627"},"modified":"2025-11-22T18:00:04","modified_gmt":"2025-11-22T17:00:04","slug":"ausflug-tagesausflug-von-safaga-hafen-nach-luxor-ins-tal-der-konige-mit-mini-bus","status":"publish","type":"product","link":"https:\/\/aegyptentouren.de\/en\/safaga-hafen-ausfluege\/ausflug-tagesausflug-von-safaga-hafen-nach-luxor-ins-tal-der-konige-mit-mini-bus\/","title":{"rendered":"Tagesausflug Safaga Hafen Luxor ins Tal der K\u00f6nige mit Mini-Bus"},"content":{"rendered":"<p><span style=\"font-weight: 400; font-family: georgia, palatino, serif; color: #000000; font-size: 12pt;\"><strong>Erfahren<\/strong> Sie mit <strong>Peter Tours<\/strong>\u00a0den <strong>Ausflug Safaga Hafen nach Luxor ins Tal der K\u00f6nige. Luxor Tagestour<\/strong> bietet eine einzigartige Gelegenheit, in die faszinierende Geschichte des alten \u00c4gyptens einzutauchen.\u00a0 Genie\u00dfen Sie ihren <strong>Ausflug Safaga Hafen Luxor ins Tal der K\u00f6nige<\/strong> in kleiner Gruppe Maximal <strong>6<\/strong> Personen mit Mini-Bus <strong>ohne Verkaufsveranstaltungen<\/strong> und erkunden Sie <strong>Luxor Sehensw\u00fcrdigkeiten<\/strong>: <strong>Das Tal der K\u00f6nige, Karnak Tempel, Hatschepsut Tempel und Memnon Kolosse.<\/strong><\/span><\/p>\n<p><span style=\"font-size: 12pt; font-family: georgia, palatino, serif;\"><span style=\"color: #000000;\">Buchen Sie noch <\/span>heute <span style=\"color: #000000;\">Ihren <strong>Tagesausflug Safaga Hafen Luxor<\/strong> mit <strong>Peter Tours <\/strong>\u00a0und erleben Sie dieses einzigartige Abenteuer selbst!\u00a0<\/span><\/span><\/p>\n<ul>\n<li aria-level=\"1\"><span style=\"font-family: georgia, palatino, serif; color: #000000; font-size: 12pt;\"><b>Online Buchen Vor Ort Bezahlen<\/b><\/span><\/li>\n<li aria-level=\"1\"><span style=\"font-family: georgia, palatino, serif; color: #000000; font-size: 12pt;\">Bezahlung Erfolgt bei der Abholung vom Hotel<\/span><\/li>\n<li aria-level=\"1\"><span style=\"font-family: georgia, palatino, serif; color: #000000; font-size: 12pt;\">Abholung von der Lobby ihres Hotel<\/span><\/li>\n<li aria-level=\"1\"><span style=\"font-family: georgia, palatino, serif; color: #000000; font-size: 12pt;\">Kundendienst 24\/7 in der Woche erreichbar.<\/span><\/li>\n<\/ul>\n<h2>Tagesausflug Safaga Hafen Luxor ins Tal der K\u00f6nige mit Mini-Bus<\/h2>\n<p><span style=\"font-family: georgia, palatino, serif; color: #000000; font-size: 12pt;\">Die Beliebtheit des <strong>Tagesausflugs von Safaga Hafen nach Luxor\u00a0<\/strong> in kleinen Gruppen mit dem Mini-Bus l\u00e4sst sich auf mehrere Faktoren zur\u00fcckf\u00fchren:<\/span><\/p>\n<ul>\n<li><span style=\"font-family: georgia, palatino, serif; color: #000000; font-size: 12pt;\">Erstens erm\u00f6glicht diese Tour es Reisenden, trotz begrenzter Zeit die wichtigsten<strong> Luxor Sehensw\u00fcrdigkeiten<\/strong> zu besuchen.<\/span><\/li>\n<\/ul>\n<ol>\n<li><span style=\"font-family: georgia, palatino, serif; color: #000000; font-size: 12pt;\">Erkunden Sie <strong>Luxor Sehensw\u00fcrdigkeiten<\/strong> ohne Massentourismus .<\/span><\/li>\n<li><span style=\"font-family: georgia, palatino, serif; color: #000000; font-size: 12pt;\">Erfahren Sie<strong> Luxor Tagesausflug<\/strong> ohne Verkaufsveranstaltungen.<\/span><\/li>\n<\/ol>\n<ul>\n<li><span style=\"font-family: georgia, palatino, serif; color: #000000; font-size: 12pt;\">Der Komfort des klimatisierten Mini-Busses bietet eine angenehme Reise zwischen den St\u00e4dten.<\/span><\/li>\n<li><span style=\"font-family: georgia, palatino, serif; color: #000000; font-size: 12pt;\">Zudem f\u00fchrt ein erfahrener Guide die Teilnehmer durch die bedeutendsten Orte und teilt interessante Geschichten und Fakten \u00fcber ihre Geschichte.<\/span><\/li>\n<\/ul>\n<h2>Was Kostet ein Ausflug Safaga Hafen nach Luxor ins Tal der K\u00f6nige?<\/h2>\n<h3>Tagesausflug Safaga Hafen Luxor ins Tal der K\u00f6nige mit Mini-Bus Preise:<\/h3>\n<table style=\"border-collapse: collapse;\">\n<tbody>\n<tr>\n<td style=\"text-align: left;\"><strong><span style=\"color: #3366ff;\">Alter des Teilnehmers<\/span><\/strong><\/td>\n<td style=\"text-align: center;\"><strong><span style=\"color: #3366ff;\">Preis Pro Person<\/span><\/strong><\/td>\n<\/tr>\n<tr>\n<td>Erwachsene: <strong><span style=\"color: #3366ff;\">+ 11<\/span><\/strong><\/td>\n<td style=\"text-align: center;\"><span style=\"color: #3366ff;\"><strong>125<\/strong> \u00a0<\/span><\/td>\n<\/tr>\n<tr>\n<td>Kind:\u00a0 \u00a0 \u00a0 \u00a0 \u00a0\u00a0<span style=\"color: #3366ff;\"> \u00a0 \u00a0<strong>5-11<\/strong><\/span><\/td>\n<td style=\"text-align: center;\"><span style=\"color: #3366ff;\"><strong>60\u00a0<\/strong><\/span><\/td>\n<\/tr>\n<tr>\n<td>Kleinkind:\u00a0 \u00a0 \u00a0<strong><span style=\"color: #3366ff;\">0-5<\/span><\/strong><\/td>\n<td style=\"text-align: center;\"><strong><span style=\"color: #3366ff;\">Frei<\/span><\/strong><\/td>\n<\/tr>\n<\/tbody>\n<\/table>\n<h2>Entfernung: Safaga Hafen-Luxor:<\/h2>\n<ul>\n<li><span style=\"font-family: georgia, palatino, serif; color: #000000; font-size: 12pt;\">Die <strong>Entfernung zwischen Safaga Hafen und Luxor<\/strong> betr\u00e4gt 240 Kilometer. Die Fahrstrecke von Safaga Hafen nach Kairo betr\u00e4gt 280 Kilometer (174 Meilen).<\/span><\/li>\n<li><span style=\"font-family: georgia, palatino, serif; color: #000000; font-size: 12pt;\">Die Fahrt <strong>von Safaga Hafen nach Kairo<\/strong> dauert mit dem Mini-Bus von vier bis vier und Halb Stunden<\/span><\/li>\n<\/ul>\n<h2>Ausflug von Safaga Hafen nach Luxor ins Tal der K\u00f6nige :\u00a0 Programmablauf<\/h2>\n<h3>Abholung vom Hotel mit klimatisiertem Mini-Bus<\/h3>\n<ul>\n<li><span style=\"font-family: georgia, palatino, serif; color: #000000; font-size: 12pt;\">Unser erfahrener deutschsprachiger Reiseleiter und \u00c4gyptologe begleitet Sie fr\u00fchmorgens gegen 3:00 Uhr von Ihrem Hotel in Safaga Hafen nach Luxor.<\/span><\/li>\n<li><span style=\"font-family: georgia, palatino, serif; color: #000000; font-size: 12pt;\">Das klimatisierte Fahrzeug ( Mini-Bus ), der f\u00fcr den <strong>Tagesausflug von Safaga Hafen nach Luxor<\/strong> genutzt wird, bietet bequeme Sitze und eine angenehme Atmosph\u00e4re w\u00e4hrend der Fahrt. Der moderne Bus gew\u00e4hrleistet Sicherheit und Komfort auf der Strecke.<\/span><\/li>\n<\/ul>\n<h3>Besuch die Pharaonischen Gr\u00e4ber im Tal der K\u00f6nige<\/h3>\n<h3>Das Tal der K\u00f6nige<\/h3>\n<p>Das Tal der K\u00f6nige am Westufer von Luxor, \u00c4gypten, ist eine Nekropole, die viele Pharaonen und Herrscher des alten \u00c4gyptens beherbergt.<\/p>\n<p>Es ist bekannt f\u00fcr einige der bedeutendsten Gr\u00e4ber der Geschichte, darunter das von K\u00f6nig Tutanchamun. Diese Begr\u00e4bnisst\u00e4tte spiegelt die hohe religi\u00f6se und kulturelle Bedeutung wider, die sie in der \u00e4gyptischen Geschichte innehat.<\/p>\n<h3>Hatschepsut Tempel<\/h3>\n<p>Der Tempel der Hatschepsut, auch bekannt als Deir el-Bahari, ist einer der ber\u00fchmtesten Tempelkomplexe \u00c4gyptens in Luxor. Er wurde w\u00e4hrend der achtzehnten Dynastie f\u00fcr die K\u00f6nigin Hatschepsut erbaut.<\/p>\n<p>Der Tempel gilt als eine der bedeutendsten Errungenschaften des alten \u00c4gypten und zeugt von der Macht und dem Prestige der K\u00f6nigin in dieser Zeit.<\/p>\n<h3>Karnak Tempel<\/h3>\n<div>\n<dl id=\"attachment_17616\">\n<dt><a href=\"https:\/\/aegyptentouren.de\/wp-content\/uploads\/2024\/03\/Ausflug-von-Hurghada-nach-Luxor-ins-Tal-der-Konige.webp\"><img fetchpriority=\"high\" decoding=\"async\" src=\"https:\/\/aegyptentouren.de\/wp-content\/uploads\/2024\/03\/Ausflug-von-Hurghada-nach-Luxor-ins-Tal-der-Konige-1300x800.webp\" alt=\"Ausflug von Hurghada nach Luxor ins Tal der K\u00f6nige Karnak Tempel\" width=\"516\" height=\"318\" \/><\/a><\/dt>\n<dd>Karnak Tempel<\/dd>\n<\/dl>\n<\/div>\n<ul>\n<li>Der Karnak-Tempel in Luxor ist ein bedeutendes Zeugnis der antiken \u00e4gyptischen Zivilisation. Seine Geschichte reicht bis ins 16. Jahrhundert v. Chr. zur\u00fcck, als der Bau begann.<\/li>\n<li>Karnak war nicht nur ein einzelner Tempel, sondern vielmehr eine ganze Tempelstadt, die zu einem riesigen Kultnetzwerk mit den Tempeln in West-Theben verbunden war.<\/li>\n<li>Die monumentale Architektur und die zahlreichen Denkm\u00e4ler am Tempelgel\u00e4nde zeugen von der spirituellen und kulturellen Bedeutung, die Karnak in der \u00e4gyptischen Geschichte hatte.<\/li>\n<\/ul>\n<h3>Architektur und Struktur des Karnak-Tempels<\/h3>\n<ul>\n<li>Die Architektur des Karnak-Tempels ist beeindruckend und komplex.<\/li>\n<li>Der Hauptbezirk allein bedeckt eine Fl\u00e4che von rund 123 Hektar und besteht aus einer Abfolge von Pylonen, Obelisken und S\u00e4ulen. Die monumentalen Torbauten, die Pylonen, sind charakteristisch f\u00fcr \u00e4gyptische Tempel und markieren den Eingang zu verschiedenen Bereichen des Tempelkomplexes.<\/li>\n<li>Die Struktur des Tempels spiegelt die religi\u00f6se Bedeutung und den kultischen Ablauf wider, der hier stattfand.<\/li>\n<li>Karnak war nicht nur ein Ort der Verehrung der G\u00f6tter, sondern auch ein Zentrum politischer und gesellschaftlicher Aktivit\u00e4ten im alten \u00c4gypten.<\/li>\n<\/ul>\n<h3>R\u00fcckfahrt nach Safaga Hafen nach dem Ausflug ins Tal der K\u00f6nige<\/h3>\n<p>Nachdem die Besichtigungen der Pharaonischen Gr\u00e4ber im Tal der K\u00f6nige, Hatshepsut Tempel, Karnak Tempel und Memnon Kolosse abgeschlossen sind, erfolgt die R\u00fcckfahrt in Richtung Safaga Hafen.<\/p>\n<p>Sie werden sicher zur\u00fcck zu ihren Hotels gebracht und k\u00f6nnen sich an die Erlebnisse dieses spannenden Tages erinnern.<\/p>\n<h2>Erlebnis Safaga Hafen nach Luxor mit Peter Tours:<\/h2>\n<p>Keine Kaffeefahrten oder Verkaufsveranstaltungen<br \/>\nGenie\u00dfen Sie den Tagesausflug von Safaga Hafen nach Luxor mit Besichtigung der Pharaonischen Gr\u00e4ber im Tal der K\u00f6nige, Hatshepsut Tempel, Karnak Tempel und Memnon Kolosse ohne die l\u00e4stige Kaffeefahrten oder Verkaufsveranstaltungen in das Programm. Der Fokus liegt klar auf den historischen Sehensw\u00fcrdigkeiten und dem kulturellen Erbe \u00c4gyptens.<\/p>\n<h2>Ausflug Safaga Hafen Luxor mit Mini-Bus Erfahrungen<\/h2>\n<p>Im direkten Vergleich zwischen Busreisen und kleine Gruppen mit Mini-Busse wurde vor allem die Bequemlichkeit des Minibusses gesch\u00e4tzt. Die gem\u00fctlichen Sitze und die festgelegte Planung mit einem Guide erlaubten es den Besuchern, sich vollst\u00e4ndig auf die Sehensw\u00fcrdigkeiten in Luxor und das kulturelle Erbe zu konzentrieren. Safaga Hafen Luxor Ausfl\u00fcge ohne Verkaufsveranstaltungen wurde sehr positiv bewertet.<\/p>\n<h2>Anmerkungen<\/h2>\n<ul>\n<li>Zus\u00e4tzliche Kosten wie Trinkgelder sind nicht im Preis inbegriffen.<\/li>\n<li>Der Reiseleiter kann m\u00f6glicherweise die Reihenfolge \u00e4ndern. \u00c4nderungen im Programm sind aus technischen oder organisatorischen Gr\u00fcnden m\u00f6glich.<\/li>\n<\/ul>\n<h2>Mitnehmen<\/h2>\n<p>Um Ihren Ausflug Safaga Hafen Luxor vollst\u00e4ndig genie\u00dfen zu k\u00f6nnen, sollten Sie einige wichtige Dinge mitbringen:<\/p>\n<ul>\n<li>G\u00fcltiger Reisepass mit Visum oder Personalausweis mit dem Visum Beleg<\/li>\n<li aria-level=\"1\">Sonnenbrille &amp;\u00a0Sonnenschutz:\u00a0Da Sie den Gro\u00dfteil des Ausflugs im Freien verbringen, ist es wichtig, Sonnenschutzmittel, eine Sonnenbrille und einen Hut mitzubringen, um sich vor der intensiven Sonneneinstrahlung zu sch\u00fctzen.<\/li>\n<li>Fotoapparat \/ Handy und Ladekabel<\/li>\n<li>Warme Kleidung im Winter<\/li>\n<li>Leichte Kleidung im Sommer<\/li>\n<li>Fr\u00fchst\u00fccks-box bei Abholung aus Ihrem Hotel in Safaga Hafen<\/li>\n<li>Geld<\/li>\n<\/ul>\n<h2>Bezahlungsmethoden:<\/h2>\n<p>Bei Ankunft in bar in Euro, US-Dollar, Schweizer Franken. Derzeit ist leider keine Zahlung mit Kreditkarte m\u00f6glich.<br \/>\nDie Bezahlung wird bei der Abholung vor Ort get\u00e4tigt.<\/p>\n<h2>Stornierungsbedingungen:<\/h2>\n<p>Es ist m\u00f6glich, die Reise bis 24 Stunden vor Beginn kostenlos zu stornieren. Danach wird eine Stornierungsgeb\u00fchr in H\u00f6he von 30 % des Reisepreises erhoben.<\/p>\n<h2>Transferkost zur Luxor Sehensw\u00fcrdigkeiten<\/h2>\n<p>Die Kosten f\u00fcr den Transfer (Hotelabholung und R\u00fcckfahrt zum Hotel) sind im Preis inbegriffen.<br \/>\nF\u00fcr Hotels und Regionen weiter entfernt gibt es einen kleinen Aufschlag von<br \/>\n5,- bis 10,- \u20ac pro Person an. ( Safaga Hafen ).<\/p>\n<h2>Gerne bieten wir Ihnen weitere Angebote an:<\/h2>\n<ul>\n<li><span style=\"color: #0000ff;\"><a style=\"color: #0000ff;\" href=\"https:\/\/aegyptentouren.de\/sahl-hasheesh-ausfluege\/ausflug-tagesausflug-von-sahl-hasheesh-nach-kairo-zu-den-pyramiden-mit-mini-bus\/\">Tagesausflug von Safaga Hafen nach Kairo zu den Pyramiden mit Mini-Bus<\/a><\/span><\/li>\n<\/ul>\n<h2>Folgen Sie uns auf Facebook:<\/h2>\n<p><a href=\"https:\/\/www.facebook.com\/aegypten.touren.ausfluege.mit.peter\/\" target=\"_blank\" rel=\"noopener nofollow\"><img decoding=\"async\" data-src=\"https:\/\/aegyptentouren.de\/wp-content\/uploads\/2024\/01\/Peter-Tours-400x300.png\" alt=\"\u00c4gypten Touren &amp; Ausfl\u00fcge mit Peter Tours\" width=\"55\" height=\"41\" src=\"data:image\/svg+xml;base64,PHN2ZyB3aWR0aD0iMSIgaGVpZ2h0PSIxIiB4bWxucz0iaHR0cDovL3d3dy53My5vcmcvMjAwMC9zdmciPjwvc3ZnPg==\" class=\"lazyload\" style=\"--smush-placeholder-width: 55px; --smush-placeholder-aspect-ratio: 55\/41;\" \/><\/a><\/p>\n<p><a href=\"https:\/\/www.pinterest.de\/aegyptentouren\/\" target=\"_blank\" rel=\"noopener nofollow\"><img decoding=\"async\" data-src=\"https:\/\/aegyptentouren.de\/wp-content\/uploads\/2024\/01\/Peter-Tours-1-400x300.png\" alt=\"\u00c4gypten Touren &amp; Ausfl\u00fcge mit ( Peter Tours )\" width=\"56\" height=\"42\" src=\"data:image\/svg+xml;base64,PHN2ZyB3aWR0aD0iMSIgaGVpZ2h0PSIxIiB4bWxucz0iaHR0cDovL3d3dy53My5vcmcvMjAwMC9zdmciPjwvc3ZnPg==\" class=\"lazyload\" style=\"--smush-placeholder-width: 56px; --smush-placeholder-aspect-ratio: 56\/42;\" \/><\/a><\/p>\n","protected":false},"excerpt":{"rendered":"<p>Erfahren Sie mit Peter Tours\u00a0den Ausflug Safaga Hafen nach Luxor ins Tal der K\u00f6nige. Luxor Tagestour bietet eine einzigartige Gelegenheit, in die faszinierende Geschichte des alten \u00c4gyptens einzutauchen.\u00a0 Genie\u00dfen Sie ihren Ausflug Safaga Hafen Luxor ins Tal der K\u00f6nige in kleiner Gruppe Maximal 6 Personen mit Mini-Bus ohne Verkaufsveranstaltungen und erkunden Sie Luxor Sehensw\u00fcrdigkeiten: Das [&hellip;]<\/p>\n","protected":false},"featured_media":19805,"comment_status":"open","ping_status":"closed","template":"","meta":{"_monsterinsights_skip_tracking":false,"_monsterinsights_sitenote_active":false,"_monsterinsights_sitenote_note":"","_monsterinsights_sitenote_category":0},"product_brand":[],"product_cat":[205],"product_tag":[],"class_list":{"0":"post-17627","1":"product","2":"type-product","3":"status-publish","4":"has-post-thumbnail","6":"product_cat-safaga-hafen-ausfluege","8":"first","9":"instock","10":"shipping-taxable","11":"purchasable","12":"product-type-ovabrw_car_rental","13":"add-to-wishlist-after_add_to_cart"},"_links":{"self":[{"href":"https:\/\/aegyptentouren.de\/en\/wp-json\/wp\/v2\/product\/17627","targetHints":{"allow":["GET"]}}],"collection":[{"href":"https:\/\/aegyptentouren.de\/en\/wp-json\/wp\/v2\/product"}],"about":[{"href":"https:\/\/aegyptentouren.de\/en\/wp-json\/wp\/v2\/types\/product"}],"replies":[{"embeddable":true,"href":"https:\/\/aegyptentouren.de\/en\/wp-json\/wp\/v2\/comments?post=17627"}],"version-history":[{"count":6,"href":"https:\/\/aegyptentouren.de\/en\/wp-json\/wp\/v2\/product\/17627\/revisions"}],"predecessor-version":[{"id":24451,"href":"https:\/\/aegyptentouren.de\/en\/wp-json\/wp\/v2\/product\/17627\/revisions\/24451"}],"wp:featuredmedia":[{"embeddable":true,"href":"https:\/\/aegyptentouren.de\/en\/wp-json\/wp\/v2\/media\/19805"}],"wp:attachment":[{"href":"https:\/\/aegyptentouren.de\/en\/wp-json\/wp\/v2\/media?parent=17627"}],"wp:term":[{"taxonomy":"product_brand","embeddable":true,"href":"https:\/\/aegyptentouren.de\/en\/wp-json\/wp\/v2\/product_brand?post=17627"},{"taxonomy":"product_cat","embeddable":true,"href":"https:\/\/aegyptentouren.de\/en\/wp-json\/wp\/v2\/product_cat?post=17627"},{"taxonomy":"product_tag","embeddable":true,"href":"https:\/\/aegyptentouren.de\/en\/wp-json\/wp\/v2\/product_tag?post=17627"}],"curies":[{"name":"wp","href":"https:\/\/api.w.org\/{rel}","templated":true}]}}