{"id":17626,"date":"2025-02-24T10:45:50","date_gmt":"2025-02-24T09:45:50","guid":{"rendered":"https:\/\/aegyptentouren.de\/?post_type=product&#038;p=17626"},"modified":"2026-02-27T13:30:36","modified_gmt":"2026-02-27T12:30:36","slug":"ausflug-tagesausflug-von-safaga-nach-luxor-ins-tal-der-koenige-mit-mini-bus","status":"publish","type":"product","link":"https:\/\/aegyptentouren.de\/en\/safaga-ausfluege\/ausflug-tagesausflug-von-safaga-nach-luxor-ins-tal-der-koenige-mit-mini-bus\/","title":{"rendered":"Tagesausflug von Safaga nach Luxor ins Tal der K\u00f6nige mit Mini-Bus"},"content":{"rendered":"<p data-start=\"155\" data-end=\"677\"><strong>Tagesausflug nach Luxor ab Safaga \u2013 Entdecken Sie die faszinierende Kultur \u00c4gyptens.<\/strong><\/p>\n<p data-start=\"155\" data-end=\"677\">Erleben Sie mit Peter Tours einen unvergesslichen <strong>Tagesausflug von Safaga nach Luxor ins Tal der K\u00f6nige<\/strong>. Diese <strong>Luxor-Tagestour<\/strong> bietet Ihnen eine einzigartige Gelegenheit, in die faszinierende Geschichte des alten \u00c4gyptens einzutauchen. Genie\u00dfen Sie Ihren <strong>Ausflug von Safaga nach Luxor in einer kleinen Gruppe<\/strong> (maximal <strong>6<\/strong> Personen im komfortablen <strong>Minibus, ohne Verkaufsveranstaltungen<\/strong>) und entdecken Sie die beeindruckenden <strong>Sehensw\u00fcrdigkeiten von Luxor: das Tal der K\u00f6nige, den Karnak-Tempel, den Hatschepsut-Tempel und die Memnon-Kolosse. <\/strong>Genie\u00dfen Sie eine entspannte <strong>Bootsfahrt auf dem Nil<\/strong> und erleben Sie die Sch\u00f6nheit \u00c4gyptens aus einer neuen Perspektive.<\/p>\n<p data-start=\"679\" data-end=\"818\">Buchen Sie noch heute Ihren Ausflug von Safaga ins Tal der K\u00f6nige mit Peter Tours und entdecken Sie die faszinierende Welt des alten \u00c4gyptens!<\/p>\n<ul>\n<li><strong>Online buchen und vor Ort bezahlen<\/strong><\/li>\n<li><strong>Bezahlung erfolgt bei der Abholung vom Hotel.<\/strong><\/li>\n<li><strong>Abholung in der Lobby Ihres Hotels.<\/strong><\/li>\n<li><strong>Kundendienst 24\/7 in der Woche erreichbar.<\/strong><\/li>\n<\/ul>\n<h2>Tagesausflug Safaga Luxor ins Tal der K\u00f6nige mit Mini-Bus<\/h2>\n<p>Die Beliebtheit des Ausflugs Safaga Luxor in kleinen Gruppen mit dem Mini-Bus l\u00e4sst sich auf mehrere Faktoren zur\u00fcckf\u00fchren:<\/p>\n<ul>\n<li>Erstens erm\u00f6glicht diese Tour es Reisenden, in kurzer Zeit die wichtigsten Luxor Sehensw\u00fcrdigkeiten zu besuchen.<\/li>\n<\/ul>\n<ol>\n<li>Erkunden Sie Luxor-Sehensw\u00fcrdigkeiten ohne Massentourismus.<\/li>\n<li>Genie\u00dfen Sie den Tagesausflug nach Luxor ohne Verkaufsveranstaltungen.<\/li>\n<li>Der Fokus liegt klar auf den historischen Sehensw\u00fcrdigkeiten und dem kulturellen Erbe \u00c4gyptens.<\/li>\n<\/ol>\n<ul>\n<li>Unser erfahrener Reisef\u00fchrer f\u00fchrt Sie durch die bedeutendsten Orte und teilt interessante Geschichten und Fakten \u00fcber ihre Geschichte.<\/li>\n<\/ul>\n<h2><strong data-start=\"77\" data-end=\"138\">Entfernung von Safaga nach Luxor und zum Tal der K\u00f6nige<\/strong><\/h2>\n<p>Die Entfernung zwischen Safaga und Luxor betr\u00e4gt etwa 210 Kilometer in der Luftlinie. Die Fahrstrecke mit dem Minibus umfasst rund 260 Kilometer (162 Meilen). Die Fahrzeit von Safaga nach Luxor betr\u00e4gt etwa 3 bis 3.5 Stunden.<\/p>\n<h2>Ausflug von Safaga nach Luxor ins Tal der K\u00f6nige &#8211; Programmablauf:<\/h2>\n<h3><span style=\"color: #ff9900;\">Abholung vom Hotel mit klimatisiertem Mini-Bus<\/span><\/h3>\n<ul>\n<li>Unser deutschsprachiger Reiseleiter begleitet Sie fr\u00fchmorgens von Ihrem Hotel in Safaga nach Luxor<\/li>\n<li>Unser erfahrener, deutschsprachiger Reisef\u00fchrer und \u00c4gyptologe empf\u00e4ngt Sie in Luxor und begleitet Sie den ganzen Tag w\u00e4hrend der Tour.<\/li>\n<li>Das klimatisierte Fahrzeug ( Mini-Bus ), der f\u00fcr den Tagesausflug von Safaga nach Luxor genutzt wird, bietet bequeme Sitze und eine angenehme Atmosph\u00e4re w\u00e4hrend der Fahrt.<\/li>\n<\/ul>\n<h2>Erkundung der Luxor-Sehensw\u00fcrdigkeiten<\/h2>\n<h2><span style=\"font-size: 14pt; color: #ff9900;\">Karnak Tempel<\/span><\/h2>\n<ul>\n<li>Der Karnak-Tempel in Luxor ist ein bedeutendes Zeugnis der antiken \u00e4gyptischen Zivilisation. Seine Geschichte reicht bis ins 16. Jahrhundert v. Chr. zur\u00fcck, als der Bau begann.<\/li>\n<li>Karnak war nicht nur ein einzelner Tempel, sondern vielmehr eine ganze Tempelstadt, die zu einem riesigen Kultnetzwerk mit den Tempeln in West-Theben verbunden war.<\/li>\n<li>Die monumentale Architektur und die zahlreichen Denkm\u00e4ler am Tempelgel\u00e4nde zeugen von der spirituellen und kulturellen Bedeutung, die Karnak in der \u00e4gyptischen Geschichte hatte.<\/li>\n<\/ul>\n<h3><span style=\"color: #ff9900;\">Hatschepsut Tempel<\/span><\/h3>\n<p>Der Tempel der Hatschepsut, auch bekannt als Deir El-Bahari, ist einer der ber\u00fchmtesten Tempelkomplexe \u00c4gyptens in Luxor. Er wurde w\u00e4hrend der achtzehnten Dynastie f\u00fcr die K\u00f6nigin Hatschepsut erbaut.<\/p>\n<p>Der Tempel gilt als eine der bedeutendsten Errungenschaften des alten \u00c4gypten und zeugt von der Macht und dem Prestige der K\u00f6nigin in dieser Zeit.<\/p>\n<h3><span style=\"color: #ff9900;\">Mittagessen im Restaurant in Luxor<\/span><\/h3>\n<p>Genie\u00dfen Sie ein leckeres Mittagessen in einem sch\u00f6nen Restaurant in Luxor, das in der Regel als Buffet serviert wird.<\/p>\n<h3><span style=\"color: #ff9900;\">Bootsfahrt auf dem Nil<\/span><\/h3>\n<p>Eine Bootsfahrt auf dem Nil am Nachmittag ist eine entspannende M\u00f6glichkeit, die Sch\u00f6nheit \u00c4gyptens vom Wasser aus zu erleben. Die Aussicht auf Luxor vom Fluss aus ist atemberaubend und bietet einen unvergleichlichen Blick auf antike Tempel und die umgebende Landschaft. Eine Bootsfahrt bietet die perfekte Gelegenheit, sich zu erholen, die frische Luft zu genie\u00dfen und die majest\u00e4tische Sch\u00f6nheit des Nils zu bewundern.<\/p>\n<h3><span style=\"color: #ff9900;\"><strong data-start=\"196\" data-end=\"224\">Besuch der Memnonkolosse<\/strong><\/span><\/h3>\n<p>Die Memnonkolosse sind zwei imposante Stein-Statuen am Westufer des Nils, in der N\u00e4he von Luxor. Sie stellen den Pharao Amenophis III. dar und geh\u00f6rten einst zu einem Tempel, der dem Sonnengott Amun-Re gewidmet war.<br data-start=\"442\" data-end=\"445\" \/>Erbaut vor \u00fcber 3.000 Jahren, sind die Kolosse ein beeindruckendes Zeugnis der herausragenden Baukunst des alten \u00c4gypten und ein unvergessliches Highlight jeder Luxor-Tour.<\/p>\n<h2><span style=\"font-size: 14pt; color: #ff9900;\">Das Tal der K\u00f6nige : Besuch der Pharaonischen Gr\u00e4ber<\/span><\/h2>\n<p>Das Tal der K\u00f6nige am Westufer von Luxor, \u00c4gypten, ist eine Nekropole, die viele Pharaonen und Herrscher des alten \u00c4gyptens beherbergt.<\/p>\n<p>Es ist bekannt f\u00fcr einige der bedeutendsten Gr\u00e4ber der Geschichte, darunter das von K\u00f6nig Tutanchamun. Diese Begr\u00e4bnisst\u00e4tte spiegelt die hohe religi\u00f6se und kulturelle Bedeutung wider, die sie in der \u00e4gyptischen Geschichte innehat.<\/p>\n<h3><span style=\"color: #ff9900;\">R\u00fcckfahrt nach Safaga nach dem Besuch im Tal der K\u00f6nige<\/span><\/h3>\n<p>Nachdem die Besichtigungen der Pharaonischen Gr\u00e4ber im Tal der K\u00f6nige, Hatshepsut Tempel, Karnak Tempel und Memnon Kolosse abgeschlossen sind, erfolgt die R\u00fcckfahrt in Richtung Safaga.<\/p>\n<h2>Ausflug Safaga Luxor mit Mini-Bus Erfahrungen:<\/h2>\n<p>Im direkten Vergleich zwischen Busreisen und kleinen Gruppen mit Mini-Bussen wurde vor allem die Bequemlichkeit des Minibusses gesch\u00e4tzt. Die gem\u00fctlichen Sitze und die festgelegte Planung mit einem erfahrenen Reisef\u00fchrer erlaubten es den Besuchern, sich vollst\u00e4ndig auf die Sehensw\u00fcrdigkeiten in Luxor und das kulturelle Erbe zu konzentrieren. Safaga Luxor Ausfl\u00fcge ohne Verkaufsveranstaltungen wurden sehr positiv bewertet.<\/p>\n<h2>Ausflug von Safaga nach Luxor ins Tal der K\u00f6nige &#8211; Preise:<\/h2>\n<table style=\"border-collapse: collapse;\">\n<tbody>\n<tr>\n<td style=\"text-align: left;\"><strong><span style=\"color: #3366ff;\">Alter des Teilnehmers<\/span><\/strong><\/td>\n<td style=\"text-align: center;\"><strong><span style=\"color: #3366ff;\">Preis Pro Person<\/span><\/strong><\/td>\n<\/tr>\n<tr>\n<td>Erwachsene: <strong><span style=\"color: #3366ff;\">+ 11<\/span><\/strong><\/td>\n<td style=\"text-align: center;\"><span style=\"color: #3366ff;\"><strong>125<\/strong> \u00a0<\/span><\/td>\n<\/tr>\n<tr>\n<td>Kind:\u00a0 \u00a0 \u00a0 \u00a0 \u00a0\u00a0<span style=\"color: #3366ff;\"> \u00a0 \u00a0<strong>5-11<\/strong><\/span><\/td>\n<td style=\"text-align: center;\"><span style=\"color: #3366ff;\"><strong>60\u00a0<\/strong><\/span><\/td>\n<\/tr>\n<tr>\n<td>Kleinkind:\u00a0 \u00a0 \u00a0<strong><span style=\"color: #3366ff;\">0-5<\/span><\/strong><\/td>\n<td style=\"text-align: center;\"><strong><span style=\"color: #3366ff;\">Frei<\/span><\/strong><\/td>\n<\/tr>\n<\/tbody>\n<\/table>\n<h4 style=\"text-align: left;\">Anmerkungen<\/h4>\n<ul>\n<li>Zus\u00e4tzliche Kosten wie Trinkgelder sind nicht im Preis inbegriffen.<\/li>\n<li>Der Reiseleiter kann m\u00f6glicherweise die Reihenfolge \u00e4ndern. \u00c4nderungen im Programm sind aus technischen oder organisatorischen Gr\u00fcnden m\u00f6glich.<\/li>\n<\/ul>\n<h4>Mitnehmen<\/h4>\n<p>Um Ihren Ausflug Safaga Luxor vollst\u00e4ndig genie\u00dfen zu k\u00f6nnen, sollten Sie einige wichtige Dinge mitbringen:<\/p>\n<ul>\n<li>G\u00fcltiger Reisepass mit Visum oder Personalausweis mit Visum-Beleg.<\/li>\n<li>Bestellen Sie Ihre Fr\u00fchst\u00fccksbox an der Rezeption Ihres Hotels mindestens einen Tag vor der Tour.<\/li>\n<li aria-level=\"1\">Sonnenbrille &amp;\u00a0Sonnenschutz:\u00a0Da Sie den Gro\u00dfteil des Ausflugs im Freien verbringen, ist es wichtig, Sonnenschutzmittel, eine Sonnenbrille und einen Hut mitzubringen, um sich vor der intensiven Sonneneinstrahlung zu sch\u00fctzen.<\/li>\n<li>Fotoapparat, Handy und Ladekabel<\/li>\n<li>Warme Kleidung im Winter<\/li>\n<li>Leichte Kleidung im Sommer<\/li>\n<li>Geld<\/li>\n<\/ul>\n<h4><b>Zahlungsmodalit\u00e4ten:<\/b><\/h4>\n<p><span style=\"font-weight: 400;\">Die Zahlung in Bargeld (Euro, US-Dollar, Schweizer Franken oder \u00e4gyptisches Pfund). Kartenzahlung ist derzeit nicht m\u00f6glich.<\/span><\/p>\n<h4><b>Transferkosten:<\/b><\/h4>\n<p><span style=\"font-weight: 400;\">Die Transferkosten f\u00fcr Hin- und R\u00fcckfahrten nach Luxor von Hotels in Hurghada, Sahl Hasheesh, Makadi Bay, Soma Bay und Safaga sind im Preis enthalten. F\u00fcr Transfers von Hotels in El Gouna oder vom Hafen in Safaga f\u00e4llt je nach Gruppengr\u00f6\u00dfe ein kleiner Aufpreis zwischen 2,- und 10,- \u20ac pro Person an.<\/span><\/p>\n<h4>Gerne bieten wir Ihnen weitere Angebote an:<\/h4>\n<ul>\n<li><span style=\"color: #0000ff;\"><a style=\"color: #0000ff;\" href=\"https:\/\/aegyptentouren.de\/safaga-ausfluege\/ausflug-tagesausflug-von-safaga-nach-kairo-zu-den-pyramiden-mit-mini-bus-2\/\">Tagesausflug von Safaga nach Kairo zu den Pyramiden mit Mini-Bus<\/a><\/span><\/li>\n<\/ul>\n<h4>Folgen Sie uns auf Facebook:<\/h4>\n<p><a href=\"https:\/\/www.facebook.com\/aegypten.touren.ausfluege.mit.peter\/\" target=\"_blank\" rel=\"noopener nofollow\"><img decoding=\"async\" data-src=\"https:\/\/aegyptentouren.de\/wp-content\/uploads\/2024\/01\/Peter-Tours-400x300.png\" alt=\"\u00c4gypten Touren &amp; Ausfl\u00fcge mit Peter Tours\" width=\"55\" height=\"41\" src=\"data:image\/svg+xml;base64,PHN2ZyB3aWR0aD0iMSIgaGVpZ2h0PSIxIiB4bWxucz0iaHR0cDovL3d3dy53My5vcmcvMjAwMC9zdmciPjwvc3ZnPg==\" class=\"lazyload\" style=\"--smush-placeholder-width: 55px; --smush-placeholder-aspect-ratio: 55\/41;\" \/><\/a><\/p>\n<p><a href=\"https:\/\/www.pinterest.de\/aegyptentouren\/\" target=\"_blank\" rel=\"noopener nofollow\"><img decoding=\"async\" data-src=\"https:\/\/aegyptentouren.de\/wp-content\/uploads\/2024\/01\/Peter-Tours-1-400x300.png\" alt=\"\u00c4gypten Touren &amp; Ausfl\u00fcge mit ( Peter Tours )\" width=\"56\" height=\"42\" src=\"data:image\/svg+xml;base64,PHN2ZyB3aWR0aD0iMSIgaGVpZ2h0PSIxIiB4bWxucz0iaHR0cDovL3d3dy53My5vcmcvMjAwMC9zdmciPjwvc3ZnPg==\" class=\"lazyload\" style=\"--smush-placeholder-width: 56px; --smush-placeholder-aspect-ratio: 56\/42;\" \/><\/a><\/p>\n","protected":false},"excerpt":{"rendered":"<p>Tagesausflug nach Luxor ab Safaga \u2013 Entdecken Sie die faszinierende Kultur \u00c4gyptens. Erleben Sie mit Peter Tours einen unvergesslichen Tagesausflug von Safaga nach Luxor ins Tal der K\u00f6nige. Diese Luxor-Tagestour bietet Ihnen eine einzigartige Gelegenheit, in die faszinierende Geschichte des alten \u00c4gyptens einzutauchen. Genie\u00dfen Sie Ihren Ausflug von Safaga nach Luxor in einer kleinen Gruppe [&hellip;]<\/p>\n","protected":false},"featured_media":19804,"comment_status":"open","ping_status":"closed","template":"","meta":{"_monsterinsights_skip_tracking":false,"_monsterinsights_sitenote_active":false,"_monsterinsights_sitenote_note":"","_monsterinsights_sitenote_category":0},"product_brand":[],"product_cat":[204],"product_tag":[],"class_list":{"0":"post-17626","1":"product","2":"type-product","3":"status-publish","4":"has-post-thumbnail","6":"product_cat-safaga-ausfluege","8":"first","9":"instock","10":"shipping-taxable","11":"purchasable","12":"product-type-ovabrw_car_rental","13":"add-to-wishlist-after_add_to_cart"},"_links":{"self":[{"href":"https:\/\/aegyptentouren.de\/en\/wp-json\/wp\/v2\/product\/17626","targetHints":{"allow":["GET"]}}],"collection":[{"href":"https:\/\/aegyptentouren.de\/en\/wp-json\/wp\/v2\/product"}],"about":[{"href":"https:\/\/aegyptentouren.de\/en\/wp-json\/wp\/v2\/types\/product"}],"replies":[{"embeddable":true,"href":"https:\/\/aegyptentouren.de\/en\/wp-json\/wp\/v2\/comments?post=17626"}],"version-history":[{"count":10,"href":"https:\/\/aegyptentouren.de\/en\/wp-json\/wp\/v2\/product\/17626\/revisions"}],"predecessor-version":[{"id":24448,"href":"https:\/\/aegyptentouren.de\/en\/wp-json\/wp\/v2\/product\/17626\/revisions\/24448"}],"wp:featuredmedia":[{"embeddable":true,"href":"https:\/\/aegyptentouren.de\/en\/wp-json\/wp\/v2\/media\/19804"}],"wp:attachment":[{"href":"https:\/\/aegyptentouren.de\/en\/wp-json\/wp\/v2\/media?parent=17626"}],"wp:term":[{"taxonomy":"product_brand","embeddable":true,"href":"https:\/\/aegyptentouren.de\/en\/wp-json\/wp\/v2\/product_brand?post=17626"},{"taxonomy":"product_cat","embeddable":true,"href":"https:\/\/aegyptentouren.de\/en\/wp-json\/wp\/v2\/product_cat?post=17626"},{"taxonomy":"product_tag","embeddable":true,"href":"https:\/\/aegyptentouren.de\/en\/wp-json\/wp\/v2\/product_tag?post=17626"}],"curies":[{"name":"wp","href":"https:\/\/api.w.org\/{rel}","templated":true}]}}