{"id":17579,"date":"2024-03-07T23:00:34","date_gmt":"2024-03-07T23:00:34","guid":{"rendered":"https:\/\/aegyptentouren.de\/?post_type=product&#038;p=17579"},"modified":"2026-03-29T20:27:29","modified_gmt":"2026-03-29T18:27:29","slug":"privater-orange-bay-ausflug-mit-speedboot-ab-safaga","status":"publish","type":"product","link":"https:\/\/aegyptentouren.de\/en\/safaga-ausfluege\/privater-orange-bay-ausflug-mit-speedboot-ab-safaga\/","title":{"rendered":"Privater Orange Bay Ausflug mit Speedboot ab Safaga"},"content":{"rendered":"<p>Privater Orange Bay Ausflug mit Speedboot ab Safaga | Private Orange Bay Schnorcheln Tour mit Speedboot Safaga | Orange Bay Inselaufenthalt ohne Schnorcheln mit dem Speed Boot | Speedboot Safaga<\/p>\n<p>Buchen Sie Privaten Orange Bay Ausflug mit Speedboot von Safaga nach ihrem Wunsch :<\/p>\n<ul>\n<li>Orange Bay Schnorchel-Tour mit dem Speedboot.<\/li>\n<li>Inselaufenthalt auf Orange Bay ohne Schnorcheln mit Speedboot.<\/li>\n<\/ul>\n<p>Erfahren Sie Ihre Private Orange Bay Ausflug &amp; Schnorcheln Tour ohne Massentourismus ab Safaga &#8211; Erstklassiger Service<\/p>\n<p>Buchen Sie noch heute Ihren Orange Bay Ausflug Bei \u00a0mit Peter Tours\u00a0und erleben Sie dieses einzigartige Abenteuer selbst!<\/p>\n<ul>\n<li aria-level=\"1\">Online Buchen Vor Ort Bezahlen<\/li>\n<li aria-level=\"1\">Bezahlung Erfolgt bei der Abholung vom Hotel<\/li>\n<li aria-level=\"1\">Abholung von der Lobby ihres Hotel<\/li>\n<li aria-level=\"1\">Kundendienst 24\/7 in der Woche erreichbar.<\/li>\n<\/ul>\n<h2>Privater Orange Bay Ausflug mit Speedboot ab Safaga Preise :<\/h2>\n<table style=\"border-collapse: collapse;\">\n<tbody>\n<tr>\n<td style=\"text-align: center;\"><strong><span style=\"color: #3366ff;\">Die<\/span><span style=\"color: #3366ff;\"> Teilnehmer<\/span><\/strong><\/td>\n<td style=\"text-align: center;\"><strong><span style=\"color: #3366ff;\">Fahrzeug<\/span><\/strong><\/td>\n<td style=\"text-align: center;\"><strong><span style=\"color: #3366ff;\">Preis pro Person<\/span><\/strong><\/td>\n<\/tr>\n<tr>\n<td style=\"text-align: center;\"><strong><span style=\"color: #3366ff;\">2<\/span>\u00a0 \u00a0\u00a0<\/strong><\/td>\n<td style=\"text-align: center;\">Speedboot Safaga Privat<\/td>\n<td style=\"text-align: center;\"><span style=\"color: #ff0000;\"><del>100<\/del><\/span> <span style=\"color: #3366ff;\"><strong>85 <\/strong><\/span>\u20ac<\/td>\n<\/tr>\n<tr>\n<td style=\"text-align: center;\"><strong><span style=\"color: #3366ff;\">3\u00a0 \u00a0\u00a0<\/span><\/strong><\/td>\n<td style=\"text-align: center;\">Speedboot Safaga Privat<\/td>\n<td style=\"text-align: center;\"><span style=\"color: #ff0000;\"><del>87<\/del><\/span> <span style=\"color: #3366ff;\"><strong>75 <\/strong><\/span>\u20ac<\/td>\n<\/tr>\n<tr>\n<td style=\"text-align: center;\"><strong><span style=\"color: #3366ff;\">4\u00a0 \u00a0<\/span>\u00a0<\/strong><\/td>\n<td style=\"text-align: center;\">Speedboot Safaga Privat<\/td>\n<td style=\"text-align: center;\"><span style=\"color: #ff0000;\"><del>70<\/del><\/span> <span style=\"color: #3366ff;\"><strong>60 <\/strong><\/span>\u20ac<\/td>\n<\/tr>\n<tr>\n<td style=\"text-align: center;\"><strong><span style=\"color: #3366ff;\">5\u00a0 \u00a0<\/span>\u00a0<\/strong><\/td>\n<td style=\"text-align: center;\">Speedboot Safaga Privat<\/td>\n<td style=\"text-align: center;\"><span style=\"color: #ff0000;\"><del>55<\/del><\/span> <span style=\"color: #3366ff;\"><strong>48 <\/strong><\/span>\u20ac<\/td>\n<\/tr>\n<tr>\n<td style=\"text-align: center;\"><strong><span style=\"color: #3366ff;\">6\u00a0 \u00a0<\/span>\u00a0<\/strong><\/td>\n<td style=\"text-align: center;\">Speedboot Safaga Privat<\/td>\n<td style=\"text-align: center;\"><span style=\"color: #ff0000;\"><del>50<\/del><\/span> <span style=\"color: #3366ff;\"><strong>43 <\/strong><\/span>\u20ac<\/td>\n<\/tr>\n<tr>\n<td style=\"text-align: center;\"><strong><span style=\"color: #3366ff;\">7\u00a0 \u00a0<\/span>\u00a0<\/strong><\/td>\n<td style=\"text-align: center;\">Speedboot Safaga Privat<\/td>\n<td style=\"text-align: center;\"><span style=\"color: #ff0000;\"><del>44<\/del><\/span>\u00a0<span style=\"color: #3366ff;\"><strong>38 <\/strong><\/span>\u20ac<\/td>\n<\/tr>\n<tr>\n<td style=\"text-align: center;\"><strong><span style=\"color: #3366ff;\">8\u00a0 \u00a0<\/span>\u00a0<\/strong><\/td>\n<td style=\"text-align: center;\">Speedboot Safaga Privat<\/td>\n<td style=\"text-align: center;\"><span style=\"color: #ff0000;\"><del>40<\/del><\/span>\u00a0<span style=\"color: #3366ff;\"><strong>33 <\/strong><\/span>\u20ac<\/td>\n<\/tr>\n<\/tbody>\n<\/table>\n<h3>Kinder Preise<\/h3>\n<table style=\"border-collapse: collapse;\">\n<tbody>\n<tr>\n<td><strong><span style=\"color: #3366ff;\">Alter des Teilnehmers<\/span><\/strong><\/td>\n<td style=\"text-align: center;\"><strong><span style=\"color: #3366ff;\">Preis Pro Person<\/span><\/strong><\/td>\n<\/tr>\n<tr>\n<td><span style=\"color: #00ccff;\"><span style=\"color: #000000;\">Kind<\/span>:\u00a0 \u00a0 \u00a0 \u00a0 <span style=\"color: #3366ff;\">\u00a0<strong>5-11<\/strong><\/span><\/span><\/td>\n<td style=\"text-align: center;\">\u00a0<span style=\"color: #ff0000;\"><span style=\"text-decoration: line-through;\">30<\/span><\/span>\u00a0<span style=\"color: #3366ff;\"><strong>25<\/strong> <\/span><span style=\"color: #000000;\">\u20ac<\/span><\/td>\n<\/tr>\n<tr>\n<td><span style=\"color: #00ccff;\"><span style=\"color: #000000;\">Kleinkind<\/span><span style=\"color: #3366ff;\">\u00a0<strong>0-5<\/strong><\/span><\/span><\/td>\n<td style=\"text-align: center;\"><strong><span style=\"color: #3366ff;\">Frei<\/span><\/strong><\/td>\n<\/tr>\n<\/tbody>\n<\/table>\n<h2>Orange Bay Ausflug mit Speedboot Safaga Privat:<\/h2>\n<p>private Orange Bay Tour\u00a0 mit dem Speedboot von Safaga ist eine aufregende M\u00f6glichkeit, die atemberaubende Sch\u00f6nheit der Orange Bay Insel zu erleben. Mit einem privaten Speedboot von Safaga k\u00f6nnen Sie 30 Minuten lang durch das klare, t\u00fcrkisfarbene Wasser fahren und dabei die atemberaubende Aussicht auf das Rote Meer genie\u00dfen. Die Insel selbst bietet zahlreiche Freizeitaktivit\u00e4ten, darunter Schwimmen, entspannen am Strand und erfrischende Getr\u00e4nke an der Bar. Nachdem Sie die malerische Umgebung erkundet haben, kehren Sie mit dem Speedboot zur\u00fcck nach Hurghada<\/p>\n<p>Dieser private Speedboot Ausflug erm\u00f6glicht es Ihnen, die Orange Bay Insel in Ihrem eigenen Tempo und nach Ihren eigenen Vorlieben zu erkunden. Und das Beste daran ist, dass Sie den ganzen Ausflug \u00fcber eine exklusive und pers\u00f6nliche Betreuung genie\u00dfen k\u00f6nnen.<\/p>\n<h2>Orange Bay Schnorchel-Tour oder Orange Bay ohne Schnorcheln:<\/h2>\n<p>Planen Sie Ihre Tour nach ihren W\u00fcnschen. Sie haben zwei Moglichkeiten mit unserem privaten\u00a0 Speedboot 1 oder 2 :<\/p>\n<ol>\n<li>\n<h3>Orange Bay Schnorchel-Ausflug :<\/h3>\n<\/li>\n<\/ol>\n<ul>\n<li>30 Minuten Bootfahrt zur Insel.<\/li>\n<li>Zwei Stunden Inselaufenthalt.<\/li>\n<li>Ca. 45 Minuten Schnorchel-Stopp.<\/li>\n<li>30 Minuten R\u00fcckfahrt mit dem Speedboot zum Hafen.<\/li>\n<\/ul>\n<h3>\u00a0 \u00a0 \u00a0 2. Orange Bay Ohne Schnorcheln:<\/h3>\n<ul>\n<li>30 Minuten Bootfahrt zur Insel.<\/li>\n<li>Drei Stunden Inselaufenthalt.<\/li>\n<li>30 Minuten R\u00fcckfahrt mit dem Speedboot zum Hafen.<\/li>\n<\/ul>\n<p>F\u00fcr mehr M\u00f6glichkeiten kontaktieren Sie uns per E-Mail oder What&#8217;s App.<\/p>\n<h2>Zeitplan von Orange Bay Ausflug mit dem Speedboot Safaga :<\/h2>\n<h3>Die Abholung von Ihrem Hotel und Transfer zum Hafen<\/h3>\n<ul>\n<li aria-level=\"1\">\u00c4gypten Touren\u00a0 bietet ihnen\u00a0 einen Abholservice von Ihrem Hotel mit modernen und klimatisierten Fahrzeuge an. Stellen Sie sicher, dass Sie bei der Buchung Ihre Hotel-Informationen angeben, damit Sie Ihren Abholort und die Abholzeit festlegen k\u00f6nnen.<\/li>\n<li aria-level=\"1\">Seien Sie p\u00fcnktlich bereit, um das Beste aus Ihrer Tour zu machen.<\/li>\n<li aria-level=\"1\">Der Transportservice f\u00fcr Orange Bay Ausflug mit dem Speedboot von Safaga beinhaltet die Abholung vom Hotel und den Transfer zum Hafen, von wo aus die Tour startet.<\/li>\n<li aria-level=\"1\">Ein freundlicher Fahrer holt Sie zur vereinbarten Zeit an Ihrem Hotel ab und bringt Sie sicher zum Hafen.<\/li>\n<li aria-level=\"1\">Dieser Service bietet Ihnen Komfort und Bequemlichkeit, da Sie sich keine Gedanken \u00fcber den Transport machen m\u00fcssen.<\/li>\n<li aria-level=\"1\">Mit diesem Transportservice k\u00f6nnen Sie Ihren Ausflug zur Delfin Tour Safaga stressfrei genie\u00dfen.<\/li>\n<li aria-level=\"1\">Lehnen Sie sich zur\u00fcck, entspannen Sie sich und freuen Sie sich auf ein unvergessliches Erlebnis auf Orange Bay Insel und beim Schnorcheln.<\/li>\n<\/ul>\n<h3>\u00a0Die Fahrt zur Orange Bay Insel mit dem Speedboot<\/h3>\n<ul>\n<li>Die Fahrt zur Orange Bay Insel erfolgt mit einem privaten Speedboot, das exklusiv f\u00fcr Sie\u00a0 reserviert ist. Die Fahrt dauert etwa 30 Minuten und bietet Ihnen eine atemberaubende Aussicht auf das klare Wasser und die K\u00fcste von Hurghada.<\/li>\n<li>Erleben Sie die Fahrt mit dem Speedboot und erh\u00f6hen Ihr Adrenalin. Das Speedboot bietet Ihnen Komfort und Sicherheit, w\u00e4hrend Sie schnell und bequem zur Insel gelangen.<\/li>\n<li>Unser Kapit\u00e4n des Speedboots wird die beste Route w\u00e4hlen, um sicherzustellen, dass Sie die Sehensw\u00fcrdigkeiten entlang des Weges bewundern k\u00f6nnen. Halten Sie Ihre Kamera bereit, um die malerische Sch\u00f6nheit des Roten Meeres festzuhalten.<\/li>\n<li>Genie\u00dfen Sie Die Softgetr\u00e4nke und Obst auf dem Speedboot.<\/li>\n<\/ul>\n<h3>Anreise zum Orange Bay und Die Orange Bay Inselaufenthalt<\/h3>\n<ul>\n<li>Genie\u00dfen Sie ihre Orange Bay Inselaufenthalt von 2 bis 3 Stunden oder l\u00e4ngere Zeit nach ihren Wunsch .<\/li>\n<li>f\u00fcr l\u00e4nger Zeit auf Orange Bay Insel kontaktieren Sie uns per What&#8217;s App.<\/li>\n<li>Nach Ihrer Ankunft auf der Orange Bay Insel haben Sie Zeit, das kristallklare Wasser und den wei\u00dfen Sandstrand zu genie\u00dfen.<\/li>\n<li>Entspannen Sie sich unter der warmen Sonne \u00c4gyptens, machen Sie einen Spaziergang entlang des Strandes.<\/li>\n<\/ul>\n<h3>\u00a0Schnorchel-Stopp<\/h3>\n<p>Genie\u00dfen Sie bei dem Orange Bay Ausflug\u00a0 mit dem Speedsboot Schnorchelgang und beeindruckende Korallen<\/p>\n<p>Beim Orange Bay Insel Ausflug mit Speedboot erwartet Sie ein unvergessliches Schnorchel Erlebnis. Tauchen Sie ein in die faszinierende Unterwasserwelt des Roten Meeres und entdecken Sie atemberaubende Korallenriffe und eine Vielzahl von bunten Meereslebewesen.<\/p>\n<ul>\n<li aria-level=\"1\">F\u00fcr den Orange Bay Ausflug\u00a0 bekommen Sie von unserem Team die richtige Ausr\u00fcstung.<\/li>\n<li aria-level=\"1\">Unsere Schnorcheln Tour Bietet ihnen alle die Schnorchel-Ausr\u00fcstungen (Die Flossen und Schnorchel-Mask und Die Schwimmweste im Preis Inbegriff an.<\/li>\n<li aria-level=\"1\">Aber es ist ratsam, Ihre eigenen Badebekleidung, Handt\u00fccher und Sonnenschutzmittel mitzubringen.<\/li>\n<\/ul>\n<h3>R\u00fcckfahrt zum Hafen und Transfer zum Hotel<\/h3>\n<ul>\n<li>Machen Sie unvergessliche Erinnerungen mit Ihren Familie oder Freunden. Nach Ihrer Zeit auf der Insel bringt Sie das Speedboot sicher zur\u00fcck zum Pier, wo der Transfer zur\u00fcck zu Ihrem Hotel auf Sie wartet.<\/li>\n<\/ul>\n<p>Ein privater Orange Bay Ausflug mit dem Speedboot von Safaga bietet Ihnen ein aufregendes und luxuri\u00f6ses Erlebnis, um die Sch\u00f6nheit der \u00e4gyptischen Karibikinsel zu entdecken. Genie\u00dfen Sie die Freiheit und Flexibilit\u00e4t dieses privaten Ausflugs und nehmen Sie unvergessliche Erinnerungen mit nach Hause.<\/p>\n<h2>Mitnehmen: Privater Orange Bay Ausflug mit Speedboot von Safaga<\/h2>\n<p>Um Ihren privaten Orange Bay Ausflug mit dem Speedboot von Safaga vollst\u00e4ndig genie\u00dfen zu k\u00f6nnen, sollten Sie einige wichtige Dinge mitbringen:<\/p>\n<ul>\n<li aria-level=\"1\">Sonnenbrille &amp; Sonnenschutz: Da Sie den Gro\u00dfteil des Ausflugs im Freien verbringen, ist es wichtig, Sonnenschutzmittel, eine Sonnenbrille und einen Hut mitzubringen, um sich vor der intensiven Sonneneinstrahlung zu sch\u00fctzen.<\/li>\n<li aria-level=\"1\">Badebekleidung &amp; Handt\u00fccher: Vergewissern Sie sich, dass Sie Ihre Badebekleidung und Handt\u00fccher mitbringen, da Sie die M\u00f6glichkeit haben werden, am Strand der Orange Bay zu entspannen und im klaren Wasser zu schwimmen.<\/li>\n<li>Fotoapparat<\/li>\n<li aria-level=\"1\">Geld<\/li>\n<\/ul>\n<h2>Anmerkungen:<\/h2>\n<ul>\n<li aria-level=\"1\">Alle Extrakosten wie Trinkgelder sind nicht enthalten<\/li>\n<li aria-level=\"1\">Die Reihenfolge kann ggf. durch den Reiseleiter ge\u00e4ndert werden. Programm\u00e4nderungen sind aus technischen oder organisatorischen Gr\u00fcnden vorbehalten.<\/li>\n<\/ul>\n<h2>Zahlungsmodalit\u00e4ten:<\/h2>\n<ul>\n<li aria-level=\"1\">Vor Ort in Bargeld in Euro, US-Dollars, Schweizer Franken. Eine Zahlung per Kreditkarte ist derzeit leider noch nicht m\u00f6glich.<\/li>\n<li aria-level=\"1\">Die Bezahlung erfolgt bei der Abholung vor Ort.<\/li>\n<\/ul>\n<h2>Stornierungsbedingungen:<\/h2>\n<ul>\n<li aria-level=\"1\">Eine kostenlose Stornierung ist bis 24 Stunden vor Reisebeginn m\u00f6glich. Danach erheben wir dann eine Stornierungsgeb\u00fchr in H\u00f6he von 30 % des Reisepreises.<\/li>\n<\/ul>\n<h2>Transferkosten:<\/h2>\n<ul>\n<li aria-level=\"1\">Die Transferkosten sind (Abholung vom Hotel und R\u00fcckfahrt zum Hotel)\u00a0 im Preis enthalten.<\/li>\n<li aria-level=\"1\">F\u00fcr entferntere Hotels und Regionen f\u00e4llt ein kleiner Aufpreis in H\u00f6he von\u00a05,- bis 10,- \u20ac pro Person an.<\/li>\n<li aria-level=\"1\">Transfer Zulage ab die Hotels von El Gouna, Safaga, Makadi Bay, Soma Bay, Safaga und Safaga Hafen.<\/li>\n<\/ul>\n<p>Mit diesen notwendigen Informationen und Empfehlungen sind Sie optimal vorbereitet, um Ihren privaten Orange Bay Ausflug mit dem Speedboot von Safaga in vollen Z\u00fcgen zu genie\u00dfen. Machen Sie sich bereit f\u00fcr ein unvergessliches Erlebnis inmitten der atemberaubenden Sch\u00f6nheit des Roten Meeres.<\/p>\n<h2>Folgen Sie uns :<\/h2>\n<p>&nbsp;<\/p>\n<div>\n<dl id=\"attachment_17448\">\n<dt><a href=\"https:\/\/www.facebook.com\/aegypten.touren.ausfluege.mit.peter\/\" rel=\"nofollow noopener\" target=\"_blank\"><img decoding=\"async\" data-src=\"https:\/\/aegyptentouren.de\/wp-content\/uploads\/2023\/11\/79ff98c829c7f91b891cfc9555ebade2-400x300.png\" alt=\"\u00c4gypten Touren und Ausfl\u00fcge mit Peter Tours\" width=\"126\" height=\"94\" src=\"data:image\/svg+xml;base64,PHN2ZyB3aWR0aD0iMSIgaGVpZ2h0PSIxIiB4bWxucz0iaHR0cDovL3d3dy53My5vcmcvMjAwMC9zdmciPjwvc3ZnPg==\" class=\"lazyload\" style=\"--smush-placeholder-width: 126px; --smush-placeholder-aspect-ratio: 126\/94;\" \/><\/a><\/dt>\n<\/dl>\n<\/div>\n<h2>Gerne bieten wir Ihnen weitere Angebote an:<\/h2>\n<ul>\n<li><span style=\"color: #0000ff;\"><a style=\"color: #0000ff;\" href=\"https:\/\/aegyptentouren.de\/safaga-ausfluege\/delfin-tour-safaga-mit-speedboot-privat-schnorcheln-ausflug\/\">Private Delfin Tour Safaga mit Speedboot &amp; Schnorcheln Ausflug<\/a><\/span><\/li>\n<\/ul>\n","protected":false},"excerpt":{"rendered":"<p>Privater Orange Bay Ausflug mit Speedboot ab Safaga | Private Orange Bay Schnorcheln Tour mit Speedboot Safaga | Orange Bay Inselaufenthalt ohne Schnorcheln mit dem Speed Boot | Speedboot Safaga Buchen Sie Privaten Orange Bay Ausflug mit Speedboot von Safaga nach ihrem Wunsch : Orange Bay Schnorchel-Tour mit dem Speedboot. Inselaufenthalt auf Orange Bay ohne [&hellip;]<\/p>\n","protected":false},"featured_media":20289,"comment_status":"open","ping_status":"closed","template":"","meta":{"_monsterinsights_skip_tracking":false,"_monsterinsights_sitenote_active":false,"_monsterinsights_sitenote_note":"","_monsterinsights_sitenote_category":0},"product_brand":[],"product_cat":[204],"product_tag":[],"class_list":{"0":"post-17579","1":"product","2":"type-product","3":"status-publish","4":"has-post-thumbnail","6":"product_cat-safaga-ausfluege","8":"first","9":"instock","10":"sale","11":"shipping-taxable","12":"purchasable","13":"product-type-ovabrw_car_rental","14":"add-to-wishlist-after_add_to_cart"},"_links":{"self":[{"href":"https:\/\/aegyptentouren.de\/en\/wp-json\/wp\/v2\/product\/17579","targetHints":{"allow":["GET"]}}],"collection":[{"href":"https:\/\/aegyptentouren.de\/en\/wp-json\/wp\/v2\/product"}],"about":[{"href":"https:\/\/aegyptentouren.de\/en\/wp-json\/wp\/v2\/types\/product"}],"replies":[{"embeddable":true,"href":"https:\/\/aegyptentouren.de\/en\/wp-json\/wp\/v2\/comments?post=17579"}],"version-history":[{"count":5,"href":"https:\/\/aegyptentouren.de\/en\/wp-json\/wp\/v2\/product\/17579\/revisions"}],"predecessor-version":[{"id":26368,"href":"https:\/\/aegyptentouren.de\/en\/wp-json\/wp\/v2\/product\/17579\/revisions\/26368"}],"wp:featuredmedia":[{"embeddable":true,"href":"https:\/\/aegyptentouren.de\/en\/wp-json\/wp\/v2\/media\/20289"}],"wp:attachment":[{"href":"https:\/\/aegyptentouren.de\/en\/wp-json\/wp\/v2\/media?parent=17579"}],"wp:term":[{"taxonomy":"product_brand","embeddable":true,"href":"https:\/\/aegyptentouren.de\/en\/wp-json\/wp\/v2\/product_brand?post=17579"},{"taxonomy":"product_cat","embeddable":true,"href":"https:\/\/aegyptentouren.de\/en\/wp-json\/wp\/v2\/product_cat?post=17579"},{"taxonomy":"product_tag","embeddable":true,"href":"https:\/\/aegyptentouren.de\/en\/wp-json\/wp\/v2\/product_tag?post=17579"}],"curies":[{"name":"wp","href":"https:\/\/api.w.org\/{rel}","templated":true}]}}