{"id":17472,"date":"2025-01-03T16:49:38","date_gmt":"2025-01-03T15:49:38","guid":{"rendered":"https:\/\/aegyptentouren.de\/?post_type=product&#038;p=17472"},"modified":"2026-04-09T08:36:37","modified_gmt":"2026-04-09T06:36:37","slug":"mahmya-insel-schnorcheln-ausflug-von-hurghada","status":"publish","type":"product","link":"https:\/\/aegyptentouren.de\/en\/hurghada-ausfluege\/mahmya-insel-schnorcheln-ausflug-von-hurghada\/","title":{"rendered":"Mahmya Insel Schnorchel-Ausflug von Hurghada mit privatem Hoteltransfer"},"content":{"rendered":"<p style=\"text-align: left;\">Die Erkundung der atemberaubenden Mahmya Insel im glitzernden Roten Meer ist f\u00fcr jeden Besucher ein unvergessliches Erlebnis. Der wei\u00dfe Sandstrand l\u00e4dt zum Entspannen ein, w\u00e4hrend das t\u00fcrkisfarbene Wasser zum Schwimmen und Schnorcheln lockt. Die malerische Sch\u00f6nheit der Insel bietet einen perfekten Kontrast zur W\u00fcstenlandschaft \u00c4gyptens und der Sch\u00f6nheit des Roten Meeres.<\/p>\n<p style=\"text-align: left;\">Mahmya Insel buchen und erfahren Sie mit uns dieses einzigartige Abenteuer selbst.<\/p>\n<p style=\"text-align: left;\">Genie\u00dfen Sie\u00a0 den Mahmya Schnorcheln Ausflug und Ein ganzt\u00e4gige Mahmya Inselausfenthalt mit Peter Tours<\/p>\n<ul style=\"text-align: left;\">\n<li aria-level=\"1\">Online Buchen Vor Ort Bezahlen<\/li>\n<li aria-level=\"1\">Bezahlung Erfolgt bei der Abholung vom Hotel<\/li>\n<li aria-level=\"1\">Abholung von der Lobby ihres Hotel<\/li>\n<li aria-level=\"1\">Kundendienst 24\/7 in der Woche erreichbar.<\/li>\n<\/ul>\n<h2 style=\"text-align: left;\">Mahmya Insel Schnorcheln-Ausflug von Hurghada<\/h2>\n<div style=\"text-align: left;\">\n<dl id=\"attachment_17476\">\n<dt><a href=\"https:\/\/aegyptentouren.de\/wp-content\/uploads\/2024\/02\/Mahmya-Insel-2-1.jpg\"><img fetchpriority=\"high\" decoding=\"async\" src=\"https:\/\/aegyptentouren.de\/wp-content\/uploads\/2024\/02\/Mahmya-Insel-2-1-1300x800.jpg\" alt=\"Mahmya Insel Schnorcheln Ausflug von Hurghada Mahmya Schnorcheln Mahmya Hurghada Mahmya Insel \u00c4gypten \" width=\"662\" height=\"408\" \/><\/a><\/dt>\n<dd>Mahmya Insel<\/dd>\n<\/dl>\n<\/div>\n<p style=\"text-align: left;\">Ein ganzt\u00e4giger Schnorchelausflug zu Mahmya Island verspricht ein Schnorchelerlebnis unter der strahlenden \u00e4gyptischen Sonne. Die klaren Gew\u00e4sser bieten eine Vielzahl von Meereslebewesen und Korallenriffen, die erkundet werden k\u00f6nnen.<\/p>\n<p style=\"text-align: left;\">Tauchen Sie ein in die faszinierende Unterwasserwelt und lassen Sie sich von der Sch\u00f6nheit des Roten Meeres verzaubern.<\/p>\n<p style=\"text-align: left;\">Ein Tag auf der Mahmya Island ist eine perfekte Kombination aus Entspannung am Strand und spannenden Wassersportaktivit\u00e4ten. Genie\u00dfen Sie die unber\u00fchrte Natur und die Ruhe der Insel fernab vom Trubel der Stadt.<\/p>\n<p style=\"text-align: left;\">Erleben Sie das kristallklare Wasser, die bunte Meereswelt und die warme Sonne \u00c4gyptens auf Ihrer n\u00e4chsten Reise zur Mahmya Insel im Roten Meer.<\/p>\n<h2>Mahmya Island Ausflug ab Hurghada &#8211; Preise:<\/h2>\n<table style=\"border-collapse: collapse;\">\n<tbody>\n<tr>\n<td style=\"text-align: left;\"><strong><span style=\"color: #3366ff;\">Alter des Teilnehmer<\/span><\/strong><\/td>\n<td style=\"text-align: center;\"><strong><span style=\"color: #3366ff;\">Reisetyp<\/span><\/strong><\/td>\n<td style=\"text-align: center;\"><strong><span style=\"color: #3366ff;\">Preis Pro Person<\/span><\/strong><\/td>\n<\/tr>\n<tr>\n<td style=\"text-align: left;\">Erwachsene: <strong><span style=\"color: #3366ff;\">+11<\/span><\/strong><\/td>\n<td style=\"text-align: center;\">Mahmya Insel Hurghada<\/td>\n<td style=\"text-align: center;\"><span style=\"color: #ff0000;\"><del>100<\/del><\/span> <strong><span style=\"color: #3366ff;\">85<\/span><\/strong>\u20ac<\/td>\n<\/tr>\n<tr>\n<td style=\"text-align: left;\">Kind: <strong><span style=\"color: #3366ff;\">5-11<\/span><\/strong><\/td>\n<td style=\"text-align: center;\">Mahmya Island Ausflug<\/td>\n<td style=\"text-align: center;\"><span style=\"color: #ff0000;\"><del>50<\/del><\/span>\u00a0<strong><span style=\"color: #3366ff;\">45<\/span><\/strong>\u20ac<\/td>\n<\/tr>\n<tr>\n<td style=\"text-align: left;\">Kleinkind: <strong><span style=\"color: #3366ff;\">0-5<\/span><\/strong><\/td>\n<td style=\"text-align: center;\"><span style=\"font-size: 12pt;\">Mahmya Insel Schnorcheln<\/span><\/td>\n<td style=\"text-align: center;\"><strong><span style=\"color: #3366ff;\">Frei<\/span><\/strong><\/td>\n<\/tr>\n<\/tbody>\n<\/table>\n<p><strong>Naturschutzgeb\u00fchr:<\/strong> 5 Euro pro Person an Bord, Alter +5.<\/p>\n<h2 style=\"text-align: left;\">Mahmya Schnorcheln Ausflug Zeitplan und Ablauf<\/h2>\n<h3 style=\"text-align: left;\">Transfer Vom Hotel<\/h3>\n<ul style=\"text-align: left;\">\n<li>Der Tagesausflug zur Mahmya\u00a0 Insel beginnt mit einer Abholung mit klimatisierten Fahrzeuge ( Mina-Bus oder BKW ) von Ihrem Hotel in Hurghada.<\/li>\n<li>Die Mahmya Insel Schorcheln Tour\u00a0 mit unserem Team von \u00c4gypten Touren\u00a0 bietet Ihnen auch einen stressfreien Hoteltransfer. Sie m\u00fcssen sich keine Gedanken \u00fcber die Anreise zum Pier machen, da Sie von Ihrem Hotel abgeholt und zur Abfahrtsstelle gebracht werden. Dies erm\u00f6glicht Ihnen einen reibungslosen Ablauf und maximale Entspannung.<\/li>\n<li>\u00a0Das Boot f\u00fcr die Fahrt zur Mahmya Insel wartet auf Sie bereits am Hafen und unsere freundliche Schiffscrew hei\u00dft Sie am Hafen willkommen.<\/li>\n<\/ul>\n<h3 style=\"text-align: left;\">Die Bootstour zur Mahmya Insel<\/h3>\n<p style=\"text-align: left;\">Die Bootfahrt zur Mahmya Insel dauert Ca. 45 Minuten. Genie\u00dfen sie ihre Bootfahrt und Unterwegs haben Sie auch M\u00f6glichkeit Delfine zu Sehen.<\/p>\n<p style=\"text-align: left;\">Unterwegs k\u00f6nnen Sie die malerische Landschaft und die Sch\u00f6nheit des roten Meers genie\u00dfen und sich in der warmen Sonne entspannen.<\/p>\n<h3 style=\"text-align: left;\">Ankunft auf Mahmya Hurghada: Erleben Sie einen wundersch\u00f6nen Tag<\/h3>\n<p style=\"text-align: left;\">Nach einer etwa 45-min\u00fctigen Bootsfahrt erreichen Sie die wundersch\u00f6ne Mahmya Island. Dort erhielten sie ihre Schnorchelausr\u00fcstung von dem Schnorchel-Zentrum und begaben sich auf ein aufregendes Schnorchelabenteuer.<\/p>\n<p style=\"text-align: left;\">W\u00e4hrend des Ganztagesausflugs haben Sie die M\u00f6glichkeit, die malerische Insel zu erkunden, am wei\u00dfen Sandstrand zu entspannen und im t\u00fcrkisfarbenen Wasser dirkt vom Strand zu schnorcheln. Die Insel bot eine atemberaubende Landschaft mit bunten Korallen und exotischen Fischen.<\/p>\n<h3 style=\"text-align: left;\">Schnorchel-Stopp vom Boot ( Optional )<\/h3>\n<p style=\"text-align: left;\">Nach Ca. einer und Halb Stunde Inselaufenthalt haben Sie zwei M\u00f6glichkeiten:<\/p>\n<ol style=\"text-align: left;\">\n<li>Sie k\u00f6nnen am Strand bleiben und ihre Insltreume ( Mahmya Insel ) genie\u00dfen.<\/li>\n<li>Sie K\u00f6nnnen Ca. 20 Minuten eine Bootfart Genie\u00dfen und Unterwasserwelt des Rotes Meer Mit Einem Schnorchelgang Ca. 45 Minuten vom Boot erkunden.<\/li>\n<\/ol>\n<p style=\"text-align: left;\">Aufjedenfall bietet Mahmya Schnorcheln Ausflug die M\u00f6glichkeit, das faszinierende Korallenriff am vorgelagerten Riff zu erkunden. Mit all seinen exotischen Fischen und bunten Korallen ist das Riff ein Schauspiel der Natur, das Schnorchler in seinen Bann zieht. Tauchen Sie ein in die farbenfrohe Unterwasserwelt und bestaunen Sie die vielf\u00e4ltige Flora und Fauna, die das Riff zu bieten hat.<\/p>\n<h3 style=\"text-align: left;\">Mittagessen im Restaurant mit tollen Meerblick auf Mahmya Insel<\/h3>\n<p style=\"text-align: left;\">Am Mittag und Ca. 13:00 Uhr wurde den G\u00e4sten ein leckeres Mittagessen serviert, um neue Energie zu tanken, bevor sie ihre Schnorchelabenteuer fortsetzten.<\/p>\n<h3 style=\"text-align: left;\">Bootfahrt zur\u00fcck zum Hafen und Transfer zum Hotel<\/h3>\n<p style=\"text-align: left;\">Nach einer entspannten Zeit auf der Insel und dem Schnorcheln genie\u00dfen Sie eine tolle Bootsfahrt zur Anlegestelle, von wo aus Sie zur\u00fcck zu Ihrem Hotel gebracht werden.<\/p>\n<p style=\"text-align: left;\">Nach einem entspannten Tag auf der Mahmya Insel erwartet Sie am Hafen\u00a0 ein klimatisiertes Fahrzeug, das Sie zur\u00fcck zu Ihrem Hotel bringt.<\/p>\n<h2 style=\"text-align: left;\">Anmerkungen:<\/h2>\n<ul style=\"text-align: left;\">\n<li aria-level=\"1\">Alle Extrakosten wie Trinkgelder sind nicht enthalten<\/li>\n<li aria-level=\"1\">Die Reihenfolge kann ggf. durch den Reiseleiter ge\u00e4ndert werden. Programm\u00e4nderungen sind aus technischen oder organisatorischen Gr\u00fcnden vorbehalten.<\/li>\n<\/ul>\n<h2 style=\"text-align: left;\">Mitnehmen f\u00fcr Mahmya Insel \u00c4gypten<\/h2>\n<p style=\"text-align: left;\">Um Ihren Mahmya Insel Ausflug\u00a0 von Hurghada vollst\u00e4ndig genie\u00dfen zu k\u00f6nnen, sollten Sie einige wichtige Dinge mitbringen:<\/p>\n<ul style=\"text-align: left;\">\n<li aria-level=\"1\">Sonnenbrille &amp;\u00a0Sonnenschutz:\u00a0Da Sie den Gro\u00dfteil des Ausflugs im Freien verbringen, ist es wichtig, Sonnenschutzmittel, eine Sonnenbrille und einen Hut mitzubringen, um sich vor der intensiven Sonneneinstrahlung zu sch\u00fctzen.<\/li>\n<li aria-level=\"1\">Badebekleidung &amp; Handt\u00fccher:\u00a0Vergewissern Sie sich, dass Sie Ihre Badebekleidung und Handt\u00fccher mitbringen, da Sie die M\u00f6glichkeit haben werden, am Strand der Orange Bay zu entspannen und im klaren Wasser zu schwimmen.<\/li>\n<li>Fotoapparat<\/li>\n<li aria-level=\"1\">Geld<\/li>\n<\/ul>\n<h2 style=\"text-align: left;\">Zahlungsmodalit\u00e4ten:<\/h2>\n<ul style=\"text-align: left;\">\n<li aria-level=\"1\">Vor Ort in Bargeld in Euro, US-Dollars, Schweizer Franken. Eine Zahlung per Kreditkarte ist derzeit leider noch nicht m\u00f6glich.<\/li>\n<li aria-level=\"1\">Die Bezahlung erfolgt bei der Abholung vor Ort.<\/li>\n<\/ul>\n<h2 style=\"text-align: left;\">Stornierungsbedingungen:<\/h2>\n<ul style=\"text-align: left;\">\n<li aria-level=\"1\">Eine kostenlose Stornierung ist bis 24 Stunden vor Reisebeginn m\u00f6glich. Danach erheben wir dann eine Stornierungsgeb\u00fchr in H\u00f6he von 30 % des Reisepreises.<\/li>\n<\/ul>\n<h2 style=\"text-align: left;\">Transferkosten:<\/h2>\n<ul style=\"text-align: left;\">\n<li aria-level=\"1\">Die Transferkosten sind (Abholung vom Hotel und R\u00fcckfahrt zum Hotel)\u00a0 im Preis enthalten.<\/li>\n<li aria-level=\"1\">F\u00fcr entferntere Hotels und Regionen f\u00e4llt ein kleiner Aufpreis in H\u00f6he von\u00a05,- bis 10,- \u20ac pro Person an.<\/li>\n<li aria-level=\"1\">Transfer Zulage ab die Hotels von Hurghada, Sahl Hasheesh, Makadi Bay, Soma Bay, Safaga und Safaga Hafen<\/li>\n<\/ul>\n<h2 style=\"text-align: left;\">Gerne bieten wir Ihnen weitere Angebote an:<\/h2>\n<ul style=\"text-align: left;\">\n<li><\/li>\n<\/ul>\n<h2 style=\"text-align: left;\">Folgen Sie uns auf facebook:<\/h2>\n<p style=\"text-align: left;\"><a href=\"https:\/\/www.facebook.com\/aegypten.touren.ausfluege.mit.peter\/\" target=\"_blank\" rel=\"noopener nofollow\"><img decoding=\"async\" data-src=\"https:\/\/aegyptentouren.de\/wp-content\/uploads\/2024\/01\/Peter-Tours-400x300.png\" alt=\"\u00c4gypten Touren &amp; Ausfl\u00fcge mit Peter Tours\" width=\"55\" height=\"41\" src=\"data:image\/svg+xml;base64,PHN2ZyB3aWR0aD0iMSIgaGVpZ2h0PSIxIiB4bWxucz0iaHR0cDovL3d3dy53My5vcmcvMjAwMC9zdmciPjwvc3ZnPg==\" class=\"lazyload\" style=\"--smush-placeholder-width: 55px; --smush-placeholder-aspect-ratio: 55\/41;\" \/><\/a><\/p>\n<p style=\"text-align: left;\"><a href=\"https:\/\/www.pinterest.de\/aegyptentouren\/\" target=\"_blank\" rel=\"noopener nofollow\"><img decoding=\"async\" data-src=\"https:\/\/aegyptentouren.de\/wp-content\/uploads\/2024\/01\/Peter-Tours-1-400x300.png\" alt=\"\u00c4gypten Touren &amp; Ausfl\u00fcge mit ( Peter Tours )\" width=\"56\" height=\"42\" src=\"data:image\/svg+xml;base64,PHN2ZyB3aWR0aD0iMSIgaGVpZ2h0PSIxIiB4bWxucz0iaHR0cDovL3d3dy53My5vcmcvMjAwMC9zdmciPjwvc3ZnPg==\" class=\"lazyload\" style=\"--smush-placeholder-width: 56px; --smush-placeholder-aspect-ratio: 56\/42;\" \/><\/a><\/p>\n<h2 style=\"text-align: left;\"><\/h2>\n","protected":false},"excerpt":{"rendered":"<p>Die Erkundung der atemberaubenden Mahmya Insel im glitzernden Roten Meer ist f\u00fcr jeden Besucher ein unvergessliches Erlebnis. Der wei\u00dfe Sandstrand l\u00e4dt zum Entspannen ein, w\u00e4hrend das t\u00fcrkisfarbene Wasser zum Schwimmen und Schnorcheln lockt. Die malerische Sch\u00f6nheit der Insel bietet einen perfekten Kontrast zur W\u00fcstenlandschaft \u00c4gyptens und der Sch\u00f6nheit des Roten Meeres. Mahmya Insel buchen und [&hellip;]<\/p>\n","protected":false},"featured_media":19817,"comment_status":"open","ping_status":"closed","template":"","meta":{"_monsterinsights_skip_tracking":false,"_monsterinsights_sitenote_active":false,"_monsterinsights_sitenote_note":"","_monsterinsights_sitenote_category":0},"product_brand":[],"product_cat":[199,266],"product_tag":[274,234,239,240,166],"class_list":{"0":"post-17472","1":"product","2":"type-product","3":"status-publish","4":"has-post-thumbnail","6":"product_cat-hurghada-ausfluege","7":"product_cat-uncategorized","8":"product_tag-aegypten-ausfluege-mit-kindern","9":"product_tag-giftun-insel","10":"product_tag-hurghada-boote-und-yachten","11":"product_tag-hurghada-bootsfahrten","12":"product_tag-rotes-meer","14":"first","15":"instock","16":"sale","17":"shipping-taxable","18":"purchasable","19":"product-type-ovabrw_car_rental","20":"add-to-wishlist-after_add_to_cart"},"_links":{"self":[{"href":"https:\/\/aegyptentouren.de\/en\/wp-json\/wp\/v2\/product\/17472","targetHints":{"allow":["GET"]}}],"collection":[{"href":"https:\/\/aegyptentouren.de\/en\/wp-json\/wp\/v2\/product"}],"about":[{"href":"https:\/\/aegyptentouren.de\/en\/wp-json\/wp\/v2\/types\/product"}],"replies":[{"embeddable":true,"href":"https:\/\/aegyptentouren.de\/en\/wp-json\/wp\/v2\/comments?post=17472"}],"version-history":[{"count":32,"href":"https:\/\/aegyptentouren.de\/en\/wp-json\/wp\/v2\/product\/17472\/revisions"}],"predecessor-version":[{"id":26400,"href":"https:\/\/aegyptentouren.de\/en\/wp-json\/wp\/v2\/product\/17472\/revisions\/26400"}],"wp:featuredmedia":[{"embeddable":true,"href":"https:\/\/aegyptentouren.de\/en\/wp-json\/wp\/v2\/media\/19817"}],"wp:attachment":[{"href":"https:\/\/aegyptentouren.de\/en\/wp-json\/wp\/v2\/media?parent=17472"}],"wp:term":[{"taxonomy":"product_brand","embeddable":true,"href":"https:\/\/aegyptentouren.de\/en\/wp-json\/wp\/v2\/product_brand?post=17472"},{"taxonomy":"product_cat","embeddable":true,"href":"https:\/\/aegyptentouren.de\/en\/wp-json\/wp\/v2\/product_cat?post=17472"},{"taxonomy":"product_tag","embeddable":true,"href":"https:\/\/aegyptentouren.de\/en\/wp-json\/wp\/v2\/product_tag?post=17472"}],"curies":[{"name":"wp","href":"https:\/\/api.w.org\/{rel}","templated":true}]}}