{"id":17451,"date":"2026-03-25T17:29:13","date_gmt":"2026-03-25T16:29:13","guid":{"rendered":"https:\/\/aegyptentouren.de\/?post_type=product&#038;p=17451"},"modified":"2026-04-09T08:36:40","modified_gmt":"2026-04-09T06:36:40","slug":"delfin-tour-hurghada-mit-speedboot-privat-schnorcheln-ausflug","status":"publish","type":"product","link":"https:\/\/aegyptentouren.de\/en\/hurghada-ausfluege\/delfin-tour-hurghada-mit-speedboot-privat-schnorcheln-ausflug\/","title":{"rendered":"Speedboot Hurghada: Private Delfin Tour &#038; Schnorchel Ausflug"},"content":{"rendered":"<p data-start=\"266\" data-end=\"898\">Erleben Sie eine unvergessliche <strong>Delfin Tour in Hurghada mit einem privaten Speedboot<\/strong> und <strong>schwimmen Sie mit Delfinen<\/strong> im Roten Meer. Dieser exklusive <strong>Schnorchelausflug<\/strong> ab Hurghada ist perfekt f\u00fcr alle, die <strong>Delfine in Hurghada<\/strong> ohne Massentourismus erleben m\u00f6chten.<\/p>\n<p data-start=\"266\" data-end=\"898\">Mit unserem <strong>privaten Speedboot<\/strong> erreichen Sie das<strong> Dolphin House in Hurghada<\/strong> schnell und flexibel und haben mehr Zeit f\u00fcr <strong>Delfinschwimmen und Schnorcheln<\/strong> im Roten Meer.<\/p>\n<p data-start=\"266\" data-end=\"898\">Genie\u00dfen Sie einen besonderen Hurghada Ausflug mit pers\u00f6nlichem Service und individueller Planung. Buchen Sie jetzt Ihre private Delfin Tour Hurghada mit Speedboot bei Peter Tours und erleben Sie ein einmaliges Abenteuer im Roten Meer.<\/p>\n<ul>\n<li data-start=\"655\" data-end=\"689\"><strong>Online buchen \u2013 vor Ort bezahlen<\/strong><\/li>\n<li data-start=\"692\" data-end=\"727\"><strong>Abholung direkt in der Hotellobby<\/strong><\/li>\n<li data-start=\"730\" data-end=\"786\"><strong>Deutschsprachiger Guide f\u00fcr detaillierte Erl\u00e4uterungen<\/strong><\/li>\n<li data-start=\"789\" data-end=\"819\"><strong>Kundendienst 24\/7 erreichbar<\/strong><\/li>\n<li data-start=\"822\" data-end=\"865\"><strong data-start=\"822\" data-end=\"863\">Private Tour \u2013 ohne andere Teilnehmer<\/strong><\/li>\n<li data-start=\"868\" data-end=\"925\"><strong>Alle Transfers inklusive\u00a0<\/strong><\/li>\n<\/ul>\n<h2>Privater Delfin Ausflug Hurghada mit Speedboot &amp; Schnorcheln Tour:<\/h2>\n<ul>\n<li>Der private Delfin Tour in Hurghada mit Speedboot und Schnorcheln Ausflug ist ein aufregendes Erlebnis, das Ihnen die M\u00f6glichkeit bietet, die faszinierende Unterwasserwelt \u00c4gyptens zu entdecken und mit den atemberaubenden Delfinen in Kontakt zu treten.<\/li>\n<li>Bei diesem privaten Delfin Tour in Hurghada mit Speedboot haben Sie die einmalige Gelegenheit, Delfine in ihrer nat\u00fcrlichen Umgebung zu sehen und mit den Delfinen im Roten Meer zu schwimmen.<\/li>\n<li>Der Ausflug beginnt mit einer aufregenden Fahrt mit dem Speedboot entlang der K\u00fcste, bei der Sie die atemberaubenden Landschaften Hurghadas genie\u00dfen k\u00f6nnen.<\/li>\n<li>Sobald wir die richtige Stelle erreichen, k\u00f6nnen Sie sicher und bequem die Unterwasserwelt erkunden .<\/li>\n<li>Unsere erfahrenen Guides begleiten Sie w\u00e4hrend des gesamten Ausflugs und stehen Ihnen jederzeit zur Verf\u00fcgung.<\/li>\n<\/ul>\n<h2>Delfin Ausflug mit dem Speedboot Hurghada: Ausflugsprogramm<\/h2>\n<p>Unsere private Delfin Tour Hurghada mit Speedboot bietet Ihnen ein umfassendes Paket, um Ihr Erlebnis unvergesslich zu machen. Der Delfinausflug folgt einem festgelegten Zeitplan und einer Reiseroute. Die genaue Route kann je nach Wetterbedingungen und anderen Faktoren variieren. Hier ist ein allgemeiner Zeitplan f\u00fcr den Ausflug:<\/p>\n<h3>Transfer von Ihrem Hotel in Hurghada :<\/h3>\n<ul>\n<li>Sie werden morgens von Ihrem Hotel in Hurghada abgeholt und zum Startpunkt der Tour gebracht.<\/li>\n<li>\u00a0Der Delfinausflug mit Peter Tours beinhaltet den Hin- und R\u00fccktransfer von Ihrem Hotel in Hurghada zum Startpunkt der Tour und zur\u00fcck. Sie m\u00fcssen sich also keine Sorgen um die Anreise machen.<\/li>\n<li>Alle Transfers\u00a0 sind mit klimatisierten Fahrzeuge ( BKW oder Mini-Bus ) und privat.<\/li>\n<\/ul>\n<h3>Speedboot Fahrt zum Dolphin House entlang die K\u00fcste von Hurghada und El gouna<\/h3>\n<p>Sie werden mit einem Speedboot entlang der K\u00fcste von Hurghada und El Gouna fahren und die atemberaubende Aussicht auf Hurghada genie\u00dfen. Die Fahrt ist eine aufregende M\u00f6glichkeit, die Sch\u00f6nheit der K\u00fcstenlandschaft zu entdecken.W\u00e4hrend der Fahrt k\u00f6nnen Sie die beeindruckenden Landschaften und das klare blaue Wasser genie\u00dfen.<\/p>\n<h3>Schwimmen mit den Delfinen<\/h3>\n<p>Erleben Sie eine magische Begegnung mit den Delfinen<\/p>\n<ul>\n<li>Bei dem privaten Delfin Tour Hurghada mit Speedboot &amp; Schnorcheln Ausflug haben Sie die einzigartige M\u00f6glichkeit, eine magische Begegnung mit den Delfinen zu erleben.<\/li>\n<li>Die Delfine sind neugierige und verspielte Wesen und es ist eine wahre Freude, ihre Anmut und Eleganz zu beobachten. Tauchen Sie ein in ihre Welt und lassen Sie sich von ihrer nat\u00fcrlichen Sch\u00f6nheit verzaubern. Das Schwimmen mit den Delfinen ist ein unvergessliches Erlebnis, das Ihnen noch lange in Erinnerung bleiben wird.<\/li>\n<li>Begleitet von unseren erfahrenen Guides fahren Sie mit dem Speedboot entlang der K\u00fcste von Hurghada zu einem speziellen Delfinhaus. Dort k\u00f6nnen Sie hautnah und im offenen Meer mit den faszinierenden Tieren schwimmen.<\/li>\n<li>W\u00e4hrend des Ausflugs wird Ihnen die erforderliche Schnorchelausr\u00fcstung zur Verf\u00fcgung gestellt. Sie bekommen von unserem erfahrenen Guide eine Maske, einen Schnorchel und Flossen, um die Unterwasserwelt sicher erkunden zu k\u00f6nnen.<\/li>\n<\/ul>\n<h3>Schnorcheln Stopp : Ca. eine Stunde<\/h3>\n<ul>\n<li>Schnorcheln Sie mit Hurghada Speedboot ganz privat ohne Stress oder Massen tourismus<\/li>\n<li>W\u00e4hrend des Ausflugs wird Ihnen die erforderliche Schnorchelausr\u00fcstung zur Verf\u00fcgung gestellt. Sie bekommen von unserem Guide eine Maske, einen Schnorchel, Flossen und Schwimmwest, um die Unterwasserwelt sicher erkunden zu k\u00f6nnen.<\/li>\n<li>Der\u00a0 Schnorcheln Ausflug mit Speedboot bietet Ihnen die M\u00f6glichkeit, an einigen der sch\u00f6nsten Riffen in der Umgebung zu schnorcheln. Mit dem Speedboot werden Sie entlang der K\u00fcste von Hurghada fahren und zu den besten Schnorchelpl\u00e4tzen des Roten Meeres gebracht.<\/li>\n<li>Dort k\u00f6nnen Sie die faszinierende Unterwasserwelt \u00c4gyptens erkunden und die bunten Korallenriffe sowie die vielf\u00e4ltige Meeresfauna bestaunen.<\/li>\n<li>Unsere Guides werden Ihnen helfen, sich in der Unterwasserwelt zurechtzufinden und geben Ihnen Tipps, wie Sie das Schnorcheln am besten genie\u00dfen k\u00f6nnen.<\/li>\n<\/ul>\n<h3>R\u00fcckkehr zum Hotel in Hurghada :<\/h3>\n<p>Nach dem Ausflug werden Sie zur\u00fcck zu Ihrem Hotel in Hurghada gebracht, wo Sie Ihre Erinnerungen an dieses unvergessliche Erlebnis festhalten k\u00f6nnen.<\/p>\n<h3>Professionelle Fotografie-Dienstleistungen : ( Optional )<\/h3>\n<ul>\n<li>Um sicherzustellen, dass Sie die besten Erinnerungen an Ihren Ausflug mit nach Hause nehmen, bieten wir Ihnen professionelle Fotografie-Dienstleistungen an Bord des Speedboots. Unsere erfahrenen Fotografen kennen die besten Perspektiven und stellen sicher, dass Sie perfekt in Szene gesetzt werden. Sie k\u00f6nnen sich ganz auf das Erlebnis konzentrieren, w\u00e4hrend wir die magischen Momente f\u00fcr Sie einfangen.<\/li>\n<li>Nach Ihrem Ausflug haben Sie die M\u00f6glichkeit, Ihre Fotos in digitaler Form zu erwerben. So k\u00f6nnen Sie diese ganz einfach mit Ihren Freunden und Ihrer Familie teilen und sich immer wieder an die wundervollen Erlebnisse erinnern.<\/li>\n<li>Nehmen Sie an unserer privaten Delfin-Tour in Hurghada mit Speedboot und Schnorchelausflug teil und lassen Sie sich von unseren professionellen Fotografen dabei helfen, unvergessliche Erinnerungen festzuhalten.<\/li>\n<\/ul>\n<h2>Mitnehmen: Private Speedboot Hurghada<\/h2>\n<p>Um Ihren privaten Delfin Ausflug mit dem Speedboot von Hurghada vollst\u00e4ndig genie\u00dfen zu k\u00f6nnen, sollten Sie einige wichtige Dinge mitbringen:<\/p>\n<ul>\n<li aria-level=\"1\">Sonnenbrille &amp;\u00a0Sonnenschutz:\u00a0Da Sie den Gro\u00dfteil des Ausflugs im Freien verbringen, ist es wichtig, Sonnenschutzmittel, eine Sonnenbrille und einen Hut mitzubringen, um sich vor der intensiven Sonneneinstrahlung zu sch\u00fctzen.<\/li>\n<li aria-level=\"1\">Badebekleidung &amp; Handt\u00fccher:\u00a0Vergewissern Sie sich, dass Sie Ihre Badebekleidung und Handt\u00fccher mitbringen, da Sie die M\u00f6glichkeit haben werden, am Strand der Orange Bay zu entspannen und im klaren Wasser zu schwimmen.<\/li>\n<li>Fotoapparat<\/li>\n<li aria-level=\"1\">Geld<\/li>\n<\/ul>\n<h2>Delfin Tour Hurghada mit Speedboot Privat &#8211; Preise:<\/h2>\n<table style=\"border-collapse: collapse;\">\n<tbody>\n<tr>\n<td style=\"text-align: center;\"><strong><span style=\"color: #3366ff;\">Die Teilnehmer<\/span><\/strong><\/td>\n<td style=\"text-align: center;\"><strong><span style=\"color: #3366ff;\">Tour<\/span><\/strong><\/td>\n<td style=\"text-align: center;\"><strong><span style=\"color: #3366ff;\">Preis pro Person<\/span><\/strong><\/td>\n<\/tr>\n<tr>\n<td style=\"text-align: center;\"><strong><span style=\"color: #3366ff;\">2<\/span><\/strong><\/td>\n<td style=\"text-align: center;\">Speedboot Hurghada: Delfin Tour<\/td>\n<td style=\"text-align: center;\"><span style=\"color: #ff0000;\"><del>100<\/del><\/span> <span style=\"color: #3366ff;\"><strong>85 <\/strong><\/span>\u20ac<\/td>\n<\/tr>\n<tr>\n<td style=\"text-align: center;\"><strong><span style=\"color: #3366ff;\">3<\/span><\/strong><\/td>\n<td style=\"text-align: center;\">Speedboot Hurghada: Delfin Tour<\/td>\n<td style=\"text-align: center;\"><span style=\"color: #ff0000;\"><del>87<\/del><\/span> <span style=\"color: #3366ff;\"><strong>75 <\/strong><\/span>\u20ac<\/td>\n<\/tr>\n<tr>\n<td style=\"text-align: center;\"><strong><span style=\"color: #3366ff;\">4<\/span><\/strong><\/td>\n<td style=\"text-align: center;\">Speedboot Hurghada: Delfin Tour<\/td>\n<td style=\"text-align: center;\"><span style=\"color: #ff0000;\"><del>70<\/del><\/span> <span style=\"color: #3366ff;\"><strong>60 <\/strong><\/span>\u20ac<\/td>\n<\/tr>\n<tr>\n<td style=\"text-align: center;\"><strong><span style=\"color: #3366ff;\">5<\/span><\/strong><\/td>\n<td style=\"text-align: center;\">Speedboot Hurghada: Delfin Tour<\/td>\n<td style=\"text-align: center;\"><span style=\"color: #ff0000;\"><del>55<\/del><\/span> <span style=\"color: #3366ff;\"><strong>48 <\/strong><\/span>\u20ac<\/td>\n<\/tr>\n<tr>\n<td style=\"text-align: center;\"><strong><span style=\"color: #3366ff;\">6<\/span><\/strong><\/td>\n<td style=\"text-align: center;\">Speedboot Hurghada: Delfin Ausflug<\/td>\n<td style=\"text-align: center;\"><span style=\"color: #ff0000;\"><del>50<\/del><\/span> <span style=\"color: #3366ff;\"><strong>43 <\/strong><\/span>\u20ac<\/td>\n<\/tr>\n<tr>\n<td style=\"text-align: center;\"><strong><span style=\"color: #3366ff;\">7<\/span><\/strong><\/td>\n<td style=\"text-align: center;\">Speedboot Hurghada: Delfin Ausflug<\/td>\n<td style=\"text-align: center;\"><span style=\"color: #ff0000;\"><del>44<\/del><\/span>\u00a0<span style=\"color: #3366ff;\"><strong>38 <\/strong><\/span>\u20ac<\/td>\n<\/tr>\n<tr>\n<td style=\"text-align: center;\"><strong><span style=\"color: #3366ff;\">8<\/span><\/strong><\/td>\n<td style=\"text-align: center;\">Speedboot Hurghada: Delfin Ausflug<\/td>\n<td style=\"text-align: center;\"><span style=\"color: #ff0000;\"><del>40<\/del><\/span>\u00a0<span style=\"color: #3366ff;\"><strong>33 <\/strong><\/span>\u20ac<\/td>\n<\/tr>\n<\/tbody>\n<\/table>\n<h3>Kinder Preise:<\/h3>\n<table style=\"border-collapse: collapse;\">\n<tbody>\n<tr>\n<td style=\"text-align: center;\"><span style=\"color: #3366ff;\"><strong>Alter des Teilnehmers<\/strong><\/span><\/td>\n<td style=\"text-align: center;\"><span style=\"color: #3366ff;\"><strong>Preis Pro Person<\/strong><\/span><\/td>\n<\/tr>\n<tr>\n<td>Kind:\u00a0 \u00a0 \u00a0 \u00a0 \u00a0\u00a0 <span style=\"color: #3366ff;\"><strong>5-11<\/strong><\/span><\/td>\n<td style=\"text-align: center;\">\u00a0<span style=\"color: #ff0000;\"><span style=\"text-decoration: line-through;\">30<\/span><\/span>\u00a0<span style=\"color: #3366ff;\"><strong>25<\/strong> <\/span>\u20ac<\/td>\n<\/tr>\n<tr>\n<td>Kleinkind:\u00a0 <strong><span style=\"color: #3366ff;\">0-5<\/span><\/strong><\/td>\n<td style=\"text-align: center;\"><strong><span style=\"color: #3366ff;\">Frei<\/span><\/strong><\/td>\n<\/tr>\n<\/tbody>\n<\/table>\n<h3>Anmerkungen:<\/h3>\n<ul>\n<li aria-level=\"1\">Alle Extrakosten wie Trinkgelder sind nicht enthalten<\/li>\n<li aria-level=\"1\">Die Reihenfolge kann ggf. durch den Reiseleiter ge\u00e4ndert werden. Programm\u00e4nderungen sind aus technischen oder organisatorischen Gr\u00fcnden vorbehalten.<\/li>\n<\/ul>\n<h3><b>Zahlungsmodalit\u00e4ten:<\/b><\/h3>\n<p><span style=\"font-weight: 400;\">Die Zahlung in Bargeld (Euro, US-Dollar, Schweizer Franken oder \u00e4gyptisches Pfund). Kartenzahlung ist derzeit nicht m\u00f6glich.<\/span><\/p>\n<h3><b>Transferkosten:<\/b><\/h3>\n<p><span style=\"font-weight: 400;\">Die Transferkosten f\u00fcr Hin- und R\u00fcckfahrten von Hotels in Hurghada sind im Preis enthalten. F\u00fcr Transfers von Hotels in El Gouna, Sahl Hasheesh, Makadi Bay, Soma Bay und Safaga sowie vom Hafen in Safaga f\u00e4llt je nach Gruppengr\u00f6\u00dfe ein kleiner Aufpreis zwischen 2,- und 10,- \u20ac pro Person an.<\/span><\/p>\n<p>Buchen Sie noch heute Ihre private Delfin-Tour Hurghada mit Speedboot &amp; Schnorcheln Ausflug und erleben Sie die faszinierende Sch\u00f6nheit des Meeres und die verspielten Delfine. Ein unvergessliches Erlebnis wartet auf Sie!<\/p>\n<p><span style=\"font-size: 14pt;\"><strong>Gerne bieten wir Ihnen weitere Angebote an:<\/strong><\/span><\/p>\n<ul>\n<li class=\"ova-product-title\"><span style=\"color: #0000ff;\"><strong><a style=\"color: #0000ff;\" href=\"https:\/\/aegyptentouren.de\/hurghada-ausfluege\/privater-orange-bay-ausflug-mit-speedboot-von-hurghada\/\">Privater Orange Bay Ausflug mit Speedboot von Hurghada<\/a><\/strong><\/span><\/li>\n<\/ul>\n<p><span style=\"font-size: 14pt;\"><strong>Folgen Sie uns:<\/strong><\/span><\/p>\n<p><a href=\"https:\/\/www.facebook.com\/aegypten.touren.ausfluege.mit.peter\/\" target=\"_blank\" rel=\"noopener nofollow\"><img decoding=\"async\" data-src=\"https:\/\/aegyptentouren.de\/wp-content\/uploads\/2024\/01\/Peter-Tours-400x300.png\" alt=\"\u00c4gypten Touren &amp; Ausfl\u00fcge mit Peter Tours\" width=\"55\" height=\"41\" src=\"data:image\/svg+xml;base64,PHN2ZyB3aWR0aD0iMSIgaGVpZ2h0PSIxIiB4bWxucz0iaHR0cDovL3d3dy53My5vcmcvMjAwMC9zdmciPjwvc3ZnPg==\" class=\"lazyload\" style=\"--smush-placeholder-width: 55px; --smush-placeholder-aspect-ratio: 55\/41;\" \/><\/a><\/p>\n<p><a href=\"https:\/\/www.pinterest.de\/aegyptentouren\/\" target=\"_blank\" rel=\"noopener nofollow\"><img decoding=\"async\" data-src=\"https:\/\/aegyptentouren.de\/wp-content\/uploads\/2024\/01\/Peter-Tours-1-400x300.png\" alt=\"\u00c4gypten Touren &amp; Ausfl\u00fcge mit ( Peter Tours )\" width=\"56\" height=\"42\" src=\"data:image\/svg+xml;base64,PHN2ZyB3aWR0aD0iMSIgaGVpZ2h0PSIxIiB4bWxucz0iaHR0cDovL3d3dy53My5vcmcvMjAwMC9zdmciPjwvc3ZnPg==\" class=\"lazyload\" style=\"--smush-placeholder-width: 56px; --smush-placeholder-aspect-ratio: 56\/42;\" \/><\/a><\/p>\n","protected":false},"excerpt":{"rendered":"<p>Erleben Sie eine unvergessliche Delfin Tour in Hurghada mit einem privaten Speedboot und schwimmen Sie mit Delfinen im Roten Meer. Dieser exklusive Schnorchelausflug ab Hurghada ist perfekt f\u00fcr alle, die Delfine in Hurghada ohne Massentourismus erleben m\u00f6chten. Mit unserem privaten Speedboot erreichen Sie das Dolphin House in Hurghada schnell und flexibel und haben mehr Zeit [&hellip;]<\/p>\n","protected":false},"featured_media":19906,"comment_status":"open","ping_status":"closed","template":"","meta":{"_monsterinsights_skip_tracking":false,"_monsterinsights_sitenote_active":false,"_monsterinsights_sitenote_note":"","_monsterinsights_sitenote_category":0},"product_brand":[],"product_cat":[199,266],"product_tag":[274,234,239,240,166],"class_list":{"0":"post-17451","1":"product","2":"type-product","3":"status-publish","4":"has-post-thumbnail","6":"product_cat-hurghada-ausfluege","7":"product_cat-uncategorized","8":"product_tag-aegypten-ausfluege-mit-kindern","9":"product_tag-giftun-insel","10":"product_tag-hurghada-boote-und-yachten","11":"product_tag-hurghada-bootsfahrten","12":"product_tag-rotes-meer","14":"first","15":"instock","16":"sale","17":"featured","18":"shipping-taxable","19":"purchasable","20":"product-type-ovabrw_car_rental","21":"add-to-wishlist-after_add_to_cart"},"_links":{"self":[{"href":"https:\/\/aegyptentouren.de\/en\/wp-json\/wp\/v2\/product\/17451","targetHints":{"allow":["GET"]}}],"collection":[{"href":"https:\/\/aegyptentouren.de\/en\/wp-json\/wp\/v2\/product"}],"about":[{"href":"https:\/\/aegyptentouren.de\/en\/wp-json\/wp\/v2\/types\/product"}],"replies":[{"embeddable":true,"href":"https:\/\/aegyptentouren.de\/en\/wp-json\/wp\/v2\/comments?post=17451"}],"version-history":[{"count":43,"href":"https:\/\/aegyptentouren.de\/en\/wp-json\/wp\/v2\/product\/17451\/revisions"}],"predecessor-version":[{"id":26350,"href":"https:\/\/aegyptentouren.de\/en\/wp-json\/wp\/v2\/product\/17451\/revisions\/26350"}],"wp:featuredmedia":[{"embeddable":true,"href":"https:\/\/aegyptentouren.de\/en\/wp-json\/wp\/v2\/media\/19906"}],"wp:attachment":[{"href":"https:\/\/aegyptentouren.de\/en\/wp-json\/wp\/v2\/media?parent=17451"}],"wp:term":[{"taxonomy":"product_brand","embeddable":true,"href":"https:\/\/aegyptentouren.de\/en\/wp-json\/wp\/v2\/product_brand?post=17451"},{"taxonomy":"product_cat","embeddable":true,"href":"https:\/\/aegyptentouren.de\/en\/wp-json\/wp\/v2\/product_cat?post=17451"},{"taxonomy":"product_tag","embeddable":true,"href":"https:\/\/aegyptentouren.de\/en\/wp-json\/wp\/v2\/product_tag?post=17451"}],"curies":[{"name":"wp","href":"https:\/\/api.w.org\/{rel}","templated":true}]}}