{"id":17417,"date":"2024-02-28T15:10:08","date_gmt":"2024-02-28T15:10:08","guid":{"rendered":"https:\/\/aegyptentouren.de\/?post_type=product&#038;p=17417"},"modified":"2025-04-26T15:54:00","modified_gmt":"2025-04-26T13:54:00","slug":"elite-orange-bay-insel-ausflug-el-gouna-schnorcheln-tour-deutsch","status":"publish","type":"product","link":"https:\/\/aegyptentouren.de\/en\/el-gouna-ausfluege\/elite-orange-bay-insel-ausflug-el-gouna-schnorcheln-tour-deutsch\/","title":{"rendered":"Exklusiver Orange Bay Insel Ausflug | El Gouna Schnorcheln Tour in kleiner Gruppe"},"content":{"rendered":"<p>Erfahren Sie Orange Bay Insel Ausflug El Gouna &amp; Schnorcheln Tour in kleiner Gruppe Maximal 15 Personen auf dem Boat. Der Orange Bay Insel Ausflug ist ein Top-bewerteter Ausflug in El Gouna und bietet ein unvergessliches Erlebnis f\u00fcr Schnorchel- und Strandliebhaber. Die Orange Bay Insel ist ein kleines Juwel, das mit einem wei\u00dfen Sandstrand und klarem azurblauem Wasser lockt.<\/p>\n<p>Buchen Sie noch heute Ihren Orange Bay Ausflug El Gouna mit Peter Tours\u00a0und erleben Sie dieses einzigartige Abenteuer selbst!<\/p>\n<ul>\n<li aria-level=\"1\">Online Buchen Vor Ort Bezahlen<\/li>\n<li aria-level=\"1\">Bezahlung Erfolgt bei der Abholung vom Hotel<\/li>\n<li aria-level=\"1\">Abholung von der Lobby ihres Hotel<\/li>\n<li aria-level=\"1\">Kundendienst 24\/7 in der Woche erreichbar.<\/li>\n<\/ul>\n<h2>Exklusiver Orange Bay El Gouna in kleiner Gruppe Preise:<\/h2>\n<table style=\"border-collapse: collapse;\">\n<tbody>\n<tr>\n<td style=\"text-align: left;\"><span style=\"color: #3366ff;\">Alter des Teilnehmers<\/span><\/td>\n<td style=\"text-align: center;\"><span style=\"color: #3366ff;\">Preis Pro Person<\/span><\/td>\n<\/tr>\n<tr>\n<td style=\"text-align: left;\">Erwachsene:<strong><span style=\"color: #3366ff;\">+11<\/span><\/strong><\/td>\n<td style=\"text-align: center;\"><span style=\"color: #ff0000;\"><del>60<\/del><\/span> <strong><span style=\"color: #3366ff;\">45<\/span><\/strong>\u20ac<\/td>\n<\/tr>\n<tr>\n<td style=\"text-align: left;\">Kind:\u00a0 \u00a0 \u00a0 \u00a0 \u00a0 \u00a0 \u00a0 <span style=\"color: #3366ff;\"><strong>5-11<\/strong><\/span><\/td>\n<td style=\"text-align: center;\"><span style=\"color: #ff0000;\"><del>30<\/del> <strong><span style=\"color: #3366ff;\">25<\/span><\/strong><\/span>\u20ac<\/td>\n<\/tr>\n<tr>\n<td style=\"text-align: left;\">Kleinkind:\u00a0 \u00a0 \u00a0<strong><span style=\"color: #3366ff;\">0-5<\/span><\/strong><\/td>\n<td style=\"text-align: center;\"><strong><span style=\"color: #3366ff;\">Frei<\/span><\/strong><\/td>\n<\/tr>\n<\/tbody>\n<\/table>\n<p><strong>Naturschutzgeb\u00fchr<\/strong>: 5 Euro pro Person an Bord, Alter +5.<\/p>\n<h2>Orange Bay Schnorcheln-Tour und Inselaufenthalt ab El Gouna<\/h2>\n<p>Bei diesem Ausflug haben Sie die M\u00f6glichkeit, atemberaubende Korallenriffe und eine Vielzahl von bunten Meereslebewesen zu entdecken.<\/p>\n<p>Orange Bay Insel\u00a0 bietet auch M\u00f6glichkeiten zum Sonnenbaden und Entspannen, sodass Sie die Sch\u00f6nheit der Natur voll auskosten k\u00f6nnen.<\/p>\n<p>Hier finden Sie Ruhe und Erholung inmitten einer traumhaften Insellandschaft.<\/p>\n<h2>Orange Bay Insel Ausflug El Gouna &amp; Schnorcheln Tour Zeitplan und Ablauf<\/h2>\n<h3>Transfer Vom Hotel<\/h3>\n<ul>\n<li aria-level=\"1\">Der Tagesausflug zur Orange Bay Insel beginnt mit einer Abholung mit klimatisierten Fahrzeuge von Ihrem Hotel in El Gouna.<\/li>\n<li aria-level=\"1\">Der Orange Bay Insel Ausflug mit unserem Team von \u00c4gypten Touren\u00a0 bietet Ihnen auch einen stressfreien Hoteltransfer. Sie m\u00fcssen sich keine Gedanken \u00fcber die Anreise zum Pier machen, da Sie von Ihrem Hotel abgeholt und zur Abfahrtsstelle gebracht werden. Orange Bay Ausflug Ab El Gouna mit Peter Tours erm\u00f6glicht Ihnen einen reibungslosen Ablauf und maximale Entspannung.<\/li>\n<li aria-level=\"1\">\u00a0Das Boot f\u00fcr die Fahrt zur Orange Bay Insel wartet auf Sie bereits am Hafen und unsere freundliche Schiffscrew hei\u00dft Sie am Hafen willkommen.<\/li>\n<\/ul>\n<h3>Fr\u00fchst\u00fcck f\u00fcr ihre Energie bei Orange Bay Schnorchel Tour<\/h3>\n<p>Genie\u00dfen Sie das Fr\u00fchst\u00fcck in Ruhe an Bord, bevor Sie die Bootsfahrt zur Orange Bay Insel beginnen.<\/p>\n<h3>Die Bootsfahrt zur Orange Bay Insel<\/h3>\n<p>W\u00e4hrend der Fahrt k\u00f6nnen Sie bereits die wundersch\u00f6ne Landschaft des Roten Meeres genie\u00dfen und sich auf Ihren entspannten Tag auf der Insel freuen.<\/p>\n<h3>Orange Bay Inselaufenthalt: von 2 Bis 3 Stunden<\/h3>\n<p>Nach der Ankunft auf der Insel haben Sie Zeit zum Schwimmen oder einfach nur zum Entspannen am Strand. Diejenigen, die Lust auf eine Erkundungstour haben, k\u00f6nnen auch einen Spaziergang um die Insel machen und die bezaubernde Landschaft genie\u00dfen.<\/p>\n<p>Sie k\u00f6nnen sich einfach am unber\u00fchrten Sandstrand sonnen und die traumhafte Insellandschaft genie\u00dfen. Egal f\u00fcr welche Aktivit\u00e4t Sie sich entscheiden, der Orange Bay Insel Ausflug bietet Ihnen die ideale Gelegenheit, Ihren Tag in vollen Z\u00fcgen zu genie\u00dfen.<\/p>\n<h3>El Gouna Schnorcheln Tour : Erleben Sie die faszinierende Unterwasserwelt : 2 Schnorchel-Stopps<\/h3>\n<p>Genie\u00dfen Sie bei dem Orange Bay insel Ausflug El Gouna zwei Schnorchelg\u00e4nge und beeindruckende Korallen<\/p>\n<p>Beim Orange Bay Insel Ausflug in El Gouna erwartet Sie ein unvergessliches Schnorchel Erlebnis. Tauchen Sie ein in die faszinierende Unterwasserwelt des Roten Meeres und entdecken Sie atemberaubende Korallenriffe und eine Vielzahl von bunten Meereslebewesen.<\/p>\n<ul>\n<li aria-level=\"1\">F\u00fcr den Orange Bay Ausflug und Schnorchel-Tour bekommen Sie von unserem Team die richtige Ausr\u00fcstung.<\/li>\n<li aria-level=\"1\">Unsere Schnorcheln Tour Bietet ihnen alle die Schnorchel-Ausr\u00fcstungen (Die Flossen und Schnorchel-Mask und Die Schwimmweste im Preis Inbegriff an.<\/li>\n<li aria-level=\"1\">Aber es ist ratsam, Ihre eigenen Badebekleidung, Handt\u00fccher und Sonnenschutzmittel mitzubringen.<\/li>\n<li aria-level=\"1\">W\u00e4hrend dem Orange Bay Ausflug sind mehrere Schnorchelstopps geplant, an denen Sie die M\u00f6glichkeit haben, mit den faszinierenden Meeresbewohnern zu schwimmen.<\/li>\n<\/ul>\n<p>**Niemals alleine schnorcheln**:<\/p>\n<ul>\n<li aria-level=\"1\">Erfahrene Deutsch-Sprachige Guides begleiten Sie und sorgen f\u00fcr Ihre Sicherheit w\u00e4hrend des Schnorchelns. Sie werden erstaunt sein von der Vielfalt der farbenfrohen Korallenriffe und der bunten Fischpopulation, die das Rote Meer beherbergt.<\/li>\n<li aria-level=\"1\">Egal, ob Sie ein erfahrener Schnorchler oder Anf\u00e4nger sind, die Delfin Tour ab El Gouna ist f\u00fcr alle geeignet, die das Meeresleben hautnah erleben m\u00f6chten.<\/li>\n<li aria-level=\"1\">Packen Sie Ihre Badesachen ein und machen Sie sich bereit f\u00fcr einen aufregenden Tag voller Abenteuer und Entdeckungen!<\/li>\n<\/ul>\n<p>Tauchen Sie ein in eine farbenfrohe Welt voller Leben und bewundern Sie die Vielfalt der Meeresbewohner. Von bunten Fischen \u00fcber majest\u00e4tische Rochen bis Mur\u00e4nen &#8211; hier gibt es viel zu entdecken.<\/p>\n<h3>Mittagessen beim Orange Bay Insel Ausflug<\/h3>\n<p>W\u00e4hrend des Ausflugs und nach dem ersten Schnorchelgang Ca. 13:00 Uhr wird ein leckeres Mittagessen serviert, das aus regionalen K\u00f6stlichkeiten besteht.<\/p>\n<p>Genie\u00dfen Sie Ihr Essen in der entspannten Atmosph\u00e4re des Bootes und lassen Sie sich von den kulinarischen K\u00f6stlichkeiten verw\u00f6hnen.Tanken Sie neue Energie f\u00fcr weitere Schnorchel Abenteuer.<\/p>\n<h3>R\u00fcckfahrt zum Hafen und Transfer zum Hotel<\/h3>\n<p>Nach einer entspannten Zeit auf der Insel und dem Schnorcheln genie\u00dfen Sie eine tolle Bootsfahrt zur Anlegestelle, von wo aus Sie zur\u00fcck zu Ihrem Hotel gebracht werden.<\/p>\n<p>Nach einem aufregenden Tag auf der Insel bringen wir Sie sicher zur\u00fcck zu Ihrem Hotel, wo Sie die Erinnerungen an diesen unvergesslichen Ausflug Revue passieren lassen k\u00f6nnen.<\/p>\n<h2>Anmerkungen:<\/h2>\n<ul>\n<li aria-level=\"1\">Alle Extrakosten wie Trinkgelder sind nicht enthalten<\/li>\n<li aria-level=\"1\">Die Reihenfolge kann ggf. durch den Reiseleiter ge\u00e4ndert werden. Programm\u00e4nderungen sind aus technischen oder organisatorischen Gr\u00fcnden vorbehalten.<\/li>\n<\/ul>\n<h2>Mitnehmen:<\/h2>\n<p>Um Ihren Mahmya Insel Ausflug\u00a0 von Hurghada vollst\u00e4ndig genie\u00dfen zu k\u00f6nnen, sollten Sie einige wichtige Dinge mitbringen:<\/p>\n<ul>\n<li>Sonnenbrille &amp;\u00a0Sonnenschutz:\u00a0Da Sie den Gro\u00dfteil des Ausflugs im Freien verbringen, ist es wichtig, Sonnenschutzmittel, eine Sonnenbrille und einen Hut mitzubringen, um sich vor der intensiven Sonneneinstrahlung zu sch\u00fctzen.<\/li>\n<li>Badebekleidung &amp; Handt\u00fccher:\u00a0Vergewissern Sie sich, dass Sie Ihre Badebekleidung und Handt\u00fccher mitbringen, da Sie die M\u00f6glichkeit haben werden, am Strand der Orange Bay zu entspannen und im klaren Wasser zu schwimmen.<\/li>\n<li>Fotoapparat<\/li>\n<li>Geld<\/li>\n<\/ul>\n<h2>Zahlungsmodalit\u00e4ten:<\/h2>\n<ul>\n<li aria-level=\"1\">Vor Ort in Bargeld in Euro, US-Dollars, Schweizer Franken. Eine Zahlung per Kreditkarte ist derzeit leider noch nicht m\u00f6glich.<\/li>\n<li aria-level=\"1\">Die Bezahlung erfolgt bei der Abholung vor Ort.<\/li>\n<\/ul>\n<h2>Stornierungsbedingungen:<\/h2>\n<ul>\n<li aria-level=\"1\">Eine kostenlose Stornierung ist bis 24 Stunden vor Reisebeginn m\u00f6glich. Danach erheben wir dann eine Stornierungsgeb\u00fchr in H\u00f6he von 30 % des Reisepreises.<\/li>\n<\/ul>\n<h2>Transferkosten:<\/h2>\n<ul>\n<li aria-level=\"1\">Die Transferkosten sind (Abholung vom Hotel und R\u00fcckfahrt zum Hotel)\u00a0 im Preis enthalten.<\/li>\n<li aria-level=\"1\">F\u00fcr entferntere Hotels und Regionen f\u00e4llt ein kleiner Aufpreis in H\u00f6he von<\/li>\n<li aria-level=\"1\">5,- bis 10,- \u20ac pro Person an.<\/li>\n<li aria-level=\"1\">Transfer Zulage ab die Hotels von El Gouna, Sahl Hasheesh, Makadi Bay, Soma Bay, Safaga<\/li>\n<\/ul>\n<h2>Gerne bieten wir Ihnen weitere Angebote an:<\/h2>\n<ul>\n<li><a href=\"https:\/\/aegyptentouren.de\/el-gouna-ausfluege\/delfin-tour-el-gouna-mit-speedboot-privat-schnorcheln-ausflug\/\">Private Delfin Tour El Gouna mit Speedboot &amp; Schnorcheln Ausflug<\/a><\/li>\n<li><a href=\"https:\/\/aegyptentouren.de\/el-gouna-ausfluege\/delfinschwimmen-el-gouna-schnorcheln-ausflug-delfin-tour\/\">Exklusives Delfinschwimmen El Gouna | Schnorcheln Ausflug &amp; Delfin Tour<\/a><\/li>\n<li><a href=\"https:\/\/aegyptentouren.de\/el-gouna-ausfluege\/mahmya-insel-schnorcheln-ausflug-von-el-gouna\/\">Mahmya Insel Schnorcheln Ausflug von El Gouna<\/a><\/li>\n<li><a href=\"https:\/\/aegyptentouren.de\/hurghada-ausfluege\/delfin-tour-hurghada-mit-speedboot-privat-schnorcheln-ausflug\/\">Private Delfin Tour Hurghada mit Speedboot &amp; Schnorcheln Ausflug<\/a><\/li>\n<\/ul>\n<h2>Folgen Sie uns:<\/h2>\n<p><a href=\"https:\/\/www.facebook.com\/aegypten.touren.ausfluege.mit.peter\/\" target=\"_blank\" rel=\"noopener nofollow\"><img decoding=\"async\" data-src=\"https:\/\/aegyptentouren.de\/wp-content\/uploads\/2024\/01\/Peter-Tours-400x300.png\" alt=\"\u00c4gypten Touren &amp; Ausfl\u00fcge mit Peter Tours\" width=\"55\" height=\"41\" src=\"data:image\/svg+xml;base64,PHN2ZyB3aWR0aD0iMSIgaGVpZ2h0PSIxIiB4bWxucz0iaHR0cDovL3d3dy53My5vcmcvMjAwMC9zdmciPjwvc3ZnPg==\" class=\"lazyload\" style=\"--smush-placeholder-width: 55px; --smush-placeholder-aspect-ratio: 55\/41;\" \/><\/a><\/p>\n<p><a href=\"https:\/\/www.pinterest.de\/aegyptentouren\/\" target=\"_blank\" rel=\"noopener nofollow\"><img decoding=\"async\" data-src=\"https:\/\/aegyptentouren.de\/wp-content\/uploads\/2024\/01\/Peter-Tours-1-400x300.png\" alt=\"\u00c4gypten Touren &amp; Ausfl\u00fcge mit ( Peter Tours )\" width=\"56\" height=\"42\" src=\"data:image\/svg+xml;base64,PHN2ZyB3aWR0aD0iMSIgaGVpZ2h0PSIxIiB4bWxucz0iaHR0cDovL3d3dy53My5vcmcvMjAwMC9zdmciPjwvc3ZnPg==\" class=\"lazyload\" style=\"--smush-placeholder-width: 56px; --smush-placeholder-aspect-ratio: 56\/42;\" \/><\/a><\/p>\n<h2>Extra Informationen zur Erkenntnis:<\/h2>\n<h3>Sicherheitsausr\u00fcstung f\u00fcr das Schnorcheln:<\/h3>\n<ul>\n<li aria-level=\"1\">Beim Schnorcheln ist es wichtig, die richtige Sicherheitsausr\u00fcstung zu tragen, um Unf\u00e4lle zu vermeiden. Hier sind einige wichtige Ausr\u00fcstungsgegenst\u00e4nde:<\/li>\n<\/ul>\n<h3>Schnorchelmaske:<\/h3>\n<ul>\n<li aria-level=\"1\">Eine qualitativ hochwertige Schnorchelmaske mit guter Passform und klaren Sichtfenstern ist unerl\u00e4sslich.<\/li>\n<\/ul>\n<h3>Flossen:<\/h3>\n<ul>\n<li aria-level=\"1\">Flossen helfen dabei, sich im Wasser effizient fortzubewegen und die Beine zu entlasten<\/li>\n<\/ul>\n<h3>Eine Schwimmweste:<\/h3>\n<p>kann zus\u00e4tzliche Sicherheit bieten, insbesondere f\u00fcr Anf\u00e4nger oder Personen, die sich im Wasser unsicher f\u00fchlen.<\/p>\n<h3>Taucherboje f\u00fcr die Gruppen:<\/h3>\n<p>Eine Boje kann verwendet werden, um andere auf die Anwesenheit von Schnorchlern aufmerksam zu machen und als Orientierungspunkt im Wasser zu dienen.<\/p>\n<h3>Sicherheitsrichtlinien und Vorkehrungen<\/h3>\n<p>&#8211; **Niemals alleine schnorcheln**:<\/p>\n<p>Es ist immer ratsam, sich beim Schnorcheln in Gruppen oder zumindest mit einem Partner aufzuhalten.- **Vorsicht vor Str\u00f6mungen und Gezeiten**: Schnorchler sollten sich bewusst sein, wie sich die Str\u00f6mungen und Gezeiten verhalten und ihren Ausflug entsprechend planen.- **Aufmerksamkeit auf die Signale der Gruppe**: Wenn Sie in einer Gruppe schnorcheln, ist es wichtig, auf die Signale der anderen zu achten und sich an die Gruppenregeln zu halten.- **Vermeidung von \u00dcberanstrengung**: Schnorcheln kann anstrengend sein. Es ist wichtig, das eigene Energieniveau im Auge zu behalten und sich regelm\u00e4\u00dfig auszuruhen.<\/p>\n<p>Durch die Einhaltung dieser Sicherheitsausr\u00fcstung und Richtlinien k\u00f6nnen Schnorchler ihre Sicherheit maximieren und einen angenehmen Schnorchelausflug genie\u00dfen.<\/p>\n<h2>Regeln beim Schnorcheln<\/h2>\n<h3>Respektieren der Schnorchelbereiche<\/h3>\n<ul>\n<li aria-level=\"1\">Schnorchler sollten die ausgewiesenen Schnorchelbereiche respektieren und keine Riffe oder Korallen ber\u00fchren.- Es ist wichtig, sich bewusst zu sein, dass Schnorcheln in gesch\u00fctzten Meeresgebieten bestimmte Regeln und Vorschriften hat, die eingehalten werden sollten.- Das F\u00fcttern von Fischen oder das Entfernen von Meeresorganismen ist strengstens untersagt.<br \/>\nVerhaltensregeln gegen\u00fcber Tierarten<\/li>\n<li aria-level=\"1\">\u00a0Schnorchler sollten einen sicheren Abstand zu Meerestieren halten und diese nicht st\u00f6ren oder erschrecken.- Es ist wichtig, die Unterwasserumgebung zu sch\u00fctzen und keinen M\u00fcll oder Abfall ins Wasser zu werfen.- Schnorchler sollten keine souvenirs nehmen und die nat\u00fcrliche Sch\u00f6nheit der Meeresumgebung bewahren.<\/li>\n<li aria-level=\"1\">Durch die Einhaltung dieser Regeln und Verhaltensrichtlinien tragen Schnorchler zum Schutz der Meeresumwelt bei und helfen dabei, diese f\u00fcr zuk\u00fcnftige Generationen zu bewahren.<\/li>\n<\/ul>\n<h3>Naturschutz beim Schnorcheln : Schutz der Korallenriffe und Meereslebensr\u00e4ume:<\/h3>\n<ul>\n<li aria-level=\"1\">Schnorchler sollten die ausgewiesenen Schnorchelbereiche respektieren und keine Riffe oder Korallen ber\u00fchren.- Es ist wichtig, sich bewusst zu sein, dass Schnorcheln in gesch\u00fctzten Meeresgebieten bestimmte Regeln und Vorschriften hat, die eingehalten werden sollten.- Das F\u00fcttern von Fischen oder das Entfernen von Meeresorganismen ist strengstens untersagt.<br \/>\nVermeidung von Umweltverschmutzung beim Schnorcheln<\/li>\n<li aria-level=\"1\">Schnorchler sollten einen sicheren Abstand zu Meerestieren halten und diese nicht st\u00f6ren oder erschrecken.- Es ist wichtig, die Unterwasserumgebung zu sch\u00fctzen und keinen M\u00fcll oder Abfall ins Wasser zu werfen.- Schnorchler sollten keine Souvenirs nehmen und die nat\u00fcrliche Sch\u00f6nheit der Meeresumgebung bewahren.<\/li>\n<li aria-level=\"1\">Durch die Einhaltung dieser Regeln und Verhaltensrichtlinien tragen Schnorchler zum Schutz der Meeresumwelt bei und helfen dabei, diese f\u00fcr zuk\u00fcnftige Generationen zu bewahren.<\/li>\n<\/ul>\n<p>&nbsp;<\/p>\n","protected":false},"excerpt":{"rendered":"<p>Erfahren Sie Orange Bay Insel Ausflug El Gouna &amp; Schnorcheln Tour in kleiner Gruppe Maximal 15 Personen auf dem Boat. Der Orange Bay Insel Ausflug ist ein Top-bewerteter Ausflug in El Gouna und bietet ein unvergessliches Erlebnis f\u00fcr Schnorchel- und Strandliebhaber. Die Orange Bay Insel ist ein kleines Juwel, das mit einem wei\u00dfen Sandstrand und [&hellip;]<\/p>\n","protected":false},"featured_media":20315,"comment_status":"open","ping_status":"closed","template":"","meta":{"_monsterinsights_skip_tracking":false,"_monsterinsights_sitenote_active":false,"_monsterinsights_sitenote_note":"","_monsterinsights_sitenote_category":0},"product_brand":[],"product_cat":[200],"product_tag":[268,236,166],"class_list":{"0":"post-17417","1":"product","2":"type-product","3":"status-publish","4":"has-post-thumbnail","6":"product_cat-el-gouna-ausfluege","7":"product_tag-aegypten-ausfluege-fuer-die-familien-mit-kindern-en","8":"product_tag-el-gouna-schnorcheln","9":"product_tag-rotes-meer","11":"first","12":"instock","13":"sale","14":"shipping-taxable","15":"purchasable","16":"product-type-ovabrw_car_rental","17":"add-to-wishlist-after_add_to_cart"},"_links":{"self":[{"href":"https:\/\/aegyptentouren.de\/en\/wp-json\/wp\/v2\/product\/17417","targetHints":{"allow":["GET"]}}],"collection":[{"href":"https:\/\/aegyptentouren.de\/en\/wp-json\/wp\/v2\/product"}],"about":[{"href":"https:\/\/aegyptentouren.de\/en\/wp-json\/wp\/v2\/types\/product"}],"replies":[{"embeddable":true,"href":"https:\/\/aegyptentouren.de\/en\/wp-json\/wp\/v2\/comments?post=17417"}],"version-history":[{"count":7,"href":"https:\/\/aegyptentouren.de\/en\/wp-json\/wp\/v2\/product\/17417\/revisions"}],"predecessor-version":[{"id":22206,"href":"https:\/\/aegyptentouren.de\/en\/wp-json\/wp\/v2\/product\/17417\/revisions\/22206"}],"wp:featuredmedia":[{"embeddable":true,"href":"https:\/\/aegyptentouren.de\/en\/wp-json\/wp\/v2\/media\/20315"}],"wp:attachment":[{"href":"https:\/\/aegyptentouren.de\/en\/wp-json\/wp\/v2\/media?parent=17417"}],"wp:term":[{"taxonomy":"product_brand","embeddable":true,"href":"https:\/\/aegyptentouren.de\/en\/wp-json\/wp\/v2\/product_brand?post=17417"},{"taxonomy":"product_cat","embeddable":true,"href":"https:\/\/aegyptentouren.de\/en\/wp-json\/wp\/v2\/product_cat?post=17417"},{"taxonomy":"product_tag","embeddable":true,"href":"https:\/\/aegyptentouren.de\/en\/wp-json\/wp\/v2\/product_tag?post=17417"}],"curies":[{"name":"wp","href":"https:\/\/api.w.org\/{rel}","templated":true}]}}