{"id":17199,"date":"2025-03-25T16:00:40","date_gmt":"2025-03-25T15:00:40","guid":{"rendered":"https:\/\/aegyptentouren.de\/?post_type=product&#038;p=17199"},"modified":"2025-04-25T13:55:08","modified_gmt":"2025-04-25T11:55:08","slug":"orange-bay-insel-ausflug-hurghada-schnorcheln-tour","status":"publish","type":"product","link":"https:\/\/aegyptentouren.de\/en\/hurghada-ausfluege\/orange-bay-insel-ausflug-hurghada-schnorcheln-tour\/","title":{"rendered":"Orange Bay Insel-Ausflug &#038; Schnorcheltour ab Hurghada \u2013 In kleiner Gruppe"},"content":{"rendered":"<p>Erfahren Sie einen exklusiven <strong>Orange Bay Insel-Ausflug Hurghada &amp; Schnorcheln Tour<\/strong> in kleiner Gruppe, maximal <strong>15<\/strong> Personen auf dem Boat.<\/p>\n<p>Der <strong>Orange Bay Insel Ausflug<\/strong> ist ein top-bewerteter Ausflug in Hurghada und bietet ein unvergessliches Erlebnis f\u00fcr Schnorchel- und Strandliebhaber. Die <strong>Orange Bay Insel<\/strong> ist ein kleines Juwel, das mit einem wei\u00dfen Sandstrand und klarem, azurblauem Wasser lockt.<\/p>\n<p>Buchen Sie noch heute Ihren Orange Bay Ausflug mit Peter Tours\u00a0und erleben Sie dieses einzigartige Abenteuer selbst!<\/p>\n<ul>\n<li aria-level=\"1\">Online buchen und vor Ort bezahlen<\/li>\n<li aria-level=\"1\">Bezahlung erfolgt bei der Abholung vom Hotel.<\/li>\n<li aria-level=\"1\">Abholung von der Lobby Ihres Hotels.<\/li>\n<li aria-level=\"1\">Kundendienst 24\/7 in der Woche erreichbar.<\/li>\n<\/ul>\n<h2>Orange Bay Ausflug &amp; Schnorchel-Tour in Hurghada in Kleiner Gruppe<\/h2>\n<ul>\n<li>Bei diesem Ausflug haben Sie die M\u00f6glichkeit, atemberaubende Korallenriffe und eine Vielzahl von bunten Meereslebewesen in kleinen Gruppen beim Schnorcheln zu entdecken.<\/li>\n<li aria-level=\"1\">Unser Team ist immer freundlich und hilfsbereit und unsere erfahrenen Guides begleiten Sie und sorgen f\u00fcr Ihre Sicherheit w\u00e4hrend des Schnorchelns. Egal, ob Sie ein erfahrener Schnorchler oder Anf\u00e4ngersind, wird die Tour toll f\u00fcr Sie sein.<\/li>\n<li>Hier finden Sie Ruhe und Erholung mit wenigen G\u00e4sten an Bord inmitten einer traumhaften Insellandschaft.<\/li>\n<li>Orange Bay Insel bietet auch M\u00f6glichkeiten zum Sonnenbaden und Entspannen, sodass Sie die Sch\u00f6nheit der Natur voll auskosten k\u00f6nnen.<\/li>\n<\/ul>\n<h2>Orange Bay Insel-Ausflug Hurghada &amp; Schnorcheln: Ausflugsprogramm<\/h2>\n<h3>Transfer Vom Hotel<\/h3>\n<ul>\n<li>Der Tagesausflug zur Orange Bay Insel beginnt mit einer Abholung mit klimatisierten Fahrzeugen von Ihrem Hotel in Hurghada.<\/li>\n<li>Der Orange Bay Insel Ausflug mit unserem Team von Peter Tours bietet Ihnen auch einen stressfreien Hoteltransfer.<\/li>\n<\/ul>\n<h3>Fr\u00fchst\u00fcck beim Orange Bay Hurghada<\/h3>\n<p>Genie\u00dfen Sie das Fr\u00fchst\u00fcck in Ruhe an Bord, bevor Sie die Bootsfahrt zur Orange Bay Insel beginnen.<\/p>\n<h3>Die Bootsfahrt zur Orange Bay Insel<\/h3>\n<p>W\u00e4hrend der Fahrt k\u00f6nnen Sie bereits die wundersch\u00f6ne Landschaft des Roten Meeres genie\u00dfen und sich auf Ihren entspannten Tag auf der Insel freuen.<\/p>\n<h3>Orange Bay Inselaufenthalt: von 2 bis 3 Stunden<\/h3>\n<ul>\n<li>Nach der Ankunft auf der Insel haben Sie Zeit zum Schwimmen oder einfach nur zum Entspannen am Strand. Diejenigen, die Lust auf eine Erkundungstour haben, k\u00f6nnen auch einen Spaziergang um die Insel machen und die bezaubernde Landschaft genie\u00dfen.<\/li>\n<li>Sie k\u00f6nnen sich einfach am unber\u00fchrten Sandstrand sonnen und die traumhafte Insellandschaft genie\u00dfen. Egal f\u00fcr welche Aktivit\u00e4t Sie sich entscheiden, der Orange Bay Insel Ausflug bietet Ihnen die ideale Gelegenheit, Ihren Tag in vollen Z\u00fcgen zu genie\u00dfen.<\/li>\n<\/ul>\n<h3>Orange Bay Schnorcheln : 2 Schnorchel-Stopps<\/h3>\n<p>Genie\u00dfen Sie bei dem Orange Bay Schnorcheln in Hurghada zwei Schnorchelg\u00e4nge und beeindruckende Korallen.<\/p>\n<p>Beim Orange Bay Insel Ausflug Hurghada erwartet Sie ein unvergessliches Schnorchel-Erlebnis. Erkunden Sie die faszinierende Unterwasserwelt des Roten Meeres und entdecken Sie atemberaubende Korallenriffe und eine Vielzahl von bunten Meereslebewesen.<\/p>\n<ul>\n<li aria-level=\"1\">F\u00fcr die Orange Bay Schnorchel-Tour bekommen Sie von unserem Team die richtigen Ausr\u00fcstungen.<\/li>\n<li aria-level=\"1\">Unsere Schnorcheln Tour in Hurghada bietet Ihnen alle Schnorchelausr\u00fcstungen (die Flossen und Schnorchelmask) und die Schwimmweste im Preis inbegriffen an.<\/li>\n<li aria-level=\"1\">Aber vergessen Sie nicht, Ihre eigenen Badebekleidung, Handt\u00fccher und Sonnenschutzmittel mitbringen.<\/li>\n<\/ul>\n<p><span style=\"color: #ff0000;\">**Niemals alleine schnorcheln**:<\/span><\/p>\n<ul>\n<li aria-level=\"1\">Erfahrene Guides begleiten Sie und sorgen f\u00fcr Ihre Sicherheit w\u00e4hrend des Schnorchelns. Sie werden erstaunt sein von der Vielfalt der farbenfrohen Korallenriffe und der bunten Fischpopulation, die das Rote Meer beherbergt.<\/li>\n<li aria-level=\"1\">Egal, ob Sie ein erfahrener Schnorchler oder Anf\u00e4nger sind, die Orange Bay Schnorchel-Tour ist f\u00fcr alle geeignet, die das Meeresleben hautnah erleben m\u00f6chten.<\/li>\n<\/ul>\n<h3>Mittagessen beim Orange Bay Insel Ausflug<\/h3>\n<p>W\u00e4hrend des Ausflugs und nach dem ersten Schnorchelgang Ca. 13:00 Uhr wird ein leckeres Mittagessen serviert, das aus regionalen K\u00f6stlichkeiten besteht.<\/p>\n<p>Genie\u00dfen Sie Ihr Essen in der entspannten Atmosph\u00e4re des Bootes und lassen Sie sich von den kulinarischen K\u00f6stlichkeiten verw\u00f6hnen.Tanken Sie neue Energie f\u00fcr weitere Schnorchel Abenteuer.<\/p>\n<h3>R\u00fcckfahrt zum Hafen und Transfer zum Hotel<\/h3>\n<p>Nach einer entspannten Zeit auf der Insel und dem Schnorcheln genie\u00dfen Sie eine tolle Bootsfahrt zur Anlegestelle, von wo aus Sie zur\u00fcck zu Ihrem Hotel gebracht werden.<\/p>\n<p>Nach einem aufregenden Tag auf der Insel bringen wir Sie sicher zur\u00fcck zu Ihrem Hotel, wo Sie die Erinnerungen an diesen unvergesslichen Ausflug Revue passieren lassen k\u00f6nnen.<\/p>\n<h2>Orange Bay-Ausflug Hurghada in kleiner Gruppe &#8211; Preise:<\/h2>\n<table style=\"border-collapse: collapse;\">\n<tbody>\n<tr>\n<td style=\"text-align: left;\"><span style=\"color: #3366ff;\">Alter des Teilnehmers<\/span><\/td>\n<td style=\"text-align: center;\"><span style=\"color: #3366ff;\">Reisetyp<\/span><\/td>\n<td style=\"text-align: center;\"><span style=\"color: #3366ff;\">Preis Pro Person<\/span><\/td>\n<\/tr>\n<tr>\n<td style=\"text-align: left;\">Erwachsene\u00a0 \u00a0 \u00a0 \u00a0<strong><span style=\"color: #3366ff;\">+11<\/span><\/strong><\/td>\n<td style=\"text-align: center;\">Orange Bay-Ausflug Hurghada<\/td>\n<td style=\"text-align: center;\"><span style=\"color: #ff0000;\"><del>60<\/del><\/span>\u00a0<span style=\"color: #3366ff;\"><strong>45<\/strong><\/span>\u20ac<\/td>\n<\/tr>\n<tr>\n<td style=\"text-align: left;\">Kind:\u00a0 \u00a0 \u00a0 \u00a0 \u00a0 \u00a0 \u00a0 \u00a0 \u00a0 \u00a0<span style=\"color: #3366ff;\"><strong>5-11<\/strong><\/span><\/td>\n<td style=\"text-align: center;\">Orange Bay-Ausflug Hurghada<\/td>\n<td style=\"text-align: center;\"><span style=\"color: #ff0000;\"><del>30<\/del><\/span> <span style=\"color: #3366ff;\"><strong>25<\/strong><\/span>\u20ac<\/td>\n<\/tr>\n<tr>\n<td style=\"text-align: left;\">Kleinkind:\u00a0 \u00a0 \u00a0 \u00a0 \u00a0 <span style=\"color: #3366ff;\"><strong>0-5<\/strong><\/span><\/td>\n<td style=\"text-align: center;\">Orange Bay-Ausflug Hurghada<\/td>\n<td style=\"text-align: center;\"><strong><span style=\"color: #3366ff;\">Frei<\/span><\/strong><\/td>\n<\/tr>\n<\/tbody>\n<\/table>\n<p><strong>Anmerkungen<\/strong>: Naturschutzgeb\u00fchr kostet 5 Euro pro Person an Bord, Alter +5.<\/p>\n<h3>Anmerkungen:<\/h3>\n<ul>\n<li aria-level=\"1\">Alle Extrakosten wie Trinkgelder sind nicht enthalten<\/li>\n<li aria-level=\"1\">Die Reihenfolge kann ggf. durch den Reiseleiter ge\u00e4ndert werden. Programm\u00e4nderungen sind aus technischen oder organisatorischen Gr\u00fcnden vorbehalten.<\/li>\n<\/ul>\n<h3>Mitnehmen:<\/h3>\n<ul>\n<li aria-level=\"1\">Fotoapparat \/ Handy und Ladekabel<\/li>\n<li aria-level=\"1\">Sonnenbrille<\/li>\n<li aria-level=\"1\">Warme Kleidung im Winter<\/li>\n<li aria-level=\"1\">Leichte Kleidung im Sommer<\/li>\n<li aria-level=\"1\">Geld<\/li>\n<\/ul>\n<h3><b>Zahlungsmodalit\u00e4ten:<\/b><\/h3>\n<p><span style=\"font-weight: 400;\">Die Zahlung in Bargeld (Euro, US-Dollar, Schweizer Franken oder \u00e4gyptisches Pfund). Kartenzahlung ist derzeit nicht m\u00f6glich.<\/span><\/p>\n<h3><b>Transferkosten:<\/b><\/h3>\n<p><span style=\"font-weight: 400;\">Die Transferkosten f\u00fcr Hin- und R\u00fcckfahrten von Hotels in Hurghada sind im Preis enthalten. F\u00fcr Transfers von Hotels in El Gouna, Sahl Hasheesh, Makadi Bay, Soma Bay und Safaga sowie vom Hafen in Safaga f\u00e4llt je nach Gruppengr\u00f6\u00dfe ein kleiner Aufpreis zwischen 2,- und 10,- \u20ac pro Person an.<\/span><\/p>\n<p><strong><span style=\"font-size: 14pt;\">Gerne bieten wir Ihnen weitere Angebote an:<\/span><\/strong><\/p>\n<ul>\n<li><\/li>\n<\/ul>\n<p><span style=\"font-size: 14pt;\"><strong>Folgen Sie uns:<\/strong><\/span><\/p>\n<p><a href=\"https:\/\/www.facebook.com\/aegypten.touren.ausfluege.mit.peter\/\" target=\"_blank\" rel=\"noopener nofollow\"><img decoding=\"async\" data-src=\"https:\/\/aegyptentouren.de\/wp-content\/uploads\/2024\/01\/Peter-Tours-400x300.png\" alt=\"\u00c4gypten Touren &amp; Ausfl\u00fcge mit Peter Tours\" width=\"55\" height=\"41\" src=\"data:image\/svg+xml;base64,PHN2ZyB3aWR0aD0iMSIgaGVpZ2h0PSIxIiB4bWxucz0iaHR0cDovL3d3dy53My5vcmcvMjAwMC9zdmciPjwvc3ZnPg==\" class=\"lazyload\" style=\"--smush-placeholder-width: 55px; --smush-placeholder-aspect-ratio: 55\/41;\" \/><\/a><\/p>\n<p><a href=\"https:\/\/www.pinterest.de\/aegyptentouren\/\" target=\"_blank\" rel=\"noopener nofollow\"><img decoding=\"async\" data-src=\"https:\/\/aegyptentouren.de\/wp-content\/uploads\/2024\/01\/Peter-Tours-1-400x300.png\" alt=\"\u00c4gypten Touren &amp; Ausfl\u00fcge mit ( Peter Tours )\" width=\"56\" height=\"42\" src=\"data:image\/svg+xml;base64,PHN2ZyB3aWR0aD0iMSIgaGVpZ2h0PSIxIiB4bWxucz0iaHR0cDovL3d3dy53My5vcmcvMjAwMC9zdmciPjwvc3ZnPg==\" class=\"lazyload\" style=\"--smush-placeholder-width: 56px; --smush-placeholder-aspect-ratio: 56\/42;\" \/><\/a><\/p>\n","protected":false},"excerpt":{"rendered":"<p>Elite Orange Bay Insel Ausflug | Hurghada Schnorcheln Tour<br \/>\nBootsfahrt: Bootstour zur Orange bay Insel in Kleiner Gruppe Maximal 15 Personen<br \/>\nGenie\u00dfen Sie eine fantastischen Bootsfahrt auf dem Roten Meer.<br \/>\nFr\u00fchst\u00fcck, Mittagessen, Soft Getr\u00e4nke und Obst Am Board<br \/>\nInselaufenthalt von 2 Bis 3 Stunden: Erholen Sie sich am feinen Sandstrand der Orange bay Island.<br \/>\nBewundern Sie ein Karibik Feeling auf der Orange Bay Insel.<br \/>\n2 Schnorchel- G\u00e4nge : Jeder Schnorchel-Gang von 45 Min bis eine Stunde<br \/>\nEntdecken Sie die Unterwasserwelt des Roten Meeres.<br \/>\nErleben Sie ihr Schnorcheln ohne Massentourismus.<\/p>\n","protected":false},"featured_media":19865,"comment_status":"open","ping_status":"closed","template":"","meta":{"_monsterinsights_skip_tracking":false,"_monsterinsights_sitenote_active":false,"_monsterinsights_sitenote_note":"","_monsterinsights_sitenote_category":0},"product_brand":[],"product_cat":[199,266],"product_tag":[268,234,239,240,166],"class_list":{"0":"post-17199","1":"product","2":"type-product","3":"status-publish","4":"has-post-thumbnail","6":"product_cat-hurghada-ausfluege","7":"product_cat-uncategorized","8":"product_tag-aegypten-ausfluege-fuer-die-familien-mit-kindern-en","9":"product_tag-giftun-insel","10":"product_tag-hurghada-boote-und-yachten","11":"product_tag-hurghada-bootsfahrten","12":"product_tag-rotes-meer","14":"first","15":"instock","16":"sale","17":"shipping-taxable","18":"purchasable","19":"product-type-ovabrw_car_rental","20":"add-to-wishlist-after_add_to_cart"},"_links":{"self":[{"href":"https:\/\/aegyptentouren.de\/en\/wp-json\/wp\/v2\/product\/17199","targetHints":{"allow":["GET"]}}],"collection":[{"href":"https:\/\/aegyptentouren.de\/en\/wp-json\/wp\/v2\/product"}],"about":[{"href":"https:\/\/aegyptentouren.de\/en\/wp-json\/wp\/v2\/types\/product"}],"replies":[{"embeddable":true,"href":"https:\/\/aegyptentouren.de\/en\/wp-json\/wp\/v2\/comments?post=17199"}],"version-history":[{"count":17,"href":"https:\/\/aegyptentouren.de\/en\/wp-json\/wp\/v2\/product\/17199\/revisions"}],"predecessor-version":[{"id":22181,"href":"https:\/\/aegyptentouren.de\/en\/wp-json\/wp\/v2\/product\/17199\/revisions\/22181"}],"wp:featuredmedia":[{"embeddable":true,"href":"https:\/\/aegyptentouren.de\/en\/wp-json\/wp\/v2\/media\/19865"}],"wp:attachment":[{"href":"https:\/\/aegyptentouren.de\/en\/wp-json\/wp\/v2\/media?parent=17199"}],"wp:term":[{"taxonomy":"product_brand","embeddable":true,"href":"https:\/\/aegyptentouren.de\/en\/wp-json\/wp\/v2\/product_brand?post=17199"},{"taxonomy":"product_cat","embeddable":true,"href":"https:\/\/aegyptentouren.de\/en\/wp-json\/wp\/v2\/product_cat?post=17199"},{"taxonomy":"product_tag","embeddable":true,"href":"https:\/\/aegyptentouren.de\/en\/wp-json\/wp\/v2\/product_tag?post=17199"}],"curies":[{"name":"wp","href":"https:\/\/api.w.org\/{rel}","templated":true}]}}