{"id":17118,"date":"2025-01-07T10:36:53","date_gmt":"2025-01-07T09:36:53","guid":{"rendered":"https:\/\/aegyptentouren.de\/?post_type=product&#038;p=17118"},"modified":"2026-04-09T08:36:26","modified_gmt":"2026-04-09T06:36:26","slug":"delfinschwimmen-hurghada-schnorcheln-ausflug-delfin-tour-deutsch","status":"publish","type":"product","link":"https:\/\/aegyptentouren.de\/en\/hurghada-ausfluege\/delfinschwimmen-hurghada-schnorcheln-ausflug-delfin-tour-deutsch\/","title":{"rendered":"Delfinschwimmen Hurghada | Exklusive Delfin Tour &#038; Schnorcheln \/ Kleine Gruppe"},"content":{"rendered":"<p>Wenn Sie nach einem unvergesslichen Erlebnis ab Hurghada suchen, dann sollten Sie das Delfinschwimmen Hurghada und die\u00a0Schnorchel-Tour in Betracht ziehen.<\/p>\n<h2>Exklusive Delfin Tour &amp; Schnorchelausflug in Hurghada (kleine Gruppe)<\/h2>\n<p>Die Delfin Touren sind immer beliebte Ausfl\u00fcge in Hurghada f\u00fcr die Familien und die Kinder. Erfahren Sie mit ihrem Deutsch -Sprachigen Reiseanbieter Peter Tours exklusives Delfinschwimmen Hurghada &amp; genie\u00dfen Sie das Schwimmen mit den Delfinen und das Schnorcheln in kleiner Gruppe mit maximal 15 Personen auf dem Boot und kleine Gruppen beim Schnorcheln.<\/p>\n<ul>\n<li>Die Chancen, Delfine bei der Delfin Tour am Dolphin House Hurghada zu sehen und mit ihnen zu schwimmen, stehen sehr hoch: etwa 97 % im Sommer und 95 % im Winter.<\/li>\n<li>Es ist jedoch wichtig zu beachten, dass es sich um wilde Tiere handelt und ihre Anwesenheit nicht garantiert werden kann. Die Guides tun ihr Bestes, um die Delfine zu finden, aber es liegt letztendlich an den Tieren, ob sie sich den Besuchern n\u00e4hern m\u00f6chten.<\/li>\n<\/ul>\n<p>Professionelle Guides begleiten Sie w\u00e4hrend des gesamten Ausflugs und stellen sicher, dass Sie eine sichere und unvergessliche Erfahrung haben werden.<\/p>\n<p>Die Ausfl\u00fcge zum Schnorcheln mit den Delfinen in Hurghada bieten Ihnen die M\u00f6glichkeit, die faszinierende Unterwasserwelt des Roten Meeres zu erkunden und die Delfine zu beobachten.<\/p>\n<p>Buchen Sie noch heute Ihre Delfin-Tour &amp; Schnorchel-Ausflug mit Peter Tours und erleben Sie dieses einzigartige Abenteuer selbst!<\/p>\n<ul>\n<li aria-level=\"1\">Online Buchen Vor Ort Bezahlen<\/li>\n<li aria-level=\"1\">Bezahlung Erfolgt bei der Abholung vom Hotel<\/li>\n<li aria-level=\"1\">Abholung von der Lobby ihres Hotel<\/li>\n<li aria-level=\"1\">Kundendienst 24\/7 in der Woche erreichbar.<\/li>\n<\/ul>\n<h2>Programmablauf der Delfin Tour Hurghada<\/h2>\n<h3>Die Abholung von Ihrem Hotel und Transfer zum Hafen<\/h3>\n<ul>\n<li>Peter Tours bietet Ihnen einen Abholservice von Ihrem Hotel mit modernen und klimatisierten Fahrzeugen an.\u00a0 Unser Reiseleiter begleitet Sie von Ihrem Hotel zum Hafen. Mit diesem Transferservice k\u00f6nnen Sie Ihren Ausflug zur Delfin Tour Hurghada stressfrei genie\u00dfen.<\/li>\n<li>\u00a0Stellen Sie sicher, dass Sie bei der Buchung Ihre Hotelinformationen angeben, damit Sie die richtigen Informationen \u00fcber Ihre Abholzeit bekommen k\u00f6nnen.<\/li>\n<\/ul>\n<h3>Ankunft Auf dem Boot und Das Fr\u00fchst\u00fcck<\/h3>\n<ul>\n<li>Sobald Sie an Bord des Bootes sind, hei\u00dft Sie die freundliche Crew herzlich willkommen.<\/li>\n<li>Genie\u00dfen Sie ihres Fr\u00fchst\u00fcck in Ruhe an Bord, bevor Sie Ihr Abenteuer mit den Delfinen beginnen<\/li>\n<li>Der Ausflug beginnt normalerweise mit einer kurzen Einf\u00fchrung nach dem Fr\u00fchst\u00fcck in die Sicherheitsvorkehrungen und das Verhalten im Wasser.<\/li>\n<\/ul>\n<h3>Die Bootsfahrt zu dem Dolphin House gegen\u00fcber der K\u00fcste von Hurghada und El Gouna<\/h3>\n<ul>\n<li>Die Bootsfahrt startet gegen\u00fcber der k\u00fcste von Hurghada und f\u00fchrt entlang der atemberaubenden K\u00fcste n\u00f6rdlich in der Richtung von El Gouna normalerweise.<\/li>\n<li>Unterwegs k\u00f6nnen Sie die malerische Landschaft genie\u00dfen und sich in der warmen Sonne entspannen.<\/li>\n<li>Dann geht es weiter zur Delfin-Spotting-Stelle, wo Sie die M\u00f6glichkeit haben, die Delfine in ihrer nat\u00fcrlichen Umgebung zu beobachten. Sobald die Delfine gesichtet wurden, k\u00f6nnen Sie ins Wasser gehen und mit ihnen schwimmen.<\/li>\n<li>Die klaren Gew\u00e4sser bieten optimale Bedingungen zum Schnorcheln und schwimmen mit den Delfinen. Die warmen Temperaturen machen es das ganze Jahr \u00fcber zu einem idealen Reiseziel f\u00fcr Wassersportaktivit\u00e4ten.<\/li>\n<\/ul>\n<h3>Die Ausr\u00fcstung f\u00fcr den Delfinausflug Hurghada<\/h3>\n<ul>\n<li>F\u00fcr das Delfinschwimmen Hurghada und Schnorcheln Ausflug bekommen Sie von unserem Team die richtige Ausr\u00fcstung. (Die Flossen und Schnorchel-Mask und Die Schwimmweste im Preis Inbegriff an).<\/li>\n<li>Seien Sie sicher, dass Sie Ihre eigene Badebekleidung, Handt\u00fccher und Sonnenschutzmittel mitbringen.<\/li>\n<\/ul>\n<h3>Das Schwimmen mit den Delfinen<\/h3>\n<ul>\n<li>Unser Team besteht aus erfahrenen Guides, die Ihnen dabei helfen, diese sch\u00f6nen Tiere hautnah in ihrer nat\u00fcrlichen Umgebung zu erleben.<\/li>\n<li>Wir legen gro\u00dfen Wert auf den Schutz der Delfine und ihrer nat\u00fcrlichen Umgebung. Daher achten wir darauf, dass unsere Ausfl\u00fcge umweltfreundlich und nachhaltig sind.<\/li>\n<\/ul>\n<p>Wir ber\u00fchren die Delfine niemals. Auch wenn die Delfine mit uns spielen wollen<\/p>\n<ul>\n<li>Unsere erfahrenen F\u00fchrer und Kapit\u00e4ne sind Experten auf dem Gebiet des Delfinschwimmens und Schnorchelns. Sie kennen die besten Orte, um Delfine zu finden, und wissen, wie man sich ihnen respektvoll n\u00e4hert. Sie werden Ihnen auch wertvolle Informationen \u00fcber das Verhalten der Delfine geben und Ihnen helfen, die Unterwasserwelt besser zu verstehen.<\/li>\n<li>Wir legen gro\u00dfen Wert auf Sicherheit und sorgen daf\u00fcr, dass G\u00e4ste gut vorbereitet sind und \u00fcber die erforderlichen F\u00e4higkeiten verf\u00fcgen. Unsere Guides stehen Ihnen w\u00e4hrend des gesamten Ausflugs zur Verf\u00fcgung und beantworten gerne alle Ihre Fragen.<\/li>\n<li>Einige grundlegende Regeln sind beispielsweise, die Delfine nicht anzufassen oder zu jagen. Respektieren Sie ihren Lebensraum und halten Sie einen respektvollen Abstand ein.<\/li>\n<li>Durch das Befolgen dieser Regeln k\u00f6nnen Sie sicherstellen, dass die Tiere keinen Stress erfahren und dass die Delfin Tour f\u00fcr die G\u00e4ste eine angenehme Erfahrung wird.<\/li>\n<\/ul>\n<h3>Schnorcheln Ausflug: 2 Schnorchel-Stopps<\/h3>\n<ul>\n<li>W\u00e4hrend der Delfin Tour sind mehrere Schnorchelstopps geplant, an denen Sie die M\u00f6glichkeit haben, mit den faszinierenden Meeresbewohnern zu schwimmen und die Unterwasserwelt des Roten Meeres zu erkunden.<\/li>\n<li>Erfahrene Guides begleiten Sie und sorgen f\u00fcr Ihre Sicherheit w\u00e4hrend des Schnorchelns. Sie werden erstaunt sein von der Vielfalt der farbenfrohen Korallenriffe und der bunten Fischpopulation, die das Rote Meer beherbergt.<\/li>\n<li>Egal, ob Sie ein erfahrener Schnorchler oder Anf\u00e4nger sind, die Delfin Tour ab Hurghada ist f\u00fcr alle geeignet, die das Meeresleben hautnah erleben m\u00f6chten.<\/li>\n<\/ul>\n<h3>Mittagessen<\/h3>\n<ul>\n<li>Ca. 13:00 Uhr und nach dem ersten Schnorchel-Gang erwartet Sie ein Mittagsbuffet, das Ihnen neue Energie f\u00fcr den restlichen Ausflug gibt.<\/li>\n<\/ul>\n<h3>R\u00fcckfahrt zu ihrem Hotel<\/h3>\n<ul>\n<li>Am Hafen erwartet Sie ein klimatisiertes Fahrzeug, das Sie zur\u00fcck zu Ihrem Hotel bringt.<\/li>\n<\/ul>\n<h2>Die Chancen, Delfine am Dolphin House Hurghada zu Sehen<\/h2>\n<ul>\n<li>Das Rote Meer beherbergt eine gro\u00dfe Anzahl von Delfinen, darunter Spinner-Delfine s\u00fcdlich, Rundkopf-Delfine und Klein-T\u00fcmmler\u00a0 Delfine .<\/li>\n<li>Diese neugierigen und verspielten Tiere sind oft in der N\u00e4he des Delphin House anzutreffen und zeigen sich gerne den Besuchern.<\/li>\n<li>Die Chancen, Delfine am Dolphin House Hurghada zu sehen und mit ihnen zu schwimmen, stehen sehr hoch: etwa 97 % im Sommer und 95 % im Winter.<\/li>\n<li>Es ist jedoch wichtig zu beachten, dass es sich um wilde Tiere handelt und ihre Anwesenheit nicht garantiert werden kann. Die Guides tun ihr Bestes, um die Delfine zu finden, aber es liegt letztendlich an den Tieren, ob sie sich den Besuchern n\u00e4hern m\u00f6chten.<\/li>\n<li>Die Delfine sind bekannt f\u00fcr ihre spielerische Natur und werden oft in der N\u00e4he der Besucher schwimmen und springen.<\/li>\n<li>Es ist wichtig, respektvoll mit den Delfinen umzugehen und ihre nat\u00fcrliche Umgebung nicht zu st\u00f6ren. Die Guides geben Ihnen Anweisungen, wie Sie sich den Delfinen n\u00e4hern k\u00f6nnen, ohne sie zu bel\u00e4stigen.<\/li>\n<li>Das Dolphin House im Nord des Roten Meeres liegt vor der K\u00fcste von Hurghada und El Gouna und ist bekannt f\u00fcr seine reiche Unterwasserwelt und die M\u00f6glichkeit, mit wilden Delfinen zu schwimmen.<\/li>\n<li>Es handelt sich um ein gesch\u00fctztes Gebiet, in dem die Delfine in ihrer nat\u00fcrlichen Umgebung leben und sich frei bewegen k\u00f6nnen.<\/li>\n<\/ul>\n<h2>Delfinschwimmen Hurghada in kleiner Gruppe, max. 15 Personen &#8211; Preise:<\/h2>\n<table style=\"border-collapse: collapse;\">\n<tbody>\n<tr>\n<td style=\"text-align: left;\"><strong><span style=\"color: #3366ff;\">Alter des Teilnehmers<\/span><\/strong><\/td>\n<td style=\"text-align: center;\"><strong><span style=\"color: #3366ff;\">Preis Pro Person<\/span><\/strong><\/td>\n<\/tr>\n<tr>\n<td style=\"text-align: left;\">Erwachsene:<strong><span style=\"color: #3366ff;\">+11<\/span><\/strong><\/td>\n<td style=\"text-align: center;\"><span style=\"color: #ff0000;\"><del>70<\/del><\/span> <strong><span style=\"color: #3366ff;\">55<\/span><\/strong>\u20ac<\/td>\n<\/tr>\n<tr>\n<td style=\"text-align: left;\">Kind:\u00a0 \u00a0 \u00a0 \u00a0 \u00a0 \u00a0 \u00a0 <span style=\"color: #3366ff;\"><strong>5-11<\/strong><\/span><\/td>\n<td style=\"text-align: center;\"><span style=\"color: #ff0000;\"><del>35<\/del> <strong><span style=\"color: #3366ff;\">30<\/span><\/strong><\/span>\u20ac<\/td>\n<\/tr>\n<tr>\n<td style=\"text-align: left;\">Kleinkind:\u00a0 \u00a0 \u00a0<strong><span style=\"color: #3366ff;\">0-5<\/span><\/strong><\/td>\n<td style=\"text-align: center;\"><strong><span style=\"color: #3366ff;\">Frei<\/span><\/strong><\/td>\n<\/tr>\n<\/tbody>\n<\/table>\n<h3>Anmerkungen:<\/h3>\n<ul>\n<li><strong>Naturschutzgeb\u00fchr<\/strong>: 10 Euro pro Person an Bord, Alter +5.<\/li>\n<li><strong>Delfin-Tour mit 100 % Garantie, Delfine zu sehen!<\/strong><br \/>\nErleben Sie ein unvergessliches Abenteuer, bei dem wir Ihnen garantieren, Delfine zu sehen. Sollte das nicht der Fall sein, erhalten Sie entweder 50 % Ihres Geldes zur\u00fcck oder k\u00f6nnen eine weitere Delfin-Tour kostenlos genie\u00dfen (Sie zahlen nur 10 Euro Naturschutzgeb\u00fchr). Der Preis bleibt dabei unver\u00e4ndert \u2013 ohne Rabatte, aber mit einer einzigartigen Garantie f\u00fcr Ihr Erlebnis!<\/li>\n<\/ul>\n<p>Alle Extrakosten wie Trinkgelder sind nicht enthalten<\/p>\n<p>Die Reihenfolge kann ggf. durch den Reiseleiter ge\u00e4ndert werden. Programm\u00e4nderungen sind aus technischen oder organisatorischen Gr\u00fcnden vorbehalten.<\/p>\n<h3>Mitnehmen:<\/h3>\n<p>Um Ihren exklusiven Delfinschwimmen Hurghada &amp; Schnorcheln Ausflug vollst\u00e4ndig genie\u00dfen zu k\u00f6nnen, sollten Sie einige wichtige Dinge mitbringen:<\/p>\n<ul>\n<li>Sonnenbrille &amp;\u00a0Sonnenschutz:\u00a0Da Sie den Gro\u00dfteil des Ausflugs im Freien verbringen, ist es wichtig, Sonnenschutzmittel, eine Sonnenbrille und einen Hut mitzubringen, um sich vor der intensiven Sonneneinstrahlung zu sch\u00fctzen.<\/li>\n<li>Badebekleidung &amp; Handt\u00fccher: Vergewissern Sie sich, dass Sie Ihre Badebekleidung und Handt\u00fccher mitbringen, da Sie die M\u00f6glichkeit haben werden, am Bord zu entspannen und im klaren Wasser zu schwimmen.<\/li>\n<li>Fotoapparat<\/li>\n<li>Geld<\/li>\n<\/ul>\n<h3><b>Zahlungsmodalit\u00e4ten:<\/b><\/h3>\n<p><span style=\"font-weight: 400;\">Die Zahlung in Bargeld (Euro, US-Dollar, Schweizer Franken oder \u00e4gyptisches Pfund). Kartenzahlung ist derzeit nicht m\u00f6glich.<\/span><\/p>\n<h3><b>Transferkosten:<\/b><\/h3>\n<p><span style=\"font-weight: 400;\">Die Transferkosten f\u00fcr Hin- und R\u00fcckfahrten von Hotels in Hurghada sind im Preis enthalten. F\u00fcr Transfers von Hotels in El Gouna, Sahl Hasheesh, Makadi Bay, Soma Bay und Safaga sowie vom Hafen in Safaga f\u00e4llt je nach Gruppengr\u00f6\u00dfe ein kleiner Aufpreis zwischen 2,- und 10,- \u20ac pro Person an.<\/span><\/p>\n<p><strong><span style=\"font-size: 14pt;\">Gerne bieten wir Ihnen weitere Angebote an:<\/span><\/strong><\/p>\n<ul>\n<li><\/li>\n<\/ul>\n<p><span style=\"font-size: 14pt;\"><strong>Folgen Sie uns:<\/strong><\/span><\/p>\n<p><a href=\"https:\/\/www.facebook.com\/aegypten.touren.ausfluege.mit.peter\/\" target=\"_blank\" rel=\"noopener nofollow\"><img decoding=\"async\" data-src=\"https:\/\/aegyptentouren.de\/wp-content\/uploads\/2024\/01\/Peter-Tours-400x300.png\" alt=\"\u00c4gypten Touren &amp; Ausfl\u00fcge mit Peter Tours\" width=\"55\" height=\"41\" src=\"data:image\/svg+xml;base64,PHN2ZyB3aWR0aD0iMSIgaGVpZ2h0PSIxIiB4bWxucz0iaHR0cDovL3d3dy53My5vcmcvMjAwMC9zdmciPjwvc3ZnPg==\" class=\"lazyload\" style=\"--smush-placeholder-width: 55px; --smush-placeholder-aspect-ratio: 55\/41;\" \/><\/a><\/p>\n<p><a href=\"https:\/\/www.pinterest.de\/aegyptentouren\/\" target=\"_blank\" rel=\"noopener nofollow\"><img decoding=\"async\" data-src=\"https:\/\/aegyptentouren.de\/wp-content\/uploads\/2024\/01\/Peter-Tours-1-400x300.png\" alt=\"\u00c4gypten Touren &amp; Ausfl\u00fcge mit ( Peter Tours )\" width=\"56\" height=\"42\" src=\"data:image\/svg+xml;base64,PHN2ZyB3aWR0aD0iMSIgaGVpZ2h0PSIxIiB4bWxucz0iaHR0cDovL3d3dy53My5vcmcvMjAwMC9zdmciPjwvc3ZnPg==\" class=\"lazyload\" style=\"--smush-placeholder-width: 56px; --smush-placeholder-aspect-ratio: 56\/42;\" \/><\/a><\/p>\n","protected":false},"excerpt":{"rendered":"<p>Wenn Sie nach einem unvergesslichen Erlebnis ab Hurghada suchen, dann sollten Sie das Delfinschwimmen Hurghada und die\u00a0Schnorchel-Tour in Betracht ziehen. Exklusive Delfin Tour &amp; Schnorchelausflug in Hurghada (kleine Gruppe) Die Delfin Touren sind immer beliebte Ausfl\u00fcge in Hurghada f\u00fcr die Familien und die Kinder. Erfahren Sie mit ihrem Deutsch -Sprachigen Reiseanbieter Peter Tours exklusives Delfinschwimmen [&hellip;]<\/p>\n","protected":false},"featured_media":20786,"comment_status":"open","ping_status":"closed","template":"","meta":{"_monsterinsights_skip_tracking":false,"_monsterinsights_sitenote_active":false,"_monsterinsights_sitenote_note":"","_monsterinsights_sitenote_category":0},"product_brand":[],"product_cat":[199,15],"product_tag":[229,234,239,240,166],"class_list":{"0":"post-17118","1":"product","2":"type-product","3":"status-publish","4":"has-post-thumbnail","6":"product_cat-hurghada-ausfluege","7":"product_cat-aegypten-schnorcheln-ausfluege-und-touren","8":"product_tag-aegypten-ausfluege-fuer-die-familien-mit-kindern","9":"product_tag-giftun-insel","10":"product_tag-hurghada-boote-und-yachten","11":"product_tag-hurghada-bootsfahrten","12":"product_tag-rotes-meer","14":"first","15":"instock","16":"sale","17":"featured","18":"shipping-taxable","19":"purchasable","20":"product-type-ovabrw_car_rental","21":"add-to-wishlist-after_add_to_cart"},"_links":{"self":[{"href":"https:\/\/aegyptentouren.de\/en\/wp-json\/wp\/v2\/product\/17118","targetHints":{"allow":["GET"]}}],"collection":[{"href":"https:\/\/aegyptentouren.de\/en\/wp-json\/wp\/v2\/product"}],"about":[{"href":"https:\/\/aegyptentouren.de\/en\/wp-json\/wp\/v2\/types\/product"}],"replies":[{"embeddable":true,"href":"https:\/\/aegyptentouren.de\/en\/wp-json\/wp\/v2\/comments?post=17118"}],"version-history":[{"count":29,"href":"https:\/\/aegyptentouren.de\/en\/wp-json\/wp\/v2\/product\/17118\/revisions"}],"predecessor-version":[{"id":26374,"href":"https:\/\/aegyptentouren.de\/en\/wp-json\/wp\/v2\/product\/17118\/revisions\/26374"}],"wp:featuredmedia":[{"embeddable":true,"href":"https:\/\/aegyptentouren.de\/en\/wp-json\/wp\/v2\/media\/20786"}],"wp:attachment":[{"href":"https:\/\/aegyptentouren.de\/en\/wp-json\/wp\/v2\/media?parent=17118"}],"wp:term":[{"taxonomy":"product_brand","embeddable":true,"href":"https:\/\/aegyptentouren.de\/en\/wp-json\/wp\/v2\/product_brand?post=17118"},{"taxonomy":"product_cat","embeddable":true,"href":"https:\/\/aegyptentouren.de\/en\/wp-json\/wp\/v2\/product_cat?post=17118"},{"taxonomy":"product_tag","embeddable":true,"href":"https:\/\/aegyptentouren.de\/en\/wp-json\/wp\/v2\/product_tag?post=17118"}],"curies":[{"name":"wp","href":"https:\/\/api.w.org\/{rel}","templated":true}]}}